{"id":60058,"date":"2026-01-13T19:54:39","date_gmt":"2026-01-13T18:54:39","guid":{"rendered":"https:\/\/swixed.ch\/?post_type=product&#038;p=60058"},"modified":"2026-01-15T22:06:25","modified_gmt":"2026-01-15T21:06:25","slug":"sed20009","status":"publish","type":"product","link":"https:\/\/swixed.ch\/de\/produkt\/sed20009\/","title":{"rendered":"Edan M3A Vitalzeichenmonitor"},"content":{"rendered":"\t\t<div data-elementor-type=\"product-post\" data-elementor-id=\"60058\" class=\"elementor elementor-60058 elementor-60057\" data-elementor-post-type=\"product\">\n\t\t\t\t<div class=\"elementor-element elementor-element-1a05a7b e-con-full e-flex e-con e-parent\" data-id=\"1a05a7b\" data-element_type=\"container\" data-e-type=\"container\">\n\t\t<div class=\"elementor-element elementor-element-b8f9f68 e-con-full e-flex e-con e-child\" data-id=\"b8f9f68\" data-element_type=\"container\" data-e-type=\"container\">\n\t\t<div class=\"elementor-element elementor-element-9b7bbb6 e-con-full e-flex e-con e-child\" data-id=\"9b7bbb6\" data-element_type=\"container\" data-e-type=\"container\" data-settings=\"{&quot;background_background&quot;:&quot;classic&quot;}\">\n\t\t\t\t<div class=\"elementor-element elementor-element-87c9458 elementor-widget elementor-widget-heading\" data-id=\"87c9458\" data-element_type=\"widget\" data-e-type=\"widget\" data-widget_type=\"heading.default\">\n\t\t\t\t\t<h3 class=\"elementor-heading-title elementor-size-default\">Verf\u00fcgbare Alternativen f\u00fcr diesen Vitalzeichenmonitor<\/h3>\t\t\t\t<\/div>\n\t\t<div class=\"elementor-element elementor-element-37350db e-con-full e-flex e-con e-child\" data-id=\"37350db\" data-element_type=\"container\" data-e-type=\"container\">\n\t\t\t\t<div class=\"elementor-element elementor-element-7185e0f elementor-widget elementor-widget-eael-woo-product-list\" data-id=\"7185e0f\" data-element_type=\"widget\" data-e-type=\"widget\" data-widget_type=\"eael-woo-product-list.default\">\n\t\t\t\t\t\n        <div class=\"eael-product-list-wrapper preset-1\">\n            <div class=\"eael-product-list-body woocommerce\">\n                <div class=\"eael-product-list-container\">\n                    <div class=\"eael-post-appender\">\n                        <div class=\"product post-34322 type-product status-publish has-post-thumbnail product_brand-edan-de product_cat-geraete-patientenmonitore product_cat-patientenmonitore product_tag-farbbildschirm product_tag-nibp-de product_tag-ohrthermometrie product_tag-oszillometrisch product_tag-patientengedachtnis product_tag-pr product_tag-pulsoximetrie product_tag-spo2-de product_tag-temp product_tag-tragbarer-monitor product_shipping_class-kostenloser-versand first instock sale taxable shipping-taxable purchasable product-type-variable has-default-attributes\">\n    <div class=\"eael-product-list-item image-alignment-left\">\n                                        <div class=\"eael-product-list-badge-wrap badge-preset-2 badge-alignment-left is-on-sale \">\n                        <p>Promo<\/p>\n                    <\/div>\n                                    \n        <div class=\"eael-product-list-image-wrap\">\n                        \n                                            \n            <a href=\"https:\/\/swixed.ch\/de\/produkt\/sed20001\/\" class=\"woocommerce-LoopProduct-link woocommerce-loop-product__link\" >\n            \n                <img fetchpriority=\"high\" decoding=\"async\" width=\"600\" height=\"600\" src=\"https:\/\/swixed.ch\/wp-content\/uploads\/products\/edan-im3-03.png\" class=\"attachment-full size-full\" alt=\"Edan IM3 Vitalzeichenmonitor\" loading=\"eager\" \/>            \n                               \n            <\/a>\n            \n                        <ul class=\"eael-product-list-buttons-on-hover\">\n                                <li class=\"eael-product-list-add-to-cart-button eael-m-0\">\n                    <a href=\"https:\/\/swixed.ch\/de\/produkt\/sed20001\/\" aria-describedby=\"woocommerce_loop_add_to_cart_link_describedby_34322\" data-quantity=\"1\" class=\"button product_type_variable add_to_cart_button\" data-product_id=\"34322\" data-product_sku=\"SED20001\" aria-label=\"W\u00e4hle Optionen f\u00fcr \u201eEdan IM3 Vitalzeichenmonitor\u201c\" rel=\"nofollow\">Ausf\u00fchrung w\u00e4hlen<\/a>\t<span id=\"woocommerce_loop_add_to_cart_link_describedby_34322\" class=\"screen-reader-text\">\n\t\tDieses Produkt weist mehrere Varianten auf. Die Optionen k\u00f6nnen auf der Produktseite gew\u00e4hlt werden\t<\/span>\n                <\/li>\n                \n                \n                                <li class=\"eael-product-list-link-button eael-m-0\">\n                    <a href=\"https:\/\/swixed.ch\/de\/produkt\/sed20001\/\"><i class=\"fas fa-link\"><\/i><\/a>\n                <\/li>\n                            <\/ul>\n                    <\/div>\n\n        <div class=\"eael-product-list-content-wrap\">\n            \n            <div class=\"eael-product-list-content-header \" >\n                                \n                <div class=\"eael-product-list-notice eael-product-list-notice-shiping-free\">\n                     \n                    <p>\n                        <i class=\"fas fa-box\"><\/i>\n                        Multiparameter-Monitore                    <\/p>\n                                    <\/div>\n            <\/div>\n            <div class=\"eael-product-list-content-body\">\n                            <h2 class=\"eael-product-list-title\">\n                                <a href=\"https:\/\/swixed.ch\/de\/produkt\/sed20001\/\" class=\"woocommerce-LoopProduct-link woocommerce-loop-product__link\" target=\"_blank\">\n                    Edan IM3 Vitalzeichenmonitor                <\/a>\n                            <\/h2>\n        \n                                <div class=\"eael-product-list-excerpt\">\n                    Der Edan IM3 Vitalparameter-Monitor mit 8-Zoll-Touchscreen ist leicht (2,5 kg), ergonomisch und vielseitig einsetzbar. Er misst SpO2, Blutdruck, Herzfrequenz und...                <\/div>\n                \n                                <h3 class=\"eael-product-list-price\">\n                    Ab <ins><span class=\"woocommerce-Price-amount amount\"><span class=\"woocommerce-Price-currencySymbol\">&#067;&#072;&#070;<\/span>&nbsp;1,999.00<\/span><\/ins> <del><span class=\"woocommerce-Price-amount amount\"><span class=\"woocommerce-Price-currencySymbol\">&#067;&#072;&#070;<\/span>&nbsp;2,282.00<\/span><\/del> Inkl. MwSt.                <\/h3>\n                            <\/div>\n            <div class=\"eael-product-list-content-footer\">\n                \n                                <div class=\"eael-product-list-buttons\">\n                                        <p class=\"eael-product-list-add-to-cart-button eael-m-0\"><a href=\"https:\/\/swixed.ch\/de\/produkt\/sed20001\/\" aria-describedby=\"woocommerce_loop_add_to_cart_link_describedby_34322\" data-quantity=\"1\" class=\"button product_type_variable add_to_cart_button\" data-product_id=\"34322\" data-product_sku=\"SED20001\" aria-label=\"W\u00e4hle Optionen f\u00fcr \u201eEdan IM3 Vitalzeichenmonitor\u201c\" rel=\"nofollow\">Ausf\u00fchrung w\u00e4hlen<\/a>\t<span id=\"woocommerce_loop_add_to_cart_link_describedby_34322\" class=\"screen-reader-text\">\n\t\tDieses Produkt weist mehrere Varianten auf. Die Optionen k\u00f6nnen auf der Produktseite gew\u00e4hlt werden\t<\/span>\n<\/p>\n                    \n                                    <\/div>\n                            <\/div>\n        <\/div>\n    <\/div>\n<\/div>                    <\/div>\n\n                    \n                <\/div>\n            <\/div>\n        <\/div>\n\n\t\t\t\t\t\t<\/div>\n\t\t\t\t<\/div>\n\t\t\t\t<\/div>\n\t\t\t\t<div class=\"elementor-element elementor-element-50de237 elementor-widget elementor-widget-heading\" data-id=\"50de237\" data-element_type=\"widget\" data-e-type=\"widget\" data-widget_type=\"heading.default\">\n\t\t\t\t\t<h2 class=\"elementor-heading-title elementor-size-default\">Allgemeine Darstellung<\/h2>\t\t\t\t<\/div>\n\t\t\t\t<div class=\"elementor-element elementor-element-d2a3860 elementor-widget elementor-widget-text-editor\" data-id=\"d2a3860\" data-element_type=\"widget\" data-e-type=\"widget\" data-widget_type=\"text-editor.default\">\n\t\t\t\t\t\t\t\t\t<p>Der Edan M3A Vitalparameter-Monitor erf\u00fcllt die Anforderungen der klinischen Standard\u00fcberwachung mit einem kompakten und funktionellen Design. Erstens misst er nicht-invasiv den Blutdruck, die Sauerstoffs\u00e4ttigung SpO2 und die Pulsfrequenz mit einer anerkannten oszillometrischen Methode. Zweitens zeigt das 3,5-Zoll-LCD-Display die Messwerte auch bei l\u00e4ngerem Gebrauch deutlich an.  <\/p><p>Optional ist auch die Messung der Ohrentemperatur m\u00f6glich.<\/p><p>Dar\u00fcber hinaus verf\u00fcgt das Ger\u00e4t \u00fcber ein dreistufiges Alarmsystem, das visuelle und akustische Signale kombiniert. So bleiben die Informationen gut lesbar und werden entsprechend den eingestellten Schwellenwerten priorisiert. Der wiederaufladbare Akku bietet eine Laufzeit von bis zu 21 Stunden, was den mobilen oder kontinuierlichen Gebrauch erleichtert.  <\/p><p>Hauptmerkmale :<\/p><ul><li>Messung von SpO2, Blutdruck und Pulsfrequenz<\/li><li>3,5-Zoll-Farb-LCD-Bildschirm<\/li><li>Einstellbare visuelle und akustische Alarme<\/li><li>Automatischer oder manueller Betrieb<\/li><li>Interner Speicher f\u00fcr die Datenaufzeichnung<\/li><\/ul>\t\t\t\t\t\t\t\t<\/div>\n\t\t\t\t<div class=\"elementor-element elementor-element-3d6b9f1 elementor-widget elementor-widget-heading\" data-id=\"3d6b9f1\" data-element_type=\"widget\" data-e-type=\"widget\" data-widget_type=\"heading.default\">\n\t\t\t\t\t<h2 class=\"elementor-heading-title elementor-size-default\">Betrieb und technisches Design<\/h2>\t\t\t\t<\/div>\n\t\t\t\t<div class=\"elementor-element elementor-element-67f5706 elementor-widget elementor-widget-text-editor\" data-id=\"67f5706\" data-element_type=\"widget\" data-e-type=\"widget\" data-widget_type=\"text-editor.default\">\n\t\t\t\t\t\t\t\t\t<p>Der Edan M3A bietet Funktionen, die f\u00fcr professionelle medizinische Umgebungen geeignet sind. Erstens erm\u00f6glicht er eine regelm\u00e4\u00dfige \u00dcberwachung mit automatisierten oder manuell ausgel\u00f6sten Messzyklen. Zweitens decken die Messbereiche die Verwendung bei Erwachsenen, Kindern und Neugeborenen ab, was den Anwendungsbereich erweitert.  <\/p><p>Der interne Speicher bewahrt die wichtigsten Daten auf, was die sp\u00e4tere Abfrage oder Nachverfolgung von Messungen erleichtert. Die LAN-Konnektivit\u00e4t erm\u00f6glicht die Integration in bestehende Netzwerkinfrastrukturen. Das Ger\u00e4t kann sowohl mit Netzstrom als auch mit Batterien betrieben werden, was seine Flexibilit\u00e4t erh\u00f6ht.  <\/p>\t\t\t\t\t\t\t\t<\/div>\n\t\t\t\t<div class=\"elementor-element elementor-element-bb24034 elementor-widget elementor-widget-heading\" data-id=\"bb24034\" data-element_type=\"widget\" data-e-type=\"widget\" data-widget_type=\"heading.default\">\n\t\t\t\t\t<h2 class=\"elementor-heading-title elementor-size-default\">Nutzung, Einhaltung und Empfehlungen<\/h2>\t\t\t\t<\/div>\n\t\t\t\t<div class=\"elementor-element elementor-element-8c86bc5 elementor-widget elementor-widget-text-editor\" data-id=\"8c86bc5\" data-element_type=\"widget\" data-e-type=\"widget\" data-widget_type=\"text-editor.default\">\n\t\t\t\t\t\t\t\t\t<p>Der Edan M3A Vital Signs Monitor ist in der Schweiz als Medizinprodukt f\u00fcr die klinische \u00dcberwachung zugelassen. Als solches unterliegt seine Verwendung den Anforderungen des Bundesamtes f\u00fcr Gesundheit und der Swissmedic. Diese Beh\u00f6rden sind f\u00fcr das Inverkehrbringen, die Konformit\u00e4t und die \u00dcberwachung von Medizinprodukten zust\u00e4ndig.  <\/p><p>Daher erf\u00fcllt das Ger\u00e4t die Anforderungen der schweizerischen Gesetzgebung und der Verordnung \u00fcber Medizinprodukte (Medical Device Order, MedDO) in Verbindung mit den geltenden europ\u00e4ischen Normen. Dar\u00fcber hinaus entsprechen die technischen Informationen den Sicherheits- und Leistungsanforderungen f\u00fcr diese Art von Ger\u00e4ten, die in einem professionellen Umfeld eingesetzt werden. <\/p><p>\t\t<div data-elementor-type=\"widget\" data-elementor-id=\"59088\" class=\"elementor elementor-59088 elementor-59083 elementor-59083\" data-elementor-post-type=\"elementor_library\">\n\t\t\t\t\t\t<div class=\"elementor-element elementor-element-59083 elementor-widget elementor-widget-text-editor\" data-id=\"59083\" data-element_type=\"widget\" data-e-type=\"widget\" data-widget_type=\"text-editor.default\">\n\t\t\t\t\t\t\t\t\t<p>Weitere Informationen finden Sie unter :<\/p><ul><li><a href=\"https:\/\/www.swissmedic.ch\" target=\"_blank\" rel=\"noopener\">Swissmedic<\/a><\/li><li><a href=\"https:\/\/www.bag.admin.ch\" target=\"_blank\" rel=\"noopener\">Bundesamt f\u00fcr Gesundheit (BAG)<\/a><\/li><li><a href=\"https:\/\/www.switec.info\" target=\"_blank\" rel=\"noopener\">Schweizerisches Informationszentrum f\u00fcr technische Regeln (Switec)<\/a><\/li><li><a href=\"https:\/\/www.fedlex.admin.ch\/eli\/cc\/2020\/552\/\" target=\"_blank\" rel=\"noopener\">Verordnung \u00fcber Medizinprodukte (MDDV oder MedDO)<\/a><\/li><\/ul><p><br>Unsere Medizinprodukte haben einen autorisierten Vertreter in der Schweiz (CH-REP), gem\u00e4\u00df der geltenden schweizerischen Gesetzgebung f\u00fcr Medizinprodukte.<\/p>\t\t\t\t\t\t\t\t<\/div>\n\t\t\t\t<\/div>\n\t\t<br>Klicken Sie hier, um die <a href=\"https:\/\/swixed.ch\/de\/produkt\/sed94006\/\">regelm\u00e4\u00dfige Wartung<\/a> zu buchen.<\/p>\t\t\t\t\t\t\t\t<\/div>\n\t\t\t\t<div class=\"elementor-element elementor-element-32ecea3 elementor-widget elementor-widget-heading\" data-id=\"32ecea3\" data-element_type=\"widget\" data-e-type=\"widget\" data-widget_type=\"heading.default\">\n\t\t\t\t\t<h2 class=\"elementor-heading-title elementor-size-default\">Inhalt<\/h2>\t\t\t\t<\/div>\n\t\t\t\t<div class=\"elementor-element elementor-element-43f2850 elementor-widget elementor-widget-text-editor\" data-id=\"43f2850\" data-element_type=\"widget\" data-e-type=\"widget\" data-widget_type=\"text-editor.default\">\n\t\t\t\t\t\t\t\t\t<p>Der Edan M3A Vitalzeichenmonitor wird gebrauchsfertig mit dem f\u00fcr den Standardgebrauch erforderlichen Zubeh\u00f6r geliefert. So ist die Installation von Anfang an einfach und schnell. <\/p><p>Standardinhalt :<\/p><ul><li>Edan M3A Vitalparameter-Monitor<\/li><li>SpO2-Sensor f\u00fcr Erwachsene<\/li><li>Manschette f\u00fcr Erwachsene 25-35 cm<\/li><li>Wiederaufladbare Batterie<\/li><li>Ohrthermometer (je nach gew\u00e4hlter Version)<\/li><li>Sondenabdeckungen (abh\u00e4ngig von der gew\u00e4hlten Version)<\/li><\/ul><p>Um eine klinische Einrichtung zu vervollst\u00e4ndigen, kann dieser Monitor auch mit anderen vor Ort verf\u00fcgbaren Ger\u00e4ten kombiniert werden, um eine konforme und dauerhafte \u00dcberwachung zu gew\u00e4hrleisten.<\/p>\t\t\t\t\t\t\t\t<\/div>\n\t\t\t\t<\/div>\n\t\t\t\t<\/div>\n\t\t\t\t<\/div>\n\t\t","protected":false},"excerpt":{"rendered":"<p>Der Edan M3A ist ein Vitalparameter-Monitor, der f\u00fcr den Einsatz in professionellen und institutionellen Umgebungen entwickelt wurde. Er verf\u00fcgt \u00fcber kompatible Messmodule, einen Farbbildschirm und eine strukturierte Navigationsschnittstelle. Das Ger\u00e4t bietet verschiedene konfigurierbare Betriebsmodi und basiert auf technischen Messmethoden, die den Spezifikationen des Herstellers entsprechen. Das Ger\u00e4t ist CE- und CH-REP-zertifiziert und f\u00fcr den Gebrauch durch qualifiziertes Personal bestimmt.   <\/p>\n","protected":false},"featured_media":60060,"template":"","meta":{"_acf_changed":false},"product_brand":[2085],"product_cat":[970,1409],"product_tag":[3716,7660,1412,7644,7645,7641,7640,7655,1181,3721],"class_list":{"0":"post-60058","1":"product","2":"type-product","3":"status-publish","4":"has-post-thumbnail","6":"product_brand-edan-de","7":"product_cat-patientenmonitore","8":"product_cat-geraete-patientenmonitore","9":"product_tag-farbbildschirm","10":"product_tag-netzstromversorgung","11":"product_tag-nibp-de","12":"product_tag-oszillometrisch","13":"product_tag-patientengedachtnis","14":"product_tag-physiologische-alarme","15":"product_tag-pr","16":"product_tag-pulsoximetrie","17":"product_tag-spo2-de","18":"product_tag-tragbarer-monitor","20":"","21":"instock","22":"taxable","23":"shipping-taxable","24":"purchasable","25":"product-type-variable","26":"has-default-attributes"},"acf":[],"yoast_head":"<!-- This site is optimized with the Yoast SEO Premium plugin v27.4 (Yoast SEO v27.4) - https:\/\/yoast.com\/product\/yoast-seo-premium-wordpress\/ -->\n<title>Edan M3A| Swixed SA Edan M3A| Swixed SA Vitalzeichenmonitor<\/title>\n<meta name=\"description\" content=\"Der Edan M3A Vitalzeichenmonitor erm\u00f6glicht eine zuverl\u00e4ssige \u00dcberwachung von SpO2, Blutdruck und Puls in der klinischen Umgebung.\" \/>\n<meta name=\"robots\" content=\"index, follow, max-snippet:-1, max-image-preview:large, max-video-preview:-1\" \/>\n<link rel=\"canonical\" href=\"https:\/\/swixed.ch\/de\/produkt\/sed20009\/\" \/>\n<meta property=\"og:locale\" content=\"de_DE\" \/>\n<meta property=\"og:type\" content=\"article\" \/>\n<meta property=\"og:title\" content=\"Edan M3A Vitalzeichenmonitor\" \/>\n<meta property=\"og:description\" content=\"Der Edan M3A Vitalzeichenmonitor erm\u00f6glicht eine zuverl\u00e4ssige \u00dcberwachung von SpO2, Blutdruck und Puls in der klinischen Umgebung.\" \/>\n<meta property=\"og:url\" content=\"https:\/\/swixed.ch\/de\/produkt\/sed20009\/\" \/>\n<meta property=\"og:site_name\" content=\"Swixed SA\" \/>\n<meta property=\"article:publisher\" content=\"https:\/\/www.facebook.com\/swixed\" \/>\n<meta property=\"article:modified_time\" content=\"2026-01-15T21:06:25+00:00\" \/>\n<meta property=\"og:image\" content=\"https:\/\/swixed.ch\/wp-content\/uploads\/2026\/01\/SED20009-01.png\" \/>\n\t<meta property=\"og:image:width\" content=\"600\" \/>\n\t<meta property=\"og:image:height\" content=\"600\" \/>\n\t<meta property=\"og:image:type\" content=\"image\/png\" \/>\n<meta name=\"twitter:card\" content=\"summary_large_image\" \/>\n<meta name=\"twitter:label1\" content=\"Gesch\u00e4tzte Lesezeit\" \/>\n\t<meta name=\"twitter:data1\" content=\"3\u00a0Minuten\" \/>\n<script type=\"application\/ld+json\" class=\"yoast-schema-graph\">{\"@context\":\"https:\\\/\\\/schema.org\",\"@graph\":[{\"@type\":\"WebPage\",\"@id\":\"https:\\\/\\\/swixed.ch\\\/de\\\/produkt\\\/sed20009\\\/\",\"url\":\"https:\\\/\\\/swixed.ch\\\/de\\\/produkt\\\/sed20009\\\/\",\"name\":\"Edan M3A| Swixed SA Edan M3A| Swixed SA Vitalzeichenmonitor\",\"isPartOf\":{\"@id\":\"https:\\\/\\\/swixed.ch\\\/de\\\/#website\"},\"primaryImageOfPage\":{\"@id\":\"https:\\\/\\\/swixed.ch\\\/de\\\/produkt\\\/sed20009\\\/#primaryimage\"},\"image\":{\"@id\":\"https:\\\/\\\/swixed.ch\\\/de\\\/produkt\\\/sed20009\\\/#primaryimage\"},\"thumbnailUrl\":\"https:\\\/\\\/swixed.ch\\\/wp-content\\\/uploads\\\/2026\\\/01\\\/SED20009-01.png\",\"datePublished\":\"2026-01-13T18:54:39+00:00\",\"dateModified\":\"2026-01-15T21:06:25+00:00\",\"description\":\"Der Edan M3A Vitalzeichenmonitor erm\u00f6glicht eine zuverl\u00e4ssige \u00dcberwachung von SpO2, Blutdruck und Puls in der klinischen Umgebung.\",\"breadcrumb\":{\"@id\":\"https:\\\/\\\/swixed.ch\\\/de\\\/produkt\\\/sed20009\\\/#breadcrumb\"},\"inLanguage\":\"de\",\"potentialAction\":[{\"@type\":\"ReadAction\",\"target\":[\"https:\\\/\\\/swixed.ch\\\/de\\\/produkt\\\/sed20009\\\/\"]}]},{\"@type\":\"ImageObject\",\"inLanguage\":\"de\",\"@id\":\"https:\\\/\\\/swixed.ch\\\/de\\\/produkt\\\/sed20009\\\/#primaryimage\",\"url\":\"https:\\\/\\\/swixed.ch\\\/wp-content\\\/uploads\\\/2026\\\/01\\\/SED20009-01.png\",\"contentUrl\":\"https:\\\/\\\/swixed.ch\\\/wp-content\\\/uploads\\\/2026\\\/01\\\/SED20009-01.png\",\"width\":600,\"height\":600,\"caption\":\"SED20009\"},{\"@type\":\"BreadcrumbList\",\"@id\":\"https:\\\/\\\/swixed.ch\\\/de\\\/produkt\\\/sed20009\\\/#breadcrumb\",\"itemListElement\":[{\"@type\":\"ListItem\",\"position\":1,\"name\":\"Startseite\",\"item\":\"https:\\\/\\\/swixed.ch\\\/de\\\/home\\\/\"},{\"@type\":\"ListItem\",\"position\":2,\"name\":\"Shop\",\"item\":\"https:\\\/\\\/swixed.ch\\\/de\\\/shop\\\/\"},{\"@type\":\"ListItem\",\"position\":3,\"name\":\"Edan M3A Vitalzeichenmonitor\"}]},{\"@type\":\"WebSite\",\"@id\":\"https:\\\/\\\/swixed.ch\\\/de\\\/#website\",\"url\":\"https:\\\/\\\/swixed.ch\\\/de\\\/\",\"name\":\"Swixed SA\",\"description\":\"Elektronische Ger\u00e4te\",\"publisher\":{\"@id\":\"https:\\\/\\\/swixed.ch\\\/de\\\/#organization\"},\"potentialAction\":[{\"@type\":\"SearchAction\",\"target\":{\"@type\":\"EntryPoint\",\"urlTemplate\":\"https:\\\/\\\/swixed.ch\\\/de\\\/?s={search_term_string}\"},\"query-input\":{\"@type\":\"PropertyValueSpecification\",\"valueRequired\":true,\"valueName\":\"search_term_string\"}}],\"inLanguage\":\"de\"},{\"@type\":\"Organization\",\"@id\":\"https:\\\/\\\/swixed.ch\\\/de\\\/#organization\",\"name\":\"Swixed SA\",\"url\":\"https:\\\/\\\/swixed.ch\\\/de\\\/\",\"logo\":{\"@type\":\"ImageObject\",\"inLanguage\":\"de\",\"@id\":\"https:\\\/\\\/swixed.ch\\\/de\\\/#\\\/schema\\\/logo\\\/image\\\/\",\"url\":\"https:\\\/\\\/swixed.ch\\\/wp-content\\\/uploads\\\/logos\\\/swixed-logo-lite.png\",\"contentUrl\":\"https:\\\/\\\/swixed.ch\\\/wp-content\\\/uploads\\\/logos\\\/swixed-logo-lite.png\",\"width\":696,\"height\":696,\"caption\":\"Swixed SA\"},\"image\":{\"@id\":\"https:\\\/\\\/swixed.ch\\\/de\\\/#\\\/schema\\\/logo\\\/image\\\/\"},\"sameAs\":[\"https:\\\/\\\/www.facebook.com\\\/swixed\",\"https:\\\/\\\/www.linkedin.com\\\/company\\\/swixed\",\"https:\\\/\\\/www.youtube.com\\\/@swixedsa\"],\"description\":\"Swixed SA est une entreprise suisse bas\u00e9e \u00e0 Gen\u00e8ve, sp\u00e9cialis\u00e9e dans la vente, la location et la maintenance d\u2019appareils m\u00e9dicaux professionnels, tels que d\u00e9fibrillateurs AED, \u00e9lectrocardiographes, moniteurs patient et dispositifs de diagnostic.\",\"email\":\"infoshop@swixed.ch\",\"telephone\":\"+41 22 566 11 95\",\"legalName\":\"Swixed SA\",\"foundingDate\":\"2021-03-01\",\"numberOfEmployees\":{\"@type\":\"QuantitativeValue\",\"minValue\":\"1\",\"maxValue\":\"10\"}}]}<\/script>\n<!-- \/ Yoast SEO Premium plugin. -->","yoast_head_json":{"title":"Edan M3A| Swixed SA Edan M3A| Swixed SA Vitalzeichenmonitor","description":"Der Edan M3A Vitalzeichenmonitor erm\u00f6glicht eine zuverl\u00e4ssige \u00dcberwachung von SpO2, Blutdruck und Puls in der klinischen Umgebung.","robots":{"index":"index","follow":"follow","max-snippet":"max-snippet:-1","max-image-preview":"max-image-preview:large","max-video-preview":"max-video-preview:-1"},"canonical":"https:\/\/swixed.ch\/de\/produkt\/sed20009\/","og_locale":"de_DE","og_type":"article","og_title":"Edan M3A Vitalzeichenmonitor","og_description":"Der Edan M3A Vitalzeichenmonitor erm\u00f6glicht eine zuverl\u00e4ssige \u00dcberwachung von SpO2, Blutdruck und Puls in der klinischen Umgebung.","og_url":"https:\/\/swixed.ch\/de\/produkt\/sed20009\/","og_site_name":"Swixed SA","article_publisher":"https:\/\/www.facebook.com\/swixed","article_modified_time":"2026-01-15T21:06:25+00:00","og_image":[{"width":600,"height":600,"url":"https:\/\/swixed.ch\/wp-content\/uploads\/2026\/01\/SED20009-01.png","type":"image\/png"}],"twitter_card":"summary_large_image","twitter_misc":{"Gesch\u00e4tzte Lesezeit":"3\u00a0Minuten"},"schema":{"@context":"https:\/\/schema.org","@graph":[{"@type":"WebPage","@id":"https:\/\/swixed.ch\/de\/produkt\/sed20009\/","url":"https:\/\/swixed.ch\/de\/produkt\/sed20009\/","name":"Edan M3A| Swixed SA Edan M3A| Swixed SA Vitalzeichenmonitor","isPartOf":{"@id":"https:\/\/swixed.ch\/de\/#website"},"primaryImageOfPage":{"@id":"https:\/\/swixed.ch\/de\/produkt\/sed20009\/#primaryimage"},"image":{"@id":"https:\/\/swixed.ch\/de\/produkt\/sed20009\/#primaryimage"},"thumbnailUrl":"https:\/\/swixed.ch\/wp-content\/uploads\/2026\/01\/SED20009-01.png","datePublished":"2026-01-13T18:54:39+00:00","dateModified":"2026-01-15T21:06:25+00:00","description":"Der Edan M3A Vitalzeichenmonitor erm\u00f6glicht eine zuverl\u00e4ssige \u00dcberwachung von SpO2, Blutdruck und Puls in der klinischen Umgebung.","breadcrumb":{"@id":"https:\/\/swixed.ch\/de\/produkt\/sed20009\/#breadcrumb"},"inLanguage":"de","potentialAction":[{"@type":"ReadAction","target":["https:\/\/swixed.ch\/de\/produkt\/sed20009\/"]}]},{"@type":"ImageObject","inLanguage":"de","@id":"https:\/\/swixed.ch\/de\/produkt\/sed20009\/#primaryimage","url":"https:\/\/swixed.ch\/wp-content\/uploads\/2026\/01\/SED20009-01.png","contentUrl":"https:\/\/swixed.ch\/wp-content\/uploads\/2026\/01\/SED20009-01.png","width":600,"height":600,"caption":"SED20009"},{"@type":"BreadcrumbList","@id":"https:\/\/swixed.ch\/de\/produkt\/sed20009\/#breadcrumb","itemListElement":[{"@type":"ListItem","position":1,"name":"Startseite","item":"https:\/\/swixed.ch\/de\/home\/"},{"@type":"ListItem","position":2,"name":"Shop","item":"https:\/\/swixed.ch\/de\/shop\/"},{"@type":"ListItem","position":3,"name":"Edan M3A Vitalzeichenmonitor"}]},{"@type":"WebSite","@id":"https:\/\/swixed.ch\/de\/#website","url":"https:\/\/swixed.ch\/de\/","name":"Swixed SA","description":"Elektronische Ger\u00e4te","publisher":{"@id":"https:\/\/swixed.ch\/de\/#organization"},"potentialAction":[{"@type":"SearchAction","target":{"@type":"EntryPoint","urlTemplate":"https:\/\/swixed.ch\/de\/?s={search_term_string}"},"query-input":{"@type":"PropertyValueSpecification","valueRequired":true,"valueName":"search_term_string"}}],"inLanguage":"de"},{"@type":"Organization","@id":"https:\/\/swixed.ch\/de\/#organization","name":"Swixed SA","url":"https:\/\/swixed.ch\/de\/","logo":{"@type":"ImageObject","inLanguage":"de","@id":"https:\/\/swixed.ch\/de\/#\/schema\/logo\/image\/","url":"https:\/\/swixed.ch\/wp-content\/uploads\/logos\/swixed-logo-lite.png","contentUrl":"https:\/\/swixed.ch\/wp-content\/uploads\/logos\/swixed-logo-lite.png","width":696,"height":696,"caption":"Swixed SA"},"image":{"@id":"https:\/\/swixed.ch\/de\/#\/schema\/logo\/image\/"},"sameAs":["https:\/\/www.facebook.com\/swixed","https:\/\/www.linkedin.com\/company\/swixed","https:\/\/www.youtube.com\/@swixedsa"],"description":"Swixed SA est une entreprise suisse bas\u00e9e \u00e0 Gen\u00e8ve, sp\u00e9cialis\u00e9e dans la vente, la location et la maintenance d\u2019appareils m\u00e9dicaux professionnels, tels que d\u00e9fibrillateurs AED, \u00e9lectrocardiographes, moniteurs patient et dispositifs de diagnostic.","email":"infoshop@swixed.ch","telephone":"+41 22 566 11 95","legalName":"Swixed SA","foundingDate":"2021-03-01","numberOfEmployees":{"@type":"QuantitativeValue","minValue":"1","maxValue":"10"}}]}},"_links":{"self":[{"href":"https:\/\/swixed.ch\/de\/wp-json\/wp\/v2\/product\/60058","targetHints":{"allow":["GET"]}}],"collection":[{"href":"https:\/\/swixed.ch\/de\/wp-json\/wp\/v2\/product"}],"about":[{"href":"https:\/\/swixed.ch\/de\/wp-json\/wp\/v2\/types\/product"}],"version-history":[{"count":0,"href":"https:\/\/swixed.ch\/de\/wp-json\/wp\/v2\/product\/60058\/revisions"}],"wp:featuredmedia":[{"embeddable":true,"href":"https:\/\/swixed.ch\/de\/wp-json\/wp\/v2\/media\/60060"}],"wp:attachment":[{"href":"https:\/\/swixed.ch\/de\/wp-json\/wp\/v2\/media?parent=60058"}],"wp:term":[{"taxonomy":"product_brand","embeddable":true,"href":"https:\/\/swixed.ch\/de\/wp-json\/wp\/v2\/product_brand?post=60058"},{"taxonomy":"product_cat","embeddable":true,"href":"https:\/\/swixed.ch\/de\/wp-json\/wp\/v2\/product_cat?post=60058"},{"taxonomy":"product_tag","embeddable":true,"href":"https:\/\/swixed.ch\/de\/wp-json\/wp\/v2\/product_tag?post=60058"}],"curies":[{"name":"wp","href":"https:\/\/api.w.org\/{rel}","templated":true}]}}