{"id":61775,"date":"2026-02-01T21:59:23","date_gmt":"2026-02-01T20:59:23","guid":{"rendered":"https:\/\/swixed.ch\/?post_type=product&#038;p=61775"},"modified":"2026-04-19T11:31:15","modified_gmt":"2026-04-19T10:31:15","slug":"sed14013","status":"publish","type":"product","link":"https:\/\/swixed.ch\/de\/produkt\/sed14013\/","title":{"rendered":"Batterie f\u00fcr EKG-Ger\u00e4t Cardioline 100L \/ 200L"},"content":{"rendered":"\t\t<div data-elementor-type=\"product-post\" data-elementor-id=\"61775\" class=\"elementor elementor-61775 elementor-61774\" data-elementor-post-type=\"product\">\n\t\t\t\t<div class=\"elementor-element elementor-element-1c8d12e e-con-full e-flex e-con e-parent\" data-id=\"1c8d12e\" data-element_type=\"container\" data-e-type=\"container\">\n\t\t<div class=\"elementor-element elementor-element-363bd6f e-con-full e-flex e-con e-child\" data-id=\"363bd6f\" data-element_type=\"container\" data-e-type=\"container\">\n\t\t\t\t<div class=\"elementor-element elementor-element-b6d3e52 elementor-widget elementor-widget-heading\" data-id=\"b6d3e52\" data-element_type=\"widget\" data-e-type=\"widget\" data-widget_type=\"heading.default\">\n\t\t\t\t\t<h2 class=\"elementor-heading-title elementor-size-default\">Hauptmerkmale<\/h2>\t\t\t\t<\/div>\n\t\t\t\t<div class=\"elementor-element elementor-element-3661e64 elementor-widget elementor-widget-text-editor\" data-id=\"3661e64\" data-element_type=\"widget\" data-e-type=\"widget\" data-widget_type=\"text-editor.default\">\n\t\t\t\t\t\t\t\t\t<p>Die Batterie f\u00fcr EKG-Ger\u00e4te Cardioline 100L \/ 200L dient als wiederaufladbare Stromquelle f\u00fcr die entsprechenden Elektrokardiographen. Damit erm\u00f6glicht sie den mobilen oder autonomen Einsatz des Ger\u00e4tes, je nach den vom Hersteller festgelegten Betriebsbedingungen. Dar\u00fcber hinaus ist diese Lithium-Ionen-Batterie nur f\u00fcr die Modelle 100L und 200L geeignet und nicht f\u00fcr die Versionen 100S oder 200S.  <\/p><p>Hauptmerkmale :<\/p><ul><li>Wiederaufladbarer Akku mit Li-Ionen-Technologie<\/li><li>Exklusive Kompatibilit\u00e4t mit EKG-Ger\u00e4ten Cardioline 100L und 200L<\/li><li>Separates Zubeh\u00f6r zu den Batterien f\u00fcr EKG-Ger\u00e4te Cardioline 100S und 200S<\/li><li>F\u00fcr den professionellen Gebrauch konzipiert<\/li><li>Wird als Ersatz- oder Ersatzbatterie geliefert.<\/li><\/ul><p>Dar\u00fcber hinaus tr\u00e4gt die Verwendung einer kompatiblen Batterie zum ordnungsgem\u00e4\u00dfen Betrieb des Elektrokardiographen bei.<\/p>\t\t\t\t\t\t\t\t<\/div>\n\t\t\t\t<div class=\"elementor-element elementor-element-f174e1d elementor-widget elementor-widget-heading\" data-id=\"f174e1d\" data-element_type=\"widget\" data-e-type=\"widget\" data-widget_type=\"heading.default\">\n\t\t\t\t\t<h2 class=\"elementor-heading-title elementor-size-default\">Nutzung, Einhaltung und Empfehlungen<\/h2>\t\t\t\t<\/div>\n\t\t\t\t<div class=\"elementor-element elementor-element-eef170d elementor-widget elementor-widget-text-editor\" data-id=\"eef170d\" data-element_type=\"widget\" data-e-type=\"widget\" data-widget_type=\"text-editor.default\">\n\t\t\t\t\t\t\t\t\t<p>Diese Batterie wird als Zubeh\u00f6r f\u00fcr medizinische Ger\u00e4te gem\u00e4\u00df den Anweisungen des Herstellers verwendet. In der Schweiz ist EKG-Zubeh\u00f6r Teil des regulatorischen Rahmens, der vom Bundesamt f\u00fcr Gesundheit festgelegt wurde, das allgemeine Informationen zu seiner Verwendung ver\u00f6ffentlicht. Das Schweizerische Informationszentrum f\u00fcr technische Regeln stellt technische Ressourcen zur Verf\u00fcgung, die f\u00fcr Fachleute n\u00fctzlich sind.  <br>\t\t<div data-elementor-type=\"widget\" data-elementor-id=\"60303\" class=\"elementor elementor-60303 elementor-60240 elementor-60240\" data-elementor-post-type=\"elementor_library\">\n\t\t\t\t\t\t<div class=\"elementor-element elementor-element-60240 elementor-widget elementor-widget-text-editor\" data-id=\"60240\" data-element_type=\"widget\" data-e-type=\"widget\" data-widget_type=\"text-editor.default\">\n\t\t\t\t\t\t\t\t\t<p>Weitere Informationen finden Sie unter :<\/p><ul><li><a href=\"https:\/\/www.bag.admin.ch\" target=\"_blank\" rel=\"noopener\">Bundesamt f\u00fcr Gesundheit (BAG)<\/a><\/li><li><a href=\"https:\/\/www.switec.info\" target=\"_blank\" rel=\"noopener\">Schweizerisches Informationszentrum f\u00fcr technische Regeln (Switec)<\/a><\/li><\/ul><p><br>Unsere Medizinprodukte haben einen autorisierten Vertreter in der Schweiz (CH-REP), gem\u00e4\u00df der geltenden schweizerischen Gesetzgebung f\u00fcr Medizinprodukte.<\/p>\t\t\t\t\t\t\t\t<\/div>\n\t\t\t\t<\/div>\n\t\t<\/p>\t\t\t\t\t\t\t\t<\/div>\n\t\t\t\t<div class=\"elementor-element elementor-element-fd79b31 elementor-widget elementor-widget-heading\" data-id=\"fd79b31\" data-element_type=\"widget\" data-e-type=\"widget\" data-widget_type=\"heading.default\">\n\t\t\t\t\t<h2 class=\"elementor-heading-title elementor-size-default\">Inhalt<\/h2>\t\t\t\t<\/div>\n\t\t\t\t<div class=\"elementor-element elementor-element-fbf8938 elementor-widget elementor-widget-text-editor\" data-id=\"fbf8938\" data-element_type=\"widget\" data-e-type=\"widget\" data-widget_type=\"text-editor.default\">\n\t\t\t\t\t\t\t\t\t<p>Diese Lithium-Ionen-Batterie ist ein Zubeh\u00f6r f\u00fcr die Versorgung der EKG-Ger\u00e4te Cardioline 100L und 200L. Damit ist sie Teil der Wartung und des laufenden Betriebs der kompatiblen Ger\u00e4te. <\/p><ul><li>1 \u00d7 Li-Ionen-Akku f\u00fcr EKG-Ger\u00e4te Cardioline 100L und 200L<\/li><\/ul>\t\t\t\t\t\t\t\t<\/div>\n\t\t\t\t<\/div>\n\t\t\t\t<\/div>\n\t\t\t\t<\/div>\n\t\t","protected":false},"excerpt":{"rendered":"<p>Dieser Lithium-Ionen-Akku ist ein Ersatz f\u00fcr die Elektrokardiographen Cardioline 100L und 200L. Er stellt die wiederaufladbare Stromversorgung dieser Ger\u00e4te sicher und erm\u00f6glicht so den mobilen oder autonomen Einsatz gem\u00e4\u00df den vom Hersteller festgelegten Bedingungen. Dieses Zubeh\u00f6r ist ausschlie\u00dflich mit den Modellen 100L und 200L kompatibel; es ist nicht f\u00fcr die Versionen 100S oder 200S geeignet. Es ist Teil der routinem\u00e4\u00dfigen Wartung der betreffenden Ger\u00e4te in einem professionellen Rahmen.   <\/p>\n","protected":false},"featured_media":61778,"template":"","meta":{"_acf_changed":false},"product_brand":[7891],"product_cat":[954,1199],"product_tag":[7893,7806,7811,7808,6716,4500,7809,7807,7812,7768],"class_list":{"0":"post-61775","1":"product","2":"type-product","3":"status-publish","4":"has-post-thumbnail","6":"product_brand-cardioline","7":"product_cat-elektrokardiographen","8":"product_cat-zubehor-belastungs","9":"product_tag-cardioline-kompatibilitat","10":"product_tag-ekg-batterie","11":"product_tag-ekg-ersatzteil","12":"product_tag-ekg-versorgung","13":"product_tag-ekg-wartung","14":"product_tag-ekg-zubehor-de","15":"product_tag-interne-batterie","16":"product_tag-li-ionen-akku","17":"product_tag-tragbare-stromversorgung","18":"product_tag-wiederaufladbare-batterie","20":"first","21":"outofstock","22":"taxable","23":"shipping-taxable","24":"product-type-simple"},"acf":[],"yoast_head":"<!-- This site is optimized with the Yoast SEO Premium plugin v27.4 (Yoast SEO v27.4) - https:\/\/yoast.com\/product\/yoast-seo-premium-wordpress\/ -->\n<title>Cardioline 100L 200L EKG-Akku - Li-Ionen-Zubeh\u00f6r | Swixed SA<\/title>\n<meta name=\"description\" content=\"Ersatz-Li-Ionen-Akku f\u00fcr Cardioline 100L und 200L EKG-Ger\u00e4te. Kompatibles Zubeh\u00f6r, das f\u00fcr den professionellen Gebrauch entwickelt wurde. Lieferung in der Schweiz.\" \/>\n<meta name=\"robots\" content=\"index, follow, max-snippet:-1, max-image-preview:large, max-video-preview:-1\" \/>\n<link rel=\"canonical\" href=\"https:\/\/swixed.ch\/de\/produkt\/sed14013\/\" \/>\n<meta property=\"og:locale\" content=\"de_DE\" \/>\n<meta property=\"og:type\" content=\"article\" \/>\n<meta property=\"og:title\" content=\"Batterie f\u00fcr EKG-Ger\u00e4t Cardioline 100L \/ 200L\" \/>\n<meta property=\"og:description\" content=\"Ersatz-Li-Ionen-Akku f\u00fcr Cardioline 100L und 200L EKG-Ger\u00e4te. Kompatibles Zubeh\u00f6r, das f\u00fcr den professionellen Gebrauch entwickelt wurde. Lieferung in der Schweiz.\" \/>\n<meta property=\"og:url\" content=\"https:\/\/swixed.ch\/de\/produkt\/sed14013\/\" \/>\n<meta property=\"og:site_name\" content=\"Swixed SA\" \/>\n<meta property=\"article:publisher\" content=\"https:\/\/www.facebook.com\/swixed\" \/>\n<meta property=\"article:modified_time\" content=\"2026-04-19T10:31:15+00:00\" \/>\n<meta property=\"og:image\" content=\"https:\/\/swixed.ch\/wp-content\/uploads\/2026\/02\/SED14013-01.png\" \/>\n\t<meta property=\"og:image:width\" content=\"600\" \/>\n\t<meta property=\"og:image:height\" content=\"600\" \/>\n\t<meta property=\"og:image:type\" content=\"image\/png\" \/>\n<meta name=\"twitter:card\" content=\"summary_large_image\" \/>\n<meta name=\"twitter:label1\" content=\"Gesch\u00e4tzte Lesezeit\" \/>\n\t<meta name=\"twitter:data1\" content=\"1\u00a0Minute\" \/>\n<script type=\"application\/ld+json\" class=\"yoast-schema-graph\">{\"@context\":\"https:\\\/\\\/schema.org\",\"@graph\":[{\"@type\":\"WebPage\",\"@id\":\"https:\\\/\\\/swixed.ch\\\/de\\\/produkt\\\/sed14013\\\/\",\"url\":\"https:\\\/\\\/swixed.ch\\\/de\\\/produkt\\\/sed14013\\\/\",\"name\":\"Cardioline 100L 200L EKG-Akku - Li-Ionen-Zubeh\u00f6r | Swixed SA\",\"isPartOf\":{\"@id\":\"https:\\\/\\\/swixed.ch\\\/de\\\/#website\"},\"primaryImageOfPage\":{\"@id\":\"https:\\\/\\\/swixed.ch\\\/de\\\/produkt\\\/sed14013\\\/#primaryimage\"},\"image\":{\"@id\":\"https:\\\/\\\/swixed.ch\\\/de\\\/produkt\\\/sed14013\\\/#primaryimage\"},\"thumbnailUrl\":\"https:\\\/\\\/swixed.ch\\\/wp-content\\\/uploads\\\/2026\\\/02\\\/SED14013-01.png\",\"datePublished\":\"2026-02-01T20:59:23+00:00\",\"dateModified\":\"2026-04-19T10:31:15+00:00\",\"description\":\"Ersatz-Li-Ionen-Akku f\u00fcr Cardioline 100L und 200L EKG-Ger\u00e4te. Kompatibles Zubeh\u00f6r, das f\u00fcr den professionellen Gebrauch entwickelt wurde. Lieferung in der Schweiz.\",\"breadcrumb\":{\"@id\":\"https:\\\/\\\/swixed.ch\\\/de\\\/produkt\\\/sed14013\\\/#breadcrumb\"},\"inLanguage\":\"de\",\"potentialAction\":[{\"@type\":\"ReadAction\",\"target\":[\"https:\\\/\\\/swixed.ch\\\/de\\\/produkt\\\/sed14013\\\/\"]}]},{\"@type\":\"ImageObject\",\"inLanguage\":\"de\",\"@id\":\"https:\\\/\\\/swixed.ch\\\/de\\\/produkt\\\/sed14013\\\/#primaryimage\",\"url\":\"https:\\\/\\\/swixed.ch\\\/wp-content\\\/uploads\\\/2026\\\/02\\\/SED14013-01.png\",\"contentUrl\":\"https:\\\/\\\/swixed.ch\\\/wp-content\\\/uploads\\\/2026\\\/02\\\/SED14013-01.png\",\"width\":600,\"height\":600,\"caption\":\"SED14013\"},{\"@type\":\"BreadcrumbList\",\"@id\":\"https:\\\/\\\/swixed.ch\\\/de\\\/produkt\\\/sed14013\\\/#breadcrumb\",\"itemListElement\":[{\"@type\":\"ListItem\",\"position\":1,\"name\":\"Startseite\",\"item\":\"https:\\\/\\\/swixed.ch\\\/de\\\/home\\\/\"},{\"@type\":\"ListItem\",\"position\":2,\"name\":\"Shop\",\"item\":\"https:\\\/\\\/swixed.ch\\\/de\\\/shop\\\/\"},{\"@type\":\"ListItem\",\"position\":3,\"name\":\"Batterie f\u00fcr EKG-Ger\u00e4t Cardioline 100L \\\/ 200L\"}]},{\"@type\":\"WebSite\",\"@id\":\"https:\\\/\\\/swixed.ch\\\/de\\\/#website\",\"url\":\"https:\\\/\\\/swixed.ch\\\/de\\\/\",\"name\":\"Swixed SA\",\"description\":\"Elektronische Ger\u00e4te\",\"publisher\":{\"@id\":\"https:\\\/\\\/swixed.ch\\\/de\\\/#organization\"},\"potentialAction\":[{\"@type\":\"SearchAction\",\"target\":{\"@type\":\"EntryPoint\",\"urlTemplate\":\"https:\\\/\\\/swixed.ch\\\/de\\\/?s={search_term_string}\"},\"query-input\":{\"@type\":\"PropertyValueSpecification\",\"valueRequired\":true,\"valueName\":\"search_term_string\"}}],\"inLanguage\":\"de\"},{\"@type\":\"Organization\",\"@id\":\"https:\\\/\\\/swixed.ch\\\/de\\\/#organization\",\"name\":\"Swixed SA\",\"url\":\"https:\\\/\\\/swixed.ch\\\/de\\\/\",\"logo\":{\"@type\":\"ImageObject\",\"inLanguage\":\"de\",\"@id\":\"https:\\\/\\\/swixed.ch\\\/de\\\/#\\\/schema\\\/logo\\\/image\\\/\",\"url\":\"https:\\\/\\\/swixed.ch\\\/wp-content\\\/uploads\\\/logos\\\/swixed-logo-lite.png\",\"contentUrl\":\"https:\\\/\\\/swixed.ch\\\/wp-content\\\/uploads\\\/logos\\\/swixed-logo-lite.png\",\"width\":696,\"height\":696,\"caption\":\"Swixed SA\"},\"image\":{\"@id\":\"https:\\\/\\\/swixed.ch\\\/de\\\/#\\\/schema\\\/logo\\\/image\\\/\"},\"sameAs\":[\"https:\\\/\\\/www.facebook.com\\\/swixed\",\"https:\\\/\\\/www.linkedin.com\\\/company\\\/swixed\",\"https:\\\/\\\/www.youtube.com\\\/@swixedsa\"],\"description\":\"Swixed SA est une entreprise suisse bas\u00e9e \u00e0 Gen\u00e8ve, sp\u00e9cialis\u00e9e dans la vente, la location et la maintenance d\u2019appareils m\u00e9dicaux professionnels, tels que d\u00e9fibrillateurs AED, \u00e9lectrocardiographes, moniteurs patient et dispositifs de diagnostic.\",\"email\":\"infoshop@swixed.ch\",\"telephone\":\"+41 22 566 11 95\",\"legalName\":\"Swixed SA\",\"foundingDate\":\"2021-03-01\",\"numberOfEmployees\":{\"@type\":\"QuantitativeValue\",\"minValue\":\"1\",\"maxValue\":\"10\"}}]}<\/script>\n<!-- \/ Yoast SEO Premium plugin. -->","yoast_head_json":{"title":"Cardioline 100L 200L EKG-Akku - Li-Ionen-Zubeh\u00f6r | Swixed SA","description":"Ersatz-Li-Ionen-Akku f\u00fcr Cardioline 100L und 200L EKG-Ger\u00e4te. Kompatibles Zubeh\u00f6r, das f\u00fcr den professionellen Gebrauch entwickelt wurde. Lieferung in der Schweiz.","robots":{"index":"index","follow":"follow","max-snippet":"max-snippet:-1","max-image-preview":"max-image-preview:large","max-video-preview":"max-video-preview:-1"},"canonical":"https:\/\/swixed.ch\/de\/produkt\/sed14013\/","og_locale":"de_DE","og_type":"article","og_title":"Batterie f\u00fcr EKG-Ger\u00e4t Cardioline 100L \/ 200L","og_description":"Ersatz-Li-Ionen-Akku f\u00fcr Cardioline 100L und 200L EKG-Ger\u00e4te. Kompatibles Zubeh\u00f6r, das f\u00fcr den professionellen Gebrauch entwickelt wurde. Lieferung in der Schweiz.","og_url":"https:\/\/swixed.ch\/de\/produkt\/sed14013\/","og_site_name":"Swixed SA","article_publisher":"https:\/\/www.facebook.com\/swixed","article_modified_time":"2026-04-19T10:31:15+00:00","og_image":[{"width":600,"height":600,"url":"https:\/\/swixed.ch\/wp-content\/uploads\/2026\/02\/SED14013-01.png","type":"image\/png"}],"twitter_card":"summary_large_image","twitter_misc":{"Gesch\u00e4tzte Lesezeit":"1\u00a0Minute"},"schema":{"@context":"https:\/\/schema.org","@graph":[{"@type":"WebPage","@id":"https:\/\/swixed.ch\/de\/produkt\/sed14013\/","url":"https:\/\/swixed.ch\/de\/produkt\/sed14013\/","name":"Cardioline 100L 200L EKG-Akku - Li-Ionen-Zubeh\u00f6r | Swixed SA","isPartOf":{"@id":"https:\/\/swixed.ch\/de\/#website"},"primaryImageOfPage":{"@id":"https:\/\/swixed.ch\/de\/produkt\/sed14013\/#primaryimage"},"image":{"@id":"https:\/\/swixed.ch\/de\/produkt\/sed14013\/#primaryimage"},"thumbnailUrl":"https:\/\/swixed.ch\/wp-content\/uploads\/2026\/02\/SED14013-01.png","datePublished":"2026-02-01T20:59:23+00:00","dateModified":"2026-04-19T10:31:15+00:00","description":"Ersatz-Li-Ionen-Akku f\u00fcr Cardioline 100L und 200L EKG-Ger\u00e4te. Kompatibles Zubeh\u00f6r, das f\u00fcr den professionellen Gebrauch entwickelt wurde. Lieferung in der Schweiz.","breadcrumb":{"@id":"https:\/\/swixed.ch\/de\/produkt\/sed14013\/#breadcrumb"},"inLanguage":"de","potentialAction":[{"@type":"ReadAction","target":["https:\/\/swixed.ch\/de\/produkt\/sed14013\/"]}]},{"@type":"ImageObject","inLanguage":"de","@id":"https:\/\/swixed.ch\/de\/produkt\/sed14013\/#primaryimage","url":"https:\/\/swixed.ch\/wp-content\/uploads\/2026\/02\/SED14013-01.png","contentUrl":"https:\/\/swixed.ch\/wp-content\/uploads\/2026\/02\/SED14013-01.png","width":600,"height":600,"caption":"SED14013"},{"@type":"BreadcrumbList","@id":"https:\/\/swixed.ch\/de\/produkt\/sed14013\/#breadcrumb","itemListElement":[{"@type":"ListItem","position":1,"name":"Startseite","item":"https:\/\/swixed.ch\/de\/home\/"},{"@type":"ListItem","position":2,"name":"Shop","item":"https:\/\/swixed.ch\/de\/shop\/"},{"@type":"ListItem","position":3,"name":"Batterie f\u00fcr EKG-Ger\u00e4t Cardioline 100L \/ 200L"}]},{"@type":"WebSite","@id":"https:\/\/swixed.ch\/de\/#website","url":"https:\/\/swixed.ch\/de\/","name":"Swixed SA","description":"Elektronische Ger\u00e4te","publisher":{"@id":"https:\/\/swixed.ch\/de\/#organization"},"potentialAction":[{"@type":"SearchAction","target":{"@type":"EntryPoint","urlTemplate":"https:\/\/swixed.ch\/de\/?s={search_term_string}"},"query-input":{"@type":"PropertyValueSpecification","valueRequired":true,"valueName":"search_term_string"}}],"inLanguage":"de"},{"@type":"Organization","@id":"https:\/\/swixed.ch\/de\/#organization","name":"Swixed SA","url":"https:\/\/swixed.ch\/de\/","logo":{"@type":"ImageObject","inLanguage":"de","@id":"https:\/\/swixed.ch\/de\/#\/schema\/logo\/image\/","url":"https:\/\/swixed.ch\/wp-content\/uploads\/logos\/swixed-logo-lite.png","contentUrl":"https:\/\/swixed.ch\/wp-content\/uploads\/logos\/swixed-logo-lite.png","width":696,"height":696,"caption":"Swixed SA"},"image":{"@id":"https:\/\/swixed.ch\/de\/#\/schema\/logo\/image\/"},"sameAs":["https:\/\/www.facebook.com\/swixed","https:\/\/www.linkedin.com\/company\/swixed","https:\/\/www.youtube.com\/@swixedsa"],"description":"Swixed SA est une entreprise suisse bas\u00e9e \u00e0 Gen\u00e8ve, sp\u00e9cialis\u00e9e dans la vente, la location et la maintenance d\u2019appareils m\u00e9dicaux professionnels, tels que d\u00e9fibrillateurs AED, \u00e9lectrocardiographes, moniteurs patient et dispositifs de diagnostic.","email":"infoshop@swixed.ch","telephone":"+41 22 566 11 95","legalName":"Swixed SA","foundingDate":"2021-03-01","numberOfEmployees":{"@type":"QuantitativeValue","minValue":"1","maxValue":"10"}}]}},"_links":{"self":[{"href":"https:\/\/swixed.ch\/de\/wp-json\/wp\/v2\/product\/61775","targetHints":{"allow":["GET"]}}],"collection":[{"href":"https:\/\/swixed.ch\/de\/wp-json\/wp\/v2\/product"}],"about":[{"href":"https:\/\/swixed.ch\/de\/wp-json\/wp\/v2\/types\/product"}],"version-history":[{"count":0,"href":"https:\/\/swixed.ch\/de\/wp-json\/wp\/v2\/product\/61775\/revisions"}],"wp:featuredmedia":[{"embeddable":true,"href":"https:\/\/swixed.ch\/de\/wp-json\/wp\/v2\/media\/61778"}],"wp:attachment":[{"href":"https:\/\/swixed.ch\/de\/wp-json\/wp\/v2\/media?parent=61775"}],"wp:term":[{"taxonomy":"product_brand","embeddable":true,"href":"https:\/\/swixed.ch\/de\/wp-json\/wp\/v2\/product_brand?post=61775"},{"taxonomy":"product_cat","embeddable":true,"href":"https:\/\/swixed.ch\/de\/wp-json\/wp\/v2\/product_cat?post=61775"},{"taxonomy":"product_tag","embeddable":true,"href":"https:\/\/swixed.ch\/de\/wp-json\/wp\/v2\/product_tag?post=61775"}],"curies":[{"name":"wp","href":"https:\/\/api.w.org\/{rel}","templated":true}]}}