{"id":61787,"date":"2026-02-02T06:30:54","date_gmt":"2026-02-02T05:30:54","guid":{"rendered":"https:\/\/swixed.ch\/?post_type=product&#038;p=61787"},"modified":"2026-04-19T11:44:05","modified_gmt":"2026-04-19T10:44:05","slug":"sed14014","status":"publish","type":"product","link":"https:\/\/swixed.ch\/de\/produkt\/sed14014\/","title":{"rendered":"Batterie f\u00fcr EKG-Ger\u00e4t Cardioline 100S \/ 200S"},"content":{"rendered":"\t\t<div data-elementor-type=\"product-post\" data-elementor-id=\"61787\" class=\"elementor elementor-61787 elementor-61786\" data-elementor-post-type=\"product\">\n\t\t\t\t<div class=\"elementor-element elementor-element-1c8d12e e-con-full e-flex e-con e-parent\" data-id=\"1c8d12e\" data-element_type=\"container\" data-e-type=\"container\">\n\t\t<div class=\"elementor-element elementor-element-363bd6f e-con-full e-flex e-con e-child\" data-id=\"363bd6f\" data-element_type=\"container\" data-e-type=\"container\">\n\t\t\t\t<div class=\"elementor-element elementor-element-b6d3e52 elementor-widget elementor-widget-heading\" data-id=\"b6d3e52\" data-element_type=\"widget\" data-e-type=\"widget\" data-widget_type=\"heading.default\">\n\t\t\t\t\t<h2 class=\"elementor-heading-title elementor-size-default\">Hauptmerkmale<\/h2>\t\t\t\t<\/div>\n\t\t\t\t<div class=\"elementor-element elementor-element-3661e64 elementor-widget elementor-widget-text-editor\" data-id=\"3661e64\" data-element_type=\"widget\" data-e-type=\"widget\" data-widget_type=\"text-editor.default\">\n\t\t\t\t\t\t\t\t\t<p>Die Cardioline EKG-Batterie ist ein Stromversorgungszubeh\u00f6r, das speziell f\u00fcr die Elektrokardiographen der Serien 100S und 200S entwickelt wurde. Sie erm\u00f6glicht die Aufrechterhaltung des Betriebs des Ger\u00e4ts ohne direkten Anschluss an das Stromnetz und erleichtert so den Einsatz in verschiedenen professionellen Umgebungen. <\/p><p>Daher ist dieser Akku ein wesentlicher Bestandteil der Standardkonfiguration kompatibler Ger\u00e4te. Er wird direkt in das Geh\u00e4use des jeweiligen Elektrokardiographen eingebaut und wird in den vom Hersteller festgelegten Intervallen ausgetauscht. <\/p><p>Allgemeine Merkmale :<\/p><ul><li>Zubeh\u00f6r f\u00fcr kompatible Cardioline Elektrokardiographen<\/li><li>Vorgesehene Verwendung mit den Modellen 100S und 200S<\/li><li>Auswechselbares Element gem\u00e4\u00df den Empfehlungen des Herstellers<\/li><li>Integration in die Standardkonfiguration der betreffenden Ger\u00e4te<\/li><\/ul><p><br>Dar\u00fcber hinaus ist dieses Zubeh\u00f6r Teil einer vorbeugenden Wartung, die darauf abzielt, die technische Leistung der Ger\u00e4te im Laufe der Zeit zu erhalten. Daher tr\u00e4gt sein regelm\u00e4\u00dfiger Austausch zur Aufrechterhaltung des Betriebs der EKG-Ger\u00e4te bei. <\/p>\t\t\t\t\t\t\t\t<\/div>\n\t\t\t\t<div class=\"elementor-element elementor-element-da8f711 elementor-widget elementor-widget-heading\" data-id=\"da8f711\" data-element_type=\"widget\" data-e-type=\"widget\" data-widget_type=\"heading.default\">\n\t\t\t\t\t<h2 class=\"elementor-heading-title elementor-size-default\">Funktionen<\/h2>\t\t\t\t<\/div>\n\t\t\t\t<div class=\"elementor-element elementor-element-5cf2f80 elementor-widget elementor-widget-text-editor\" data-id=\"5cf2f80\" data-element_type=\"widget\" data-e-type=\"widget\" data-widget_type=\"text-editor.default\">\n\t\t\t\t\t\t\t\t\t<p>Die Batterie f\u00fcr den Cardioline Elektrokardiographen sorgt f\u00fcr eine unabh\u00e4ngige Stromversorgung des Ger\u00e4ts, so dass es auch ohne Netzanschluss verwendet werden kann. Diese Autonomie ist ein funktioneller Vorteil in Umgebungen, in denen der Zugang zu einer festen Stromversorgung begrenzt oder umst\u00e4ndlich ist. <\/p><p>Dar\u00fcber hinaus garantiert die Li-Ionen-Technologie eine Energiedichte, die den Anforderungen professioneller EKG-Ger\u00e4te entspricht. Im Vergleich zu \u00e4lteren Akkutechnologien bietet sie ein besseres Verh\u00e4ltnis zwischen Kapazit\u00e4t und Platzbedarf. <\/p><p>Hauptfunktionen :<\/p><ul><li>Autonome Stromversorgung ohne Netzkabel<\/li><li>Zertifizierte Kompatibilit\u00e4t mit den Modellen Cardioline 100S und 200S<\/li><li>Li-Ionen-Technologie mit geringem Memory-Effekt<\/li><li>Vereinfachte Ersetzung gem\u00e4\u00df der technischen Dokumentation des Herstellers<\/li><li>Aufrechterhaltung der Leistung des Ger\u00e4ts bei mobiler Nutzung<\/li><\/ul><p><br>F\u00fcr die Installation dieses Zubeh\u00f6rs sind keine besonderen Werkzeuge erforderlich, sofern Sie die von Cardioline bereitgestellten Anweisungen befolgen. Das Format ist identisch mit dem Originalformat, so dass die mechanische und elektrische Kompatibilit\u00e4t mit den Ger\u00e4ten der genannten Serien gew\u00e4hrleistet ist. <\/p>\t\t\t\t\t\t\t\t<\/div>\n\t\t\t\t<div class=\"elementor-element elementor-element-f174e1d elementor-widget elementor-widget-heading\" data-id=\"f174e1d\" data-element_type=\"widget\" data-e-type=\"widget\" data-widget_type=\"heading.default\">\n\t\t\t\t\t<h2 class=\"elementor-heading-title elementor-size-default\">Nutzung, Einhaltung und Empfehlungen<\/h2>\t\t\t\t<\/div>\n\t\t\t\t<div class=\"elementor-element elementor-element-eef170d elementor-widget elementor-widget-text-editor\" data-id=\"eef170d\" data-element_type=\"widget\" data-e-type=\"widget\" data-widget_type=\"text-editor.default\">\n\t\t\t\t\t\t\t\t\t<p>In der Schweiz unterliegt Zubeh\u00f6r f\u00fcr Medizinprodukte, wie die Cardioline EKG-Batterie, den Bestimmungen der Medizinprodukteverordnung (MDDV \/ MedDO). Swissmedic ist die zust\u00e4ndige Beh\u00f6rde f\u00fcr die \u00dcberwachung des Marktes f\u00fcr Medizinprodukte in der Schweiz.<br>Dar\u00fcber hinaus m\u00fcssen Medizinprodukte, die in der Schweiz vermarktet werden, gem\u00e4\u00df der geltenden Gesetzgebung \u00fcber einen autorisierten Vertreter (CH-REP) verf\u00fcgen. <br>\t\t<div data-elementor-type=\"widget\" data-elementor-id=\"60303\" class=\"elementor elementor-60303 elementor-60240 elementor-60240\" data-elementor-post-type=\"elementor_library\">\n\t\t\t\t\t\t<div class=\"elementor-element elementor-element-60240 elementor-widget elementor-widget-text-editor\" data-id=\"60240\" data-element_type=\"widget\" data-e-type=\"widget\" data-widget_type=\"text-editor.default\">\n\t\t\t\t\t\t\t\t\t<p>Weitere Informationen finden Sie unter :<\/p><ul><li><a href=\"https:\/\/www.bag.admin.ch\" target=\"_blank\" rel=\"noopener\">Bundesamt f\u00fcr Gesundheit (BAG)<\/a><\/li><li><a href=\"https:\/\/www.switec.info\" target=\"_blank\" rel=\"noopener\">Schweizerisches Informationszentrum f\u00fcr technische Regeln (Switec)<\/a><\/li><\/ul><p><br>Unsere Medizinprodukte haben einen autorisierten Vertreter in der Schweiz (CH-REP), gem\u00e4\u00df der geltenden schweizerischen Gesetzgebung f\u00fcr Medizinprodukte.<\/p>\t\t\t\t\t\t\t\t<\/div>\n\t\t\t\t<\/div>\n\t\t<\/p>\t\t\t\t\t\t\t\t<\/div>\n\t\t\t\t<div class=\"elementor-element elementor-element-fd79b31 elementor-widget elementor-widget-heading\" data-id=\"fd79b31\" data-element_type=\"widget\" data-e-type=\"widget\" data-widget_type=\"heading.default\">\n\t\t\t\t\t<h2 class=\"elementor-heading-title elementor-size-default\">Inhalt<\/h2>\t\t\t\t<\/div>\n\t\t\t\t<div class=\"elementor-element elementor-element-fbf8938 elementor-widget elementor-widget-text-editor\" data-id=\"fbf8938\" data-element_type=\"widget\" data-e-type=\"widget\" data-widget_type=\"text-editor.default\">\n\t\t\t\t\t\t\t\t\t<p>Der Li-Ionen-Akku f\u00fcr EKG-Ger\u00e4te Cardioline 100S \/ 200S ist ein Ersatzzubeh\u00f6r f\u00fcr die autonome Stromversorgung kompatibler Elektrokardiographen. Sie ist daher in die laufende Wartung und den Standardbetrieb der Ger\u00e4te der betreffenden Serien integriert. Die Verwendung des Ger\u00e4ts muss jedoch in \u00dcbereinstimmung mit den technischen Anweisungen des Herstellers erfolgen.  <br><br>Inhalt der Verpackung :<\/p><ul><li>1 \u00d7 Li-Ionen-Akku f\u00fcr Cardioline 100S und 200S EKG-Ger\u00e4t<\/li><\/ul>\t\t\t\t\t\t\t\t<\/div>\n\t\t\t\t<\/div>\n\t\t\t\t<\/div>\n\t\t\t\t<\/div>\n\t\t","protected":false},"excerpt":{"rendered":"<p>Der Lithium-Ionen-Akku f\u00fcr EKG-Ger\u00e4te Cardioline 100S \/ 200S ist ein Ersatzzubeh\u00f6r f\u00fcr die kompatiblen Elektrokardiographen der Serie. Er stellt die Stromversorgung des Ger\u00e4tes im kabellosen Modus sicher und bietet somit eine erh\u00f6hte Flexibilit\u00e4t in professionellen Umgebungen. Dieses austauschbare Element wird in die laufende Wartung der betreffenden Cardioline-Ger\u00e4te gem\u00e4\u00df den technischen Empfehlungen des Herstellers integriert. Erh\u00e4ltlich bei Swixed, einem H\u00e4ndler f\u00fcr medizinisches Zubeh\u00f6r in der Schweiz.   <\/p>\n","protected":false},"featured_media":61789,"template":"","meta":{"_acf_changed":false},"product_brand":[7891],"product_cat":[954,1199],"product_tag":[7893,7806,7811,7808,6716,4500,7809,7807,7812,7768],"class_list":{"0":"post-61787","1":"product","2":"type-product","3":"status-publish","4":"has-post-thumbnail","6":"product_brand-cardioline","7":"product_cat-elektrokardiographen","8":"product_cat-zubehor-belastungs","9":"product_tag-cardioline-kompatibilitat","10":"product_tag-ekg-batterie","11":"product_tag-ekg-ersatzteil","12":"product_tag-ekg-versorgung","13":"product_tag-ekg-wartung","14":"product_tag-ekg-zubehor-de","15":"product_tag-interne-batterie","16":"product_tag-li-ionen-akku","17":"product_tag-tragbare-stromversorgung","18":"product_tag-wiederaufladbare-batterie","20":"first","21":"instock","22":"taxable","23":"shipping-taxable","24":"purchasable","25":"product-type-simple"},"acf":[],"yoast_head":"<!-- This site is optimized with the Yoast SEO Premium plugin v27.4 (Yoast SEO v27.4) - https:\/\/yoast.com\/product\/yoast-seo-premium-wordpress\/ -->\n<title>EKG-Batterie Cardioline 100S \/ 200S | Swixed SA%<\/title>\n<meta name=\"description\" content=\"Ersatz-Li-Ionen-Akku f\u00fcr Cardioline 100S und 200S EKG-Ger\u00e4te. Kompatibles Zubeh\u00f6r, das den Empfehlungen des Herstellers entspricht. Lieferung in der Schweiz.\" \/>\n<meta name=\"robots\" content=\"index, follow, max-snippet:-1, max-image-preview:large, max-video-preview:-1\" \/>\n<link rel=\"canonical\" href=\"https:\/\/swixed.ch\/de\/produkt\/sed14014\/\" \/>\n<meta property=\"og:locale\" content=\"de_DE\" \/>\n<meta property=\"og:type\" content=\"article\" \/>\n<meta property=\"og:title\" content=\"Batterie f\u00fcr EKG-Ger\u00e4t Cardioline 100S \/ 200S\" \/>\n<meta property=\"og:description\" content=\"Ersatz-Li-Ionen-Akku f\u00fcr Cardioline 100S und 200S EKG-Ger\u00e4te. Kompatibles Zubeh\u00f6r, das den Empfehlungen des Herstellers entspricht. Lieferung in der Schweiz.\" \/>\n<meta property=\"og:url\" content=\"https:\/\/swixed.ch\/de\/produkt\/sed14014\/\" \/>\n<meta property=\"og:site_name\" content=\"Swixed SA\" \/>\n<meta property=\"article:publisher\" content=\"https:\/\/www.facebook.com\/swixed\" \/>\n<meta property=\"article:modified_time\" content=\"2026-04-19T10:44:05+00:00\" \/>\n<meta property=\"og:image\" content=\"https:\/\/swixed.ch\/wp-content\/uploads\/2026\/01\/SED14014-01.png\" \/>\n\t<meta property=\"og:image:width\" content=\"600\" \/>\n\t<meta property=\"og:image:height\" content=\"600\" \/>\n\t<meta property=\"og:image:type\" content=\"image\/png\" \/>\n<meta name=\"twitter:card\" content=\"summary_large_image\" \/>\n<meta name=\"twitter:label1\" content=\"Gesch\u00e4tzte Lesezeit\" \/>\n\t<meta name=\"twitter:data1\" content=\"2\u00a0Minuten\" \/>\n<script type=\"application\/ld+json\" class=\"yoast-schema-graph\">{\"@context\":\"https:\\\/\\\/schema.org\",\"@graph\":[{\"@type\":\"WebPage\",\"@id\":\"https:\\\/\\\/swixed.ch\\\/de\\\/produkt\\\/sed14014\\\/\",\"url\":\"https:\\\/\\\/swixed.ch\\\/de\\\/produkt\\\/sed14014\\\/\",\"name\":\"EKG-Batterie Cardioline 100S \\\/ 200S | Swixed SA%\",\"isPartOf\":{\"@id\":\"https:\\\/\\\/swixed.ch\\\/de\\\/#website\"},\"primaryImageOfPage\":{\"@id\":\"https:\\\/\\\/swixed.ch\\\/de\\\/produkt\\\/sed14014\\\/#primaryimage\"},\"image\":{\"@id\":\"https:\\\/\\\/swixed.ch\\\/de\\\/produkt\\\/sed14014\\\/#primaryimage\"},\"thumbnailUrl\":\"https:\\\/\\\/swixed.ch\\\/wp-content\\\/uploads\\\/2026\\\/01\\\/SED14014-01.png\",\"datePublished\":\"2026-02-02T05:30:54+00:00\",\"dateModified\":\"2026-04-19T10:44:05+00:00\",\"description\":\"Ersatz-Li-Ionen-Akku f\u00fcr Cardioline 100S und 200S EKG-Ger\u00e4te. Kompatibles Zubeh\u00f6r, das den Empfehlungen des Herstellers entspricht. Lieferung in der Schweiz.\",\"breadcrumb\":{\"@id\":\"https:\\\/\\\/swixed.ch\\\/de\\\/produkt\\\/sed14014\\\/#breadcrumb\"},\"inLanguage\":\"de\",\"potentialAction\":[{\"@type\":\"ReadAction\",\"target\":[\"https:\\\/\\\/swixed.ch\\\/de\\\/produkt\\\/sed14014\\\/\"]}]},{\"@type\":\"ImageObject\",\"inLanguage\":\"de\",\"@id\":\"https:\\\/\\\/swixed.ch\\\/de\\\/produkt\\\/sed14014\\\/#primaryimage\",\"url\":\"https:\\\/\\\/swixed.ch\\\/wp-content\\\/uploads\\\/2026\\\/01\\\/SED14014-01.png\",\"contentUrl\":\"https:\\\/\\\/swixed.ch\\\/wp-content\\\/uploads\\\/2026\\\/01\\\/SED14014-01.png\",\"width\":600,\"height\":600,\"caption\":\"SED14014\"},{\"@type\":\"BreadcrumbList\",\"@id\":\"https:\\\/\\\/swixed.ch\\\/de\\\/produkt\\\/sed14014\\\/#breadcrumb\",\"itemListElement\":[{\"@type\":\"ListItem\",\"position\":1,\"name\":\"Startseite\",\"item\":\"https:\\\/\\\/swixed.ch\\\/de\\\/home\\\/\"},{\"@type\":\"ListItem\",\"position\":2,\"name\":\"Shop\",\"item\":\"https:\\\/\\\/swixed.ch\\\/de\\\/shop\\\/\"},{\"@type\":\"ListItem\",\"position\":3,\"name\":\"Batterie f\u00fcr EKG-Ger\u00e4t Cardioline 100S \\\/ 200S\"}]},{\"@type\":\"WebSite\",\"@id\":\"https:\\\/\\\/swixed.ch\\\/de\\\/#website\",\"url\":\"https:\\\/\\\/swixed.ch\\\/de\\\/\",\"name\":\"Swixed SA\",\"description\":\"Elektronische Ger\u00e4te\",\"publisher\":{\"@id\":\"https:\\\/\\\/swixed.ch\\\/de\\\/#organization\"},\"potentialAction\":[{\"@type\":\"SearchAction\",\"target\":{\"@type\":\"EntryPoint\",\"urlTemplate\":\"https:\\\/\\\/swixed.ch\\\/de\\\/?s={search_term_string}\"},\"query-input\":{\"@type\":\"PropertyValueSpecification\",\"valueRequired\":true,\"valueName\":\"search_term_string\"}}],\"inLanguage\":\"de\"},{\"@type\":\"Organization\",\"@id\":\"https:\\\/\\\/swixed.ch\\\/de\\\/#organization\",\"name\":\"Swixed SA\",\"url\":\"https:\\\/\\\/swixed.ch\\\/de\\\/\",\"logo\":{\"@type\":\"ImageObject\",\"inLanguage\":\"de\",\"@id\":\"https:\\\/\\\/swixed.ch\\\/de\\\/#\\\/schema\\\/logo\\\/image\\\/\",\"url\":\"https:\\\/\\\/swixed.ch\\\/wp-content\\\/uploads\\\/logos\\\/swixed-logo-lite.png\",\"contentUrl\":\"https:\\\/\\\/swixed.ch\\\/wp-content\\\/uploads\\\/logos\\\/swixed-logo-lite.png\",\"width\":696,\"height\":696,\"caption\":\"Swixed SA\"},\"image\":{\"@id\":\"https:\\\/\\\/swixed.ch\\\/de\\\/#\\\/schema\\\/logo\\\/image\\\/\"},\"sameAs\":[\"https:\\\/\\\/www.facebook.com\\\/swixed\",\"https:\\\/\\\/www.linkedin.com\\\/company\\\/swixed\",\"https:\\\/\\\/www.youtube.com\\\/@swixedsa\"],\"description\":\"Swixed SA est une entreprise suisse bas\u00e9e \u00e0 Gen\u00e8ve, sp\u00e9cialis\u00e9e dans la vente, la location et la maintenance d\u2019appareils m\u00e9dicaux professionnels, tels que d\u00e9fibrillateurs AED, \u00e9lectrocardiographes, moniteurs patient et dispositifs de diagnostic.\",\"email\":\"infoshop@swixed.ch\",\"telephone\":\"+41 22 566 11 95\",\"legalName\":\"Swixed SA\",\"foundingDate\":\"2021-03-01\",\"numberOfEmployees\":{\"@type\":\"QuantitativeValue\",\"minValue\":\"1\",\"maxValue\":\"10\"}}]}<\/script>\n<!-- \/ Yoast SEO Premium plugin. -->","yoast_head_json":{"title":"EKG-Batterie Cardioline 100S \/ 200S | Swixed SA%","description":"Ersatz-Li-Ionen-Akku f\u00fcr Cardioline 100S und 200S EKG-Ger\u00e4te. Kompatibles Zubeh\u00f6r, das den Empfehlungen des Herstellers entspricht. Lieferung in der Schweiz.","robots":{"index":"index","follow":"follow","max-snippet":"max-snippet:-1","max-image-preview":"max-image-preview:large","max-video-preview":"max-video-preview:-1"},"canonical":"https:\/\/swixed.ch\/de\/produkt\/sed14014\/","og_locale":"de_DE","og_type":"article","og_title":"Batterie f\u00fcr EKG-Ger\u00e4t Cardioline 100S \/ 200S","og_description":"Ersatz-Li-Ionen-Akku f\u00fcr Cardioline 100S und 200S EKG-Ger\u00e4te. Kompatibles Zubeh\u00f6r, das den Empfehlungen des Herstellers entspricht. Lieferung in der Schweiz.","og_url":"https:\/\/swixed.ch\/de\/produkt\/sed14014\/","og_site_name":"Swixed SA","article_publisher":"https:\/\/www.facebook.com\/swixed","article_modified_time":"2026-04-19T10:44:05+00:00","og_image":[{"width":600,"height":600,"url":"https:\/\/swixed.ch\/wp-content\/uploads\/2026\/01\/SED14014-01.png","type":"image\/png"}],"twitter_card":"summary_large_image","twitter_misc":{"Gesch\u00e4tzte Lesezeit":"2\u00a0Minuten"},"schema":{"@context":"https:\/\/schema.org","@graph":[{"@type":"WebPage","@id":"https:\/\/swixed.ch\/de\/produkt\/sed14014\/","url":"https:\/\/swixed.ch\/de\/produkt\/sed14014\/","name":"EKG-Batterie Cardioline 100S \/ 200S | Swixed SA%","isPartOf":{"@id":"https:\/\/swixed.ch\/de\/#website"},"primaryImageOfPage":{"@id":"https:\/\/swixed.ch\/de\/produkt\/sed14014\/#primaryimage"},"image":{"@id":"https:\/\/swixed.ch\/de\/produkt\/sed14014\/#primaryimage"},"thumbnailUrl":"https:\/\/swixed.ch\/wp-content\/uploads\/2026\/01\/SED14014-01.png","datePublished":"2026-02-02T05:30:54+00:00","dateModified":"2026-04-19T10:44:05+00:00","description":"Ersatz-Li-Ionen-Akku f\u00fcr Cardioline 100S und 200S EKG-Ger\u00e4te. Kompatibles Zubeh\u00f6r, das den Empfehlungen des Herstellers entspricht. Lieferung in der Schweiz.","breadcrumb":{"@id":"https:\/\/swixed.ch\/de\/produkt\/sed14014\/#breadcrumb"},"inLanguage":"de","potentialAction":[{"@type":"ReadAction","target":["https:\/\/swixed.ch\/de\/produkt\/sed14014\/"]}]},{"@type":"ImageObject","inLanguage":"de","@id":"https:\/\/swixed.ch\/de\/produkt\/sed14014\/#primaryimage","url":"https:\/\/swixed.ch\/wp-content\/uploads\/2026\/01\/SED14014-01.png","contentUrl":"https:\/\/swixed.ch\/wp-content\/uploads\/2026\/01\/SED14014-01.png","width":600,"height":600,"caption":"SED14014"},{"@type":"BreadcrumbList","@id":"https:\/\/swixed.ch\/de\/produkt\/sed14014\/#breadcrumb","itemListElement":[{"@type":"ListItem","position":1,"name":"Startseite","item":"https:\/\/swixed.ch\/de\/home\/"},{"@type":"ListItem","position":2,"name":"Shop","item":"https:\/\/swixed.ch\/de\/shop\/"},{"@type":"ListItem","position":3,"name":"Batterie f\u00fcr EKG-Ger\u00e4t Cardioline 100S \/ 200S"}]},{"@type":"WebSite","@id":"https:\/\/swixed.ch\/de\/#website","url":"https:\/\/swixed.ch\/de\/","name":"Swixed SA","description":"Elektronische Ger\u00e4te","publisher":{"@id":"https:\/\/swixed.ch\/de\/#organization"},"potentialAction":[{"@type":"SearchAction","target":{"@type":"EntryPoint","urlTemplate":"https:\/\/swixed.ch\/de\/?s={search_term_string}"},"query-input":{"@type":"PropertyValueSpecification","valueRequired":true,"valueName":"search_term_string"}}],"inLanguage":"de"},{"@type":"Organization","@id":"https:\/\/swixed.ch\/de\/#organization","name":"Swixed SA","url":"https:\/\/swixed.ch\/de\/","logo":{"@type":"ImageObject","inLanguage":"de","@id":"https:\/\/swixed.ch\/de\/#\/schema\/logo\/image\/","url":"https:\/\/swixed.ch\/wp-content\/uploads\/logos\/swixed-logo-lite.png","contentUrl":"https:\/\/swixed.ch\/wp-content\/uploads\/logos\/swixed-logo-lite.png","width":696,"height":696,"caption":"Swixed SA"},"image":{"@id":"https:\/\/swixed.ch\/de\/#\/schema\/logo\/image\/"},"sameAs":["https:\/\/www.facebook.com\/swixed","https:\/\/www.linkedin.com\/company\/swixed","https:\/\/www.youtube.com\/@swixedsa"],"description":"Swixed SA est une entreprise suisse bas\u00e9e \u00e0 Gen\u00e8ve, sp\u00e9cialis\u00e9e dans la vente, la location et la maintenance d\u2019appareils m\u00e9dicaux professionnels, tels que d\u00e9fibrillateurs AED, \u00e9lectrocardiographes, moniteurs patient et dispositifs de diagnostic.","email":"infoshop@swixed.ch","telephone":"+41 22 566 11 95","legalName":"Swixed SA","foundingDate":"2021-03-01","numberOfEmployees":{"@type":"QuantitativeValue","minValue":"1","maxValue":"10"}}]}},"_links":{"self":[{"href":"https:\/\/swixed.ch\/de\/wp-json\/wp\/v2\/product\/61787","targetHints":{"allow":["GET"]}}],"collection":[{"href":"https:\/\/swixed.ch\/de\/wp-json\/wp\/v2\/product"}],"about":[{"href":"https:\/\/swixed.ch\/de\/wp-json\/wp\/v2\/types\/product"}],"version-history":[{"count":0,"href":"https:\/\/swixed.ch\/de\/wp-json\/wp\/v2\/product\/61787\/revisions"}],"wp:featuredmedia":[{"embeddable":true,"href":"https:\/\/swixed.ch\/de\/wp-json\/wp\/v2\/media\/61789"}],"wp:attachment":[{"href":"https:\/\/swixed.ch\/de\/wp-json\/wp\/v2\/media?parent=61787"}],"wp:term":[{"taxonomy":"product_brand","embeddable":true,"href":"https:\/\/swixed.ch\/de\/wp-json\/wp\/v2\/product_brand?post=61787"},{"taxonomy":"product_cat","embeddable":true,"href":"https:\/\/swixed.ch\/de\/wp-json\/wp\/v2\/product_cat?post=61787"},{"taxonomy":"product_tag","embeddable":true,"href":"https:\/\/swixed.ch\/de\/wp-json\/wp\/v2\/product_tag?post=61787"}],"curies":[{"name":"wp","href":"https:\/\/api.w.org\/{rel}","templated":true}]}}