{"id":61802,"date":"2026-02-02T07:55:28","date_gmt":"2026-02-02T06:55:28","guid":{"rendered":"https:\/\/swixed.ch\/?post_type=product&#038;p=61802"},"modified":"2026-04-19T13:56:55","modified_gmt":"2026-04-19T12:56:55","slug":"sed14019","status":"publish","type":"product","link":"https:\/\/swixed.ch\/de\/produkt\/sed14019\/","title":{"rendered":"Patientenkabel mit Clips f\u00fcr Cardioline EKG-Ger\u00e4te"},"content":{"rendered":"\t\t<div data-elementor-type=\"product-post\" data-elementor-id=\"61802\" class=\"elementor elementor-61802 elementor-61801\" data-elementor-post-type=\"product\">\n\t\t\t\t<div class=\"elementor-element elementor-element-1c8d12e e-con-full e-flex e-con e-parent\" data-id=\"1c8d12e\" data-element_type=\"container\" data-e-type=\"container\">\n\t\t<div class=\"elementor-element elementor-element-363bd6f e-con-full e-flex e-con e-child\" data-id=\"363bd6f\" data-element_type=\"container\" data-e-type=\"container\">\n\t\t\t\t<div class=\"elementor-element elementor-element-b6d3e52 elementor-widget elementor-widget-heading\" data-id=\"b6d3e52\" data-element_type=\"widget\" data-e-type=\"widget\" data-widget_type=\"heading.default\">\n\t\t\t\t\t<h2 class=\"elementor-heading-title elementor-size-default\">Hauptmerkmale<\/h2>\t\t\t\t<\/div>\n\t\t\t\t<div class=\"elementor-element elementor-element-3661e64 elementor-widget elementor-widget-text-editor\" data-id=\"3661e64\" data-element_type=\"widget\" data-e-type=\"widget\" data-widget_type=\"text-editor.default\">\n\t\t\t\t\t\t\t\t\t<p>Das Cardioline EKG-Patientenkabel mit Clips verbindet die Elektroden mit einem kompatiblen Elektrokardiographen. Es empf\u00e4ngt und \u00fcbertr\u00e4gt das Herzsignal w\u00e4hrend einer 12-Kanal-Aufzeichnung. Die farbcodierten Anschl\u00fcsse erm\u00f6glichen es, jede Elektrode beim Anschlie\u00dfen schnell zu finden, und das Kabel ist je nach Konfiguration in zwei Versionen erh\u00e4ltlich: Bananenstecker oder Snaps. So kann es an die verschiedenen Arten von Elektroden angepasst werden, die auf dem Markt erh\u00e4ltlich sind.   <\/p><p>Hauptmerkmale :<\/p><ul><li>Kompatibilit\u00e4t mit EKG-Ger\u00e4ten Cardioline 100L, 100S, 200L und 200S<\/li><li>Erwerb eines EKGs mit 12 Ableitungen<\/li><li>Farbcodierte Elektrodenanschl\u00fcsse<\/li><li>Version mit Bananenst\u00f6psel oder Snaps<\/li><li>Kabell\u00e4nge: 1 Meter<\/li><\/ul><p><br>Dar\u00fcber hinaus wird dieses Zubeh\u00f6r direkt an das Ger\u00e4t angeschlossen, ohne dass es vorher eingestellt werden muss. <a href=\"https:\/\/swixed.ch\/de\/produkt-kategorie\/elektrokardiographen\/zubehor-belastungs\/?brand=cardioline\">Klicken Sie hier, um das gesamte verf\u00fcgbare EKG-Zubeh\u00f6r von Cardioline anzuzeigen<\/a>.<\/p>\t\t\t\t\t\t\t\t<\/div>\n\t\t\t\t<div class=\"elementor-element elementor-element-f7b75ab elementor-widget elementor-widget-heading\" data-id=\"f7b75ab\" data-element_type=\"widget\" data-e-type=\"widget\" data-widget_type=\"heading.default\">\n\t\t\t\t\t<h2 class=\"elementor-heading-title elementor-size-default\">Funktionen<\/h2>\t\t\t\t<\/div>\n\t\t\t\t<div class=\"elementor-element elementor-element-a87cd59 elementor-widget elementor-widget-text-editor\" data-id=\"a87cd59\" data-element_type=\"widget\" data-e-type=\"widget\" data-widget_type=\"text-editor.default\">\n\t\t\t\t\t\t\t\t\t<p>Das Cardioline EKG-Patientenkabel mit Clips \u00fcbertr\u00e4gt die Signale zwischen den Elektroden und dem Ger\u00e4t. Jeder Stecker ist farbcodiert, so dass Sie jede Leitung schnell identifizieren k\u00f6nnen. So bleibt der Anschluss auch im Alltag einfach und schnell.<br>Die L\u00e4nge von 1 Meter reduziert den Platzbedarf auf dem Arbeitsplatz. Gleichzeitig bietet sie eine n\u00fctzliche Reichweite f\u00fcr die \u00fcblichen Untersuchungspositionen. Das Kabel ist als Bananen- oder Snap-Kabel erh\u00e4ltlich, so dass es mit verschiedenen Arten von Elektroden kombiniert werden kann.    <\/p><p>Detaillierte Funktionen :<\/p><ul><li>\u00dcbertragung des EKG-Signals an 12 Ableitungen gleichzeitig<\/li><li>Farbcodierung, um jede Abzweigung fehlerfrei zu identifizieren<\/li><li>Zwei Arten von Anschl\u00fcssen: Bananen- und Snap-Anschl\u00fcsse<\/li><li>1 Meter L\u00e4nge f\u00fcr g\u00e4ngige Untersuchungsstationen<\/li><li>Sofort einsatzbereit, keine Montage erforderlich<\/li><\/ul><p><br>Schlie\u00dflich ben\u00f6tigt das Zubeh\u00f6r keine Werkzeuge f\u00fcr den Anschluss.<\/p>\t\t\t\t\t\t\t\t<\/div>\n\t\t\t\t<div class=\"elementor-element elementor-element-f174e1d elementor-widget elementor-widget-heading\" data-id=\"f174e1d\" data-element_type=\"widget\" data-e-type=\"widget\" data-widget_type=\"heading.default\">\n\t\t\t\t\t<h2 class=\"elementor-heading-title elementor-size-default\">Nutzung, Einhaltung und Empfehlungen<\/h2>\t\t\t\t<\/div>\n\t\t\t\t<div class=\"elementor-element elementor-element-eef170d elementor-widget elementor-widget-text-editor\" data-id=\"eef170d\" data-element_type=\"widget\" data-e-type=\"widget\" data-widget_type=\"text-editor.default\">\n\t\t\t\t\t\t\t\t\t<p>Das Cardioline EKG-Patientenkabel mit Clips kann nur mit einem kompatiblen Elektrokardiographen verbunden werden. Es bildet somit eine Einheit mit einem medizinischen Ger\u00e4t, das den geltenden Schweizer Vorschriften unterliegt. <\/p><p>In der Schweiz werden die Regeln f\u00fcr medizinische Ger\u00e4te und deren Zubeh\u00f6r von der Medizinprodukteverordnung (MepV \/ MedDV) abgeleitet. Swissmedic kontrolliert das Inverkehrbringen und die \u00dcberwachung dieser Produkte. Dar\u00fcber hinaus stellt das Bundesamt f\u00fcr Gesundheit (BAG) n\u00fctzliche Informationen f\u00fcr Angeh\u00f6rige der Gesundheitsberufe zur Verf\u00fcgung.  <br>\t\t<div data-elementor-type=\"widget\" data-elementor-id=\"60303\" class=\"elementor elementor-60303 elementor-60240 elementor-60240\" data-elementor-post-type=\"elementor_library\">\n\t\t\t\t\t\t<div class=\"elementor-element elementor-element-60240 elementor-widget elementor-widget-text-editor\" data-id=\"60240\" data-element_type=\"widget\" data-e-type=\"widget\" data-widget_type=\"text-editor.default\">\n\t\t\t\t\t\t\t\t\t<p>Weitere Informationen finden Sie unter :<\/p><ul><li><a href=\"https:\/\/www.bag.admin.ch\" target=\"_blank\" rel=\"noopener\">Bundesamt f\u00fcr Gesundheit (BAG)<\/a><\/li><li><a href=\"https:\/\/www.switec.info\" target=\"_blank\" rel=\"noopener\">Schweizerisches Informationszentrum f\u00fcr technische Regeln (Switec)<\/a><\/li><\/ul><p><br>Unsere Medizinprodukte haben einen autorisierten Vertreter in der Schweiz (CH-REP), gem\u00e4\u00df der geltenden schweizerischen Gesetzgebung f\u00fcr Medizinprodukte.<\/p>\t\t\t\t\t\t\t\t<\/div>\n\t\t\t\t<\/div>\n\t\t<\/p>\t\t\t\t\t\t\t\t<\/div>\n\t\t\t\t<div class=\"elementor-element elementor-element-fd79b31 elementor-widget elementor-widget-heading\" data-id=\"fd79b31\" data-element_type=\"widget\" data-e-type=\"widget\" data-widget_type=\"heading.default\">\n\t\t\t\t\t<h2 class=\"elementor-heading-title elementor-size-default\">Inhalt<\/h2>\t\t\t\t<\/div>\n\t\t\t\t<div class=\"elementor-element elementor-element-fbf8938 elementor-widget elementor-widget-text-editor\" data-id=\"fbf8938\" data-element_type=\"widget\" data-e-type=\"widget\" data-widget_type=\"text-editor.default\">\n\t\t\t\t\t\t\t\t\t<p>Das Cardioline EKG-Patientenkabel mit Clips ist sofort einsatzbereit. Es wird direkt an einen kompatiblen Elektrokardiographen angeschlossen, ohne dass eine Montage oder Einstellung erforderlich ist. So k\u00f6nnen Sie dieses Zubeh\u00f6r schnell und einfach zu einem bestehenden System hinzuf\u00fcgen.  <br><br>Inhalt der Verpackung :<\/p><ul><li>1 \u00d7 Patientenkabel mit Clips f\u00fcr Cardioline EKG, kompatibel mit den Modellen 100L, 100S, 200L und 200S<\/li><\/ul>\t\t\t\t\t\t\t\t<\/div>\n\t\t\t\t<\/div>\n\t\t\t\t<\/div>\n\t\t\t\t<\/div>\n\t\t","protected":false},"excerpt":{"rendered":"<p>Das Cardioline EKG-Druckpatientenkabel ist ein Zubeh\u00f6r f\u00fcr die Aufzeichnung eines 12-Kanal-EKGs mit den Systemen Cardioline 100L, 100S, 200L und 200S. Es enth\u00e4lt farbcodierte Elektrodenanschl\u00fcsse vom Typ Snaps (Clip). Die L\u00e4nge von 1,5 Metern erleichtert das Anbringen von Elektroden in einer professionellen Umgebung und gew\u00e4hrleistet gleichzeitig eine zuverl\u00e4ssige Verbindung mit dem kompatiblen Elektrokardiographen.  <\/p>\n","protected":false},"featured_media":61805,"template":"","meta":{"_acf_changed":false},"product_brand":[7891],"product_cat":[954,1199],"product_tag":[7831,7827,7836,7702,7811,4493,7826,6716,4500,7896],"class_list":{"0":"post-61802","1":"product","2":"type-product","3":"status-publish","4":"has-post-thumbnail","6":"product_brand-cardioline","7":"product_cat-elektrokardiographen","8":"product_cat-zubehor-belastungs","9":"product_tag-druckkabel","10":"product_tag-ekg-anschluss-2","11":"product_tag-ekg-anschluss-3","12":"product_tag-ekg-erfassung","13":"product_tag-ekg-ersatzteil","14":"product_tag-ekg-kabel","15":"product_tag-ekg-patientenkabel","16":"product_tag-ekg-wartung","17":"product_tag-ekg-zubehor-de","18":"product_tag-kompatibel-mit-cardioline","20":"first","21":"instock","22":"taxable","23":"shipping-taxable","24":"purchasable","25":"product-type-simple"},"acf":[],"yoast_head":"<!-- This site is optimized with the Yoast SEO Premium plugin v27.4 (Yoast SEO v27.4) - https:\/\/yoast.com\/product\/yoast-seo-premium-wordpress\/ -->\n<title>Druckpatientenkabel f\u00fcr Cardioline EKG | Swixed SA<\/title>\n<meta name=\"description\" content=\"Patienten-Druckkabel f\u00fcr Cardioline EKG-Ger\u00e4te, kompatibel mit 100L, 100S, 200L und 200S. EKG-Zubeh\u00f6r mit 12 Ableitungen und farbkodierten Anschl\u00fcssen.\" \/>\n<meta name=\"robots\" content=\"index, follow, max-snippet:-1, max-image-preview:large, max-video-preview:-1\" \/>\n<link rel=\"canonical\" href=\"https:\/\/swixed.ch\/de\/produkt\/sed14019\/\" \/>\n<meta property=\"og:locale\" content=\"de_DE\" \/>\n<meta property=\"og:type\" content=\"article\" \/>\n<meta property=\"og:title\" content=\"Patientenkabel mit Clips f\u00fcr Cardioline EKG-Ger\u00e4te\" \/>\n<meta property=\"og:description\" content=\"Patienten-Druckkabel f\u00fcr Cardioline EKG-Ger\u00e4te, kompatibel mit 100L, 100S, 200L und 200S. EKG-Zubeh\u00f6r mit 12 Ableitungen und farbkodierten Anschl\u00fcssen.\" \/>\n<meta property=\"og:url\" content=\"https:\/\/swixed.ch\/de\/produkt\/sed14019\/\" \/>\n<meta property=\"og:site_name\" content=\"Swixed SA\" \/>\n<meta property=\"article:publisher\" content=\"https:\/\/www.facebook.com\/swixed\" \/>\n<meta property=\"article:modified_time\" content=\"2026-04-19T12:56:55+00:00\" \/>\n<meta property=\"og:image\" content=\"https:\/\/swixed.ch\/wp-content\/uploads\/2026\/01\/SED14019-01.png\" \/>\n\t<meta property=\"og:image:width\" content=\"600\" \/>\n\t<meta property=\"og:image:height\" content=\"600\" \/>\n\t<meta property=\"og:image:type\" content=\"image\/png\" \/>\n<meta name=\"twitter:card\" content=\"summary_large_image\" \/>\n<meta name=\"twitter:label1\" content=\"Gesch\u00e4tzte Lesezeit\" \/>\n\t<meta name=\"twitter:data1\" content=\"2\u00a0Minuten\" \/>\n<script type=\"application\/ld+json\" class=\"yoast-schema-graph\">{\"@context\":\"https:\\\/\\\/schema.org\",\"@graph\":[{\"@type\":\"WebPage\",\"@id\":\"https:\\\/\\\/swixed.ch\\\/de\\\/produkt\\\/sed14019\\\/\",\"url\":\"https:\\\/\\\/swixed.ch\\\/de\\\/produkt\\\/sed14019\\\/\",\"name\":\"Druckpatientenkabel f\u00fcr Cardioline EKG | Swixed SA\",\"isPartOf\":{\"@id\":\"https:\\\/\\\/swixed.ch\\\/de\\\/#website\"},\"primaryImageOfPage\":{\"@id\":\"https:\\\/\\\/swixed.ch\\\/de\\\/produkt\\\/sed14019\\\/#primaryimage\"},\"image\":{\"@id\":\"https:\\\/\\\/swixed.ch\\\/de\\\/produkt\\\/sed14019\\\/#primaryimage\"},\"thumbnailUrl\":\"https:\\\/\\\/swixed.ch\\\/wp-content\\\/uploads\\\/2026\\\/01\\\/SED14019-01.png\",\"datePublished\":\"2026-02-02T06:55:28+00:00\",\"dateModified\":\"2026-04-19T12:56:55+00:00\",\"description\":\"Patienten-Druckkabel f\u00fcr Cardioline EKG-Ger\u00e4te, kompatibel mit 100L, 100S, 200L und 200S. EKG-Zubeh\u00f6r mit 12 Ableitungen und farbkodierten Anschl\u00fcssen.\",\"breadcrumb\":{\"@id\":\"https:\\\/\\\/swixed.ch\\\/de\\\/produkt\\\/sed14019\\\/#breadcrumb\"},\"inLanguage\":\"de\",\"potentialAction\":[{\"@type\":\"ReadAction\",\"target\":[\"https:\\\/\\\/swixed.ch\\\/de\\\/produkt\\\/sed14019\\\/\"]}]},{\"@type\":\"ImageObject\",\"inLanguage\":\"de\",\"@id\":\"https:\\\/\\\/swixed.ch\\\/de\\\/produkt\\\/sed14019\\\/#primaryimage\",\"url\":\"https:\\\/\\\/swixed.ch\\\/wp-content\\\/uploads\\\/2026\\\/01\\\/SED14019-01.png\",\"contentUrl\":\"https:\\\/\\\/swixed.ch\\\/wp-content\\\/uploads\\\/2026\\\/01\\\/SED14019-01.png\",\"width\":600,\"height\":600,\"caption\":\"SED14019\"},{\"@type\":\"BreadcrumbList\",\"@id\":\"https:\\\/\\\/swixed.ch\\\/de\\\/produkt\\\/sed14019\\\/#breadcrumb\",\"itemListElement\":[{\"@type\":\"ListItem\",\"position\":1,\"name\":\"Startseite\",\"item\":\"https:\\\/\\\/swixed.ch\\\/de\\\/home\\\/\"},{\"@type\":\"ListItem\",\"position\":2,\"name\":\"Shop\",\"item\":\"https:\\\/\\\/swixed.ch\\\/de\\\/shop\\\/\"},{\"@type\":\"ListItem\",\"position\":3,\"name\":\"Patientenkabel mit Clips f\u00fcr Cardioline EKG-Ger\u00e4te\"}]},{\"@type\":\"WebSite\",\"@id\":\"https:\\\/\\\/swixed.ch\\\/de\\\/#website\",\"url\":\"https:\\\/\\\/swixed.ch\\\/de\\\/\",\"name\":\"Swixed SA\",\"description\":\"Elektronische Ger\u00e4te\",\"publisher\":{\"@id\":\"https:\\\/\\\/swixed.ch\\\/de\\\/#organization\"},\"potentialAction\":[{\"@type\":\"SearchAction\",\"target\":{\"@type\":\"EntryPoint\",\"urlTemplate\":\"https:\\\/\\\/swixed.ch\\\/de\\\/?s={search_term_string}\"},\"query-input\":{\"@type\":\"PropertyValueSpecification\",\"valueRequired\":true,\"valueName\":\"search_term_string\"}}],\"inLanguage\":\"de\"},{\"@type\":\"Organization\",\"@id\":\"https:\\\/\\\/swixed.ch\\\/de\\\/#organization\",\"name\":\"Swixed SA\",\"url\":\"https:\\\/\\\/swixed.ch\\\/de\\\/\",\"logo\":{\"@type\":\"ImageObject\",\"inLanguage\":\"de\",\"@id\":\"https:\\\/\\\/swixed.ch\\\/de\\\/#\\\/schema\\\/logo\\\/image\\\/\",\"url\":\"https:\\\/\\\/swixed.ch\\\/wp-content\\\/uploads\\\/logos\\\/swixed-logo-lite.png\",\"contentUrl\":\"https:\\\/\\\/swixed.ch\\\/wp-content\\\/uploads\\\/logos\\\/swixed-logo-lite.png\",\"width\":696,\"height\":696,\"caption\":\"Swixed SA\"},\"image\":{\"@id\":\"https:\\\/\\\/swixed.ch\\\/de\\\/#\\\/schema\\\/logo\\\/image\\\/\"},\"sameAs\":[\"https:\\\/\\\/www.facebook.com\\\/swixed\",\"https:\\\/\\\/www.linkedin.com\\\/company\\\/swixed\",\"https:\\\/\\\/www.youtube.com\\\/@swixedsa\"],\"description\":\"Swixed SA est une entreprise suisse bas\u00e9e \u00e0 Gen\u00e8ve, sp\u00e9cialis\u00e9e dans la vente, la location et la maintenance d\u2019appareils m\u00e9dicaux professionnels, tels que d\u00e9fibrillateurs AED, \u00e9lectrocardiographes, moniteurs patient et dispositifs de diagnostic.\",\"email\":\"infoshop@swixed.ch\",\"telephone\":\"+41 22 566 11 95\",\"legalName\":\"Swixed SA\",\"foundingDate\":\"2021-03-01\",\"numberOfEmployees\":{\"@type\":\"QuantitativeValue\",\"minValue\":\"1\",\"maxValue\":\"10\"}}]}<\/script>\n<!-- \/ Yoast SEO Premium plugin. -->","yoast_head_json":{"title":"Druckpatientenkabel f\u00fcr Cardioline EKG | Swixed SA","description":"Patienten-Druckkabel f\u00fcr Cardioline EKG-Ger\u00e4te, kompatibel mit 100L, 100S, 200L und 200S. EKG-Zubeh\u00f6r mit 12 Ableitungen und farbkodierten Anschl\u00fcssen.","robots":{"index":"index","follow":"follow","max-snippet":"max-snippet:-1","max-image-preview":"max-image-preview:large","max-video-preview":"max-video-preview:-1"},"canonical":"https:\/\/swixed.ch\/de\/produkt\/sed14019\/","og_locale":"de_DE","og_type":"article","og_title":"Patientenkabel mit Clips f\u00fcr Cardioline EKG-Ger\u00e4te","og_description":"Patienten-Druckkabel f\u00fcr Cardioline EKG-Ger\u00e4te, kompatibel mit 100L, 100S, 200L und 200S. EKG-Zubeh\u00f6r mit 12 Ableitungen und farbkodierten Anschl\u00fcssen.","og_url":"https:\/\/swixed.ch\/de\/produkt\/sed14019\/","og_site_name":"Swixed SA","article_publisher":"https:\/\/www.facebook.com\/swixed","article_modified_time":"2026-04-19T12:56:55+00:00","og_image":[{"width":600,"height":600,"url":"https:\/\/swixed.ch\/wp-content\/uploads\/2026\/01\/SED14019-01.png","type":"image\/png"}],"twitter_card":"summary_large_image","twitter_misc":{"Gesch\u00e4tzte Lesezeit":"2\u00a0Minuten"},"schema":{"@context":"https:\/\/schema.org","@graph":[{"@type":"WebPage","@id":"https:\/\/swixed.ch\/de\/produkt\/sed14019\/","url":"https:\/\/swixed.ch\/de\/produkt\/sed14019\/","name":"Druckpatientenkabel f\u00fcr Cardioline EKG | Swixed SA","isPartOf":{"@id":"https:\/\/swixed.ch\/de\/#website"},"primaryImageOfPage":{"@id":"https:\/\/swixed.ch\/de\/produkt\/sed14019\/#primaryimage"},"image":{"@id":"https:\/\/swixed.ch\/de\/produkt\/sed14019\/#primaryimage"},"thumbnailUrl":"https:\/\/swixed.ch\/wp-content\/uploads\/2026\/01\/SED14019-01.png","datePublished":"2026-02-02T06:55:28+00:00","dateModified":"2026-04-19T12:56:55+00:00","description":"Patienten-Druckkabel f\u00fcr Cardioline EKG-Ger\u00e4te, kompatibel mit 100L, 100S, 200L und 200S. EKG-Zubeh\u00f6r mit 12 Ableitungen und farbkodierten Anschl\u00fcssen.","breadcrumb":{"@id":"https:\/\/swixed.ch\/de\/produkt\/sed14019\/#breadcrumb"},"inLanguage":"de","potentialAction":[{"@type":"ReadAction","target":["https:\/\/swixed.ch\/de\/produkt\/sed14019\/"]}]},{"@type":"ImageObject","inLanguage":"de","@id":"https:\/\/swixed.ch\/de\/produkt\/sed14019\/#primaryimage","url":"https:\/\/swixed.ch\/wp-content\/uploads\/2026\/01\/SED14019-01.png","contentUrl":"https:\/\/swixed.ch\/wp-content\/uploads\/2026\/01\/SED14019-01.png","width":600,"height":600,"caption":"SED14019"},{"@type":"BreadcrumbList","@id":"https:\/\/swixed.ch\/de\/produkt\/sed14019\/#breadcrumb","itemListElement":[{"@type":"ListItem","position":1,"name":"Startseite","item":"https:\/\/swixed.ch\/de\/home\/"},{"@type":"ListItem","position":2,"name":"Shop","item":"https:\/\/swixed.ch\/de\/shop\/"},{"@type":"ListItem","position":3,"name":"Patientenkabel mit Clips f\u00fcr Cardioline EKG-Ger\u00e4te"}]},{"@type":"WebSite","@id":"https:\/\/swixed.ch\/de\/#website","url":"https:\/\/swixed.ch\/de\/","name":"Swixed SA","description":"Elektronische Ger\u00e4te","publisher":{"@id":"https:\/\/swixed.ch\/de\/#organization"},"potentialAction":[{"@type":"SearchAction","target":{"@type":"EntryPoint","urlTemplate":"https:\/\/swixed.ch\/de\/?s={search_term_string}"},"query-input":{"@type":"PropertyValueSpecification","valueRequired":true,"valueName":"search_term_string"}}],"inLanguage":"de"},{"@type":"Organization","@id":"https:\/\/swixed.ch\/de\/#organization","name":"Swixed SA","url":"https:\/\/swixed.ch\/de\/","logo":{"@type":"ImageObject","inLanguage":"de","@id":"https:\/\/swixed.ch\/de\/#\/schema\/logo\/image\/","url":"https:\/\/swixed.ch\/wp-content\/uploads\/logos\/swixed-logo-lite.png","contentUrl":"https:\/\/swixed.ch\/wp-content\/uploads\/logos\/swixed-logo-lite.png","width":696,"height":696,"caption":"Swixed SA"},"image":{"@id":"https:\/\/swixed.ch\/de\/#\/schema\/logo\/image\/"},"sameAs":["https:\/\/www.facebook.com\/swixed","https:\/\/www.linkedin.com\/company\/swixed","https:\/\/www.youtube.com\/@swixedsa"],"description":"Swixed SA est une entreprise suisse bas\u00e9e \u00e0 Gen\u00e8ve, sp\u00e9cialis\u00e9e dans la vente, la location et la maintenance d\u2019appareils m\u00e9dicaux professionnels, tels que d\u00e9fibrillateurs AED, \u00e9lectrocardiographes, moniteurs patient et dispositifs de diagnostic.","email":"infoshop@swixed.ch","telephone":"+41 22 566 11 95","legalName":"Swixed SA","foundingDate":"2021-03-01","numberOfEmployees":{"@type":"QuantitativeValue","minValue":"1","maxValue":"10"}}]}},"_links":{"self":[{"href":"https:\/\/swixed.ch\/de\/wp-json\/wp\/v2\/product\/61802","targetHints":{"allow":["GET"]}}],"collection":[{"href":"https:\/\/swixed.ch\/de\/wp-json\/wp\/v2\/product"}],"about":[{"href":"https:\/\/swixed.ch\/de\/wp-json\/wp\/v2\/types\/product"}],"version-history":[{"count":1,"href":"https:\/\/swixed.ch\/de\/wp-json\/wp\/v2\/product\/61802\/revisions"}],"predecessor-version":[{"id":62779,"href":"https:\/\/swixed.ch\/de\/wp-json\/wp\/v2\/product\/61802\/revisions\/62779"}],"wp:featuredmedia":[{"embeddable":true,"href":"https:\/\/swixed.ch\/de\/wp-json\/wp\/v2\/media\/61805"}],"wp:attachment":[{"href":"https:\/\/swixed.ch\/de\/wp-json\/wp\/v2\/media?parent=61802"}],"wp:term":[{"taxonomy":"product_brand","embeddable":true,"href":"https:\/\/swixed.ch\/de\/wp-json\/wp\/v2\/product_brand?post=61802"},{"taxonomy":"product_cat","embeddable":true,"href":"https:\/\/swixed.ch\/de\/wp-json\/wp\/v2\/product_cat?post=61802"},{"taxonomy":"product_tag","embeddable":true,"href":"https:\/\/swixed.ch\/de\/wp-json\/wp\/v2\/product_tag?post=61802"}],"curies":[{"name":"wp","href":"https:\/\/api.w.org\/{rel}","templated":true}]}}