{"id":61819,"date":"2026-02-02T18:21:48","date_gmt":"2026-02-02T17:21:48","guid":{"rendered":"https:\/\/swixed.ch\/?post_type=product&#038;p=61819"},"modified":"2026-04-19T11:28:56","modified_gmt":"2026-04-19T10:28:56","slug":"sed14020","status":"publish","type":"product","link":"https:\/\/swixed.ch\/de\/produkt\/sed14020\/","title":{"rendered":"Patientenkabel mit Bananensteckern f\u00fcr Cardioline EKG-Ger\u00e4te"},"content":{"rendered":"\t\t<div data-elementor-type=\"product-post\" data-elementor-id=\"61819\" class=\"elementor elementor-61819 elementor-61818\" data-elementor-post-type=\"product\">\n\t\t\t\t<div class=\"elementor-element elementor-element-1c8d12e e-con-full e-flex e-con e-parent\" data-id=\"1c8d12e\" data-element_type=\"container\" data-e-type=\"container\">\n\t\t<div class=\"elementor-element elementor-element-363bd6f e-con-full e-flex e-con e-child\" data-id=\"363bd6f\" data-element_type=\"container\" data-e-type=\"container\">\n\t\t\t\t<div class=\"elementor-element elementor-element-b6d3e52 elementor-widget elementor-widget-heading\" data-id=\"b6d3e52\" data-element_type=\"widget\" data-e-type=\"widget\" data-widget_type=\"heading.default\">\n\t\t\t\t\t<h2 class=\"elementor-heading-title elementor-size-default\">Hauptmerkmale<\/h2>\t\t\t\t<\/div>\n\t\t\t\t<div class=\"elementor-element elementor-element-3661e64 elementor-widget elementor-widget-text-editor\" data-id=\"3661e64\" data-element_type=\"widget\" data-e-type=\"widget\" data-widget_type=\"text-editor.default\">\n\t\t\t\t\t\t\t\t\t<p>Das Cardioline EKG-Patientenkabel mit Bananensteckern wurde f\u00fcr die Ruhe-Elektrokardiographen der Cardioline-Reihe entwickelt. Es verwendet 4 mm Bananenstecker und einen IEC-Stecker. Diese beiden Elemente sind bei professionellen EKG-Ger\u00e4ten \u00fcblich. Das latexfreie Design entspricht den \u00fcblichen Anforderungen in medizinischen Umgebungen und die Kabel haben je nach ihrer Funktion unterschiedliche L\u00e4ngen. Auf diese Weise bleibt die Anbringung der Elektroden um den Patienten herum \u00fcbersichtlich und ordentlich.    <\/p><p>Technische Merkmale :<\/p><ul><li>10-adriges Patientenkabel f\u00fcr 12 EKG-Ableitungen<\/li><li>Anschluss mit 4 mm Bananensteckern<\/li><li>IEC-Hauptanschluss<\/li><li>L\u00e4nge des Hauptkabels: 180 cm<\/li><li>L\u00e4nge des Begrenzungsdrahtes: 120 cm<\/li><li>L\u00e4nge der pr\u00e4kordialen Sonde: 70 cm<\/li><li>Latexfreies Design<\/li><li>Temperaturbereich: 10 \u00b0C bis 40 \u00b0C<\/li><li>Zul\u00e4ssige relative Luftfeuchtigkeit: 25% bis 95%.<\/li><\/ul>\t\t\t\t\t\t\t\t<\/div>\n\t\t\t\t<div class=\"elementor-element elementor-element-08b65ef elementor-widget elementor-widget-heading\" data-id=\"08b65ef\" data-element_type=\"widget\" data-e-type=\"widget\" data-widget_type=\"heading.default\">\n\t\t\t\t\t<h2 class=\"elementor-heading-title elementor-size-default\">Funktionen<\/h2>\t\t\t\t<\/div>\n\t\t\t\t<div class=\"elementor-element elementor-element-811ab87 elementor-widget elementor-widget-text-editor\" data-id=\"811ab87\" data-element_type=\"widget\" data-e-type=\"widget\" data-widget_type=\"text-editor.default\">\n\t\t\t\t\t\t\t\t\t<p>Dieses Kabel verbindet die Elektroden mit dem EKG-Ger\u00e4t w\u00e4hrend der Untersuchung in Ruhe. Es ist kompatibel mit den Modellen Cardioline 100L, 100S, 200L, 200S, 100+, 200+, AR600, AR1200 und AR2100.<br>Seine 10 Adern erm\u00f6glichen es, 12 EKG-Ableitungen zur gleichen Zeit zu erhalten. Dar\u00fcber hinaus gew\u00e4hrleisten die 4 mm Bananenstecker und der IEC-Stecker die Kompatibilit\u00e4t mit Ger\u00e4ten, die diese Standards verwenden. Die Kabel haben f\u00fcr jedes Segment eine eigene L\u00e4nge. Dies erleichtert die Platzierung der Elektroden und reduziert das \u00dcberkreuzen von Kabeln. Schlie\u00dflich ist die latexfreie Konstruktion f\u00fcr Kontexte geeignet, die den Verzicht auf dieses Material erfordern.     <\/p><p>Best\u00e4tigte Kompatibilit\u00e4t mit den <a href=\"https:\/\/swixed.ch\/de\/shop\/?brand=cardioline\">Produkten von Cardioline<\/a>:<\/p><ul><li>EKG-Ger\u00e4t Cardioline 100L und 100S<\/li><li>EKG-Ger\u00e4t Cardioline 200L und 200S<\/li><li>EKG Cardioline 100+ und 200+<\/li><li>EKG-Ger\u00e4t Cardioline AR600<\/li><li>EKG-Ger\u00e4t Cardioline AR1200<\/li><li>EKG-Ger\u00e4t Cardioline AR2100<\/li><\/ul>\t\t\t\t\t\t\t\t<\/div>\n\t\t\t\t<div class=\"elementor-element elementor-element-f174e1d elementor-widget elementor-widget-heading\" data-id=\"f174e1d\" data-element_type=\"widget\" data-e-type=\"widget\" data-widget_type=\"heading.default\">\n\t\t\t\t\t<h2 class=\"elementor-heading-title elementor-size-default\">Nutzung, Einhaltung und Empfehlungen<\/h2>\t\t\t\t<\/div>\n\t\t\t\t<div class=\"elementor-element elementor-element-eef170d elementor-widget elementor-widget-text-editor\" data-id=\"eef170d\" data-element_type=\"widget\" data-e-type=\"widget\" data-widget_type=\"text-editor.default\">\n\t\t\t\t\t\t\t\t\t<p>Dieses Patientenkabel wird als Zubeh\u00f6r f\u00fcr ein medizinisches Ger\u00e4t zur Aufzeichnung von EKG-Signalen verwendet. In der Schweiz unterliegt diese Art von Zubeh\u00f6r der Medizinprodukteverordnung (MDDV \/ MedDO). Die zust\u00e4ndige Beh\u00f6rde ist Swissmedic. Dar\u00fcber hinaus verf\u00fcgen die Produkte dieser Produktreihe \u00fcber einen autorisierten Vertreter in der Schweiz (CH-REP), wie es das geltende Gesetz vorschreibt.   <br>\t\t<div data-elementor-type=\"widget\" data-elementor-id=\"60303\" class=\"elementor elementor-60303 elementor-60240 elementor-60240\" data-elementor-post-type=\"elementor_library\">\n\t\t\t\t\t\t<div class=\"elementor-element elementor-element-60240 elementor-widget elementor-widget-text-editor\" data-id=\"60240\" data-element_type=\"widget\" data-e-type=\"widget\" data-widget_type=\"text-editor.default\">\n\t\t\t\t\t\t\t\t\t<p>Weitere Informationen finden Sie unter :<\/p><ul><li><a href=\"https:\/\/www.bag.admin.ch\" target=\"_blank\" rel=\"noopener\">Bundesamt f\u00fcr Gesundheit (BAG)<\/a><\/li><li><a href=\"https:\/\/www.switec.info\" target=\"_blank\" rel=\"noopener\">Schweizerisches Informationszentrum f\u00fcr technische Regeln (Switec)<\/a><\/li><\/ul><p><br>Unsere Medizinprodukte haben einen autorisierten Vertreter in der Schweiz (CH-REP), gem\u00e4\u00df der geltenden schweizerischen Gesetzgebung f\u00fcr Medizinprodukte.<\/p>\t\t\t\t\t\t\t\t<\/div>\n\t\t\t\t<\/div>\n\t\t<\/p>\t\t\t\t\t\t\t\t<\/div>\n\t\t\t\t<div class=\"elementor-element elementor-element-fd79b31 elementor-widget elementor-widget-heading\" data-id=\"fd79b31\" data-element_type=\"widget\" data-e-type=\"widget\" data-widget_type=\"heading.default\">\n\t\t\t\t\t<h2 class=\"elementor-heading-title elementor-size-default\">Inhalt<\/h2>\t\t\t\t<\/div>\n\t\t\t\t<div class=\"elementor-element elementor-element-fbf8938 elementor-widget elementor-widget-text-editor\" data-id=\"fbf8938\" data-element_type=\"widget\" data-e-type=\"widget\" data-widget_type=\"text-editor.default\">\n\t\t\t\t\t\t\t\t\t<p>Dieses Kabel wird gebrauchsfertig geliefert. Es passt zu den oben aufgelisteten Cardioline Elektrokardiographen. Es dient zur Verbindung der Elektroden mit dem EKG-Ger\u00e4t w\u00e4hrend der Untersuchung in Ruhe.  <\/p><p>Inhalt der Verpackung :<\/p><ul><li>1 \u00d7 EKG-Patientenkabel mit 4 mm Bananensteckern (10 Adern \/ 12 Ableitungen), kompatibel mit EKG Cardioline 100L, 100S, 200L, 200S, 100+, 200+, AR600, AR1200 und AR2100<\/li><\/ul>\t\t\t\t\t\t\t\t<\/div>\n\t\t\t\t<\/div>\n\t\t\t\t<\/div>\n\t\t\t\t<\/div>\n\t\t","protected":false},"excerpt":{"rendered":"<p>Dieses Patientenkabel mit Bananensteckern ist ein EKG-Zubeh\u00f6r, das mit den Elektrokardiographen Cardioline 100L, 100S, 200L, 200S, 100+, 200+, AR600, AR1200 und AR2100 kompatibel ist. Es enth\u00e4lt 10 Leitungen f\u00fcr 12 Ableitungen, 4 mm Bananenstecker und einen Standard-IEC-Anschluss. Das latexfreie Design entspricht den \u00fcblichen Anforderungen in professionellen Umgebungen. Hauptl\u00e4nge: 180 cm.   <\/p>\n","protected":false},"featured_media":61825,"template":"","meta":{"_acf_changed":false},"product_brand":[7891],"product_cat":[954,1199],"product_tag":[7828,7836,7827,7702,7811,4493,7826,6716,4500,7896],"class_list":{"0":"post-61819","1":"product","2":"type-product","3":"status-publish","4":"has-post-thumbnail","6":"product_brand-cardioline","7":"product_cat-elektrokardiographen","8":"product_cat-zubehor-belastungs","9":"product_tag-4-mm-bananenstecker","10":"product_tag-ekg-anschluss-3","11":"product_tag-ekg-anschluss-2","12":"product_tag-ekg-erfassung","13":"product_tag-ekg-ersatzteil","14":"product_tag-ekg-kabel","15":"product_tag-ekg-patientenkabel","16":"product_tag-ekg-wartung","17":"product_tag-ekg-zubehor-de","18":"product_tag-kompatibel-mit-cardioline","20":"first","21":"instock","22":"taxable","23":"shipping-taxable","24":"purchasable","25":"product-type-simple"},"acf":[],"yoast_head":"<!-- This site is optimized with the Yoast SEO Premium plugin v27.4 (Yoast SEO v27.4) - https:\/\/yoast.com\/product\/yoast-seo-premium-wordpress\/ -->\n<title>Patientenkabel mit Bananensteckern f\u00fcr Cardioline EKG-Ger\u00e4te | Swixed SA%<\/title>\n<meta name=\"description\" content=\"EKG-Patientenkabel mit 4 mm Bananensteckern, kompatibel mit Cardioline 100L, 200L, AR600 und mehr. IEC-Anschluss, latexfrei, 10-adrig f\u00fcr 12 Ableitungen.\" \/>\n<meta name=\"robots\" content=\"index, follow, max-snippet:-1, max-image-preview:large, max-video-preview:-1\" \/>\n<link rel=\"canonical\" href=\"https:\/\/swixed.ch\/de\/produkt\/sed14020\/\" \/>\n<meta property=\"og:locale\" content=\"de_DE\" \/>\n<meta property=\"og:type\" content=\"article\" \/>\n<meta property=\"og:title\" content=\"Patientenkabel mit Bananensteckern f\u00fcr Cardioline EKG-Ger\u00e4te\" \/>\n<meta property=\"og:description\" content=\"EKG-Patientenkabel mit 4 mm Bananensteckern, kompatibel mit Cardioline 100L, 200L, AR600 und mehr. IEC-Anschluss, latexfrei, 10-adrig f\u00fcr 12 Ableitungen.\" \/>\n<meta property=\"og:url\" content=\"https:\/\/swixed.ch\/de\/produkt\/sed14020\/\" \/>\n<meta property=\"og:site_name\" content=\"Swixed SA\" \/>\n<meta property=\"article:publisher\" content=\"https:\/\/www.facebook.com\/swixed\" \/>\n<meta property=\"article:modified_time\" content=\"2026-04-19T10:28:56+00:00\" \/>\n<meta property=\"og:image\" content=\"https:\/\/swixed.ch\/wp-content\/uploads\/2026\/01\/SED14020-01.png\" \/>\n\t<meta property=\"og:image:width\" content=\"600\" \/>\n\t<meta property=\"og:image:height\" content=\"600\" \/>\n\t<meta property=\"og:image:type\" content=\"image\/png\" \/>\n<meta name=\"twitter:card\" content=\"summary_large_image\" \/>\n<meta name=\"twitter:label1\" content=\"Gesch\u00e4tzte Lesezeit\" \/>\n\t<meta name=\"twitter:data1\" content=\"2\u00a0Minuten\" \/>\n<script type=\"application\/ld+json\" class=\"yoast-schema-graph\">{\"@context\":\"https:\\\/\\\/schema.org\",\"@graph\":[{\"@type\":\"WebPage\",\"@id\":\"https:\\\/\\\/swixed.ch\\\/de\\\/produkt\\\/sed14020\\\/\",\"url\":\"https:\\\/\\\/swixed.ch\\\/de\\\/produkt\\\/sed14020\\\/\",\"name\":\"Patientenkabel mit Bananensteckern f\u00fcr Cardioline EKG-Ger\u00e4te | Swixed SA%\",\"isPartOf\":{\"@id\":\"https:\\\/\\\/swixed.ch\\\/de\\\/#website\"},\"primaryImageOfPage\":{\"@id\":\"https:\\\/\\\/swixed.ch\\\/de\\\/produkt\\\/sed14020\\\/#primaryimage\"},\"image\":{\"@id\":\"https:\\\/\\\/swixed.ch\\\/de\\\/produkt\\\/sed14020\\\/#primaryimage\"},\"thumbnailUrl\":\"https:\\\/\\\/swixed.ch\\\/wp-content\\\/uploads\\\/2026\\\/01\\\/SED14020-01.png\",\"datePublished\":\"2026-02-02T17:21:48+00:00\",\"dateModified\":\"2026-04-19T10:28:56+00:00\",\"description\":\"EKG-Patientenkabel mit 4 mm Bananensteckern, kompatibel mit Cardioline 100L, 200L, AR600 und mehr. IEC-Anschluss, latexfrei, 10-adrig f\u00fcr 12 Ableitungen.\",\"breadcrumb\":{\"@id\":\"https:\\\/\\\/swixed.ch\\\/de\\\/produkt\\\/sed14020\\\/#breadcrumb\"},\"inLanguage\":\"de\",\"potentialAction\":[{\"@type\":\"ReadAction\",\"target\":[\"https:\\\/\\\/swixed.ch\\\/de\\\/produkt\\\/sed14020\\\/\"]}]},{\"@type\":\"ImageObject\",\"inLanguage\":\"de\",\"@id\":\"https:\\\/\\\/swixed.ch\\\/de\\\/produkt\\\/sed14020\\\/#primaryimage\",\"url\":\"https:\\\/\\\/swixed.ch\\\/wp-content\\\/uploads\\\/2026\\\/01\\\/SED14020-01.png\",\"contentUrl\":\"https:\\\/\\\/swixed.ch\\\/wp-content\\\/uploads\\\/2026\\\/01\\\/SED14020-01.png\",\"width\":600,\"height\":600,\"caption\":\"SED14020\"},{\"@type\":\"BreadcrumbList\",\"@id\":\"https:\\\/\\\/swixed.ch\\\/de\\\/produkt\\\/sed14020\\\/#breadcrumb\",\"itemListElement\":[{\"@type\":\"ListItem\",\"position\":1,\"name\":\"Startseite\",\"item\":\"https:\\\/\\\/swixed.ch\\\/de\\\/home\\\/\"},{\"@type\":\"ListItem\",\"position\":2,\"name\":\"Shop\",\"item\":\"https:\\\/\\\/swixed.ch\\\/de\\\/shop\\\/\"},{\"@type\":\"ListItem\",\"position\":3,\"name\":\"Patientenkabel mit Bananensteckern f\u00fcr Cardioline EKG-Ger\u00e4te\"}]},{\"@type\":\"WebSite\",\"@id\":\"https:\\\/\\\/swixed.ch\\\/de\\\/#website\",\"url\":\"https:\\\/\\\/swixed.ch\\\/de\\\/\",\"name\":\"Swixed SA\",\"description\":\"Elektronische Ger\u00e4te\",\"publisher\":{\"@id\":\"https:\\\/\\\/swixed.ch\\\/de\\\/#organization\"},\"potentialAction\":[{\"@type\":\"SearchAction\",\"target\":{\"@type\":\"EntryPoint\",\"urlTemplate\":\"https:\\\/\\\/swixed.ch\\\/de\\\/?s={search_term_string}\"},\"query-input\":{\"@type\":\"PropertyValueSpecification\",\"valueRequired\":true,\"valueName\":\"search_term_string\"}}],\"inLanguage\":\"de\"},{\"@type\":\"Organization\",\"@id\":\"https:\\\/\\\/swixed.ch\\\/de\\\/#organization\",\"name\":\"Swixed SA\",\"url\":\"https:\\\/\\\/swixed.ch\\\/de\\\/\",\"logo\":{\"@type\":\"ImageObject\",\"inLanguage\":\"de\",\"@id\":\"https:\\\/\\\/swixed.ch\\\/de\\\/#\\\/schema\\\/logo\\\/image\\\/\",\"url\":\"https:\\\/\\\/swixed.ch\\\/wp-content\\\/uploads\\\/logos\\\/swixed-logo-lite.png\",\"contentUrl\":\"https:\\\/\\\/swixed.ch\\\/wp-content\\\/uploads\\\/logos\\\/swixed-logo-lite.png\",\"width\":696,\"height\":696,\"caption\":\"Swixed SA\"},\"image\":{\"@id\":\"https:\\\/\\\/swixed.ch\\\/de\\\/#\\\/schema\\\/logo\\\/image\\\/\"},\"sameAs\":[\"https:\\\/\\\/www.facebook.com\\\/swixed\",\"https:\\\/\\\/www.linkedin.com\\\/company\\\/swixed\",\"https:\\\/\\\/www.youtube.com\\\/@swixedsa\"],\"description\":\"Swixed SA est une entreprise suisse bas\u00e9e \u00e0 Gen\u00e8ve, sp\u00e9cialis\u00e9e dans la vente, la location et la maintenance d\u2019appareils m\u00e9dicaux professionnels, tels que d\u00e9fibrillateurs AED, \u00e9lectrocardiographes, moniteurs patient et dispositifs de diagnostic.\",\"email\":\"infoshop@swixed.ch\",\"telephone\":\"+41 22 566 11 95\",\"legalName\":\"Swixed SA\",\"foundingDate\":\"2021-03-01\",\"numberOfEmployees\":{\"@type\":\"QuantitativeValue\",\"minValue\":\"1\",\"maxValue\":\"10\"}}]}<\/script>\n<!-- \/ Yoast SEO Premium plugin. -->","yoast_head_json":{"title":"Patientenkabel mit Bananensteckern f\u00fcr Cardioline EKG-Ger\u00e4te | Swixed SA%","description":"EKG-Patientenkabel mit 4 mm Bananensteckern, kompatibel mit Cardioline 100L, 200L, AR600 und mehr. IEC-Anschluss, latexfrei, 10-adrig f\u00fcr 12 Ableitungen.","robots":{"index":"index","follow":"follow","max-snippet":"max-snippet:-1","max-image-preview":"max-image-preview:large","max-video-preview":"max-video-preview:-1"},"canonical":"https:\/\/swixed.ch\/de\/produkt\/sed14020\/","og_locale":"de_DE","og_type":"article","og_title":"Patientenkabel mit Bananensteckern f\u00fcr Cardioline EKG-Ger\u00e4te","og_description":"EKG-Patientenkabel mit 4 mm Bananensteckern, kompatibel mit Cardioline 100L, 200L, AR600 und mehr. IEC-Anschluss, latexfrei, 10-adrig f\u00fcr 12 Ableitungen.","og_url":"https:\/\/swixed.ch\/de\/produkt\/sed14020\/","og_site_name":"Swixed SA","article_publisher":"https:\/\/www.facebook.com\/swixed","article_modified_time":"2026-04-19T10:28:56+00:00","og_image":[{"width":600,"height":600,"url":"https:\/\/swixed.ch\/wp-content\/uploads\/2026\/01\/SED14020-01.png","type":"image\/png"}],"twitter_card":"summary_large_image","twitter_misc":{"Gesch\u00e4tzte Lesezeit":"2\u00a0Minuten"},"schema":{"@context":"https:\/\/schema.org","@graph":[{"@type":"WebPage","@id":"https:\/\/swixed.ch\/de\/produkt\/sed14020\/","url":"https:\/\/swixed.ch\/de\/produkt\/sed14020\/","name":"Patientenkabel mit Bananensteckern f\u00fcr Cardioline EKG-Ger\u00e4te | Swixed SA%","isPartOf":{"@id":"https:\/\/swixed.ch\/de\/#website"},"primaryImageOfPage":{"@id":"https:\/\/swixed.ch\/de\/produkt\/sed14020\/#primaryimage"},"image":{"@id":"https:\/\/swixed.ch\/de\/produkt\/sed14020\/#primaryimage"},"thumbnailUrl":"https:\/\/swixed.ch\/wp-content\/uploads\/2026\/01\/SED14020-01.png","datePublished":"2026-02-02T17:21:48+00:00","dateModified":"2026-04-19T10:28:56+00:00","description":"EKG-Patientenkabel mit 4 mm Bananensteckern, kompatibel mit Cardioline 100L, 200L, AR600 und mehr. IEC-Anschluss, latexfrei, 10-adrig f\u00fcr 12 Ableitungen.","breadcrumb":{"@id":"https:\/\/swixed.ch\/de\/produkt\/sed14020\/#breadcrumb"},"inLanguage":"de","potentialAction":[{"@type":"ReadAction","target":["https:\/\/swixed.ch\/de\/produkt\/sed14020\/"]}]},{"@type":"ImageObject","inLanguage":"de","@id":"https:\/\/swixed.ch\/de\/produkt\/sed14020\/#primaryimage","url":"https:\/\/swixed.ch\/wp-content\/uploads\/2026\/01\/SED14020-01.png","contentUrl":"https:\/\/swixed.ch\/wp-content\/uploads\/2026\/01\/SED14020-01.png","width":600,"height":600,"caption":"SED14020"},{"@type":"BreadcrumbList","@id":"https:\/\/swixed.ch\/de\/produkt\/sed14020\/#breadcrumb","itemListElement":[{"@type":"ListItem","position":1,"name":"Startseite","item":"https:\/\/swixed.ch\/de\/home\/"},{"@type":"ListItem","position":2,"name":"Shop","item":"https:\/\/swixed.ch\/de\/shop\/"},{"@type":"ListItem","position":3,"name":"Patientenkabel mit Bananensteckern f\u00fcr Cardioline EKG-Ger\u00e4te"}]},{"@type":"WebSite","@id":"https:\/\/swixed.ch\/de\/#website","url":"https:\/\/swixed.ch\/de\/","name":"Swixed SA","description":"Elektronische Ger\u00e4te","publisher":{"@id":"https:\/\/swixed.ch\/de\/#organization"},"potentialAction":[{"@type":"SearchAction","target":{"@type":"EntryPoint","urlTemplate":"https:\/\/swixed.ch\/de\/?s={search_term_string}"},"query-input":{"@type":"PropertyValueSpecification","valueRequired":true,"valueName":"search_term_string"}}],"inLanguage":"de"},{"@type":"Organization","@id":"https:\/\/swixed.ch\/de\/#organization","name":"Swixed SA","url":"https:\/\/swixed.ch\/de\/","logo":{"@type":"ImageObject","inLanguage":"de","@id":"https:\/\/swixed.ch\/de\/#\/schema\/logo\/image\/","url":"https:\/\/swixed.ch\/wp-content\/uploads\/logos\/swixed-logo-lite.png","contentUrl":"https:\/\/swixed.ch\/wp-content\/uploads\/logos\/swixed-logo-lite.png","width":696,"height":696,"caption":"Swixed SA"},"image":{"@id":"https:\/\/swixed.ch\/de\/#\/schema\/logo\/image\/"},"sameAs":["https:\/\/www.facebook.com\/swixed","https:\/\/www.linkedin.com\/company\/swixed","https:\/\/www.youtube.com\/@swixedsa"],"description":"Swixed SA est une entreprise suisse bas\u00e9e \u00e0 Gen\u00e8ve, sp\u00e9cialis\u00e9e dans la vente, la location et la maintenance d\u2019appareils m\u00e9dicaux professionnels, tels que d\u00e9fibrillateurs AED, \u00e9lectrocardiographes, moniteurs patient et dispositifs de diagnostic.","email":"infoshop@swixed.ch","telephone":"+41 22 566 11 95","legalName":"Swixed SA","foundingDate":"2021-03-01","numberOfEmployees":{"@type":"QuantitativeValue","minValue":"1","maxValue":"10"}}]}},"_links":{"self":[{"href":"https:\/\/swixed.ch\/de\/wp-json\/wp\/v2\/product\/61819","targetHints":{"allow":["GET"]}}],"collection":[{"href":"https:\/\/swixed.ch\/de\/wp-json\/wp\/v2\/product"}],"about":[{"href":"https:\/\/swixed.ch\/de\/wp-json\/wp\/v2\/types\/product"}],"version-history":[{"count":0,"href":"https:\/\/swixed.ch\/de\/wp-json\/wp\/v2\/product\/61819\/revisions"}],"wp:featuredmedia":[{"embeddable":true,"href":"https:\/\/swixed.ch\/de\/wp-json\/wp\/v2\/media\/61825"}],"wp:attachment":[{"href":"https:\/\/swixed.ch\/de\/wp-json\/wp\/v2\/media?parent=61819"}],"wp:term":[{"taxonomy":"product_brand","embeddable":true,"href":"https:\/\/swixed.ch\/de\/wp-json\/wp\/v2\/product_brand?post=61819"},{"taxonomy":"product_cat","embeddable":true,"href":"https:\/\/swixed.ch\/de\/wp-json\/wp\/v2\/product_cat?post=61819"},{"taxonomy":"product_tag","embeddable":true,"href":"https:\/\/swixed.ch\/de\/wp-json\/wp\/v2\/product_tag?post=61819"}],"curies":[{"name":"wp","href":"https:\/\/api.w.org\/{rel}","templated":true}]}}