{"id":62013,"date":"2026-02-03T21:54:05","date_gmt":"2026-02-03T20:54:05","guid":{"rendered":"https:\/\/swixed.ch\/?post_type=product&#038;p=62013"},"modified":"2026-04-19T11:43:23","modified_gmt":"2026-04-19T10:43:23","slug":"sed14021","status":"publish","type":"product","link":"https:\/\/swixed.ch\/de\/produkt\/sed14021\/","title":{"rendered":"Wagen mit Arm f\u00fcr EKG-Ger\u00e4te Cardioline 100L \/ 100S \/ 100+"},"content":{"rendered":"\t\t<div data-elementor-type=\"product-post\" data-elementor-id=\"62013\" class=\"elementor elementor-62013 elementor-62012\" data-elementor-post-type=\"product\">\n\t\t\t\t<div class=\"elementor-element elementor-element-4dd358c e-con-full e-flex e-con e-parent\" data-id=\"4dd358c\" data-element_type=\"container\" data-e-type=\"container\">\n\t\t<div class=\"elementor-element elementor-element-3ab347d e-con-full e-flex e-con e-child\" data-id=\"3ab347d\" data-element_type=\"container\" data-e-type=\"container\">\n\t\t\t\t<div class=\"elementor-element elementor-element-4e9ca79 elementor-widget elementor-widget-heading\" data-id=\"4e9ca79\" data-element_type=\"widget\" data-e-type=\"widget\" data-widget_type=\"heading.default\">\n\t\t\t\t\t<h2 class=\"elementor-heading-title elementor-size-default\">Hauptmerkmale<\/h2>\t\t\t\t<\/div>\n\t\t\t\t<div class=\"elementor-element elementor-element-0c426f8 elementor-widget elementor-widget-text-editor\" data-id=\"0c426f8\" data-element_type=\"widget\" data-e-type=\"widget\" data-widget_type=\"text-editor.default\">\n\t\t\t\t\t\t\t\t\t<p>Der Cardioline Transportwagen erf\u00fcllt die Anforderungen an Organisation und Mobilit\u00e4t von kompatiblen Elektrokardiographen. Er kombiniert ein robustes Design mit funktionalen Elementen, die f\u00fcr den t\u00e4glichen Gebrauch gedacht sind. Die Ablage nimmt das Ger\u00e4t sicher auf, w\u00e4hrend der Kabelarm f\u00fcr eine geordnete Verwaltung der Patientenanschl\u00fcsse sorgt.  <\/p><p>Die Stahlkonstruktion sorgt f\u00fcr die Gesamtstabilit\u00e4t des Wagens. Die Abmessungen des Wagens sind so gew\u00e4hlt, dass er auch in medizinischen Standardr\u00e4umen aufgestellt werden kann. <\/p><p>Schl\u00fcsselpunkte :<\/p><ul><li>Kompatibilit\u00e4t mit Cardioline 100L, 100S und 100+ EKG-Ger\u00e4ten<\/li><li>Integrierter Patientenkabelarm<\/li><li>Regal mit Antirutschstift<\/li><li>H\u00f6henverstellbarer Korb f\u00fcr Zubeh\u00f6r<\/li><li>Stahlkonstruktion<\/li><li>R\u00e4der f\u00fcr h\u00e4ufiges Reisen<\/li><\/ul>\t\t\t\t\t\t\t\t<\/div>\n\t\t\t\t<div class=\"elementor-element elementor-element-9a8f0f6 elementor-widget elementor-widget-heading\" data-id=\"9a8f0f6\" data-element_type=\"widget\" data-e-type=\"widget\" data-widget_type=\"heading.default\">\n\t\t\t\t\t<h2 class=\"elementor-heading-title elementor-size-default\">Funktionen<\/h2>\t\t\t\t<\/div>\n\t\t\t\t<div class=\"elementor-element elementor-element-495a869 elementor-widget elementor-widget-text-editor\" data-id=\"495a869\" data-element_type=\"widget\" data-e-type=\"widget\" data-widget_type=\"text-editor.default\">\n\t\t\t\t\t\t\t\t\t<p>Dieser mobile St\u00e4nder erleichtert die Positionierung des Elektrokardiographen w\u00e4hrend der Untersuchung. Durch die Kombination von Lenk- und Bockrollen ist der Wagen sowohl wendig als auch stabil. In dem Korb k\u00f6nnen Sie Verbrauchsmaterialien und Zubeh\u00f6r griffbereit aufbewahren, was die Organisation des Arbeitsplatzes verbessert.  <\/p><p>Daher kann der Benutzer die gesamte Einheit bewegen, ohne das Ger\u00e4t zu demontieren. Schlie\u00dflich hilft der Kabelarm, die Spannung auf die Anschl\u00fcsse w\u00e4hrend des Gebrauchs zu reduzieren. <\/p><p>Hauptfunktionen :<\/p><ul><li>Sicherer Transport des EKGs<\/li><li>Verwaltung des Patientenkabels \u00fcber einen speziellen Arm<\/li><li>Integrierter Stauraum unter dem Regal<\/li><li>Fl\u00fcssige Bewegungen mit Sicherheitsbremse<\/li><\/ul>\t\t\t\t\t\t\t\t<\/div>\n\t\t\t\t<div class=\"elementor-element elementor-element-9eb2bec elementor-widget elementor-widget-heading\" data-id=\"9eb2bec\" data-element_type=\"widget\" data-e-type=\"widget\" data-widget_type=\"heading.default\">\n\t\t\t\t\t<h2 class=\"elementor-heading-title elementor-size-default\">Nutzung, Einhaltung und Empfehlungen<\/h2>\t\t\t\t<\/div>\n\t\t\t\t<div class=\"elementor-element elementor-element-a701408 elementor-widget elementor-widget-text-editor\" data-id=\"a701408\" data-element_type=\"widget\" data-e-type=\"widget\" data-widget_type=\"text-editor.default\">\n\t\t\t\t\t\t\t\t\t<p>Dieser EKG-Wagen mit Arm ist ein Zubeh\u00f6r f\u00fcr die Installation und den Transport eines medizinischen Ger\u00e4ts. Als solches ist es Teil des allgemeinen Rahmens f\u00fcr die Verwendung von medizinischen Ger\u00e4ten in der Schweiz, ohne eine diagnostische oder messtechnische Funktion zu erf\u00fcllen.<br>In der Schweiz ist EKG-Zubeh\u00f6r Teil des regulatorischen Rahmens, der vom Bundesamt f\u00fcr Gesundheit festgelegt wurde, das allgemeine Informationen \u00fcber seine Verwendung ver\u00f6ffentlicht. Das Schweizerische Informationszentrum f\u00fcr technische Regeln stellt technische Ressourcen zur Verf\u00fcgung, die f\u00fcr Fachleute n\u00fctzlich sind.  <br>\t\t<div data-elementor-type=\"widget\" data-elementor-id=\"60303\" class=\"elementor elementor-60303 elementor-60240 elementor-60240\" data-elementor-post-type=\"elementor_library\">\n\t\t\t\t\t\t<div class=\"elementor-element elementor-element-60240 elementor-widget elementor-widget-text-editor\" data-id=\"60240\" data-element_type=\"widget\" data-e-type=\"widget\" data-widget_type=\"text-editor.default\">\n\t\t\t\t\t\t\t\t\t<p>Weitere Informationen finden Sie unter :<\/p><ul><li><a href=\"https:\/\/www.bag.admin.ch\" target=\"_blank\" rel=\"noopener\">Bundesamt f\u00fcr Gesundheit (BAG)<\/a><\/li><li><a href=\"https:\/\/www.switec.info\" target=\"_blank\" rel=\"noopener\">Schweizerisches Informationszentrum f\u00fcr technische Regeln (Switec)<\/a><\/li><\/ul><p><br>Unsere Medizinprodukte haben einen autorisierten Vertreter in der Schweiz (CH-REP), gem\u00e4\u00df der geltenden schweizerischen Gesetzgebung f\u00fcr Medizinprodukte.<\/p>\t\t\t\t\t\t\t\t<\/div>\n\t\t\t\t<\/div>\n\t\t<\/p>\t\t\t\t\t\t\t\t<\/div>\n\t\t\t\t<div class=\"elementor-element elementor-element-fb600c9 elementor-widget elementor-widget-heading\" data-id=\"fb600c9\" data-element_type=\"widget\" data-e-type=\"widget\" data-widget_type=\"heading.default\">\n\t\t\t\t\t<h2 class=\"elementor-heading-title elementor-size-default\">Inhalt<\/h2>\t\t\t\t<\/div>\n\t\t\t\t<div class=\"elementor-element elementor-element-6cbacf0 elementor-widget elementor-widget-text-editor\" data-id=\"6cbacf0\" data-element_type=\"widget\" data-e-type=\"widget\" data-widget_type=\"text-editor.default\">\n\t\t\t\t\t\t\t\t\t<p>Dieser Cardioline Wagen wird gebrauchsfertig geliefert, um einen kompatiblen Elektrokardiographen aufzunehmen. Er erm\u00f6glicht eine \u00fcbersichtliche Organisation der Ger\u00e4te und einen sicheren Transport in professionellen Umgebungen. <\/p><p>Inhalt der Verpackung :<\/p><ul><li>Wagen mit Arm f\u00fcr EKG<\/li><li>Regal mit Haltesystem<\/li><li>H\u00f6henverstellbarer Korb<\/li><li>Satz vorinstallierter R\u00e4der<\/li><\/ul>\t\t\t\t\t\t\t\t<\/div>\n\t\t\t\t<\/div>\n\t\t\t\t<\/div>\n\t\t\t\t<\/div>\n\t\t","protected":false},"excerpt":{"rendered":"<p>Dieser Cardioline EKG-Wagen mit Arm wurde f\u00fcr die Modelle 100L, 100S und 100+ entwickelt. Er enth\u00e4lt einen Patientenkabelarm, eine sichere Ablage mit Antirutschstift und einen h\u00f6henverstellbaren Korb. Die Stahlkonstruktion sorgt f\u00fcr eine gute Stabilit\u00e4t w\u00e4hrend der Fahrt. Die Lenkrollen mit Bremse und die Bockrollen mit gro\u00dfem Durchmesser erleichtern den Transport und die Aufstellung des Elektrokardiographen in professionellen Umgebungen.   <\/p>\n","protected":false},"featured_media":62015,"template":"","meta":{"_acf_changed":false},"product_brand":[7891],"product_cat":[954,1199],"product_tag":[7842,7840,4437,4500,7896,3769,4441,7841,5201,7897],"class_list":{"0":"post-62013","1":"product","2":"type-product","3":"status-publish","4":"has-post-thumbnail","6":"product_brand-cardioline","7":"product_cat-elektrokardiographen","8":"product_cat-zubehor-belastungs","9":"product_tag-ekg-anlage","10":"product_tag-ekg-unterstutzung","11":"product_tag-ekg-wagen","12":"product_tag-ekg-zubehor-de","13":"product_tag-kompatibel-mit-cardioline","14":"product_tag-medizinische-ausrustung","15":"product_tag-medizinischer-wagen","16":"product_tag-medizinisches-mobiliar","17":"product_tag-rollwagen","18":"product_tag-wagen-mit-arm","20":"first","21":"instock","22":"taxable","23":"shipping-taxable","24":"purchasable","25":"product-type-simple"},"acf":[],"yoast_head":"<!-- This site is optimized with the Yoast SEO Premium plugin v27.4 (Yoast SEO v27.4) - https:\/\/yoast.com\/product\/yoast-seo-premium-wordpress\/ -->\n<title>Wagen mit Arm f\u00fcr EKG-Ger\u00e4te Cardioline 100L, 100S und 100+ | Swixed SA%<\/title>\n<meta name=\"description\" content=\"Wagen mit Arm f\u00fcr Cardioline EKG-Ger\u00e4te, kompatibel mit 100L, 100S und 100+. Mobiler Stahlst\u00e4nder mit Korb und Patientenkabelarm.\" \/>\n<meta name=\"robots\" content=\"index, follow, max-snippet:-1, max-image-preview:large, max-video-preview:-1\" \/>\n<link rel=\"canonical\" href=\"https:\/\/swixed.ch\/de\/produkt\/sed14021\/\" \/>\n<meta property=\"og:locale\" content=\"de_DE\" \/>\n<meta property=\"og:type\" content=\"article\" \/>\n<meta property=\"og:title\" content=\"Wagen mit Arm f\u00fcr EKG-Ger\u00e4te Cardioline 100L \/ 100S \/ 100+\" \/>\n<meta property=\"og:description\" content=\"Wagen mit Arm f\u00fcr Cardioline EKG-Ger\u00e4te, kompatibel mit 100L, 100S und 100+. Mobiler Stahlst\u00e4nder mit Korb und Patientenkabelarm.\" \/>\n<meta property=\"og:url\" content=\"https:\/\/swixed.ch\/de\/produkt\/sed14021\/\" \/>\n<meta property=\"og:site_name\" content=\"Swixed SA\" \/>\n<meta property=\"article:publisher\" content=\"https:\/\/www.facebook.com\/swixed\" \/>\n<meta property=\"article:modified_time\" content=\"2026-04-19T10:43:23+00:00\" \/>\n<meta property=\"og:image\" content=\"https:\/\/swixed.ch\/wp-content\/uploads\/2026\/01\/SED14021-01.png\" \/>\n\t<meta property=\"og:image:width\" content=\"600\" \/>\n\t<meta property=\"og:image:height\" content=\"600\" \/>\n\t<meta property=\"og:image:type\" content=\"image\/png\" \/>\n<meta name=\"twitter:card\" content=\"summary_large_image\" \/>\n<meta name=\"twitter:label1\" content=\"Gesch\u00e4tzte Lesezeit\" \/>\n\t<meta name=\"twitter:data1\" content=\"2\u00a0Minuten\" \/>\n<script type=\"application\/ld+json\" class=\"yoast-schema-graph\">{\"@context\":\"https:\\\/\\\/schema.org\",\"@graph\":[{\"@type\":\"WebPage\",\"@id\":\"https:\\\/\\\/swixed.ch\\\/de\\\/produkt\\\/sed14021\\\/\",\"url\":\"https:\\\/\\\/swixed.ch\\\/de\\\/produkt\\\/sed14021\\\/\",\"name\":\"Wagen mit Arm f\u00fcr EKG-Ger\u00e4te Cardioline 100L, 100S und 100+ | Swixed SA%\",\"isPartOf\":{\"@id\":\"https:\\\/\\\/swixed.ch\\\/de\\\/#website\"},\"primaryImageOfPage\":{\"@id\":\"https:\\\/\\\/swixed.ch\\\/de\\\/produkt\\\/sed14021\\\/#primaryimage\"},\"image\":{\"@id\":\"https:\\\/\\\/swixed.ch\\\/de\\\/produkt\\\/sed14021\\\/#primaryimage\"},\"thumbnailUrl\":\"https:\\\/\\\/swixed.ch\\\/wp-content\\\/uploads\\\/2026\\\/01\\\/SED14021-01.png\",\"datePublished\":\"2026-02-03T20:54:05+00:00\",\"dateModified\":\"2026-04-19T10:43:23+00:00\",\"description\":\"Wagen mit Arm f\u00fcr Cardioline EKG-Ger\u00e4te, kompatibel mit 100L, 100S und 100+. Mobiler Stahlst\u00e4nder mit Korb und Patientenkabelarm.\",\"breadcrumb\":{\"@id\":\"https:\\\/\\\/swixed.ch\\\/de\\\/produkt\\\/sed14021\\\/#breadcrumb\"},\"inLanguage\":\"de\",\"potentialAction\":[{\"@type\":\"ReadAction\",\"target\":[\"https:\\\/\\\/swixed.ch\\\/de\\\/produkt\\\/sed14021\\\/\"]}]},{\"@type\":\"ImageObject\",\"inLanguage\":\"de\",\"@id\":\"https:\\\/\\\/swixed.ch\\\/de\\\/produkt\\\/sed14021\\\/#primaryimage\",\"url\":\"https:\\\/\\\/swixed.ch\\\/wp-content\\\/uploads\\\/2026\\\/01\\\/SED14021-01.png\",\"contentUrl\":\"https:\\\/\\\/swixed.ch\\\/wp-content\\\/uploads\\\/2026\\\/01\\\/SED14021-01.png\",\"width\":600,\"height\":600,\"caption\":\"SED14021\"},{\"@type\":\"BreadcrumbList\",\"@id\":\"https:\\\/\\\/swixed.ch\\\/de\\\/produkt\\\/sed14021\\\/#breadcrumb\",\"itemListElement\":[{\"@type\":\"ListItem\",\"position\":1,\"name\":\"Startseite\",\"item\":\"https:\\\/\\\/swixed.ch\\\/de\\\/home\\\/\"},{\"@type\":\"ListItem\",\"position\":2,\"name\":\"Shop\",\"item\":\"https:\\\/\\\/swixed.ch\\\/de\\\/shop\\\/\"},{\"@type\":\"ListItem\",\"position\":3,\"name\":\"Wagen mit Arm f\u00fcr EKG-Ger\u00e4te Cardioline 100L \\\/ 100S \\\/ 100+\"}]},{\"@type\":\"WebSite\",\"@id\":\"https:\\\/\\\/swixed.ch\\\/de\\\/#website\",\"url\":\"https:\\\/\\\/swixed.ch\\\/de\\\/\",\"name\":\"Swixed SA\",\"description\":\"Elektronische Ger\u00e4te\",\"publisher\":{\"@id\":\"https:\\\/\\\/swixed.ch\\\/de\\\/#organization\"},\"potentialAction\":[{\"@type\":\"SearchAction\",\"target\":{\"@type\":\"EntryPoint\",\"urlTemplate\":\"https:\\\/\\\/swixed.ch\\\/de\\\/?s={search_term_string}\"},\"query-input\":{\"@type\":\"PropertyValueSpecification\",\"valueRequired\":true,\"valueName\":\"search_term_string\"}}],\"inLanguage\":\"de\"},{\"@type\":\"Organization\",\"@id\":\"https:\\\/\\\/swixed.ch\\\/de\\\/#organization\",\"name\":\"Swixed SA\",\"url\":\"https:\\\/\\\/swixed.ch\\\/de\\\/\",\"logo\":{\"@type\":\"ImageObject\",\"inLanguage\":\"de\",\"@id\":\"https:\\\/\\\/swixed.ch\\\/de\\\/#\\\/schema\\\/logo\\\/image\\\/\",\"url\":\"https:\\\/\\\/swixed.ch\\\/wp-content\\\/uploads\\\/logos\\\/swixed-logo-lite.png\",\"contentUrl\":\"https:\\\/\\\/swixed.ch\\\/wp-content\\\/uploads\\\/logos\\\/swixed-logo-lite.png\",\"width\":696,\"height\":696,\"caption\":\"Swixed SA\"},\"image\":{\"@id\":\"https:\\\/\\\/swixed.ch\\\/de\\\/#\\\/schema\\\/logo\\\/image\\\/\"},\"sameAs\":[\"https:\\\/\\\/www.facebook.com\\\/swixed\",\"https:\\\/\\\/www.linkedin.com\\\/company\\\/swixed\",\"https:\\\/\\\/www.youtube.com\\\/@swixedsa\"],\"description\":\"Swixed SA est une entreprise suisse bas\u00e9e \u00e0 Gen\u00e8ve, sp\u00e9cialis\u00e9e dans la vente, la location et la maintenance d\u2019appareils m\u00e9dicaux professionnels, tels que d\u00e9fibrillateurs AED, \u00e9lectrocardiographes, moniteurs patient et dispositifs de diagnostic.\",\"email\":\"infoshop@swixed.ch\",\"telephone\":\"+41 22 566 11 95\",\"legalName\":\"Swixed SA\",\"foundingDate\":\"2021-03-01\",\"numberOfEmployees\":{\"@type\":\"QuantitativeValue\",\"minValue\":\"1\",\"maxValue\":\"10\"}}]}<\/script>\n<!-- \/ Yoast SEO Premium plugin. -->","yoast_head_json":{"title":"Wagen mit Arm f\u00fcr EKG-Ger\u00e4te Cardioline 100L, 100S und 100+ | Swixed SA%","description":"Wagen mit Arm f\u00fcr Cardioline EKG-Ger\u00e4te, kompatibel mit 100L, 100S und 100+. Mobiler Stahlst\u00e4nder mit Korb und Patientenkabelarm.","robots":{"index":"index","follow":"follow","max-snippet":"max-snippet:-1","max-image-preview":"max-image-preview:large","max-video-preview":"max-video-preview:-1"},"canonical":"https:\/\/swixed.ch\/de\/produkt\/sed14021\/","og_locale":"de_DE","og_type":"article","og_title":"Wagen mit Arm f\u00fcr EKG-Ger\u00e4te Cardioline 100L \/ 100S \/ 100+","og_description":"Wagen mit Arm f\u00fcr Cardioline EKG-Ger\u00e4te, kompatibel mit 100L, 100S und 100+. Mobiler Stahlst\u00e4nder mit Korb und Patientenkabelarm.","og_url":"https:\/\/swixed.ch\/de\/produkt\/sed14021\/","og_site_name":"Swixed SA","article_publisher":"https:\/\/www.facebook.com\/swixed","article_modified_time":"2026-04-19T10:43:23+00:00","og_image":[{"width":600,"height":600,"url":"https:\/\/swixed.ch\/wp-content\/uploads\/2026\/01\/SED14021-01.png","type":"image\/png"}],"twitter_card":"summary_large_image","twitter_misc":{"Gesch\u00e4tzte Lesezeit":"2\u00a0Minuten"},"schema":{"@context":"https:\/\/schema.org","@graph":[{"@type":"WebPage","@id":"https:\/\/swixed.ch\/de\/produkt\/sed14021\/","url":"https:\/\/swixed.ch\/de\/produkt\/sed14021\/","name":"Wagen mit Arm f\u00fcr EKG-Ger\u00e4te Cardioline 100L, 100S und 100+ | Swixed SA%","isPartOf":{"@id":"https:\/\/swixed.ch\/de\/#website"},"primaryImageOfPage":{"@id":"https:\/\/swixed.ch\/de\/produkt\/sed14021\/#primaryimage"},"image":{"@id":"https:\/\/swixed.ch\/de\/produkt\/sed14021\/#primaryimage"},"thumbnailUrl":"https:\/\/swixed.ch\/wp-content\/uploads\/2026\/01\/SED14021-01.png","datePublished":"2026-02-03T20:54:05+00:00","dateModified":"2026-04-19T10:43:23+00:00","description":"Wagen mit Arm f\u00fcr Cardioline EKG-Ger\u00e4te, kompatibel mit 100L, 100S und 100+. Mobiler Stahlst\u00e4nder mit Korb und Patientenkabelarm.","breadcrumb":{"@id":"https:\/\/swixed.ch\/de\/produkt\/sed14021\/#breadcrumb"},"inLanguage":"de","potentialAction":[{"@type":"ReadAction","target":["https:\/\/swixed.ch\/de\/produkt\/sed14021\/"]}]},{"@type":"ImageObject","inLanguage":"de","@id":"https:\/\/swixed.ch\/de\/produkt\/sed14021\/#primaryimage","url":"https:\/\/swixed.ch\/wp-content\/uploads\/2026\/01\/SED14021-01.png","contentUrl":"https:\/\/swixed.ch\/wp-content\/uploads\/2026\/01\/SED14021-01.png","width":600,"height":600,"caption":"SED14021"},{"@type":"BreadcrumbList","@id":"https:\/\/swixed.ch\/de\/produkt\/sed14021\/#breadcrumb","itemListElement":[{"@type":"ListItem","position":1,"name":"Startseite","item":"https:\/\/swixed.ch\/de\/home\/"},{"@type":"ListItem","position":2,"name":"Shop","item":"https:\/\/swixed.ch\/de\/shop\/"},{"@type":"ListItem","position":3,"name":"Wagen mit Arm f\u00fcr EKG-Ger\u00e4te Cardioline 100L \/ 100S \/ 100+"}]},{"@type":"WebSite","@id":"https:\/\/swixed.ch\/de\/#website","url":"https:\/\/swixed.ch\/de\/","name":"Swixed SA","description":"Elektronische Ger\u00e4te","publisher":{"@id":"https:\/\/swixed.ch\/de\/#organization"},"potentialAction":[{"@type":"SearchAction","target":{"@type":"EntryPoint","urlTemplate":"https:\/\/swixed.ch\/de\/?s={search_term_string}"},"query-input":{"@type":"PropertyValueSpecification","valueRequired":true,"valueName":"search_term_string"}}],"inLanguage":"de"},{"@type":"Organization","@id":"https:\/\/swixed.ch\/de\/#organization","name":"Swixed SA","url":"https:\/\/swixed.ch\/de\/","logo":{"@type":"ImageObject","inLanguage":"de","@id":"https:\/\/swixed.ch\/de\/#\/schema\/logo\/image\/","url":"https:\/\/swixed.ch\/wp-content\/uploads\/logos\/swixed-logo-lite.png","contentUrl":"https:\/\/swixed.ch\/wp-content\/uploads\/logos\/swixed-logo-lite.png","width":696,"height":696,"caption":"Swixed SA"},"image":{"@id":"https:\/\/swixed.ch\/de\/#\/schema\/logo\/image\/"},"sameAs":["https:\/\/www.facebook.com\/swixed","https:\/\/www.linkedin.com\/company\/swixed","https:\/\/www.youtube.com\/@swixedsa"],"description":"Swixed SA est une entreprise suisse bas\u00e9e \u00e0 Gen\u00e8ve, sp\u00e9cialis\u00e9e dans la vente, la location et la maintenance d\u2019appareils m\u00e9dicaux professionnels, tels que d\u00e9fibrillateurs AED, \u00e9lectrocardiographes, moniteurs patient et dispositifs de diagnostic.","email":"infoshop@swixed.ch","telephone":"+41 22 566 11 95","legalName":"Swixed SA","foundingDate":"2021-03-01","numberOfEmployees":{"@type":"QuantitativeValue","minValue":"1","maxValue":"10"}}]}},"_links":{"self":[{"href":"https:\/\/swixed.ch\/de\/wp-json\/wp\/v2\/product\/62013","targetHints":{"allow":["GET"]}}],"collection":[{"href":"https:\/\/swixed.ch\/de\/wp-json\/wp\/v2\/product"}],"about":[{"href":"https:\/\/swixed.ch\/de\/wp-json\/wp\/v2\/types\/product"}],"version-history":[{"count":0,"href":"https:\/\/swixed.ch\/de\/wp-json\/wp\/v2\/product\/62013\/revisions"}],"wp:featuredmedia":[{"embeddable":true,"href":"https:\/\/swixed.ch\/de\/wp-json\/wp\/v2\/media\/62015"}],"wp:attachment":[{"href":"https:\/\/swixed.ch\/de\/wp-json\/wp\/v2\/media?parent=62013"}],"wp:term":[{"taxonomy":"product_brand","embeddable":true,"href":"https:\/\/swixed.ch\/de\/wp-json\/wp\/v2\/product_brand?post=62013"},{"taxonomy":"product_cat","embeddable":true,"href":"https:\/\/swixed.ch\/de\/wp-json\/wp\/v2\/product_cat?post=62013"},{"taxonomy":"product_tag","embeddable":true,"href":"https:\/\/swixed.ch\/de\/wp-json\/wp\/v2\/product_tag?post=62013"}],"curies":[{"name":"wp","href":"https:\/\/api.w.org\/{rel}","templated":true}]}}