{"id":62050,"date":"2026-02-04T07:49:23","date_gmt":"2026-02-04T06:49:23","guid":{"rendered":"https:\/\/swixed.ch\/?post_type=product&#038;p=62050"},"modified":"2026-04-19T11:43:27","modified_gmt":"2026-04-19T10:43:27","slug":"sed14022","status":"publish","type":"product","link":"https:\/\/swixed.ch\/de\/produkt\/sed14022\/","title":{"rendered":"Wagen mit Arm f\u00fcr EKG-Ger\u00e4te Cardioline 200L \/ 200S \/ 200+"},"content":{"rendered":"\t\t<div data-elementor-type=\"product-post\" data-elementor-id=\"62050\" class=\"elementor elementor-62050 elementor-62049\" data-elementor-post-type=\"product\">\n\t\t\t\t<div class=\"elementor-element elementor-element-4dd358c e-con-full e-flex e-con e-parent\" data-id=\"4dd358c\" data-element_type=\"container\" data-e-type=\"container\">\n\t\t<div class=\"elementor-element elementor-element-3ab347d e-con-full e-flex e-con e-child\" data-id=\"3ab347d\" data-element_type=\"container\" data-e-type=\"container\">\n\t\t\t\t<div class=\"elementor-element elementor-element-4e9ca79 elementor-widget elementor-widget-heading\" data-id=\"4e9ca79\" data-element_type=\"widget\" data-e-type=\"widget\" data-widget_type=\"heading.default\">\n\t\t\t\t\t<h2 class=\"elementor-heading-title elementor-size-default\">Hauptmerkmale<\/h2>\t\t\t\t<\/div>\n\t\t\t\t<div class=\"elementor-element elementor-element-0c426f8 elementor-widget elementor-widget-text-editor\" data-id=\"0c426f8\" data-element_type=\"widget\" data-e-type=\"widget\" data-widget_type=\"text-editor.default\">\n\t\t\t\t\t\t\t\t\t<p>Der Cardioline EKG-Wagen mit Arm wurde f\u00fcr die Modelle 200L, 200S und 200+ in einer professionellen Umgebung entwickelt. Sein Design zielt auf eine konstante Stabilit\u00e4t des Elektrokardiographen ab, w\u00e4hrend es die Organisation der dazugeh\u00f6rigen Ausr\u00fcstung erleichtert. So tr\u00e4gt jedes Element zu einem strukturierten und koh\u00e4renten Arbeitsplatz bei.  <\/p><p>Der spezielle Arm f\u00fcr das Patientenkabel erm\u00f6glicht eine kontrollierte Verlegung der Anschl\u00fcsse. Die rollbare Basis erm\u00f6glicht eine kontrollierte Mobilit\u00e4t zwischen den R\u00e4umen, ohne die Sicherheit der Ger\u00e4te zu beeintr\u00e4chtigen. <\/p><p>Hauptmerkmale :<\/p><ul><li>Spezielle Kompatibilit\u00e4t mit Cardioline 200L, 200S und 200+ EKG-Ger\u00e4ten<\/li><li>Haltearm f\u00fcr Patientenkabel<\/li><li>Platte mit Haltestift f\u00fcr Elektrokardiograph<\/li><li>Integrierter Korb f\u00fcr Zubeh\u00f6r<\/li><li>Unterst\u00fctzung f\u00fcr die Stromversorgung<\/li><li>Rollen mit verschiedenen Durchmessern, zwei davon mit Bremse<\/li><\/ul>\t\t\t\t\t\t\t\t<\/div>\n\t\t\t\t<div class=\"elementor-element elementor-element-9a8f0f6 elementor-widget elementor-widget-heading\" data-id=\"9a8f0f6\" data-element_type=\"widget\" data-e-type=\"widget\" data-widget_type=\"heading.default\">\n\t\t\t\t\t<h2 class=\"elementor-heading-title elementor-size-default\">Funktionen<\/h2>\t\t\t\t<\/div>\n\t\t\t\t<div class=\"elementor-element elementor-element-495a869 elementor-widget elementor-widget-text-editor\" data-id=\"495a869\" data-element_type=\"widget\" data-e-type=\"widget\" data-widget_type=\"text-editor.default\">\n\t\t\t\t\t\t\t\t\t<p>Dieser EKG-Wagen erf\u00fcllt die Funktion eines mobilen St\u00e4nders und tr\u00e4gt zu einer ordentlichen Aufstellung des Ger\u00e4ts bei. Dank seiner Metallstruktur und seines Layouts ist es einfach, das Ger\u00e4t in einer geeigneten H\u00f6he zu positionieren. Die Rollen erm\u00f6glichen einen reibungslosen Transport zwischen den verschiedenen Einsatzbereichen.  <\/p><p>Dar\u00fcber hinaus bietet der integrierte Korb Platz f\u00fcr EKG-Zubeh\u00f6r, so dass unn\u00f6tige Handgriffe vermieden werden. So wird eine rationelle Nutzung der Cardioline-Ger\u00e4te erm\u00f6glicht, ohne dass zus\u00e4tzliche technische Funktionen f\u00fcr den Elektrokardiographen erforderlich sind. <\/p><p>Schl\u00fcsselfunktionen :<\/p><ul><li>Sicheres Halten des EKGs auf der oberen Platte<\/li><li>F\u00fchrung des Patientenkabels \u00fcber einen speziellen Arm<\/li><li>Leichter Transport durch Lenk- und Bockrollen<\/li><li>Zentrale Organisation von EKG-Zubeh\u00f6r<\/li><\/ul>\t\t\t\t\t\t\t\t<\/div>\n\t\t\t\t<div class=\"elementor-element elementor-element-9eb2bec elementor-widget elementor-widget-heading\" data-id=\"9eb2bec\" data-element_type=\"widget\" data-e-type=\"widget\" data-widget_type=\"heading.default\">\n\t\t\t\t\t<h2 class=\"elementor-heading-title elementor-size-default\">Nutzung, Einhaltung und Empfehlungen<\/h2>\t\t\t\t<\/div>\n\t\t\t\t<div class=\"elementor-element elementor-element-a701408 elementor-widget elementor-widget-text-editor\" data-id=\"a701408\" data-element_type=\"widget\" data-e-type=\"widget\" data-widget_type=\"text-editor.default\">\n\t\t\t\t\t\t\t\t\t<p>Der Cardioline EKG-Wagen mit Arm ist als Zubeh\u00f6r f\u00fcr medizinische Ger\u00e4te klassifiziert. Als solches f\u00e4llt er unter die schweizerischen Vorschriften f\u00fcr Medizinprodukte und deren Zubeh\u00f6r, ohne eine Mess- oder Analysefunktion auszu\u00fcben.<br>Dar\u00fcber hinaus f\u00e4llt das EKG-Zubeh\u00f6r in der Schweiz unter die Vorschriften des Bundesamtes f\u00fcr Gesundheit, das allgemeine Informationen \u00fcber die Verwendung des EKG-Zubeh\u00f6rs ver\u00f6ffentlicht. Das Schweizerische Informationszentrum f\u00fcr technische Regeln stellt technische Ressourcen zur Verf\u00fcgung, die f\u00fcr Fachleute n\u00fctzlich sind.  <br>\t\t<div data-elementor-type=\"widget\" data-elementor-id=\"60303\" class=\"elementor elementor-60303 elementor-60240 elementor-60240\" data-elementor-post-type=\"elementor_library\">\n\t\t\t\t\t\t<div class=\"elementor-element elementor-element-60240 elementor-widget elementor-widget-text-editor\" data-id=\"60240\" data-element_type=\"widget\" data-e-type=\"widget\" data-widget_type=\"text-editor.default\">\n\t\t\t\t\t\t\t\t\t<p>Weitere Informationen finden Sie unter :<\/p><ul><li><a href=\"https:\/\/www.bag.admin.ch\" target=\"_blank\" rel=\"noopener\">Bundesamt f\u00fcr Gesundheit (BAG)<\/a><\/li><li><a href=\"https:\/\/www.switec.info\" target=\"_blank\" rel=\"noopener\">Schweizerisches Informationszentrum f\u00fcr technische Regeln (Switec)<\/a><\/li><\/ul><p><br>Unsere Medizinprodukte haben einen autorisierten Vertreter in der Schweiz (CH-REP), gem\u00e4\u00df der geltenden schweizerischen Gesetzgebung f\u00fcr Medizinprodukte.<\/p>\t\t\t\t\t\t\t\t<\/div>\n\t\t\t\t<\/div>\n\t\t<\/p>\t\t\t\t\t\t\t\t<\/div>\n\t\t\t\t<div class=\"elementor-element elementor-element-fb600c9 elementor-widget elementor-widget-heading\" data-id=\"fb600c9\" data-element_type=\"widget\" data-e-type=\"widget\" data-widget_type=\"heading.default\">\n\t\t\t\t\t<h2 class=\"elementor-heading-title elementor-size-default\">Inhalt<\/h2>\t\t\t\t<\/div>\n\t\t\t\t<div class=\"elementor-element elementor-element-6cbacf0 elementor-widget elementor-widget-text-editor\" data-id=\"6cbacf0\" data-element_type=\"widget\" data-e-type=\"widget\" data-widget_type=\"text-editor.default\">\n\t\t\t\t\t\t\t\t\t<p>Dieser Cardioline EKG-Wagen wird gebrauchsfertig mit allen notwendigen Komponenten geliefert, um als mobiler St\u00e4nder f\u00fcr einen kompatiblen Elektrokardiographen verwendet zu werden. Er kann in einer professionellen medizinischen Umgebung als direkte Erg\u00e4nzung zum EKG-Ger\u00e4t eingesetzt werden. <\/p><p>Inhalt der Verpackung :<\/p><ul><li>Wagen mit beweglicher Struktur<\/li><li>Haltearm f\u00fcr Patientenkabel<\/li><li>Tablett mit R\u00fcckhaltesystem<\/li><li>Korb f\u00fcr Zubeh\u00f6r<\/li><li>Unterst\u00fctzung f\u00fcr die Stromversorgung<\/li><li>Montierter Rollensatz<\/li><\/ul>\t\t\t\t\t\t\t\t<\/div>\n\t\t\t\t<\/div>\n\t\t\t\t<\/div>\n\t\t\t\t<\/div>\n\t\t","protected":false},"excerpt":{"rendered":"<p>Der EKG-Wagen mit Arm Cardioline 200L, 200S und 200+ ist ein funktionelles Zubeh\u00f6r f\u00fcr die mobile Installation von kompatiblen Elektrokardiographen. Er verf\u00fcgt \u00fcber eine stabile Struktur, einen Arm f\u00fcr das Patientenkabel und eine sichere Ablage f\u00fcr das Ger\u00e4t. Der Rollensockel erleichtert den Transport zwischen verschiedenen Arbeitsbereichen. Das Set erm\u00f6glicht eine rationelle Organisation des EKG-Arbeitsplatzes im medizinischen Umfeld.   <\/p>\n","protected":false},"featured_media":62052,"template":"","meta":{"_acf_changed":false},"product_brand":[7891],"product_cat":[954,1199],"product_tag":[7842,7840,4437,4500,7896,3769,4441,7841,5201,7897],"class_list":{"0":"post-62050","1":"product","2":"type-product","3":"status-publish","4":"has-post-thumbnail","6":"product_brand-cardioline","7":"product_cat-elektrokardiographen","8":"product_cat-zubehor-belastungs","9":"product_tag-ekg-anlage","10":"product_tag-ekg-unterstutzung","11":"product_tag-ekg-wagen","12":"product_tag-ekg-zubehor-de","13":"product_tag-kompatibel-mit-cardioline","14":"product_tag-medizinische-ausrustung","15":"product_tag-medizinischer-wagen","16":"product_tag-medizinisches-mobiliar","17":"product_tag-rollwagen","18":"product_tag-wagen-mit-arm","20":"first","21":"instock","22":"taxable","23":"shipping-taxable","24":"purchasable","25":"product-type-simple"},"acf":[],"yoast_head":"<!-- This site is optimized with the Yoast SEO Premium plugin v27.4 (Yoast SEO v27.4) - https:\/\/yoast.com\/product\/yoast-seo-premium-wordpress\/ -->\n<title>Wagen mit Arm f\u00fcr EKG-Ger\u00e4te Cardioline 200L, 200S und 200+ | Swixed SA%<\/title>\n<meta name=\"description\" content=\"Wagen mit Arm f\u00fcr Cardioline 200L, 200S und 200+ EKG-Ger\u00e4te, entworfen f\u00fcr eine stabile Positionierung, reibungslose Mobilit\u00e4t und funktionelle Organisation.\" \/>\n<meta name=\"robots\" content=\"index, follow, max-snippet:-1, max-image-preview:large, max-video-preview:-1\" \/>\n<link rel=\"canonical\" href=\"https:\/\/swixed.ch\/de\/produkt\/sed14022\/\" \/>\n<meta property=\"og:locale\" content=\"de_DE\" \/>\n<meta property=\"og:type\" content=\"article\" \/>\n<meta property=\"og:title\" content=\"Wagen mit Arm f\u00fcr EKG-Ger\u00e4te Cardioline 200L \/ 200S \/ 200+\" \/>\n<meta property=\"og:description\" content=\"Wagen mit Arm f\u00fcr Cardioline 200L, 200S und 200+ EKG-Ger\u00e4te, entworfen f\u00fcr eine stabile Positionierung, reibungslose Mobilit\u00e4t und funktionelle Organisation.\" \/>\n<meta property=\"og:url\" content=\"https:\/\/swixed.ch\/de\/produkt\/sed14022\/\" \/>\n<meta property=\"og:site_name\" content=\"Swixed SA\" \/>\n<meta property=\"article:publisher\" content=\"https:\/\/www.facebook.com\/swixed\" \/>\n<meta property=\"article:modified_time\" content=\"2026-04-19T10:43:27+00:00\" \/>\n<meta property=\"og:image\" content=\"https:\/\/swixed.ch\/wp-content\/uploads\/2026\/01\/SED14022-01.png\" \/>\n\t<meta property=\"og:image:width\" content=\"600\" \/>\n\t<meta property=\"og:image:height\" content=\"600\" \/>\n\t<meta property=\"og:image:type\" content=\"image\/png\" \/>\n<meta name=\"twitter:card\" content=\"summary_large_image\" \/>\n<meta name=\"twitter:label1\" content=\"Gesch\u00e4tzte Lesezeit\" \/>\n\t<meta name=\"twitter:data1\" content=\"2\u00a0Minuten\" \/>\n<script type=\"application\/ld+json\" class=\"yoast-schema-graph\">{\"@context\":\"https:\\\/\\\/schema.org\",\"@graph\":[{\"@type\":\"WebPage\",\"@id\":\"https:\\\/\\\/swixed.ch\\\/de\\\/produkt\\\/sed14022\\\/\",\"url\":\"https:\\\/\\\/swixed.ch\\\/de\\\/produkt\\\/sed14022\\\/\",\"name\":\"Wagen mit Arm f\u00fcr EKG-Ger\u00e4te Cardioline 200L, 200S und 200+ | Swixed SA%\",\"isPartOf\":{\"@id\":\"https:\\\/\\\/swixed.ch\\\/de\\\/#website\"},\"primaryImageOfPage\":{\"@id\":\"https:\\\/\\\/swixed.ch\\\/de\\\/produkt\\\/sed14022\\\/#primaryimage\"},\"image\":{\"@id\":\"https:\\\/\\\/swixed.ch\\\/de\\\/produkt\\\/sed14022\\\/#primaryimage\"},\"thumbnailUrl\":\"https:\\\/\\\/swixed.ch\\\/wp-content\\\/uploads\\\/2026\\\/01\\\/SED14022-01.png\",\"datePublished\":\"2026-02-04T06:49:23+00:00\",\"dateModified\":\"2026-04-19T10:43:27+00:00\",\"description\":\"Wagen mit Arm f\u00fcr Cardioline 200L, 200S und 200+ EKG-Ger\u00e4te, entworfen f\u00fcr eine stabile Positionierung, reibungslose Mobilit\u00e4t und funktionelle Organisation.\",\"breadcrumb\":{\"@id\":\"https:\\\/\\\/swixed.ch\\\/de\\\/produkt\\\/sed14022\\\/#breadcrumb\"},\"inLanguage\":\"de\",\"potentialAction\":[{\"@type\":\"ReadAction\",\"target\":[\"https:\\\/\\\/swixed.ch\\\/de\\\/produkt\\\/sed14022\\\/\"]}]},{\"@type\":\"ImageObject\",\"inLanguage\":\"de\",\"@id\":\"https:\\\/\\\/swixed.ch\\\/de\\\/produkt\\\/sed14022\\\/#primaryimage\",\"url\":\"https:\\\/\\\/swixed.ch\\\/wp-content\\\/uploads\\\/2026\\\/01\\\/SED14022-01.png\",\"contentUrl\":\"https:\\\/\\\/swixed.ch\\\/wp-content\\\/uploads\\\/2026\\\/01\\\/SED14022-01.png\",\"width\":600,\"height\":600,\"caption\":\"SED14022\"},{\"@type\":\"BreadcrumbList\",\"@id\":\"https:\\\/\\\/swixed.ch\\\/de\\\/produkt\\\/sed14022\\\/#breadcrumb\",\"itemListElement\":[{\"@type\":\"ListItem\",\"position\":1,\"name\":\"Startseite\",\"item\":\"https:\\\/\\\/swixed.ch\\\/de\\\/home\\\/\"},{\"@type\":\"ListItem\",\"position\":2,\"name\":\"Shop\",\"item\":\"https:\\\/\\\/swixed.ch\\\/de\\\/shop\\\/\"},{\"@type\":\"ListItem\",\"position\":3,\"name\":\"Wagen mit Arm f\u00fcr EKG-Ger\u00e4te Cardioline 200L \\\/ 200S \\\/ 200+\"}]},{\"@type\":\"WebSite\",\"@id\":\"https:\\\/\\\/swixed.ch\\\/de\\\/#website\",\"url\":\"https:\\\/\\\/swixed.ch\\\/de\\\/\",\"name\":\"Swixed SA\",\"description\":\"Elektronische Ger\u00e4te\",\"publisher\":{\"@id\":\"https:\\\/\\\/swixed.ch\\\/de\\\/#organization\"},\"potentialAction\":[{\"@type\":\"SearchAction\",\"target\":{\"@type\":\"EntryPoint\",\"urlTemplate\":\"https:\\\/\\\/swixed.ch\\\/de\\\/?s={search_term_string}\"},\"query-input\":{\"@type\":\"PropertyValueSpecification\",\"valueRequired\":true,\"valueName\":\"search_term_string\"}}],\"inLanguage\":\"de\"},{\"@type\":\"Organization\",\"@id\":\"https:\\\/\\\/swixed.ch\\\/de\\\/#organization\",\"name\":\"Swixed SA\",\"url\":\"https:\\\/\\\/swixed.ch\\\/de\\\/\",\"logo\":{\"@type\":\"ImageObject\",\"inLanguage\":\"de\",\"@id\":\"https:\\\/\\\/swixed.ch\\\/de\\\/#\\\/schema\\\/logo\\\/image\\\/\",\"url\":\"https:\\\/\\\/swixed.ch\\\/wp-content\\\/uploads\\\/logos\\\/swixed-logo-lite.png\",\"contentUrl\":\"https:\\\/\\\/swixed.ch\\\/wp-content\\\/uploads\\\/logos\\\/swixed-logo-lite.png\",\"width\":696,\"height\":696,\"caption\":\"Swixed SA\"},\"image\":{\"@id\":\"https:\\\/\\\/swixed.ch\\\/de\\\/#\\\/schema\\\/logo\\\/image\\\/\"},\"sameAs\":[\"https:\\\/\\\/www.facebook.com\\\/swixed\",\"https:\\\/\\\/www.linkedin.com\\\/company\\\/swixed\",\"https:\\\/\\\/www.youtube.com\\\/@swixedsa\"],\"description\":\"Swixed SA est une entreprise suisse bas\u00e9e \u00e0 Gen\u00e8ve, sp\u00e9cialis\u00e9e dans la vente, la location et la maintenance d\u2019appareils m\u00e9dicaux professionnels, tels que d\u00e9fibrillateurs AED, \u00e9lectrocardiographes, moniteurs patient et dispositifs de diagnostic.\",\"email\":\"infoshop@swixed.ch\",\"telephone\":\"+41 22 566 11 95\",\"legalName\":\"Swixed SA\",\"foundingDate\":\"2021-03-01\",\"numberOfEmployees\":{\"@type\":\"QuantitativeValue\",\"minValue\":\"1\",\"maxValue\":\"10\"}}]}<\/script>\n<!-- \/ Yoast SEO Premium plugin. -->","yoast_head_json":{"title":"Wagen mit Arm f\u00fcr EKG-Ger\u00e4te Cardioline 200L, 200S und 200+ | Swixed SA%","description":"Wagen mit Arm f\u00fcr Cardioline 200L, 200S und 200+ EKG-Ger\u00e4te, entworfen f\u00fcr eine stabile Positionierung, reibungslose Mobilit\u00e4t und funktionelle Organisation.","robots":{"index":"index","follow":"follow","max-snippet":"max-snippet:-1","max-image-preview":"max-image-preview:large","max-video-preview":"max-video-preview:-1"},"canonical":"https:\/\/swixed.ch\/de\/produkt\/sed14022\/","og_locale":"de_DE","og_type":"article","og_title":"Wagen mit Arm f\u00fcr EKG-Ger\u00e4te Cardioline 200L \/ 200S \/ 200+","og_description":"Wagen mit Arm f\u00fcr Cardioline 200L, 200S und 200+ EKG-Ger\u00e4te, entworfen f\u00fcr eine stabile Positionierung, reibungslose Mobilit\u00e4t und funktionelle Organisation.","og_url":"https:\/\/swixed.ch\/de\/produkt\/sed14022\/","og_site_name":"Swixed SA","article_publisher":"https:\/\/www.facebook.com\/swixed","article_modified_time":"2026-04-19T10:43:27+00:00","og_image":[{"width":600,"height":600,"url":"https:\/\/swixed.ch\/wp-content\/uploads\/2026\/01\/SED14022-01.png","type":"image\/png"}],"twitter_card":"summary_large_image","twitter_misc":{"Gesch\u00e4tzte Lesezeit":"2\u00a0Minuten"},"schema":{"@context":"https:\/\/schema.org","@graph":[{"@type":"WebPage","@id":"https:\/\/swixed.ch\/de\/produkt\/sed14022\/","url":"https:\/\/swixed.ch\/de\/produkt\/sed14022\/","name":"Wagen mit Arm f\u00fcr EKG-Ger\u00e4te Cardioline 200L, 200S und 200+ | Swixed SA%","isPartOf":{"@id":"https:\/\/swixed.ch\/de\/#website"},"primaryImageOfPage":{"@id":"https:\/\/swixed.ch\/de\/produkt\/sed14022\/#primaryimage"},"image":{"@id":"https:\/\/swixed.ch\/de\/produkt\/sed14022\/#primaryimage"},"thumbnailUrl":"https:\/\/swixed.ch\/wp-content\/uploads\/2026\/01\/SED14022-01.png","datePublished":"2026-02-04T06:49:23+00:00","dateModified":"2026-04-19T10:43:27+00:00","description":"Wagen mit Arm f\u00fcr Cardioline 200L, 200S und 200+ EKG-Ger\u00e4te, entworfen f\u00fcr eine stabile Positionierung, reibungslose Mobilit\u00e4t und funktionelle Organisation.","breadcrumb":{"@id":"https:\/\/swixed.ch\/de\/produkt\/sed14022\/#breadcrumb"},"inLanguage":"de","potentialAction":[{"@type":"ReadAction","target":["https:\/\/swixed.ch\/de\/produkt\/sed14022\/"]}]},{"@type":"ImageObject","inLanguage":"de","@id":"https:\/\/swixed.ch\/de\/produkt\/sed14022\/#primaryimage","url":"https:\/\/swixed.ch\/wp-content\/uploads\/2026\/01\/SED14022-01.png","contentUrl":"https:\/\/swixed.ch\/wp-content\/uploads\/2026\/01\/SED14022-01.png","width":600,"height":600,"caption":"SED14022"},{"@type":"BreadcrumbList","@id":"https:\/\/swixed.ch\/de\/produkt\/sed14022\/#breadcrumb","itemListElement":[{"@type":"ListItem","position":1,"name":"Startseite","item":"https:\/\/swixed.ch\/de\/home\/"},{"@type":"ListItem","position":2,"name":"Shop","item":"https:\/\/swixed.ch\/de\/shop\/"},{"@type":"ListItem","position":3,"name":"Wagen mit Arm f\u00fcr EKG-Ger\u00e4te Cardioline 200L \/ 200S \/ 200+"}]},{"@type":"WebSite","@id":"https:\/\/swixed.ch\/de\/#website","url":"https:\/\/swixed.ch\/de\/","name":"Swixed SA","description":"Elektronische Ger\u00e4te","publisher":{"@id":"https:\/\/swixed.ch\/de\/#organization"},"potentialAction":[{"@type":"SearchAction","target":{"@type":"EntryPoint","urlTemplate":"https:\/\/swixed.ch\/de\/?s={search_term_string}"},"query-input":{"@type":"PropertyValueSpecification","valueRequired":true,"valueName":"search_term_string"}}],"inLanguage":"de"},{"@type":"Organization","@id":"https:\/\/swixed.ch\/de\/#organization","name":"Swixed SA","url":"https:\/\/swixed.ch\/de\/","logo":{"@type":"ImageObject","inLanguage":"de","@id":"https:\/\/swixed.ch\/de\/#\/schema\/logo\/image\/","url":"https:\/\/swixed.ch\/wp-content\/uploads\/logos\/swixed-logo-lite.png","contentUrl":"https:\/\/swixed.ch\/wp-content\/uploads\/logos\/swixed-logo-lite.png","width":696,"height":696,"caption":"Swixed SA"},"image":{"@id":"https:\/\/swixed.ch\/de\/#\/schema\/logo\/image\/"},"sameAs":["https:\/\/www.facebook.com\/swixed","https:\/\/www.linkedin.com\/company\/swixed","https:\/\/www.youtube.com\/@swixedsa"],"description":"Swixed SA est une entreprise suisse bas\u00e9e \u00e0 Gen\u00e8ve, sp\u00e9cialis\u00e9e dans la vente, la location et la maintenance d\u2019appareils m\u00e9dicaux professionnels, tels que d\u00e9fibrillateurs AED, \u00e9lectrocardiographes, moniteurs patient et dispositifs de diagnostic.","email":"infoshop@swixed.ch","telephone":"+41 22 566 11 95","legalName":"Swixed SA","foundingDate":"2021-03-01","numberOfEmployees":{"@type":"QuantitativeValue","minValue":"1","maxValue":"10"}}]}},"_links":{"self":[{"href":"https:\/\/swixed.ch\/de\/wp-json\/wp\/v2\/product\/62050","targetHints":{"allow":["GET"]}}],"collection":[{"href":"https:\/\/swixed.ch\/de\/wp-json\/wp\/v2\/product"}],"about":[{"href":"https:\/\/swixed.ch\/de\/wp-json\/wp\/v2\/types\/product"}],"version-history":[{"count":0,"href":"https:\/\/swixed.ch\/de\/wp-json\/wp\/v2\/product\/62050\/revisions"}],"wp:featuredmedia":[{"embeddable":true,"href":"https:\/\/swixed.ch\/de\/wp-json\/wp\/v2\/media\/62052"}],"wp:attachment":[{"href":"https:\/\/swixed.ch\/de\/wp-json\/wp\/v2\/media?parent=62050"}],"wp:term":[{"taxonomy":"product_brand","embeddable":true,"href":"https:\/\/swixed.ch\/de\/wp-json\/wp\/v2\/product_brand?post=62050"},{"taxonomy":"product_cat","embeddable":true,"href":"https:\/\/swixed.ch\/de\/wp-json\/wp\/v2\/product_cat?post=62050"},{"taxonomy":"product_tag","embeddable":true,"href":"https:\/\/swixed.ch\/de\/wp-json\/wp\/v2\/product_tag?post=62050"}],"curies":[{"name":"wp","href":"https:\/\/api.w.org\/{rel}","templated":true}]}}