{"id":62402,"date":"2026-02-01T18:08:56","date_gmt":"2026-02-01T17:08:56","guid":{"rendered":"https:\/\/swixed.ch\/?post_type=product&#038;p=62402"},"modified":"2026-04-19T09:00:19","modified_gmt":"2026-04-19T08:00:19","slug":"sed10018","status":"publish","type":"product","link":"https:\/\/swixed.ch\/de\/produkt\/sed10018\/","title":{"rendered":"Elektrokardiograph Cardioline 200S Ruhe-EKG"},"content":{"rendered":"\t\t<div data-elementor-type=\"product-post\" data-elementor-id=\"62402\" class=\"elementor elementor-62402 elementor-61694\" data-elementor-post-type=\"product\">\n\t\t\t\t<div class=\"elementor-element elementor-element-43dc955 e-con-full e-flex e-con e-parent\" data-id=\"43dc955\" data-element_type=\"container\" data-e-type=\"container\">\n\t\t<div class=\"elementor-element elementor-element-9c2d3d5 e-con-full e-flex e-con e-child\" data-id=\"9c2d3d5\" data-element_type=\"container\" data-e-type=\"container\">\n\t\t\t\t<div class=\"elementor-element elementor-element-75e125b elementor-widget elementor-widget-heading\" data-id=\"75e125b\" data-element_type=\"widget\" data-e-type=\"widget\" data-widget_type=\"heading.default\">\n\t\t\t\t\t<h2 class=\"elementor-heading-title elementor-size-default\">Hauptmerkmale<\/h2>\t\t\t\t<\/div>\n\t\t\t\t<div class=\"elementor-element elementor-element-589f4cd elementor-widget elementor-widget-text-editor\" data-id=\"589f4cd\" data-element_type=\"widget\" data-e-type=\"widget\" data-widget_type=\"text-editor.default\">\n\t\t\t\t\t\t\t\t\t<p>Der Elektrokardiograph Cardioline 200S erm\u00f6glicht die Aufzeichnung von Ruhe-EKGs mit 12 Ableitungen und direktem Ausdruck auf A4-Papier. Die \u00fcbersichtliche Benutzeroberfl\u00e4che des Cardioline 200S erm\u00f6glicht einen einfachen Zugriff auf die wichtigsten Funktionen ohne komplizierte Konfiguration. Zweitens bietet das Ger\u00e4t eine schnelle Erfassung dank einer elektronischen Architektur, die f\u00fcr den intensiven professionellen Gebrauch entwickelt wurde. Das Ger\u00e4t bietet auch die M\u00f6glichkeit, die erstellten Elektrokardiogramme direkt auf einen USB-Stick im A4 PDF-Format zu exportieren.   <\/p><p>Das hintergrundbeleuchtete Farbdisplay zeigt bis zu 12 Tracks in Echtzeit an, was die Lesbarkeit der Tracks w\u00e4hrend der Erfassung verbessert. Bei der europ\u00e4ischen Konstruktion wurden robuste und pflegeleichte Materialien verwendet, die f\u00fcr den regelm\u00e4\u00dfigen Gebrauch geeignet sind. <\/p><p>Hauptmerkmale :<\/p><ul><li>Ruhe-EKG mit 12 Ableitungen<\/li><li>A4 Z-fold Druck (12, 6 oder 3 Spuren)<\/li><li>7-Zoll-Farbbildschirm mit Echtzeitanzeige<\/li><li>Interner Speicher f\u00fcr die Speicherung von Untersuchungen<\/li><li>Betrieb mit Netzstrom oder wiederaufladbarer Batterie<\/li><\/ul>\t\t\t\t\t\t\t\t<\/div>\n\t\t\t\t<div class=\"elementor-element elementor-element-5e6d4a4 elementor-widget elementor-widget-heading\" data-id=\"5e6d4a4\" data-element_type=\"widget\" data-e-type=\"widget\" data-widget_type=\"heading.default\">\n\t\t\t\t\t<h2 class=\"elementor-heading-title elementor-size-default\">Funktionen<\/h2>\t\t\t\t<\/div>\n\t\t\t\t<div class=\"elementor-element elementor-element-72f8bfb elementor-widget elementor-widget-text-editor\" data-id=\"72f8bfb\" data-element_type=\"widget\" data-e-type=\"widget\" data-widget_type=\"text-editor.default\">\n\t\t\t\t\t\t\t\t\t<p>Der Cardioline 200S verf\u00fcgt \u00fcber Funktionen zur strukturierten Verwaltung von EKG-Untersuchungen. Zun\u00e4chst f\u00fchrt das Ger\u00e4t eine automatische Erfassung der Kurven mit globalen EKG-Messungen \u00fcber alle Ableitungen durch. Anschlie\u00dfend k\u00f6nnen die Daten in Standardformate exportiert werden, um die Archivierung zu erleichtern.  <\/p><p>Die USB-, LAN- oder Wi-Fi-Anschl\u00fcsse erm\u00f6glichen die Integration in eine bestehende IT-Umgebung. Zus\u00e4tzlich kann eine auf dem Glasgow-Algorithmus basierende Software-Option f\u00fcr die EKG-Analyse und -Interpretation hinzugef\u00fcgt werden, abh\u00e4ngig von der gew\u00e4hlten Konfiguration. <\/p><p>Hauptfunktionen :<\/p><ul><li>Automatisierte EKG-Erfassung<\/li><li>Automatisch berechnete Gesamt-EKG-Messungen<\/li><li>Export der Untersuchungen in SCP- und PDF-Format<\/li><li>USB- und Netzwerkanschluss (optional)<\/li><li>Option zur Analyse und Interpretation des Glasgow-EKGs<\/li><\/ul>\t\t\t\t\t\t\t\t<\/div>\n\t\t\t\t<div class=\"elementor-element elementor-element-aa0d545 elementor-widget elementor-widget-heading\" data-id=\"aa0d545\" data-element_type=\"widget\" data-e-type=\"widget\" data-widget_type=\"heading.default\">\n\t\t\t\t\t<h2 class=\"elementor-heading-title elementor-size-default\">Nutzung, Einhaltung und Empfehlungen<\/h2>\t\t\t\t<\/div>\n\t\t\t\t<div class=\"elementor-element elementor-element-fafb5a1 elementor-widget elementor-widget-text-editor\" data-id=\"fafb5a1\" data-element_type=\"widget\" data-e-type=\"widget\" data-widget_type=\"text-editor.default\">\n\t\t\t\t\t\t\t\t\t<p>Der Cardioline 200S ist f\u00fcr den Einsatz in festen Arbeitsumgebungen, wie z.B. in Arztpraxen oder medizinischen Einrichtungen, vorgesehen. In der Schweiz unterliegt die Verwendung von Medizinprodukten einem klaren gesetzlichen Rahmen. Insbesondere ver\u00f6ffentlicht das Bundesamt f\u00fcr Gesundheit (BAG) allgemeine Empfehlungen f\u00fcr die Verwendung von medizinischen Ger\u00e4ten.  <\/p><p>Dar\u00fcber hinaus \u00fcberwacht Swissmedic das Inverkehrbringen von Medizinprodukten gem\u00e4\u00df der Medizinprodukteverordnung (MDDV \/ MedDO). Der Elektrokardiograph ist somit Teil eines definierten regulatorischen Rahmens, ohne Bezug auf eine spezifische klinische Anwendung. <br>\t\t<div data-elementor-type=\"widget\" data-elementor-id=\"59088\" class=\"elementor elementor-59088 elementor-59083 elementor-59083\" data-elementor-post-type=\"elementor_library\">\n\t\t\t\t\t\t<div class=\"elementor-element elementor-element-59083 elementor-widget elementor-widget-text-editor\" data-id=\"59083\" data-element_type=\"widget\" data-e-type=\"widget\" data-widget_type=\"text-editor.default\">\n\t\t\t\t\t\t\t\t\t<p>Weitere Informationen finden Sie unter :<\/p><ul><li><a href=\"https:\/\/www.swissmedic.ch\" target=\"_blank\" rel=\"noopener\">Swissmedic<\/a><\/li><li><a href=\"https:\/\/www.bag.admin.ch\" target=\"_blank\" rel=\"noopener\">Bundesamt f\u00fcr Gesundheit (BAG)<\/a><\/li><li><a href=\"https:\/\/www.switec.info\" target=\"_blank\" rel=\"noopener\">Schweizerisches Informationszentrum f\u00fcr technische Regeln (Switec)<\/a><\/li><li><a href=\"https:\/\/www.fedlex.admin.ch\/eli\/cc\/2020\/552\/\" target=\"_blank\" rel=\"noopener\">Verordnung \u00fcber Medizinprodukte (MDDV oder MedDO)<\/a><\/li><\/ul><p><br>Unsere Medizinprodukte haben einen autorisierten Vertreter in der Schweiz (CH-REP), gem\u00e4\u00df der geltenden schweizerischen Gesetzgebung f\u00fcr Medizinprodukte.<\/p>\t\t\t\t\t\t\t\t<\/div>\n\t\t\t\t<\/div>\n\t\t<br>Klicken Sie hier, um die <a href=\"https:\/\/swixed.ch\/de\/produkt\/sed94001\/\">regelm\u00e4\u00dfige Wartung<\/a> zu buchen.<\/p>\t\t\t\t\t\t\t\t<\/div>\n\t\t\t\t<div class=\"elementor-element elementor-element-eece3a9 elementor-widget elementor-widget-heading\" data-id=\"eece3a9\" data-element_type=\"widget\" data-e-type=\"widget\" data-widget_type=\"heading.default\">\n\t\t\t\t\t<h2 class=\"elementor-heading-title elementor-size-default\">Inhalt<\/h2>\t\t\t\t<\/div>\n\t\t\t\t<div class=\"elementor-element elementor-element-351fa60 elementor-widget elementor-widget-text-editor\" data-id=\"351fa60\" data-element_type=\"widget\" data-e-type=\"widget\" data-widget_type=\"text-editor.default\">\n\t\t\t\t\t\t\t\t\t<p>Der Cardioline 200S wird mit dem notwendigen Zubeh\u00f6r geliefert, so dass Sie ihn sofort in Betrieb nehmen k\u00f6nnen. Einerseits erm\u00f6glicht der Inhalt die Aufzeichnung und den Ausdruck von EKGs sofort nach der Installation. Andererseits entspricht jedes Element den Spezifikationen des Herstellers.  <\/p><ul><li>Cardioline 200S mit Interpretationsoption (Glasgow-Algorithmus) oder nicht, je nach Modell<\/li><li>10-adriges Patientenkabel mit Bananensteckern<\/li><li>60 EKG-Elektroden f\u00fcr Bananenstecker<\/li><li>10 Adapter f\u00fcr Druckelektroden<\/li><li>EKG-Papier Z-Faltung A4 (210 \u00d7 295 mm)<\/li><li>Schutzh\u00fclle<\/li><li>Benutzerhandbuch<\/li><li>Netzkabel<\/li><\/ul>\t\t\t\t\t\t\t\t<\/div>\n\t\t\t\t<\/div>\n\t\t\t\t<\/div>\n\t\t\t\t<\/div>\n\t\t","protected":false},"excerpt":{"rendered":"<p>Der Elektrokardiograph Cardioline 200S ist ein Ruhe-EKG mit 12 Ableitungen im A4-Format. Er erm\u00f6glicht die Erfassung, Anzeige, den Ausdruck und die Speicherung von EKG-Untersuchungen \u00fcber eine klare Schnittstelle und einen speziellen internen Speicher. Dar\u00fcber hinaus bietet er eine Netzwerkverbindung f\u00fcr die Archivierung und Verwaltung von Kurven \u00fcber kompatible Softwarel\u00f6sungen. Das Ger\u00e4t ist f\u00fcr den station\u00e4ren oder batteriebetriebenen Einsatz konzipiert und l\u00e4sst sich in verschiedene professionelle Umgebungen integrieren.   <\/p>\n","protected":false},"featured_media":62404,"template":"","meta":{"_acf_changed":false},"product_brand":[7891],"product_cat":[954,973],"product_tag":[7699,7710,7701,7702,3619,7715,7707,7706,7782,2277],"class_list":{"0":"post-62402","1":"product","2":"type-product","3":"status-publish","4":"has-post-thumbnail","6":"product_brand-cardioline","7":"product_cat-elektrokardiographen","8":"product_cat-ruhe-ekg","9":"product_tag-12d-ekg","10":"product_tag-diagnostisches-ekg","11":"product_tag-ekg-pc","12":"product_tag-ekg-erfassung","13":"product_tag-ekg-software-de","14":"product_tag-ekg-untersuchung","15":"product_tag-festes-ekg","16":"product_tag-kabel-ekg","17":"product_tag-kompaktes-ekg","18":"product_tag-ruhe-ekg","20":"first","21":"instock","22":"taxable","23":"shipping-taxable","24":"purchasable","25":"product-type-variable","26":"has-default-attributes"},"acf":[],"yoast_head":"<!-- This site is optimized with the Yoast SEO Premium plugin v27.4 (Yoast SEO v27.4) - https:\/\/yoast.com\/product\/yoast-seo-premium-wordpress\/ -->\n<title>Cardioline 200S - Elektrokardiograph Ruhe-EKG A4 | Swixed SA%<\/title>\n<meta name=\"description\" content=\"Elektrokardiograph Cardioline 200S mit 12 Ableitungen, A4-Format, Direktdruck, internem Speicher und Netzwerkanschluss f\u00fcr EKG-Verwaltung.\" \/>\n<meta name=\"robots\" content=\"index, follow, max-snippet:-1, max-image-preview:large, max-video-preview:-1\" \/>\n<link rel=\"canonical\" href=\"https:\/\/swixed.ch\/de\/produkt\/sed10018\/\" \/>\n<meta property=\"og:locale\" content=\"de_DE\" \/>\n<meta property=\"og:type\" content=\"article\" \/>\n<meta property=\"og:title\" content=\"Elektrokardiograph Cardioline 200S Ruhe-EKG\" \/>\n<meta property=\"og:description\" content=\"Elektrokardiograph Cardioline 200S mit 12 Ableitungen, A4-Format, Direktdruck, internem Speicher und Netzwerkanschluss f\u00fcr EKG-Verwaltung.\" \/>\n<meta property=\"og:url\" content=\"https:\/\/swixed.ch\/de\/produkt\/sed10018\/\" \/>\n<meta property=\"og:site_name\" content=\"Swixed SA\" \/>\n<meta property=\"article:publisher\" content=\"https:\/\/www.facebook.com\/swixed\" \/>\n<meta property=\"article:modified_time\" content=\"2026-04-19T08:00:19+00:00\" \/>\n<meta property=\"og:image\" content=\"https:\/\/swixed.ch\/wp-content\/uploads\/2026\/01\/SED10018-01.png\" \/>\n\t<meta property=\"og:image:width\" content=\"600\" \/>\n\t<meta property=\"og:image:height\" content=\"600\" \/>\n\t<meta property=\"og:image:type\" content=\"image\/png\" \/>\n<meta name=\"twitter:card\" content=\"summary_large_image\" \/>\n<meta name=\"twitter:label1\" content=\"Gesch\u00e4tzte Lesezeit\" \/>\n\t<meta name=\"twitter:data1\" content=\"2\u00a0Minuten\" \/>\n<script type=\"application\/ld+json\" class=\"yoast-schema-graph\">{\"@context\":\"https:\\\/\\\/schema.org\",\"@graph\":[{\"@type\":\"WebPage\",\"@id\":\"https:\\\/\\\/swixed.ch\\\/de\\\/produkt\\\/sed10018\\\/\",\"url\":\"https:\\\/\\\/swixed.ch\\\/de\\\/produkt\\\/sed10018\\\/\",\"name\":\"Cardioline 200S - Elektrokardiograph Ruhe-EKG A4 | Swixed SA%\",\"isPartOf\":{\"@id\":\"https:\\\/\\\/swixed.ch\\\/de\\\/#website\"},\"primaryImageOfPage\":{\"@id\":\"https:\\\/\\\/swixed.ch\\\/de\\\/produkt\\\/sed10018\\\/#primaryimage\"},\"image\":{\"@id\":\"https:\\\/\\\/swixed.ch\\\/de\\\/produkt\\\/sed10018\\\/#primaryimage\"},\"thumbnailUrl\":\"https:\\\/\\\/swixed.ch\\\/wp-content\\\/uploads\\\/2026\\\/01\\\/SED10018-01.png\",\"datePublished\":\"2026-02-01T17:08:56+00:00\",\"dateModified\":\"2026-04-19T08:00:19+00:00\",\"description\":\"Elektrokardiograph Cardioline 200S mit 12 Ableitungen, A4-Format, Direktdruck, internem Speicher und Netzwerkanschluss f\u00fcr EKG-Verwaltung.\",\"breadcrumb\":{\"@id\":\"https:\\\/\\\/swixed.ch\\\/de\\\/produkt\\\/sed10018\\\/#breadcrumb\"},\"inLanguage\":\"de\",\"potentialAction\":[{\"@type\":\"ReadAction\",\"target\":[\"https:\\\/\\\/swixed.ch\\\/de\\\/produkt\\\/sed10018\\\/\"]}]},{\"@type\":\"ImageObject\",\"inLanguage\":\"de\",\"@id\":\"https:\\\/\\\/swixed.ch\\\/de\\\/produkt\\\/sed10018\\\/#primaryimage\",\"url\":\"https:\\\/\\\/swixed.ch\\\/wp-content\\\/uploads\\\/2026\\\/01\\\/SED10018-01.png\",\"contentUrl\":\"https:\\\/\\\/swixed.ch\\\/wp-content\\\/uploads\\\/2026\\\/01\\\/SED10018-01.png\",\"width\":600,\"height\":600,\"caption\":\"SED10018\"},{\"@type\":\"BreadcrumbList\",\"@id\":\"https:\\\/\\\/swixed.ch\\\/de\\\/produkt\\\/sed10018\\\/#breadcrumb\",\"itemListElement\":[{\"@type\":\"ListItem\",\"position\":1,\"name\":\"Startseite\",\"item\":\"https:\\\/\\\/swixed.ch\\\/de\\\/home\\\/\"},{\"@type\":\"ListItem\",\"position\":2,\"name\":\"Shop\",\"item\":\"https:\\\/\\\/swixed.ch\\\/de\\\/shop\\\/\"},{\"@type\":\"ListItem\",\"position\":3,\"name\":\"Elektrokardiograph Cardioline 200S Ruhe-EKG\"}]},{\"@type\":\"WebSite\",\"@id\":\"https:\\\/\\\/swixed.ch\\\/de\\\/#website\",\"url\":\"https:\\\/\\\/swixed.ch\\\/de\\\/\",\"name\":\"Swixed SA\",\"description\":\"Elektronische Ger\u00e4te\",\"publisher\":{\"@id\":\"https:\\\/\\\/swixed.ch\\\/de\\\/#organization\"},\"potentialAction\":[{\"@type\":\"SearchAction\",\"target\":{\"@type\":\"EntryPoint\",\"urlTemplate\":\"https:\\\/\\\/swixed.ch\\\/de\\\/?s={search_term_string}\"},\"query-input\":{\"@type\":\"PropertyValueSpecification\",\"valueRequired\":true,\"valueName\":\"search_term_string\"}}],\"inLanguage\":\"de\"},{\"@type\":\"Organization\",\"@id\":\"https:\\\/\\\/swixed.ch\\\/de\\\/#organization\",\"name\":\"Swixed SA\",\"url\":\"https:\\\/\\\/swixed.ch\\\/de\\\/\",\"logo\":{\"@type\":\"ImageObject\",\"inLanguage\":\"de\",\"@id\":\"https:\\\/\\\/swixed.ch\\\/de\\\/#\\\/schema\\\/logo\\\/image\\\/\",\"url\":\"https:\\\/\\\/swixed.ch\\\/wp-content\\\/uploads\\\/logos\\\/swixed-logo-lite.png\",\"contentUrl\":\"https:\\\/\\\/swixed.ch\\\/wp-content\\\/uploads\\\/logos\\\/swixed-logo-lite.png\",\"width\":696,\"height\":696,\"caption\":\"Swixed SA\"},\"image\":{\"@id\":\"https:\\\/\\\/swixed.ch\\\/de\\\/#\\\/schema\\\/logo\\\/image\\\/\"},\"sameAs\":[\"https:\\\/\\\/www.facebook.com\\\/swixed\",\"https:\\\/\\\/www.linkedin.com\\\/company\\\/swixed\",\"https:\\\/\\\/www.youtube.com\\\/@swixedsa\"],\"description\":\"Swixed SA est une entreprise suisse bas\u00e9e \u00e0 Gen\u00e8ve, sp\u00e9cialis\u00e9e dans la vente, la location et la maintenance d\u2019appareils m\u00e9dicaux professionnels, tels que d\u00e9fibrillateurs AED, \u00e9lectrocardiographes, moniteurs patient et dispositifs de diagnostic.\",\"email\":\"infoshop@swixed.ch\",\"telephone\":\"+41 22 566 11 95\",\"legalName\":\"Swixed SA\",\"foundingDate\":\"2021-03-01\",\"numberOfEmployees\":{\"@type\":\"QuantitativeValue\",\"minValue\":\"1\",\"maxValue\":\"10\"}}]}<\/script>\n<!-- \/ Yoast SEO Premium plugin. -->","yoast_head_json":{"title":"Cardioline 200S - Elektrokardiograph Ruhe-EKG A4 | Swixed SA%","description":"Elektrokardiograph Cardioline 200S mit 12 Ableitungen, A4-Format, Direktdruck, internem Speicher und Netzwerkanschluss f\u00fcr EKG-Verwaltung.","robots":{"index":"index","follow":"follow","max-snippet":"max-snippet:-1","max-image-preview":"max-image-preview:large","max-video-preview":"max-video-preview:-1"},"canonical":"https:\/\/swixed.ch\/de\/produkt\/sed10018\/","og_locale":"de_DE","og_type":"article","og_title":"Elektrokardiograph Cardioline 200S Ruhe-EKG","og_description":"Elektrokardiograph Cardioline 200S mit 12 Ableitungen, A4-Format, Direktdruck, internem Speicher und Netzwerkanschluss f\u00fcr EKG-Verwaltung.","og_url":"https:\/\/swixed.ch\/de\/produkt\/sed10018\/","og_site_name":"Swixed SA","article_publisher":"https:\/\/www.facebook.com\/swixed","article_modified_time":"2026-04-19T08:00:19+00:00","og_image":[{"width":600,"height":600,"url":"https:\/\/swixed.ch\/wp-content\/uploads\/2026\/01\/SED10018-01.png","type":"image\/png"}],"twitter_card":"summary_large_image","twitter_misc":{"Gesch\u00e4tzte Lesezeit":"2\u00a0Minuten"},"schema":{"@context":"https:\/\/schema.org","@graph":[{"@type":"WebPage","@id":"https:\/\/swixed.ch\/de\/produkt\/sed10018\/","url":"https:\/\/swixed.ch\/de\/produkt\/sed10018\/","name":"Cardioline 200S - Elektrokardiograph Ruhe-EKG A4 | Swixed SA%","isPartOf":{"@id":"https:\/\/swixed.ch\/de\/#website"},"primaryImageOfPage":{"@id":"https:\/\/swixed.ch\/de\/produkt\/sed10018\/#primaryimage"},"image":{"@id":"https:\/\/swixed.ch\/de\/produkt\/sed10018\/#primaryimage"},"thumbnailUrl":"https:\/\/swixed.ch\/wp-content\/uploads\/2026\/01\/SED10018-01.png","datePublished":"2026-02-01T17:08:56+00:00","dateModified":"2026-04-19T08:00:19+00:00","description":"Elektrokardiograph Cardioline 200S mit 12 Ableitungen, A4-Format, Direktdruck, internem Speicher und Netzwerkanschluss f\u00fcr EKG-Verwaltung.","breadcrumb":{"@id":"https:\/\/swixed.ch\/de\/produkt\/sed10018\/#breadcrumb"},"inLanguage":"de","potentialAction":[{"@type":"ReadAction","target":["https:\/\/swixed.ch\/de\/produkt\/sed10018\/"]}]},{"@type":"ImageObject","inLanguage":"de","@id":"https:\/\/swixed.ch\/de\/produkt\/sed10018\/#primaryimage","url":"https:\/\/swixed.ch\/wp-content\/uploads\/2026\/01\/SED10018-01.png","contentUrl":"https:\/\/swixed.ch\/wp-content\/uploads\/2026\/01\/SED10018-01.png","width":600,"height":600,"caption":"SED10018"},{"@type":"BreadcrumbList","@id":"https:\/\/swixed.ch\/de\/produkt\/sed10018\/#breadcrumb","itemListElement":[{"@type":"ListItem","position":1,"name":"Startseite","item":"https:\/\/swixed.ch\/de\/home\/"},{"@type":"ListItem","position":2,"name":"Shop","item":"https:\/\/swixed.ch\/de\/shop\/"},{"@type":"ListItem","position":3,"name":"Elektrokardiograph Cardioline 200S Ruhe-EKG"}]},{"@type":"WebSite","@id":"https:\/\/swixed.ch\/de\/#website","url":"https:\/\/swixed.ch\/de\/","name":"Swixed SA","description":"Elektronische Ger\u00e4te","publisher":{"@id":"https:\/\/swixed.ch\/de\/#organization"},"potentialAction":[{"@type":"SearchAction","target":{"@type":"EntryPoint","urlTemplate":"https:\/\/swixed.ch\/de\/?s={search_term_string}"},"query-input":{"@type":"PropertyValueSpecification","valueRequired":true,"valueName":"search_term_string"}}],"inLanguage":"de"},{"@type":"Organization","@id":"https:\/\/swixed.ch\/de\/#organization","name":"Swixed SA","url":"https:\/\/swixed.ch\/de\/","logo":{"@type":"ImageObject","inLanguage":"de","@id":"https:\/\/swixed.ch\/de\/#\/schema\/logo\/image\/","url":"https:\/\/swixed.ch\/wp-content\/uploads\/logos\/swixed-logo-lite.png","contentUrl":"https:\/\/swixed.ch\/wp-content\/uploads\/logos\/swixed-logo-lite.png","width":696,"height":696,"caption":"Swixed SA"},"image":{"@id":"https:\/\/swixed.ch\/de\/#\/schema\/logo\/image\/"},"sameAs":["https:\/\/www.facebook.com\/swixed","https:\/\/www.linkedin.com\/company\/swixed","https:\/\/www.youtube.com\/@swixedsa"],"description":"Swixed SA est une entreprise suisse bas\u00e9e \u00e0 Gen\u00e8ve, sp\u00e9cialis\u00e9e dans la vente, la location et la maintenance d\u2019appareils m\u00e9dicaux professionnels, tels que d\u00e9fibrillateurs AED, \u00e9lectrocardiographes, moniteurs patient et dispositifs de diagnostic.","email":"infoshop@swixed.ch","telephone":"+41 22 566 11 95","legalName":"Swixed SA","foundingDate":"2021-03-01","numberOfEmployees":{"@type":"QuantitativeValue","minValue":"1","maxValue":"10"}}]}},"_links":{"self":[{"href":"https:\/\/swixed.ch\/de\/wp-json\/wp\/v2\/product\/62402","targetHints":{"allow":["GET"]}}],"collection":[{"href":"https:\/\/swixed.ch\/de\/wp-json\/wp\/v2\/product"}],"about":[{"href":"https:\/\/swixed.ch\/de\/wp-json\/wp\/v2\/types\/product"}],"version-history":[{"count":0,"href":"https:\/\/swixed.ch\/de\/wp-json\/wp\/v2\/product\/62402\/revisions"}],"wp:featuredmedia":[{"embeddable":true,"href":"https:\/\/swixed.ch\/de\/wp-json\/wp\/v2\/media\/62404"}],"wp:attachment":[{"href":"https:\/\/swixed.ch\/de\/wp-json\/wp\/v2\/media?parent=62402"}],"wp:term":[{"taxonomy":"product_brand","embeddable":true,"href":"https:\/\/swixed.ch\/de\/wp-json\/wp\/v2\/product_brand?post=62402"},{"taxonomy":"product_cat","embeddable":true,"href":"https:\/\/swixed.ch\/de\/wp-json\/wp\/v2\/product_cat?post=62402"},{"taxonomy":"product_tag","embeddable":true,"href":"https:\/\/swixed.ch\/de\/wp-json\/wp\/v2\/product_tag?post=62402"}],"curies":[{"name":"wp","href":"https:\/\/api.w.org\/{rel}","templated":true}]}}