{"id":64285,"date":"2026-05-02T19:47:07","date_gmt":"2026-05-02T18:47:07","guid":{"rendered":"https:\/\/swixed.ch\/?post_type=product&#038;p=64285"},"modified":"2026-05-12T21:55:04","modified_gmt":"2026-05-12T19:55:04","slug":"papier-fur-ekg-edan-se-3-se-301-se-300b-10-stuck-copie","status":"publish","type":"product","link":"https:\/\/swixed.ch\/de\/produkt\/papier-fur-ekg-edan-se-3-se-301-se-300b-10-stuck-copie\/","title":{"rendered":"EKG-Papier f\u00fcr Edan SE-601 (10 St\u00fcck)"},"content":{"rendered":"\t\t<div data-elementor-type=\"product-post\" data-elementor-id=\"64285\" class=\"elementor elementor-64285 elementor-64284\" data-elementor-post-type=\"product\">\n\t\t\t\t<div class=\"elementor-element elementor-element-0a6b789 e-con-full e-flex e-con e-parent\" data-id=\"0a6b789\" data-element_type=\"container\" data-e-type=\"container\">\n\t\t<div class=\"elementor-element elementor-element-af97cbc e-con-full e-flex e-con e-child\" data-id=\"af97cbc\" data-element_type=\"container\" data-e-type=\"container\">\n\t\t\t\t<div class=\"elementor-element elementor-element-f7afebf elementor-widget elementor-widget-heading\" data-id=\"f7afebf\" data-element_type=\"widget\" data-e-type=\"widget\" data-widget_type=\"heading.default\">\n\t\t\t\t\t<h2 class=\"elementor-heading-title elementor-size-default\">Hauptmerkmale<\/h2>\t\t\t\t<\/div>\n\t\t\t\t<div class=\"elementor-element elementor-element-23b1194 elementor-widget elementor-widget-text-editor\" data-id=\"23b1194\" data-element_type=\"widget\" data-e-type=\"widget\" data-widget_type=\"text-editor.default\">\n\t\t\t\t\t\t\t\t\t<p>Das Edan SE-601 EKG-Papier ist ein Z-fold Thermob\u00fcndel, das f\u00fcr die Edan Elektrokardiographen der Serien SE-601A, SE-601B und SE-601C entwickelt wurde. Im Gegensatz zu Rollen erm\u00f6glicht das Zickzack-Format einen schnellen Wechsel und eine praktische Verwaltung der bedruckten Bl\u00e4tter. <\/p><p>Hier sind seine Hauptmerkmale:<\/p><ul><li>Format: Z-fold (Ziehharmonika) 110 mm \u00d7 140 mm pro Blatt<\/li><li>Anzahl der Bl\u00e4tter: 144 Bl\u00e4tter pro B\u00fcndel<\/li><li>Technologie: tintenfreies Thermopapier<\/li><li>Raster: Millimeter, geeignet zum Lesen von EKG-Kurven<\/li><li>Kompatibilit\u00e4t: Edan SE-601A, SE-601B, SE-601C<\/li><li>Verpackung: Schachtel mit 10 B\u00fcndeln<\/li><\/ul><p><br>Dar\u00fcber hinaus entspricht das Z-Fold-Format den urspr\u00fcnglichen Spezifikationen des in den SE-601 integrierten Thermodruckers. Dadurch wird ein gleichm\u00e4\u00dfiger Papierlauf und ein Druck ohne Versatz des Millimeterrasters gew\u00e4hrleistet. <\/p>\t\t\t\t\t\t\t\t<\/div>\n\t\t\t\t<div class=\"elementor-element elementor-element-0f08e99 elementor-widget elementor-widget-heading\" data-id=\"0f08e99\" data-element_type=\"widget\" data-e-type=\"widget\" data-widget_type=\"heading.default\">\n\t\t\t\t\t<h2 class=\"elementor-heading-title elementor-size-default\">Funktionen<\/h2>\t\t\t\t<\/div>\n\t\t\t\t<div class=\"elementor-element elementor-element-a90ea81 elementor-widget elementor-widget-text-editor\" data-id=\"a90ea81\" data-element_type=\"widget\" data-e-type=\"widget\" data-widget_type=\"text-editor.default\">\n\t\t\t\t\t\t\t\t\t<p>Dieses Z-fold Thermopapier erzeugt einen klaren Strich durch einen hohen Kontrast zwischen dem wei\u00dfen Hintergrund und den gedruckten Linien. Da keine Tintenpatrone ben\u00f6tigt wird, gibt es auch keine Unterbrechungen bei der Wartung des Druckers. <\/p><p>Die Schl\u00fcsselfunktionen sind die folgenden:<\/p><ul><li>Direkter Thermodruck: Aktivierung durch W\u00e4rme, kein sekund\u00e4res Verbrauchsmaterial erforderlich<\/li><li>Z-fold Format: Vorgeschnittene und zickzackgefaltete Bl\u00e4tter, die nach dem Druck sofort entnommen werden k\u00f6nnen.<\/li><li>Millimeterraster: erleichtert das Ablesen von Intervallen und Werten auf dem Plot.<\/li><li>Schneller Einzug: Das Papierb\u00fcndel wird direkt in das Papierfach des SE-601 eingelegt.<\/li><li>Multivariante Kompatibilit\u00e4t: Eine einzige Verbrauchsmaterialnummer deckt die Modelle SE-601A, SE-601B und SE-601C ab.<\/li><li>Lagerung: Vor Hitze, Feuchtigkeit und direktem Licht gesch\u00fctzt aufbewahren.<\/li><\/ul><p><br>Dieses Format eignet sich daher sowohl f\u00fcr den intensiven Gebrauch in der Praxis als auch f\u00fcr eine l\u00e4ngere Lagerung.<\/p>\t\t\t\t\t\t\t\t<\/div>\n\t\t\t\t<div class=\"elementor-element elementor-element-053ee92 elementor-widget elementor-widget-heading\" data-id=\"053ee92\" data-element_type=\"widget\" data-e-type=\"widget\" data-widget_type=\"heading.default\">\n\t\t\t\t\t<h2 class=\"elementor-heading-title elementor-size-default\">Nutzung und rechtliche Rahmenbedingungen in der Schweiz<\/h2>\t\t\t\t<\/div>\n\t\t\t\t<div class=\"elementor-element elementor-element-9766692 elementor-widget elementor-widget-text-editor\" data-id=\"9766692\" data-element_type=\"widget\" data-e-type=\"widget\" data-widget_type=\"text-editor.default\">\n\t\t\t\t\t\t\t\t\t<p>In der Schweiz unterliegen Verbrauchsmaterialien f\u00fcr medizinische Ger\u00e4te der Klasse IIb der Medizinprodukteverordnung (MDDV \/ MedDO). Dar\u00fcber hinaus unterliegt das Inverkehrbringen der Swissmedic, der nationalen Kontrollbeh\u00f6rde f\u00fcr diese Produkte. <br><br>Dieses EKG-Papier ist ein Ersatz-Verbrauchsmaterial f\u00fcr die zugelassenen Edan SE-601 Ger\u00e4te, die selbst ein Medizinprodukt der Klasse IIb sind. Die Verwendung des EKG-Ger\u00e4ts \u00e4ndert nicht die Klasse des Ger\u00e4ts. <br>\t\t<div data-elementor-type=\"widget\" data-elementor-id=\"59088\" class=\"elementor elementor-59088 elementor-59083 elementor-59083\" data-elementor-post-type=\"elementor_library\">\n\t\t\t\t\t\t<div class=\"elementor-element elementor-element-59083 elementor-widget elementor-widget-text-editor\" data-id=\"59083\" data-element_type=\"widget\" data-e-type=\"widget\" data-widget_type=\"text-editor.default\">\n\t\t\t\t\t\t\t\t\t<p>Weitere Informationen finden Sie unter :<\/p><ul><li><a href=\"https:\/\/www.swissmedic.ch\" target=\"_blank\" rel=\"noopener\">Swissmedic<\/a><\/li><li><a href=\"https:\/\/www.bag.admin.ch\" target=\"_blank\" rel=\"noopener\">Bundesamt f\u00fcr Gesundheit (BAG)<\/a><\/li><li><a href=\"https:\/\/www.switec.info\" target=\"_blank\" rel=\"noopener\">Schweizerisches Informationszentrum f\u00fcr technische Regeln (Switec)<\/a><\/li><li><a href=\"https:\/\/www.fedlex.admin.ch\/eli\/cc\/2020\/552\/\" target=\"_blank\" rel=\"noopener\">Verordnung \u00fcber Medizinprodukte (MDDV oder MedDO)<\/a><\/li><\/ul><p><br>Unsere Medizinprodukte haben einen autorisierten Vertreter in der Schweiz (CH-REP), gem\u00e4\u00df der geltenden schweizerischen Gesetzgebung f\u00fcr Medizinprodukte.<\/p>\t\t\t\t\t\t\t\t<\/div>\n\t\t\t\t<\/div>\n\t\t<\/p>\t\t\t\t\t\t\t\t<\/div>\n\t\t\t\t<div class=\"elementor-element elementor-element-f2c80d8 elementor-widget elementor-widget-heading\" data-id=\"f2c80d8\" data-element_type=\"widget\" data-e-type=\"widget\" data-widget_type=\"heading.default\">\n\t\t\t\t\t<h2 class=\"elementor-heading-title elementor-size-default\">Inhalt<\/h2>\t\t\t\t<\/div>\n\t\t\t\t<div class=\"elementor-element elementor-element-c93d20b elementor-widget elementor-widget-text-editor\" data-id=\"c93d20b\" data-element_type=\"widget\" data-e-type=\"widget\" data-widget_type=\"text-editor.default\">\n\t\t\t\t\t\t\t\t\t<p>Jede Schachtel enth\u00e4lt :<\/p><ul><li>10 B\u00fcndel Z-fold Millimeter Thermopapier, Format pro B\u00fcndel 110 mm \u00d7 140 mm \u00d7 144 Blatt, kompatibel mit Edan SE-601A, SE-601B, SE-601C<\/li><\/ul>\t\t\t\t\t\t\t\t<\/div>\n\t\t\t\t<\/div>\n\t\t\t\t<\/div>\n\t\t\t\t<\/div>\n\t\t","protected":false},"excerpt":{"rendered":"<p>Millimeter-Thermopapierb\u00fcndel f\u00fcr den Ausdruck von Elektrokardiogrammen auf Edan SE-601 Ger\u00e4ten. Kompatibel mit den Varianten SE-601A, SE-601B und SE-601C. Z-fold Format 110 mm \u00d7 140 mm, 144 Blatt pro B\u00fcndel. Die Thermotechnologie garantiert eine saubere Linienf\u00fchrung und eine dauerhafte Aufbewahrung der Aufzeichnungen. Keine Verbrauchsmaterialien f\u00fcr Tinte erforderlich. Erh\u00e4ltlich in Schachteln mit 10 B\u00fcndeln.     <\/p>\n","protected":false},"featured_media":64287,"template":"","meta":{"_acf_changed":false},"product_brand":[2085],"product_cat":[954,962],"product_tag":[8103,8106,8107,8088,8095,8090,8091,8104,8094,8105],"class_list":{"0":"post-64285","1":"product","2":"type-product","3":"status-publish","4":"has-post-thumbnail","6":"product_brand-edan-de","7":"product_cat-elektrokardiographen","8":"product_cat-verbrauchsmaterial-elektrokardiographen","9":"product_tag-ekg-bundel-110mm","10":"product_tag-ekg-bundel-144-blatt","11":"product_tag-ekg-papier-mit-6-spuren","12":"product_tag-ekg-thermopapier","13":"product_tag-ekg-verbrauchsmaterial-schweiz","14":"product_tag-elektrokardiographisches-verbrauchsmaterial","15":"product_tag-millimeterpapier-ekg","16":"product_tag-se-601-zubehor","17":"product_tag-thermischer-ekg-druck","18":"product_tag-z-fold-ekg-papier","20":"first","21":"instock","22":"taxable","23":"shipping-taxable","24":"purchasable","25":"product-type-simple"},"acf":[],"yoast_head":"<!-- This site is optimized with the Yoast SEO Premium plugin v27.6 (Yoast SEO v27.6) - https:\/\/yoast.com\/product\/yoast-seo-premium-wordpress\/ -->\n<title>EKG-Papier Edan SE-601 | Swixed SA%<\/title>\n<meta name=\"description\" content=\"EKG-Thermopapierb\u00fcndel 110 x 140 mm, 144 Blatt, kompatibel mit Edan SE-601A, SE-601B und SE-601C. Packung mit 10 B\u00fcndeln. Lieferung in die Schweiz.\" \/>\n<meta name=\"robots\" content=\"index, follow, max-snippet:-1, max-image-preview:large, max-video-preview:-1\" \/>\n<link rel=\"canonical\" href=\"https:\/\/swixed.ch\/de\/produkt\/papier-fur-ekg-edan-se-3-se-301-se-300b-10-stuck-copie\/\" \/>\n<meta property=\"og:locale\" content=\"de_DE\" \/>\n<meta property=\"og:type\" content=\"article\" \/>\n<meta property=\"og:title\" content=\"EKG-Papier f\u00fcr Edan SE-601 (10 St\u00fcck)\" \/>\n<meta property=\"og:description\" content=\"EKG-Thermopapierb\u00fcndel 110 x 140 mm, 144 Blatt, kompatibel mit Edan SE-601A, SE-601B und SE-601C. Packung mit 10 B\u00fcndeln. Lieferung in die Schweiz.\" \/>\n<meta property=\"og:url\" content=\"https:\/\/swixed.ch\/de\/produkt\/papier-fur-ekg-edan-se-3-se-301-se-300b-10-stuck-copie\/\" \/>\n<meta property=\"og:site_name\" content=\"Swixed SA\" \/>\n<meta property=\"article:publisher\" content=\"https:\/\/www.facebook.com\/swixed\" \/>\n<meta property=\"article:modified_time\" content=\"2026-05-12T19:55:04+00:00\" \/>\n<meta property=\"og:image\" content=\"https:\/\/swixed.ch\/wp-content\/uploads\/2026\/05\/SED17008-01.png\" \/>\n\t<meta property=\"og:image:width\" content=\"600\" \/>\n\t<meta property=\"og:image:height\" content=\"600\" \/>\n\t<meta property=\"og:image:type\" content=\"image\/png\" \/>\n<meta name=\"twitter:card\" content=\"summary_large_image\" \/>\n<meta name=\"twitter:label1\" content=\"Gesch\u00e4tzte Lesezeit\" \/>\n\t<meta name=\"twitter:data1\" content=\"2\u00a0Minuten\" \/>\n<script type=\"application\/ld+json\" class=\"yoast-schema-graph\">{\"@context\":\"https:\\\/\\\/schema.org\",\"@graph\":[{\"@type\":\"WebPage\",\"@id\":\"https:\\\/\\\/swixed.ch\\\/de\\\/produkt\\\/papier-fur-ekg-edan-se-3-se-301-se-300b-10-stuck-copie\\\/\",\"url\":\"https:\\\/\\\/swixed.ch\\\/de\\\/produkt\\\/papier-fur-ekg-edan-se-3-se-301-se-300b-10-stuck-copie\\\/\",\"name\":\"EKG-Papier Edan SE-601 | Swixed SA%\",\"isPartOf\":{\"@id\":\"https:\\\/\\\/swixed.ch\\\/de\\\/#website\"},\"primaryImageOfPage\":{\"@id\":\"https:\\\/\\\/swixed.ch\\\/de\\\/produkt\\\/papier-fur-ekg-edan-se-3-se-301-se-300b-10-stuck-copie\\\/#primaryimage\"},\"image\":{\"@id\":\"https:\\\/\\\/swixed.ch\\\/de\\\/produkt\\\/papier-fur-ekg-edan-se-3-se-301-se-300b-10-stuck-copie\\\/#primaryimage\"},\"thumbnailUrl\":\"https:\\\/\\\/swixed.ch\\\/wp-content\\\/uploads\\\/2026\\\/05\\\/SED17008-01.png\",\"datePublished\":\"2026-05-02T18:47:07+00:00\",\"dateModified\":\"2026-05-12T19:55:04+00:00\",\"description\":\"EKG-Thermopapierb\u00fcndel 110 x 140 mm, 144 Blatt, kompatibel mit Edan SE-601A, SE-601B und SE-601C. Packung mit 10 B\u00fcndeln. Lieferung in die Schweiz.\",\"breadcrumb\":{\"@id\":\"https:\\\/\\\/swixed.ch\\\/de\\\/produkt\\\/papier-fur-ekg-edan-se-3-se-301-se-300b-10-stuck-copie\\\/#breadcrumb\"},\"inLanguage\":\"de\",\"potentialAction\":[{\"@type\":\"ReadAction\",\"target\":[\"https:\\\/\\\/swixed.ch\\\/de\\\/produkt\\\/papier-fur-ekg-edan-se-3-se-301-se-300b-10-stuck-copie\\\/\"]}]},{\"@type\":\"ImageObject\",\"inLanguage\":\"de\",\"@id\":\"https:\\\/\\\/swixed.ch\\\/de\\\/produkt\\\/papier-fur-ekg-edan-se-3-se-301-se-300b-10-stuck-copie\\\/#primaryimage\",\"url\":\"https:\\\/\\\/swixed.ch\\\/wp-content\\\/uploads\\\/2026\\\/05\\\/SED17008-01.png\",\"contentUrl\":\"https:\\\/\\\/swixed.ch\\\/wp-content\\\/uploads\\\/2026\\\/05\\\/SED17008-01.png\",\"width\":600,\"height\":600,\"caption\":\"SED17008\"},{\"@type\":\"BreadcrumbList\",\"@id\":\"https:\\\/\\\/swixed.ch\\\/de\\\/produkt\\\/papier-fur-ekg-edan-se-3-se-301-se-300b-10-stuck-copie\\\/#breadcrumb\",\"itemListElement\":[{\"@type\":\"ListItem\",\"position\":1,\"name\":\"Startseite\",\"item\":\"https:\\\/\\\/swixed.ch\\\/de\\\/home\\\/\"},{\"@type\":\"ListItem\",\"position\":2,\"name\":\"Shop\",\"item\":\"https:\\\/\\\/swixed.ch\\\/de\\\/shop\\\/\"},{\"@type\":\"ListItem\",\"position\":3,\"name\":\"EKG-Papier f\u00fcr Edan SE-601 (10 St\u00fcck)\"}]},{\"@type\":\"WebSite\",\"@id\":\"https:\\\/\\\/swixed.ch\\\/de\\\/#website\",\"url\":\"https:\\\/\\\/swixed.ch\\\/de\\\/\",\"name\":\"Swixed SA\",\"description\":\"Elektronische Ger\u00e4te\",\"publisher\":{\"@id\":\"https:\\\/\\\/swixed.ch\\\/de\\\/#organization\"},\"potentialAction\":[{\"@type\":\"SearchAction\",\"target\":{\"@type\":\"EntryPoint\",\"urlTemplate\":\"https:\\\/\\\/swixed.ch\\\/de\\\/?s={search_term_string}\"},\"query-input\":{\"@type\":\"PropertyValueSpecification\",\"valueRequired\":true,\"valueName\":\"search_term_string\"}}],\"inLanguage\":\"de\"},{\"@type\":\"Organization\",\"@id\":\"https:\\\/\\\/swixed.ch\\\/de\\\/#organization\",\"name\":\"Swixed SA\",\"url\":\"https:\\\/\\\/swixed.ch\\\/de\\\/\",\"logo\":{\"@type\":\"ImageObject\",\"inLanguage\":\"de\",\"@id\":\"https:\\\/\\\/swixed.ch\\\/de\\\/#\\\/schema\\\/logo\\\/image\\\/\",\"url\":\"https:\\\/\\\/swixed.ch\\\/wp-content\\\/uploads\\\/logos\\\/swixed-logo-lite.png\",\"contentUrl\":\"https:\\\/\\\/swixed.ch\\\/wp-content\\\/uploads\\\/logos\\\/swixed-logo-lite.png\",\"width\":696,\"height\":696,\"caption\":\"Swixed SA\"},\"image\":{\"@id\":\"https:\\\/\\\/swixed.ch\\\/de\\\/#\\\/schema\\\/logo\\\/image\\\/\"},\"sameAs\":[\"https:\\\/\\\/www.facebook.com\\\/swixed\",\"https:\\\/\\\/www.linkedin.com\\\/company\\\/swixed\",\"https:\\\/\\\/www.youtube.com\\\/@swixedsa\"],\"description\":\"Swixed SA est une entreprise suisse bas\u00e9e \u00e0 Gen\u00e8ve, sp\u00e9cialis\u00e9e dans la vente, la location et la maintenance d\u2019appareils m\u00e9dicaux professionnels, tels que d\u00e9fibrillateurs AED, \u00e9lectrocardiographes, moniteurs patient et dispositifs de diagnostic.\",\"email\":\"infoshop@swixed.ch\",\"telephone\":\"+41 22 566 11 95\",\"legalName\":\"Swixed SA\",\"foundingDate\":\"2021-03-01\",\"numberOfEmployees\":{\"@type\":\"QuantitativeValue\",\"minValue\":\"1\",\"maxValue\":\"10\"}}]}<\/script>\n<!-- \/ Yoast SEO Premium plugin. -->","yoast_head_json":{"title":"EKG-Papier Edan SE-601 | Swixed SA%","description":"EKG-Thermopapierb\u00fcndel 110 x 140 mm, 144 Blatt, kompatibel mit Edan SE-601A, SE-601B und SE-601C. Packung mit 10 B\u00fcndeln. Lieferung in die Schweiz.","robots":{"index":"index","follow":"follow","max-snippet":"max-snippet:-1","max-image-preview":"max-image-preview:large","max-video-preview":"max-video-preview:-1"},"canonical":"https:\/\/swixed.ch\/de\/produkt\/papier-fur-ekg-edan-se-3-se-301-se-300b-10-stuck-copie\/","og_locale":"de_DE","og_type":"article","og_title":"EKG-Papier f\u00fcr Edan SE-601 (10 St\u00fcck)","og_description":"EKG-Thermopapierb\u00fcndel 110 x 140 mm, 144 Blatt, kompatibel mit Edan SE-601A, SE-601B und SE-601C. Packung mit 10 B\u00fcndeln. Lieferung in die Schweiz.","og_url":"https:\/\/swixed.ch\/de\/produkt\/papier-fur-ekg-edan-se-3-se-301-se-300b-10-stuck-copie\/","og_site_name":"Swixed SA","article_publisher":"https:\/\/www.facebook.com\/swixed","article_modified_time":"2026-05-12T19:55:04+00:00","og_image":[{"width":600,"height":600,"url":"https:\/\/swixed.ch\/wp-content\/uploads\/2026\/05\/SED17008-01.png","type":"image\/png"}],"twitter_card":"summary_large_image","twitter_misc":{"Gesch\u00e4tzte Lesezeit":"2\u00a0Minuten"},"schema":{"@context":"https:\/\/schema.org","@graph":[{"@type":"WebPage","@id":"https:\/\/swixed.ch\/de\/produkt\/papier-fur-ekg-edan-se-3-se-301-se-300b-10-stuck-copie\/","url":"https:\/\/swixed.ch\/de\/produkt\/papier-fur-ekg-edan-se-3-se-301-se-300b-10-stuck-copie\/","name":"EKG-Papier Edan SE-601 | Swixed SA%","isPartOf":{"@id":"https:\/\/swixed.ch\/de\/#website"},"primaryImageOfPage":{"@id":"https:\/\/swixed.ch\/de\/produkt\/papier-fur-ekg-edan-se-3-se-301-se-300b-10-stuck-copie\/#primaryimage"},"image":{"@id":"https:\/\/swixed.ch\/de\/produkt\/papier-fur-ekg-edan-se-3-se-301-se-300b-10-stuck-copie\/#primaryimage"},"thumbnailUrl":"https:\/\/swixed.ch\/wp-content\/uploads\/2026\/05\/SED17008-01.png","datePublished":"2026-05-02T18:47:07+00:00","dateModified":"2026-05-12T19:55:04+00:00","description":"EKG-Thermopapierb\u00fcndel 110 x 140 mm, 144 Blatt, kompatibel mit Edan SE-601A, SE-601B und SE-601C. Packung mit 10 B\u00fcndeln. Lieferung in die Schweiz.","breadcrumb":{"@id":"https:\/\/swixed.ch\/de\/produkt\/papier-fur-ekg-edan-se-3-se-301-se-300b-10-stuck-copie\/#breadcrumb"},"inLanguage":"de","potentialAction":[{"@type":"ReadAction","target":["https:\/\/swixed.ch\/de\/produkt\/papier-fur-ekg-edan-se-3-se-301-se-300b-10-stuck-copie\/"]}]},{"@type":"ImageObject","inLanguage":"de","@id":"https:\/\/swixed.ch\/de\/produkt\/papier-fur-ekg-edan-se-3-se-301-se-300b-10-stuck-copie\/#primaryimage","url":"https:\/\/swixed.ch\/wp-content\/uploads\/2026\/05\/SED17008-01.png","contentUrl":"https:\/\/swixed.ch\/wp-content\/uploads\/2026\/05\/SED17008-01.png","width":600,"height":600,"caption":"SED17008"},{"@type":"BreadcrumbList","@id":"https:\/\/swixed.ch\/de\/produkt\/papier-fur-ekg-edan-se-3-se-301-se-300b-10-stuck-copie\/#breadcrumb","itemListElement":[{"@type":"ListItem","position":1,"name":"Startseite","item":"https:\/\/swixed.ch\/de\/home\/"},{"@type":"ListItem","position":2,"name":"Shop","item":"https:\/\/swixed.ch\/de\/shop\/"},{"@type":"ListItem","position":3,"name":"EKG-Papier f\u00fcr Edan SE-601 (10 St\u00fcck)"}]},{"@type":"WebSite","@id":"https:\/\/swixed.ch\/de\/#website","url":"https:\/\/swixed.ch\/de\/","name":"Swixed SA","description":"Elektronische Ger\u00e4te","publisher":{"@id":"https:\/\/swixed.ch\/de\/#organization"},"potentialAction":[{"@type":"SearchAction","target":{"@type":"EntryPoint","urlTemplate":"https:\/\/swixed.ch\/de\/?s={search_term_string}"},"query-input":{"@type":"PropertyValueSpecification","valueRequired":true,"valueName":"search_term_string"}}],"inLanguage":"de"},{"@type":"Organization","@id":"https:\/\/swixed.ch\/de\/#organization","name":"Swixed SA","url":"https:\/\/swixed.ch\/de\/","logo":{"@type":"ImageObject","inLanguage":"de","@id":"https:\/\/swixed.ch\/de\/#\/schema\/logo\/image\/","url":"https:\/\/swixed.ch\/wp-content\/uploads\/logos\/swixed-logo-lite.png","contentUrl":"https:\/\/swixed.ch\/wp-content\/uploads\/logos\/swixed-logo-lite.png","width":696,"height":696,"caption":"Swixed SA"},"image":{"@id":"https:\/\/swixed.ch\/de\/#\/schema\/logo\/image\/"},"sameAs":["https:\/\/www.facebook.com\/swixed","https:\/\/www.linkedin.com\/company\/swixed","https:\/\/www.youtube.com\/@swixedsa"],"description":"Swixed SA est une entreprise suisse bas\u00e9e \u00e0 Gen\u00e8ve, sp\u00e9cialis\u00e9e dans la vente, la location et la maintenance d\u2019appareils m\u00e9dicaux professionnels, tels que d\u00e9fibrillateurs AED, \u00e9lectrocardiographes, moniteurs patient et dispositifs de diagnostic.","email":"infoshop@swixed.ch","telephone":"+41 22 566 11 95","legalName":"Swixed SA","foundingDate":"2021-03-01","numberOfEmployees":{"@type":"QuantitativeValue","minValue":"1","maxValue":"10"}}]}},"_links":{"self":[{"href":"https:\/\/swixed.ch\/de\/wp-json\/wp\/v2\/product\/64285","targetHints":{"allow":["GET"]}}],"collection":[{"href":"https:\/\/swixed.ch\/de\/wp-json\/wp\/v2\/product"}],"about":[{"href":"https:\/\/swixed.ch\/de\/wp-json\/wp\/v2\/types\/product"}],"version-history":[{"count":5,"href":"https:\/\/swixed.ch\/de\/wp-json\/wp\/v2\/product\/64285\/revisions"}],"predecessor-version":[{"id":64302,"href":"https:\/\/swixed.ch\/de\/wp-json\/wp\/v2\/product\/64285\/revisions\/64302"}],"wp:featuredmedia":[{"embeddable":true,"href":"https:\/\/swixed.ch\/de\/wp-json\/wp\/v2\/media\/64287"}],"wp:attachment":[{"href":"https:\/\/swixed.ch\/de\/wp-json\/wp\/v2\/media?parent=64285"}],"wp:term":[{"taxonomy":"product_brand","embeddable":true,"href":"https:\/\/swixed.ch\/de\/wp-json\/wp\/v2\/product_brand?post=64285"},{"taxonomy":"product_cat","embeddable":true,"href":"https:\/\/swixed.ch\/de\/wp-json\/wp\/v2\/product_cat?post=64285"},{"taxonomy":"product_tag","embeddable":true,"href":"https:\/\/swixed.ch\/de\/wp-json\/wp\/v2\/product_tag?post=64285"}],"curies":[{"name":"wp","href":"https:\/\/api.w.org\/{rel}","templated":true}]}}