{"id":64345,"date":"2026-05-03T09:33:24","date_gmt":"2026-05-03T08:33:24","guid":{"rendered":"https:\/\/swixed.ch\/?post_type=product&#038;p=64345"},"modified":"2026-05-12T21:55:07","modified_gmt":"2026-05-12T19:55:07","slug":"ekg-papier-fur-edan-se-1200-se-1202-se-12-express-se-1200-express-10-stuck-copie-2","status":"publish","type":"product","link":"https:\/\/swixed.ch\/de\/produkt\/ekg-papier-fur-edan-se-1200-se-1202-se-12-express-se-1200-express-10-stuck-copie-2\/","title":{"rendered":"EKG-Papier Schiller AT-102 \/ AT-102+ \/ AT-102 G2 \/ CS-200 Excellence (10 St\u00fcck)"},"content":{"rendered":"\t\t<div data-elementor-type=\"product-post\" data-elementor-id=\"64345\" class=\"elementor elementor-64345 elementor-64344\" data-elementor-post-type=\"product\">\n\t\t\t\t<div class=\"elementor-element elementor-element-0a6b789 e-con-full e-flex e-con e-parent\" data-id=\"0a6b789\" data-element_type=\"container\" data-e-type=\"container\">\n\t\t<div class=\"elementor-element elementor-element-af97cbc e-con-full e-flex e-con e-child\" data-id=\"af97cbc\" data-element_type=\"container\" data-e-type=\"container\">\n\t\t\t\t<div class=\"elementor-element elementor-element-f7afebf elementor-widget elementor-widget-heading\" data-id=\"f7afebf\" data-element_type=\"widget\" data-e-type=\"widget\" data-widget_type=\"heading.default\">\n\t\t\t\t\t<h2 class=\"elementor-heading-title elementor-size-default\">Hauptmerkmale<\/h2>\t\t\t\t<\/div>\n\t\t\t\t<div class=\"elementor-element elementor-element-23b1194 elementor-widget elementor-widget-text-editor\" data-id=\"23b1194\" data-element_type=\"widget\" data-e-type=\"widget\" data-widget_type=\"text-editor.default\">\n\t\t\t\t\t\t\t\t\t<p>Das EKG-Papier Schiller Cardiovit AT-102 ist ein Z-fold Thermob\u00fcndel im Standard A4-Format, das f\u00fcr die 12-Kanal-Elektrokardiographen Schiller Cardiovit AT-102, AT-102+, AT-102 G2 und CS-200 Excellence entwickelt wurde. Dieses volle A4-Format (210 \u00d7 297 mm) unterscheidet sich vom Half-A4-Format durch eine gr\u00f6\u00dfere Druckfl\u00e4che, die sich besser f\u00fcr Multi-Ableitungsplots und die Standard-Papierarchivierung eignet. <\/p><p>Hier sind seine Hauptmerkmale:<\/p><ul><li>Format: Z-fold (Ziehharmonika) A4 &#8211; 210 mm \u00d7 297 mm pro Blatt<\/li><li>Anzahl der Bl\u00e4tter: 100 Blatt pro B\u00fcndel<\/li><li>Technologie: tintenfreies Thermopapier, BPA-frei (Bisphenol A)<\/li><li>Raster: Millimeter, geeignet zum Lesen von EKG-Kurven<\/li><li>Einsetzen: einfaches Nachf\u00fcllen im integrierten Thermodrucker<\/li><li>Kompatibilit\u00e4t: Schiller Cardiovit AT-102, AT-102+, AT-102 G2, CS-200 Excellence<\/li><li>CE-Kennzeichnung: CE0044<\/li><li>Verpackung: Karton mit 10 B\u00fcndeln<\/li><\/ul><p><br>Dar\u00fcber hinaus entspricht das Format A4 Z-fold den urspr\u00fcnglichen Spezifikationen des in diesen Modellen eingebauten Thermodruckers. Dadurch wird ein gleichm\u00e4\u00dfiger Ablauf und ein versatzfreier Druck des Millimeterrasters gew\u00e4hrleistet. <\/p>\t\t\t\t\t\t\t\t<\/div>\n\t\t\t\t<div class=\"elementor-element elementor-element-0f08e99 elementor-widget elementor-widget-heading\" data-id=\"0f08e99\" data-element_type=\"widget\" data-e-type=\"widget\" data-widget_type=\"heading.default\">\n\t\t\t\t\t<h2 class=\"elementor-heading-title elementor-size-default\">Funktionen<\/h2>\t\t\t\t<\/div>\n\t\t\t\t<div class=\"elementor-element elementor-element-a90ea81 elementor-widget elementor-widget-text-editor\" data-id=\"a90ea81\" data-element_type=\"widget\" data-e-type=\"widget\" data-widget_type=\"text-editor.default\">\n\t\t\t\t\t\t\t\t\t<p>Dieses A4 Z-fold Thermopapier erzeugt einen klaren Strich durch einen hohen Kontrast zwischen dem wei\u00dfen Hintergrund und den gedruckten Linien. Dar\u00fcber hinaus erf\u00fcllt die BPA-freie Formulierung die Anforderungen von professionellen Umgebungen mit strengen Sicherheitsstandards. <\/p><p>Die Schl\u00fcsselfunktionen sind die folgenden:<\/p><ul><li>Direkter Thermodruck: Aktivierung durch W\u00e4rme, kein sekund\u00e4res Verbrauchsmaterial erforderlich<\/li><li>Z-fold A4 Format: Vorgefaltete Bl\u00e4tter, die nach dem Drucken schnell entnommen werden k\u00f6nnen.<\/li><li>Millimeterraster: erleichtert das Lesen und Messen der Ableitungen auf dem Plot.<\/li><li>BPA-frei: Bisphenol A-freie Formulierung, geeignet f\u00fcr regulierte Arbeitsumgebungen<\/li><li>Schnelles Nachf\u00fcllen: Das B\u00fcndel wird direkt in das Papierfach der kompatiblen Modelle eingelegt.<\/li><li>Belastungs-EKG-Kompatibilit\u00e4t: deckt auch das CS-200 Excellence System f\u00fcr Belastungs-EKGs ab.<\/li><li>Lagerung: Vor Hitze, Feuchtigkeit und direktem Licht gesch\u00fctzt aufbewahren.<\/li><\/ul><p><br>Daher ist dieses Papier sowohl f\u00fcr das Ruhe-EKG als auch f\u00fcr das Belastungs-EKG in der professionellen Anwendung geeignet.<\/p>\t\t\t\t\t\t\t\t<\/div>\n\t\t\t\t<div class=\"elementor-element elementor-element-053ee92 elementor-widget elementor-widget-heading\" data-id=\"053ee92\" data-element_type=\"widget\" data-e-type=\"widget\" data-widget_type=\"heading.default\">\n\t\t\t\t\t<h2 class=\"elementor-heading-title elementor-size-default\">Nutzung und rechtliche Rahmenbedingungen in der Schweiz<\/h2>\t\t\t\t<\/div>\n\t\t\t\t<div class=\"elementor-element elementor-element-9766692 elementor-widget elementor-widget-text-editor\" data-id=\"9766692\" data-element_type=\"widget\" data-e-type=\"widget\" data-widget_type=\"text-editor.default\">\n\t\t\t\t\t\t\t\t\t<p>In der Schweiz unterliegen Verbrauchsmaterialien f\u00fcr medizinische Ger\u00e4te mit CE-Kennzeichnung der Verordnung \u00fcber Medizinprodukte (MepV \/ MedDO). Die Markt\u00fcberwachung wird von Swissmedic, der zust\u00e4ndigen nationalen Beh\u00f6rde, durchgef\u00fchrt. <br><br>Dieses EKG-Papier ist ein Ersatz-Verbrauchsmaterial f\u00fcr die Elektrokardiographen Schiller Cardiovit AT-102, AT-102 G2 und CS-200 Excellence. Es tr\u00e4gt das CE0044-Zeichen und ist als Im (Zubeh\u00f6r mit Messfunktion) klassifiziert. Seine Verwendung \u00e4ndert nicht die regulatorische Klasse des Host-Ger\u00e4ts.  <br>\t\t<div data-elementor-type=\"widget\" data-elementor-id=\"59088\" class=\"elementor elementor-59088 elementor-59083 elementor-59083\" data-elementor-post-type=\"elementor_library\">\n\t\t\t\t\t\t<div class=\"elementor-element elementor-element-59083 elementor-widget elementor-widget-text-editor\" data-id=\"59083\" data-element_type=\"widget\" data-e-type=\"widget\" data-widget_type=\"text-editor.default\">\n\t\t\t\t\t\t\t\t\t<p>Weitere Informationen finden Sie unter :<\/p><ul><li><a href=\"https:\/\/www.swissmedic.ch\" target=\"_blank\" rel=\"noopener\">Swissmedic<\/a><\/li><li><a href=\"https:\/\/www.bag.admin.ch\" target=\"_blank\" rel=\"noopener\">Bundesamt f\u00fcr Gesundheit (BAG)<\/a><\/li><li><a href=\"https:\/\/www.switec.info\" target=\"_blank\" rel=\"noopener\">Schweizerisches Informationszentrum f\u00fcr technische Regeln (Switec)<\/a><\/li><li><a href=\"https:\/\/www.fedlex.admin.ch\/eli\/cc\/2020\/552\/\" target=\"_blank\" rel=\"noopener\">Verordnung \u00fcber Medizinprodukte (MDDV oder MedDO)<\/a><\/li><\/ul><p><br>Unsere Medizinprodukte haben einen autorisierten Vertreter in der Schweiz (CH-REP), gem\u00e4\u00df der geltenden schweizerischen Gesetzgebung f\u00fcr Medizinprodukte.<\/p>\t\t\t\t\t\t\t\t<\/div>\n\t\t\t\t<\/div>\n\t\t<\/p>\t\t\t\t\t\t\t\t<\/div>\n\t\t\t\t<div class=\"elementor-element elementor-element-f2c80d8 elementor-widget elementor-widget-heading\" data-id=\"f2c80d8\" data-element_type=\"widget\" data-e-type=\"widget\" data-widget_type=\"heading.default\">\n\t\t\t\t\t<h2 class=\"elementor-heading-title elementor-size-default\">Inhalt<\/h2>\t\t\t\t<\/div>\n\t\t\t\t<div class=\"elementor-element elementor-element-c93d20b elementor-widget elementor-widget-text-editor\" data-id=\"c93d20b\" data-element_type=\"widget\" data-e-type=\"widget\" data-widget_type=\"text-editor.default\">\n\t\t\t\t\t\t\t\t\t<p>Jede Schachtel enth\u00e4lt :<\/p><ul><li>10 B\u00fcndel BPA-freies Z-fold Thermopapier, Format pro B\u00fcndel 210 mm \u00d7 297 mm \u00d7 100 Blatt, kompatibel mit Schiller Cardiovit AT-102, AT-102+, AT-102 G2, CS-200 Excellence<\/li><\/ul>\t\t\t\t\t\t\t\t<\/div>\n\t\t\t\t<\/div>\n\t\t\t\t<\/div>\n\t\t\t\t<\/div>\n\t\t","protected":false},"excerpt":{"rendered":"<p>Z-fold Thermopapierb\u00fcndel im A4-Format f\u00fcr die Elektrokardiographen Schiller Cardiovit AT-102, AT-102+, AT-102 G2 und CS-200 Excellence. Format 210 mm \u00d7 297 mm, 100 Blatt pro B\u00fcndel, BPA-frei. Die direkte thermische Technologie garantiert eine klare Linienf\u00fchrung und eine dauerhafte Aufbewahrung der Aufzeichnungen. CE0044 Markierung. Erh\u00e4ltlich in Schachteln mit 10 B\u00fcndeln.    <\/p>\n","protected":false},"featured_media":64347,"template":"","meta":{"_acf_changed":false},"product_brand":[2179],"product_cat":[954,962],"product_tag":[8134,8143,8144,8132,8088,8095,8090,8091,8145,8105],"class_list":{"0":"post-64345","1":"product","2":"type-product","3":"status-publish","4":"has-post-thumbnail","6":"product_brand-schiller-de","7":"product_cat-elektrokardiographen","8":"product_cat-verbrauchsmaterial-elektrokardiographen","9":"product_tag-bpa-freies-ekg-papier","10":"product_tag-cardiovit-at-102-zubehor","11":"product_tag-ekg-bundel-100-blatt","12":"product_tag-ekg-bundel-a4","13":"product_tag-ekg-thermopapier","14":"product_tag-ekg-verbrauchsmaterial-schweiz","15":"product_tag-elektrokardiographisches-verbrauchsmaterial","16":"product_tag-millimeterpapier-ekg","17":"product_tag-papier-ekg-belastungstest","18":"product_tag-z-fold-ekg-papier","20":"first","21":"instock","22":"taxable","23":"shipping-taxable","24":"purchasable","25":"product-type-simple"},"acf":[],"yoast_head":"<!-- This site is optimized with the Yoast SEO Premium plugin v27.6 (Yoast SEO v27.6) - https:\/\/yoast.com\/product\/yoast-seo-premium-wordpress\/ -->\n<title>EKG-Papier Schiller Cardiovit AT-102 \/ AT-102 G2 \/ CS-200 - A4 | Swixed SA<\/title>\n<meta name=\"description\" content=\"A4 Thermo-EKG-Papierb\u00fcndel 210 x 297 mm, 100 Blatt BPA-frei. Kompatibel mit Schiller AT-102, AT-102 G2, CS-200 Excellence. Schachtel mit 10 B\u00fcndeln.\" \/>\n<meta name=\"robots\" content=\"index, follow, max-snippet:-1, max-image-preview:large, max-video-preview:-1\" \/>\n<link rel=\"canonical\" href=\"https:\/\/swixed.ch\/de\/produkt\/ekg-papier-fur-edan-se-1200-se-1202-se-12-express-se-1200-express-10-stuck-copie-2\/\" \/>\n<meta property=\"og:locale\" content=\"de_DE\" \/>\n<meta property=\"og:type\" content=\"article\" \/>\n<meta property=\"og:title\" content=\"EKG-Papier Schiller AT-102 \/ AT-102+ \/ AT-102 G2 \/ CS-200 Excellence (10 St\u00fcck)\" \/>\n<meta property=\"og:description\" content=\"A4 Thermo-EKG-Papierb\u00fcndel 210 x 297 mm, 100 Blatt BPA-frei. Kompatibel mit Schiller AT-102, AT-102 G2, CS-200 Excellence. Schachtel mit 10 B\u00fcndeln.\" \/>\n<meta property=\"og:url\" content=\"https:\/\/swixed.ch\/de\/produkt\/ekg-papier-fur-edan-se-1200-se-1202-se-12-express-se-1200-express-10-stuck-copie-2\/\" \/>\n<meta property=\"og:site_name\" content=\"Swixed SA\" \/>\n<meta property=\"article:publisher\" content=\"https:\/\/www.facebook.com\/swixed\" \/>\n<meta property=\"article:modified_time\" content=\"2026-05-12T19:55:07+00:00\" \/>\n<meta property=\"og:image\" content=\"https:\/\/swixed.ch\/wp-content\/uploads\/2026\/05\/SED17011-01.png\" \/>\n\t<meta property=\"og:image:width\" content=\"600\" \/>\n\t<meta property=\"og:image:height\" content=\"600\" \/>\n\t<meta property=\"og:image:type\" content=\"image\/png\" \/>\n<meta name=\"twitter:card\" content=\"summary_large_image\" \/>\n<meta name=\"twitter:label1\" content=\"Gesch\u00e4tzte Lesezeit\" \/>\n\t<meta name=\"twitter:data1\" content=\"2\u00a0Minuten\" \/>\n<script type=\"application\/ld+json\" class=\"yoast-schema-graph\">{\"@context\":\"https:\\\/\\\/schema.org\",\"@graph\":[{\"@type\":\"WebPage\",\"@id\":\"https:\\\/\\\/swixed.ch\\\/de\\\/produkt\\\/ekg-papier-fur-edan-se-1200-se-1202-se-12-express-se-1200-express-10-stuck-copie-2\\\/\",\"url\":\"https:\\\/\\\/swixed.ch\\\/de\\\/produkt\\\/ekg-papier-fur-edan-se-1200-se-1202-se-12-express-se-1200-express-10-stuck-copie-2\\\/\",\"name\":\"EKG-Papier Schiller Cardiovit AT-102 \\\/ AT-102 G2 \\\/ CS-200 - A4 | Swixed SA\",\"isPartOf\":{\"@id\":\"https:\\\/\\\/swixed.ch\\\/de\\\/#website\"},\"primaryImageOfPage\":{\"@id\":\"https:\\\/\\\/swixed.ch\\\/de\\\/produkt\\\/ekg-papier-fur-edan-se-1200-se-1202-se-12-express-se-1200-express-10-stuck-copie-2\\\/#primaryimage\"},\"image\":{\"@id\":\"https:\\\/\\\/swixed.ch\\\/de\\\/produkt\\\/ekg-papier-fur-edan-se-1200-se-1202-se-12-express-se-1200-express-10-stuck-copie-2\\\/#primaryimage\"},\"thumbnailUrl\":\"https:\\\/\\\/swixed.ch\\\/wp-content\\\/uploads\\\/2026\\\/05\\\/SED17011-01.png\",\"datePublished\":\"2026-05-03T08:33:24+00:00\",\"dateModified\":\"2026-05-12T19:55:07+00:00\",\"description\":\"A4 Thermo-EKG-Papierb\u00fcndel 210 x 297 mm, 100 Blatt BPA-frei. Kompatibel mit Schiller AT-102, AT-102 G2, CS-200 Excellence. Schachtel mit 10 B\u00fcndeln.\",\"breadcrumb\":{\"@id\":\"https:\\\/\\\/swixed.ch\\\/de\\\/produkt\\\/ekg-papier-fur-edan-se-1200-se-1202-se-12-express-se-1200-express-10-stuck-copie-2\\\/#breadcrumb\"},\"inLanguage\":\"de\",\"potentialAction\":[{\"@type\":\"ReadAction\",\"target\":[\"https:\\\/\\\/swixed.ch\\\/de\\\/produkt\\\/ekg-papier-fur-edan-se-1200-se-1202-se-12-express-se-1200-express-10-stuck-copie-2\\\/\"]}]},{\"@type\":\"ImageObject\",\"inLanguage\":\"de\",\"@id\":\"https:\\\/\\\/swixed.ch\\\/de\\\/produkt\\\/ekg-papier-fur-edan-se-1200-se-1202-se-12-express-se-1200-express-10-stuck-copie-2\\\/#primaryimage\",\"url\":\"https:\\\/\\\/swixed.ch\\\/wp-content\\\/uploads\\\/2026\\\/05\\\/SED17011-01.png\",\"contentUrl\":\"https:\\\/\\\/swixed.ch\\\/wp-content\\\/uploads\\\/2026\\\/05\\\/SED17011-01.png\",\"width\":600,\"height\":600,\"caption\":\"SED17011\"},{\"@type\":\"BreadcrumbList\",\"@id\":\"https:\\\/\\\/swixed.ch\\\/de\\\/produkt\\\/ekg-papier-fur-edan-se-1200-se-1202-se-12-express-se-1200-express-10-stuck-copie-2\\\/#breadcrumb\",\"itemListElement\":[{\"@type\":\"ListItem\",\"position\":1,\"name\":\"Startseite\",\"item\":\"https:\\\/\\\/swixed.ch\\\/de\\\/home\\\/\"},{\"@type\":\"ListItem\",\"position\":2,\"name\":\"Shop\",\"item\":\"https:\\\/\\\/swixed.ch\\\/de\\\/shop\\\/\"},{\"@type\":\"ListItem\",\"position\":3,\"name\":\"EKG-Papier Schiller AT-102 \\\/ AT-102+ \\\/ AT-102 G2 \\\/ CS-200 Excellence (10 St\u00fcck)\"}]},{\"@type\":\"WebSite\",\"@id\":\"https:\\\/\\\/swixed.ch\\\/de\\\/#website\",\"url\":\"https:\\\/\\\/swixed.ch\\\/de\\\/\",\"name\":\"Swixed SA\",\"description\":\"Elektronische Ger\u00e4te\",\"publisher\":{\"@id\":\"https:\\\/\\\/swixed.ch\\\/de\\\/#organization\"},\"potentialAction\":[{\"@type\":\"SearchAction\",\"target\":{\"@type\":\"EntryPoint\",\"urlTemplate\":\"https:\\\/\\\/swixed.ch\\\/de\\\/?s={search_term_string}\"},\"query-input\":{\"@type\":\"PropertyValueSpecification\",\"valueRequired\":true,\"valueName\":\"search_term_string\"}}],\"inLanguage\":\"de\"},{\"@type\":\"Organization\",\"@id\":\"https:\\\/\\\/swixed.ch\\\/de\\\/#organization\",\"name\":\"Swixed SA\",\"url\":\"https:\\\/\\\/swixed.ch\\\/de\\\/\",\"logo\":{\"@type\":\"ImageObject\",\"inLanguage\":\"de\",\"@id\":\"https:\\\/\\\/swixed.ch\\\/de\\\/#\\\/schema\\\/logo\\\/image\\\/\",\"url\":\"https:\\\/\\\/swixed.ch\\\/wp-content\\\/uploads\\\/logos\\\/swixed-logo-lite.png\",\"contentUrl\":\"https:\\\/\\\/swixed.ch\\\/wp-content\\\/uploads\\\/logos\\\/swixed-logo-lite.png\",\"width\":696,\"height\":696,\"caption\":\"Swixed SA\"},\"image\":{\"@id\":\"https:\\\/\\\/swixed.ch\\\/de\\\/#\\\/schema\\\/logo\\\/image\\\/\"},\"sameAs\":[\"https:\\\/\\\/www.facebook.com\\\/swixed\",\"https:\\\/\\\/www.linkedin.com\\\/company\\\/swixed\",\"https:\\\/\\\/www.youtube.com\\\/@swixedsa\"],\"description\":\"Swixed SA est une entreprise suisse bas\u00e9e \u00e0 Gen\u00e8ve, sp\u00e9cialis\u00e9e dans la vente, la location et la maintenance d\u2019appareils m\u00e9dicaux professionnels, tels que d\u00e9fibrillateurs AED, \u00e9lectrocardiographes, moniteurs patient et dispositifs de diagnostic.\",\"email\":\"infoshop@swixed.ch\",\"telephone\":\"+41 22 566 11 95\",\"legalName\":\"Swixed SA\",\"foundingDate\":\"2021-03-01\",\"numberOfEmployees\":{\"@type\":\"QuantitativeValue\",\"minValue\":\"1\",\"maxValue\":\"10\"}}]}<\/script>\n<!-- \/ Yoast SEO Premium plugin. -->","yoast_head_json":{"title":"EKG-Papier Schiller Cardiovit AT-102 \/ AT-102 G2 \/ CS-200 - A4 | Swixed SA","description":"A4 Thermo-EKG-Papierb\u00fcndel 210 x 297 mm, 100 Blatt BPA-frei. Kompatibel mit Schiller AT-102, AT-102 G2, CS-200 Excellence. Schachtel mit 10 B\u00fcndeln.","robots":{"index":"index","follow":"follow","max-snippet":"max-snippet:-1","max-image-preview":"max-image-preview:large","max-video-preview":"max-video-preview:-1"},"canonical":"https:\/\/swixed.ch\/de\/produkt\/ekg-papier-fur-edan-se-1200-se-1202-se-12-express-se-1200-express-10-stuck-copie-2\/","og_locale":"de_DE","og_type":"article","og_title":"EKG-Papier Schiller AT-102 \/ AT-102+ \/ AT-102 G2 \/ CS-200 Excellence (10 St\u00fcck)","og_description":"A4 Thermo-EKG-Papierb\u00fcndel 210 x 297 mm, 100 Blatt BPA-frei. Kompatibel mit Schiller AT-102, AT-102 G2, CS-200 Excellence. Schachtel mit 10 B\u00fcndeln.","og_url":"https:\/\/swixed.ch\/de\/produkt\/ekg-papier-fur-edan-se-1200-se-1202-se-12-express-se-1200-express-10-stuck-copie-2\/","og_site_name":"Swixed SA","article_publisher":"https:\/\/www.facebook.com\/swixed","article_modified_time":"2026-05-12T19:55:07+00:00","og_image":[{"width":600,"height":600,"url":"https:\/\/swixed.ch\/wp-content\/uploads\/2026\/05\/SED17011-01.png","type":"image\/png"}],"twitter_card":"summary_large_image","twitter_misc":{"Gesch\u00e4tzte Lesezeit":"2\u00a0Minuten"},"schema":{"@context":"https:\/\/schema.org","@graph":[{"@type":"WebPage","@id":"https:\/\/swixed.ch\/de\/produkt\/ekg-papier-fur-edan-se-1200-se-1202-se-12-express-se-1200-express-10-stuck-copie-2\/","url":"https:\/\/swixed.ch\/de\/produkt\/ekg-papier-fur-edan-se-1200-se-1202-se-12-express-se-1200-express-10-stuck-copie-2\/","name":"EKG-Papier Schiller Cardiovit AT-102 \/ AT-102 G2 \/ CS-200 - A4 | Swixed SA","isPartOf":{"@id":"https:\/\/swixed.ch\/de\/#website"},"primaryImageOfPage":{"@id":"https:\/\/swixed.ch\/de\/produkt\/ekg-papier-fur-edan-se-1200-se-1202-se-12-express-se-1200-express-10-stuck-copie-2\/#primaryimage"},"image":{"@id":"https:\/\/swixed.ch\/de\/produkt\/ekg-papier-fur-edan-se-1200-se-1202-se-12-express-se-1200-express-10-stuck-copie-2\/#primaryimage"},"thumbnailUrl":"https:\/\/swixed.ch\/wp-content\/uploads\/2026\/05\/SED17011-01.png","datePublished":"2026-05-03T08:33:24+00:00","dateModified":"2026-05-12T19:55:07+00:00","description":"A4 Thermo-EKG-Papierb\u00fcndel 210 x 297 mm, 100 Blatt BPA-frei. Kompatibel mit Schiller AT-102, AT-102 G2, CS-200 Excellence. Schachtel mit 10 B\u00fcndeln.","breadcrumb":{"@id":"https:\/\/swixed.ch\/de\/produkt\/ekg-papier-fur-edan-se-1200-se-1202-se-12-express-se-1200-express-10-stuck-copie-2\/#breadcrumb"},"inLanguage":"de","potentialAction":[{"@type":"ReadAction","target":["https:\/\/swixed.ch\/de\/produkt\/ekg-papier-fur-edan-se-1200-se-1202-se-12-express-se-1200-express-10-stuck-copie-2\/"]}]},{"@type":"ImageObject","inLanguage":"de","@id":"https:\/\/swixed.ch\/de\/produkt\/ekg-papier-fur-edan-se-1200-se-1202-se-12-express-se-1200-express-10-stuck-copie-2\/#primaryimage","url":"https:\/\/swixed.ch\/wp-content\/uploads\/2026\/05\/SED17011-01.png","contentUrl":"https:\/\/swixed.ch\/wp-content\/uploads\/2026\/05\/SED17011-01.png","width":600,"height":600,"caption":"SED17011"},{"@type":"BreadcrumbList","@id":"https:\/\/swixed.ch\/de\/produkt\/ekg-papier-fur-edan-se-1200-se-1202-se-12-express-se-1200-express-10-stuck-copie-2\/#breadcrumb","itemListElement":[{"@type":"ListItem","position":1,"name":"Startseite","item":"https:\/\/swixed.ch\/de\/home\/"},{"@type":"ListItem","position":2,"name":"Shop","item":"https:\/\/swixed.ch\/de\/shop\/"},{"@type":"ListItem","position":3,"name":"EKG-Papier Schiller AT-102 \/ AT-102+ \/ AT-102 G2 \/ CS-200 Excellence (10 St\u00fcck)"}]},{"@type":"WebSite","@id":"https:\/\/swixed.ch\/de\/#website","url":"https:\/\/swixed.ch\/de\/","name":"Swixed SA","description":"Elektronische Ger\u00e4te","publisher":{"@id":"https:\/\/swixed.ch\/de\/#organization"},"potentialAction":[{"@type":"SearchAction","target":{"@type":"EntryPoint","urlTemplate":"https:\/\/swixed.ch\/de\/?s={search_term_string}"},"query-input":{"@type":"PropertyValueSpecification","valueRequired":true,"valueName":"search_term_string"}}],"inLanguage":"de"},{"@type":"Organization","@id":"https:\/\/swixed.ch\/de\/#organization","name":"Swixed SA","url":"https:\/\/swixed.ch\/de\/","logo":{"@type":"ImageObject","inLanguage":"de","@id":"https:\/\/swixed.ch\/de\/#\/schema\/logo\/image\/","url":"https:\/\/swixed.ch\/wp-content\/uploads\/logos\/swixed-logo-lite.png","contentUrl":"https:\/\/swixed.ch\/wp-content\/uploads\/logos\/swixed-logo-lite.png","width":696,"height":696,"caption":"Swixed SA"},"image":{"@id":"https:\/\/swixed.ch\/de\/#\/schema\/logo\/image\/"},"sameAs":["https:\/\/www.facebook.com\/swixed","https:\/\/www.linkedin.com\/company\/swixed","https:\/\/www.youtube.com\/@swixedsa"],"description":"Swixed SA est une entreprise suisse bas\u00e9e \u00e0 Gen\u00e8ve, sp\u00e9cialis\u00e9e dans la vente, la location et la maintenance d\u2019appareils m\u00e9dicaux professionnels, tels que d\u00e9fibrillateurs AED, \u00e9lectrocardiographes, moniteurs patient et dispositifs de diagnostic.","email":"infoshop@swixed.ch","telephone":"+41 22 566 11 95","legalName":"Swixed SA","foundingDate":"2021-03-01","numberOfEmployees":{"@type":"QuantitativeValue","minValue":"1","maxValue":"10"}}]}},"_links":{"self":[{"href":"https:\/\/swixed.ch\/de\/wp-json\/wp\/v2\/product\/64345","targetHints":{"allow":["GET"]}}],"collection":[{"href":"https:\/\/swixed.ch\/de\/wp-json\/wp\/v2\/product"}],"about":[{"href":"https:\/\/swixed.ch\/de\/wp-json\/wp\/v2\/types\/product"}],"version-history":[{"count":6,"href":"https:\/\/swixed.ch\/de\/wp-json\/wp\/v2\/product\/64345\/revisions"}],"predecessor-version":[{"id":64366,"href":"https:\/\/swixed.ch\/de\/wp-json\/wp\/v2\/product\/64345\/revisions\/64366"}],"wp:featuredmedia":[{"embeddable":true,"href":"https:\/\/swixed.ch\/de\/wp-json\/wp\/v2\/media\/64347"}],"wp:attachment":[{"href":"https:\/\/swixed.ch\/de\/wp-json\/wp\/v2\/media?parent=64345"}],"wp:term":[{"taxonomy":"product_brand","embeddable":true,"href":"https:\/\/swixed.ch\/de\/wp-json\/wp\/v2\/product_brand?post=64345"},{"taxonomy":"product_cat","embeddable":true,"href":"https:\/\/swixed.ch\/de\/wp-json\/wp\/v2\/product_cat?post=64345"},{"taxonomy":"product_tag","embeddable":true,"href":"https:\/\/swixed.ch\/de\/wp-json\/wp\/v2\/product_tag?post=64345"}],"curies":[{"name":"wp","href":"https:\/\/api.w.org\/{rel}","templated":true}]}}