{"id":64446,"date":"2026-05-03T12:09:13","date_gmt":"2026-05-03T11:09:13","guid":{"rendered":"https:\/\/swixed.ch\/?post_type=product&#038;p=64446"},"modified":"2026-05-12T21:55:13","modified_gmt":"2026-05-12T19:55:13","slug":"wagen-mit-arm-fur-ekg-gerate-cardioline-200l-200s-200-copie","status":"publish","type":"product","link":"https:\/\/swixed.ch\/de\/produkt\/wagen-mit-arm-fur-ekg-gerate-cardioline-200l-200s-200-copie\/","title":{"rendered":"Software ECGEasyApp f\u00fcr Ruhe-EKG-Ger\u00e4te Cardioline 100L \/ 100S \/ 200L \/ 200S"},"content":{"rendered":"\t\t<div data-elementor-type=\"product-post\" data-elementor-id=\"64446\" class=\"elementor elementor-64446 elementor-64445\" data-elementor-post-type=\"product\">\n\t\t\t\t<div class=\"elementor-element elementor-element-4dd358c e-con-full e-flex e-con e-parent\" data-id=\"4dd358c\" data-element_type=\"container\" data-e-type=\"container\">\n\t\t<div class=\"elementor-element elementor-element-3ab347d e-con-full e-flex e-con e-child\" data-id=\"3ab347d\" data-element_type=\"container\" data-e-type=\"container\">\n\t\t\t\t<div class=\"elementor-element elementor-element-4e9ca79 elementor-widget elementor-widget-heading\" data-id=\"4e9ca79\" data-element_type=\"widget\" data-e-type=\"widget\" data-widget_type=\"heading.default\">\n\t\t\t\t\t<h2 class=\"elementor-heading-title elementor-size-default\">Hauptmerkmale<\/h2>\t\t\t\t<\/div>\n\t\t\t\t<div class=\"elementor-element elementor-element-0c426f8 elementor-widget elementor-widget-text-editor\" data-id=\"0c426f8\" data-element_type=\"widget\" data-e-type=\"widget\" data-widget_type=\"text-editor.default\">\n\t\t\t\t\t\t\t\t\t<p>Die ECGEasyApp Cardioline Software verwaltet die Ruhe-EKG-Daten der Ger\u00e4te der Serien 100 und 200. Sie unterst\u00fctzt sowohl die kompakten Modelle (100S, 200S) als auch die erweiterten Modelle (100L, 200L). Sie k\u00f6nnen die Untersuchungen zentral auf einem festen oder tragbaren Computer durchf\u00fchren.  <\/p><p>Wichtigste technische Merkmale :<\/p><ul><li>Kompatibilit\u00e4t: Elektrokardiographen Cardioline 100L, 100S, 200L, 200S<\/li><li>Betriebssysteme: Windows 10 Minimum, macOS<\/li><li>Datenempfang: direkte USB-Verbindung oder USB-Stick<\/li><li>Eingabeformat: SCP (Standard Communications Protocol for Computer-Assisted Electrocardiography)<\/li><li>Export und Konvertierung: SCP nach CSV, Druck und PDF-Export<\/li><li>Update: Ger\u00e4teeinstellungen k\u00f6nnen \u00fcber die Anwendung ge\u00e4ndert werden.<\/li><li>Compliance: geltende gesetzliche Anforderungen und Datenschutzbestimmungen<\/li><li>Lieferung: Online-Installationsdatei, Aktivierungscode per E-Mail<\/li><\/ul><p><br>ECGEasyApp Cardioline ist einfach und intuitiv zu bedienen. Es ben\u00f6tigt kein lokales Netzwerk f\u00fcr den Basisgebrauch. <\/p>\t\t\t\t\t\t\t\t<\/div>\n\t\t\t\t<div class=\"elementor-element elementor-element-9a8f0f6 elementor-widget elementor-widget-heading\" data-id=\"9a8f0f6\" data-element_type=\"widget\" data-e-type=\"widget\" data-widget_type=\"heading.default\">\n\t\t\t\t\t<h2 class=\"elementor-heading-title elementor-size-default\">Funktionen<\/h2>\t\t\t\t<\/div>\n\t\t\t\t<div class=\"elementor-element elementor-element-495a869 elementor-widget elementor-widget-text-editor\" data-id=\"495a869\" data-element_type=\"widget\" data-e-type=\"widget\" data-widget_type=\"text-editor.default\">\n\t\t\t\t\t\t\t\t\t<p>ECGEasyApp Cardioline deckt den gesamten Zyklus der Verwaltung von EKG-Untersuchungen der Serien 100 und 200 ab. Es bietet unter anderem folgende Funktionen: <\/p><ul><li>Archivierung: strukturierte Speicherung von EKG-Dateien im SCP-Format<\/li><li>Aktenverwaltung: Erstellung, Einsichtnahme und Aktualisierung von Pr\u00fcfungsakten<\/li><li>Visualisierung: Anzeige der EKG-Kurven in der Schnittstelle<\/li><li>Konvertierung: Umwandlung des SCP-Formats in CSV zur Verwendung in Tabellenkalkulationen oder Systemen von Drittanbietern.<\/li><li>PDF-Export: Drucken oder Speichern von Untersuchungen im PDF-Format<\/li><li>Ger\u00e4teaktualisierung: \u00c4nderung der EKG-Konfigurationen vom PC aus<\/li><li>Daten\u00fcbertragung: Empfang \u00fcber USB-Kabel oder Import von einem USB-Stick<\/li><\/ul><p><br>Die Software ben\u00f6tigt weder ein lokales Netzwerk noch einen dedizierten Server. Sie kommuniziert mit dem Ger\u00e4t nur \u00fcber eine USB-Verbindung. <\/p>\t\t\t\t\t\t\t\t<\/div>\n\t\t\t\t<div class=\"elementor-element elementor-element-9eb2bec elementor-widget elementor-widget-heading\" data-id=\"9eb2bec\" data-element_type=\"widget\" data-e-type=\"widget\" data-widget_type=\"heading.default\">\n\t\t\t\t\t<h2 class=\"elementor-heading-title elementor-size-default\">Nutzung, Einhaltung und Empfehlungen<\/h2>\t\t\t\t<\/div>\n\t\t\t\t<div class=\"elementor-element elementor-element-a701408 elementor-widget elementor-widget-text-editor\" data-id=\"a701408\" data-element_type=\"widget\" data-e-type=\"widget\" data-widget_type=\"text-editor.default\">\n\t\t\t\t\t\t\t\t\t<p>ECGEasyApp geh\u00f6rt zur Kategorie der medizinischen Ger\u00e4te der Klasse IIa. Sie tr\u00e4gt daher die CE-Kennzeichnung gem\u00e4\u00df der europ\u00e4ischen Verordnung MDR 2017\/745. Cardioline beabsichtigt, die App zur Unterst\u00fctzung der Messung und Aufzeichnung der Herzaktivit\u00e4t zu verwenden.  <\/p><p>In der Schweiz unterliegen Medizinprodukte keiner vorherigen offiziellen Genehmigung. Die Schweiz erkennt die CE-Kennzeichnung einseitig an und st\u00fctzt sich auf das europ\u00e4ische System der Konformit\u00e4tsbewertung. Die Medizinprodukteverordnung (MedDV) regelt das Inverkehrbringen. Swissmedic ist f\u00fcr die Markt\u00fcberwachung zust\u00e4ndig. Das BAG bereitet im Auftrag des Bundesrates die gesetzlichen Anpassungen der MepV vor.    <br><br>Switec ver\u00f6ffentlicht schlie\u00dflich in Zusammenarbeit mit den zust\u00e4ndigen Bundes\u00e4mtern und dem SECO die anwendbaren harmonisierten technischen Normen.<\/p>\t\t<div data-elementor-type=\"widget\" data-elementor-id=\"59088\" class=\"elementor elementor-59088 elementor-59083 elementor-59083\" data-elementor-post-type=\"elementor_library\">\n\t\t\t\t\t\t<div class=\"elementor-element elementor-element-59083 elementor-widget elementor-widget-text-editor\" data-id=\"59083\" data-element_type=\"widget\" data-e-type=\"widget\" data-widget_type=\"text-editor.default\">\n\t\t\t\t\t\t\t\t\t<p>Weitere Informationen finden Sie unter :<\/p><ul><li><a href=\"https:\/\/www.swissmedic.ch\" target=\"_blank\" rel=\"noopener\">Swissmedic<\/a><\/li><li><a href=\"https:\/\/www.bag.admin.ch\" target=\"_blank\" rel=\"noopener\">Bundesamt f\u00fcr Gesundheit (BAG)<\/a><\/li><li><a href=\"https:\/\/www.switec.info\" target=\"_blank\" rel=\"noopener\">Schweizerisches Informationszentrum f\u00fcr technische Regeln (Switec)<\/a><\/li><li><a href=\"https:\/\/www.fedlex.admin.ch\/eli\/cc\/2020\/552\/\" target=\"_blank\" rel=\"noopener\">Verordnung \u00fcber Medizinprodukte (MDDV oder MedDO)<\/a><\/li><\/ul><p><br>Unsere Medizinprodukte haben einen autorisierten Vertreter in der Schweiz (CH-REP), gem\u00e4\u00df der geltenden schweizerischen Gesetzgebung f\u00fcr Medizinprodukte.<\/p>\t\t\t\t\t\t\t\t<\/div>\n\t\t\t\t<\/div>\n\t\t\t\t\t\t\t\t\t\t<\/div>\n\t\t\t\t<div class=\"elementor-element elementor-element-fb600c9 elementor-widget elementor-widget-heading\" data-id=\"fb600c9\" data-element_type=\"widget\" data-e-type=\"widget\" data-widget_type=\"heading.default\">\n\t\t\t\t\t<h2 class=\"elementor-heading-title elementor-size-default\">Inhalt<\/h2>\t\t\t\t<\/div>\n\t\t\t\t<div class=\"elementor-element elementor-element-6cbacf0 elementor-widget elementor-widget-text-editor\" data-id=\"6cbacf0\" data-element_type=\"widget\" data-e-type=\"widget\" data-widget_type=\"text-editor.default\">\n\t\t\t\t\t\t\t\t\t<ul><li>1 Installationsdatei f\u00fcr die ECGEasyApp-Software (online verf\u00fcgbar)<\/li><li>1 Aktivierungscode, der per E-Mail an die bei der Bestellung verwendete Adresse gesendet wird.<\/li><\/ul><p><br><strong>Hinweis<\/strong>: F\u00fcr ein bereits in Betrieb befindliches Ger\u00e4t teilen Sie Swixed bei der Bestellung die Seriennummer Ihres Elektrokardiographen mit.<\/p>\t\t\t\t\t\t\t\t<\/div>\n\t\t\t\t<\/div>\n\t\t\t\t<\/div>\n\t\t\t\t<\/div>\n\t\t","protected":false},"excerpt":{"rendered":"<p>Die ECGEasyApp Cardioline ist eine Anwendung zur Verwaltung und Archivierung von EKG-Untersuchungen, die mit den Elektrokardiographen der Serien 100L, 100S, 200L und 200S kompatibel ist. Die Anwendung wird auf einem PC (mindestens Windows 10) oder Mac installiert und erm\u00f6glicht den Empfang von Dateien im SCP-Format \u00fcber USB, die Durchsicht von Akten, die Umwandlung von SCP in CSV und den Ausdruck als PDF. Die Lizenz wird in papierloser Form mit einem Aktivierungscode geliefert, der Ihnen per E-Mail zugesandt wird.  <\/p>\n","protected":false},"featured_media":64448,"template":"","meta":{"_acf_changed":false},"product_brand":[7891],"product_cat":[954,1199],"product_tag":[8208,8200,3619,8205,8207,8206,8202,8204,8203,8201],"class_list":{"0":"post-64446","1":"product","2":"type-product","3":"status-publish","4":"has-post-thumbnail","6":"product_brand-cardioline","7":"product_cat-elektrokardiographen","8":"product_cat-zubehor-belastungs","9":"product_tag-aktualisierung-der-ekg-konfiguration","10":"product_tag-ekg-archivierung","11":"product_tag-ekg-software-de","12":"product_tag-elektrokardiographisches-zubehor","13":"product_tag-kompatibel-mit-serie-100-200","14":"product_tag-papierlose-medizinische-software","15":"product_tag-pc-anwendung-ekg","16":"product_tag-pdf-ekg-export","17":"product_tag-scp-csv-konvertierung","18":"product_tag-verwaltung-von-ekg-untersuchungen","20":"first","21":"outofstock","22":"taxable","23":"shipping-taxable","24":"purchasable","25":"product-type-simple"},"acf":[],"yoast_head":"<!-- This site is optimized with the Yoast SEO Premium plugin v27.6 (Yoast SEO v27.6) - https:\/\/yoast.com\/product\/yoast-seo-premium-wordpress\/ -->\n<title>ECGEasyApp Cardioline - Serie 100 und 200 | Swixed SA% Software<\/title>\n<meta name=\"description\" content=\"ECGEasyApp Cardioline Software f\u00fcr die Serien 100L, 100S, 200L und 200S. Archivierung, Untersuchungsverwaltung, SCP\/CSV-Export. Kompatibel mit Windows 10+ PC und Mac.\" \/>\n<meta name=\"robots\" content=\"index, follow, max-snippet:-1, max-image-preview:large, max-video-preview:-1\" \/>\n<link rel=\"canonical\" href=\"https:\/\/swixed.ch\/de\/produkt\/wagen-mit-arm-fur-ekg-gerate-cardioline-200l-200s-200-copie\/\" \/>\n<meta property=\"og:locale\" content=\"de_DE\" \/>\n<meta property=\"og:type\" content=\"article\" \/>\n<meta property=\"og:title\" content=\"Software ECGEasyApp f\u00fcr Ruhe-EKG-Ger\u00e4te Cardioline 100L \/ 100S \/ 200L \/ 200S\" \/>\n<meta property=\"og:description\" content=\"ECGEasyApp Cardioline Software f\u00fcr die Serien 100L, 100S, 200L und 200S. Archivierung, Untersuchungsverwaltung, SCP\/CSV-Export. Kompatibel mit Windows 10+ PC und Mac.\" \/>\n<meta property=\"og:url\" content=\"https:\/\/swixed.ch\/de\/produkt\/wagen-mit-arm-fur-ekg-gerate-cardioline-200l-200s-200-copie\/\" \/>\n<meta property=\"og:site_name\" content=\"Swixed SA\" \/>\n<meta property=\"article:publisher\" content=\"https:\/\/www.facebook.com\/swixed\" \/>\n<meta property=\"article:modified_time\" content=\"2026-05-12T19:55:13+00:00\" \/>\n<meta property=\"og:image\" content=\"https:\/\/swixed.ch\/wp-content\/uploads\/2026\/01\/SED14023-01.png\" \/>\n\t<meta property=\"og:image:width\" content=\"600\" \/>\n\t<meta property=\"og:image:height\" content=\"600\" \/>\n\t<meta property=\"og:image:type\" content=\"image\/png\" \/>\n<meta name=\"twitter:card\" content=\"summary_large_image\" \/>\n<meta name=\"twitter:label1\" content=\"Gesch\u00e4tzte Lesezeit\" \/>\n\t<meta name=\"twitter:data1\" content=\"2\u00a0Minuten\" \/>\n<script type=\"application\/ld+json\" class=\"yoast-schema-graph\">{\"@context\":\"https:\\\/\\\/schema.org\",\"@graph\":[{\"@type\":\"WebPage\",\"@id\":\"https:\\\/\\\/swixed.ch\\\/de\\\/produkt\\\/wagen-mit-arm-fur-ekg-gerate-cardioline-200l-200s-200-copie\\\/\",\"url\":\"https:\\\/\\\/swixed.ch\\\/de\\\/produkt\\\/wagen-mit-arm-fur-ekg-gerate-cardioline-200l-200s-200-copie\\\/\",\"name\":\"ECGEasyApp Cardioline - Serie 100 und 200 | Swixed SA% Software\",\"isPartOf\":{\"@id\":\"https:\\\/\\\/swixed.ch\\\/de\\\/#website\"},\"primaryImageOfPage\":{\"@id\":\"https:\\\/\\\/swixed.ch\\\/de\\\/produkt\\\/wagen-mit-arm-fur-ekg-gerate-cardioline-200l-200s-200-copie\\\/#primaryimage\"},\"image\":{\"@id\":\"https:\\\/\\\/swixed.ch\\\/de\\\/produkt\\\/wagen-mit-arm-fur-ekg-gerate-cardioline-200l-200s-200-copie\\\/#primaryimage\"},\"thumbnailUrl\":\"https:\\\/\\\/swixed.ch\\\/wp-content\\\/uploads\\\/2026\\\/01\\\/SED14023-01.png\",\"datePublished\":\"2026-05-03T11:09:13+00:00\",\"dateModified\":\"2026-05-12T19:55:13+00:00\",\"description\":\"ECGEasyApp Cardioline Software f\u00fcr die Serien 100L, 100S, 200L und 200S. Archivierung, Untersuchungsverwaltung, SCP\\\/CSV-Export. Kompatibel mit Windows 10+ PC und Mac.\",\"breadcrumb\":{\"@id\":\"https:\\\/\\\/swixed.ch\\\/de\\\/produkt\\\/wagen-mit-arm-fur-ekg-gerate-cardioline-200l-200s-200-copie\\\/#breadcrumb\"},\"inLanguage\":\"de\",\"potentialAction\":[{\"@type\":\"ReadAction\",\"target\":[\"https:\\\/\\\/swixed.ch\\\/de\\\/produkt\\\/wagen-mit-arm-fur-ekg-gerate-cardioline-200l-200s-200-copie\\\/\"]}]},{\"@type\":\"ImageObject\",\"inLanguage\":\"de\",\"@id\":\"https:\\\/\\\/swixed.ch\\\/de\\\/produkt\\\/wagen-mit-arm-fur-ekg-gerate-cardioline-200l-200s-200-copie\\\/#primaryimage\",\"url\":\"https:\\\/\\\/swixed.ch\\\/wp-content\\\/uploads\\\/2026\\\/01\\\/SED14023-01.png\",\"contentUrl\":\"https:\\\/\\\/swixed.ch\\\/wp-content\\\/uploads\\\/2026\\\/01\\\/SED14023-01.png\",\"width\":600,\"height\":600,\"caption\":\"SED14023\"},{\"@type\":\"BreadcrumbList\",\"@id\":\"https:\\\/\\\/swixed.ch\\\/de\\\/produkt\\\/wagen-mit-arm-fur-ekg-gerate-cardioline-200l-200s-200-copie\\\/#breadcrumb\",\"itemListElement\":[{\"@type\":\"ListItem\",\"position\":1,\"name\":\"Startseite\",\"item\":\"https:\\\/\\\/swixed.ch\\\/de\\\/home\\\/\"},{\"@type\":\"ListItem\",\"position\":2,\"name\":\"Shop\",\"item\":\"https:\\\/\\\/swixed.ch\\\/de\\\/shop\\\/\"},{\"@type\":\"ListItem\",\"position\":3,\"name\":\"Software ECGEasyApp f\u00fcr Ruhe-EKG-Ger\u00e4te Cardioline 100L \\\/ 100S \\\/ 200L \\\/ 200S\"}]},{\"@type\":\"WebSite\",\"@id\":\"https:\\\/\\\/swixed.ch\\\/de\\\/#website\",\"url\":\"https:\\\/\\\/swixed.ch\\\/de\\\/\",\"name\":\"Swixed SA\",\"description\":\"Elektronische Ger\u00e4te\",\"publisher\":{\"@id\":\"https:\\\/\\\/swixed.ch\\\/de\\\/#organization\"},\"potentialAction\":[{\"@type\":\"SearchAction\",\"target\":{\"@type\":\"EntryPoint\",\"urlTemplate\":\"https:\\\/\\\/swixed.ch\\\/de\\\/?s={search_term_string}\"},\"query-input\":{\"@type\":\"PropertyValueSpecification\",\"valueRequired\":true,\"valueName\":\"search_term_string\"}}],\"inLanguage\":\"de\"},{\"@type\":\"Organization\",\"@id\":\"https:\\\/\\\/swixed.ch\\\/de\\\/#organization\",\"name\":\"Swixed SA\",\"url\":\"https:\\\/\\\/swixed.ch\\\/de\\\/\",\"logo\":{\"@type\":\"ImageObject\",\"inLanguage\":\"de\",\"@id\":\"https:\\\/\\\/swixed.ch\\\/de\\\/#\\\/schema\\\/logo\\\/image\\\/\",\"url\":\"https:\\\/\\\/swixed.ch\\\/wp-content\\\/uploads\\\/logos\\\/swixed-logo-lite.png\",\"contentUrl\":\"https:\\\/\\\/swixed.ch\\\/wp-content\\\/uploads\\\/logos\\\/swixed-logo-lite.png\",\"width\":696,\"height\":696,\"caption\":\"Swixed SA\"},\"image\":{\"@id\":\"https:\\\/\\\/swixed.ch\\\/de\\\/#\\\/schema\\\/logo\\\/image\\\/\"},\"sameAs\":[\"https:\\\/\\\/www.facebook.com\\\/swixed\",\"https:\\\/\\\/www.linkedin.com\\\/company\\\/swixed\",\"https:\\\/\\\/www.youtube.com\\\/@swixedsa\"],\"description\":\"Swixed SA est une entreprise suisse bas\u00e9e \u00e0 Gen\u00e8ve, sp\u00e9cialis\u00e9e dans la vente, la location et la maintenance d\u2019appareils m\u00e9dicaux professionnels, tels que d\u00e9fibrillateurs AED, \u00e9lectrocardiographes, moniteurs patient et dispositifs de diagnostic.\",\"email\":\"infoshop@swixed.ch\",\"telephone\":\"+41 22 566 11 95\",\"legalName\":\"Swixed SA\",\"foundingDate\":\"2021-03-01\",\"numberOfEmployees\":{\"@type\":\"QuantitativeValue\",\"minValue\":\"1\",\"maxValue\":\"10\"}}]}<\/script>\n<!-- \/ Yoast SEO Premium plugin. -->","yoast_head_json":{"title":"ECGEasyApp Cardioline - Serie 100 und 200 | Swixed SA% Software","description":"ECGEasyApp Cardioline Software f\u00fcr die Serien 100L, 100S, 200L und 200S. Archivierung, Untersuchungsverwaltung, SCP\/CSV-Export. Kompatibel mit Windows 10+ PC und Mac.","robots":{"index":"index","follow":"follow","max-snippet":"max-snippet:-1","max-image-preview":"max-image-preview:large","max-video-preview":"max-video-preview:-1"},"canonical":"https:\/\/swixed.ch\/de\/produkt\/wagen-mit-arm-fur-ekg-gerate-cardioline-200l-200s-200-copie\/","og_locale":"de_DE","og_type":"article","og_title":"Software ECGEasyApp f\u00fcr Ruhe-EKG-Ger\u00e4te Cardioline 100L \/ 100S \/ 200L \/ 200S","og_description":"ECGEasyApp Cardioline Software f\u00fcr die Serien 100L, 100S, 200L und 200S. Archivierung, Untersuchungsverwaltung, SCP\/CSV-Export. Kompatibel mit Windows 10+ PC und Mac.","og_url":"https:\/\/swixed.ch\/de\/produkt\/wagen-mit-arm-fur-ekg-gerate-cardioline-200l-200s-200-copie\/","og_site_name":"Swixed SA","article_publisher":"https:\/\/www.facebook.com\/swixed","article_modified_time":"2026-05-12T19:55:13+00:00","og_image":[{"width":600,"height":600,"url":"https:\/\/swixed.ch\/wp-content\/uploads\/2026\/01\/SED14023-01.png","type":"image\/png"}],"twitter_card":"summary_large_image","twitter_misc":{"Gesch\u00e4tzte Lesezeit":"2\u00a0Minuten"},"schema":{"@context":"https:\/\/schema.org","@graph":[{"@type":"WebPage","@id":"https:\/\/swixed.ch\/de\/produkt\/wagen-mit-arm-fur-ekg-gerate-cardioline-200l-200s-200-copie\/","url":"https:\/\/swixed.ch\/de\/produkt\/wagen-mit-arm-fur-ekg-gerate-cardioline-200l-200s-200-copie\/","name":"ECGEasyApp Cardioline - Serie 100 und 200 | Swixed SA% Software","isPartOf":{"@id":"https:\/\/swixed.ch\/de\/#website"},"primaryImageOfPage":{"@id":"https:\/\/swixed.ch\/de\/produkt\/wagen-mit-arm-fur-ekg-gerate-cardioline-200l-200s-200-copie\/#primaryimage"},"image":{"@id":"https:\/\/swixed.ch\/de\/produkt\/wagen-mit-arm-fur-ekg-gerate-cardioline-200l-200s-200-copie\/#primaryimage"},"thumbnailUrl":"https:\/\/swixed.ch\/wp-content\/uploads\/2026\/01\/SED14023-01.png","datePublished":"2026-05-03T11:09:13+00:00","dateModified":"2026-05-12T19:55:13+00:00","description":"ECGEasyApp Cardioline Software f\u00fcr die Serien 100L, 100S, 200L und 200S. Archivierung, Untersuchungsverwaltung, SCP\/CSV-Export. Kompatibel mit Windows 10+ PC und Mac.","breadcrumb":{"@id":"https:\/\/swixed.ch\/de\/produkt\/wagen-mit-arm-fur-ekg-gerate-cardioline-200l-200s-200-copie\/#breadcrumb"},"inLanguage":"de","potentialAction":[{"@type":"ReadAction","target":["https:\/\/swixed.ch\/de\/produkt\/wagen-mit-arm-fur-ekg-gerate-cardioline-200l-200s-200-copie\/"]}]},{"@type":"ImageObject","inLanguage":"de","@id":"https:\/\/swixed.ch\/de\/produkt\/wagen-mit-arm-fur-ekg-gerate-cardioline-200l-200s-200-copie\/#primaryimage","url":"https:\/\/swixed.ch\/wp-content\/uploads\/2026\/01\/SED14023-01.png","contentUrl":"https:\/\/swixed.ch\/wp-content\/uploads\/2026\/01\/SED14023-01.png","width":600,"height":600,"caption":"SED14023"},{"@type":"BreadcrumbList","@id":"https:\/\/swixed.ch\/de\/produkt\/wagen-mit-arm-fur-ekg-gerate-cardioline-200l-200s-200-copie\/#breadcrumb","itemListElement":[{"@type":"ListItem","position":1,"name":"Startseite","item":"https:\/\/swixed.ch\/de\/home\/"},{"@type":"ListItem","position":2,"name":"Shop","item":"https:\/\/swixed.ch\/de\/shop\/"},{"@type":"ListItem","position":3,"name":"Software ECGEasyApp f\u00fcr Ruhe-EKG-Ger\u00e4te Cardioline 100L \/ 100S \/ 200L \/ 200S"}]},{"@type":"WebSite","@id":"https:\/\/swixed.ch\/de\/#website","url":"https:\/\/swixed.ch\/de\/","name":"Swixed SA","description":"Elektronische Ger\u00e4te","publisher":{"@id":"https:\/\/swixed.ch\/de\/#organization"},"potentialAction":[{"@type":"SearchAction","target":{"@type":"EntryPoint","urlTemplate":"https:\/\/swixed.ch\/de\/?s={search_term_string}"},"query-input":{"@type":"PropertyValueSpecification","valueRequired":true,"valueName":"search_term_string"}}],"inLanguage":"de"},{"@type":"Organization","@id":"https:\/\/swixed.ch\/de\/#organization","name":"Swixed SA","url":"https:\/\/swixed.ch\/de\/","logo":{"@type":"ImageObject","inLanguage":"de","@id":"https:\/\/swixed.ch\/de\/#\/schema\/logo\/image\/","url":"https:\/\/swixed.ch\/wp-content\/uploads\/logos\/swixed-logo-lite.png","contentUrl":"https:\/\/swixed.ch\/wp-content\/uploads\/logos\/swixed-logo-lite.png","width":696,"height":696,"caption":"Swixed SA"},"image":{"@id":"https:\/\/swixed.ch\/de\/#\/schema\/logo\/image\/"},"sameAs":["https:\/\/www.facebook.com\/swixed","https:\/\/www.linkedin.com\/company\/swixed","https:\/\/www.youtube.com\/@swixedsa"],"description":"Swixed SA est une entreprise suisse bas\u00e9e \u00e0 Gen\u00e8ve, sp\u00e9cialis\u00e9e dans la vente, la location et la maintenance d\u2019appareils m\u00e9dicaux professionnels, tels que d\u00e9fibrillateurs AED, \u00e9lectrocardiographes, moniteurs patient et dispositifs de diagnostic.","email":"infoshop@swixed.ch","telephone":"+41 22 566 11 95","legalName":"Swixed SA","foundingDate":"2021-03-01","numberOfEmployees":{"@type":"QuantitativeValue","minValue":"1","maxValue":"10"}}]}},"_links":{"self":[{"href":"https:\/\/swixed.ch\/de\/wp-json\/wp\/v2\/product\/64446","targetHints":{"allow":["GET"]}}],"collection":[{"href":"https:\/\/swixed.ch\/de\/wp-json\/wp\/v2\/product"}],"about":[{"href":"https:\/\/swixed.ch\/de\/wp-json\/wp\/v2\/types\/product"}],"version-history":[{"count":3,"href":"https:\/\/swixed.ch\/de\/wp-json\/wp\/v2\/product\/64446\/revisions"}],"predecessor-version":[{"id":64468,"href":"https:\/\/swixed.ch\/de\/wp-json\/wp\/v2\/product\/64446\/revisions\/64468"}],"wp:featuredmedia":[{"embeddable":true,"href":"https:\/\/swixed.ch\/de\/wp-json\/wp\/v2\/media\/64448"}],"wp:attachment":[{"href":"https:\/\/swixed.ch\/de\/wp-json\/wp\/v2\/media?parent=64446"}],"wp:term":[{"taxonomy":"product_brand","embeddable":true,"href":"https:\/\/swixed.ch\/de\/wp-json\/wp\/v2\/product_brand?post=64446"},{"taxonomy":"product_cat","embeddable":true,"href":"https:\/\/swixed.ch\/de\/wp-json\/wp\/v2\/product_cat?post=64446"},{"taxonomy":"product_tag","embeddable":true,"href":"https:\/\/swixed.ch\/de\/wp-json\/wp\/v2\/product_tag?post=64446"}],"curies":[{"name":"wp","href":"https:\/\/api.w.org\/{rel}","templated":true}]}}