{"id":65034,"date":"2026-05-09T21:14:41","date_gmt":"2026-05-09T19:14:41","guid":{"rendered":"https:\/\/swixed.ch\/?post_type=product&#038;p=65034"},"modified":"2026-05-12T22:10:38","modified_gmt":"2026-05-12T20:10:38","slug":"padiatrische-elektroden-fur-den-cu-medical-i-pad-sp1-sp2-colson-def-nsii-copie","status":"publish","type":"product","link":"https:\/\/swixed.ch\/de\/produkt\/padiatrische-elektroden-fur-den-cu-medical-i-pad-sp1-sp2-colson-def-nsii-copie\/","title":{"rendered":"Pedi Padz II P\u00e4diatrische Elektroden f\u00fcr den Zoll AED Plus \/ AED Pro"},"content":{"rendered":"\t\t<div data-elementor-type=\"product-post\" data-elementor-id=\"65034\" class=\"elementor elementor-65034 elementor-65033\" data-elementor-post-type=\"product\">\n\t\t\t\t<div class=\"elementor-element elementor-element-536a452 e-con-full e-flex e-con e-parent\" data-id=\"536a452\" data-element_type=\"container\" data-e-type=\"container\">\n\t\t<div class=\"elementor-element elementor-element-6fe89ba e-con-full e-flex e-con e-child\" data-id=\"6fe89ba\" data-element_type=\"container\" data-e-type=\"container\">\n\t\t\t\t<div class=\"elementor-element elementor-element-c7a4889 elementor-widget elementor-widget-heading\" data-id=\"c7a4889\" data-element_type=\"widget\" data-e-type=\"widget\" data-widget_type=\"heading.default\">\n\t\t\t\t\t<h2 class=\"elementor-heading-title elementor-size-default\">Hauptmerkmale<\/h2>\t\t\t\t<\/div>\n\t\t\t\t<div class=\"elementor-element elementor-element-71d74c6 elementor-widget elementor-widget-text-editor\" data-id=\"71d74c6\" data-element_type=\"widget\" data-e-type=\"widget\" data-widget_type=\"text-editor.default\">\n\t\t\t\t\t\t\t\t\t<p>Die p\u00e4diatrischen Elektroden Zoll Pedi Padz II zeichnen sich durch ihr asymmetrisches Design aus, das an die Morphologie von Kindern und S\u00e4uglingen angepasst ist. Die vordere Elektrode hat eine runde Form (Durchmesser 9,4 cm, aktive Fl\u00e4che 41,1 cm\u00b2), w\u00e4hrend die hintere Elektrode eine rechteckige Form hat (13,8 \u00d7 8,9 cm, aktive Fl\u00e4che 63,5 cm\u00b2). Daher entspricht jede Elektrode genau ihrem anterior-posterioren Platzierungsbereich: Brustkorb bei der runden Elektrode, R\u00fccken zwischen den Schulterbl\u00e4ttern bei der rechteckigen Elektrode.  <\/p><p>Dar\u00fcber hinaus befinden sich anatomische Zeichnungen direkt auf der Verpackung, was die schnelle und korrekte Platzierung erleichtert. Das bereits angeschlossene Kabel hat eine L\u00e4nge von 86,4 cm und ist damit f\u00fcr die geringe K\u00f6rpergr\u00f6\u00dfe von Kindern gut geeignet. <\/p><p>Hier sind die wichtigsten technischen Daten:<\/p><ul><li>Asymmetrisches zweiteiliges Design: runde Frontelektrode + rechteckige R\u00fcckenelektrode<\/li><li>Vorverbundene Klebeelektroden f\u00fcr den Einmalgebrauch<\/li><li>Leitendes Gel: Hydrogel<\/li><li>Leitendes Element: Zinn<\/li><li>Kabell\u00e4nge: 86,4 cm<\/li><li>Energielevel: 50, 70 und 85 Joule<\/li><li>Kompatibel mit Zoll AED Plus, Zoll AED Pro und Zoll ALS-Serie (M, E, R, X Series)<\/li><li>Bev\u00f6lkerung: S\u00e4uglinge und Kinder (0 bis 8 Jahre \/ unter 25 kg)<\/li><li>Haltbarkeit: ca. 1,5 Jahre (18 Monate)<\/li><\/ul><p>Daher bieten diese p\u00e4diatrischen Elektroden Zoll Pedi Padz II eine L\u00f6sung, die speziell f\u00fcr Eingriffe bei den J\u00fcngsten dimensioniert ist.<\/p>\t\t\t\t\t\t\t\t<\/div>\n\t\t\t\t<div class=\"elementor-element elementor-element-04e2c17 elementor-widget elementor-widget-heading\" data-id=\"04e2c17\" data-element_type=\"widget\" data-e-type=\"widget\" data-widget_type=\"heading.default\">\n\t\t\t\t\t<h2 class=\"elementor-heading-title elementor-size-default\">Funktionen<\/h2>\t\t\t\t<\/div>\n\t\t\t\t<div class=\"elementor-element elementor-element-a353017 elementor-widget elementor-widget-text-editor\" data-id=\"a353017\" data-element_type=\"widget\" data-e-type=\"widget\" data-widget_type=\"text-editor.default\">\n\t\t\t\t\t\t\t\t\t<p>Die Pedi Padz II Kinderelektroden sind mit der Funktion Intelligent Pediatric Capability von Zoll ausgestattet. Das hei\u00dft, sobald der AED erkennt, dass die Zoll Pedi Padz II angeschlossen sind, schaltet er automatisch auf ein vollst\u00e4ndiges p\u00e4diatrisches Protokoll um. Zun\u00e4chst wird ein EKG-Analysealgorithmus aktiviert, der speziell f\u00fcr die Herzfrequenzen von Kindern entwickelt wurde, die sich von denen der Erwachsenen unterscheiden. Zweitens werden die Defibrillationsenergieniveaus auf geeignete Werte eingestellt (50, 70 oder 85 Joule, je nach Protokoll).   <\/p><p>Dar\u00fcber hinaus gibt der AED Sprach- und Textmeldungen aus, um dem Helfer zu best\u00e4tigen, dass die Kinderelektroden richtig angeschlossen sind. Dadurch wird das Risiko einer Verwechslung mit den Elektroden der Erwachsenen stark reduziert. <\/p><p>Hier sind die wichtigsten Funktionen:<\/p><ul><li>Automatische Erkennung von Pedi Padz II durch den AED<\/li><li>Automatisch aktivierter p\u00e4diatrischer EKG-Algorithmus<\/li><li>Angepasste Energiestufen f\u00fcr Kinder (50, 70, 85 Joule)<\/li><li>Sprach- und Textnachrichten zur Best\u00e4tigung der p\u00e4diatrischen Verbindung<\/li><li>Anatomische Schemata der anterior-posterioren Platzierung auf der Verpackung<\/li><li>Erweiterte Kompatibilit\u00e4t: AED Plus, AED Pro und ALS-Reihe (M, E, R, X-Serie)<\/li><li>Keine speziellen Adapter oder Kabel erforderlich<\/li><\/ul><p><br>Es ist jedoch zu beachten, dass diese Elektroden nur einmal verwendet werden. Sie m\u00fcssen daher nach jedem Gebrauch oder nach Ablauf des Verfallsdatums ausgetauscht werden. <\/p>\t\t\t\t\t\t\t\t<\/div>\n\t\t\t\t<div class=\"elementor-element elementor-element-d100daa elementor-widget elementor-widget-heading\" data-id=\"d100daa\" data-element_type=\"widget\" data-e-type=\"widget\" data-widget_type=\"heading.default\">\n\t\t\t\t\t<h2 class=\"elementor-heading-title elementor-size-default\">Nutzung, Einhaltung und Empfehlungen<\/h2>\t\t\t\t<\/div>\n\t\t\t\t<div class=\"elementor-element elementor-element-0d80b63 elementor-widget elementor-widget-text-editor\" data-id=\"0d80b63\" data-element_type=\"widget\" data-e-type=\"widget\" data-widget_type=\"text-editor.default\">\n\t\t\t\t\t\t\t\t\t<p>Die p\u00e4diatrischen Elektroden Pedi Padz II sind als Medizinprodukt der Klasse IIb klassifiziert. In der Schweiz unterliegt das Inverkehrbringen dieses Produkttyps der Medizinprodukteverordnung (MepV), die sich an die Europ\u00e4ische Verordnung (EU) 2017\/745 (MDR) anpasst. Daher \u00fcberwacht Swissmedic als Aufsichtsbeh\u00f6rde die Konformit\u00e4t der im Land vertriebenen Produkte.  <br><br>Automatisierte externe Defibrillatoren (AEDs) und deren Verbrauchsmaterial k\u00f6nnen in der Schweiz auch von Laien verwendet werden. Es wird jedoch empfohlen, einen zertifizierten Erste-Hilfe-Kurs zu absolvieren. Die Elektroden sollten nach jedem Gebrauch oder nach Ablauf der Haltbarkeitsdauer ausgetauscht werden.  <br>\t\t<div data-elementor-type=\"widget\" data-elementor-id=\"59088\" class=\"elementor elementor-59088 elementor-59083 elementor-59083\" data-elementor-post-type=\"elementor_library\">\n\t\t\t\t\t\t<div class=\"elementor-element elementor-element-59083 elementor-widget elementor-widget-text-editor\" data-id=\"59083\" data-element_type=\"widget\" data-e-type=\"widget\" data-widget_type=\"text-editor.default\">\n\t\t\t\t\t\t\t\t\t<p>Weitere Informationen finden Sie unter :<\/p><ul><li><a href=\"https:\/\/www.swissmedic.ch\" target=\"_blank\" rel=\"noopener\">Swissmedic<\/a><\/li><li><a href=\"https:\/\/www.bag.admin.ch\" target=\"_blank\" rel=\"noopener\">Bundesamt f\u00fcr Gesundheit (BAG)<\/a><\/li><li><a href=\"https:\/\/www.switec.info\" target=\"_blank\" rel=\"noopener\">Schweizerisches Informationszentrum f\u00fcr technische Regeln (Switec)<\/a><\/li><li><a href=\"https:\/\/www.fedlex.admin.ch\/eli\/cc\/2020\/552\/\" target=\"_blank\" rel=\"noopener\">Verordnung \u00fcber Medizinprodukte (MDDV oder MedDO)<\/a><\/li><\/ul><p><br>Unsere Medizinprodukte haben einen autorisierten Vertreter in der Schweiz (CH-REP), gem\u00e4\u00df der geltenden schweizerischen Gesetzgebung f\u00fcr Medizinprodukte.<\/p>\t\t\t\t\t\t\t\t<\/div>\n\t\t\t\t<\/div>\n\t\t<\/p>\t\t\t\t\t\t\t\t<\/div>\n\t\t\t\t<div class=\"elementor-element elementor-element-e5cb50b elementor-widget elementor-widget-heading\" data-id=\"e5cb50b\" data-element_type=\"widget\" data-e-type=\"widget\" data-widget_type=\"heading.default\">\n\t\t\t\t\t<h2 class=\"elementor-heading-title elementor-size-default\">Inhalt<\/h2>\t\t\t\t<\/div>\n\t\t\t\t<div class=\"elementor-element elementor-element-1abdac9 elementor-widget elementor-widget-text-editor\" data-id=\"1abdac9\" data-element_type=\"widget\" data-e-type=\"widget\" data-widget_type=\"text-editor.default\">\n\t\t\t\t\t\t\t\t\t<p>Jede versiegelte Papier-\/Polyfoil-Packung enth\u00e4lt das Notwendige f\u00fcr eine Operation:<\/p><ul><li>1 Paar vorkonnektierte p\u00e4diatrische Elektroden Zoll Pedi Padz II (1 rundes Vorderteil + 1 rechteckiges R\u00fcckteil, 86,4 cm Kabel)<\/li><\/ul>\t\t\t\t\t\t\t\t<\/div>\n\t\t\t\t<\/div>\n\t\t\t\t<\/div>\n\t\t\t\t<\/div>\n\t\t","protected":false},"excerpt":{"rendered":"<p>Die Pedi Padz II Kinderelektroden wurden exklusiv f\u00fcr die Defibrillatoren Zoll AED Plus und Zoll AED Pro entwickelt. Sobald sie angeschlossen werden, aktiviert der AED automatisch einen speziellen EKG-Analyse-Algorithmus und reduziert die Energie auf 50 Joule. Diese zweiteiligen Elektroden werden mit Hilfe von anatomischen Zeichnungen, die auf der Verpackung aufgedruckt sind, anterior-posterior positioniert. Dar\u00fcber hinaus erleichtern die runde Frontelektrode und die rechteckige R\u00fcckenelektrode die korrekte Platzierung. Das leitf\u00e4hige Hydrogel sorgt f\u00fcr einen zuverl\u00e4ssigen Kontakt mit der Haut. Diese p\u00e4diatrischen Elektroden Pedi Padz II haben eine Haltbarkeit von 1,5 Jahren.     <\/p>\n","protected":false},"featured_media":65039,"template":"","meta":{"_acf_changed":false},"product_brand":[2195],"product_cat":[1422,1490],"product_tag":[8509,8531,8513,8526,8543,8544,8511,2503,2687,8525],"class_list":{"0":"post-65034","1":"product","2":"type-product","3":"status-publish","4":"has-post-thumbnail","6":"product_brand-zoll-de","7":"product_cat-defibrillatoren","8":"product_cat-verbrauchsmaterial-defibrillatoren","9":"product_tag-aed-verbrauchsmaterial-3","10":"product_tag-aed-zubehor-4","11":"product_tag-auswechseln-der-elektroden","12":"product_tag-einmalelektroden-2","13":"product_tag-elektroden-fur-kinder","14":"product_tag-elektroden-fur-sauglinge","15":"product_tag-klebeelektroden","16":"product_tag-padiatrische-elektroden","17":"product_tag-vorverbundene-elektroden","18":"product_tag-zweiteilige-elektroden","20":"first","21":"instock","22":"taxable","23":"shipping-taxable","24":"purchasable","25":"product-type-simple"},"acf":[],"yoast_head":"<!-- This site is optimized with the Yoast SEO Premium plugin v27.6 (Yoast SEO v27.6) - https:\/\/yoast.com\/product\/yoast-seo-premium-wordpress\/ -->\n<title>Pedi Padz II Kinderelektroden f\u00fcr Zoll AED Plus | Swixed SA<\/title>\n<meta name=\"description\" content=\"Pedi Padz II P\u00e4diatrie-Elektroden f\u00fcr Zoll AED Plus und AED Pro. Hydrogel, Zinnelement, Kabel 86 cm, p\u00e4diatrischer Algorithmus, Einmalgebrauch.\" \/>\n<meta name=\"robots\" content=\"index, follow, max-snippet:-1, max-image-preview:large, max-video-preview:-1\" \/>\n<link rel=\"canonical\" href=\"https:\/\/swixed.ch\/de\/produkt\/padiatrische-elektroden-fur-den-cu-medical-i-pad-sp1-sp2-colson-def-nsii-copie\/\" \/>\n<meta property=\"og:locale\" content=\"de_DE\" \/>\n<meta property=\"og:type\" content=\"article\" \/>\n<meta property=\"og:title\" content=\"Pedi Padz II P\u00e4diatrische Elektroden f\u00fcr den Zoll AED Plus \/ AED Pro\" \/>\n<meta property=\"og:description\" content=\"Pedi Padz II P\u00e4diatrie-Elektroden f\u00fcr Zoll AED Plus und AED Pro. Hydrogel, Zinnelement, Kabel 86 cm, p\u00e4diatrischer Algorithmus, Einmalgebrauch.\" \/>\n<meta property=\"og:url\" content=\"https:\/\/swixed.ch\/de\/produkt\/padiatrische-elektroden-fur-den-cu-medical-i-pad-sp1-sp2-colson-def-nsii-copie\/\" \/>\n<meta property=\"og:site_name\" content=\"Swixed SA\" \/>\n<meta property=\"article:publisher\" content=\"https:\/\/www.facebook.com\/swixed\" \/>\n<meta property=\"article:modified_time\" content=\"2026-05-12T20:10:38+00:00\" \/>\n<meta property=\"og:image\" content=\"https:\/\/swixed.ch\/wp-content\/uploads\/2026\/05\/SED34017-01.png\" \/>\n\t<meta property=\"og:image:width\" content=\"600\" \/>\n\t<meta property=\"og:image:height\" content=\"600\" \/>\n\t<meta property=\"og:image:type\" content=\"image\/png\" \/>\n<meta name=\"twitter:card\" content=\"summary_large_image\" \/>\n<meta name=\"twitter:label1\" content=\"Gesch\u00e4tzte Lesezeit\" \/>\n\t<meta name=\"twitter:data1\" content=\"3\u00a0Minuten\" \/>\n<script type=\"application\/ld+json\" class=\"yoast-schema-graph\">{\"@context\":\"https:\\\/\\\/schema.org\",\"@graph\":[{\"@type\":\"WebPage\",\"@id\":\"https:\\\/\\\/swixed.ch\\\/de\\\/produkt\\\/padiatrische-elektroden-fur-den-cu-medical-i-pad-sp1-sp2-colson-def-nsii-copie\\\/\",\"url\":\"https:\\\/\\\/swixed.ch\\\/de\\\/produkt\\\/padiatrische-elektroden-fur-den-cu-medical-i-pad-sp1-sp2-colson-def-nsii-copie\\\/\",\"name\":\"Pedi Padz II Kinderelektroden f\u00fcr Zoll AED Plus | Swixed SA\",\"isPartOf\":{\"@id\":\"https:\\\/\\\/swixed.ch\\\/de\\\/#website\"},\"primaryImageOfPage\":{\"@id\":\"https:\\\/\\\/swixed.ch\\\/de\\\/produkt\\\/padiatrische-elektroden-fur-den-cu-medical-i-pad-sp1-sp2-colson-def-nsii-copie\\\/#primaryimage\"},\"image\":{\"@id\":\"https:\\\/\\\/swixed.ch\\\/de\\\/produkt\\\/padiatrische-elektroden-fur-den-cu-medical-i-pad-sp1-sp2-colson-def-nsii-copie\\\/#primaryimage\"},\"thumbnailUrl\":\"https:\\\/\\\/swixed.ch\\\/wp-content\\\/uploads\\\/2026\\\/05\\\/SED34017-01.png\",\"datePublished\":\"2026-05-09T19:14:41+00:00\",\"dateModified\":\"2026-05-12T20:10:38+00:00\",\"description\":\"Pedi Padz II P\u00e4diatrie-Elektroden f\u00fcr Zoll AED Plus und AED Pro. Hydrogel, Zinnelement, Kabel 86 cm, p\u00e4diatrischer Algorithmus, Einmalgebrauch.\",\"breadcrumb\":{\"@id\":\"https:\\\/\\\/swixed.ch\\\/de\\\/produkt\\\/padiatrische-elektroden-fur-den-cu-medical-i-pad-sp1-sp2-colson-def-nsii-copie\\\/#breadcrumb\"},\"inLanguage\":\"de\",\"potentialAction\":[{\"@type\":\"ReadAction\",\"target\":[\"https:\\\/\\\/swixed.ch\\\/de\\\/produkt\\\/padiatrische-elektroden-fur-den-cu-medical-i-pad-sp1-sp2-colson-def-nsii-copie\\\/\"]}]},{\"@type\":\"ImageObject\",\"inLanguage\":\"de\",\"@id\":\"https:\\\/\\\/swixed.ch\\\/de\\\/produkt\\\/padiatrische-elektroden-fur-den-cu-medical-i-pad-sp1-sp2-colson-def-nsii-copie\\\/#primaryimage\",\"url\":\"https:\\\/\\\/swixed.ch\\\/wp-content\\\/uploads\\\/2026\\\/05\\\/SED34017-01.png\",\"contentUrl\":\"https:\\\/\\\/swixed.ch\\\/wp-content\\\/uploads\\\/2026\\\/05\\\/SED34017-01.png\",\"width\":600,\"height\":600,\"caption\":\"SED34017\"},{\"@type\":\"BreadcrumbList\",\"@id\":\"https:\\\/\\\/swixed.ch\\\/de\\\/produkt\\\/padiatrische-elektroden-fur-den-cu-medical-i-pad-sp1-sp2-colson-def-nsii-copie\\\/#breadcrumb\",\"itemListElement\":[{\"@type\":\"ListItem\",\"position\":1,\"name\":\"Startseite\",\"item\":\"https:\\\/\\\/swixed.ch\\\/de\\\/home\\\/\"},{\"@type\":\"ListItem\",\"position\":2,\"name\":\"Shop\",\"item\":\"https:\\\/\\\/swixed.ch\\\/de\\\/shop\\\/\"},{\"@type\":\"ListItem\",\"position\":3,\"name\":\"Pedi Padz II P\u00e4diatrische Elektroden f\u00fcr den Zoll AED Plus \\\/ AED Pro\"}]},{\"@type\":\"WebSite\",\"@id\":\"https:\\\/\\\/swixed.ch\\\/de\\\/#website\",\"url\":\"https:\\\/\\\/swixed.ch\\\/de\\\/\",\"name\":\"Swixed SA\",\"description\":\"Elektronische Ger\u00e4te\",\"publisher\":{\"@id\":\"https:\\\/\\\/swixed.ch\\\/de\\\/#organization\"},\"potentialAction\":[{\"@type\":\"SearchAction\",\"target\":{\"@type\":\"EntryPoint\",\"urlTemplate\":\"https:\\\/\\\/swixed.ch\\\/de\\\/?s={search_term_string}\"},\"query-input\":{\"@type\":\"PropertyValueSpecification\",\"valueRequired\":true,\"valueName\":\"search_term_string\"}}],\"inLanguage\":\"de\"},{\"@type\":\"Organization\",\"@id\":\"https:\\\/\\\/swixed.ch\\\/de\\\/#organization\",\"name\":\"Swixed SA\",\"url\":\"https:\\\/\\\/swixed.ch\\\/de\\\/\",\"logo\":{\"@type\":\"ImageObject\",\"inLanguage\":\"de\",\"@id\":\"https:\\\/\\\/swixed.ch\\\/de\\\/#\\\/schema\\\/logo\\\/image\\\/\",\"url\":\"https:\\\/\\\/swixed.ch\\\/wp-content\\\/uploads\\\/logos\\\/swixed-logo-lite.png\",\"contentUrl\":\"https:\\\/\\\/swixed.ch\\\/wp-content\\\/uploads\\\/logos\\\/swixed-logo-lite.png\",\"width\":696,\"height\":696,\"caption\":\"Swixed SA\"},\"image\":{\"@id\":\"https:\\\/\\\/swixed.ch\\\/de\\\/#\\\/schema\\\/logo\\\/image\\\/\"},\"sameAs\":[\"https:\\\/\\\/www.facebook.com\\\/swixed\",\"https:\\\/\\\/www.linkedin.com\\\/company\\\/swixed\",\"https:\\\/\\\/www.youtube.com\\\/@swixedsa\"],\"description\":\"Swixed SA est une entreprise suisse bas\u00e9e \u00e0 Gen\u00e8ve, sp\u00e9cialis\u00e9e dans la vente, la location et la maintenance d\u2019appareils m\u00e9dicaux professionnels, tels que d\u00e9fibrillateurs AED, \u00e9lectrocardiographes, moniteurs patient et dispositifs de diagnostic.\",\"email\":\"infoshop@swixed.ch\",\"telephone\":\"+41 22 566 11 95\",\"legalName\":\"Swixed SA\",\"foundingDate\":\"2021-03-01\",\"numberOfEmployees\":{\"@type\":\"QuantitativeValue\",\"minValue\":\"1\",\"maxValue\":\"10\"}}]}<\/script>\n<!-- \/ Yoast SEO Premium plugin. -->","yoast_head_json":{"title":"Pedi Padz II Kinderelektroden f\u00fcr Zoll AED Plus | Swixed SA","description":"Pedi Padz II P\u00e4diatrie-Elektroden f\u00fcr Zoll AED Plus und AED Pro. Hydrogel, Zinnelement, Kabel 86 cm, p\u00e4diatrischer Algorithmus, Einmalgebrauch.","robots":{"index":"index","follow":"follow","max-snippet":"max-snippet:-1","max-image-preview":"max-image-preview:large","max-video-preview":"max-video-preview:-1"},"canonical":"https:\/\/swixed.ch\/de\/produkt\/padiatrische-elektroden-fur-den-cu-medical-i-pad-sp1-sp2-colson-def-nsii-copie\/","og_locale":"de_DE","og_type":"article","og_title":"Pedi Padz II P\u00e4diatrische Elektroden f\u00fcr den Zoll AED Plus \/ AED Pro","og_description":"Pedi Padz II P\u00e4diatrie-Elektroden f\u00fcr Zoll AED Plus und AED Pro. Hydrogel, Zinnelement, Kabel 86 cm, p\u00e4diatrischer Algorithmus, Einmalgebrauch.","og_url":"https:\/\/swixed.ch\/de\/produkt\/padiatrische-elektroden-fur-den-cu-medical-i-pad-sp1-sp2-colson-def-nsii-copie\/","og_site_name":"Swixed SA","article_publisher":"https:\/\/www.facebook.com\/swixed","article_modified_time":"2026-05-12T20:10:38+00:00","og_image":[{"width":600,"height":600,"url":"https:\/\/swixed.ch\/wp-content\/uploads\/2026\/05\/SED34017-01.png","type":"image\/png"}],"twitter_card":"summary_large_image","twitter_misc":{"Gesch\u00e4tzte Lesezeit":"3\u00a0Minuten"},"schema":{"@context":"https:\/\/schema.org","@graph":[{"@type":"WebPage","@id":"https:\/\/swixed.ch\/de\/produkt\/padiatrische-elektroden-fur-den-cu-medical-i-pad-sp1-sp2-colson-def-nsii-copie\/","url":"https:\/\/swixed.ch\/de\/produkt\/padiatrische-elektroden-fur-den-cu-medical-i-pad-sp1-sp2-colson-def-nsii-copie\/","name":"Pedi Padz II Kinderelektroden f\u00fcr Zoll AED Plus | Swixed SA","isPartOf":{"@id":"https:\/\/swixed.ch\/de\/#website"},"primaryImageOfPage":{"@id":"https:\/\/swixed.ch\/de\/produkt\/padiatrische-elektroden-fur-den-cu-medical-i-pad-sp1-sp2-colson-def-nsii-copie\/#primaryimage"},"image":{"@id":"https:\/\/swixed.ch\/de\/produkt\/padiatrische-elektroden-fur-den-cu-medical-i-pad-sp1-sp2-colson-def-nsii-copie\/#primaryimage"},"thumbnailUrl":"https:\/\/swixed.ch\/wp-content\/uploads\/2026\/05\/SED34017-01.png","datePublished":"2026-05-09T19:14:41+00:00","dateModified":"2026-05-12T20:10:38+00:00","description":"Pedi Padz II P\u00e4diatrie-Elektroden f\u00fcr Zoll AED Plus und AED Pro. Hydrogel, Zinnelement, Kabel 86 cm, p\u00e4diatrischer Algorithmus, Einmalgebrauch.","breadcrumb":{"@id":"https:\/\/swixed.ch\/de\/produkt\/padiatrische-elektroden-fur-den-cu-medical-i-pad-sp1-sp2-colson-def-nsii-copie\/#breadcrumb"},"inLanguage":"de","potentialAction":[{"@type":"ReadAction","target":["https:\/\/swixed.ch\/de\/produkt\/padiatrische-elektroden-fur-den-cu-medical-i-pad-sp1-sp2-colson-def-nsii-copie\/"]}]},{"@type":"ImageObject","inLanguage":"de","@id":"https:\/\/swixed.ch\/de\/produkt\/padiatrische-elektroden-fur-den-cu-medical-i-pad-sp1-sp2-colson-def-nsii-copie\/#primaryimage","url":"https:\/\/swixed.ch\/wp-content\/uploads\/2026\/05\/SED34017-01.png","contentUrl":"https:\/\/swixed.ch\/wp-content\/uploads\/2026\/05\/SED34017-01.png","width":600,"height":600,"caption":"SED34017"},{"@type":"BreadcrumbList","@id":"https:\/\/swixed.ch\/de\/produkt\/padiatrische-elektroden-fur-den-cu-medical-i-pad-sp1-sp2-colson-def-nsii-copie\/#breadcrumb","itemListElement":[{"@type":"ListItem","position":1,"name":"Startseite","item":"https:\/\/swixed.ch\/de\/home\/"},{"@type":"ListItem","position":2,"name":"Shop","item":"https:\/\/swixed.ch\/de\/shop\/"},{"@type":"ListItem","position":3,"name":"Pedi Padz II P\u00e4diatrische Elektroden f\u00fcr den Zoll AED Plus \/ AED Pro"}]},{"@type":"WebSite","@id":"https:\/\/swixed.ch\/de\/#website","url":"https:\/\/swixed.ch\/de\/","name":"Swixed SA","description":"Elektronische Ger\u00e4te","publisher":{"@id":"https:\/\/swixed.ch\/de\/#organization"},"potentialAction":[{"@type":"SearchAction","target":{"@type":"EntryPoint","urlTemplate":"https:\/\/swixed.ch\/de\/?s={search_term_string}"},"query-input":{"@type":"PropertyValueSpecification","valueRequired":true,"valueName":"search_term_string"}}],"inLanguage":"de"},{"@type":"Organization","@id":"https:\/\/swixed.ch\/de\/#organization","name":"Swixed SA","url":"https:\/\/swixed.ch\/de\/","logo":{"@type":"ImageObject","inLanguage":"de","@id":"https:\/\/swixed.ch\/de\/#\/schema\/logo\/image\/","url":"https:\/\/swixed.ch\/wp-content\/uploads\/logos\/swixed-logo-lite.png","contentUrl":"https:\/\/swixed.ch\/wp-content\/uploads\/logos\/swixed-logo-lite.png","width":696,"height":696,"caption":"Swixed SA"},"image":{"@id":"https:\/\/swixed.ch\/de\/#\/schema\/logo\/image\/"},"sameAs":["https:\/\/www.facebook.com\/swixed","https:\/\/www.linkedin.com\/company\/swixed","https:\/\/www.youtube.com\/@swixedsa"],"description":"Swixed SA est une entreprise suisse bas\u00e9e \u00e0 Gen\u00e8ve, sp\u00e9cialis\u00e9e dans la vente, la location et la maintenance d\u2019appareils m\u00e9dicaux professionnels, tels que d\u00e9fibrillateurs AED, \u00e9lectrocardiographes, moniteurs patient et dispositifs de diagnostic.","email":"infoshop@swixed.ch","telephone":"+41 22 566 11 95","legalName":"Swixed SA","foundingDate":"2021-03-01","numberOfEmployees":{"@type":"QuantitativeValue","minValue":"1","maxValue":"10"}}]}},"_links":{"self":[{"href":"https:\/\/swixed.ch\/de\/wp-json\/wp\/v2\/product\/65034","targetHints":{"allow":["GET"]}}],"collection":[{"href":"https:\/\/swixed.ch\/de\/wp-json\/wp\/v2\/product"}],"about":[{"href":"https:\/\/swixed.ch\/de\/wp-json\/wp\/v2\/types\/product"}],"version-history":[{"count":6,"href":"https:\/\/swixed.ch\/de\/wp-json\/wp\/v2\/product\/65034\/revisions"}],"predecessor-version":[{"id":65172,"href":"https:\/\/swixed.ch\/de\/wp-json\/wp\/v2\/product\/65034\/revisions\/65172"}],"wp:featuredmedia":[{"embeddable":true,"href":"https:\/\/swixed.ch\/de\/wp-json\/wp\/v2\/media\/65039"}],"wp:attachment":[{"href":"https:\/\/swixed.ch\/de\/wp-json\/wp\/v2\/media?parent=65034"}],"wp:term":[{"taxonomy":"product_brand","embeddable":true,"href":"https:\/\/swixed.ch\/de\/wp-json\/wp\/v2\/product_brand?post=65034"},{"taxonomy":"product_cat","embeddable":true,"href":"https:\/\/swixed.ch\/de\/wp-json\/wp\/v2\/product_cat?post=65034"},{"taxonomy":"product_tag","embeddable":true,"href":"https:\/\/swixed.ch\/de\/wp-json\/wp\/v2\/product_tag?post=65034"}],"curies":[{"name":"wp","href":"https:\/\/api.w.org\/{rel}","templated":true}]}}