{"id":32230,"date":"2021-05-09T08:07:57","date_gmt":"2021-05-09T06:07:57","guid":{"rendered":"https:\/\/swixed.com\/elenco-dei-preferiti\/"},"modified":"2021-05-09T08:07:57","modified_gmt":"2021-05-09T06:07:57","slug":"elenco-dei-preferiti","status":"publish","type":"page","link":"https:\/\/swixed.ch\/it\/elenco-dei-preferiti\/","title":{"rendered":"Elenco dei preferiti"},"content":{"rendered":"<div class=\"woosw-list\"><table class=\"woosw-items\" data-key=\"WOOSW\"><tr class=\"woosw-item woosw-item-14766\" data-id=\"14766\"><td class=\"woosw-item--image\"><a  href=\"https:\/\/swixed.ch\/produit\/sed20001\/?attribute_fonctions=NIBP+%2B+Sp02\" ><img decoding=\"async\" width=\"100\" height=\"100\" src=\"https:\/\/swixed.ch\/wp-content\/uploads\/products\/edan-im3-03-100x100.png\" class=\"attachment-woocommerce_thumbnail size-woocommerce_thumbnail\" alt=\"Moniteur de signes vitaux Edan IM3\" \/><\/a><\/td><td class=\"woosw-item--info\"><div class=\"woosw-item--name\"><a  href=\"https:\/\/swixed.ch\/produit\/sed20001\/?attribute_fonctions=NIBP+%2B+Sp02\" >Moniteur de signes vitaux Edan IM3 - NIBP + Sp02<\/a><\/div><div class=\"woosw-item--price\"><del aria-hidden=\"true\"><span class=\"woocommerce-Price-amount amount\"><span class=\"woocommerce-Price-currencySymbol\">&#067;&#072;&#070;<\/span>&nbsp;2,111.00<\/span><\/del> <span class=\"screen-reader-text\">Il prezzo originale era: &#067;&#072;&#070;&nbsp;2,111.00.<\/span><ins aria-hidden=\"true\"><span class=\"woocommerce-Price-amount amount\"><span class=\"woocommerce-Price-currencySymbol\">&#067;&#072;&#070;<\/span>&nbsp;1,849.00<\/span><\/ins><span class=\"screen-reader-text\">Il prezzo attuale \u00e8: &#067;&#072;&#070;&nbsp;1,849.00.<\/span> <small class=\"woocommerce-price-suffix\">IVA incl.<\/small><\/div><div class=\"woosw-item--time\">3 Agosto 2025<\/div><\/td><td class=\"woosw-item--actions\"><div class=\"woosw-item--stock\"><\/div><div class=\"woosw-item--atc\"><p class=\"product woocommerce add_to_cart_inline \" style=\"\"><a href=\"https:\/\/swixed.ch\/produit\/sed20001\/?attribute_fonctions=NIBP+%2B+Sp02&#038;variation_id=14766&#038;add-to-cart=3989\" aria-describedby=\"woocommerce_loop_add_to_cart_link_describedby_14766\" data-quantity=\"1\" class=\"button product_type_variation add_to_cart_button ajax_add_to_cart\" data-product_id=\"14766\" data-product_sku=\"SED20001-01\" aria-label=\"Aggiungi al carrello: &quot;Moniteur de signes vitaux Edan IM3 - NIBP + Sp02&quot;\" rel=\"nofollow\" data-success_message=\"&quot;Moniteur de signes vitaux Edan IM3 - NIBP + Sp02&quot; \u00e8 stato aggiunto al tuo carrello\" role=\"button\">Aggiungi al carrello<\/a>\t<span id=\"woocommerce_loop_add_to_cart_link_describedby_14766\" class=\"screen-reader-text\">\n\t\t\t<\/span>\n<\/p><\/div><\/td><\/tr><tr class=\"woosw-item woosw-item-3218\" data-id=\"3218\"><td class=\"woosw-item--image\"><a  href=\"https:\/\/swixed.ch\/produit\/sed17004\/\" ><img decoding=\"async\" width=\"100\" height=\"100\" src=\"https:\/\/swixed.ch\/wp-content\/uploads\/products\/skintact-t-vo01-01-100x100.png\" class=\"attachment-woocommerce_thumbnail size-woocommerce_thumbnail\" alt=\"skintact-t-vo01-01\" \/><\/a><\/td><td class=\"woosw-item--info\"><div class=\"woosw-item--name\"><a  href=\"https:\/\/swixed.ch\/produit\/sed17004\/\" >\u00c9lectrodes Skintact T-VO01<\/a><\/div><div class=\"woosw-item--price\">Da  <span class=\"woocommerce-Price-amount amount\"><span class=\"woocommerce-Price-currencySymbol\">&#067;&#072;&#070;<\/span>&nbsp;144.00<\/span> IVA incl.<\/div><div class=\"woosw-item--time\">22 Marzo 2022<\/div><\/td><td class=\"woosw-item--actions\"><div class=\"woosw-item--stock\"><\/div><div class=\"woosw-item--atc\"><p class=\"product woocommerce add_to_cart_inline \" style=\"\"><a href=\"https:\/\/swixed.ch\/produit\/sed17004\/\" aria-describedby=\"woocommerce_loop_add_to_cart_link_describedby_3218\" data-quantity=\"1\" class=\"button product_type_variable add_to_cart_button\" data-product_id=\"3218\" data-product_sku=\"SED17004\" aria-label=\"Seleziona le opzioni per &ldquo;\u00c9lectrodes Skintact T-VO01&rdquo;\" rel=\"nofollow\">Scegli<\/a>\t<span id=\"woocommerce_loop_add_to_cart_link_describedby_3218\" class=\"screen-reader-text\">\n\t\tQuesto prodotto ha pi\u00f9 varianti. Le opzioni possono essere scelte nella pagina del prodotto\t<\/span>\n<\/p><\/div><\/td><\/tr><\/table><div class=\"woosw-actions\"><div class=\"woosw-copy\"><span class=\"woosw-copy-label\">Collegamento alla lista dei desideri:<\/span><span class=\"woosw-copy-url\"><input id=\"woosw_copy_url\" type=\"url\" value=\"https:\/\/swixed.ch\/wishlist\/WOOSW\" readonly\/><\/span><span class=\"woosw-copy-btn\"><button id=\"woosw_copy_btn\" type=\"button\" class=\"button\">copia<\/button><\/span><\/div><!-- \/woosw-copy --><\/div><!-- \/woosw-actions --><\/div><!-- \/woosw-list -->\n","protected":false},"excerpt":{"rendered":"","protected":false},"author":1,"featured_media":0,"parent":0,"menu_order":0,"comment_status":"closed","ping_status":"closed","template":"","meta":{"_acf_changed":false,"footnotes":""},"class_list":["post-32230","page","type-page","status-publish","hentry"],"acf":[],"yoast_head":"<!-- This site is optimized with the Yoast SEO Premium plugin v27.4 (Yoast SEO v27.4) - https:\/\/yoast.com\/product\/yoast-seo-premium-wordpress\/ -->\n<title>Elenco dei preferiti | Swixed SA<\/title>\n<meta name=\"description\" content=\"Swixed offre une gamme compl\u00e8te de dispositifs m\u00e9dicaux et de fournitures m\u00e9dicales essentiels pour les professionnels de la sant\u00e9. Les services incluent \u00e9galement la maintenance et la r\u00e9paration pour garantir le bon fonctionnement des dispositifs.\" \/>\n<meta name=\"robots\" content=\"noindex, follow\" \/>\n<meta property=\"og:locale\" content=\"it_IT\" \/>\n<meta property=\"og:type\" content=\"article\" \/>\n<meta property=\"og:title\" content=\"Elenco dei preferiti\" \/>\n<meta property=\"og:description\" content=\"Swixed offre une gamme compl\u00e8te de dispositifs m\u00e9dicaux et de fournitures m\u00e9dicales essentiels pour les professionnels de la sant\u00e9. Les services incluent \u00e9galement la maintenance et la r\u00e9paration pour garantir le bon fonctionnement des dispositifs.\" \/>\n<meta property=\"og:url\" content=\"https:\/\/swixed.ch\/it\/elenco-dei-preferiti\/\" \/>\n<meta property=\"og:site_name\" content=\"Swixed SA\" \/>\n<meta property=\"article:publisher\" content=\"https:\/\/www.facebook.com\/swixed\" \/>\n<meta property=\"og:image\" content=\"https:\/\/swixed.ch\/wp-content\/uploads\/banners\/swixed-banner-std.png\" \/>\n\t<meta property=\"og:image:width\" content=\"1200\" \/>\n\t<meta property=\"og:image:height\" content=\"675\" \/>\n\t<meta property=\"og:image:type\" content=\"image\/png\" \/>\n<meta name=\"twitter:card\" content=\"summary_large_image\" \/>\n<script type=\"application\/ld+json\" class=\"yoast-schema-graph\">{\"@context\":\"https:\\\/\\\/schema.org\",\"@graph\":[{\"@type\":\"WebPage\",\"@id\":\"https:\\\/\\\/swixed.ch\\\/it\\\/elenco-dei-preferiti\\\/\",\"url\":\"https:\\\/\\\/swixed.ch\\\/it\\\/elenco-dei-preferiti\\\/\",\"name\":\"Elenco dei preferiti | Swixed SA\",\"isPartOf\":{\"@id\":\"https:\\\/\\\/swixed.ch\\\/it\\\/#website\"},\"datePublished\":\"2021-05-09T06:07:57+00:00\",\"description\":\"Swixed offre une gamme compl\u00e8te de dispositifs m\u00e9dicaux et de fournitures m\u00e9dicales essentiels pour les professionnels de la sant\u00e9. Les services incluent \u00e9galement la maintenance et la r\u00e9paration pour garantir le bon fonctionnement des dispositifs.\",\"breadcrumb\":{\"@id\":\"https:\\\/\\\/swixed.ch\\\/it\\\/elenco-dei-preferiti\\\/#breadcrumb\"},\"inLanguage\":\"it-IT\",\"potentialAction\":[{\"@type\":\"ReadAction\",\"target\":[\"https:\\\/\\\/swixed.ch\\\/it\\\/elenco-dei-preferiti\\\/\"]}]},{\"@type\":\"BreadcrumbList\",\"@id\":\"https:\\\/\\\/swixed.ch\\\/it\\\/elenco-dei-preferiti\\\/#breadcrumb\",\"itemListElement\":[{\"@type\":\"ListItem\",\"position\":1,\"name\":\"Home\",\"item\":\"https:\\\/\\\/swixed.ch\\\/it\\\/home\\\/\"},{\"@type\":\"ListItem\",\"position\":2,\"name\":\"Elenco dei preferiti\"}]},{\"@type\":\"WebSite\",\"@id\":\"https:\\\/\\\/swixed.ch\\\/it\\\/#website\",\"url\":\"https:\\\/\\\/swixed.ch\\\/it\\\/\",\"name\":\"Swixed SA\",\"description\":\"Dispositivi elettronici\",\"publisher\":{\"@id\":\"https:\\\/\\\/swixed.ch\\\/it\\\/#organization\"},\"potentialAction\":[{\"@type\":\"SearchAction\",\"target\":{\"@type\":\"EntryPoint\",\"urlTemplate\":\"https:\\\/\\\/swixed.ch\\\/it\\\/?s={search_term_string}\"},\"query-input\":{\"@type\":\"PropertyValueSpecification\",\"valueRequired\":true,\"valueName\":\"search_term_string\"}}],\"inLanguage\":\"it-IT\"},{\"@type\":\"Organization\",\"@id\":\"https:\\\/\\\/swixed.ch\\\/it\\\/#organization\",\"name\":\"Swixed SA\",\"url\":\"https:\\\/\\\/swixed.ch\\\/it\\\/\",\"logo\":{\"@type\":\"ImageObject\",\"inLanguage\":\"it-IT\",\"@id\":\"https:\\\/\\\/swixed.ch\\\/it\\\/#\\\/schema\\\/logo\\\/image\\\/\",\"url\":\"https:\\\/\\\/swixed.ch\\\/wp-content\\\/uploads\\\/logos\\\/swixed-logo-lite.png\",\"contentUrl\":\"https:\\\/\\\/swixed.ch\\\/wp-content\\\/uploads\\\/logos\\\/swixed-logo-lite.png\",\"width\":696,\"height\":696,\"caption\":\"Swixed SA\"},\"image\":{\"@id\":\"https:\\\/\\\/swixed.ch\\\/it\\\/#\\\/schema\\\/logo\\\/image\\\/\"},\"sameAs\":[\"https:\\\/\\\/www.facebook.com\\\/swixed\",\"https:\\\/\\\/www.linkedin.com\\\/company\\\/swixed\",\"https:\\\/\\\/www.youtube.com\\\/@swixedsa\"],\"description\":\"Swixed SA est une entreprise suisse bas\u00e9e \u00e0 Gen\u00e8ve, sp\u00e9cialis\u00e9e dans la vente, la location et la maintenance d\u2019appareils m\u00e9dicaux professionnels, tels que d\u00e9fibrillateurs AED, \u00e9lectrocardiographes, moniteurs patient et dispositifs de diagnostic.\",\"email\":\"infoshop@swixed.ch\",\"telephone\":\"+41 22 566 11 95\",\"legalName\":\"Swixed SA\",\"foundingDate\":\"2021-03-01\",\"numberOfEmployees\":{\"@type\":\"QuantitativeValue\",\"minValue\":\"1\",\"maxValue\":\"10\"}}]}<\/script>\n<!-- \/ Yoast SEO Premium plugin. -->","yoast_head_json":{"title":"Elenco dei preferiti | Swixed SA","description":"Swixed offre une gamme compl\u00e8te de dispositifs m\u00e9dicaux et de fournitures m\u00e9dicales essentiels pour les professionnels de la sant\u00e9. Les services incluent \u00e9galement la maintenance et la r\u00e9paration pour garantir le bon fonctionnement des dispositifs.","robots":{"index":"noindex","follow":"follow"},"og_locale":"it_IT","og_type":"article","og_title":"Elenco dei preferiti","og_description":"Swixed offre une gamme compl\u00e8te de dispositifs m\u00e9dicaux et de fournitures m\u00e9dicales essentiels pour les professionnels de la sant\u00e9. Les services incluent \u00e9galement la maintenance et la r\u00e9paration pour garantir le bon fonctionnement des dispositifs.","og_url":"https:\/\/swixed.ch\/it\/elenco-dei-preferiti\/","og_site_name":"Swixed SA","article_publisher":"https:\/\/www.facebook.com\/swixed","og_image":[{"width":1200,"height":675,"url":"https:\/\/swixed.ch\/wp-content\/uploads\/banners\/swixed-banner-std.png","type":"image\/png"}],"twitter_card":"summary_large_image","schema":{"@context":"https:\/\/schema.org","@graph":[{"@type":"WebPage","@id":"https:\/\/swixed.ch\/it\/elenco-dei-preferiti\/","url":"https:\/\/swixed.ch\/it\/elenco-dei-preferiti\/","name":"Elenco dei preferiti | Swixed SA","isPartOf":{"@id":"https:\/\/swixed.ch\/it\/#website"},"datePublished":"2021-05-09T06:07:57+00:00","description":"Swixed offre une gamme compl\u00e8te de dispositifs m\u00e9dicaux et de fournitures m\u00e9dicales essentiels pour les professionnels de la sant\u00e9. Les services incluent \u00e9galement la maintenance et la r\u00e9paration pour garantir le bon fonctionnement des dispositifs.","breadcrumb":{"@id":"https:\/\/swixed.ch\/it\/elenco-dei-preferiti\/#breadcrumb"},"inLanguage":"it-IT","potentialAction":[{"@type":"ReadAction","target":["https:\/\/swixed.ch\/it\/elenco-dei-preferiti\/"]}]},{"@type":"BreadcrumbList","@id":"https:\/\/swixed.ch\/it\/elenco-dei-preferiti\/#breadcrumb","itemListElement":[{"@type":"ListItem","position":1,"name":"Home","item":"https:\/\/swixed.ch\/it\/home\/"},{"@type":"ListItem","position":2,"name":"Elenco dei preferiti"}]},{"@type":"WebSite","@id":"https:\/\/swixed.ch\/it\/#website","url":"https:\/\/swixed.ch\/it\/","name":"Swixed SA","description":"Dispositivi elettronici","publisher":{"@id":"https:\/\/swixed.ch\/it\/#organization"},"potentialAction":[{"@type":"SearchAction","target":{"@type":"EntryPoint","urlTemplate":"https:\/\/swixed.ch\/it\/?s={search_term_string}"},"query-input":{"@type":"PropertyValueSpecification","valueRequired":true,"valueName":"search_term_string"}}],"inLanguage":"it-IT"},{"@type":"Organization","@id":"https:\/\/swixed.ch\/it\/#organization","name":"Swixed SA","url":"https:\/\/swixed.ch\/it\/","logo":{"@type":"ImageObject","inLanguage":"it-IT","@id":"https:\/\/swixed.ch\/it\/#\/schema\/logo\/image\/","url":"https:\/\/swixed.ch\/wp-content\/uploads\/logos\/swixed-logo-lite.png","contentUrl":"https:\/\/swixed.ch\/wp-content\/uploads\/logos\/swixed-logo-lite.png","width":696,"height":696,"caption":"Swixed SA"},"image":{"@id":"https:\/\/swixed.ch\/it\/#\/schema\/logo\/image\/"},"sameAs":["https:\/\/www.facebook.com\/swixed","https:\/\/www.linkedin.com\/company\/swixed","https:\/\/www.youtube.com\/@swixedsa"],"description":"Swixed SA est une entreprise suisse bas\u00e9e \u00e0 Gen\u00e8ve, sp\u00e9cialis\u00e9e dans la vente, la location et la maintenance d\u2019appareils m\u00e9dicaux professionnels, tels que d\u00e9fibrillateurs AED, \u00e9lectrocardiographes, moniteurs patient et dispositifs de diagnostic.","email":"infoshop@swixed.ch","telephone":"+41 22 566 11 95","legalName":"Swixed SA","foundingDate":"2021-03-01","numberOfEmployees":{"@type":"QuantitativeValue","minValue":"1","maxValue":"10"}}]}},"_links":{"self":[{"href":"https:\/\/swixed.ch\/it\/wp-json\/wp\/v2\/pages\/32230","targetHints":{"allow":["GET"]}}],"collection":[{"href":"https:\/\/swixed.ch\/it\/wp-json\/wp\/v2\/pages"}],"about":[{"href":"https:\/\/swixed.ch\/it\/wp-json\/wp\/v2\/types\/page"}],"author":[{"embeddable":true,"href":"https:\/\/swixed.ch\/it\/wp-json\/wp\/v2\/users\/1"}],"replies":[{"embeddable":true,"href":"https:\/\/swixed.ch\/it\/wp-json\/wp\/v2\/comments?post=32230"}],"version-history":[{"count":0,"href":"https:\/\/swixed.ch\/it\/wp-json\/wp\/v2\/pages\/32230\/revisions"}],"wp:attachment":[{"href":"https:\/\/swixed.ch\/it\/wp-json\/wp\/v2\/media?parent=32230"}],"curies":[{"name":"wp","href":"https:\/\/api.w.org\/{rel}","templated":true}]}}