{"id":33109,"date":"2021-04-21T22:32:21","date_gmt":"2021-04-21T20:32:21","guid":{"rendered":"https:\/\/swixed.com\/produit\/stetoscopio-littmann-classic-iii\/"},"modified":"2026-04-09T21:35:10","modified_gmt":"2026-04-09T20:35:10","slug":"sed67002","status":"publish","type":"product","link":"https:\/\/swixed.ch\/it\/prodotto\/sed67002\/","title":{"rendered":"Stetoscopio Littmann Classic III"},"content":{"rendered":"\t\t<div data-elementor-type=\"product-post\" data-elementor-id=\"33109\" class=\"elementor elementor-33109 elementor-2856\" data-elementor-post-type=\"product\">\n\t\t\t\t\t\t<section class=\"elementor-section elementor-top-section elementor-element elementor-element-ca45d20 elementor-section-full_width elementor-section-height-default elementor-section-height-default\" data-id=\"ca45d20\" data-element_type=\"section\" data-e-type=\"section\">\n\t\t\t\t\t\t<div class=\"elementor-container elementor-column-gap-default\">\n\t\t\t\t\t<div class=\"elementor-column elementor-col-100 elementor-top-column elementor-element elementor-element-6b55fd3\" data-id=\"6b55fd3\" data-element_type=\"column\" data-e-type=\"column\">\n\t\t\t<div class=\"elementor-widget-wrap elementor-element-populated\">\n\t\t\t\t\t\t<div class=\"elementor-element elementor-element-f67f92a elementor-widget elementor-widget-heading\" data-id=\"f67f92a\" data-element_type=\"widget\" data-e-type=\"widget\" data-widget_type=\"heading.default\">\n\t\t\t\t\t<h2 class=\"elementor-heading-title elementor-size-default\">Descrizione<\/h2>\t\t\t\t<\/div>\n\t\t\t\t<div class=\"elementor-element elementor-element-52a5bf3 elementor-widget elementor-widget-text-editor\" data-id=\"52a5bf3\" data-element_type=\"widget\" data-e-type=\"widget\" data-widget_type=\"text-editor.default\">\n\t\t\t\t\t\t\t\t\t<p>Scopri lo stetoscopio Littmann Classic III, uno strumento di alta qualit\u00e0 progettato per i professionisti della sanit\u00e0. Noto per la sua robustezza e affidabilit\u00e0, questo modello \u00e8 ideale per esami clinici precisi. La laringe regolabile pu\u00f2 essere adattata a ogni utente, garantendo un orientamento ottimale verso il condotto uditivo.  <\/p><p>Il Littmann Classic III \u00e8 dotato di una doppia campana in acciaio inossidabile che offre un lato a diaframma grande per gli adulti e un lato a diaframma piccolo per i bambini. Con pochi movimenti, lo stetoscopio pu\u00f2 essere trasformato in un imbuto aperto, rendendolo versatile per diverse applicazioni mediche. <\/p><p>Realizzato in materiale resistente, il tubo dello stetoscopio \u00e8 privo di lattice e ftalati, garantendo un utilizzo sicuro per i pazienti pi\u00f9 sensibili. I comodi padiglioni auricolari offrono un&#8217;eccellente tenuta acustica, consentendo un ascolto accurato dei suoni corporei. Con un peso di soli 150 g, il Littmann Classic III offre un comfort eccezionale per tutto il giorno.  <\/p>\t\t\t\t\t\t\t\t<\/div>\n\t\t\t\t<div class=\"elementor-element elementor-element-8ba7502 elementor-widget elementor-widget-heading\" data-id=\"8ba7502\" data-element_type=\"widget\" data-e-type=\"widget\" data-widget_type=\"heading.default\">\n\t\t\t\t\t<h2 class=\"elementor-heading-title elementor-size-default\">Contenuto<\/h2>\t\t\t\t<\/div>\n\t\t\t\t<div class=\"elementor-element elementor-element-ebd8d54 elementor-widget elementor-widget-text-editor\" data-id=\"ebd8d54\" data-element_type=\"widget\" data-e-type=\"widget\" data-widget_type=\"text-editor.default\">\n\t\t\t\t\t\t\t\t\t<ul><li>Stetoscopio Littmann Classic III<\/li><li>Manuale d&#8217;uso<\/li><\/ul><p><em><strong>Nota: <\/strong>questo stetoscopio \u00e8 un dispositivo medico destinato all&#8217;auscultazione dei suoni del corpo. Deve essere utilizzato da personale sanitario qualificato per garantire una diagnosi corretta. <\/em><\/p>\t\t\t\t\t\t\t\t<\/div>\n\t\t\t\t\t<\/div>\n\t\t<\/div>\n\t\t\t\t\t<\/div>\n\t\t<\/section>\n\t\t\t\t<\/div>\n\t\t","protected":false},"excerpt":{"rendered":"<p>Lo stetoscopio Littmann Classic III \u00e8 robusto e flessibile, dotato di pettorali regolabili per un comfort ottimale e di un doppio pettorale adatto ad adulti e bambini.<\/p>\n","protected":false},"featured_media":62501,"template":"","meta":{"_acf_changed":false},"product_brand":[2159],"product_cat":[948],"product_tag":[3760,4123,4589,5427,4597,5419,5420,4586,5425,5422,5428,5421,5423,5424,5426],"class_list":{"0":"post-33109","1":"product","2":"type-product","3":"status-publish","4":"has-post-thumbnail","6":"product_brand-littmann-it","7":"product_cat-stetoscopi","8":"product_tag-attrezzature-mediche","9":"product_tag-attrezzature-mediche-it","10":"product_tag-auscultazione","11":"product_tag-auscultazione-dei-suoni-del-corpo","12":"product_tag-dispositivo-medico-it","13":"product_tag-littmann-it","14":"product_tag-littmann-classic-iii-it","15":"product_tag-stetoscopio","16":"product_tag-stetoscopio-a-doppia-campana-it","17":"product_tag-stetoscopio-da-medico","18":"product_tag-stetoscopio-ergonomico","19":"product_tag-stetoscopio-medico","20":"product_tag-stetoscopio-pediatrico","21":"product_tag-stetoscopio-per-adulti","22":"product_tag-stetoscopio-regolabile","24":"first","25":"instock","26":"sale","27":"taxable","28":"shipping-taxable","29":"purchasable","30":"product-type-simple"},"acf":[],"yoast_head":"<!-- This site is optimized with the Yoast SEO Premium plugin v27.4 (Yoast SEO v27.4) - https:\/\/yoast.com\/product\/yoast-seo-premium-wordpress\/ -->\n<title>Stetoscopio Littmann Classic III | Swixed SA<\/title>\n<meta name=\"description\" content=\"Scopri lo stetoscopio Littmann Classic III, robusto e flessibile, ideale per l&#039;auscultazione accurata di pazienti adulti e pediatrici.\" \/>\n<meta name=\"robots\" content=\"index, follow, max-snippet:-1, max-image-preview:large, max-video-preview:-1\" \/>\n<link rel=\"canonical\" href=\"https:\/\/swixed.ch\/it\/prodotto\/sed67002\/\" \/>\n<meta property=\"og:locale\" content=\"it_IT\" \/>\n<meta property=\"og:type\" content=\"article\" \/>\n<meta property=\"og:title\" content=\"Stetoscopio Littmann Classic III\" \/>\n<meta property=\"og:description\" content=\"Scopri lo stetoscopio Littmann Classic III, robusto e flessibile, ideale per l&#039;auscultazione accurata di pazienti adulti e pediatrici.\" \/>\n<meta property=\"og:url\" content=\"https:\/\/swixed.ch\/it\/prodotto\/sed67002\/\" \/>\n<meta property=\"og:site_name\" content=\"Swixed SA\" \/>\n<meta property=\"article:publisher\" content=\"https:\/\/www.facebook.com\/swixed\" \/>\n<meta property=\"article:modified_time\" content=\"2026-04-09T20:35:10+00:00\" \/>\n<meta property=\"og:image\" content=\"https:\/\/swixed.ch\/wp-content\/uploads\/products\/littmann-classic-iii-01.png\" \/>\n\t<meta property=\"og:image:width\" content=\"600\" \/>\n\t<meta property=\"og:image:height\" content=\"600\" \/>\n\t<meta property=\"og:image:type\" content=\"image\/png\" \/>\n<meta name=\"twitter:card\" content=\"summary_large_image\" \/>\n<meta name=\"twitter:label1\" content=\"Tempo di lettura stimato\" \/>\n\t<meta name=\"twitter:data1\" content=\"1 minuto\" \/>\n<script type=\"application\/ld+json\" class=\"yoast-schema-graph\">{\"@context\":\"https:\\\/\\\/schema.org\",\"@graph\":[{\"@type\":\"WebPage\",\"@id\":\"https:\\\/\\\/swixed.ch\\\/it\\\/prodotto\\\/sed67002\\\/\",\"url\":\"https:\\\/\\\/swixed.ch\\\/it\\\/prodotto\\\/sed67002\\\/\",\"name\":\"Stetoscopio Littmann Classic III | Swixed SA\",\"isPartOf\":{\"@id\":\"https:\\\/\\\/swixed.ch\\\/it\\\/#website\"},\"primaryImageOfPage\":{\"@id\":\"https:\\\/\\\/swixed.ch\\\/it\\\/prodotto\\\/sed67002\\\/#primaryimage\"},\"image\":{\"@id\":\"https:\\\/\\\/swixed.ch\\\/it\\\/prodotto\\\/sed67002\\\/#primaryimage\"},\"thumbnailUrl\":\"https:\\\/\\\/swixed.ch\\\/wp-content\\\/uploads\\\/products\\\/littmann-classic-iii-01.png\",\"datePublished\":\"2021-04-21T20:32:21+00:00\",\"dateModified\":\"2026-04-09T20:35:10+00:00\",\"description\":\"Scopri lo stetoscopio Littmann Classic III, robusto e flessibile, ideale per l'auscultazione accurata di pazienti adulti e pediatrici.\",\"breadcrumb\":{\"@id\":\"https:\\\/\\\/swixed.ch\\\/it\\\/prodotto\\\/sed67002\\\/#breadcrumb\"},\"inLanguage\":\"it-IT\",\"potentialAction\":[{\"@type\":\"ReadAction\",\"target\":[\"https:\\\/\\\/swixed.ch\\\/it\\\/prodotto\\\/sed67002\\\/\"]}]},{\"@type\":\"ImageObject\",\"inLanguage\":\"it-IT\",\"@id\":\"https:\\\/\\\/swixed.ch\\\/it\\\/prodotto\\\/sed67002\\\/#primaryimage\",\"url\":\"https:\\\/\\\/swixed.ch\\\/wp-content\\\/uploads\\\/products\\\/littmann-classic-iii-01.png\",\"contentUrl\":\"https:\\\/\\\/swixed.ch\\\/wp-content\\\/uploads\\\/products\\\/littmann-classic-iii-01.png\",\"width\":600,\"height\":600,\"caption\":\"littmann-classic-iii-01\"},{\"@type\":\"BreadcrumbList\",\"@id\":\"https:\\\/\\\/swixed.ch\\\/it\\\/prodotto\\\/sed67002\\\/#breadcrumb\",\"itemListElement\":[{\"@type\":\"ListItem\",\"position\":1,\"name\":\"Home\",\"item\":\"https:\\\/\\\/swixed.ch\\\/it\\\/home\\\/\"},{\"@type\":\"ListItem\",\"position\":2,\"name\":\"Negozio\",\"item\":\"https:\\\/\\\/swixed.ch\\\/it\\\/shop\\\/\"},{\"@type\":\"ListItem\",\"position\":3,\"name\":\"Stetoscopio Littmann Classic III\"}]},{\"@type\":\"WebSite\",\"@id\":\"https:\\\/\\\/swixed.ch\\\/it\\\/#website\",\"url\":\"https:\\\/\\\/swixed.ch\\\/it\\\/\",\"name\":\"Swixed SA\",\"description\":\"Dispositivi elettronici\",\"publisher\":{\"@id\":\"https:\\\/\\\/swixed.ch\\\/it\\\/#organization\"},\"potentialAction\":[{\"@type\":\"SearchAction\",\"target\":{\"@type\":\"EntryPoint\",\"urlTemplate\":\"https:\\\/\\\/swixed.ch\\\/it\\\/?s={search_term_string}\"},\"query-input\":{\"@type\":\"PropertyValueSpecification\",\"valueRequired\":true,\"valueName\":\"search_term_string\"}}],\"inLanguage\":\"it-IT\"},{\"@type\":\"Organization\",\"@id\":\"https:\\\/\\\/swixed.ch\\\/it\\\/#organization\",\"name\":\"Swixed SA\",\"url\":\"https:\\\/\\\/swixed.ch\\\/it\\\/\",\"logo\":{\"@type\":\"ImageObject\",\"inLanguage\":\"it-IT\",\"@id\":\"https:\\\/\\\/swixed.ch\\\/it\\\/#\\\/schema\\\/logo\\\/image\\\/\",\"url\":\"https:\\\/\\\/swixed.ch\\\/wp-content\\\/uploads\\\/logos\\\/swixed-logo-lite.png\",\"contentUrl\":\"https:\\\/\\\/swixed.ch\\\/wp-content\\\/uploads\\\/logos\\\/swixed-logo-lite.png\",\"width\":696,\"height\":696,\"caption\":\"Swixed SA\"},\"image\":{\"@id\":\"https:\\\/\\\/swixed.ch\\\/it\\\/#\\\/schema\\\/logo\\\/image\\\/\"},\"sameAs\":[\"https:\\\/\\\/www.facebook.com\\\/swixed\",\"https:\\\/\\\/www.linkedin.com\\\/company\\\/swixed\",\"https:\\\/\\\/www.youtube.com\\\/@swixedsa\"],\"description\":\"Swixed SA est une entreprise suisse bas\u00e9e \u00e0 Gen\u00e8ve, sp\u00e9cialis\u00e9e dans la vente, la location et la maintenance d\u2019appareils m\u00e9dicaux professionnels, tels que d\u00e9fibrillateurs AED, \u00e9lectrocardiographes, moniteurs patient et dispositifs de diagnostic.\",\"email\":\"infoshop@swixed.ch\",\"telephone\":\"+41 22 566 11 95\",\"legalName\":\"Swixed SA\",\"foundingDate\":\"2021-03-01\",\"numberOfEmployees\":{\"@type\":\"QuantitativeValue\",\"minValue\":\"1\",\"maxValue\":\"10\"}}]}<\/script>\n<!-- \/ Yoast SEO Premium plugin. -->","yoast_head_json":{"title":"Stetoscopio Littmann Classic III | Swixed SA","description":"Scopri lo stetoscopio Littmann Classic III, robusto e flessibile, ideale per l'auscultazione accurata di pazienti adulti e pediatrici.","robots":{"index":"index","follow":"follow","max-snippet":"max-snippet:-1","max-image-preview":"max-image-preview:large","max-video-preview":"max-video-preview:-1"},"canonical":"https:\/\/swixed.ch\/it\/prodotto\/sed67002\/","og_locale":"it_IT","og_type":"article","og_title":"Stetoscopio Littmann Classic III","og_description":"Scopri lo stetoscopio Littmann Classic III, robusto e flessibile, ideale per l'auscultazione accurata di pazienti adulti e pediatrici.","og_url":"https:\/\/swixed.ch\/it\/prodotto\/sed67002\/","og_site_name":"Swixed SA","article_publisher":"https:\/\/www.facebook.com\/swixed","article_modified_time":"2026-04-09T20:35:10+00:00","og_image":[{"width":600,"height":600,"url":"https:\/\/swixed.ch\/wp-content\/uploads\/products\/littmann-classic-iii-01.png","type":"image\/png"}],"twitter_card":"summary_large_image","twitter_misc":{"Tempo di lettura stimato":"1 minuto"},"schema":{"@context":"https:\/\/schema.org","@graph":[{"@type":"WebPage","@id":"https:\/\/swixed.ch\/it\/prodotto\/sed67002\/","url":"https:\/\/swixed.ch\/it\/prodotto\/sed67002\/","name":"Stetoscopio Littmann Classic III | Swixed SA","isPartOf":{"@id":"https:\/\/swixed.ch\/it\/#website"},"primaryImageOfPage":{"@id":"https:\/\/swixed.ch\/it\/prodotto\/sed67002\/#primaryimage"},"image":{"@id":"https:\/\/swixed.ch\/it\/prodotto\/sed67002\/#primaryimage"},"thumbnailUrl":"https:\/\/swixed.ch\/wp-content\/uploads\/products\/littmann-classic-iii-01.png","datePublished":"2021-04-21T20:32:21+00:00","dateModified":"2026-04-09T20:35:10+00:00","description":"Scopri lo stetoscopio Littmann Classic III, robusto e flessibile, ideale per l'auscultazione accurata di pazienti adulti e pediatrici.","breadcrumb":{"@id":"https:\/\/swixed.ch\/it\/prodotto\/sed67002\/#breadcrumb"},"inLanguage":"it-IT","potentialAction":[{"@type":"ReadAction","target":["https:\/\/swixed.ch\/it\/prodotto\/sed67002\/"]}]},{"@type":"ImageObject","inLanguage":"it-IT","@id":"https:\/\/swixed.ch\/it\/prodotto\/sed67002\/#primaryimage","url":"https:\/\/swixed.ch\/wp-content\/uploads\/products\/littmann-classic-iii-01.png","contentUrl":"https:\/\/swixed.ch\/wp-content\/uploads\/products\/littmann-classic-iii-01.png","width":600,"height":600,"caption":"littmann-classic-iii-01"},{"@type":"BreadcrumbList","@id":"https:\/\/swixed.ch\/it\/prodotto\/sed67002\/#breadcrumb","itemListElement":[{"@type":"ListItem","position":1,"name":"Home","item":"https:\/\/swixed.ch\/it\/home\/"},{"@type":"ListItem","position":2,"name":"Negozio","item":"https:\/\/swixed.ch\/it\/shop\/"},{"@type":"ListItem","position":3,"name":"Stetoscopio Littmann Classic III"}]},{"@type":"WebSite","@id":"https:\/\/swixed.ch\/it\/#website","url":"https:\/\/swixed.ch\/it\/","name":"Swixed SA","description":"Dispositivi elettronici","publisher":{"@id":"https:\/\/swixed.ch\/it\/#organization"},"potentialAction":[{"@type":"SearchAction","target":{"@type":"EntryPoint","urlTemplate":"https:\/\/swixed.ch\/it\/?s={search_term_string}"},"query-input":{"@type":"PropertyValueSpecification","valueRequired":true,"valueName":"search_term_string"}}],"inLanguage":"it-IT"},{"@type":"Organization","@id":"https:\/\/swixed.ch\/it\/#organization","name":"Swixed SA","url":"https:\/\/swixed.ch\/it\/","logo":{"@type":"ImageObject","inLanguage":"it-IT","@id":"https:\/\/swixed.ch\/it\/#\/schema\/logo\/image\/","url":"https:\/\/swixed.ch\/wp-content\/uploads\/logos\/swixed-logo-lite.png","contentUrl":"https:\/\/swixed.ch\/wp-content\/uploads\/logos\/swixed-logo-lite.png","width":696,"height":696,"caption":"Swixed SA"},"image":{"@id":"https:\/\/swixed.ch\/it\/#\/schema\/logo\/image\/"},"sameAs":["https:\/\/www.facebook.com\/swixed","https:\/\/www.linkedin.com\/company\/swixed","https:\/\/www.youtube.com\/@swixedsa"],"description":"Swixed SA est une entreprise suisse bas\u00e9e \u00e0 Gen\u00e8ve, sp\u00e9cialis\u00e9e dans la vente, la location et la maintenance d\u2019appareils m\u00e9dicaux professionnels, tels que d\u00e9fibrillateurs AED, \u00e9lectrocardiographes, moniteurs patient et dispositifs de diagnostic.","email":"infoshop@swixed.ch","telephone":"+41 22 566 11 95","legalName":"Swixed SA","foundingDate":"2021-03-01","numberOfEmployees":{"@type":"QuantitativeValue","minValue":"1","maxValue":"10"}}]}},"_links":{"self":[{"href":"https:\/\/swixed.ch\/it\/wp-json\/wp\/v2\/product\/33109","targetHints":{"allow":["GET"]}}],"collection":[{"href":"https:\/\/swixed.ch\/it\/wp-json\/wp\/v2\/product"}],"about":[{"href":"https:\/\/swixed.ch\/it\/wp-json\/wp\/v2\/types\/product"}],"version-history":[{"count":0,"href":"https:\/\/swixed.ch\/it\/wp-json\/wp\/v2\/product\/33109\/revisions"}],"wp:featuredmedia":[{"embeddable":true,"href":"https:\/\/swixed.ch\/it\/wp-json\/wp\/v2\/media\/62501"}],"wp:attachment":[{"href":"https:\/\/swixed.ch\/it\/wp-json\/wp\/v2\/media?parent=33109"}],"wp:term":[{"taxonomy":"product_brand","embeddable":true,"href":"https:\/\/swixed.ch\/it\/wp-json\/wp\/v2\/product_brand?post=33109"},{"taxonomy":"product_cat","embeddable":true,"href":"https:\/\/swixed.ch\/it\/wp-json\/wp\/v2\/product_cat?post=33109"},{"taxonomy":"product_tag","embeddable":true,"href":"https:\/\/swixed.ch\/it\/wp-json\/wp\/v2\/product_tag?post=33109"}],"curies":[{"name":"wp","href":"https:\/\/api.w.org\/{rel}","templated":true}]}}