{"id":33150,"date":"2021-04-23T08:44:14","date_gmt":"2021-04-23T06:44:14","guid":{"rendered":"https:\/\/swixed.com\/produit\/ecg-a-riposo-edan-se-3\/"},"modified":"2026-03-25T19:23:57","modified_gmt":"2026-03-25T18:23:57","slug":"sed10005","status":"publish","type":"product","link":"https:\/\/swixed.ch\/it\/prodotto\/sed10005\/","title":{"rendered":"Elettrocardiografo per ECG a riposo Edan SE-3"},"content":{"rendered":"\t\t<div data-elementor-type=\"product-post\" data-elementor-id=\"33150\" class=\"elementor elementor-33150 elementor-2968\" data-elementor-post-type=\"product\">\n\t\t\t\t<div class=\"elementor-element elementor-element-ea9d438 e-con-full e-flex e-con e-parent\" data-id=\"ea9d438\" data-element_type=\"container\" data-e-type=\"container\">\n\t\t<div class=\"elementor-element elementor-element-305081e e-con-full e-flex e-con e-child\" data-id=\"305081e\" data-element_type=\"container\" data-e-type=\"container\">\n\t\t\t\t<div class=\"elementor-element elementor-element-fed3fce elementor-widget elementor-widget-heading\" data-id=\"fed3fce\" data-element_type=\"widget\" data-e-type=\"widget\" data-widget_type=\"heading.default\">\n\t\t\t\t\t<h2 class=\"elementor-heading-title elementor-size-default\">Caratteristiche principali<\/h2>\t\t\t\t<\/div>\n\t\t\t\t<div class=\"elementor-element elementor-element-dd11ed8 elementor-widget elementor-widget-text-editor\" data-id=\"dd11ed8\" data-element_type=\"widget\" data-e-type=\"widget\" data-widget_type=\"text-editor.default\">\n\t\t\t\t\t\t\t\t\t<p>L&#8217;elettrocardiografo Edan SE-3 funziona come un ECG a riposo a 3 canali per la registrazione rapida di tracciati elettrocardiografici standard. Grazie alle sue dimensioni compatte, occupa pochissimo spazio nella postazione di lavoro. In secondo luogo, il suo schermo LCD ribaltabile migliora la leggibilit\u00e0 durante l&#8217;acquisizione.<br>Il dispositivo incorpora anche una stampante termica per la stampa immediata di referti ECG cartacei. Infine, l&#8217;autonomia della batteria garantisce una continuit\u00e0 di utilizzo senza dipendere in modo permanente dalla rete elettrica.   <\/p><p>Specifiche tecniche principali:<\/p><ul><li>ECG a riposo a 3 canali<\/li><li>Schermo LCD inclinabile per una leggibilit\u00e0 ottimale<\/li><li>Stampante termica integrata<\/li><li>Memoria interna per un massimo di 500 ECG<\/li><li>Interfacce USB, Ethernet e RS232<\/li><li>Funzione pacemaker e schermo a colori opzionali<\/li><\/ul>\t\t\t\t\t\t\t\t<\/div>\n\t\t\t\t<div class=\"elementor-element elementor-element-5b11f3a elementor-widget elementor-widget-heading\" data-id=\"5b11f3a\" data-element_type=\"widget\" data-e-type=\"widget\" data-widget_type=\"heading.default\">\n\t\t\t\t\t<h2 class=\"elementor-heading-title elementor-size-default\">Funzionamento e design tecnico<\/h2>\t\t\t\t<\/div>\n\t\t\t\t<div class=\"elementor-element elementor-element-be898a3 elementor-widget elementor-widget-text-editor\" data-id=\"be898a3\" data-element_type=\"widget\" data-e-type=\"widget\" data-widget_type=\"text-editor.default\">\n\t\t\t\t\t\t\t\t\t<p>L&#8217;Edan SE-3 consente di registrare l&#8217;ECG sia in modalit\u00e0 automatica che manuale, rendendolo facile da adattare ai protocolli interni. Inoltre, gli esami possono essere esportati in formato PDF tramite chiavetta USB per migliorare la gestione dei documenti.<br>Questo significa che i dati possono essere archiviati, consultati o trasferiti a sistemi informatici compatibili. Inoltre, \u00e8 possibile collegare una stampante esterna via USB per ampliare la gamma di opzioni di output.<br>Inoltre, la capacit\u00e0 di archiviazione interna aiuta a proteggere i dati senza dipendere immediatamente da una postazione informatica esterna.  <\/p>\t\t\t\t\t\t\t\t<\/div>\n\t\t\t\t<div class=\"elementor-element elementor-element-38641cb elementor-widget elementor-widget-heading\" data-id=\"38641cb\" data-element_type=\"widget\" data-e-type=\"widget\" data-widget_type=\"heading.default\">\n\t\t\t\t\t<h2 class=\"elementor-heading-title elementor-size-default\">Utilizzo, conformit\u00e0 e raccomandazioni<\/h2>\t\t\t\t<\/div>\n\t\t\t\t<div class=\"elementor-element elementor-element-28a83ca elementor-widget elementor-widget-text-editor\" data-id=\"28a83ca\" data-element_type=\"widget\" data-e-type=\"widget\" data-widget_type=\"text-editor.default\">\n\t\t\t\t\t\t\t\t\t<p>L&#8217;elettrocardiografo Edan SE-3 rientra nell&#8217;ambito dei dispositivi medici diagnostici funzionali, in conformit\u00e0 con il quadro normativo svizzero in vigore. In quanto tale, il suo funzionamento \u00e8 soggetto ai requisiti applicabili ai dispositivi medici immessi sul mercato svizzero.<br>Il monitoraggio, la manutenzione e l&#8217;utilizzo devono quindi essere conformi alle prescrizioni stabilite dalle autorit\u00e0 competenti, in particolare dall&#8217;Ufficio Federale della Sanit\u00e0 Pubblica e da Swissmedic.<br>Il quadro normativo si basa anche sull&#8217;Ordinanza sui Dispositivi Medici (ODim \/ MedDO), che \u00e8 allineata alle normative europee applicabili. Di conseguenza, le ispezioni tecniche periodiche contribuiscono a mantenere la conformit\u00e0 operativa delle apparecchiature.  <br>\t\t<div data-elementor-type=\"widget\" data-elementor-id=\"59086\" class=\"elementor elementor-59086 elementor-59083 elementor-59083\" data-elementor-post-type=\"elementor_library\">\n\t\t\t\t\t\t<div class=\"elementor-element elementor-element-59083 elementor-widget elementor-widget-text-editor\" data-id=\"59083\" data-element_type=\"widget\" data-e-type=\"widget\" data-widget_type=\"text-editor.default\">\n\t\t\t\t\t\t\t\t\t<p>Per maggiori informazioni, consulta :<\/p><ul><li><a href=\"https:\/\/www.swissmedic.ch\" target=\"_blank\" rel=\"noopener\">Swissmedic<\/a><\/li><li><a href=\"https:\/\/www.bag.admin.ch\" target=\"_blank\" rel=\"noopener\">Ufficio federale della sanit\u00e0 pubblica (UFSP)<\/a><\/li><li><a href=\"https:\/\/www.switec.info\" target=\"_blank\" rel=\"noopener\">Centro d&#8217;informazione svizzero per le norme tecniche (Switec)<\/a><\/li><li><a href=\"https:\/\/www.fedlex.admin.ch\/eli\/cc\/2020\/552\/\" target=\"_blank\" rel=\"noopener\">Ordinanza sui dispositivi medici (ODim o MedDO)<\/a><\/li><\/ul><p><br>I nostri dispositivi medici hanno un rappresentante autorizzato in Svizzera (CH-REP), in conformit\u00e0 con l&#8217;attuale legislazione svizzera sui dispositivi medici.<\/p>\t\t\t\t\t\t\t\t<\/div>\n\t\t\t\t<\/div>\n\t\t<br>Clicca qui per prenotare la <a href=\"https:\/\/swixed.ch\/it\/prodotto\/sed94001\/\">manutenzione periodica<\/a>.<\/p>\t\t\t\t\t\t\t\t<\/div>\n\t\t\t\t<div class=\"elementor-element elementor-element-6e9d158 elementor-widget elementor-widget-heading\" data-id=\"6e9d158\" data-element_type=\"widget\" data-e-type=\"widget\" data-widget_type=\"heading.default\">\n\t\t\t\t\t<h2 class=\"elementor-heading-title elementor-size-default\">Contenuto<\/h2>\t\t\t\t<\/div>\n\t\t\t\t<div class=\"elementor-element elementor-element-4af53c1 elementor-widget elementor-widget-text-editor\" data-id=\"4af53c1\" data-element_type=\"widget\" data-e-type=\"widget\" data-widget_type=\"text-editor.default\">\n\t\t\t\t\t\t\t\t\t<p>Il contenuto standard fornito con l&#8217;elettrocardiografo Edan SE-3 comprende tutti gli accessori necessari per un utilizzo immediato. Ogni articolo contribuisce a garantire un utilizzo conforme alle specifiche del produttore. <\/p><p>Elementi inclusi:<\/p><ul><li>1 cavo paziente a 10 fili con connettori a banana<\/li><li>6 elettrodi precordiali<\/li><li>4 pinze per arti con elettrodi integrati<\/li><li>1 rotolo di carta per ECG<\/li><li>1 manuale d&#8217;uso<\/li><\/ul>\t\t\t\t\t\t\t\t<\/div>\n\t\t\t\t<\/div>\n\t\t\t\t<\/div>\n\t\t\t\t<\/div>\n\t\t","protected":false},"excerpt":{"rendered":"<p>L&#8217;Edan SE-3 \u00e8 un elettrocardiografo compatto a 3 canali per l&#8217;acquisizione e la visualizzazione di segnali ECG a riposo in ambienti professionali. \u00c8 dotato di uno schermo LCD ribaltabile e di modalit\u00e0 di registrazione configurabili. L&#8217;unit\u00e0 \u00e8 alimentata a batteria per un uso portatile ed \u00e8 compatibile con la gamma di accessori ECG di Edan. Certificata CE, \u00e8 destinata all&#8217;integrazione tecnica non personalizzata.   <\/p>\n","protected":false},"featured_media":60896,"template":"","meta":{"_acf_changed":false},"product_brand":[2082],"product_cat":[975,966],"product_tag":[7709,7704,2364,7784,7711,7713,6044,7739,7714,7741],"class_list":{"0":"post-33150","1":"product","2":"type-product","3":"status-publish","4":"has-post-thumbnail","6":"product_brand-edan-it","7":"product_cat-ecg-da-riposo","8":"product_cat-elettrocardiografi","9":"product_tag-acquisizione-dellecg","10":"product_tag-ecg-12d","11":"product_tag-ecg-a-riposo","12":"product_tag-ecg-compatto","13":"product_tag-ecg-con-cavo","14":"product_tag-ecg-diagnostico","15":"product_tag-ecg-portatile","16":"product_tag-ecg-stand-alone","17":"product_tag-esame-ecg","18":"product_tag-stampante-ecg","20":"first","21":"instock","22":"taxable","23":"shipping-taxable","24":"purchasable","25":"product-type-variable","26":"has-default-attributes"},"acf":[],"yoast_head":"<!-- This site is optimized with the Yoast SEO Premium plugin v27.4 (Yoast SEO v27.4) - https:\/\/yoast.com\/product\/yoast-seo-premium-wordpress\/ -->\n<title>Elettrocardiografo compatto per ECG a riposo Edan SE-3 | Swixed SA<\/title>\n<meta name=\"description\" content=\"L&#039;elettrocardiografo Edan SE-3 offre una registrazione dell&#039;ECG a riposo con display LCD, stampa integrata e archiviazione interna sicura.\" \/>\n<meta name=\"robots\" content=\"index, follow, max-snippet:-1, max-image-preview:large, max-video-preview:-1\" \/>\n<link rel=\"canonical\" href=\"https:\/\/swixed.ch\/it\/prodotto\/sed10005\/\" \/>\n<meta property=\"og:locale\" content=\"it_IT\" \/>\n<meta property=\"og:type\" content=\"article\" \/>\n<meta property=\"og:title\" content=\"Elettrocardiografo per ECG a riposo Edan SE-3\" \/>\n<meta property=\"og:description\" content=\"L&#039;elettrocardiografo Edan SE-3 offre una registrazione dell&#039;ECG a riposo con display LCD, stampa integrata e archiviazione interna sicura.\" \/>\n<meta property=\"og:url\" content=\"https:\/\/swixed.ch\/it\/prodotto\/sed10005\/\" \/>\n<meta property=\"og:site_name\" content=\"Swixed SA\" \/>\n<meta property=\"article:publisher\" content=\"https:\/\/www.facebook.com\/swixed\" \/>\n<meta property=\"article:modified_time\" content=\"2026-03-25T18:23:57+00:00\" \/>\n<meta property=\"og:image\" content=\"https:\/\/swixed.ch\/wp-content\/uploads\/2026\/01\/SED10005-01.png\" \/>\n\t<meta property=\"og:image:width\" content=\"600\" \/>\n\t<meta property=\"og:image:height\" content=\"600\" \/>\n\t<meta property=\"og:image:type\" content=\"image\/png\" \/>\n<meta name=\"twitter:card\" content=\"summary_large_image\" \/>\n<meta name=\"twitter:label1\" content=\"Tempo di lettura stimato\" \/>\n\t<meta name=\"twitter:data1\" content=\"2 minuti\" \/>\n<script type=\"application\/ld+json\" class=\"yoast-schema-graph\">{\"@context\":\"https:\\\/\\\/schema.org\",\"@graph\":[{\"@type\":\"WebPage\",\"@id\":\"https:\\\/\\\/swixed.ch\\\/it\\\/prodotto\\\/sed10005\\\/\",\"url\":\"https:\\\/\\\/swixed.ch\\\/it\\\/prodotto\\\/sed10005\\\/\",\"name\":\"Elettrocardiografo compatto per ECG a riposo Edan SE-3 | Swixed SA\",\"isPartOf\":{\"@id\":\"https:\\\/\\\/swixed.ch\\\/it\\\/#website\"},\"primaryImageOfPage\":{\"@id\":\"https:\\\/\\\/swixed.ch\\\/it\\\/prodotto\\\/sed10005\\\/#primaryimage\"},\"image\":{\"@id\":\"https:\\\/\\\/swixed.ch\\\/it\\\/prodotto\\\/sed10005\\\/#primaryimage\"},\"thumbnailUrl\":\"https:\\\/\\\/swixed.ch\\\/wp-content\\\/uploads\\\/2026\\\/01\\\/SED10005-01.png\",\"datePublished\":\"2021-04-23T06:44:14+00:00\",\"dateModified\":\"2026-03-25T18:23:57+00:00\",\"description\":\"L'elettrocardiografo Edan SE-3 offre una registrazione dell'ECG a riposo con display LCD, stampa integrata e archiviazione interna sicura.\",\"breadcrumb\":{\"@id\":\"https:\\\/\\\/swixed.ch\\\/it\\\/prodotto\\\/sed10005\\\/#breadcrumb\"},\"inLanguage\":\"it-IT\",\"potentialAction\":[{\"@type\":\"ReadAction\",\"target\":[\"https:\\\/\\\/swixed.ch\\\/it\\\/prodotto\\\/sed10005\\\/\"]}]},{\"@type\":\"ImageObject\",\"inLanguage\":\"it-IT\",\"@id\":\"https:\\\/\\\/swixed.ch\\\/it\\\/prodotto\\\/sed10005\\\/#primaryimage\",\"url\":\"https:\\\/\\\/swixed.ch\\\/wp-content\\\/uploads\\\/2026\\\/01\\\/SED10005-01.png\",\"contentUrl\":\"https:\\\/\\\/swixed.ch\\\/wp-content\\\/uploads\\\/2026\\\/01\\\/SED10005-01.png\",\"width\":600,\"height\":600,\"caption\":\"SED10005\"},{\"@type\":\"BreadcrumbList\",\"@id\":\"https:\\\/\\\/swixed.ch\\\/it\\\/prodotto\\\/sed10005\\\/#breadcrumb\",\"itemListElement\":[{\"@type\":\"ListItem\",\"position\":1,\"name\":\"Home\",\"item\":\"https:\\\/\\\/swixed.ch\\\/it\\\/home\\\/\"},{\"@type\":\"ListItem\",\"position\":2,\"name\":\"Negozio\",\"item\":\"https:\\\/\\\/swixed.ch\\\/it\\\/shop\\\/\"},{\"@type\":\"ListItem\",\"position\":3,\"name\":\"Elettrocardiografo per ECG a riposo Edan SE-3\"}]},{\"@type\":\"WebSite\",\"@id\":\"https:\\\/\\\/swixed.ch\\\/it\\\/#website\",\"url\":\"https:\\\/\\\/swixed.ch\\\/it\\\/\",\"name\":\"Swixed SA\",\"description\":\"Dispositivi elettronici\",\"publisher\":{\"@id\":\"https:\\\/\\\/swixed.ch\\\/it\\\/#organization\"},\"potentialAction\":[{\"@type\":\"SearchAction\",\"target\":{\"@type\":\"EntryPoint\",\"urlTemplate\":\"https:\\\/\\\/swixed.ch\\\/it\\\/?s={search_term_string}\"},\"query-input\":{\"@type\":\"PropertyValueSpecification\",\"valueRequired\":true,\"valueName\":\"search_term_string\"}}],\"inLanguage\":\"it-IT\"},{\"@type\":\"Organization\",\"@id\":\"https:\\\/\\\/swixed.ch\\\/it\\\/#organization\",\"name\":\"Swixed SA\",\"url\":\"https:\\\/\\\/swixed.ch\\\/it\\\/\",\"logo\":{\"@type\":\"ImageObject\",\"inLanguage\":\"it-IT\",\"@id\":\"https:\\\/\\\/swixed.ch\\\/it\\\/#\\\/schema\\\/logo\\\/image\\\/\",\"url\":\"https:\\\/\\\/swixed.ch\\\/wp-content\\\/uploads\\\/logos\\\/swixed-logo-lite.png\",\"contentUrl\":\"https:\\\/\\\/swixed.ch\\\/wp-content\\\/uploads\\\/logos\\\/swixed-logo-lite.png\",\"width\":696,\"height\":696,\"caption\":\"Swixed SA\"},\"image\":{\"@id\":\"https:\\\/\\\/swixed.ch\\\/it\\\/#\\\/schema\\\/logo\\\/image\\\/\"},\"sameAs\":[\"https:\\\/\\\/www.facebook.com\\\/swixed\",\"https:\\\/\\\/www.linkedin.com\\\/company\\\/swixed\",\"https:\\\/\\\/www.youtube.com\\\/@swixedsa\"],\"description\":\"Swixed SA est une entreprise suisse bas\u00e9e \u00e0 Gen\u00e8ve, sp\u00e9cialis\u00e9e dans la vente, la location et la maintenance d\u2019appareils m\u00e9dicaux professionnels, tels que d\u00e9fibrillateurs AED, \u00e9lectrocardiographes, moniteurs patient et dispositifs de diagnostic.\",\"email\":\"infoshop@swixed.ch\",\"telephone\":\"+41 22 566 11 95\",\"legalName\":\"Swixed SA\",\"foundingDate\":\"2021-03-01\",\"numberOfEmployees\":{\"@type\":\"QuantitativeValue\",\"minValue\":\"1\",\"maxValue\":\"10\"}}]}<\/script>\n<!-- \/ Yoast SEO Premium plugin. -->","yoast_head_json":{"title":"Elettrocardiografo compatto per ECG a riposo Edan SE-3 | Swixed SA","description":"L'elettrocardiografo Edan SE-3 offre una registrazione dell'ECG a riposo con display LCD, stampa integrata e archiviazione interna sicura.","robots":{"index":"index","follow":"follow","max-snippet":"max-snippet:-1","max-image-preview":"max-image-preview:large","max-video-preview":"max-video-preview:-1"},"canonical":"https:\/\/swixed.ch\/it\/prodotto\/sed10005\/","og_locale":"it_IT","og_type":"article","og_title":"Elettrocardiografo per ECG a riposo Edan SE-3","og_description":"L'elettrocardiografo Edan SE-3 offre una registrazione dell'ECG a riposo con display LCD, stampa integrata e archiviazione interna sicura.","og_url":"https:\/\/swixed.ch\/it\/prodotto\/sed10005\/","og_site_name":"Swixed SA","article_publisher":"https:\/\/www.facebook.com\/swixed","article_modified_time":"2026-03-25T18:23:57+00:00","og_image":[{"width":600,"height":600,"url":"https:\/\/swixed.ch\/wp-content\/uploads\/2026\/01\/SED10005-01.png","type":"image\/png"}],"twitter_card":"summary_large_image","twitter_misc":{"Tempo di lettura stimato":"2 minuti"},"schema":{"@context":"https:\/\/schema.org","@graph":[{"@type":"WebPage","@id":"https:\/\/swixed.ch\/it\/prodotto\/sed10005\/","url":"https:\/\/swixed.ch\/it\/prodotto\/sed10005\/","name":"Elettrocardiografo compatto per ECG a riposo Edan SE-3 | Swixed SA","isPartOf":{"@id":"https:\/\/swixed.ch\/it\/#website"},"primaryImageOfPage":{"@id":"https:\/\/swixed.ch\/it\/prodotto\/sed10005\/#primaryimage"},"image":{"@id":"https:\/\/swixed.ch\/it\/prodotto\/sed10005\/#primaryimage"},"thumbnailUrl":"https:\/\/swixed.ch\/wp-content\/uploads\/2026\/01\/SED10005-01.png","datePublished":"2021-04-23T06:44:14+00:00","dateModified":"2026-03-25T18:23:57+00:00","description":"L'elettrocardiografo Edan SE-3 offre una registrazione dell'ECG a riposo con display LCD, stampa integrata e archiviazione interna sicura.","breadcrumb":{"@id":"https:\/\/swixed.ch\/it\/prodotto\/sed10005\/#breadcrumb"},"inLanguage":"it-IT","potentialAction":[{"@type":"ReadAction","target":["https:\/\/swixed.ch\/it\/prodotto\/sed10005\/"]}]},{"@type":"ImageObject","inLanguage":"it-IT","@id":"https:\/\/swixed.ch\/it\/prodotto\/sed10005\/#primaryimage","url":"https:\/\/swixed.ch\/wp-content\/uploads\/2026\/01\/SED10005-01.png","contentUrl":"https:\/\/swixed.ch\/wp-content\/uploads\/2026\/01\/SED10005-01.png","width":600,"height":600,"caption":"SED10005"},{"@type":"BreadcrumbList","@id":"https:\/\/swixed.ch\/it\/prodotto\/sed10005\/#breadcrumb","itemListElement":[{"@type":"ListItem","position":1,"name":"Home","item":"https:\/\/swixed.ch\/it\/home\/"},{"@type":"ListItem","position":2,"name":"Negozio","item":"https:\/\/swixed.ch\/it\/shop\/"},{"@type":"ListItem","position":3,"name":"Elettrocardiografo per ECG a riposo Edan SE-3"}]},{"@type":"WebSite","@id":"https:\/\/swixed.ch\/it\/#website","url":"https:\/\/swixed.ch\/it\/","name":"Swixed SA","description":"Dispositivi elettronici","publisher":{"@id":"https:\/\/swixed.ch\/it\/#organization"},"potentialAction":[{"@type":"SearchAction","target":{"@type":"EntryPoint","urlTemplate":"https:\/\/swixed.ch\/it\/?s={search_term_string}"},"query-input":{"@type":"PropertyValueSpecification","valueRequired":true,"valueName":"search_term_string"}}],"inLanguage":"it-IT"},{"@type":"Organization","@id":"https:\/\/swixed.ch\/it\/#organization","name":"Swixed SA","url":"https:\/\/swixed.ch\/it\/","logo":{"@type":"ImageObject","inLanguage":"it-IT","@id":"https:\/\/swixed.ch\/it\/#\/schema\/logo\/image\/","url":"https:\/\/swixed.ch\/wp-content\/uploads\/logos\/swixed-logo-lite.png","contentUrl":"https:\/\/swixed.ch\/wp-content\/uploads\/logos\/swixed-logo-lite.png","width":696,"height":696,"caption":"Swixed SA"},"image":{"@id":"https:\/\/swixed.ch\/it\/#\/schema\/logo\/image\/"},"sameAs":["https:\/\/www.facebook.com\/swixed","https:\/\/www.linkedin.com\/company\/swixed","https:\/\/www.youtube.com\/@swixedsa"],"description":"Swixed SA est une entreprise suisse bas\u00e9e \u00e0 Gen\u00e8ve, sp\u00e9cialis\u00e9e dans la vente, la location et la maintenance d\u2019appareils m\u00e9dicaux professionnels, tels que d\u00e9fibrillateurs AED, \u00e9lectrocardiographes, moniteurs patient et dispositifs de diagnostic.","email":"infoshop@swixed.ch","telephone":"+41 22 566 11 95","legalName":"Swixed SA","foundingDate":"2021-03-01","numberOfEmployees":{"@type":"QuantitativeValue","minValue":"1","maxValue":"10"}}]}},"_links":{"self":[{"href":"https:\/\/swixed.ch\/it\/wp-json\/wp\/v2\/product\/33150","targetHints":{"allow":["GET"]}}],"collection":[{"href":"https:\/\/swixed.ch\/it\/wp-json\/wp\/v2\/product"}],"about":[{"href":"https:\/\/swixed.ch\/it\/wp-json\/wp\/v2\/types\/product"}],"version-history":[{"count":0,"href":"https:\/\/swixed.ch\/it\/wp-json\/wp\/v2\/product\/33150\/revisions"}],"wp:featuredmedia":[{"embeddable":true,"href":"https:\/\/swixed.ch\/it\/wp-json\/wp\/v2\/media\/60896"}],"wp:attachment":[{"href":"https:\/\/swixed.ch\/it\/wp-json\/wp\/v2\/media?parent=33150"}],"wp:term":[{"taxonomy":"product_brand","embeddable":true,"href":"https:\/\/swixed.ch\/it\/wp-json\/wp\/v2\/product_brand?post=33150"},{"taxonomy":"product_cat","embeddable":true,"href":"https:\/\/swixed.ch\/it\/wp-json\/wp\/v2\/product_cat?post=33150"},{"taxonomy":"product_tag","embeddable":true,"href":"https:\/\/swixed.ch\/it\/wp-json\/wp\/v2\/product_tag?post=33150"}],"curies":[{"name":"wp","href":"https:\/\/api.w.org\/{rel}","templated":true}]}}