{"id":33185,"date":"2021-04-23T08:17:55","date_gmt":"2021-04-23T06:17:55","guid":{"rendered":"https:\/\/swixed.com\/produit\/ecg-a-riposo-edan-se-601\/"},"modified":"2026-03-25T19:23:56","modified_gmt":"2026-03-25T18:23:56","slug":"sed10002","status":"publish","type":"product","link":"https:\/\/swixed.ch\/it\/prodotto\/sed10002\/","title":{"rendered":"Elettrocardiografo ECG a riposo Edan SE-601B"},"content":{"rendered":"\t\t<div data-elementor-type=\"product-post\" data-elementor-id=\"33185\" class=\"elementor elementor-33185 elementor-2959\" data-elementor-post-type=\"product\">\n\t\t\t\t<div class=\"elementor-element elementor-element-26deab6 e-con-full e-flex e-con e-parent\" data-id=\"26deab6\" data-element_type=\"container\" data-e-type=\"container\">\n\t\t<div class=\"elementor-element elementor-element-23c3a9e e-con-full e-flex e-con e-child\" data-id=\"23c3a9e\" data-element_type=\"container\" data-e-type=\"container\">\n\t\t\t\t<div class=\"elementor-element elementor-element-8d96dc7 elementor-widget elementor-widget-heading\" data-id=\"8d96dc7\" data-element_type=\"widget\" data-e-type=\"widget\" data-widget_type=\"heading.default\">\n\t\t\t\t\t<h2 class=\"elementor-heading-title elementor-size-default\">Caratteristiche principali<\/h2>\t\t\t\t<\/div>\n\t\t\t\t<div class=\"elementor-element elementor-element-55678cc elementor-widget elementor-widget-text-editor\" data-id=\"55678cc\" data-element_type=\"widget\" data-e-type=\"widget\" data-widget_type=\"text-editor.default\">\n\t\t\t\t\t\t\t\t\t<p>L&#8217;elettrocardiografo Edan SE-601B \u00e8 un ECG a riposo a 6 canali progettato per gli ambienti medici che richiedono apparecchiature affidabili e compatte. In primo luogo, il suo display a colori di grande formato migliora la leggibilit\u00e0 dei tracciati ECG durante l&#8217;esame. In secondo luogo, il suo formato leggero e poco ingombrante, unito alla maniglia integrata, lo rende facile da trasportare tra le sale di consultazione.  <\/p><p>Inoltre, il dispositivo funziona in modalit\u00e0 automatica o manuale, consentendo di adattarsi ai protocolli interni. Infine, la stampante termica integrata garantisce l&#8217;output immediato dei tracciati ECG senza bisogno di periferiche aggiuntive. <\/p><p>Specifiche tecniche principali:<\/p><ul><li>ECG a riposo a 6 canali<\/li><li>Ampio schermo a colori per una visione simultanea<\/li><li>Stampa termica integrata<\/li><li>Dispositivo compatto con maniglia per il trasporto<\/li><li>Calcolo automatico dei parametri ECG<\/li><\/ul><p><br>\u26a0\ufe0f Modello di serie B, dotato di un grande schermo a colori non touch.<\/p>\t\t\t\t\t\t\t\t<\/div>\n\t\t\t\t<div class=\"elementor-element elementor-element-46b7c9e elementor-widget elementor-widget-heading\" data-id=\"46b7c9e\" data-element_type=\"widget\" data-e-type=\"widget\" data-widget_type=\"heading.default\">\n\t\t\t\t\t<h2 class=\"elementor-heading-title elementor-size-default\">Funzionamento e design tecnico<\/h2>\t\t\t\t<\/div>\n\t\t\t\t<div class=\"elementor-element elementor-element-5e731ba elementor-widget elementor-widget-text-editor\" data-id=\"5e731ba\" data-element_type=\"widget\" data-e-type=\"widget\" data-widget_type=\"text-editor.default\">\n\t\t\t\t\t\t\t\t\t<p>L&#8217;elettrocardiografo Edan SE-601B incorpora funzioni progettate per un uso clinico strutturato. Ad esempio, la tastiera alfanumerica permette di inserire rapidamente i dati del paziente. Il dispositivo \u00e8 inoltre dotato di rilevamento automatico dei pacemaker, che migliora l&#8217;affidabilit\u00e0 delle registrazioni in questi casi.  <\/p><p>Inoltre, \u00e8 possibile attivare un&#8217;opzione di interpretazione di Glasgow in base alla configurazione scelta. Inoltre, sono disponibili diversi filtri ECG per ottimizzare la qualit\u00e0 del segnale e limitare le interferenze. <\/p><p>Principali funzioni integrate :<\/p><ul><li>Registrazione ECG automatica e manuale<\/li><li>Rilevamento automatico del pacemaker<\/li><li>Filtri ECG per il miglioramento del tracciato<\/li><li>Opzione interpretazione ECG (Glasgow)<\/li><li>Stampa di 12 contatti in diversi formati<\/li><\/ul>\t\t\t\t\t\t\t\t<\/div>\n\t\t\t\t<div class=\"elementor-element elementor-element-9d0ff17 elementor-widget elementor-widget-heading\" data-id=\"9d0ff17\" data-element_type=\"widget\" data-e-type=\"widget\" data-widget_type=\"heading.default\">\n\t\t\t\t\t<h2 class=\"elementor-heading-title elementor-size-default\">Utilizzo, conformit\u00e0 e raccomandazioni<\/h2>\t\t\t\t<\/div>\n\t\t\t\t<div class=\"elementor-element elementor-element-7c182f7 elementor-widget elementor-widget-text-editor\" data-id=\"7c182f7\" data-element_type=\"widget\" data-e-type=\"widget\" data-widget_type=\"text-editor.default\">\n\t\t\t\t\t\t\t\t\t<p>L&#8217;elettrocardiografo Edan SE-601B \u00e8 destinato all&#8217;uso in strutture mediche conformi alle normative svizzere. Il funzionamento di questo tipo di dispositivo \u00e8 conforme ai requisiti definiti dall&#8217;Ufficio Federale della Sanit\u00e0 Pubblica (UFSP) per i dispositivi medici utilizzati nella pratica clinica. <\/p><p>Inoltre, la commercializzazione e l&#8217;utilizzo del dispositivo sono soggetti alla supervisione di Swissmedic, l&#8217;autorit\u00e0 svizzera responsabile dei dispositivi medici. Inoltre, l&#8217;Ordinanza sui Dispositivi Medici (ODim \/ MedDO) definisce gli obblighi applicabili agli stabilimenti utilizzatori. <\/p><p>Infine, per l&#8217;interpretazione degli standard applicabili, puoi richiedere i riferimenti tecnici al Centro Svizzero di Informazione sulle Norme Tecniche (Switec).<br>\t\t<div data-elementor-type=\"widget\" data-elementor-id=\"59086\" class=\"elementor elementor-59086 elementor-59083 elementor-59083\" data-elementor-post-type=\"elementor_library\">\n\t\t\t\t\t\t<div class=\"elementor-element elementor-element-59083 elementor-widget elementor-widget-text-editor\" data-id=\"59083\" data-element_type=\"widget\" data-e-type=\"widget\" data-widget_type=\"text-editor.default\">\n\t\t\t\t\t\t\t\t\t<p>Per maggiori informazioni, consulta :<\/p><ul><li><a href=\"https:\/\/www.swissmedic.ch\" target=\"_blank\" rel=\"noopener\">Swissmedic<\/a><\/li><li><a href=\"https:\/\/www.bag.admin.ch\" target=\"_blank\" rel=\"noopener\">Ufficio federale della sanit\u00e0 pubblica (UFSP)<\/a><\/li><li><a href=\"https:\/\/www.switec.info\" target=\"_blank\" rel=\"noopener\">Centro d&#8217;informazione svizzero per le norme tecniche (Switec)<\/a><\/li><li><a href=\"https:\/\/www.fedlex.admin.ch\/eli\/cc\/2020\/552\/\" target=\"_blank\" rel=\"noopener\">Ordinanza sui dispositivi medici (ODim o MedDO)<\/a><\/li><\/ul><p><br>I nostri dispositivi medici hanno un rappresentante autorizzato in Svizzera (CH-REP), in conformit\u00e0 con l&#8217;attuale legislazione svizzera sui dispositivi medici.<\/p>\t\t\t\t\t\t\t\t<\/div>\n\t\t\t\t<\/div>\n\t\t<br>Clicca qui per prenotare la <a href=\"https:\/\/swixed.ch\/it\/prodotto\/sed94001\/\">manutenzione periodica<\/a>.<\/p>\t\t\t\t\t\t\t\t<\/div>\n\t\t\t\t<div class=\"elementor-element elementor-element-871b6ee elementor-widget elementor-widget-heading\" data-id=\"871b6ee\" data-element_type=\"widget\" data-e-type=\"widget\" data-widget_type=\"heading.default\">\n\t\t\t\t\t<h2 class=\"elementor-heading-title elementor-size-default\">Contenuto<\/h2>\t\t\t\t<\/div>\n\t\t\t\t<div class=\"elementor-element elementor-element-9bf2915 elementor-widget elementor-widget-text-editor\" data-id=\"9bf2915\" data-element_type=\"widget\" data-e-type=\"widget\" data-widget_type=\"text-editor.default\">\n\t\t\t\t\t\t\t\t\t<p>L&#8217;elettrocardiografo Edan SE-601B viene fornito con tutti gli accessori necessari per un utilizzo immediato.<\/p><p>Contenuto standard:<\/p><ul><li>Edan SE-601B con ampio schermo a colori non touch screen<\/li><li>1 cavo paziente a 10 fili con connettori a banana<\/li><li>6 elettrodi precordiali<\/li><li>4 pinze per arti con elettrodi integrati<\/li><li>1 rotolo di carta termica<\/li><li>1 manuale d&#8217;uso<\/li><\/ul>\t\t\t\t\t\t\t\t<\/div>\n\t\t\t\t<\/div>\n\t\t\t\t<\/div>\n\t\t\t\t<\/div>\n\t\t","protected":false},"excerpt":{"rendered":"<p>L&#8217;Edan SE-601B \u00e8 un elettrocardiografo ECG a riposo a 6 canali progettato per l&#8217;acquisizione e l&#8217;elaborazione di segnali ECG in ambienti professionali. \u00c8 dotato di uno schermo LCD per la visualizzazione dei tracciati e di una stampante termica integrata per la stampa diretta. Una porta USB consente di esportare e gestire i dati. Compatto, certificato CE e compatibile con gli accessori ECG Edan.   <\/p>\n","protected":false},"featured_media":60918,"template":"","meta":{"_acf_changed":false},"product_brand":[2082],"product_cat":[975,966],"product_tag":[7709,7704,2364,7711,7713,6044,7739,7740,7714,7741],"class_list":{"0":"post-33185","1":"product","2":"type-product","3":"status-publish","4":"has-post-thumbnail","6":"product_brand-edan-it","7":"product_cat-ecg-da-riposo","8":"product_cat-elettrocardiografi","9":"product_tag-acquisizione-dellecg","10":"product_tag-ecg-12d","11":"product_tag-ecg-a-riposo","12":"product_tag-ecg-con-cavo","13":"product_tag-ecg-diagnostico","14":"product_tag-ecg-portatile","15":"product_tag-ecg-stand-alone","16":"product_tag-ecg-touch-screen","17":"product_tag-esame-ecg","18":"product_tag-stampante-ecg","20":"first","21":"instock","22":"sale","23":"taxable","24":"shipping-taxable","25":"purchasable","26":"product-type-variable","27":"has-default-attributes"},"acf":[],"yoast_head":"<!-- This site is optimized with the Yoast SEO Premium plugin v27.4 (Yoast SEO v27.4) - https:\/\/yoast.com\/product\/yoast-seo-premium-wordpress\/ -->\n<title>Edan SE-601B elettrocardiografo ECG a colori a 6 canali | Swixed SA<\/title>\n<meta name=\"description\" content=\"Elettrocardiografo Edan SE-601B a 6 canali con display a colori, stampa termica integrata e connettivit\u00e0 USB, Ethernet e RS232 per l&#039;ECG a riposo.\" \/>\n<meta name=\"robots\" content=\"index, follow, max-snippet:-1, max-image-preview:large, max-video-preview:-1\" \/>\n<link rel=\"canonical\" href=\"https:\/\/swixed.ch\/it\/prodotto\/sed10002\/\" \/>\n<meta property=\"og:locale\" content=\"it_IT\" \/>\n<meta property=\"og:type\" content=\"article\" \/>\n<meta property=\"og:title\" content=\"Elettrocardiografo ECG a riposo Edan SE-601B\" \/>\n<meta property=\"og:description\" content=\"Elettrocardiografo Edan SE-601B a 6 canali con display a colori, stampa termica integrata e connettivit\u00e0 USB, Ethernet e RS232 per l&#039;ECG a riposo.\" \/>\n<meta property=\"og:url\" content=\"https:\/\/swixed.ch\/it\/prodotto\/sed10002\/\" \/>\n<meta property=\"og:site_name\" content=\"Swixed SA\" \/>\n<meta property=\"article:publisher\" content=\"https:\/\/www.facebook.com\/swixed\" \/>\n<meta property=\"article:modified_time\" content=\"2026-03-25T18:23:56+00:00\" \/>\n<meta property=\"og:image\" content=\"https:\/\/swixed.ch\/wp-content\/uploads\/2026\/01\/SED10002-01.png\" \/>\n\t<meta property=\"og:image:width\" content=\"600\" \/>\n\t<meta property=\"og:image:height\" content=\"600\" \/>\n\t<meta property=\"og:image:type\" content=\"image\/png\" \/>\n<meta name=\"twitter:card\" content=\"summary_large_image\" \/>\n<meta name=\"twitter:label1\" content=\"Tempo di lettura stimato\" \/>\n\t<meta name=\"twitter:data1\" content=\"2 minuti\" \/>\n<script type=\"application\/ld+json\" class=\"yoast-schema-graph\">{\"@context\":\"https:\\\/\\\/schema.org\",\"@graph\":[{\"@type\":\"WebPage\",\"@id\":\"https:\\\/\\\/swixed.ch\\\/it\\\/prodotto\\\/sed10002\\\/\",\"url\":\"https:\\\/\\\/swixed.ch\\\/it\\\/prodotto\\\/sed10002\\\/\",\"name\":\"Edan SE-601B elettrocardiografo ECG a colori a 6 canali | Swixed SA\",\"isPartOf\":{\"@id\":\"https:\\\/\\\/swixed.ch\\\/it\\\/#website\"},\"primaryImageOfPage\":{\"@id\":\"https:\\\/\\\/swixed.ch\\\/it\\\/prodotto\\\/sed10002\\\/#primaryimage\"},\"image\":{\"@id\":\"https:\\\/\\\/swixed.ch\\\/it\\\/prodotto\\\/sed10002\\\/#primaryimage\"},\"thumbnailUrl\":\"https:\\\/\\\/swixed.ch\\\/wp-content\\\/uploads\\\/2026\\\/01\\\/SED10002-01.png\",\"datePublished\":\"2021-04-23T06:17:55+00:00\",\"dateModified\":\"2026-03-25T18:23:56+00:00\",\"description\":\"Elettrocardiografo Edan SE-601B a 6 canali con display a colori, stampa termica integrata e connettivit\u00e0 USB, Ethernet e RS232 per l'ECG a riposo.\",\"breadcrumb\":{\"@id\":\"https:\\\/\\\/swixed.ch\\\/it\\\/prodotto\\\/sed10002\\\/#breadcrumb\"},\"inLanguage\":\"it-IT\",\"potentialAction\":[{\"@type\":\"ReadAction\",\"target\":[\"https:\\\/\\\/swixed.ch\\\/it\\\/prodotto\\\/sed10002\\\/\"]}]},{\"@type\":\"ImageObject\",\"inLanguage\":\"it-IT\",\"@id\":\"https:\\\/\\\/swixed.ch\\\/it\\\/prodotto\\\/sed10002\\\/#primaryimage\",\"url\":\"https:\\\/\\\/swixed.ch\\\/wp-content\\\/uploads\\\/2026\\\/01\\\/SED10002-01.png\",\"contentUrl\":\"https:\\\/\\\/swixed.ch\\\/wp-content\\\/uploads\\\/2026\\\/01\\\/SED10002-01.png\",\"width\":600,\"height\":600,\"caption\":\"SED10002\"},{\"@type\":\"BreadcrumbList\",\"@id\":\"https:\\\/\\\/swixed.ch\\\/it\\\/prodotto\\\/sed10002\\\/#breadcrumb\",\"itemListElement\":[{\"@type\":\"ListItem\",\"position\":1,\"name\":\"Home\",\"item\":\"https:\\\/\\\/swixed.ch\\\/it\\\/home\\\/\"},{\"@type\":\"ListItem\",\"position\":2,\"name\":\"Negozio\",\"item\":\"https:\\\/\\\/swixed.ch\\\/it\\\/shop\\\/\"},{\"@type\":\"ListItem\",\"position\":3,\"name\":\"Elettrocardiografo ECG a riposo Edan SE-601B\"}]},{\"@type\":\"WebSite\",\"@id\":\"https:\\\/\\\/swixed.ch\\\/it\\\/#website\",\"url\":\"https:\\\/\\\/swixed.ch\\\/it\\\/\",\"name\":\"Swixed SA\",\"description\":\"Dispositivi elettronici\",\"publisher\":{\"@id\":\"https:\\\/\\\/swixed.ch\\\/it\\\/#organization\"},\"potentialAction\":[{\"@type\":\"SearchAction\",\"target\":{\"@type\":\"EntryPoint\",\"urlTemplate\":\"https:\\\/\\\/swixed.ch\\\/it\\\/?s={search_term_string}\"},\"query-input\":{\"@type\":\"PropertyValueSpecification\",\"valueRequired\":true,\"valueName\":\"search_term_string\"}}],\"inLanguage\":\"it-IT\"},{\"@type\":\"Organization\",\"@id\":\"https:\\\/\\\/swixed.ch\\\/it\\\/#organization\",\"name\":\"Swixed SA\",\"url\":\"https:\\\/\\\/swixed.ch\\\/it\\\/\",\"logo\":{\"@type\":\"ImageObject\",\"inLanguage\":\"it-IT\",\"@id\":\"https:\\\/\\\/swixed.ch\\\/it\\\/#\\\/schema\\\/logo\\\/image\\\/\",\"url\":\"https:\\\/\\\/swixed.ch\\\/wp-content\\\/uploads\\\/logos\\\/swixed-logo-lite.png\",\"contentUrl\":\"https:\\\/\\\/swixed.ch\\\/wp-content\\\/uploads\\\/logos\\\/swixed-logo-lite.png\",\"width\":696,\"height\":696,\"caption\":\"Swixed SA\"},\"image\":{\"@id\":\"https:\\\/\\\/swixed.ch\\\/it\\\/#\\\/schema\\\/logo\\\/image\\\/\"},\"sameAs\":[\"https:\\\/\\\/www.facebook.com\\\/swixed\",\"https:\\\/\\\/www.linkedin.com\\\/company\\\/swixed\",\"https:\\\/\\\/www.youtube.com\\\/@swixedsa\"],\"description\":\"Swixed SA est une entreprise suisse bas\u00e9e \u00e0 Gen\u00e8ve, sp\u00e9cialis\u00e9e dans la vente, la location et la maintenance d\u2019appareils m\u00e9dicaux professionnels, tels que d\u00e9fibrillateurs AED, \u00e9lectrocardiographes, moniteurs patient et dispositifs de diagnostic.\",\"email\":\"infoshop@swixed.ch\",\"telephone\":\"+41 22 566 11 95\",\"legalName\":\"Swixed SA\",\"foundingDate\":\"2021-03-01\",\"numberOfEmployees\":{\"@type\":\"QuantitativeValue\",\"minValue\":\"1\",\"maxValue\":\"10\"}}]}<\/script>\n<!-- \/ Yoast SEO Premium plugin. -->","yoast_head_json":{"title":"Edan SE-601B elettrocardiografo ECG a colori a 6 canali | Swixed SA","description":"Elettrocardiografo Edan SE-601B a 6 canali con display a colori, stampa termica integrata e connettivit\u00e0 USB, Ethernet e RS232 per l'ECG a riposo.","robots":{"index":"index","follow":"follow","max-snippet":"max-snippet:-1","max-image-preview":"max-image-preview:large","max-video-preview":"max-video-preview:-1"},"canonical":"https:\/\/swixed.ch\/it\/prodotto\/sed10002\/","og_locale":"it_IT","og_type":"article","og_title":"Elettrocardiografo ECG a riposo Edan SE-601B","og_description":"Elettrocardiografo Edan SE-601B a 6 canali con display a colori, stampa termica integrata e connettivit\u00e0 USB, Ethernet e RS232 per l'ECG a riposo.","og_url":"https:\/\/swixed.ch\/it\/prodotto\/sed10002\/","og_site_name":"Swixed SA","article_publisher":"https:\/\/www.facebook.com\/swixed","article_modified_time":"2026-03-25T18:23:56+00:00","og_image":[{"width":600,"height":600,"url":"https:\/\/swixed.ch\/wp-content\/uploads\/2026\/01\/SED10002-01.png","type":"image\/png"}],"twitter_card":"summary_large_image","twitter_misc":{"Tempo di lettura stimato":"2 minuti"},"schema":{"@context":"https:\/\/schema.org","@graph":[{"@type":"WebPage","@id":"https:\/\/swixed.ch\/it\/prodotto\/sed10002\/","url":"https:\/\/swixed.ch\/it\/prodotto\/sed10002\/","name":"Edan SE-601B elettrocardiografo ECG a colori a 6 canali | Swixed SA","isPartOf":{"@id":"https:\/\/swixed.ch\/it\/#website"},"primaryImageOfPage":{"@id":"https:\/\/swixed.ch\/it\/prodotto\/sed10002\/#primaryimage"},"image":{"@id":"https:\/\/swixed.ch\/it\/prodotto\/sed10002\/#primaryimage"},"thumbnailUrl":"https:\/\/swixed.ch\/wp-content\/uploads\/2026\/01\/SED10002-01.png","datePublished":"2021-04-23T06:17:55+00:00","dateModified":"2026-03-25T18:23:56+00:00","description":"Elettrocardiografo Edan SE-601B a 6 canali con display a colori, stampa termica integrata e connettivit\u00e0 USB, Ethernet e RS232 per l'ECG a riposo.","breadcrumb":{"@id":"https:\/\/swixed.ch\/it\/prodotto\/sed10002\/#breadcrumb"},"inLanguage":"it-IT","potentialAction":[{"@type":"ReadAction","target":["https:\/\/swixed.ch\/it\/prodotto\/sed10002\/"]}]},{"@type":"ImageObject","inLanguage":"it-IT","@id":"https:\/\/swixed.ch\/it\/prodotto\/sed10002\/#primaryimage","url":"https:\/\/swixed.ch\/wp-content\/uploads\/2026\/01\/SED10002-01.png","contentUrl":"https:\/\/swixed.ch\/wp-content\/uploads\/2026\/01\/SED10002-01.png","width":600,"height":600,"caption":"SED10002"},{"@type":"BreadcrumbList","@id":"https:\/\/swixed.ch\/it\/prodotto\/sed10002\/#breadcrumb","itemListElement":[{"@type":"ListItem","position":1,"name":"Home","item":"https:\/\/swixed.ch\/it\/home\/"},{"@type":"ListItem","position":2,"name":"Negozio","item":"https:\/\/swixed.ch\/it\/shop\/"},{"@type":"ListItem","position":3,"name":"Elettrocardiografo ECG a riposo Edan SE-601B"}]},{"@type":"WebSite","@id":"https:\/\/swixed.ch\/it\/#website","url":"https:\/\/swixed.ch\/it\/","name":"Swixed SA","description":"Dispositivi elettronici","publisher":{"@id":"https:\/\/swixed.ch\/it\/#organization"},"potentialAction":[{"@type":"SearchAction","target":{"@type":"EntryPoint","urlTemplate":"https:\/\/swixed.ch\/it\/?s={search_term_string}"},"query-input":{"@type":"PropertyValueSpecification","valueRequired":true,"valueName":"search_term_string"}}],"inLanguage":"it-IT"},{"@type":"Organization","@id":"https:\/\/swixed.ch\/it\/#organization","name":"Swixed SA","url":"https:\/\/swixed.ch\/it\/","logo":{"@type":"ImageObject","inLanguage":"it-IT","@id":"https:\/\/swixed.ch\/it\/#\/schema\/logo\/image\/","url":"https:\/\/swixed.ch\/wp-content\/uploads\/logos\/swixed-logo-lite.png","contentUrl":"https:\/\/swixed.ch\/wp-content\/uploads\/logos\/swixed-logo-lite.png","width":696,"height":696,"caption":"Swixed SA"},"image":{"@id":"https:\/\/swixed.ch\/it\/#\/schema\/logo\/image\/"},"sameAs":["https:\/\/www.facebook.com\/swixed","https:\/\/www.linkedin.com\/company\/swixed","https:\/\/www.youtube.com\/@swixedsa"],"description":"Swixed SA est une entreprise suisse bas\u00e9e \u00e0 Gen\u00e8ve, sp\u00e9cialis\u00e9e dans la vente, la location et la maintenance d\u2019appareils m\u00e9dicaux professionnels, tels que d\u00e9fibrillateurs AED, \u00e9lectrocardiographes, moniteurs patient et dispositifs de diagnostic.","email":"infoshop@swixed.ch","telephone":"+41 22 566 11 95","legalName":"Swixed SA","foundingDate":"2021-03-01","numberOfEmployees":{"@type":"QuantitativeValue","minValue":"1","maxValue":"10"}}]}},"_links":{"self":[{"href":"https:\/\/swixed.ch\/it\/wp-json\/wp\/v2\/product\/33185","targetHints":{"allow":["GET"]}}],"collection":[{"href":"https:\/\/swixed.ch\/it\/wp-json\/wp\/v2\/product"}],"about":[{"href":"https:\/\/swixed.ch\/it\/wp-json\/wp\/v2\/types\/product"}],"version-history":[{"count":0,"href":"https:\/\/swixed.ch\/it\/wp-json\/wp\/v2\/product\/33185\/revisions"}],"wp:featuredmedia":[{"embeddable":true,"href":"https:\/\/swixed.ch\/it\/wp-json\/wp\/v2\/media\/60918"}],"wp:attachment":[{"href":"https:\/\/swixed.ch\/it\/wp-json\/wp\/v2\/media?parent=33185"}],"wp:term":[{"taxonomy":"product_brand","embeddable":true,"href":"https:\/\/swixed.ch\/it\/wp-json\/wp\/v2\/product_brand?post=33185"},{"taxonomy":"product_cat","embeddable":true,"href":"https:\/\/swixed.ch\/it\/wp-json\/wp\/v2\/product_cat?post=33185"},{"taxonomy":"product_tag","embeddable":true,"href":"https:\/\/swixed.ch\/it\/wp-json\/wp\/v2\/product_tag?post=33185"}],"curies":[{"name":"wp","href":"https:\/\/api.w.org\/{rel}","templated":true}]}}