{"id":33291,"date":"2021-04-26T16:16:57","date_gmt":"2021-04-26T15:16:57","guid":{"rendered":"https:\/\/swixed.com\/produit\/boso-medicus-esclusivo-misuratore-di-pressione-sanguigna\/"},"modified":"2026-04-21T06:24:46","modified_gmt":"2026-04-21T05:24:46","slug":"sed63002","status":"publish","type":"product","link":"https:\/\/swixed.ch\/it\/prodotto\/sed63002\/","title":{"rendered":"Sfigmomanometro Boso Medicus Exclusive"},"content":{"rendered":"\t\t<div data-elementor-type=\"product-post\" data-elementor-id=\"33291\" class=\"elementor elementor-33291 elementor-3110\" data-elementor-post-type=\"product\">\n\t\t\t\t\t\t<section class=\"elementor-section elementor-top-section elementor-element elementor-element-834d306 elementor-section-full_width elementor-section-height-default elementor-section-height-default\" data-id=\"834d306\" data-element_type=\"section\" data-e-type=\"section\">\n\t\t\t\t\t\t<div class=\"elementor-container elementor-column-gap-default\">\n\t\t\t\t\t<div class=\"elementor-column elementor-col-100 elementor-top-column elementor-element elementor-element-085465e\" data-id=\"085465e\" data-element_type=\"column\" data-e-type=\"column\">\n\t\t\t<div class=\"elementor-widget-wrap elementor-element-populated\">\n\t\t\t\t\t\t<div class=\"elementor-element elementor-element-0684e71 elementor-widget elementor-widget-heading\" data-id=\"0684e71\" data-element_type=\"widget\" data-e-type=\"widget\" data-widget_type=\"heading.default\">\n\t\t\t\t\t<h2 class=\"elementor-heading-title elementor-size-default\">Descrizione<\/h2>\t\t\t\t<\/div>\n\t\t\t\t<div class=\"elementor-element elementor-element-3376bb3 elementor-widget elementor-widget-text-editor\" data-id=\"3376bb3\" data-element_type=\"widget\" data-e-type=\"widget\" data-widget_type=\"text-editor.default\">\n\t\t\t\t\t\t\t\t\t<p>Il misuratore di pressione BOSO Medicus Exclusive combina facilit\u00e0 d&#8217;uso e tecnologia avanzata. Con una memoria integrata in grado di memorizzare fino a 90 letture, ti permette di monitorare la tua pressione sanguigna in modo approfondito e a lungo termine. <\/p>\t\t\t\t\t\t\t\t<\/div>\n\t\t\t\t<div class=\"elementor-element elementor-element-fe7506a elementor-widget elementor-widget-heading\" data-id=\"fe7506a\" data-element_type=\"widget\" data-e-type=\"widget\" data-widget_type=\"heading.default\">\n\t\t\t\t\t<h2 class=\"elementor-heading-title elementor-size-default\">Caratteristiche principali<\/h2>\t\t\t\t<\/div>\n\t\t\t\t<div class=\"elementor-element elementor-element-b500f71 elementor-widget elementor-widget-text-editor\" data-id=\"b500f71\" data-element_type=\"widget\" data-e-type=\"widget\" data-widget_type=\"text-editor.default\">\n\t\t\t\t\t\t\t\t\t<ul><li><strong>Funzione Triple Check:<\/strong> esegue tre misurazioni successive per calcolare la media, garantendo risultati accurati.<\/li><li><strong>Display a schermo grande:<\/strong> dotato di un grande schermo per facilitare la lettura dei risultati, anche per le persone ipovedenti.<\/li><li><strong>Funzionamento intuitivo:<\/strong> tre pulsanti per una maggiore facilit\u00e0 d&#8217;uso:<ul><li><strong>Avvio:<\/strong> avvia la misurazione della tensione.<\/li><li><strong>M:<\/strong> visualizza le registrazioni e le medie della memoria.<\/li><li><strong>SET:<\/strong> serve per impostare parametri come anno, mese, data, ora e pressione di gonfiaggio.<\/li><\/ul><\/li><li><strong>Valutazione della pressione sanguigna:<\/strong> include una scala di classificazione dell&#8217;OMS sul lato dello schermo, che fornisce una rapida valutazione dello stato di salute.<\/li><li><strong>Adattabilit\u00e0: \u00e8<\/strong> adatto a circonferenze del braccio che vanno da 16 a 48 cm, offrendo flessibilit\u00e0 per una variet\u00e0 di usi.<\/li><\/ul><p>Realizzato in Germania da BOSO, riconosciuto come il principale produttore tedesco di misuratori di pressione, questo modello combina qualit\u00e0 e affidabilit\u00e0.<\/p>\t\t\t\t\t\t\t\t<\/div>\n\t\t\t\t<div class=\"elementor-element elementor-element-b0cff64 elementor-widget elementor-widget-heading\" data-id=\"b0cff64\" data-element_type=\"widget\" data-e-type=\"widget\" data-widget_type=\"heading.default\">\n\t\t\t\t\t<h2 class=\"elementor-heading-title elementor-size-default\">Contenuto<\/h2>\t\t\t\t<\/div>\n\t\t\t\t<div class=\"elementor-element elementor-element-5f2779c elementor-widget elementor-widget-text-editor\" data-id=\"5f2779c\" data-element_type=\"widget\" data-e-type=\"widget\" data-widget_type=\"text-editor.default\">\n\t\t\t\t\t\t\t\t\t<ul><li>1 bracciale per adulti (22-42 cm)<\/li><li>4 batterie AA LR06<\/li><li>1 tasca portaoggetti<\/li><li>1 istruzioni per l&#8217;uso<\/li><\/ul>\t\t\t\t\t\t\t\t<\/div>\n\t\t\t\t\t<\/div>\n\t\t<\/div>\n\t\t\t\t\t<\/div>\n\t\t<\/section>\n\t\t\t\t<\/div>\n\t\t","protected":false},"excerpt":{"rendered":"<p>Il <strong>BOSO Medicus Exclusive<\/strong> \u00e8 un misuratore di pressione completo, di alta gamma e facile da usare. La memoria del dispositivo pu\u00f2 memorizzare fino a 90 letture, permettendoti di monitorare la pressione sanguigna per un lungo periodo. Il <strong>misuratore di pressione BOSO Medicus Exclusive<\/strong> offre una valutazione approfondita della pressione sanguigna, in particolare grazie alla funzione di triplo controllo: tre misurazioni successive con media. Questo monitor \u00e8 adatto a pazienti con una circonferenza del braccio superiore compresa tra 16 e 48 cm. \u00c8 adatto anche alle persone ipovedenti.    <\/p>\n","protected":false},"featured_media":28880,"template":"","meta":{"_acf_changed":false},"product_brand":[2120],"product_cat":[1110,1100],"product_tag":[4533,3395,1724,4532,4535,4538,4531,4536,3084,4039,4534,3661,4115,4539,4537],"class_list":{"0":"post-33291","1":"product","2":"type-product","3":"status-publish","4":"has-post-thumbnail","6":"product_brand-boso-it","7":"product_cat-sfigmomanometri-elettronici","8":"product_cat-tensiometri","9":"product_tag-alta-precisione","10":"product_tag-apparecchiature-mediche","11":"product_tag-boso-it","12":"product_tag-fascia-da-braccio-per-adulti","13":"product_tag-ipertensione","14":"product_tag-memoria-da-90-misure","15":"product_tag-misurazione-della-tensione","16":"product_tag-monitoraggio-della-salute-it","17":"product_tag-pressione-sanguigna","18":"product_tag-salute","19":"product_tag-strumento-di-misura","20":"product_tag-tecnologia-medica-it","21":"product_tag-tensiometro-it","22":"product_tag-tripla-funzione-di-controllo","23":"product_tag-valutazione-della-tensione","24":"product_shipping_class-spedizione-a-tariffa-fissa","26":"first","27":"instock","28":"sale","29":"taxable","30":"shipping-taxable","31":"purchasable","32":"product-type-simple"},"acf":[],"yoast_head":"<!-- This site is optimized with the Yoast SEO Premium plugin v27.4 (Yoast SEO v27.4) - https:\/\/yoast.com\/product\/yoast-seo-premium-wordpress\/ -->\n<title>Sfigmomanometro Boso Medicus Exclusive | Swixed SA<\/title>\n<meta name=\"description\" content=\"Misura la tua pressione sanguigna in modo accurato con il misuratore di pressione BOSO Medicus Exclusive. Memoria per 90 misurazioni e funzione di triplo controllo.\" \/>\n<meta name=\"robots\" content=\"index, follow, max-snippet:-1, max-image-preview:large, max-video-preview:-1\" \/>\n<link rel=\"canonical\" href=\"https:\/\/swixed.ch\/it\/prodotto\/sed63002\/\" \/>\n<meta property=\"og:locale\" content=\"it_IT\" \/>\n<meta property=\"og:type\" content=\"article\" \/>\n<meta property=\"og:title\" content=\"Sfigmomanometro Boso Medicus Exclusive\" \/>\n<meta property=\"og:description\" content=\"Misura la tua pressione sanguigna in modo accurato con il misuratore di pressione BOSO Medicus Exclusive. Memoria per 90 misurazioni e funzione di triplo controllo.\" \/>\n<meta property=\"og:url\" content=\"https:\/\/swixed.ch\/it\/prodotto\/sed63002\/\" \/>\n<meta property=\"og:site_name\" content=\"Swixed SA\" \/>\n<meta property=\"article:publisher\" content=\"https:\/\/www.facebook.com\/swixed\" \/>\n<meta property=\"article:modified_time\" content=\"2026-04-21T05:24:46+00:00\" \/>\n<meta property=\"og:image\" content=\"https:\/\/swixed.ch\/wp-content\/uploads\/products\/boso-medicus-exclusive-01a.png\" \/>\n\t<meta property=\"og:image:width\" content=\"600\" \/>\n\t<meta property=\"og:image:height\" content=\"600\" \/>\n\t<meta property=\"og:image:type\" content=\"image\/png\" \/>\n<meta name=\"twitter:card\" content=\"summary_large_image\" \/>\n<meta name=\"twitter:label1\" content=\"Tempo di lettura stimato\" \/>\n\t<meta name=\"twitter:data1\" content=\"1 minuto\" \/>\n<script type=\"application\/ld+json\" class=\"yoast-schema-graph\">{\"@context\":\"https:\\\/\\\/schema.org\",\"@graph\":[{\"@type\":\"WebPage\",\"@id\":\"https:\\\/\\\/swixed.ch\\\/it\\\/prodotto\\\/sed63002\\\/\",\"url\":\"https:\\\/\\\/swixed.ch\\\/it\\\/prodotto\\\/sed63002\\\/\",\"name\":\"Sfigmomanometro Boso Medicus Exclusive | Swixed SA\",\"isPartOf\":{\"@id\":\"https:\\\/\\\/swixed.ch\\\/it\\\/#website\"},\"primaryImageOfPage\":{\"@id\":\"https:\\\/\\\/swixed.ch\\\/it\\\/prodotto\\\/sed63002\\\/#primaryimage\"},\"image\":{\"@id\":\"https:\\\/\\\/swixed.ch\\\/it\\\/prodotto\\\/sed63002\\\/#primaryimage\"},\"thumbnailUrl\":\"https:\\\/\\\/swixed.ch\\\/wp-content\\\/uploads\\\/products\\\/boso-medicus-exclusive-01a.png\",\"datePublished\":\"2021-04-26T15:16:57+00:00\",\"dateModified\":\"2026-04-21T05:24:46+00:00\",\"description\":\"Misura la tua pressione sanguigna in modo accurato con il misuratore di pressione BOSO Medicus Exclusive. Memoria per 90 misurazioni e funzione di triplo controllo.\",\"breadcrumb\":{\"@id\":\"https:\\\/\\\/swixed.ch\\\/it\\\/prodotto\\\/sed63002\\\/#breadcrumb\"},\"inLanguage\":\"it-IT\",\"potentialAction\":[{\"@type\":\"ReadAction\",\"target\":[\"https:\\\/\\\/swixed.ch\\\/it\\\/prodotto\\\/sed63002\\\/\"]}]},{\"@type\":\"ImageObject\",\"inLanguage\":\"it-IT\",\"@id\":\"https:\\\/\\\/swixed.ch\\\/it\\\/prodotto\\\/sed63002\\\/#primaryimage\",\"url\":\"https:\\\/\\\/swixed.ch\\\/wp-content\\\/uploads\\\/products\\\/boso-medicus-exclusive-01a.png\",\"contentUrl\":\"https:\\\/\\\/swixed.ch\\\/wp-content\\\/uploads\\\/products\\\/boso-medicus-exclusive-01a.png\",\"width\":600,\"height\":600,\"caption\":\"boso-medicus-exclusive-01a\"},{\"@type\":\"BreadcrumbList\",\"@id\":\"https:\\\/\\\/swixed.ch\\\/it\\\/prodotto\\\/sed63002\\\/#breadcrumb\",\"itemListElement\":[{\"@type\":\"ListItem\",\"position\":1,\"name\":\"Home\",\"item\":\"https:\\\/\\\/swixed.ch\\\/it\\\/home\\\/\"},{\"@type\":\"ListItem\",\"position\":2,\"name\":\"Negozio\",\"item\":\"https:\\\/\\\/swixed.ch\\\/it\\\/shop\\\/\"},{\"@type\":\"ListItem\",\"position\":3,\"name\":\"Sfigmomanometro Boso Medicus Exclusive\"}]},{\"@type\":\"WebSite\",\"@id\":\"https:\\\/\\\/swixed.ch\\\/it\\\/#website\",\"url\":\"https:\\\/\\\/swixed.ch\\\/it\\\/\",\"name\":\"Swixed SA\",\"description\":\"Dispositivi elettronici\",\"publisher\":{\"@id\":\"https:\\\/\\\/swixed.ch\\\/it\\\/#organization\"},\"potentialAction\":[{\"@type\":\"SearchAction\",\"target\":{\"@type\":\"EntryPoint\",\"urlTemplate\":\"https:\\\/\\\/swixed.ch\\\/it\\\/?s={search_term_string}\"},\"query-input\":{\"@type\":\"PropertyValueSpecification\",\"valueRequired\":true,\"valueName\":\"search_term_string\"}}],\"inLanguage\":\"it-IT\"},{\"@type\":\"Organization\",\"@id\":\"https:\\\/\\\/swixed.ch\\\/it\\\/#organization\",\"name\":\"Swixed SA\",\"url\":\"https:\\\/\\\/swixed.ch\\\/it\\\/\",\"logo\":{\"@type\":\"ImageObject\",\"inLanguage\":\"it-IT\",\"@id\":\"https:\\\/\\\/swixed.ch\\\/it\\\/#\\\/schema\\\/logo\\\/image\\\/\",\"url\":\"https:\\\/\\\/swixed.ch\\\/wp-content\\\/uploads\\\/logos\\\/swixed-logo-lite.png\",\"contentUrl\":\"https:\\\/\\\/swixed.ch\\\/wp-content\\\/uploads\\\/logos\\\/swixed-logo-lite.png\",\"width\":696,\"height\":696,\"caption\":\"Swixed SA\"},\"image\":{\"@id\":\"https:\\\/\\\/swixed.ch\\\/it\\\/#\\\/schema\\\/logo\\\/image\\\/\"},\"sameAs\":[\"https:\\\/\\\/www.facebook.com\\\/swixed\",\"https:\\\/\\\/www.linkedin.com\\\/company\\\/swixed\",\"https:\\\/\\\/www.youtube.com\\\/@swixedsa\"],\"description\":\"Swixed SA est une entreprise suisse bas\u00e9e \u00e0 Gen\u00e8ve, sp\u00e9cialis\u00e9e dans la vente, la location et la maintenance d\u2019appareils m\u00e9dicaux professionnels, tels que d\u00e9fibrillateurs AED, \u00e9lectrocardiographes, moniteurs patient et dispositifs de diagnostic.\",\"email\":\"infoshop@swixed.ch\",\"telephone\":\"+41 22 566 11 95\",\"legalName\":\"Swixed SA\",\"foundingDate\":\"2021-03-01\",\"numberOfEmployees\":{\"@type\":\"QuantitativeValue\",\"minValue\":\"1\",\"maxValue\":\"10\"}}]}<\/script>\n<!-- \/ Yoast SEO Premium plugin. -->","yoast_head_json":{"title":"Sfigmomanometro Boso Medicus Exclusive | Swixed SA","description":"Misura la tua pressione sanguigna in modo accurato con il misuratore di pressione BOSO Medicus Exclusive. Memoria per 90 misurazioni e funzione di triplo controllo.","robots":{"index":"index","follow":"follow","max-snippet":"max-snippet:-1","max-image-preview":"max-image-preview:large","max-video-preview":"max-video-preview:-1"},"canonical":"https:\/\/swixed.ch\/it\/prodotto\/sed63002\/","og_locale":"it_IT","og_type":"article","og_title":"Sfigmomanometro Boso Medicus Exclusive","og_description":"Misura la tua pressione sanguigna in modo accurato con il misuratore di pressione BOSO Medicus Exclusive. Memoria per 90 misurazioni e funzione di triplo controllo.","og_url":"https:\/\/swixed.ch\/it\/prodotto\/sed63002\/","og_site_name":"Swixed SA","article_publisher":"https:\/\/www.facebook.com\/swixed","article_modified_time":"2026-04-21T05:24:46+00:00","og_image":[{"width":600,"height":600,"url":"https:\/\/swixed.ch\/wp-content\/uploads\/products\/boso-medicus-exclusive-01a.png","type":"image\/png"}],"twitter_card":"summary_large_image","twitter_misc":{"Tempo di lettura stimato":"1 minuto"},"schema":{"@context":"https:\/\/schema.org","@graph":[{"@type":"WebPage","@id":"https:\/\/swixed.ch\/it\/prodotto\/sed63002\/","url":"https:\/\/swixed.ch\/it\/prodotto\/sed63002\/","name":"Sfigmomanometro Boso Medicus Exclusive | Swixed SA","isPartOf":{"@id":"https:\/\/swixed.ch\/it\/#website"},"primaryImageOfPage":{"@id":"https:\/\/swixed.ch\/it\/prodotto\/sed63002\/#primaryimage"},"image":{"@id":"https:\/\/swixed.ch\/it\/prodotto\/sed63002\/#primaryimage"},"thumbnailUrl":"https:\/\/swixed.ch\/wp-content\/uploads\/products\/boso-medicus-exclusive-01a.png","datePublished":"2021-04-26T15:16:57+00:00","dateModified":"2026-04-21T05:24:46+00:00","description":"Misura la tua pressione sanguigna in modo accurato con il misuratore di pressione BOSO Medicus Exclusive. Memoria per 90 misurazioni e funzione di triplo controllo.","breadcrumb":{"@id":"https:\/\/swixed.ch\/it\/prodotto\/sed63002\/#breadcrumb"},"inLanguage":"it-IT","potentialAction":[{"@type":"ReadAction","target":["https:\/\/swixed.ch\/it\/prodotto\/sed63002\/"]}]},{"@type":"ImageObject","inLanguage":"it-IT","@id":"https:\/\/swixed.ch\/it\/prodotto\/sed63002\/#primaryimage","url":"https:\/\/swixed.ch\/wp-content\/uploads\/products\/boso-medicus-exclusive-01a.png","contentUrl":"https:\/\/swixed.ch\/wp-content\/uploads\/products\/boso-medicus-exclusive-01a.png","width":600,"height":600,"caption":"boso-medicus-exclusive-01a"},{"@type":"BreadcrumbList","@id":"https:\/\/swixed.ch\/it\/prodotto\/sed63002\/#breadcrumb","itemListElement":[{"@type":"ListItem","position":1,"name":"Home","item":"https:\/\/swixed.ch\/it\/home\/"},{"@type":"ListItem","position":2,"name":"Negozio","item":"https:\/\/swixed.ch\/it\/shop\/"},{"@type":"ListItem","position":3,"name":"Sfigmomanometro Boso Medicus Exclusive"}]},{"@type":"WebSite","@id":"https:\/\/swixed.ch\/it\/#website","url":"https:\/\/swixed.ch\/it\/","name":"Swixed SA","description":"Dispositivi elettronici","publisher":{"@id":"https:\/\/swixed.ch\/it\/#organization"},"potentialAction":[{"@type":"SearchAction","target":{"@type":"EntryPoint","urlTemplate":"https:\/\/swixed.ch\/it\/?s={search_term_string}"},"query-input":{"@type":"PropertyValueSpecification","valueRequired":true,"valueName":"search_term_string"}}],"inLanguage":"it-IT"},{"@type":"Organization","@id":"https:\/\/swixed.ch\/it\/#organization","name":"Swixed SA","url":"https:\/\/swixed.ch\/it\/","logo":{"@type":"ImageObject","inLanguage":"it-IT","@id":"https:\/\/swixed.ch\/it\/#\/schema\/logo\/image\/","url":"https:\/\/swixed.ch\/wp-content\/uploads\/logos\/swixed-logo-lite.png","contentUrl":"https:\/\/swixed.ch\/wp-content\/uploads\/logos\/swixed-logo-lite.png","width":696,"height":696,"caption":"Swixed SA"},"image":{"@id":"https:\/\/swixed.ch\/it\/#\/schema\/logo\/image\/"},"sameAs":["https:\/\/www.facebook.com\/swixed","https:\/\/www.linkedin.com\/company\/swixed","https:\/\/www.youtube.com\/@swixedsa"],"description":"Swixed SA est une entreprise suisse bas\u00e9e \u00e0 Gen\u00e8ve, sp\u00e9cialis\u00e9e dans la vente, la location et la maintenance d\u2019appareils m\u00e9dicaux professionnels, tels que d\u00e9fibrillateurs AED, \u00e9lectrocardiographes, moniteurs patient et dispositifs de diagnostic.","email":"infoshop@swixed.ch","telephone":"+41 22 566 11 95","legalName":"Swixed SA","foundingDate":"2021-03-01","numberOfEmployees":{"@type":"QuantitativeValue","minValue":"1","maxValue":"10"}}]}},"_links":{"self":[{"href":"https:\/\/swixed.ch\/it\/wp-json\/wp\/v2\/product\/33291","targetHints":{"allow":["GET"]}}],"collection":[{"href":"https:\/\/swixed.ch\/it\/wp-json\/wp\/v2\/product"}],"about":[{"href":"https:\/\/swixed.ch\/it\/wp-json\/wp\/v2\/types\/product"}],"version-history":[{"count":1,"href":"https:\/\/swixed.ch\/it\/wp-json\/wp\/v2\/product\/33291\/revisions"}],"predecessor-version":[{"id":63035,"href":"https:\/\/swixed.ch\/it\/wp-json\/wp\/v2\/product\/33291\/revisions\/63035"}],"wp:featuredmedia":[{"embeddable":true,"href":"https:\/\/swixed.ch\/it\/wp-json\/wp\/v2\/media\/28880"}],"wp:attachment":[{"href":"https:\/\/swixed.ch\/it\/wp-json\/wp\/v2\/media?parent=33291"}],"wp:term":[{"taxonomy":"product_brand","embeddable":true,"href":"https:\/\/swixed.ch\/it\/wp-json\/wp\/v2\/product_brand?post=33291"},{"taxonomy":"product_cat","embeddable":true,"href":"https:\/\/swixed.ch\/it\/wp-json\/wp\/v2\/product_cat?post=33291"},{"taxonomy":"product_tag","embeddable":true,"href":"https:\/\/swixed.ch\/it\/wp-json\/wp\/v2\/product_tag?post=33291"}],"curies":[{"name":"wp","href":"https:\/\/api.w.org\/{rel}","templated":true}]}}