{"id":33295,"date":"2021-04-27T08:34:03","date_gmt":"2021-04-27T07:34:03","guid":{"rendered":"https:\/\/swixed.com\/produit\/monitor-fetale-gemellare-edan-f2\/"},"modified":"2026-04-20T18:58:18","modified_gmt":"2026-04-20T17:58:18","slug":"sed40001","status":"publish","type":"product","link":"https:\/\/swixed.ch\/it\/prodotto\/sed40001\/","title":{"rendered":"Cardiotocografo Edan F2"},"content":{"rendered":"\t\t<div data-elementor-type=\"product-post\" data-elementor-id=\"33295\" class=\"elementor elementor-33295 elementor-3156\" data-elementor-post-type=\"product\">\n\t\t\t\t\t\t<section class=\"elementor-section elementor-top-section elementor-element elementor-element-566dfe8 elementor-section-full_width elementor-section-height-default elementor-section-height-default\" data-id=\"566dfe8\" data-element_type=\"section\" data-e-type=\"section\">\n\t\t\t\t\t\t<div class=\"elementor-container elementor-column-gap-default\">\n\t\t\t\t\t<div class=\"elementor-column elementor-col-100 elementor-top-column elementor-element elementor-element-2c4618e\" data-id=\"2c4618e\" data-element_type=\"column\" data-e-type=\"column\">\n\t\t\t<div class=\"elementor-widget-wrap elementor-element-populated\">\n\t\t\t\t\t\t<div class=\"elementor-element elementor-element-57fea7d elementor-widget elementor-widget-heading\" data-id=\"57fea7d\" data-element_type=\"widget\" data-e-type=\"widget\" data-widget_type=\"heading.default\">\n\t\t\t\t\t<h2 class=\"elementor-heading-title elementor-size-default\">Descrizione<\/h2>\t\t\t\t<\/div>\n\t\t\t\t<div class=\"elementor-element elementor-element-e0a279c elementor-widget elementor-widget-text-editor\" data-id=\"e0a279c\" data-element_type=\"widget\" data-e-type=\"widget\" data-widget_type=\"text-editor.default\">\n\t\t\t\t\t\t\t\t\t<p>L&#8217;<strong>Edan F2<\/strong> \u00e8 un monitor fetale gemellare, noto anche come cardiotocografo. \u00c8 dotato di 2 canali RCF e di un canale TOCO esterno. Si tratta di un dispositivo robusto e leggero, che pesa solo 3,5 kg e quindi \u00e8 facile da trasportare per i consulti a domicilio.  <\/p><p>I sensori impermeabili IPX8 di Edan F2 hanno una sensibilit\u00e0 molto elevata (frequenza ottimale di 1 MHz) per una migliore penetrazione delle onde e la protezione dei tessuti fetali.<\/p><p>I movimenti fetali possono essere rilevati automaticamente o manualmente.<\/p><p><strong>Calcolo della STV<\/strong>: questo programma viene utilizzato per monitorare il ritardo di crescita intrauterino (IUGR). Analizza la frequenza cardiaca fetale e calcola la variabilit\u00e0 a breve termine. Questa opzione \u00e8 integrata nel cardiotocografo F2.  <\/p><p>La batteria ricaricabile non ha effetto memoria, quindi l&#8217;Edan F2 pu\u00f2 essere utilizzato mentre \u00e8 in carica. Il monitoraggio F2 funziona anche se collegato direttamente alla rete elettrica. <\/p><p>Questo monitor fetale offre una velocit\u00e0 di stampa elevata (1, 2 o 3 cm\/minuto) grazie alla stampante termica integrata ad alta risoluzione. La sua memoria di grande capacit\u00e0 ti permette di rivedere fino a 60 ore di tracciati. <\/p><p>Sono disponibili tre modalit\u00e0 di visualizzazione: Tracciato + valori, Solo tracciato o Solo valori.<\/p><p>La tecnologia SOV per le gravidanze gemellari (verifica automatica dei segnali incrociati) \u00e8 inclusa. Sono inoltre disponibili marcatori di eventi, avvisi acustici e visivi. <\/p><p>Il dispositivo dispone di un software integrato per: il trasferimento dei dati in tempo reale, la registrazione degli eventi, i file dei pazienti, la cronologia delle sessioni registrate, la stampa su carta A4, l&#8217;invio di e-mail, l&#8217;esportazione, ecc.<\/p>\t\t\t\t\t\t\t\t<\/div>\n\t\t\t\t<div class=\"elementor-element elementor-element-815501b elementor-widget elementor-widget-heading\" data-id=\"815501b\" data-element_type=\"widget\" data-e-type=\"widget\" data-widget_type=\"heading.default\">\n\t\t\t\t\t<h2 class=\"elementor-heading-title elementor-size-default\">Contenuto<\/h2>\t\t\t\t<\/div>\n\t\t\t\t<div class=\"elementor-element elementor-element-7b75745 elementor-widget elementor-widget-text-editor\" data-id=\"7b75745\" data-element_type=\"widget\" data-e-type=\"widget\" data-widget_type=\"text-editor.default\">\n\t\t\t\t\t\t\t\t\t<ul><li>1 sensore TOCO esterno<\/li><li>2 sensori RCF<\/li><li>1 mazzo di carta<\/li><li>1 custodia per il trasporto<\/li><li>Batteria al litio<\/li><li>2 fasce addominali<\/li><li>1 cavo di alimentazione<\/li><li>Manuale e guide per l&#8217;utente in francese,<\/li><li>VCT incluso<\/li><\/ul>\t\t\t\t\t\t\t\t<\/div>\n\t\t\t\t\t<\/div>\n\t\t<\/div>\n\t\t\t\t\t<\/div>\n\t\t<\/section>\n\t\t\t\t<\/div>\n\t\t","protected":false},"excerpt":{"rendered":"<p>Dispositivo portatile a doppio canale con sensori impermeabili IPX8, display a colori e connettivit\u00e0 VCT. L&#8217;F2 pu\u00f2 essere utilizzato in ambienti professionali per registrare dati tecnici utilizzando sensori di superficie. Funziona a batteria ricaricabile o a rete. Questo prodotto \u00e8 destinato esclusivamente a un uso supervisionato e non sostituisce le apparecchiature mediche per uso clinico.   <\/p>\n","protected":false},"featured_media":47067,"template":"","meta":{"_acf_changed":false},"product_brand":[2082],"product_cat":[1113,1117],"product_tag":[961,1126,1120,1097,1131,1129,1123],"class_list":{"0":"post-33295","1":"product","2":"type-product","3":"status-publish","4":"has-post-thumbnail","6":"product_brand-edan-it","7":"product_cat-cardiotocografi","8":"product_cat-apparecchi-cardiotocografi","9":"product_tag-cardiologia-it","10":"product_tag-ctg-it","11":"product_tag-fetale","12":"product_tag-monitoraggio","13":"product_tag-rcf-it","14":"product_tag-toco-it","15":"product_tag-vtc-it","16":"product_shipping_class-spedizione-gratuita","18":"first","19":"instock","20":"taxable","21":"shipping-taxable","22":"purchasable","23":"product-type-simple"},"acf":[],"yoast_head":"<!-- This site is optimized with the Yoast SEO Premium plugin v27.4 (Yoast SEO v27.4) - https:\/\/yoast.com\/product\/yoast-seo-premium-wordpress\/ -->\n<title>Cardiotocografo Cardiotocografo Edan F2 | Swixed SA - Monitor fetale gemellare<\/title>\n<meta name=\"description\" content=\"L&#039;Edan F2 \u00e8 un monitor fetale gemellare, noto anche come cardiotocografo. \u00c8 dotato di 2 canali RCF e un canale Toco.\" \/>\n<meta name=\"robots\" content=\"index, follow, max-snippet:-1, max-image-preview:large, max-video-preview:-1\" \/>\n<link rel=\"canonical\" href=\"https:\/\/swixed.ch\/it\/prodotto\/sed40001\/\" \/>\n<meta property=\"og:locale\" content=\"it_IT\" \/>\n<meta property=\"og:type\" content=\"article\" \/>\n<meta property=\"og:title\" content=\"Cardiotocografo Edan F2\" \/>\n<meta property=\"og:description\" content=\"L&#039;Edan F2 \u00e8 un monitor fetale gemellare, noto anche come cardiotocografo. \u00c8 dotato di 2 canali RCF e un canale Toco.\" \/>\n<meta property=\"og:url\" content=\"https:\/\/swixed.ch\/it\/prodotto\/sed40001\/\" \/>\n<meta property=\"og:site_name\" content=\"Swixed SA\" \/>\n<meta property=\"article:publisher\" content=\"https:\/\/www.facebook.com\/swixed\" \/>\n<meta property=\"article:modified_time\" content=\"2026-04-20T17:58:18+00:00\" \/>\n<meta property=\"og:image\" content=\"https:\/\/swixed.ch\/wp-content\/uploads\/products\/edan-f2-01a.png\" \/>\n\t<meta property=\"og:image:width\" content=\"600\" \/>\n\t<meta property=\"og:image:height\" content=\"600\" \/>\n\t<meta property=\"og:image:type\" content=\"image\/png\" \/>\n<meta name=\"twitter:card\" content=\"summary_large_image\" \/>\n<meta name=\"twitter:label1\" content=\"Tempo di lettura stimato\" \/>\n\t<meta name=\"twitter:data1\" content=\"1 minuto\" \/>\n<script type=\"application\/ld+json\" class=\"yoast-schema-graph\">{\"@context\":\"https:\\\/\\\/schema.org\",\"@graph\":[{\"@type\":\"WebPage\",\"@id\":\"https:\\\/\\\/swixed.ch\\\/it\\\/prodotto\\\/sed40001\\\/\",\"url\":\"https:\\\/\\\/swixed.ch\\\/it\\\/prodotto\\\/sed40001\\\/\",\"name\":\"Cardiotocografo Cardiotocografo Edan F2 | Swixed SA - Monitor fetale gemellare\",\"isPartOf\":{\"@id\":\"https:\\\/\\\/swixed.ch\\\/it\\\/#website\"},\"primaryImageOfPage\":{\"@id\":\"https:\\\/\\\/swixed.ch\\\/it\\\/prodotto\\\/sed40001\\\/#primaryimage\"},\"image\":{\"@id\":\"https:\\\/\\\/swixed.ch\\\/it\\\/prodotto\\\/sed40001\\\/#primaryimage\"},\"thumbnailUrl\":\"https:\\\/\\\/swixed.ch\\\/wp-content\\\/uploads\\\/products\\\/edan-f2-01a.png\",\"datePublished\":\"2021-04-27T07:34:03+00:00\",\"dateModified\":\"2026-04-20T17:58:18+00:00\",\"description\":\"L'Edan F2 \u00e8 un monitor fetale gemellare, noto anche come cardiotocografo. \u00c8 dotato di 2 canali RCF e un canale Toco.\",\"breadcrumb\":{\"@id\":\"https:\\\/\\\/swixed.ch\\\/it\\\/prodotto\\\/sed40001\\\/#breadcrumb\"},\"inLanguage\":\"it-IT\",\"potentialAction\":[{\"@type\":\"ReadAction\",\"target\":[\"https:\\\/\\\/swixed.ch\\\/it\\\/prodotto\\\/sed40001\\\/\"]}]},{\"@type\":\"ImageObject\",\"inLanguage\":\"it-IT\",\"@id\":\"https:\\\/\\\/swixed.ch\\\/it\\\/prodotto\\\/sed40001\\\/#primaryimage\",\"url\":\"https:\\\/\\\/swixed.ch\\\/wp-content\\\/uploads\\\/products\\\/edan-f2-01a.png\",\"contentUrl\":\"https:\\\/\\\/swixed.ch\\\/wp-content\\\/uploads\\\/products\\\/edan-f2-01a.png\",\"width\":600,\"height\":600,\"caption\":\"edan f2\"},{\"@type\":\"BreadcrumbList\",\"@id\":\"https:\\\/\\\/swixed.ch\\\/it\\\/prodotto\\\/sed40001\\\/#breadcrumb\",\"itemListElement\":[{\"@type\":\"ListItem\",\"position\":1,\"name\":\"Home\",\"item\":\"https:\\\/\\\/swixed.ch\\\/it\\\/home\\\/\"},{\"@type\":\"ListItem\",\"position\":2,\"name\":\"Negozio\",\"item\":\"https:\\\/\\\/swixed.ch\\\/it\\\/shop\\\/\"},{\"@type\":\"ListItem\",\"position\":3,\"name\":\"Cardiotocografo Edan F2\"}]},{\"@type\":\"WebSite\",\"@id\":\"https:\\\/\\\/swixed.ch\\\/it\\\/#website\",\"url\":\"https:\\\/\\\/swixed.ch\\\/it\\\/\",\"name\":\"Swixed SA\",\"description\":\"Dispositivi elettronici\",\"publisher\":{\"@id\":\"https:\\\/\\\/swixed.ch\\\/it\\\/#organization\"},\"potentialAction\":[{\"@type\":\"SearchAction\",\"target\":{\"@type\":\"EntryPoint\",\"urlTemplate\":\"https:\\\/\\\/swixed.ch\\\/it\\\/?s={search_term_string}\"},\"query-input\":{\"@type\":\"PropertyValueSpecification\",\"valueRequired\":true,\"valueName\":\"search_term_string\"}}],\"inLanguage\":\"it-IT\"},{\"@type\":\"Organization\",\"@id\":\"https:\\\/\\\/swixed.ch\\\/it\\\/#organization\",\"name\":\"Swixed SA\",\"url\":\"https:\\\/\\\/swixed.ch\\\/it\\\/\",\"logo\":{\"@type\":\"ImageObject\",\"inLanguage\":\"it-IT\",\"@id\":\"https:\\\/\\\/swixed.ch\\\/it\\\/#\\\/schema\\\/logo\\\/image\\\/\",\"url\":\"https:\\\/\\\/swixed.ch\\\/wp-content\\\/uploads\\\/logos\\\/swixed-logo-lite.png\",\"contentUrl\":\"https:\\\/\\\/swixed.ch\\\/wp-content\\\/uploads\\\/logos\\\/swixed-logo-lite.png\",\"width\":696,\"height\":696,\"caption\":\"Swixed SA\"},\"image\":{\"@id\":\"https:\\\/\\\/swixed.ch\\\/it\\\/#\\\/schema\\\/logo\\\/image\\\/\"},\"sameAs\":[\"https:\\\/\\\/www.facebook.com\\\/swixed\",\"https:\\\/\\\/www.linkedin.com\\\/company\\\/swixed\",\"https:\\\/\\\/www.youtube.com\\\/@swixedsa\"],\"description\":\"Swixed SA est une entreprise suisse bas\u00e9e \u00e0 Gen\u00e8ve, sp\u00e9cialis\u00e9e dans la vente, la location et la maintenance d\u2019appareils m\u00e9dicaux professionnels, tels que d\u00e9fibrillateurs AED, \u00e9lectrocardiographes, moniteurs patient et dispositifs de diagnostic.\",\"email\":\"infoshop@swixed.ch\",\"telephone\":\"+41 22 566 11 95\",\"legalName\":\"Swixed SA\",\"foundingDate\":\"2021-03-01\",\"numberOfEmployees\":{\"@type\":\"QuantitativeValue\",\"minValue\":\"1\",\"maxValue\":\"10\"}}]}<\/script>\n<!-- \/ Yoast SEO Premium plugin. -->","yoast_head_json":{"title":"Cardiotocografo Cardiotocografo Edan F2 | Swixed SA - Monitor fetale gemellare","description":"L'Edan F2 \u00e8 un monitor fetale gemellare, noto anche come cardiotocografo. \u00c8 dotato di 2 canali RCF e un canale Toco.","robots":{"index":"index","follow":"follow","max-snippet":"max-snippet:-1","max-image-preview":"max-image-preview:large","max-video-preview":"max-video-preview:-1"},"canonical":"https:\/\/swixed.ch\/it\/prodotto\/sed40001\/","og_locale":"it_IT","og_type":"article","og_title":"Cardiotocografo Edan F2","og_description":"L'Edan F2 \u00e8 un monitor fetale gemellare, noto anche come cardiotocografo. \u00c8 dotato di 2 canali RCF e un canale Toco.","og_url":"https:\/\/swixed.ch\/it\/prodotto\/sed40001\/","og_site_name":"Swixed SA","article_publisher":"https:\/\/www.facebook.com\/swixed","article_modified_time":"2026-04-20T17:58:18+00:00","og_image":[{"width":600,"height":600,"url":"https:\/\/swixed.ch\/wp-content\/uploads\/products\/edan-f2-01a.png","type":"image\/png"}],"twitter_card":"summary_large_image","twitter_misc":{"Tempo di lettura stimato":"1 minuto"},"schema":{"@context":"https:\/\/schema.org","@graph":[{"@type":"WebPage","@id":"https:\/\/swixed.ch\/it\/prodotto\/sed40001\/","url":"https:\/\/swixed.ch\/it\/prodotto\/sed40001\/","name":"Cardiotocografo Cardiotocografo Edan F2 | Swixed SA - Monitor fetale gemellare","isPartOf":{"@id":"https:\/\/swixed.ch\/it\/#website"},"primaryImageOfPage":{"@id":"https:\/\/swixed.ch\/it\/prodotto\/sed40001\/#primaryimage"},"image":{"@id":"https:\/\/swixed.ch\/it\/prodotto\/sed40001\/#primaryimage"},"thumbnailUrl":"https:\/\/swixed.ch\/wp-content\/uploads\/products\/edan-f2-01a.png","datePublished":"2021-04-27T07:34:03+00:00","dateModified":"2026-04-20T17:58:18+00:00","description":"L'Edan F2 \u00e8 un monitor fetale gemellare, noto anche come cardiotocografo. \u00c8 dotato di 2 canali RCF e un canale Toco.","breadcrumb":{"@id":"https:\/\/swixed.ch\/it\/prodotto\/sed40001\/#breadcrumb"},"inLanguage":"it-IT","potentialAction":[{"@type":"ReadAction","target":["https:\/\/swixed.ch\/it\/prodotto\/sed40001\/"]}]},{"@type":"ImageObject","inLanguage":"it-IT","@id":"https:\/\/swixed.ch\/it\/prodotto\/sed40001\/#primaryimage","url":"https:\/\/swixed.ch\/wp-content\/uploads\/products\/edan-f2-01a.png","contentUrl":"https:\/\/swixed.ch\/wp-content\/uploads\/products\/edan-f2-01a.png","width":600,"height":600,"caption":"edan f2"},{"@type":"BreadcrumbList","@id":"https:\/\/swixed.ch\/it\/prodotto\/sed40001\/#breadcrumb","itemListElement":[{"@type":"ListItem","position":1,"name":"Home","item":"https:\/\/swixed.ch\/it\/home\/"},{"@type":"ListItem","position":2,"name":"Negozio","item":"https:\/\/swixed.ch\/it\/shop\/"},{"@type":"ListItem","position":3,"name":"Cardiotocografo Edan F2"}]},{"@type":"WebSite","@id":"https:\/\/swixed.ch\/it\/#website","url":"https:\/\/swixed.ch\/it\/","name":"Swixed SA","description":"Dispositivi elettronici","publisher":{"@id":"https:\/\/swixed.ch\/it\/#organization"},"potentialAction":[{"@type":"SearchAction","target":{"@type":"EntryPoint","urlTemplate":"https:\/\/swixed.ch\/it\/?s={search_term_string}"},"query-input":{"@type":"PropertyValueSpecification","valueRequired":true,"valueName":"search_term_string"}}],"inLanguage":"it-IT"},{"@type":"Organization","@id":"https:\/\/swixed.ch\/it\/#organization","name":"Swixed SA","url":"https:\/\/swixed.ch\/it\/","logo":{"@type":"ImageObject","inLanguage":"it-IT","@id":"https:\/\/swixed.ch\/it\/#\/schema\/logo\/image\/","url":"https:\/\/swixed.ch\/wp-content\/uploads\/logos\/swixed-logo-lite.png","contentUrl":"https:\/\/swixed.ch\/wp-content\/uploads\/logos\/swixed-logo-lite.png","width":696,"height":696,"caption":"Swixed SA"},"image":{"@id":"https:\/\/swixed.ch\/it\/#\/schema\/logo\/image\/"},"sameAs":["https:\/\/www.facebook.com\/swixed","https:\/\/www.linkedin.com\/company\/swixed","https:\/\/www.youtube.com\/@swixedsa"],"description":"Swixed SA est une entreprise suisse bas\u00e9e \u00e0 Gen\u00e8ve, sp\u00e9cialis\u00e9e dans la vente, la location et la maintenance d\u2019appareils m\u00e9dicaux professionnels, tels que d\u00e9fibrillateurs AED, \u00e9lectrocardiographes, moniteurs patient et dispositifs de diagnostic.","email":"infoshop@swixed.ch","telephone":"+41 22 566 11 95","legalName":"Swixed SA","foundingDate":"2021-03-01","numberOfEmployees":{"@type":"QuantitativeValue","minValue":"1","maxValue":"10"}}]}},"_links":{"self":[{"href":"https:\/\/swixed.ch\/it\/wp-json\/wp\/v2\/product\/33295","targetHints":{"allow":["GET"]}}],"collection":[{"href":"https:\/\/swixed.ch\/it\/wp-json\/wp\/v2\/product"}],"about":[{"href":"https:\/\/swixed.ch\/it\/wp-json\/wp\/v2\/types\/product"}],"version-history":[{"count":1,"href":"https:\/\/swixed.ch\/it\/wp-json\/wp\/v2\/product\/33295\/revisions"}],"predecessor-version":[{"id":62965,"href":"https:\/\/swixed.ch\/it\/wp-json\/wp\/v2\/product\/33295\/revisions\/62965"}],"wp:featuredmedia":[{"embeddable":true,"href":"https:\/\/swixed.ch\/it\/wp-json\/wp\/v2\/media\/47067"}],"wp:attachment":[{"href":"https:\/\/swixed.ch\/it\/wp-json\/wp\/v2\/media?parent=33295"}],"wp:term":[{"taxonomy":"product_brand","embeddable":true,"href":"https:\/\/swixed.ch\/it\/wp-json\/wp\/v2\/product_brand?post=33295"},{"taxonomy":"product_cat","embeddable":true,"href":"https:\/\/swixed.ch\/it\/wp-json\/wp\/v2\/product_cat?post=33295"},{"taxonomy":"product_tag","embeddable":true,"href":"https:\/\/swixed.ch\/it\/wp-json\/wp\/v2\/product_tag?post=33295"}],"curies":[{"name":"wp","href":"https:\/\/api.w.org\/{rel}","templated":true}]}}