{"id":33297,"date":"2021-04-27T15:01:18","date_gmt":"2021-04-27T14:01:18","guid":{"rendered":"https:\/\/swixed.com\/produit\/elettrodi-skintact-t-vo01\/"},"modified":"2026-04-19T16:19:26","modified_gmt":"2026-04-19T15:19:26","slug":"sed17004","status":"publish","type":"product","link":"https:\/\/swixed.ch\/it\/prodotto\/sed17004\/","title":{"rendered":"Elettrodi Skintact T-VO01"},"content":{"rendered":"\t\t<div data-elementor-type=\"product-post\" data-elementor-id=\"33297\" class=\"elementor elementor-33297 elementor-3218\" data-elementor-post-type=\"product\">\n\t\t\t\t\t\t<section class=\"elementor-section elementor-top-section elementor-element elementor-element-fee15ff elementor-section-full_width elementor-section-height-default elementor-section-height-default\" data-id=\"fee15ff\" data-element_type=\"section\" data-e-type=\"section\">\n\t\t\t\t\t\t<div class=\"elementor-container elementor-column-gap-default\">\n\t\t\t\t\t<div class=\"elementor-column elementor-col-100 elementor-top-column elementor-element elementor-element-8bfc968\" data-id=\"8bfc968\" data-element_type=\"column\" data-e-type=\"column\">\n\t\t\t<div class=\"elementor-widget-wrap elementor-element-populated\">\n\t\t\t\t\t\t<div class=\"elementor-element elementor-element-c1564b6 elementor-widget elementor-widget-heading\" data-id=\"c1564b6\" data-element_type=\"widget\" data-e-type=\"widget\" data-widget_type=\"heading.default\">\n\t\t\t\t\t<h2 class=\"elementor-heading-title elementor-size-default\">Adesione e prestazioni sostenibili<\/h2>\t\t\t\t<\/div>\n\t\t\t\t<div class=\"elementor-element elementor-element-5a1f6aa elementor-widget elementor-widget-text-editor\" data-id=\"5a1f6aa\" data-element_type=\"widget\" data-e-type=\"widget\" data-widget_type=\"text-editor.default\">\n\t\t\t\t\t\t\t\t\tGli elettrodi ECG Skintact T-VO01 garantiscono un fissaggio affidabile grazie all&#8217;adesivo rinforzato e al supporto in schiuma PE. Inoltre, rimangono stabili anche in caso di sudorazione abbondante. Di conseguenza, sono adatti anche per esami come l&#8217;ecocardiogramma. Possono essere utilizzati fino a 72 ore.   \t\t\t\t\t\t\t\t<\/div>\n\t\t\t\t<div class=\"elementor-element elementor-element-7b54600 elementor-widget elementor-widget-heading\" data-id=\"7b54600\" data-element_type=\"widget\" data-e-type=\"widget\" data-widget_type=\"heading.default\">\n\t\t\t\t\t<h2 class=\"elementor-heading-title elementor-size-default\">Comfort della pelle e facilit\u00e0 d'uso<\/h2>\t\t\t\t<\/div>\n\t\t\t\t<div class=\"elementor-element elementor-element-30db5d7 elementor-widget elementor-widget-text-editor\" data-id=\"30db5d7\" data-element_type=\"widget\" data-e-type=\"widget\" data-widget_type=\"text-editor.default\">\n\t\t\t\t\t\t\t\t\tQuesti elettrodi sono progettati con un gel liquido e un supporto microporoso. Questo permette alla pelle di respirare pi\u00f9 facilmente e riduce le irritazioni. La confezione a bustina \u00e8 facile da aprire. Inoltre, i connettori decentrati semplificano l&#8217;inserimento e la rimozione, migliorando il lavoro quotidiano.   \t\t\t\t\t\t\t\t<\/div>\n\t\t\t\t<div class=\"elementor-element elementor-element-9bfcf8a elementor-widget elementor-widget-heading\" data-id=\"9bfcf8a\" data-element_type=\"widget\" data-e-type=\"widget\" data-widget_type=\"heading.default\">\n\t\t\t\t\t<h2 class=\"elementor-heading-title elementor-size-default\">Tecnologia innovativa per una migliore qualit\u00e0 del segnale<\/h2>\t\t\t\t<\/div>\n\t\t\t\t<div class=\"elementor-element elementor-element-1e882a0 elementor-widget elementor-widget-text-editor\" data-id=\"1e882a0\" data-element_type=\"widget\" data-e-type=\"widget\" data-widget_type=\"text-editor.default\">\n\t\t\t\t\t\t\t\t\t<p>L&#8217;anello adesivo protegge il gel dall&#8217;essiccazione. In questo modo, il segnale rimane stabile e gli artefatti sono ridotti. Questo design migliora l&#8217;affidabilit\u00e0 degli esami ECG.  <\/p><p><strong>Caratteristiche principali:<\/strong><\/p><ul><li>Uso di Holter e test da sforzo<\/li><li>Durata massima: 72 ore<\/li><li>Gel liquido microporoso<\/li><li>Ipoallergenico e traspirante<\/li><li>Supporto impermeabile in schiuma PE<\/li><li>Connettori ottimizzati per cavi ECG<\/li><\/ul>\t\t\t\t\t\t\t\t<\/div>\n\t\t\t\t<div class=\"elementor-element elementor-element-393a68c elementor-widget elementor-widget-heading\" data-id=\"393a68c\" data-element_type=\"widget\" data-e-type=\"widget\" data-widget_type=\"heading.default\">\n\t\t\t\t\t<h2 class=\"elementor-heading-title elementor-size-default\">Conformit\u00e0 e standard<\/h2>\t\t\t\t<\/div>\n\t\t\t\t<div class=\"elementor-element elementor-element-ef11d89 elementor-widget elementor-widget-text-editor\" data-id=\"ef11d89\" data-element_type=\"widget\" data-e-type=\"widget\" data-widget_type=\"text-editor.default\">\n\t\t\t\t\t\t\t\t\tGli elettrodi ECG Skintact T-VO01 soddisfano i requisiti di qualit\u00e0 e sicurezza applicabili ai materiali medici di consumo utilizzati negli esami elettrocardiografici. Sono prodotti in conformit\u00e0 alle direttive del produttore e sono conformi agli standard internazionali per i dispositivi medici per uso professionale. In Svizzera, l&#8217;Ufficio Federale della Sanit\u00e0 Pubblica (UFSP) emette raccomandazioni sull&#8217;uso e la gestione delle apparecchiature mediche.  \n\nPer maggiori informazioni, consulta :\n<ul>\n \t<li><a href=\"https:\/\/www.bag.admin.ch\" target=\"_blank\" rel=\"noopener\">Ufficio federale della sanit\u00e0 pubblica (UFSP)<\/a><\/li>\n<\/ul>\n\t\t\t\t\t\t\t\t<\/div>\n\t\t\t\t\t<\/div>\n\t\t<\/div>\n\t\t\t\t\t<\/div>\n\t\t<\/section>\n\t\t\t\t<\/div>\n\t\t","protected":false},"excerpt":{"rendered":"<p>Gli elettrodi ECG Skintact T-VO01 sono progettati per l&#8217;acquisizione di segnali elettrici in cardiologia tecnica. Sono dotati di un supporto microporoso combinato con un gel liquido che garantisce un fissaggio stabile fino a 72 ore. Ogni elettrodo \u00e8 confezionato in una pratica borsa e dotato di connettori ottimizzati per un utilizzo affidabile. Modello certificato CE.   <\/p>\n","protected":false},"featured_media":27332,"template":"","meta":{"_acf_changed":false},"product_brand":[2188],"product_cat":[966,1094,1092,1093],"product_tag":[985,1096,1095,1097],"class_list":{"0":"post-33297","1":"product","2":"type-product","3":"status-publish","4":"has-post-thumbnail","6":"product_brand-skintact-it","7":"product_cat-elettrocardiografi","8":"product_cat-consumabili-monitor-pazienti","9":"product_cat-consumabili-elettrocardiografi","10":"product_cat-monitor-pazienti","11":"product_tag-ecg-it","12":"product_tag-elettrocardiografi","13":"product_tag-elettrodi","14":"product_tag-monitoraggio","16":"first","17":"instock","18":"taxable","19":"shipping-taxable","20":"purchasable","21":"product-type-variable","22":"has-default-attributes"},"acf":[],"yoast_head":"<!-- This site is optimized with the Yoast SEO Premium plugin v27.4 (Yoast SEO v27.4) - https:\/\/yoast.com\/product\/yoast-seo-premium-wordpress\/ -->\n<title>Skintact T-VO01 | Swixed SA<\/title>\n<meta name=\"description\" content=\"Elettrodi ECG Skintact T-VO01 per Holter e test da sforzo. Ipoallergenici, microporosi, con adesione rinforzata e comfort ottimale.\" \/>\n<meta name=\"robots\" content=\"index, follow, max-snippet:-1, max-image-preview:large, max-video-preview:-1\" \/>\n<link rel=\"canonical\" href=\"https:\/\/swixed.ch\/it\/prodotto\/sed17004\/\" \/>\n<meta property=\"og:locale\" content=\"it_IT\" \/>\n<meta property=\"og:type\" content=\"article\" \/>\n<meta property=\"og:title\" content=\"Elettrodi Skintact T-VO01\" \/>\n<meta property=\"og:description\" content=\"Elettrodi ECG Skintact T-VO01 per Holter e test da sforzo. Ipoallergenici, microporosi, con adesione rinforzata e comfort ottimale.\" \/>\n<meta property=\"og:url\" content=\"https:\/\/swixed.ch\/it\/prodotto\/sed17004\/\" \/>\n<meta property=\"og:site_name\" content=\"Swixed SA\" \/>\n<meta property=\"article:publisher\" content=\"https:\/\/www.facebook.com\/swixed\" \/>\n<meta property=\"article:modified_time\" content=\"2026-04-19T15:19:26+00:00\" \/>\n<meta property=\"og:image\" content=\"https:\/\/swixed.ch\/wp-content\/uploads\/products\/skintact-t-vo01-01.png\" \/>\n\t<meta property=\"og:image:width\" content=\"600\" \/>\n\t<meta property=\"og:image:height\" content=\"600\" \/>\n\t<meta property=\"og:image:type\" content=\"image\/png\" \/>\n<meta name=\"twitter:card\" content=\"summary_large_image\" \/>\n<meta name=\"twitter:label1\" content=\"Tempo di lettura stimato\" \/>\n\t<meta name=\"twitter:data1\" content=\"1 minuto\" \/>\n<script type=\"application\/ld+json\" class=\"yoast-schema-graph\">{\"@context\":\"https:\\\/\\\/schema.org\",\"@graph\":[{\"@type\":\"WebPage\",\"@id\":\"https:\\\/\\\/swixed.ch\\\/it\\\/prodotto\\\/sed17004\\\/\",\"url\":\"https:\\\/\\\/swixed.ch\\\/it\\\/prodotto\\\/sed17004\\\/\",\"name\":\"Skintact T-VO01 | Swixed SA\",\"isPartOf\":{\"@id\":\"https:\\\/\\\/swixed.ch\\\/it\\\/#website\"},\"primaryImageOfPage\":{\"@id\":\"https:\\\/\\\/swixed.ch\\\/it\\\/prodotto\\\/sed17004\\\/#primaryimage\"},\"image\":{\"@id\":\"https:\\\/\\\/swixed.ch\\\/it\\\/prodotto\\\/sed17004\\\/#primaryimage\"},\"thumbnailUrl\":\"https:\\\/\\\/swixed.ch\\\/wp-content\\\/uploads\\\/products\\\/skintact-t-vo01-01.png\",\"datePublished\":\"2021-04-27T14:01:18+00:00\",\"dateModified\":\"2026-04-19T15:19:26+00:00\",\"description\":\"Elettrodi ECG Skintact T-VO01 per Holter e test da sforzo. Ipoallergenici, microporosi, con adesione rinforzata e comfort ottimale.\",\"breadcrumb\":{\"@id\":\"https:\\\/\\\/swixed.ch\\\/it\\\/prodotto\\\/sed17004\\\/#breadcrumb\"},\"inLanguage\":\"it-IT\",\"potentialAction\":[{\"@type\":\"ReadAction\",\"target\":[\"https:\\\/\\\/swixed.ch\\\/it\\\/prodotto\\\/sed17004\\\/\"]}]},{\"@type\":\"ImageObject\",\"inLanguage\":\"it-IT\",\"@id\":\"https:\\\/\\\/swixed.ch\\\/it\\\/prodotto\\\/sed17004\\\/#primaryimage\",\"url\":\"https:\\\/\\\/swixed.ch\\\/wp-content\\\/uploads\\\/products\\\/skintact-t-vo01-01.png\",\"contentUrl\":\"https:\\\/\\\/swixed.ch\\\/wp-content\\\/uploads\\\/products\\\/skintact-t-vo01-01.png\",\"width\":600,\"height\":600,\"caption\":\"skintact-to01-01\"},{\"@type\":\"BreadcrumbList\",\"@id\":\"https:\\\/\\\/swixed.ch\\\/it\\\/prodotto\\\/sed17004\\\/#breadcrumb\",\"itemListElement\":[{\"@type\":\"ListItem\",\"position\":1,\"name\":\"Home\",\"item\":\"https:\\\/\\\/swixed.ch\\\/it\\\/home\\\/\"},{\"@type\":\"ListItem\",\"position\":2,\"name\":\"Negozio\",\"item\":\"https:\\\/\\\/swixed.ch\\\/it\\\/shop\\\/\"},{\"@type\":\"ListItem\",\"position\":3,\"name\":\"Elettrodi Skintact T-VO01\"}]},{\"@type\":\"WebSite\",\"@id\":\"https:\\\/\\\/swixed.ch\\\/it\\\/#website\",\"url\":\"https:\\\/\\\/swixed.ch\\\/it\\\/\",\"name\":\"Swixed SA\",\"description\":\"Dispositivi elettronici\",\"publisher\":{\"@id\":\"https:\\\/\\\/swixed.ch\\\/it\\\/#organization\"},\"potentialAction\":[{\"@type\":\"SearchAction\",\"target\":{\"@type\":\"EntryPoint\",\"urlTemplate\":\"https:\\\/\\\/swixed.ch\\\/it\\\/?s={search_term_string}\"},\"query-input\":{\"@type\":\"PropertyValueSpecification\",\"valueRequired\":true,\"valueName\":\"search_term_string\"}}],\"inLanguage\":\"it-IT\"},{\"@type\":\"Organization\",\"@id\":\"https:\\\/\\\/swixed.ch\\\/it\\\/#organization\",\"name\":\"Swixed SA\",\"url\":\"https:\\\/\\\/swixed.ch\\\/it\\\/\",\"logo\":{\"@type\":\"ImageObject\",\"inLanguage\":\"it-IT\",\"@id\":\"https:\\\/\\\/swixed.ch\\\/it\\\/#\\\/schema\\\/logo\\\/image\\\/\",\"url\":\"https:\\\/\\\/swixed.ch\\\/wp-content\\\/uploads\\\/logos\\\/swixed-logo-lite.png\",\"contentUrl\":\"https:\\\/\\\/swixed.ch\\\/wp-content\\\/uploads\\\/logos\\\/swixed-logo-lite.png\",\"width\":696,\"height\":696,\"caption\":\"Swixed SA\"},\"image\":{\"@id\":\"https:\\\/\\\/swixed.ch\\\/it\\\/#\\\/schema\\\/logo\\\/image\\\/\"},\"sameAs\":[\"https:\\\/\\\/www.facebook.com\\\/swixed\",\"https:\\\/\\\/www.linkedin.com\\\/company\\\/swixed\",\"https:\\\/\\\/www.youtube.com\\\/@swixedsa\"],\"description\":\"Swixed SA est une entreprise suisse bas\u00e9e \u00e0 Gen\u00e8ve, sp\u00e9cialis\u00e9e dans la vente, la location et la maintenance d\u2019appareils m\u00e9dicaux professionnels, tels que d\u00e9fibrillateurs AED, \u00e9lectrocardiographes, moniteurs patient et dispositifs de diagnostic.\",\"email\":\"infoshop@swixed.ch\",\"telephone\":\"+41 22 566 11 95\",\"legalName\":\"Swixed SA\",\"foundingDate\":\"2021-03-01\",\"numberOfEmployees\":{\"@type\":\"QuantitativeValue\",\"minValue\":\"1\",\"maxValue\":\"10\"}}]}<\/script>\n<!-- \/ Yoast SEO Premium plugin. -->","yoast_head_json":{"title":"Skintact T-VO01 | Swixed SA","description":"Elettrodi ECG Skintact T-VO01 per Holter e test da sforzo. Ipoallergenici, microporosi, con adesione rinforzata e comfort ottimale.","robots":{"index":"index","follow":"follow","max-snippet":"max-snippet:-1","max-image-preview":"max-image-preview:large","max-video-preview":"max-video-preview:-1"},"canonical":"https:\/\/swixed.ch\/it\/prodotto\/sed17004\/","og_locale":"it_IT","og_type":"article","og_title":"Elettrodi Skintact T-VO01","og_description":"Elettrodi ECG Skintact T-VO01 per Holter e test da sforzo. Ipoallergenici, microporosi, con adesione rinforzata e comfort ottimale.","og_url":"https:\/\/swixed.ch\/it\/prodotto\/sed17004\/","og_site_name":"Swixed SA","article_publisher":"https:\/\/www.facebook.com\/swixed","article_modified_time":"2026-04-19T15:19:26+00:00","og_image":[{"width":600,"height":600,"url":"https:\/\/swixed.ch\/wp-content\/uploads\/products\/skintact-t-vo01-01.png","type":"image\/png"}],"twitter_card":"summary_large_image","twitter_misc":{"Tempo di lettura stimato":"1 minuto"},"schema":{"@context":"https:\/\/schema.org","@graph":[{"@type":"WebPage","@id":"https:\/\/swixed.ch\/it\/prodotto\/sed17004\/","url":"https:\/\/swixed.ch\/it\/prodotto\/sed17004\/","name":"Skintact T-VO01 | Swixed SA","isPartOf":{"@id":"https:\/\/swixed.ch\/it\/#website"},"primaryImageOfPage":{"@id":"https:\/\/swixed.ch\/it\/prodotto\/sed17004\/#primaryimage"},"image":{"@id":"https:\/\/swixed.ch\/it\/prodotto\/sed17004\/#primaryimage"},"thumbnailUrl":"https:\/\/swixed.ch\/wp-content\/uploads\/products\/skintact-t-vo01-01.png","datePublished":"2021-04-27T14:01:18+00:00","dateModified":"2026-04-19T15:19:26+00:00","description":"Elettrodi ECG Skintact T-VO01 per Holter e test da sforzo. Ipoallergenici, microporosi, con adesione rinforzata e comfort ottimale.","breadcrumb":{"@id":"https:\/\/swixed.ch\/it\/prodotto\/sed17004\/#breadcrumb"},"inLanguage":"it-IT","potentialAction":[{"@type":"ReadAction","target":["https:\/\/swixed.ch\/it\/prodotto\/sed17004\/"]}]},{"@type":"ImageObject","inLanguage":"it-IT","@id":"https:\/\/swixed.ch\/it\/prodotto\/sed17004\/#primaryimage","url":"https:\/\/swixed.ch\/wp-content\/uploads\/products\/skintact-t-vo01-01.png","contentUrl":"https:\/\/swixed.ch\/wp-content\/uploads\/products\/skintact-t-vo01-01.png","width":600,"height":600,"caption":"skintact-to01-01"},{"@type":"BreadcrumbList","@id":"https:\/\/swixed.ch\/it\/prodotto\/sed17004\/#breadcrumb","itemListElement":[{"@type":"ListItem","position":1,"name":"Home","item":"https:\/\/swixed.ch\/it\/home\/"},{"@type":"ListItem","position":2,"name":"Negozio","item":"https:\/\/swixed.ch\/it\/shop\/"},{"@type":"ListItem","position":3,"name":"Elettrodi Skintact T-VO01"}]},{"@type":"WebSite","@id":"https:\/\/swixed.ch\/it\/#website","url":"https:\/\/swixed.ch\/it\/","name":"Swixed SA","description":"Dispositivi elettronici","publisher":{"@id":"https:\/\/swixed.ch\/it\/#organization"},"potentialAction":[{"@type":"SearchAction","target":{"@type":"EntryPoint","urlTemplate":"https:\/\/swixed.ch\/it\/?s={search_term_string}"},"query-input":{"@type":"PropertyValueSpecification","valueRequired":true,"valueName":"search_term_string"}}],"inLanguage":"it-IT"},{"@type":"Organization","@id":"https:\/\/swixed.ch\/it\/#organization","name":"Swixed SA","url":"https:\/\/swixed.ch\/it\/","logo":{"@type":"ImageObject","inLanguage":"it-IT","@id":"https:\/\/swixed.ch\/it\/#\/schema\/logo\/image\/","url":"https:\/\/swixed.ch\/wp-content\/uploads\/logos\/swixed-logo-lite.png","contentUrl":"https:\/\/swixed.ch\/wp-content\/uploads\/logos\/swixed-logo-lite.png","width":696,"height":696,"caption":"Swixed SA"},"image":{"@id":"https:\/\/swixed.ch\/it\/#\/schema\/logo\/image\/"},"sameAs":["https:\/\/www.facebook.com\/swixed","https:\/\/www.linkedin.com\/company\/swixed","https:\/\/www.youtube.com\/@swixedsa"],"description":"Swixed SA est une entreprise suisse bas\u00e9e \u00e0 Gen\u00e8ve, sp\u00e9cialis\u00e9e dans la vente, la location et la maintenance d\u2019appareils m\u00e9dicaux professionnels, tels que d\u00e9fibrillateurs AED, \u00e9lectrocardiographes, moniteurs patient et dispositifs de diagnostic.","email":"infoshop@swixed.ch","telephone":"+41 22 566 11 95","legalName":"Swixed SA","foundingDate":"2021-03-01","numberOfEmployees":{"@type":"QuantitativeValue","minValue":"1","maxValue":"10"}}]}},"_links":{"self":[{"href":"https:\/\/swixed.ch\/it\/wp-json\/wp\/v2\/product\/33297","targetHints":{"allow":["GET"]}}],"collection":[{"href":"https:\/\/swixed.ch\/it\/wp-json\/wp\/v2\/product"}],"about":[{"href":"https:\/\/swixed.ch\/it\/wp-json\/wp\/v2\/types\/product"}],"version-history":[{"count":2,"href":"https:\/\/swixed.ch\/it\/wp-json\/wp\/v2\/product\/33297\/revisions"}],"predecessor-version":[{"id":62784,"href":"https:\/\/swixed.ch\/it\/wp-json\/wp\/v2\/product\/33297\/revisions\/62784"}],"wp:featuredmedia":[{"embeddable":true,"href":"https:\/\/swixed.ch\/it\/wp-json\/wp\/v2\/media\/27332"}],"wp:attachment":[{"href":"https:\/\/swixed.ch\/it\/wp-json\/wp\/v2\/media?parent=33297"}],"wp:term":[{"taxonomy":"product_brand","embeddable":true,"href":"https:\/\/swixed.ch\/it\/wp-json\/wp\/v2\/product_brand?post=33297"},{"taxonomy":"product_cat","embeddable":true,"href":"https:\/\/swixed.ch\/it\/wp-json\/wp\/v2\/product_cat?post=33297"},{"taxonomy":"product_tag","embeddable":true,"href":"https:\/\/swixed.ch\/it\/wp-json\/wp\/v2\/product_tag?post=33297"}],"curies":[{"name":"wp","href":"https:\/\/api.w.org\/{rel}","templated":true}]}}