{"id":33397,"date":"2021-04-27T08:48:04","date_gmt":"2021-04-27T07:48:04","guid":{"rendered":"https:\/\/swixed.com\/produit\/monitor-fetale-gemellare-edan-f3\/"},"modified":"2026-04-20T19:00:40","modified_gmt":"2026-04-20T18:00:40","slug":"sed40002","status":"publish","type":"product","link":"https:\/\/swixed.ch\/it\/prodotto\/sed40002\/","title":{"rendered":"Cardiotocografo Edan F3 + Opzione gemellare"},"content":{"rendered":"\t\t<div data-elementor-type=\"product-post\" data-elementor-id=\"33397\" class=\"elementor elementor-33397 elementor-3162\" data-elementor-post-type=\"product\">\n\t\t\t\t\t\t<section class=\"elementor-section elementor-top-section elementor-element elementor-element-566dfe8 elementor-section-full_width elementor-section-height-default elementor-section-height-default\" data-id=\"566dfe8\" data-element_type=\"section\" data-e-type=\"section\">\n\t\t\t\t\t\t<div class=\"elementor-container elementor-column-gap-default\">\n\t\t\t\t\t<div class=\"elementor-column elementor-col-100 elementor-top-column elementor-element elementor-element-2c4618e\" data-id=\"2c4618e\" data-element_type=\"column\" data-e-type=\"column\">\n\t\t\t<div class=\"elementor-widget-wrap elementor-element-populated\">\n\t\t\t\t\t\t<div class=\"elementor-element elementor-element-57fea7d elementor-widget elementor-widget-heading\" data-id=\"57fea7d\" data-element_type=\"widget\" data-e-type=\"widget\" data-widget_type=\"heading.default\">\n\t\t\t\t\t<h2 class=\"elementor-heading-title elementor-size-default\">Descrizione<\/h2>\t\t\t\t<\/div>\n\t\t\t\t<div class=\"elementor-element elementor-element-e0a279c elementor-widget elementor-widget-text-editor\" data-id=\"e0a279c\" data-element_type=\"widget\" data-e-type=\"widget\" data-widget_type=\"text-editor.default\">\n\t\t\t\t\t\t\t\t\t<p>Il monitor fetale Edan F3 \u00e8 un sofisticato dispositivo medico appositamente progettato per gli operatori sanitari che monitorano le gravidanze multiple. Questo dispositivo combina precisione, portabilit\u00e0 e funzioni avanzate per un monitoraggio ottimale. <\/p>\t\t\t\t\t\t\t\t<\/div>\n\t\t\t\t<div class=\"elementor-element elementor-element-7838ed4 elementor-widget elementor-widget-heading\" data-id=\"7838ed4\" data-element_type=\"widget\" data-e-type=\"widget\" data-widget_type=\"heading.default\">\n\t\t\t\t\t<h2 class=\"elementor-heading-title elementor-size-default\">Caratteristiche principali<\/h2>\t\t\t\t<\/div>\n\t\t\t\t<div class=\"elementor-element elementor-element-19a155d elementor-widget elementor-widget-text-editor\" data-id=\"19a155d\" data-element_type=\"widget\" data-e-type=\"widget\" data-widget_type=\"text-editor.default\">\n\t\t\t\t\t\t\t\t\t<ul><li class=\"whitespace-normal break-words\">Monitoraggio multiplo: 2 canali FHR (frequenza cardiaca fetale) e 1 canale TOCO esterno<\/li><li class=\"whitespace-normal break-words\">Leggero: 3,5 kg per una maggiore portabilit\u00e0<\/li><li class=\"whitespace-normal break-words\">Schermo a colori: visualizzazione chiara dei dati per una facile interpretazione<\/li><li class=\"whitespace-normal break-words\">Sensori ad alte prestazioni: impermeabile IPX8, frequenza ottimale di 1 MHz<\/li><\/ul>\t\t\t\t\t\t\t\t<\/div>\n\t\t\t\t<div class=\"elementor-element elementor-element-fcf3d3d elementor-widget elementor-widget-heading\" data-id=\"fcf3d3d\" data-element_type=\"widget\" data-e-type=\"widget\" data-widget_type=\"heading.default\">\n\t\t\t\t\t<h2 class=\"elementor-heading-title elementor-size-default\">Funzionalit\u00e0 avanzate<\/h2>\t\t\t\t<\/div>\n\t\t\t\t<div class=\"elementor-element elementor-element-8880ade elementor-widget elementor-widget-text-editor\" data-id=\"8880ade\" data-element_type=\"widget\" data-e-type=\"widget\" data-widget_type=\"text-editor.default\">\n\t\t\t\t\t\t\t\t\t<ul><li class=\"whitespace-normal break-words\">Tecnologia SOV: verifica automatica dei segnali incrociati per le gravidanze multiple<\/li><li class=\"whitespace-normal break-words\">Calcolo integrato del STV: analisi della frequenza cardiaca fetale e della variabilit\u00e0 a breve termine<\/li><li class=\"whitespace-normal break-words\">Modalit\u00e0 di rilevamento flessibile: automatica o manuale per i movimenti fetali<\/li><li class=\"whitespace-normal break-words\">Batteria ricaricabile: pu\u00f2 essere utilizzata mentre \u00e8 in carica<\/li><li class=\"whitespace-normal break-words\">Memoria estesa: memorizza fino a 60 ore di brani.<\/li><\/ul>\t\t\t\t\t\t\t\t<\/div>\n\t\t\t\t<div class=\"elementor-element elementor-element-dbad13b elementor-widget elementor-widget-heading\" data-id=\"dbad13b\" data-element_type=\"widget\" data-e-type=\"widget\" data-widget_type=\"heading.default\">\n\t\t\t\t\t<h2 class=\"elementor-heading-title elementor-size-default\">Vantaggi per i professionisti<\/h2>\t\t\t\t<\/div>\n\t\t\t\t<div class=\"elementor-element elementor-element-a9abf41 elementor-widget elementor-widget-text-editor\" data-id=\"a9abf41\" data-element_type=\"widget\" data-e-type=\"widget\" data-widget_type=\"text-editor.default\">\n\t\t\t\t\t\t\t\t\t<ul><li class=\"whitespace-normal break-words\">Versatilit\u00e0 d&#8217;uso: adatto a studi medici e ambienti ospedalieri<\/li><li class=\"whitespace-normal break-words\">Stampa veloce: stampante termica integrata con velocit\u00e0 regolabile<\/li><li class=\"whitespace-normal break-words\">Display personalizzabile: tre modalit\u00e0 di visualizzazione per soddisfare le preferenze dell&#8217;utente<\/li><li class=\"whitespace-normal break-words\">Software integrato: trasferimento dei dati in tempo reale e gestione dei report<\/li><\/ul>\t\t\t\t\t\t\t\t<\/div>\n\t\t\t\t<div class=\"elementor-element elementor-element-54e8fc6 elementor-widget elementor-widget-heading\" data-id=\"54e8fc6\" data-element_type=\"widget\" data-e-type=\"widget\" data-widget_type=\"heading.default\">\n\t\t\t\t\t<h2 class=\"elementor-heading-title elementor-size-default\">Contenuto<\/h2>\t\t\t\t<\/div>\n\t\t\t\t<div class=\"elementor-element elementor-element-7f03c73 elementor-widget elementor-widget-text-editor\" data-id=\"7f03c73\" data-element_type=\"widget\" data-e-type=\"widget\" data-widget_type=\"text-editor.default\">\n\t\t\t\t\t\t\t\t\t<ul class=\"-mt-1 list-disc space-y-2 pl-8\"><li class=\"whitespace-normal break-words\">Monitor Edan F3<\/li><li class=\"whitespace-normal break-words\">2 sensori RCF e 1 sensore TOCO esterno<\/li><li class=\"whitespace-normal break-words\">Batteria al litio e cavo di alimentazione<\/li><li class=\"whitespace-normal break-words\">Cinghie addominali e borsa per il trasporto<\/li><li class=\"whitespace-normal break-words\">Manuale d&#8217;uso in francese<\/li><\/ul><p class=\"whitespace-pre-wrap break-words\">L&#8217;Edan F3 \u00e8 uno strumento essenziale per gli operatori sanitari specializzati nel monitoraggio delle gravidanze multiple, che offre una tecnologia all&#8217;avanguardia per un monitoraggio fetale accurato e affidabile.<\/p><p class=\"whitespace-pre-wrap break-words\"><em>Nota: questo dispositivo medico \u00e8 destinato all&#8217;uso da parte di professionisti sanitari qualificati. In caso di dubbi sul suo utilizzo o sulle sue indicazioni, ti invitiamo a consultare uno specialista. <\/em><\/p>\t\t\t\t\t\t\t\t<\/div>\n\t\t\t\t\t<\/div>\n\t\t<\/div>\n\t\t\t\t\t<\/div>\n\t\t<\/section>\n\t\t\t\t<\/div>\n\t\t","protected":false},"excerpt":{"rendered":"<p>Dispositivo portatile a doppio canale progettato per visualizzare i dati tecnici provenienti da sensori esterni. Dotato di uno schermo a colori e di sensori ad alta sensibilit\u00e0, \u00e8 adatto all&#8217;uso in un ambiente professionale supervisionato. Non \u00e8 indicato per uso personale o medico.  <\/p>\n","protected":false},"featured_media":47071,"template":"","meta":{"_acf_changed":false},"product_brand":[2082],"product_cat":[1113,1117],"product_tag":[4816,4808,4812,1275,4806,3011,4810,4815,3696,4813,4809,4811,4807,3661,4814],"class_list":{"0":"post-33397","1":"product","2":"type-product","3":"status-publish","4":"has-post-thumbnail","6":"product_brand-edan-it","7":"product_cat-cardiotocografi","8":"product_cat-apparecchi-cardiotocografi","9":"product_tag-attrezzature-mediche-di-precisione","10":"product_tag-attrezzature-ostetriche-it","11":"product_tag-attrezzature-per-ostetricia","12":"product_tag-cardiotocografo-it","13":"product_tag-dispositivo-medico-edan","14":"product_tag-dispositivo-medico-portatile","15":"product_tag-dispositivo-toco","16":"product_tag-istruttore-professionale-di-ostetricia","17":"product_tag-monitor-fetale","18":"product_tag-monitor-gemello","19":"product_tag-monitor-rcf","20":"product_tag-sistema-di-sorveglianza-prenatale","21":"product_tag-sorveglianza-della-gravidanza-multipla","22":"product_tag-tecnologia-medica-it","23":"product_tag-tecnologia-sov","25":"first","26":"instock","27":"taxable","28":"shipping-taxable","29":"purchasable","30":"product-type-simple"},"acf":[],"yoast_head":"<!-- This site is optimized with the Yoast SEO Premium plugin v27.4 (Yoast SEO v27.4) - https:\/\/yoast.com\/product\/yoast-seo-premium-wordpress\/ -->\n<title>Cardiotocografo Edan F3 + Opzione gemellare | Swixed SA<\/title>\n<meta name=\"description\" content=\"Scopri l&#039;Edan F3, un monitor fetale avanzato per gravidanze multiple. Un dispositivo medico preciso e portatile, ideale per i professionisti dell&#039;ostetricia.\" \/>\n<meta name=\"robots\" content=\"index, follow, max-snippet:-1, max-image-preview:large, max-video-preview:-1\" \/>\n<link rel=\"canonical\" href=\"https:\/\/swixed.ch\/it\/prodotto\/sed40002\/\" \/>\n<meta property=\"og:locale\" content=\"it_IT\" \/>\n<meta property=\"og:type\" content=\"article\" \/>\n<meta property=\"og:title\" content=\"Cardiotocografo Edan F3 + Opzione gemellare\" \/>\n<meta property=\"og:description\" content=\"Scopri l&#039;Edan F3, un monitor fetale avanzato per gravidanze multiple. Un dispositivo medico preciso e portatile, ideale per i professionisti dell&#039;ostetricia.\" \/>\n<meta property=\"og:url\" content=\"https:\/\/swixed.ch\/it\/prodotto\/sed40002\/\" \/>\n<meta property=\"og:site_name\" content=\"Swixed SA\" \/>\n<meta property=\"article:publisher\" content=\"https:\/\/www.facebook.com\/swixed\" \/>\n<meta property=\"article:modified_time\" content=\"2026-04-20T18:00:40+00:00\" \/>\n<meta property=\"og:image\" content=\"https:\/\/swixed.ch\/wp-content\/uploads\/products\/elan-f3-01a.png\" \/>\n\t<meta property=\"og:image:width\" content=\"600\" \/>\n\t<meta property=\"og:image:height\" content=\"600\" \/>\n\t<meta property=\"og:image:type\" content=\"image\/png\" \/>\n<meta name=\"twitter:card\" content=\"summary_large_image\" \/>\n<meta name=\"twitter:label1\" content=\"Tempo di lettura stimato\" \/>\n\t<meta name=\"twitter:data1\" content=\"1 minuto\" \/>\n<script type=\"application\/ld+json\" class=\"yoast-schema-graph\">{\"@context\":\"https:\\\/\\\/schema.org\",\"@graph\":[{\"@type\":\"WebPage\",\"@id\":\"https:\\\/\\\/swixed.ch\\\/it\\\/prodotto\\\/sed40002\\\/\",\"url\":\"https:\\\/\\\/swixed.ch\\\/it\\\/prodotto\\\/sed40002\\\/\",\"name\":\"Cardiotocografo Edan F3 + Opzione gemellare | Swixed SA\",\"isPartOf\":{\"@id\":\"https:\\\/\\\/swixed.ch\\\/it\\\/#website\"},\"primaryImageOfPage\":{\"@id\":\"https:\\\/\\\/swixed.ch\\\/it\\\/prodotto\\\/sed40002\\\/#primaryimage\"},\"image\":{\"@id\":\"https:\\\/\\\/swixed.ch\\\/it\\\/prodotto\\\/sed40002\\\/#primaryimage\"},\"thumbnailUrl\":\"https:\\\/\\\/swixed.ch\\\/wp-content\\\/uploads\\\/products\\\/elan-f3-01a.png\",\"datePublished\":\"2021-04-27T07:48:04+00:00\",\"dateModified\":\"2026-04-20T18:00:40+00:00\",\"description\":\"Scopri l'Edan F3, un monitor fetale avanzato per gravidanze multiple. Un dispositivo medico preciso e portatile, ideale per i professionisti dell'ostetricia.\",\"breadcrumb\":{\"@id\":\"https:\\\/\\\/swixed.ch\\\/it\\\/prodotto\\\/sed40002\\\/#breadcrumb\"},\"inLanguage\":\"it-IT\",\"potentialAction\":[{\"@type\":\"ReadAction\",\"target\":[\"https:\\\/\\\/swixed.ch\\\/it\\\/prodotto\\\/sed40002\\\/\"]}]},{\"@type\":\"ImageObject\",\"inLanguage\":\"it-IT\",\"@id\":\"https:\\\/\\\/swixed.ch\\\/it\\\/prodotto\\\/sed40002\\\/#primaryimage\",\"url\":\"https:\\\/\\\/swixed.ch\\\/wp-content\\\/uploads\\\/products\\\/elan-f3-01a.png\",\"contentUrl\":\"https:\\\/\\\/swixed.ch\\\/wp-content\\\/uploads\\\/products\\\/elan-f3-01a.png\",\"width\":600,\"height\":600,\"caption\":\"elan f3\"},{\"@type\":\"BreadcrumbList\",\"@id\":\"https:\\\/\\\/swixed.ch\\\/it\\\/prodotto\\\/sed40002\\\/#breadcrumb\",\"itemListElement\":[{\"@type\":\"ListItem\",\"position\":1,\"name\":\"Home\",\"item\":\"https:\\\/\\\/swixed.ch\\\/it\\\/home\\\/\"},{\"@type\":\"ListItem\",\"position\":2,\"name\":\"Negozio\",\"item\":\"https:\\\/\\\/swixed.ch\\\/it\\\/shop\\\/\"},{\"@type\":\"ListItem\",\"position\":3,\"name\":\"Cardiotocografo Edan F3 + Opzione gemellare\"}]},{\"@type\":\"WebSite\",\"@id\":\"https:\\\/\\\/swixed.ch\\\/it\\\/#website\",\"url\":\"https:\\\/\\\/swixed.ch\\\/it\\\/\",\"name\":\"Swixed SA\",\"description\":\"Dispositivi elettronici\",\"publisher\":{\"@id\":\"https:\\\/\\\/swixed.ch\\\/it\\\/#organization\"},\"potentialAction\":[{\"@type\":\"SearchAction\",\"target\":{\"@type\":\"EntryPoint\",\"urlTemplate\":\"https:\\\/\\\/swixed.ch\\\/it\\\/?s={search_term_string}\"},\"query-input\":{\"@type\":\"PropertyValueSpecification\",\"valueRequired\":true,\"valueName\":\"search_term_string\"}}],\"inLanguage\":\"it-IT\"},{\"@type\":\"Organization\",\"@id\":\"https:\\\/\\\/swixed.ch\\\/it\\\/#organization\",\"name\":\"Swixed SA\",\"url\":\"https:\\\/\\\/swixed.ch\\\/it\\\/\",\"logo\":{\"@type\":\"ImageObject\",\"inLanguage\":\"it-IT\",\"@id\":\"https:\\\/\\\/swixed.ch\\\/it\\\/#\\\/schema\\\/logo\\\/image\\\/\",\"url\":\"https:\\\/\\\/swixed.ch\\\/wp-content\\\/uploads\\\/logos\\\/swixed-logo-lite.png\",\"contentUrl\":\"https:\\\/\\\/swixed.ch\\\/wp-content\\\/uploads\\\/logos\\\/swixed-logo-lite.png\",\"width\":696,\"height\":696,\"caption\":\"Swixed SA\"},\"image\":{\"@id\":\"https:\\\/\\\/swixed.ch\\\/it\\\/#\\\/schema\\\/logo\\\/image\\\/\"},\"sameAs\":[\"https:\\\/\\\/www.facebook.com\\\/swixed\",\"https:\\\/\\\/www.linkedin.com\\\/company\\\/swixed\",\"https:\\\/\\\/www.youtube.com\\\/@swixedsa\"],\"description\":\"Swixed SA est une entreprise suisse bas\u00e9e \u00e0 Gen\u00e8ve, sp\u00e9cialis\u00e9e dans la vente, la location et la maintenance d\u2019appareils m\u00e9dicaux professionnels, tels que d\u00e9fibrillateurs AED, \u00e9lectrocardiographes, moniteurs patient et dispositifs de diagnostic.\",\"email\":\"infoshop@swixed.ch\",\"telephone\":\"+41 22 566 11 95\",\"legalName\":\"Swixed SA\",\"foundingDate\":\"2021-03-01\",\"numberOfEmployees\":{\"@type\":\"QuantitativeValue\",\"minValue\":\"1\",\"maxValue\":\"10\"}}]}<\/script>\n<!-- \/ Yoast SEO Premium plugin. -->","yoast_head_json":{"title":"Cardiotocografo Edan F3 + Opzione gemellare | Swixed SA","description":"Scopri l'Edan F3, un monitor fetale avanzato per gravidanze multiple. Un dispositivo medico preciso e portatile, ideale per i professionisti dell'ostetricia.","robots":{"index":"index","follow":"follow","max-snippet":"max-snippet:-1","max-image-preview":"max-image-preview:large","max-video-preview":"max-video-preview:-1"},"canonical":"https:\/\/swixed.ch\/it\/prodotto\/sed40002\/","og_locale":"it_IT","og_type":"article","og_title":"Cardiotocografo Edan F3 + Opzione gemellare","og_description":"Scopri l'Edan F3, un monitor fetale avanzato per gravidanze multiple. Un dispositivo medico preciso e portatile, ideale per i professionisti dell'ostetricia.","og_url":"https:\/\/swixed.ch\/it\/prodotto\/sed40002\/","og_site_name":"Swixed SA","article_publisher":"https:\/\/www.facebook.com\/swixed","article_modified_time":"2026-04-20T18:00:40+00:00","og_image":[{"width":600,"height":600,"url":"https:\/\/swixed.ch\/wp-content\/uploads\/products\/elan-f3-01a.png","type":"image\/png"}],"twitter_card":"summary_large_image","twitter_misc":{"Tempo di lettura stimato":"1 minuto"},"schema":{"@context":"https:\/\/schema.org","@graph":[{"@type":"WebPage","@id":"https:\/\/swixed.ch\/it\/prodotto\/sed40002\/","url":"https:\/\/swixed.ch\/it\/prodotto\/sed40002\/","name":"Cardiotocografo Edan F3 + Opzione gemellare | Swixed SA","isPartOf":{"@id":"https:\/\/swixed.ch\/it\/#website"},"primaryImageOfPage":{"@id":"https:\/\/swixed.ch\/it\/prodotto\/sed40002\/#primaryimage"},"image":{"@id":"https:\/\/swixed.ch\/it\/prodotto\/sed40002\/#primaryimage"},"thumbnailUrl":"https:\/\/swixed.ch\/wp-content\/uploads\/products\/elan-f3-01a.png","datePublished":"2021-04-27T07:48:04+00:00","dateModified":"2026-04-20T18:00:40+00:00","description":"Scopri l'Edan F3, un monitor fetale avanzato per gravidanze multiple. Un dispositivo medico preciso e portatile, ideale per i professionisti dell'ostetricia.","breadcrumb":{"@id":"https:\/\/swixed.ch\/it\/prodotto\/sed40002\/#breadcrumb"},"inLanguage":"it-IT","potentialAction":[{"@type":"ReadAction","target":["https:\/\/swixed.ch\/it\/prodotto\/sed40002\/"]}]},{"@type":"ImageObject","inLanguage":"it-IT","@id":"https:\/\/swixed.ch\/it\/prodotto\/sed40002\/#primaryimage","url":"https:\/\/swixed.ch\/wp-content\/uploads\/products\/elan-f3-01a.png","contentUrl":"https:\/\/swixed.ch\/wp-content\/uploads\/products\/elan-f3-01a.png","width":600,"height":600,"caption":"elan f3"},{"@type":"BreadcrumbList","@id":"https:\/\/swixed.ch\/it\/prodotto\/sed40002\/#breadcrumb","itemListElement":[{"@type":"ListItem","position":1,"name":"Home","item":"https:\/\/swixed.ch\/it\/home\/"},{"@type":"ListItem","position":2,"name":"Negozio","item":"https:\/\/swixed.ch\/it\/shop\/"},{"@type":"ListItem","position":3,"name":"Cardiotocografo Edan F3 + Opzione gemellare"}]},{"@type":"WebSite","@id":"https:\/\/swixed.ch\/it\/#website","url":"https:\/\/swixed.ch\/it\/","name":"Swixed SA","description":"Dispositivi elettronici","publisher":{"@id":"https:\/\/swixed.ch\/it\/#organization"},"potentialAction":[{"@type":"SearchAction","target":{"@type":"EntryPoint","urlTemplate":"https:\/\/swixed.ch\/it\/?s={search_term_string}"},"query-input":{"@type":"PropertyValueSpecification","valueRequired":true,"valueName":"search_term_string"}}],"inLanguage":"it-IT"},{"@type":"Organization","@id":"https:\/\/swixed.ch\/it\/#organization","name":"Swixed SA","url":"https:\/\/swixed.ch\/it\/","logo":{"@type":"ImageObject","inLanguage":"it-IT","@id":"https:\/\/swixed.ch\/it\/#\/schema\/logo\/image\/","url":"https:\/\/swixed.ch\/wp-content\/uploads\/logos\/swixed-logo-lite.png","contentUrl":"https:\/\/swixed.ch\/wp-content\/uploads\/logos\/swixed-logo-lite.png","width":696,"height":696,"caption":"Swixed SA"},"image":{"@id":"https:\/\/swixed.ch\/it\/#\/schema\/logo\/image\/"},"sameAs":["https:\/\/www.facebook.com\/swixed","https:\/\/www.linkedin.com\/company\/swixed","https:\/\/www.youtube.com\/@swixedsa"],"description":"Swixed SA est une entreprise suisse bas\u00e9e \u00e0 Gen\u00e8ve, sp\u00e9cialis\u00e9e dans la vente, la location et la maintenance d\u2019appareils m\u00e9dicaux professionnels, tels que d\u00e9fibrillateurs AED, \u00e9lectrocardiographes, moniteurs patient et dispositifs de diagnostic.","email":"infoshop@swixed.ch","telephone":"+41 22 566 11 95","legalName":"Swixed SA","foundingDate":"2021-03-01","numberOfEmployees":{"@type":"QuantitativeValue","minValue":"1","maxValue":"10"}}]}},"_links":{"self":[{"href":"https:\/\/swixed.ch\/it\/wp-json\/wp\/v2\/product\/33397","targetHints":{"allow":["GET"]}}],"collection":[{"href":"https:\/\/swixed.ch\/it\/wp-json\/wp\/v2\/product"}],"about":[{"href":"https:\/\/swixed.ch\/it\/wp-json\/wp\/v2\/types\/product"}],"version-history":[{"count":1,"href":"https:\/\/swixed.ch\/it\/wp-json\/wp\/v2\/product\/33397\/revisions"}],"predecessor-version":[{"id":62968,"href":"https:\/\/swixed.ch\/it\/wp-json\/wp\/v2\/product\/33397\/revisions\/62968"}],"wp:featuredmedia":[{"embeddable":true,"href":"https:\/\/swixed.ch\/it\/wp-json\/wp\/v2\/media\/47071"}],"wp:attachment":[{"href":"https:\/\/swixed.ch\/it\/wp-json\/wp\/v2\/media?parent=33397"}],"wp:term":[{"taxonomy":"product_brand","embeddable":true,"href":"https:\/\/swixed.ch\/it\/wp-json\/wp\/v2\/product_brand?post=33397"},{"taxonomy":"product_cat","embeddable":true,"href":"https:\/\/swixed.ch\/it\/wp-json\/wp\/v2\/product_cat?post=33397"},{"taxonomy":"product_tag","embeddable":true,"href":"https:\/\/swixed.ch\/it\/wp-json\/wp\/v2\/product_tag?post=33397"}],"curies":[{"name":"wp","href":"https:\/\/api.w.org\/{rel}","templated":true}]}}