{"id":33411,"date":"2021-04-27T16:19:38","date_gmt":"2021-04-27T14:19:38","guid":{"rendered":"https:\/\/swixed.com\/produit\/elettrodi-skintact-fs-401c\/"},"modified":"2025-11-29T23:21:18","modified_gmt":"2025-11-29T22:21:18","slug":"sed17006","status":"publish","type":"product","link":"https:\/\/swixed.ch\/it\/prodotto\/sed17006\/","title":{"rendered":"Elettrodi Skintact FS-401C"},"content":{"rendered":"\t\t<div data-elementor-type=\"product-post\" data-elementor-id=\"33411\" class=\"elementor elementor-33411 elementor-3230\" data-elementor-post-type=\"product\">\n\t\t\t\t\t\t<section class=\"elementor-section elementor-top-section elementor-element elementor-element-fee15ff elementor-section-full_width elementor-section-height-default elementor-section-height-default\" data-id=\"fee15ff\" data-element_type=\"section\" data-e-type=\"section\">\n\t\t\t\t\t\t<div class=\"elementor-container elementor-column-gap-default\">\n\t\t\t\t\t<div class=\"elementor-column elementor-col-100 elementor-top-column elementor-element elementor-element-8bfc968\" data-id=\"8bfc968\" data-element_type=\"column\" data-e-type=\"column\">\n\t\t\t<div class=\"elementor-widget-wrap elementor-element-populated\">\n\t\t\t\t\t\t<div class=\"elementor-element elementor-element-c1564b6 elementor-widget elementor-widget-heading\" data-id=\"c1564b6\" data-element_type=\"widget\" data-e-type=\"widget\" data-widget_type=\"heading.default\">\n\t\t\t\t\t<h2 class=\"elementor-heading-title elementor-size-default\">Descrizione<\/h2>\t\t\t\t<\/div>\n\t\t\t\t<div class=\"elementor-element elementor-element-5a1f6aa elementor-widget elementor-widget-text-editor\" data-id=\"5a1f6aa\" data-element_type=\"widget\" data-e-type=\"widget\" data-widget_type=\"text-editor.default\">\n\t\t\t\t\t\t\t\t\t<p><strong>Elettrodi FS-401C con manopola in carbonio Skintact<\/strong>.<\/p><p>Elettrodi a bottone al carbonio FS-401C da utilizzare durante le <strong>procedure di imaging<\/strong>.<\/p><p>Completamente rivestiti di idrogel flessibile, possono essere riposizionati pi\u00f9 volte se necessario.<\/p><p>Adatto per uso pediatrico e per adulti.<\/p>\t\t\t\t\t\t\t\t<\/div>\n\t\t\t\t\t<\/div>\n\t\t<\/div>\n\t\t\t\t\t<\/div>\n\t\t<\/section>\n\t\t\t\t<\/div>\n\t\t","protected":false},"excerpt":{"rendered":"<p><strong>Elettrodi a bottone in carbonio<\/strong><\/p>\n<p>Elettrodi a bottone in carbonio FS-401C da <strong>utilizzare durante le procedure di imaging<\/strong>.<\/p>\n<p>Completamente rivestiti in morbido idrogel, possono essere riposizionati pi\u00f9 volte se necessario.<\/p>\n<p>Adatti per uso pediatrico e per adulti.<\/p>\n","protected":false},"featured_media":27288,"template":"","meta":{"_acf_changed":false},"product_brand":[2188],"product_cat":[966,1094,1092,1093],"product_tag":[985,1096,1095,1194,1097,1193],"class_list":{"0":"post-33411","1":"product","2":"type-product","3":"status-publish","4":"has-post-thumbnail","6":"product_brand-skintact-it","7":"product_cat-elettrocardiografi","8":"product_cat-consumabili-monitor-pazienti","9":"product_cat-consumabili-elettrocardiografi","10":"product_cat-monitor-pazienti","11":"product_tag-ecg-it","12":"product_tag-elettrocardiografi","13":"product_tag-elettrodi","14":"product_tag-imaging-it","15":"product_tag-monitoraggio","16":"product_tag-radiologia-it","18":"first","19":"instock","20":"taxable","21":"shipping-taxable","22":"purchasable","23":"product-type-variable","24":"has-default-attributes"},"acf":[],"yoast_head":"<!-- This site is optimized with the Yoast SEO Premium plugin v27.4 (Yoast SEO v27.4) - https:\/\/yoast.com\/product\/yoast-seo-premium-wordpress\/ -->\n<title>Elettrodi Skintact FS-401C | Swixed SA<\/title>\n<meta name=\"description\" content=\"Elettrodi a bottone al carbonio FS-401C da utilizzare durante le procedure di imaging. Completamente rivestito di idrogel flessibile\" \/>\n<meta name=\"robots\" content=\"index, follow, max-snippet:-1, max-image-preview:large, max-video-preview:-1\" \/>\n<link rel=\"canonical\" href=\"https:\/\/swixed.ch\/it\/prodotto\/sed17006\/\" \/>\n<meta property=\"og:locale\" content=\"it_IT\" \/>\n<meta property=\"og:type\" content=\"article\" \/>\n<meta property=\"og:title\" content=\"Elettrodi Skintact FS-401C\" \/>\n<meta property=\"og:description\" content=\"Elettrodi a bottone al carbonio FS-401C da utilizzare durante le procedure di imaging. Completamente rivestito di idrogel flessibile\" \/>\n<meta property=\"og:url\" content=\"https:\/\/swixed.ch\/it\/prodotto\/sed17006\/\" \/>\n<meta property=\"og:site_name\" content=\"Swixed SA\" \/>\n<meta property=\"article:publisher\" content=\"https:\/\/www.facebook.com\/swixed\" \/>\n<meta property=\"article:modified_time\" content=\"2025-11-29T22:21:18+00:00\" \/>\n<meta property=\"og:image\" content=\"https:\/\/swixed.ch\/wp-content\/uploads\/products\/skintact-fs-401-01.png\" \/>\n\t<meta property=\"og:image:width\" content=\"600\" \/>\n\t<meta property=\"og:image:height\" content=\"600\" \/>\n\t<meta property=\"og:image:type\" content=\"image\/png\" \/>\n<meta name=\"twitter:card\" content=\"summary_large_image\" \/>\n<script type=\"application\/ld+json\" class=\"yoast-schema-graph\">{\"@context\":\"https:\\\/\\\/schema.org\",\"@graph\":[{\"@type\":\"WebPage\",\"@id\":\"https:\\\/\\\/swixed.ch\\\/it\\\/prodotto\\\/sed17006\\\/\",\"url\":\"https:\\\/\\\/swixed.ch\\\/it\\\/prodotto\\\/sed17006\\\/\",\"name\":\"Elettrodi Skintact FS-401C | Swixed SA\",\"isPartOf\":{\"@id\":\"https:\\\/\\\/swixed.ch\\\/it\\\/#website\"},\"primaryImageOfPage\":{\"@id\":\"https:\\\/\\\/swixed.ch\\\/it\\\/prodotto\\\/sed17006\\\/#primaryimage\"},\"image\":{\"@id\":\"https:\\\/\\\/swixed.ch\\\/it\\\/prodotto\\\/sed17006\\\/#primaryimage\"},\"thumbnailUrl\":\"https:\\\/\\\/swixed.ch\\\/wp-content\\\/uploads\\\/products\\\/skintact-fs-401-01.png\",\"datePublished\":\"2021-04-27T14:19:38+00:00\",\"dateModified\":\"2025-11-29T22:21:18+00:00\",\"description\":\"Elettrodi a bottone al carbonio FS-401C da utilizzare durante le procedure di imaging. Completamente rivestito di idrogel flessibile\",\"breadcrumb\":{\"@id\":\"https:\\\/\\\/swixed.ch\\\/it\\\/prodotto\\\/sed17006\\\/#breadcrumb\"},\"inLanguage\":\"it-IT\",\"potentialAction\":[{\"@type\":\"ReadAction\",\"target\":[\"https:\\\/\\\/swixed.ch\\\/it\\\/prodotto\\\/sed17006\\\/\"]}]},{\"@type\":\"ImageObject\",\"inLanguage\":\"it-IT\",\"@id\":\"https:\\\/\\\/swixed.ch\\\/it\\\/prodotto\\\/sed17006\\\/#primaryimage\",\"url\":\"https:\\\/\\\/swixed.ch\\\/wp-content\\\/uploads\\\/products\\\/skintact-fs-401-01.png\",\"contentUrl\":\"https:\\\/\\\/swixed.ch\\\/wp-content\\\/uploads\\\/products\\\/skintact-fs-401-01.png\",\"width\":600,\"height\":600,\"caption\":\"skintact-fs-401-01\"},{\"@type\":\"BreadcrumbList\",\"@id\":\"https:\\\/\\\/swixed.ch\\\/it\\\/prodotto\\\/sed17006\\\/#breadcrumb\",\"itemListElement\":[{\"@type\":\"ListItem\",\"position\":1,\"name\":\"Home\",\"item\":\"https:\\\/\\\/swixed.ch\\\/it\\\/home\\\/\"},{\"@type\":\"ListItem\",\"position\":2,\"name\":\"Negozio\",\"item\":\"https:\\\/\\\/swixed.ch\\\/it\\\/shop\\\/\"},{\"@type\":\"ListItem\",\"position\":3,\"name\":\"Elettrodi Skintact FS-401C\"}]},{\"@type\":\"WebSite\",\"@id\":\"https:\\\/\\\/swixed.ch\\\/it\\\/#website\",\"url\":\"https:\\\/\\\/swixed.ch\\\/it\\\/\",\"name\":\"Swixed SA\",\"description\":\"Dispositivi elettronici\",\"publisher\":{\"@id\":\"https:\\\/\\\/swixed.ch\\\/it\\\/#organization\"},\"potentialAction\":[{\"@type\":\"SearchAction\",\"target\":{\"@type\":\"EntryPoint\",\"urlTemplate\":\"https:\\\/\\\/swixed.ch\\\/it\\\/?s={search_term_string}\"},\"query-input\":{\"@type\":\"PropertyValueSpecification\",\"valueRequired\":true,\"valueName\":\"search_term_string\"}}],\"inLanguage\":\"it-IT\"},{\"@type\":\"Organization\",\"@id\":\"https:\\\/\\\/swixed.ch\\\/it\\\/#organization\",\"name\":\"Swixed SA\",\"url\":\"https:\\\/\\\/swixed.ch\\\/it\\\/\",\"logo\":{\"@type\":\"ImageObject\",\"inLanguage\":\"it-IT\",\"@id\":\"https:\\\/\\\/swixed.ch\\\/it\\\/#\\\/schema\\\/logo\\\/image\\\/\",\"url\":\"https:\\\/\\\/swixed.ch\\\/wp-content\\\/uploads\\\/logos\\\/swixed-logo-lite.png\",\"contentUrl\":\"https:\\\/\\\/swixed.ch\\\/wp-content\\\/uploads\\\/logos\\\/swixed-logo-lite.png\",\"width\":696,\"height\":696,\"caption\":\"Swixed SA\"},\"image\":{\"@id\":\"https:\\\/\\\/swixed.ch\\\/it\\\/#\\\/schema\\\/logo\\\/image\\\/\"},\"sameAs\":[\"https:\\\/\\\/www.facebook.com\\\/swixed\",\"https:\\\/\\\/www.linkedin.com\\\/company\\\/swixed\",\"https:\\\/\\\/www.youtube.com\\\/@swixedsa\"],\"description\":\"Swixed SA est une entreprise suisse bas\u00e9e \u00e0 Gen\u00e8ve, sp\u00e9cialis\u00e9e dans la vente, la location et la maintenance d\u2019appareils m\u00e9dicaux professionnels, tels que d\u00e9fibrillateurs AED, \u00e9lectrocardiographes, moniteurs patient et dispositifs de diagnostic.\",\"email\":\"infoshop@swixed.ch\",\"telephone\":\"+41 22 566 11 95\",\"legalName\":\"Swixed SA\",\"foundingDate\":\"2021-03-01\",\"numberOfEmployees\":{\"@type\":\"QuantitativeValue\",\"minValue\":\"1\",\"maxValue\":\"10\"}}]}<\/script>\n<!-- \/ Yoast SEO Premium plugin. -->","yoast_head_json":{"title":"Elettrodi Skintact FS-401C | Swixed SA","description":"Elettrodi a bottone al carbonio FS-401C da utilizzare durante le procedure di imaging. Completamente rivestito di idrogel flessibile","robots":{"index":"index","follow":"follow","max-snippet":"max-snippet:-1","max-image-preview":"max-image-preview:large","max-video-preview":"max-video-preview:-1"},"canonical":"https:\/\/swixed.ch\/it\/prodotto\/sed17006\/","og_locale":"it_IT","og_type":"article","og_title":"Elettrodi Skintact FS-401C","og_description":"Elettrodi a bottone al carbonio FS-401C da utilizzare durante le procedure di imaging. Completamente rivestito di idrogel flessibile","og_url":"https:\/\/swixed.ch\/it\/prodotto\/sed17006\/","og_site_name":"Swixed SA","article_publisher":"https:\/\/www.facebook.com\/swixed","article_modified_time":"2025-11-29T22:21:18+00:00","og_image":[{"width":600,"height":600,"url":"https:\/\/swixed.ch\/wp-content\/uploads\/products\/skintact-fs-401-01.png","type":"image\/png"}],"twitter_card":"summary_large_image","schema":{"@context":"https:\/\/schema.org","@graph":[{"@type":"WebPage","@id":"https:\/\/swixed.ch\/it\/prodotto\/sed17006\/","url":"https:\/\/swixed.ch\/it\/prodotto\/sed17006\/","name":"Elettrodi Skintact FS-401C | Swixed SA","isPartOf":{"@id":"https:\/\/swixed.ch\/it\/#website"},"primaryImageOfPage":{"@id":"https:\/\/swixed.ch\/it\/prodotto\/sed17006\/#primaryimage"},"image":{"@id":"https:\/\/swixed.ch\/it\/prodotto\/sed17006\/#primaryimage"},"thumbnailUrl":"https:\/\/swixed.ch\/wp-content\/uploads\/products\/skintact-fs-401-01.png","datePublished":"2021-04-27T14:19:38+00:00","dateModified":"2025-11-29T22:21:18+00:00","description":"Elettrodi a bottone al carbonio FS-401C da utilizzare durante le procedure di imaging. Completamente rivestito di idrogel flessibile","breadcrumb":{"@id":"https:\/\/swixed.ch\/it\/prodotto\/sed17006\/#breadcrumb"},"inLanguage":"it-IT","potentialAction":[{"@type":"ReadAction","target":["https:\/\/swixed.ch\/it\/prodotto\/sed17006\/"]}]},{"@type":"ImageObject","inLanguage":"it-IT","@id":"https:\/\/swixed.ch\/it\/prodotto\/sed17006\/#primaryimage","url":"https:\/\/swixed.ch\/wp-content\/uploads\/products\/skintact-fs-401-01.png","contentUrl":"https:\/\/swixed.ch\/wp-content\/uploads\/products\/skintact-fs-401-01.png","width":600,"height":600,"caption":"skintact-fs-401-01"},{"@type":"BreadcrumbList","@id":"https:\/\/swixed.ch\/it\/prodotto\/sed17006\/#breadcrumb","itemListElement":[{"@type":"ListItem","position":1,"name":"Home","item":"https:\/\/swixed.ch\/it\/home\/"},{"@type":"ListItem","position":2,"name":"Negozio","item":"https:\/\/swixed.ch\/it\/shop\/"},{"@type":"ListItem","position":3,"name":"Elettrodi Skintact FS-401C"}]},{"@type":"WebSite","@id":"https:\/\/swixed.ch\/it\/#website","url":"https:\/\/swixed.ch\/it\/","name":"Swixed SA","description":"Dispositivi elettronici","publisher":{"@id":"https:\/\/swixed.ch\/it\/#organization"},"potentialAction":[{"@type":"SearchAction","target":{"@type":"EntryPoint","urlTemplate":"https:\/\/swixed.ch\/it\/?s={search_term_string}"},"query-input":{"@type":"PropertyValueSpecification","valueRequired":true,"valueName":"search_term_string"}}],"inLanguage":"it-IT"},{"@type":"Organization","@id":"https:\/\/swixed.ch\/it\/#organization","name":"Swixed SA","url":"https:\/\/swixed.ch\/it\/","logo":{"@type":"ImageObject","inLanguage":"it-IT","@id":"https:\/\/swixed.ch\/it\/#\/schema\/logo\/image\/","url":"https:\/\/swixed.ch\/wp-content\/uploads\/logos\/swixed-logo-lite.png","contentUrl":"https:\/\/swixed.ch\/wp-content\/uploads\/logos\/swixed-logo-lite.png","width":696,"height":696,"caption":"Swixed SA"},"image":{"@id":"https:\/\/swixed.ch\/it\/#\/schema\/logo\/image\/"},"sameAs":["https:\/\/www.facebook.com\/swixed","https:\/\/www.linkedin.com\/company\/swixed","https:\/\/www.youtube.com\/@swixedsa"],"description":"Swixed SA est une entreprise suisse bas\u00e9e \u00e0 Gen\u00e8ve, sp\u00e9cialis\u00e9e dans la vente, la location et la maintenance d\u2019appareils m\u00e9dicaux professionnels, tels que d\u00e9fibrillateurs AED, \u00e9lectrocardiographes, moniteurs patient et dispositifs de diagnostic.","email":"infoshop@swixed.ch","telephone":"+41 22 566 11 95","legalName":"Swixed SA","foundingDate":"2021-03-01","numberOfEmployees":{"@type":"QuantitativeValue","minValue":"1","maxValue":"10"}}]}},"_links":{"self":[{"href":"https:\/\/swixed.ch\/it\/wp-json\/wp\/v2\/product\/33411","targetHints":{"allow":["GET"]}}],"collection":[{"href":"https:\/\/swixed.ch\/it\/wp-json\/wp\/v2\/product"}],"about":[{"href":"https:\/\/swixed.ch\/it\/wp-json\/wp\/v2\/types\/product"}],"version-history":[{"count":0,"href":"https:\/\/swixed.ch\/it\/wp-json\/wp\/v2\/product\/33411\/revisions"}],"wp:featuredmedia":[{"embeddable":true,"href":"https:\/\/swixed.ch\/it\/wp-json\/wp\/v2\/media\/27288"}],"wp:attachment":[{"href":"https:\/\/swixed.ch\/it\/wp-json\/wp\/v2\/media?parent=33411"}],"wp:term":[{"taxonomy":"product_brand","embeddable":true,"href":"https:\/\/swixed.ch\/it\/wp-json\/wp\/v2\/product_brand?post=33411"},{"taxonomy":"product_cat","embeddable":true,"href":"https:\/\/swixed.ch\/it\/wp-json\/wp\/v2\/product_cat?post=33411"},{"taxonomy":"product_tag","embeddable":true,"href":"https:\/\/swixed.ch\/it\/wp-json\/wp\/v2\/product_tag?post=33411"}],"curies":[{"name":"wp","href":"https:\/\/api.w.org\/{rel}","templated":true}]}}