{"id":33455,"date":"2021-04-28T09:36:43","date_gmt":"2021-04-28T07:36:43","guid":{"rendered":"https:\/\/swixed.com\/produit\/cavo-ecg-con-connettori-a-banana-da-4-mm-per-edan-se-301-se-3-se-601-se-1201-e-se-12\/"},"modified":"2026-02-04T22:27:18","modified_gmt":"2026-02-04T21:27:18","slug":"sed14005","status":"publish","type":"product","link":"https:\/\/swixed.ch\/it\/prodotto\/sed14005\/","title":{"rendered":"Cavo paziente con connettore a banana per ECG Edan SE-3 \/ SE-301 \/ SE-601 \/ SE-1201 \/ SE-12"},"content":{"rendered":"\t\t<div data-elementor-type=\"product-post\" data-elementor-id=\"33455\" class=\"elementor elementor-33455 elementor-3302\" data-elementor-post-type=\"product\">\n\t\t\t\t<div class=\"elementor-element elementor-element-6620d36 e-con-full e-flex e-con e-parent\" data-id=\"6620d36\" data-element_type=\"container\" data-e-type=\"container\">\n\t\t<div class=\"elementor-element elementor-element-b306df7 e-con-full e-flex e-con e-child\" data-id=\"b306df7\" data-element_type=\"container\" data-e-type=\"container\">\n\t\t\t\t<div class=\"elementor-element elementor-element-bda5b74 elementor-widget elementor-widget-heading\" data-id=\"bda5b74\" data-element_type=\"widget\" data-e-type=\"widget\" data-widget_type=\"heading.default\">\n\t\t\t\t\t<h2 class=\"elementor-heading-title elementor-size-default\">Descrizione<\/h2>\t\t\t\t<\/div>\n\t\t\t\t<div class=\"elementor-element elementor-element-653c10b elementor-widget elementor-widget-text-editor\" data-id=\"653c10b\" data-element_type=\"widget\" data-e-type=\"widget\" data-widget_type=\"text-editor.default\">\n\t\t\t\t\t\t\t\t\t<p>Questo cavo paziente con connettore a banana per Edan SE-3 \/ SE-301 \/ SE-601 \/ SE-1201 \/ SE-12 ECG \u00e8 un accessorio di connessione per gli elettrocardiografi compatibili. Consente di collegare in modo affidabile gli elettrodi del paziente all&#8217;apparecchio ECG. Inoltre, \u00e8 progettato per essere utilizzato regolarmente in ambienti medici strutturati.  <\/p><p>Specifiche tecniche principali:<\/p><ul><li>Cavo ECG a 10 fili<\/li><li>Connettori a banana da 4 mm<\/li><li>Compatibilit\u00e0 con diversi elettrocardiografi Edan<\/li><li>Design flessibile per una facile manipolazione<\/li><li>Accessorio per uso professionale<\/li><li>Trasmissione stabile del segnale ECG<\/li><\/ul><p><br>Di conseguenza, questo cavo si integra naturalmente nelle apparecchiature ECG esistenti. Completa gli accessori utilizzati durante gli esami di routine, senza alterare il funzionamento dell&#8217;unit\u00e0 principale. <\/p>\t\t\t\t\t\t\t\t<\/div>\n\t\t\t\t<div class=\"elementor-element elementor-element-990e8a2 elementor-widget elementor-widget-heading\" data-id=\"990e8a2\" data-element_type=\"widget\" data-e-type=\"widget\" data-widget_type=\"heading.default\">\n\t\t\t\t\t<h2 class=\"elementor-heading-title elementor-size-default\">Utilizzo, conformit\u00e0 e raccomandazioni<\/h2>\t\t\t\t<\/div>\n\t\t\t\t<div class=\"elementor-element elementor-element-4017586 elementor-widget elementor-widget-text-editor\" data-id=\"4017586\" data-element_type=\"widget\" data-e-type=\"widget\" data-widget_type=\"text-editor.default\">\n\t\t\t\t\t\t\t\t\t<p>Questo cavo paziente per ECG \u00e8 destinato all&#8217;uso con elettrocardiografi professionali secondo le pratiche correnti in Svizzera. Viene utilizzato esclusivamente come accessorio di connessione tecnica, senza alcuna funzione di analisi o interpretazione dei dati. <\/p><p>In Svizzera, l&#8217;utilizzo di dispositivi medici e accessori rientra nel quadro normativo definito dall&#8217;Ufficio Federale della Sanit\u00e0 Pubblica, che pubblica informazioni generali sul loro utilizzo. Infine, il Centro Svizzero di Informazione sui Regolamenti Tecnici fornisce utili risorse tecniche per i professionisti. <br>\t\t<div data-elementor-type=\"widget\" data-elementor-id=\"60301\" class=\"elementor elementor-60301 elementor-60240 elementor-60240\" data-elementor-post-type=\"elementor_library\">\n\t\t\t\t\t\t<div class=\"elementor-element elementor-element-60240 elementor-widget elementor-widget-text-editor\" data-id=\"60240\" data-element_type=\"widget\" data-e-type=\"widget\" data-widget_type=\"text-editor.default\">\n\t\t\t\t\t\t\t\t\t<p>Per maggiori informazioni, consulta :<\/p><ul><li><a href=\"https:\/\/www.bag.admin.ch\" target=\"_blank\" rel=\"noopener\">Ufficio federale della sanit\u00e0 pubblica (UFSP)<\/a><\/li><li><a href=\"https:\/\/www.switec.info\" target=\"_blank\" rel=\"noopener\">Centro d&#8217;informazione svizzero per le norme tecniche (Switec)<\/a><\/li><\/ul><p><br>I nostri dispositivi medici hanno un rappresentante autorizzato in Svizzera (CH-REP), in conformit\u00e0 con l&#8217;attuale legislazione svizzera sui dispositivi medici.<\/p>\t\t\t\t\t\t\t\t<\/div>\n\t\t\t\t<\/div>\n\t\t<\/p>\t\t\t\t\t\t\t\t<\/div>\n\t\t\t\t<div class=\"elementor-element elementor-element-4acf579 elementor-widget elementor-widget-heading\" data-id=\"4acf579\" data-element_type=\"widget\" data-e-type=\"widget\" data-widget_type=\"heading.default\">\n\t\t\t\t\t<h2 class=\"elementor-heading-title elementor-size-default\">Contenuto<\/h2>\t\t\t\t<\/div>\n\t\t\t\t<div class=\"elementor-element elementor-element-068fc1d elementor-widget elementor-widget-text-editor\" data-id=\"068fc1d\" data-element_type=\"widget\" data-e-type=\"widget\" data-widget_type=\"text-editor.default\">\n\t\t\t\t\t\t\t\t\t<p>La confezione include solo i componenti necessari per l&#8217;uso previsto, senza accessori aggiuntivi.<\/p><p>Contenuto della confezione :<\/p><ul><li>Cavo paziente con connettore a banana per ECG Edan SE-3 \/ SE-301 \/ SE-601 \/ SE-1201 \/ SE-12<\/li><\/ul><p><br>Questo cavo \u00e8 un accessorio complementare per gli elettrocardiografi Edan compatibili, con un design semplice e funzionale adatto alle esigenze degli ambienti medici professionali.<\/p>\t\t\t\t\t\t\t\t<\/div>\n\t\t\t\t<\/div>\n\t\t\t\t<\/div>\n\t\t\t\t<\/div>\n\t\t","protected":false},"excerpt":{"rendered":"<p>Il cavo paziente con connettori a banana \u00e8 un accessorio progettato per collegare gli elettrocardiografi compatibili con Edan ECG SE-3 \/ SE-301 \/ SE-601 \/ SE-1201 \/ SE-12. \u00c8 dotato di 10 fili con connettori a banana da 4 mm, che garantiscono una trasmissione stabile del segnale ECG. Il suo design robusto e flessibile lo rende ideale per l&#8217;utilizzo in ambienti medici professionali. Inoltre, soddisfa tutti i requisiti abituali per gli esami ECG standard eseguiti con apparecchiature Edan compatibili.   <\/p>\n","protected":false},"featured_media":61856,"template":"","meta":{"_acf_changed":false},"product_brand":[2082],"product_cat":[1197,966],"product_tag":[4490,7709,4483,7821,7822,7825,7823,6743,7804,7824],"class_list":{"0":"post-33455","1":"product","2":"type-product","3":"status-publish","4":"has-post-thumbnail","6":"product_brand-edan-it","7":"product_cat-accessori-elettrocardiografi","8":"product_cat-elettrocardiografi","9":"product_tag-accessorio-ecg","10":"product_tag-acquisizione-dellecg","11":"product_tag-cavo-ecg","12":"product_tag-cavo-paziente-ecg","13":"product_tag-collegamento-ecg","14":"product_tag-compatibile-con-edan","15":"product_tag-connettivita-ecg","16":"product_tag-manutenzione-dellecg","17":"product_tag-pezzo-di-ricambio-per-ecg","18":"product_tag-spine-a-banana-da-4-mm-2","20":"first","21":"instock","22":"taxable","23":"shipping-taxable","24":"purchasable","25":"product-type-simple"},"acf":[],"yoast_head":"<!-- This site is optimized with the Yoast SEO Premium plugin v27.4 (Yoast SEO v27.4) - https:\/\/yoast.com\/product\/yoast-seo-premium-wordpress\/ -->\n<title>Cavo paziente con connettore a banana per ECG Edan - 10 fili<\/title>\n<meta name=\"description\" content=\"Cavo paziente ECG Edan con connettori a banana da 4 mm, 10 fili. Accessorio compatibile con diversi elettrocardiografi Edan per uso professionale.\" \/>\n<meta name=\"robots\" content=\"index, follow, max-snippet:-1, max-image-preview:large, max-video-preview:-1\" \/>\n<link rel=\"canonical\" href=\"https:\/\/swixed.ch\/it\/prodotto\/sed14005\/\" \/>\n<meta property=\"og:locale\" content=\"it_IT\" \/>\n<meta property=\"og:type\" content=\"article\" \/>\n<meta property=\"og:title\" content=\"Cavo paziente con connettore a banana per ECG Edan SE-3 \/ SE-301 \/ SE-601 \/ SE-1201 \/ SE-12\" \/>\n<meta property=\"og:description\" content=\"Cavo paziente ECG Edan con connettori a banana da 4 mm, 10 fili. Accessorio compatibile con diversi elettrocardiografi Edan per uso professionale.\" \/>\n<meta property=\"og:url\" content=\"https:\/\/swixed.ch\/it\/prodotto\/sed14005\/\" \/>\n<meta property=\"og:site_name\" content=\"Swixed SA\" \/>\n<meta property=\"article:publisher\" content=\"https:\/\/www.facebook.com\/swixed\" \/>\n<meta property=\"article:modified_time\" content=\"2026-02-04T21:27:18+00:00\" \/>\n<meta property=\"og:image\" content=\"https:\/\/swixed.ch\/wp-content\/uploads\/2026\/02\/SED14005-01.png\" \/>\n\t<meta property=\"og:image:width\" content=\"600\" \/>\n\t<meta property=\"og:image:height\" content=\"600\" \/>\n\t<meta property=\"og:image:type\" content=\"image\/png\" \/>\n<meta name=\"twitter:card\" content=\"summary_large_image\" \/>\n<meta name=\"twitter:label1\" content=\"Tempo di lettura stimato\" \/>\n\t<meta name=\"twitter:data1\" content=\"1 minuto\" \/>\n<script type=\"application\/ld+json\" class=\"yoast-schema-graph\">{\"@context\":\"https:\\\/\\\/schema.org\",\"@graph\":[{\"@type\":\"WebPage\",\"@id\":\"https:\\\/\\\/swixed.ch\\\/it\\\/prodotto\\\/sed14005\\\/\",\"url\":\"https:\\\/\\\/swixed.ch\\\/it\\\/prodotto\\\/sed14005\\\/\",\"name\":\"Cavo paziente con connettore a banana per ECG Edan - 10 fili\",\"isPartOf\":{\"@id\":\"https:\\\/\\\/swixed.ch\\\/it\\\/#website\"},\"primaryImageOfPage\":{\"@id\":\"https:\\\/\\\/swixed.ch\\\/it\\\/prodotto\\\/sed14005\\\/#primaryimage\"},\"image\":{\"@id\":\"https:\\\/\\\/swixed.ch\\\/it\\\/prodotto\\\/sed14005\\\/#primaryimage\"},\"thumbnailUrl\":\"https:\\\/\\\/swixed.ch\\\/wp-content\\\/uploads\\\/2026\\\/02\\\/SED14005-01.png\",\"datePublished\":\"2021-04-28T07:36:43+00:00\",\"dateModified\":\"2026-02-04T21:27:18+00:00\",\"description\":\"Cavo paziente ECG Edan con connettori a banana da 4 mm, 10 fili. Accessorio compatibile con diversi elettrocardiografi Edan per uso professionale.\",\"breadcrumb\":{\"@id\":\"https:\\\/\\\/swixed.ch\\\/it\\\/prodotto\\\/sed14005\\\/#breadcrumb\"},\"inLanguage\":\"it-IT\",\"potentialAction\":[{\"@type\":\"ReadAction\",\"target\":[\"https:\\\/\\\/swixed.ch\\\/it\\\/prodotto\\\/sed14005\\\/\"]}]},{\"@type\":\"ImageObject\",\"inLanguage\":\"it-IT\",\"@id\":\"https:\\\/\\\/swixed.ch\\\/it\\\/prodotto\\\/sed14005\\\/#primaryimage\",\"url\":\"https:\\\/\\\/swixed.ch\\\/wp-content\\\/uploads\\\/2026\\\/02\\\/SED14005-01.png\",\"contentUrl\":\"https:\\\/\\\/swixed.ch\\\/wp-content\\\/uploads\\\/2026\\\/02\\\/SED14005-01.png\",\"width\":600,\"height\":600,\"caption\":\"SED14005\"},{\"@type\":\"BreadcrumbList\",\"@id\":\"https:\\\/\\\/swixed.ch\\\/it\\\/prodotto\\\/sed14005\\\/#breadcrumb\",\"itemListElement\":[{\"@type\":\"ListItem\",\"position\":1,\"name\":\"Home\",\"item\":\"https:\\\/\\\/swixed.ch\\\/it\\\/home\\\/\"},{\"@type\":\"ListItem\",\"position\":2,\"name\":\"Negozio\",\"item\":\"https:\\\/\\\/swixed.ch\\\/it\\\/shop\\\/\"},{\"@type\":\"ListItem\",\"position\":3,\"name\":\"Cavo paziente con connettore a banana per ECG Edan SE-3 \\\/ SE-301 \\\/ SE-601 \\\/ SE-1201 \\\/ SE-12\"}]},{\"@type\":\"WebSite\",\"@id\":\"https:\\\/\\\/swixed.ch\\\/it\\\/#website\",\"url\":\"https:\\\/\\\/swixed.ch\\\/it\\\/\",\"name\":\"Swixed SA\",\"description\":\"Dispositivi elettronici\",\"publisher\":{\"@id\":\"https:\\\/\\\/swixed.ch\\\/it\\\/#organization\"},\"potentialAction\":[{\"@type\":\"SearchAction\",\"target\":{\"@type\":\"EntryPoint\",\"urlTemplate\":\"https:\\\/\\\/swixed.ch\\\/it\\\/?s={search_term_string}\"},\"query-input\":{\"@type\":\"PropertyValueSpecification\",\"valueRequired\":true,\"valueName\":\"search_term_string\"}}],\"inLanguage\":\"it-IT\"},{\"@type\":\"Organization\",\"@id\":\"https:\\\/\\\/swixed.ch\\\/it\\\/#organization\",\"name\":\"Swixed SA\",\"url\":\"https:\\\/\\\/swixed.ch\\\/it\\\/\",\"logo\":{\"@type\":\"ImageObject\",\"inLanguage\":\"it-IT\",\"@id\":\"https:\\\/\\\/swixed.ch\\\/it\\\/#\\\/schema\\\/logo\\\/image\\\/\",\"url\":\"https:\\\/\\\/swixed.ch\\\/wp-content\\\/uploads\\\/logos\\\/swixed-logo-lite.png\",\"contentUrl\":\"https:\\\/\\\/swixed.ch\\\/wp-content\\\/uploads\\\/logos\\\/swixed-logo-lite.png\",\"width\":696,\"height\":696,\"caption\":\"Swixed SA\"},\"image\":{\"@id\":\"https:\\\/\\\/swixed.ch\\\/it\\\/#\\\/schema\\\/logo\\\/image\\\/\"},\"sameAs\":[\"https:\\\/\\\/www.facebook.com\\\/swixed\",\"https:\\\/\\\/www.linkedin.com\\\/company\\\/swixed\",\"https:\\\/\\\/www.youtube.com\\\/@swixedsa\"],\"description\":\"Swixed SA est une entreprise suisse bas\u00e9e \u00e0 Gen\u00e8ve, sp\u00e9cialis\u00e9e dans la vente, la location et la maintenance d\u2019appareils m\u00e9dicaux professionnels, tels que d\u00e9fibrillateurs AED, \u00e9lectrocardiographes, moniteurs patient et dispositifs de diagnostic.\",\"email\":\"infoshop@swixed.ch\",\"telephone\":\"+41 22 566 11 95\",\"legalName\":\"Swixed SA\",\"foundingDate\":\"2021-03-01\",\"numberOfEmployees\":{\"@type\":\"QuantitativeValue\",\"minValue\":\"1\",\"maxValue\":\"10\"}}]}<\/script>\n<!-- \/ Yoast SEO Premium plugin. -->","yoast_head_json":{"title":"Cavo paziente con connettore a banana per ECG Edan - 10 fili","description":"Cavo paziente ECG Edan con connettori a banana da 4 mm, 10 fili. Accessorio compatibile con diversi elettrocardiografi Edan per uso professionale.","robots":{"index":"index","follow":"follow","max-snippet":"max-snippet:-1","max-image-preview":"max-image-preview:large","max-video-preview":"max-video-preview:-1"},"canonical":"https:\/\/swixed.ch\/it\/prodotto\/sed14005\/","og_locale":"it_IT","og_type":"article","og_title":"Cavo paziente con connettore a banana per ECG Edan SE-3 \/ SE-301 \/ SE-601 \/ SE-1201 \/ SE-12","og_description":"Cavo paziente ECG Edan con connettori a banana da 4 mm, 10 fili. Accessorio compatibile con diversi elettrocardiografi Edan per uso professionale.","og_url":"https:\/\/swixed.ch\/it\/prodotto\/sed14005\/","og_site_name":"Swixed SA","article_publisher":"https:\/\/www.facebook.com\/swixed","article_modified_time":"2026-02-04T21:27:18+00:00","og_image":[{"width":600,"height":600,"url":"https:\/\/swixed.ch\/wp-content\/uploads\/2026\/02\/SED14005-01.png","type":"image\/png"}],"twitter_card":"summary_large_image","twitter_misc":{"Tempo di lettura stimato":"1 minuto"},"schema":{"@context":"https:\/\/schema.org","@graph":[{"@type":"WebPage","@id":"https:\/\/swixed.ch\/it\/prodotto\/sed14005\/","url":"https:\/\/swixed.ch\/it\/prodotto\/sed14005\/","name":"Cavo paziente con connettore a banana per ECG Edan - 10 fili","isPartOf":{"@id":"https:\/\/swixed.ch\/it\/#website"},"primaryImageOfPage":{"@id":"https:\/\/swixed.ch\/it\/prodotto\/sed14005\/#primaryimage"},"image":{"@id":"https:\/\/swixed.ch\/it\/prodotto\/sed14005\/#primaryimage"},"thumbnailUrl":"https:\/\/swixed.ch\/wp-content\/uploads\/2026\/02\/SED14005-01.png","datePublished":"2021-04-28T07:36:43+00:00","dateModified":"2026-02-04T21:27:18+00:00","description":"Cavo paziente ECG Edan con connettori a banana da 4 mm, 10 fili. Accessorio compatibile con diversi elettrocardiografi Edan per uso professionale.","breadcrumb":{"@id":"https:\/\/swixed.ch\/it\/prodotto\/sed14005\/#breadcrumb"},"inLanguage":"it-IT","potentialAction":[{"@type":"ReadAction","target":["https:\/\/swixed.ch\/it\/prodotto\/sed14005\/"]}]},{"@type":"ImageObject","inLanguage":"it-IT","@id":"https:\/\/swixed.ch\/it\/prodotto\/sed14005\/#primaryimage","url":"https:\/\/swixed.ch\/wp-content\/uploads\/2026\/02\/SED14005-01.png","contentUrl":"https:\/\/swixed.ch\/wp-content\/uploads\/2026\/02\/SED14005-01.png","width":600,"height":600,"caption":"SED14005"},{"@type":"BreadcrumbList","@id":"https:\/\/swixed.ch\/it\/prodotto\/sed14005\/#breadcrumb","itemListElement":[{"@type":"ListItem","position":1,"name":"Home","item":"https:\/\/swixed.ch\/it\/home\/"},{"@type":"ListItem","position":2,"name":"Negozio","item":"https:\/\/swixed.ch\/it\/shop\/"},{"@type":"ListItem","position":3,"name":"Cavo paziente con connettore a banana per ECG Edan SE-3 \/ SE-301 \/ SE-601 \/ SE-1201 \/ SE-12"}]},{"@type":"WebSite","@id":"https:\/\/swixed.ch\/it\/#website","url":"https:\/\/swixed.ch\/it\/","name":"Swixed SA","description":"Dispositivi elettronici","publisher":{"@id":"https:\/\/swixed.ch\/it\/#organization"},"potentialAction":[{"@type":"SearchAction","target":{"@type":"EntryPoint","urlTemplate":"https:\/\/swixed.ch\/it\/?s={search_term_string}"},"query-input":{"@type":"PropertyValueSpecification","valueRequired":true,"valueName":"search_term_string"}}],"inLanguage":"it-IT"},{"@type":"Organization","@id":"https:\/\/swixed.ch\/it\/#organization","name":"Swixed SA","url":"https:\/\/swixed.ch\/it\/","logo":{"@type":"ImageObject","inLanguage":"it-IT","@id":"https:\/\/swixed.ch\/it\/#\/schema\/logo\/image\/","url":"https:\/\/swixed.ch\/wp-content\/uploads\/logos\/swixed-logo-lite.png","contentUrl":"https:\/\/swixed.ch\/wp-content\/uploads\/logos\/swixed-logo-lite.png","width":696,"height":696,"caption":"Swixed SA"},"image":{"@id":"https:\/\/swixed.ch\/it\/#\/schema\/logo\/image\/"},"sameAs":["https:\/\/www.facebook.com\/swixed","https:\/\/www.linkedin.com\/company\/swixed","https:\/\/www.youtube.com\/@swixedsa"],"description":"Swixed SA est une entreprise suisse bas\u00e9e \u00e0 Gen\u00e8ve, sp\u00e9cialis\u00e9e dans la vente, la location et la maintenance d\u2019appareils m\u00e9dicaux professionnels, tels que d\u00e9fibrillateurs AED, \u00e9lectrocardiographes, moniteurs patient et dispositifs de diagnostic.","email":"infoshop@swixed.ch","telephone":"+41 22 566 11 95","legalName":"Swixed SA","foundingDate":"2021-03-01","numberOfEmployees":{"@type":"QuantitativeValue","minValue":"1","maxValue":"10"}}]}},"_links":{"self":[{"href":"https:\/\/swixed.ch\/it\/wp-json\/wp\/v2\/product\/33455","targetHints":{"allow":["GET"]}}],"collection":[{"href":"https:\/\/swixed.ch\/it\/wp-json\/wp\/v2\/product"}],"about":[{"href":"https:\/\/swixed.ch\/it\/wp-json\/wp\/v2\/types\/product"}],"version-history":[{"count":0,"href":"https:\/\/swixed.ch\/it\/wp-json\/wp\/v2\/product\/33455\/revisions"}],"wp:featuredmedia":[{"embeddable":true,"href":"https:\/\/swixed.ch\/it\/wp-json\/wp\/v2\/media\/61856"}],"wp:attachment":[{"href":"https:\/\/swixed.ch\/it\/wp-json\/wp\/v2\/media?parent=33455"}],"wp:term":[{"taxonomy":"product_brand","embeddable":true,"href":"https:\/\/swixed.ch\/it\/wp-json\/wp\/v2\/product_brand?post=33455"},{"taxonomy":"product_cat","embeddable":true,"href":"https:\/\/swixed.ch\/it\/wp-json\/wp\/v2\/product_cat?post=33455"},{"taxonomy":"product_tag","embeddable":true,"href":"https:\/\/swixed.ch\/it\/wp-json\/wp\/v2\/product_tag?post=33455"}],"curies":[{"name":"wp","href":"https:\/\/api.w.org\/{rel}","templated":true}]}}