{"id":33483,"date":"2021-04-27T09:00:54","date_gmt":"2021-04-27T08:00:54","guid":{"rendered":"https:\/\/swixed.com\/produit\/doppler-fetale-tascabile-edan-sonotrax-basic-a-2mhz\/"},"modified":"2026-04-20T19:57:24","modified_gmt":"2026-04-20T18:57:24","slug":"sed50001","status":"publish","type":"product","link":"https:\/\/swixed.ch\/it\/prodotto\/sed50001\/","title":{"rendered":"Doppler fetale tascabile Edan Sonotrax Basic A 2MHz"},"content":{"rendered":"\t\t<div data-elementor-type=\"product-post\" data-elementor-id=\"33483\" class=\"elementor elementor-33483 elementor-3168\" data-elementor-post-type=\"product\">\n\t\t\t\t\t\t<section class=\"elementor-section elementor-top-section elementor-element elementor-element-566dfe8 elementor-section-full_width elementor-section-height-default elementor-section-height-default\" data-id=\"566dfe8\" data-element_type=\"section\" data-e-type=\"section\">\n\t\t\t\t\t\t<div class=\"elementor-container elementor-column-gap-default\">\n\t\t\t\t\t<div class=\"elementor-column elementor-col-100 elementor-top-column elementor-element elementor-element-2c4618e\" data-id=\"2c4618e\" data-element_type=\"column\" data-e-type=\"column\">\n\t\t\t<div class=\"elementor-widget-wrap elementor-element-populated\">\n\t\t\t\t\t\t<div class=\"elementor-element elementor-element-57fea7d elementor-widget elementor-widget-heading\" data-id=\"57fea7d\" data-element_type=\"widget\" data-e-type=\"widget\" data-widget_type=\"heading.default\">\n\t\t\t\t\t<h2 class=\"elementor-heading-title elementor-size-default\">Descrizione<\/h2>\t\t\t\t<\/div>\n\t\t\t\t<div class=\"elementor-element elementor-element-e0a279c elementor-widget elementor-widget-text-editor\" data-id=\"e0a279c\" data-element_type=\"widget\" data-e-type=\"widget\" data-widget_type=\"text-editor.default\">\n\t\t\t\t\t\t\t\t\t<p>L&#8217;Edan Sonotrax Basic A \u00e8 un doppler portatile compatto e versatile, progettato per soddisfare le esigenze degli operatori sanitari per il monitoraggio medico in diversi ambienti. Grazie alla sua sonda impermeabile e intercambiabile da 2 MHz, questo dispositivo fornisce letture accurate in tempo reale e consente di monitorare il flusso sanguigno in modo affidabile. <\/p>\t\t\t\t\t\t\t\t<\/div>\n\t\t\t\t<div class=\"elementor-element elementor-element-488430f elementor-widget elementor-widget-heading\" data-id=\"488430f\" data-element_type=\"widget\" data-e-type=\"widget\" data-widget_type=\"heading.default\">\n\t\t\t\t\t<h2 class=\"elementor-heading-title elementor-size-default\">Caratteristiche principali<\/h2>\t\t\t\t<\/div>\n\t\t\t\t<div class=\"elementor-element elementor-element-14d7d42 elementor-widget elementor-widget-text-editor\" data-id=\"14d7d42\" data-element_type=\"widget\" data-e-type=\"widget\" data-widget_type=\"text-editor.default\">\n\t\t\t\t\t\t\t\t\t<ul><li>Leggero e facile da trasportare (167 g senza batterie)<\/li><li>Display LCD retroilluminato per una lettura chiara anche in condizioni di scarsa illuminazione<\/li><li>Modalit\u00e0 di calcolo in tempo reale, media e manuale, adatte alle diverse esigenze di esame<\/li><li>Altoparlante incorporato con controllo del volume e jack per le cuffie per un monitoraggio preciso dell&#8217;udito<\/li><li>Indicatore del livello della batteria e funzione di spegnimento automatico dopo 1 minuto di inattivit\u00e0<\/li><\/ul>\t\t\t\t\t\t\t\t<\/div>\n\t\t\t\t<div class=\"elementor-element elementor-element-e589465 elementor-widget elementor-widget-heading\" data-id=\"e589465\" data-element_type=\"widget\" data-e-type=\"widget\" data-widget_type=\"heading.default\">\n\t\t\t\t\t<h2 class=\"elementor-heading-title elementor-size-default\">Versatilit\u00e0<\/h2>\t\t\t\t<\/div>\n\t\t\t\t<div class=\"elementor-element elementor-element-d449851 elementor-widget elementor-widget-text-editor\" data-id=\"d449851\" data-element_type=\"widget\" data-e-type=\"widget\" data-widget_type=\"text-editor.default\">\n\t\t\t\t\t\t\t\t\t<p>Compatibile con una serie di sonde (3, 4, 5 e 8 MHz) vendute separatamente, consente un uso esteso per una variet\u00e0 di esami, incluso il monitoraggio vascolare con una sonda da 8 MHz.<\/p>\t\t\t\t\t\t\t\t<\/div>\n\t\t\t\t<div class=\"elementor-element elementor-element-44f83b5 elementor-widget elementor-widget-heading\" data-id=\"44f83b5\" data-element_type=\"widget\" data-e-type=\"widget\" data-widget_type=\"heading.default\">\n\t\t\t\t\t<h2 class=\"elementor-heading-title elementor-size-default\">Vantaggi per i professionisti<\/h2>\t\t\t\t<\/div>\n\t\t\t\t<div class=\"elementor-element elementor-element-82940a4 elementor-widget elementor-widget-text-editor\" data-id=\"82940a4\" data-element_type=\"widget\" data-e-type=\"widget\" data-widget_type=\"text-editor.default\">\n\t\t\t\t\t\t\t\t\t<p>Il design compatto e robusto del Doppler Edan Sonotrax Basic A facilita l&#8217;esecuzione di esami in un&#8217;ampia gamma di situazioni cliniche. La sua portabilit\u00e0 e la flessibilit\u00e0 delle sonde intercambiabili forniscono uno strumento affidabile e facile da usare per il monitoraggio professionale. <\/p>\t\t\t\t\t\t\t\t<\/div>\n\t\t\t\t<div class=\"elementor-element elementor-element-e2e8b42 elementor-widget elementor-widget-heading\" data-id=\"e2e8b42\" data-element_type=\"widget\" data-e-type=\"widget\" data-widget_type=\"heading.default\">\n\t\t\t\t\t<h2 class=\"elementor-heading-title elementor-size-default\">Contenuto<\/h2>\t\t\t\t<\/div>\n\t\t\t\t<div class=\"elementor-element elementor-element-4251475 elementor-widget elementor-widget-text-editor\" data-id=\"4251475\" data-element_type=\"widget\" data-e-type=\"widget\" data-widget_type=\"text-editor.default\">\n\t\t\t\t\t\t\t\t\t<ul><li>Doppler Edan Sonotrax Basic A<\/li><li>Sonda da 2 MHz<\/li><li>Custodia per il trasporto<\/li><li>Manuale d&#8217;uso<\/li><\/ul><p class=\"whitespace-pre-wrap break-words\"> <\/p><p class=\"whitespace-pre-wrap break-words\"><em>Nota: questo dispositivo medico \u00e8 destinato esclusivamente all&#8217;uso professionale e deve essere utilizzato solo da personale sanitario qualificato. In caso di dubbi sul suo utilizzo, consulta un professionista sanitario. <br><\/em><\/p>\t\t\t\t\t\t\t\t<\/div>\n\t\t\t\t\t<\/div>\n\t\t<\/div>\n\t\t\t\t\t<\/div>\n\t\t<\/section>\n\t\t\t\t<\/div>\n\t\t","protected":false},"excerpt":{"rendered":"<p>L&#8217;Edan Sonotrax Basic A Doppler \u00e8 alimentato a batteria e incorpora una sonda fissa da 2 MHz e un&#8217;uscita audio standard. Il dispositivo \u00e8 certificato CE, \u00e8 conforme agli standard internazionali ed \u00e8 compatibile con gli accessori della gamma Sonotrax. <\/p>\n","protected":false},"featured_media":27260,"template":"","meta":{"_acf_changed":false},"product_brand":[2082],"product_cat":[1235,1236],"product_tag":[6458,6463,4730,6459,6457,6455,3388,6456,6461,6464,4719,6460,6348,4721,6462],"class_list":{"0":"post-33483","1":"product","2":"type-product","3":"status-publish","4":"has-post-thumbnail","6":"product_brand-edan-it","7":"product_cat-doppler-it","8":"product_cat-apparecchi-doppler","9":"product_tag-dispositivo-di-monitoraggio-fetale","10":"product_tag-dispositivo-per-lesame-fetale","11":"product_tag-doppler-compatto","12":"product_tag-doppler-con-altoparlante-integrato","13":"product_tag-doppler-con-schermo-lcd","14":"product_tag-doppler-edan-sonotrax-basic-a-it","15":"product_tag-doppler-fetale","16":"product_tag-doppler-medico-portatile","17":"product_tag-doppler-per-gli-operatori-sanitari","18":"product_tag-doppler-per-il-flusso-sanguigno","19":"product_tag-doppler-portatile-it","20":"product_tag-luce-doppler","21":"product_tag-monitoraggio-fetale-it","22":"product_tag-sonda-da-2-mhz","23":"product_tag-sonde-intercambiabili-compatibili-con-il-doppler","25":"first","26":"instock","27":"taxable","28":"shipping-taxable","29":"purchasable","30":"product-type-simple"},"acf":[],"yoast_head":"<!-- This site is optimized with the Yoast SEO Premium plugin v27.4 (Yoast SEO v27.4) - https:\/\/yoast.com\/product\/yoast-seo-premium-wordpress\/ -->\n<title>Doppler fetale tascabile Edan Sonotrax Basic A 2MHz | Swixed SA<\/title>\n<meta name=\"description\" content=\"Edan Sonotrax Basic Un Doppler portatile con sonda da 2 MHz, leggero e versatile, ideale per gli esami medici. Schermo LCD e sonda impermeabile.\" \/>\n<meta name=\"robots\" content=\"index, follow, max-snippet:-1, max-image-preview:large, max-video-preview:-1\" \/>\n<link rel=\"canonical\" href=\"https:\/\/swixed.ch\/it\/prodotto\/sed50001\/\" \/>\n<meta property=\"og:locale\" content=\"it_IT\" \/>\n<meta property=\"og:type\" content=\"article\" \/>\n<meta property=\"og:title\" content=\"Doppler fetale tascabile Edan Sonotrax Basic A 2MHz\" \/>\n<meta property=\"og:description\" content=\"Edan Sonotrax Basic Un Doppler portatile con sonda da 2 MHz, leggero e versatile, ideale per gli esami medici. Schermo LCD e sonda impermeabile.\" \/>\n<meta property=\"og:url\" content=\"https:\/\/swixed.ch\/it\/prodotto\/sed50001\/\" \/>\n<meta property=\"og:site_name\" content=\"Swixed SA\" \/>\n<meta property=\"article:publisher\" content=\"https:\/\/www.facebook.com\/swixed\" \/>\n<meta property=\"article:modified_time\" content=\"2026-04-20T18:57:24+00:00\" \/>\n<meta property=\"og:image\" content=\"https:\/\/swixed.ch\/wp-content\/uploads\/products\/edan-sonotrax-basic-a-01.png\" \/>\n\t<meta property=\"og:image:width\" content=\"600\" \/>\n\t<meta property=\"og:image:height\" content=\"600\" \/>\n\t<meta property=\"og:image:type\" content=\"image\/png\" \/>\n<meta name=\"twitter:card\" content=\"summary_large_image\" \/>\n<meta name=\"twitter:label1\" content=\"Tempo di lettura stimato\" \/>\n\t<meta name=\"twitter:data1\" content=\"1 minuto\" \/>\n<script type=\"application\/ld+json\" class=\"yoast-schema-graph\">{\"@context\":\"https:\\\/\\\/schema.org\",\"@graph\":[{\"@type\":\"WebPage\",\"@id\":\"https:\\\/\\\/swixed.ch\\\/it\\\/prodotto\\\/sed50001\\\/\",\"url\":\"https:\\\/\\\/swixed.ch\\\/it\\\/prodotto\\\/sed50001\\\/\",\"name\":\"Doppler fetale tascabile Edan Sonotrax Basic A 2MHz | Swixed SA\",\"isPartOf\":{\"@id\":\"https:\\\/\\\/swixed.ch\\\/it\\\/#website\"},\"primaryImageOfPage\":{\"@id\":\"https:\\\/\\\/swixed.ch\\\/it\\\/prodotto\\\/sed50001\\\/#primaryimage\"},\"image\":{\"@id\":\"https:\\\/\\\/swixed.ch\\\/it\\\/prodotto\\\/sed50001\\\/#primaryimage\"},\"thumbnailUrl\":\"https:\\\/\\\/swixed.ch\\\/wp-content\\\/uploads\\\/products\\\/edan-sonotrax-basic-a-01.png\",\"datePublished\":\"2021-04-27T08:00:54+00:00\",\"dateModified\":\"2026-04-20T18:57:24+00:00\",\"description\":\"Edan Sonotrax Basic Un Doppler portatile con sonda da 2 MHz, leggero e versatile, ideale per gli esami medici. Schermo LCD e sonda impermeabile.\",\"breadcrumb\":{\"@id\":\"https:\\\/\\\/swixed.ch\\\/it\\\/prodotto\\\/sed50001\\\/#breadcrumb\"},\"inLanguage\":\"it-IT\",\"potentialAction\":[{\"@type\":\"ReadAction\",\"target\":[\"https:\\\/\\\/swixed.ch\\\/it\\\/prodotto\\\/sed50001\\\/\"]}]},{\"@type\":\"ImageObject\",\"inLanguage\":\"it-IT\",\"@id\":\"https:\\\/\\\/swixed.ch\\\/it\\\/prodotto\\\/sed50001\\\/#primaryimage\",\"url\":\"https:\\\/\\\/swixed.ch\\\/wp-content\\\/uploads\\\/products\\\/edan-sonotrax-basic-a-01.png\",\"contentUrl\":\"https:\\\/\\\/swixed.ch\\\/wp-content\\\/uploads\\\/products\\\/edan-sonotrax-basic-a-01.png\",\"width\":600,\"height\":600,\"caption\":\"edan-sonotrax-basic-a-01\"},{\"@type\":\"BreadcrumbList\",\"@id\":\"https:\\\/\\\/swixed.ch\\\/it\\\/prodotto\\\/sed50001\\\/#breadcrumb\",\"itemListElement\":[{\"@type\":\"ListItem\",\"position\":1,\"name\":\"Home\",\"item\":\"https:\\\/\\\/swixed.ch\\\/it\\\/home\\\/\"},{\"@type\":\"ListItem\",\"position\":2,\"name\":\"Negozio\",\"item\":\"https:\\\/\\\/swixed.ch\\\/it\\\/shop\\\/\"},{\"@type\":\"ListItem\",\"position\":3,\"name\":\"Doppler fetale tascabile Edan Sonotrax Basic A 2MHz\"}]},{\"@type\":\"WebSite\",\"@id\":\"https:\\\/\\\/swixed.ch\\\/it\\\/#website\",\"url\":\"https:\\\/\\\/swixed.ch\\\/it\\\/\",\"name\":\"Swixed SA\",\"description\":\"Dispositivi elettronici\",\"publisher\":{\"@id\":\"https:\\\/\\\/swixed.ch\\\/it\\\/#organization\"},\"potentialAction\":[{\"@type\":\"SearchAction\",\"target\":{\"@type\":\"EntryPoint\",\"urlTemplate\":\"https:\\\/\\\/swixed.ch\\\/it\\\/?s={search_term_string}\"},\"query-input\":{\"@type\":\"PropertyValueSpecification\",\"valueRequired\":true,\"valueName\":\"search_term_string\"}}],\"inLanguage\":\"it-IT\"},{\"@type\":\"Organization\",\"@id\":\"https:\\\/\\\/swixed.ch\\\/it\\\/#organization\",\"name\":\"Swixed SA\",\"url\":\"https:\\\/\\\/swixed.ch\\\/it\\\/\",\"logo\":{\"@type\":\"ImageObject\",\"inLanguage\":\"it-IT\",\"@id\":\"https:\\\/\\\/swixed.ch\\\/it\\\/#\\\/schema\\\/logo\\\/image\\\/\",\"url\":\"https:\\\/\\\/swixed.ch\\\/wp-content\\\/uploads\\\/logos\\\/swixed-logo-lite.png\",\"contentUrl\":\"https:\\\/\\\/swixed.ch\\\/wp-content\\\/uploads\\\/logos\\\/swixed-logo-lite.png\",\"width\":696,\"height\":696,\"caption\":\"Swixed SA\"},\"image\":{\"@id\":\"https:\\\/\\\/swixed.ch\\\/it\\\/#\\\/schema\\\/logo\\\/image\\\/\"},\"sameAs\":[\"https:\\\/\\\/www.facebook.com\\\/swixed\",\"https:\\\/\\\/www.linkedin.com\\\/company\\\/swixed\",\"https:\\\/\\\/www.youtube.com\\\/@swixedsa\"],\"description\":\"Swixed SA est une entreprise suisse bas\u00e9e \u00e0 Gen\u00e8ve, sp\u00e9cialis\u00e9e dans la vente, la location et la maintenance d\u2019appareils m\u00e9dicaux professionnels, tels que d\u00e9fibrillateurs AED, \u00e9lectrocardiographes, moniteurs patient et dispositifs de diagnostic.\",\"email\":\"infoshop@swixed.ch\",\"telephone\":\"+41 22 566 11 95\",\"legalName\":\"Swixed SA\",\"foundingDate\":\"2021-03-01\",\"numberOfEmployees\":{\"@type\":\"QuantitativeValue\",\"minValue\":\"1\",\"maxValue\":\"10\"}}]}<\/script>\n<!-- \/ Yoast SEO Premium plugin. -->","yoast_head_json":{"title":"Doppler fetale tascabile Edan Sonotrax Basic A 2MHz | Swixed SA","description":"Edan Sonotrax Basic Un Doppler portatile con sonda da 2 MHz, leggero e versatile, ideale per gli esami medici. Schermo LCD e sonda impermeabile.","robots":{"index":"index","follow":"follow","max-snippet":"max-snippet:-1","max-image-preview":"max-image-preview:large","max-video-preview":"max-video-preview:-1"},"canonical":"https:\/\/swixed.ch\/it\/prodotto\/sed50001\/","og_locale":"it_IT","og_type":"article","og_title":"Doppler fetale tascabile Edan Sonotrax Basic A 2MHz","og_description":"Edan Sonotrax Basic Un Doppler portatile con sonda da 2 MHz, leggero e versatile, ideale per gli esami medici. Schermo LCD e sonda impermeabile.","og_url":"https:\/\/swixed.ch\/it\/prodotto\/sed50001\/","og_site_name":"Swixed SA","article_publisher":"https:\/\/www.facebook.com\/swixed","article_modified_time":"2026-04-20T18:57:24+00:00","og_image":[{"width":600,"height":600,"url":"https:\/\/swixed.ch\/wp-content\/uploads\/products\/edan-sonotrax-basic-a-01.png","type":"image\/png"}],"twitter_card":"summary_large_image","twitter_misc":{"Tempo di lettura stimato":"1 minuto"},"schema":{"@context":"https:\/\/schema.org","@graph":[{"@type":"WebPage","@id":"https:\/\/swixed.ch\/it\/prodotto\/sed50001\/","url":"https:\/\/swixed.ch\/it\/prodotto\/sed50001\/","name":"Doppler fetale tascabile Edan Sonotrax Basic A 2MHz | Swixed SA","isPartOf":{"@id":"https:\/\/swixed.ch\/it\/#website"},"primaryImageOfPage":{"@id":"https:\/\/swixed.ch\/it\/prodotto\/sed50001\/#primaryimage"},"image":{"@id":"https:\/\/swixed.ch\/it\/prodotto\/sed50001\/#primaryimage"},"thumbnailUrl":"https:\/\/swixed.ch\/wp-content\/uploads\/products\/edan-sonotrax-basic-a-01.png","datePublished":"2021-04-27T08:00:54+00:00","dateModified":"2026-04-20T18:57:24+00:00","description":"Edan Sonotrax Basic Un Doppler portatile con sonda da 2 MHz, leggero e versatile, ideale per gli esami medici. Schermo LCD e sonda impermeabile.","breadcrumb":{"@id":"https:\/\/swixed.ch\/it\/prodotto\/sed50001\/#breadcrumb"},"inLanguage":"it-IT","potentialAction":[{"@type":"ReadAction","target":["https:\/\/swixed.ch\/it\/prodotto\/sed50001\/"]}]},{"@type":"ImageObject","inLanguage":"it-IT","@id":"https:\/\/swixed.ch\/it\/prodotto\/sed50001\/#primaryimage","url":"https:\/\/swixed.ch\/wp-content\/uploads\/products\/edan-sonotrax-basic-a-01.png","contentUrl":"https:\/\/swixed.ch\/wp-content\/uploads\/products\/edan-sonotrax-basic-a-01.png","width":600,"height":600,"caption":"edan-sonotrax-basic-a-01"},{"@type":"BreadcrumbList","@id":"https:\/\/swixed.ch\/it\/prodotto\/sed50001\/#breadcrumb","itemListElement":[{"@type":"ListItem","position":1,"name":"Home","item":"https:\/\/swixed.ch\/it\/home\/"},{"@type":"ListItem","position":2,"name":"Negozio","item":"https:\/\/swixed.ch\/it\/shop\/"},{"@type":"ListItem","position":3,"name":"Doppler fetale tascabile Edan Sonotrax Basic A 2MHz"}]},{"@type":"WebSite","@id":"https:\/\/swixed.ch\/it\/#website","url":"https:\/\/swixed.ch\/it\/","name":"Swixed SA","description":"Dispositivi elettronici","publisher":{"@id":"https:\/\/swixed.ch\/it\/#organization"},"potentialAction":[{"@type":"SearchAction","target":{"@type":"EntryPoint","urlTemplate":"https:\/\/swixed.ch\/it\/?s={search_term_string}"},"query-input":{"@type":"PropertyValueSpecification","valueRequired":true,"valueName":"search_term_string"}}],"inLanguage":"it-IT"},{"@type":"Organization","@id":"https:\/\/swixed.ch\/it\/#organization","name":"Swixed SA","url":"https:\/\/swixed.ch\/it\/","logo":{"@type":"ImageObject","inLanguage":"it-IT","@id":"https:\/\/swixed.ch\/it\/#\/schema\/logo\/image\/","url":"https:\/\/swixed.ch\/wp-content\/uploads\/logos\/swixed-logo-lite.png","contentUrl":"https:\/\/swixed.ch\/wp-content\/uploads\/logos\/swixed-logo-lite.png","width":696,"height":696,"caption":"Swixed SA"},"image":{"@id":"https:\/\/swixed.ch\/it\/#\/schema\/logo\/image\/"},"sameAs":["https:\/\/www.facebook.com\/swixed","https:\/\/www.linkedin.com\/company\/swixed","https:\/\/www.youtube.com\/@swixedsa"],"description":"Swixed SA est une entreprise suisse bas\u00e9e \u00e0 Gen\u00e8ve, sp\u00e9cialis\u00e9e dans la vente, la location et la maintenance d\u2019appareils m\u00e9dicaux professionnels, tels que d\u00e9fibrillateurs AED, \u00e9lectrocardiographes, moniteurs patient et dispositifs de diagnostic.","email":"infoshop@swixed.ch","telephone":"+41 22 566 11 95","legalName":"Swixed SA","foundingDate":"2021-03-01","numberOfEmployees":{"@type":"QuantitativeValue","minValue":"1","maxValue":"10"}}]}},"_links":{"self":[{"href":"https:\/\/swixed.ch\/it\/wp-json\/wp\/v2\/product\/33483","targetHints":{"allow":["GET"]}}],"collection":[{"href":"https:\/\/swixed.ch\/it\/wp-json\/wp\/v2\/product"}],"about":[{"href":"https:\/\/swixed.ch\/it\/wp-json\/wp\/v2\/types\/product"}],"version-history":[{"count":1,"href":"https:\/\/swixed.ch\/it\/wp-json\/wp\/v2\/product\/33483\/revisions"}],"predecessor-version":[{"id":62994,"href":"https:\/\/swixed.ch\/it\/wp-json\/wp\/v2\/product\/33483\/revisions\/62994"}],"wp:featuredmedia":[{"embeddable":true,"href":"https:\/\/swixed.ch\/it\/wp-json\/wp\/v2\/media\/27260"}],"wp:attachment":[{"href":"https:\/\/swixed.ch\/it\/wp-json\/wp\/v2\/media?parent=33483"}],"wp:term":[{"taxonomy":"product_brand","embeddable":true,"href":"https:\/\/swixed.ch\/it\/wp-json\/wp\/v2\/product_brand?post=33483"},{"taxonomy":"product_cat","embeddable":true,"href":"https:\/\/swixed.ch\/it\/wp-json\/wp\/v2\/product_cat?post=33483"},{"taxonomy":"product_tag","embeddable":true,"href":"https:\/\/swixed.ch\/it\/wp-json\/wp\/v2\/product_tag?post=33483"}],"curies":[{"name":"wp","href":"https:\/\/api.w.org\/{rel}","templated":true}]}}