{"id":33505,"date":"2021-04-27T19:11:10","date_gmt":"2021-04-27T17:11:10","guid":{"rendered":"https:\/\/swixed.com\/produit\/adattatori-a-coccodrillo-per-cavi-con-spina-a-banana-da-4-mm-10-pz\/"},"modified":"2026-02-05T18:28:58","modified_gmt":"2026-02-05T17:28:58","slug":"sed14004","status":"publish","type":"product","link":"https:\/\/swixed.ch\/it\/prodotto\/sed14004\/","title":{"rendered":"Adattatori a coccodrillo per cavi ECG con connettore a banana da 4 mm (confezione da 10)"},"content":{"rendered":"\t\t<div data-elementor-type=\"product-post\" data-elementor-id=\"33505\" class=\"elementor elementor-33505 elementor-3281\" data-elementor-post-type=\"product\">\n\t\t\t\t<div class=\"elementor-element elementor-element-87a50dc e-con-full e-flex e-con e-parent\" data-id=\"87a50dc\" data-element_type=\"container\" data-e-type=\"container\">\n\t\t<div class=\"elementor-element elementor-element-1678d17 e-con-full e-flex e-con e-child\" data-id=\"1678d17\" data-element_type=\"container\" data-e-type=\"container\">\n\t\t\t\t<div class=\"elementor-element elementor-element-b0c2a61 elementor-widget elementor-widget-heading\" data-id=\"b0c2a61\" data-element_type=\"widget\" data-e-type=\"widget\" data-widget_type=\"heading.default\">\n\t\t\t\t\t<h2 class=\"elementor-heading-title elementor-size-default\">Caratteristiche principali<\/h2>\t\t\t\t<\/div>\n\t\t\t\t<div class=\"elementor-element elementor-element-5c43662 elementor-widget elementor-widget-text-editor\" data-id=\"5c43662\" data-element_type=\"widget\" data-e-type=\"widget\" data-widget_type=\"text-editor.default\">\n\t\t\t\t\t\t\t\t\t<p>Questi adattatori a coccodrillo per cavi ECG soddisfano i requisiti tecnici degli ambienti medici e paramedici. Forniscono una connessione affidabile tra le spine a banana da 4 mm e gli elettrodi compatibili con Easitab, in particolare per gli esami ECG a riposo.<br>Il design meccanico garantisce il mantenimento del contatto elettrico in ogni momento, semplificando al contempo la gestione durante l&#8217;installazione. <\/p><p>Caratteristiche principali:<\/p><ul><li>Compatibile con le spine a banana standard da 4 mm<\/li><li>Collegamento con gli elettrodi Easitab (ad es. Skintact RT-34)<\/li><li>Meccanismo a molla con denti antiscivolo<\/li><li>Apertura a pressione per un utilizzo controllato<\/li><li>Adattatori per cavi ECG professionali<\/li><li>Confezionato in confezioni da 10 pezzi<\/li><\/ul><p><br>Di conseguenza, questi accessori possono essere integrati in una catena di misurazione ECG esistente senza modificare il cablaggio principale.<\/p>\t\t\t\t\t\t\t\t<\/div>\n\t\t\t\t<div class=\"elementor-element elementor-element-782686a elementor-widget elementor-widget-heading\" data-id=\"782686a\" data-element_type=\"widget\" data-e-type=\"widget\" data-widget_type=\"heading.default\">\n\t\t\t\t\t<h2 class=\"elementor-heading-title elementor-size-default\">Utilizzo, conformit\u00e0 e raccomandazioni<\/h2>\t\t\t\t<\/div>\n\t\t\t\t<div class=\"elementor-element elementor-element-178266a elementor-widget elementor-widget-text-editor\" data-id=\"178266a\" data-element_type=\"widget\" data-e-type=\"widget\" data-widget_type=\"text-editor.default\">\n\t\t\t\t\t\t\t\t\t<p>Questi adattatori a coccodrillo per cavi ECG sono utilizzati come accessori tecnici per le registrazioni ECG effettuate con dispositivi medici conformi. In Svizzera vengono utilizzati in conformit\u00e0 alle raccomandazioni e alle informazioni pubblicate dall&#8217;Ufficio Federale della Sanit\u00e0 Pubblica (UFSP) e dal Centro Svizzero di Informazione sulle Norme Tecniche (Switec). <br>Forniscono inoltre riferimenti utili per i dispositivi medici e gli accessori.<br>\t\t<div data-elementor-type=\"widget\" data-elementor-id=\"60301\" class=\"elementor elementor-60301 elementor-60240 elementor-60240\" data-elementor-post-type=\"elementor_library\">\n\t\t\t\t\t\t<div class=\"elementor-element elementor-element-60240 elementor-widget elementor-widget-text-editor\" data-id=\"60240\" data-element_type=\"widget\" data-e-type=\"widget\" data-widget_type=\"text-editor.default\">\n\t\t\t\t\t\t\t\t\t<p>Per maggiori informazioni, consulta :<\/p><ul><li><a href=\"https:\/\/www.bag.admin.ch\" target=\"_blank\" rel=\"noopener\">Ufficio federale della sanit\u00e0 pubblica (UFSP)<\/a><\/li><li><a href=\"https:\/\/www.switec.info\" target=\"_blank\" rel=\"noopener\">Centro d&#8217;informazione svizzero per le norme tecniche (Switec)<\/a><\/li><\/ul><p><br>I nostri dispositivi medici hanno un rappresentante autorizzato in Svizzera (CH-REP), in conformit\u00e0 con l&#8217;attuale legislazione svizzera sui dispositivi medici.<\/p>\t\t\t\t\t\t\t\t<\/div>\n\t\t\t\t<\/div>\n\t\t<\/p>\t\t\t\t\t\t\t\t<\/div>\n\t\t\t\t<div class=\"elementor-element elementor-element-b127ddc elementor-widget elementor-widget-heading\" data-id=\"b127ddc\" data-element_type=\"widget\" data-e-type=\"widget\" data-widget_type=\"heading.default\">\n\t\t\t\t\t<h2 class=\"elementor-heading-title elementor-size-default\">Contenuto<\/h2>\t\t\t\t<\/div>\n\t\t\t\t<div class=\"elementor-element elementor-element-dc71122 elementor-widget elementor-widget-text-editor\" data-id=\"dc71122\" data-element_type=\"widget\" data-e-type=\"widget\" data-widget_type=\"text-editor.default\">\n\t\t\t\t\t\t\t\t\t<p>La confezione contiene solo i componenti necessari all&#8217;utilizzo degli adattatori, senza ulteriori accessori. Questo garantisce che il contenuto sia presentato in modo chiaro e concreto. <\/p><p>Contenuto della confezione :<\/p><ul><li>10 \u00d7 adattatori a coccodrillo per cavi ECG con connettori a banana da 4 mm<\/li><\/ul><p><br>Nessun cavo ECG incluso<br>Nessun elettrodo incluso<\/p>\t\t\t\t\t\t\t\t<\/div>\n\t\t\t\t<\/div>\n\t\t\t\t<\/div>\n\t\t\t\t<\/div>\n\t\t","protected":false},"excerpt":{"rendered":"<p>Questi adattatori a coccodrillo per cavi ECG collegano spine a banana da 4 mm agli elettrodi Easitab. Grazie al meccanismo a molla e ai denti integrati, mantengono un contatto stabile durante la registrazione ECG. Inoltre, si aprono a scatto per facilitare l&#8217;inserimento senza scivolare via. Questa confezione di 10 accessori tecnici \u00e8 ideale per l&#8217;utilizzo in un ambiente professionale in linea con le pratiche standard.   <\/p>\n","protected":false},"featured_media":62185,"template":"","meta":{"_acf_changed":false},"product_brand":[2082],"product_cat":[1197,1243,966,1093],"product_tag":[4490,7709,7879,7885,7822,7823,6743,7881,7804,7824],"class_list":{"0":"post-33505","1":"product","2":"type-product","3":"status-publish","4":"has-post-thumbnail","6":"product_brand-edan-it","7":"product_cat-accessori-elettrocardiografi","8":"product_cat-accessori-monitor-pazienti","9":"product_cat-elettrocardiografi","10":"product_cat-monitor-pazienti","11":"product_tag-accessorio-ecg","12":"product_tag-acquisizione-dellecg","13":"product_tag-adattatore-ecg","14":"product_tag-clip-a-coccodrillo-per-ecg","15":"product_tag-collegamento-ecg","16":"product_tag-connettivita-ecg","17":"product_tag-manutenzione-dellecg","18":"product_tag-materiali-di-consumo-per-ecg","19":"product_tag-pezzo-di-ricambio-per-ecg","20":"product_tag-spine-a-banana-da-4-mm-2","22":"first","23":"instock","24":"taxable","25":"shipping-taxable","26":"purchasable","27":"product-type-simple"},"acf":[],"yoast_head":"<!-- This site is optimized with the Yoast SEO Premium plugin v27.4 (Yoast SEO v27.4) - https:\/\/yoast.com\/product\/yoast-seo-premium-wordpress\/ -->\n<title>Adattatori a coccodrillo per cavi ECG | Swixed SA<\/title>\n<meta name=\"description\" content=\"Adattatori a coccodrillo per cavi ECG compatibili con spine a banana da 4 mm. Collegamento affidabile con gli elettrodi Easitab. Confezione da 10 accessori tecnici.\" \/>\n<meta name=\"robots\" content=\"index, follow, max-snippet:-1, max-image-preview:large, max-video-preview:-1\" \/>\n<link rel=\"canonical\" href=\"https:\/\/swixed.ch\/it\/prodotto\/sed14004\/\" \/>\n<meta property=\"og:locale\" content=\"it_IT\" \/>\n<meta property=\"og:type\" content=\"article\" \/>\n<meta property=\"og:title\" content=\"Adattatori a coccodrillo per cavi ECG con connettore a banana da 4 mm (confezione da 10)\" \/>\n<meta property=\"og:description\" content=\"Adattatori a coccodrillo per cavi ECG compatibili con spine a banana da 4 mm. Collegamento affidabile con gli elettrodi Easitab. Confezione da 10 accessori tecnici.\" \/>\n<meta property=\"og:url\" content=\"https:\/\/swixed.ch\/it\/prodotto\/sed14004\/\" \/>\n<meta property=\"og:site_name\" content=\"Swixed SA\" \/>\n<meta property=\"article:publisher\" content=\"https:\/\/www.facebook.com\/swixed\" \/>\n<meta property=\"article:modified_time\" content=\"2026-02-05T17:28:58+00:00\" \/>\n<meta property=\"og:image\" content=\"https:\/\/swixed.ch\/wp-content\/uploads\/2026\/02\/SED14004-01.png\" \/>\n\t<meta property=\"og:image:width\" content=\"600\" \/>\n\t<meta property=\"og:image:height\" content=\"600\" \/>\n\t<meta property=\"og:image:type\" content=\"image\/png\" \/>\n<meta name=\"twitter:card\" content=\"summary_large_image\" \/>\n<meta name=\"twitter:label1\" content=\"Tempo di lettura stimato\" \/>\n\t<meta name=\"twitter:data1\" content=\"1 minuto\" \/>\n<script type=\"application\/ld+json\" class=\"yoast-schema-graph\">{\"@context\":\"https:\\\/\\\/schema.org\",\"@graph\":[{\"@type\":\"WebPage\",\"@id\":\"https:\\\/\\\/swixed.ch\\\/it\\\/prodotto\\\/sed14004\\\/\",\"url\":\"https:\\\/\\\/swixed.ch\\\/it\\\/prodotto\\\/sed14004\\\/\",\"name\":\"Adattatori a coccodrillo per cavi ECG | Swixed SA\",\"isPartOf\":{\"@id\":\"https:\\\/\\\/swixed.ch\\\/it\\\/#website\"},\"primaryImageOfPage\":{\"@id\":\"https:\\\/\\\/swixed.ch\\\/it\\\/prodotto\\\/sed14004\\\/#primaryimage\"},\"image\":{\"@id\":\"https:\\\/\\\/swixed.ch\\\/it\\\/prodotto\\\/sed14004\\\/#primaryimage\"},\"thumbnailUrl\":\"https:\\\/\\\/swixed.ch\\\/wp-content\\\/uploads\\\/2026\\\/02\\\/SED14004-01.png\",\"datePublished\":\"2021-04-27T17:11:10+00:00\",\"dateModified\":\"2026-02-05T17:28:58+00:00\",\"description\":\"Adattatori a coccodrillo per cavi ECG compatibili con spine a banana da 4 mm. Collegamento affidabile con gli elettrodi Easitab. Confezione da 10 accessori tecnici.\",\"breadcrumb\":{\"@id\":\"https:\\\/\\\/swixed.ch\\\/it\\\/prodotto\\\/sed14004\\\/#breadcrumb\"},\"inLanguage\":\"it-IT\",\"potentialAction\":[{\"@type\":\"ReadAction\",\"target\":[\"https:\\\/\\\/swixed.ch\\\/it\\\/prodotto\\\/sed14004\\\/\"]}]},{\"@type\":\"ImageObject\",\"inLanguage\":\"it-IT\",\"@id\":\"https:\\\/\\\/swixed.ch\\\/it\\\/prodotto\\\/sed14004\\\/#primaryimage\",\"url\":\"https:\\\/\\\/swixed.ch\\\/wp-content\\\/uploads\\\/2026\\\/02\\\/SED14004-01.png\",\"contentUrl\":\"https:\\\/\\\/swixed.ch\\\/wp-content\\\/uploads\\\/2026\\\/02\\\/SED14004-01.png\",\"width\":600,\"height\":600,\"caption\":\"SED14004\"},{\"@type\":\"BreadcrumbList\",\"@id\":\"https:\\\/\\\/swixed.ch\\\/it\\\/prodotto\\\/sed14004\\\/#breadcrumb\",\"itemListElement\":[{\"@type\":\"ListItem\",\"position\":1,\"name\":\"Home\",\"item\":\"https:\\\/\\\/swixed.ch\\\/it\\\/home\\\/\"},{\"@type\":\"ListItem\",\"position\":2,\"name\":\"Negozio\",\"item\":\"https:\\\/\\\/swixed.ch\\\/it\\\/shop\\\/\"},{\"@type\":\"ListItem\",\"position\":3,\"name\":\"Adattatori a coccodrillo per cavi ECG con connettore a banana da 4 mm (confezione da 10)\"}]},{\"@type\":\"WebSite\",\"@id\":\"https:\\\/\\\/swixed.ch\\\/it\\\/#website\",\"url\":\"https:\\\/\\\/swixed.ch\\\/it\\\/\",\"name\":\"Swixed SA\",\"description\":\"Dispositivi elettronici\",\"publisher\":{\"@id\":\"https:\\\/\\\/swixed.ch\\\/it\\\/#organization\"},\"potentialAction\":[{\"@type\":\"SearchAction\",\"target\":{\"@type\":\"EntryPoint\",\"urlTemplate\":\"https:\\\/\\\/swixed.ch\\\/it\\\/?s={search_term_string}\"},\"query-input\":{\"@type\":\"PropertyValueSpecification\",\"valueRequired\":true,\"valueName\":\"search_term_string\"}}],\"inLanguage\":\"it-IT\"},{\"@type\":\"Organization\",\"@id\":\"https:\\\/\\\/swixed.ch\\\/it\\\/#organization\",\"name\":\"Swixed SA\",\"url\":\"https:\\\/\\\/swixed.ch\\\/it\\\/\",\"logo\":{\"@type\":\"ImageObject\",\"inLanguage\":\"it-IT\",\"@id\":\"https:\\\/\\\/swixed.ch\\\/it\\\/#\\\/schema\\\/logo\\\/image\\\/\",\"url\":\"https:\\\/\\\/swixed.ch\\\/wp-content\\\/uploads\\\/logos\\\/swixed-logo-lite.png\",\"contentUrl\":\"https:\\\/\\\/swixed.ch\\\/wp-content\\\/uploads\\\/logos\\\/swixed-logo-lite.png\",\"width\":696,\"height\":696,\"caption\":\"Swixed SA\"},\"image\":{\"@id\":\"https:\\\/\\\/swixed.ch\\\/it\\\/#\\\/schema\\\/logo\\\/image\\\/\"},\"sameAs\":[\"https:\\\/\\\/www.facebook.com\\\/swixed\",\"https:\\\/\\\/www.linkedin.com\\\/company\\\/swixed\",\"https:\\\/\\\/www.youtube.com\\\/@swixedsa\"],\"description\":\"Swixed SA est une entreprise suisse bas\u00e9e \u00e0 Gen\u00e8ve, sp\u00e9cialis\u00e9e dans la vente, la location et la maintenance d\u2019appareils m\u00e9dicaux professionnels, tels que d\u00e9fibrillateurs AED, \u00e9lectrocardiographes, moniteurs patient et dispositifs de diagnostic.\",\"email\":\"infoshop@swixed.ch\",\"telephone\":\"+41 22 566 11 95\",\"legalName\":\"Swixed SA\",\"foundingDate\":\"2021-03-01\",\"numberOfEmployees\":{\"@type\":\"QuantitativeValue\",\"minValue\":\"1\",\"maxValue\":\"10\"}}]}<\/script>\n<!-- \/ Yoast SEO Premium plugin. -->","yoast_head_json":{"title":"Adattatori a coccodrillo per cavi ECG | Swixed SA","description":"Adattatori a coccodrillo per cavi ECG compatibili con spine a banana da 4 mm. Collegamento affidabile con gli elettrodi Easitab. Confezione da 10 accessori tecnici.","robots":{"index":"index","follow":"follow","max-snippet":"max-snippet:-1","max-image-preview":"max-image-preview:large","max-video-preview":"max-video-preview:-1"},"canonical":"https:\/\/swixed.ch\/it\/prodotto\/sed14004\/","og_locale":"it_IT","og_type":"article","og_title":"Adattatori a coccodrillo per cavi ECG con connettore a banana da 4 mm (confezione da 10)","og_description":"Adattatori a coccodrillo per cavi ECG compatibili con spine a banana da 4 mm. Collegamento affidabile con gli elettrodi Easitab. Confezione da 10 accessori tecnici.","og_url":"https:\/\/swixed.ch\/it\/prodotto\/sed14004\/","og_site_name":"Swixed SA","article_publisher":"https:\/\/www.facebook.com\/swixed","article_modified_time":"2026-02-05T17:28:58+00:00","og_image":[{"width":600,"height":600,"url":"https:\/\/swixed.ch\/wp-content\/uploads\/2026\/02\/SED14004-01.png","type":"image\/png"}],"twitter_card":"summary_large_image","twitter_misc":{"Tempo di lettura stimato":"1 minuto"},"schema":{"@context":"https:\/\/schema.org","@graph":[{"@type":"WebPage","@id":"https:\/\/swixed.ch\/it\/prodotto\/sed14004\/","url":"https:\/\/swixed.ch\/it\/prodotto\/sed14004\/","name":"Adattatori a coccodrillo per cavi ECG | Swixed SA","isPartOf":{"@id":"https:\/\/swixed.ch\/it\/#website"},"primaryImageOfPage":{"@id":"https:\/\/swixed.ch\/it\/prodotto\/sed14004\/#primaryimage"},"image":{"@id":"https:\/\/swixed.ch\/it\/prodotto\/sed14004\/#primaryimage"},"thumbnailUrl":"https:\/\/swixed.ch\/wp-content\/uploads\/2026\/02\/SED14004-01.png","datePublished":"2021-04-27T17:11:10+00:00","dateModified":"2026-02-05T17:28:58+00:00","description":"Adattatori a coccodrillo per cavi ECG compatibili con spine a banana da 4 mm. Collegamento affidabile con gli elettrodi Easitab. Confezione da 10 accessori tecnici.","breadcrumb":{"@id":"https:\/\/swixed.ch\/it\/prodotto\/sed14004\/#breadcrumb"},"inLanguage":"it-IT","potentialAction":[{"@type":"ReadAction","target":["https:\/\/swixed.ch\/it\/prodotto\/sed14004\/"]}]},{"@type":"ImageObject","inLanguage":"it-IT","@id":"https:\/\/swixed.ch\/it\/prodotto\/sed14004\/#primaryimage","url":"https:\/\/swixed.ch\/wp-content\/uploads\/2026\/02\/SED14004-01.png","contentUrl":"https:\/\/swixed.ch\/wp-content\/uploads\/2026\/02\/SED14004-01.png","width":600,"height":600,"caption":"SED14004"},{"@type":"BreadcrumbList","@id":"https:\/\/swixed.ch\/it\/prodotto\/sed14004\/#breadcrumb","itemListElement":[{"@type":"ListItem","position":1,"name":"Home","item":"https:\/\/swixed.ch\/it\/home\/"},{"@type":"ListItem","position":2,"name":"Negozio","item":"https:\/\/swixed.ch\/it\/shop\/"},{"@type":"ListItem","position":3,"name":"Adattatori a coccodrillo per cavi ECG con connettore a banana da 4 mm (confezione da 10)"}]},{"@type":"WebSite","@id":"https:\/\/swixed.ch\/it\/#website","url":"https:\/\/swixed.ch\/it\/","name":"Swixed SA","description":"Dispositivi elettronici","publisher":{"@id":"https:\/\/swixed.ch\/it\/#organization"},"potentialAction":[{"@type":"SearchAction","target":{"@type":"EntryPoint","urlTemplate":"https:\/\/swixed.ch\/it\/?s={search_term_string}"},"query-input":{"@type":"PropertyValueSpecification","valueRequired":true,"valueName":"search_term_string"}}],"inLanguage":"it-IT"},{"@type":"Organization","@id":"https:\/\/swixed.ch\/it\/#organization","name":"Swixed SA","url":"https:\/\/swixed.ch\/it\/","logo":{"@type":"ImageObject","inLanguage":"it-IT","@id":"https:\/\/swixed.ch\/it\/#\/schema\/logo\/image\/","url":"https:\/\/swixed.ch\/wp-content\/uploads\/logos\/swixed-logo-lite.png","contentUrl":"https:\/\/swixed.ch\/wp-content\/uploads\/logos\/swixed-logo-lite.png","width":696,"height":696,"caption":"Swixed SA"},"image":{"@id":"https:\/\/swixed.ch\/it\/#\/schema\/logo\/image\/"},"sameAs":["https:\/\/www.facebook.com\/swixed","https:\/\/www.linkedin.com\/company\/swixed","https:\/\/www.youtube.com\/@swixedsa"],"description":"Swixed SA est une entreprise suisse bas\u00e9e \u00e0 Gen\u00e8ve, sp\u00e9cialis\u00e9e dans la vente, la location et la maintenance d\u2019appareils m\u00e9dicaux professionnels, tels que d\u00e9fibrillateurs AED, \u00e9lectrocardiographes, moniteurs patient et dispositifs de diagnostic.","email":"infoshop@swixed.ch","telephone":"+41 22 566 11 95","legalName":"Swixed SA","foundingDate":"2021-03-01","numberOfEmployees":{"@type":"QuantitativeValue","minValue":"1","maxValue":"10"}}]}},"_links":{"self":[{"href":"https:\/\/swixed.ch\/it\/wp-json\/wp\/v2\/product\/33505","targetHints":{"allow":["GET"]}}],"collection":[{"href":"https:\/\/swixed.ch\/it\/wp-json\/wp\/v2\/product"}],"about":[{"href":"https:\/\/swixed.ch\/it\/wp-json\/wp\/v2\/types\/product"}],"version-history":[{"count":0,"href":"https:\/\/swixed.ch\/it\/wp-json\/wp\/v2\/product\/33505\/revisions"}],"wp:featuredmedia":[{"embeddable":true,"href":"https:\/\/swixed.ch\/it\/wp-json\/wp\/v2\/media\/62185"}],"wp:attachment":[{"href":"https:\/\/swixed.ch\/it\/wp-json\/wp\/v2\/media?parent=33505"}],"wp:term":[{"taxonomy":"product_brand","embeddable":true,"href":"https:\/\/swixed.ch\/it\/wp-json\/wp\/v2\/product_brand?post=33505"},{"taxonomy":"product_cat","embeddable":true,"href":"https:\/\/swixed.ch\/it\/wp-json\/wp\/v2\/product_cat?post=33505"},{"taxonomy":"product_tag","embeddable":true,"href":"https:\/\/swixed.ch\/it\/wp-json\/wp\/v2\/product_tag?post=33505"}],"curies":[{"name":"wp","href":"https:\/\/api.w.org\/{rel}","templated":true}]}}