{"id":33596,"date":"2021-04-28T10:27:42","date_gmt":"2021-04-28T08:27:42","guid":{"rendered":"https:\/\/swixed.com\/produit\/custodia-per-il-trasporto-degli-ecg-edan-se-1201-f2-e-f3\/"},"modified":"2026-02-05T07:20:47","modified_gmt":"2026-02-05T06:20:47","slug":"sed14008","status":"publish","type":"product","link":"https:\/\/swixed.ch\/it\/prodotto\/sed14008\/","title":{"rendered":"Custodia per Edan SE-1201 \/ F2 \/ F3"},"content":{"rendered":"\t\t<div data-elementor-type=\"product-post\" data-elementor-id=\"33596\" class=\"elementor elementor-33596 elementor-3321\" data-elementor-post-type=\"product\">\n\t\t\t\t<div class=\"elementor-element elementor-element-4a8897d e-con-full e-flex e-con e-parent\" data-id=\"4a8897d\" data-element_type=\"container\" data-e-type=\"container\">\n\t\t<div class=\"elementor-element elementor-element-a97e459 e-con-full e-flex e-con e-child\" data-id=\"a97e459\" data-element_type=\"container\" data-e-type=\"container\">\n\t\t\t\t<div class=\"elementor-element elementor-element-abd851c elementor-widget elementor-widget-heading\" data-id=\"abd851c\" data-element_type=\"widget\" data-e-type=\"widget\" data-widget_type=\"heading.default\">\n\t\t\t\t\t<h2 class=\"elementor-heading-title elementor-size-default\">Descrizione<\/h2>\t\t\t\t<\/div>\n\t\t\t\t<div class=\"elementor-element elementor-element-2fac695 elementor-widget elementor-widget-text-editor\" data-id=\"2fac695\" data-element_type=\"widget\" data-e-type=\"widget\" data-widget_type=\"text-editor.default\">\n\t\t\t\t\t\t\t\t\t<p>La borsa da trasporto Edan pu\u00f2 essere utilizzata per spostare e conservare una serie di apparecchiature Edan per uso professionale. \u00c8 adatta all&#8217;elettrocardiografo Edan SE-1201 e ai cardiotocografi Edan F2 e F3. Inoltre, \u00e8 stata progettata per garantire facilit\u00e0 d&#8217;uso e protezione esterna durante gli spostamenti. Inoltre, le sue dimensioni compatte lo rendono facile da maneggiare ogni giorno senza appesantirlo.   <\/p><p>Caratteristiche principali:<\/p><ul><li>Compatibilit\u00e0 con l&#8217;ECG Edan SE-1201<\/li><li>Compatibilit\u00e0 con il cardiotocografo Edan F2<\/li><li>Compatibilit\u00e0 con il cardiotocografo Edan F3<\/li><li>Chiusura a clip per una presa sicura<\/li><li>Maniglia integrata per il trasporto manuale<\/li><li>Tracolla regolabile con chiusura a strappo<\/li><\/ul>\t\t\t\t\t\t\t\t<\/div>\n\t\t\t\t<div class=\"elementor-element elementor-element-63b3af3 elementor-widget elementor-widget-heading\" data-id=\"63b3af3\" data-element_type=\"widget\" data-e-type=\"widget\" data-widget_type=\"heading.default\">\n\t\t\t\t\t<h2 class=\"elementor-heading-title elementor-size-default\">Utilizzo, conformit\u00e0 e raccomandazioni<\/h2>\t\t\t\t<\/div>\n\t\t\t\t<div class=\"elementor-element elementor-element-ce255ec elementor-widget elementor-widget-text-editor\" data-id=\"ce255ec\" data-element_type=\"widget\" data-e-type=\"widget\" data-widget_type=\"text-editor.default\">\n\t\t\t\t\t\t\t\t\t<p>In primo luogo, la valigetta per Edan SE-1201 \/ F2 \/ F3 viene utilizzata come accessorio per il trasporto e la conservazione delle apparecchiature mediche. Tuttavia, non contiene alcun componente attivo e non \u00e8 un dispositivo medico autonomo. Il suo utilizzo \u00e8 quindi limitato a scopi logistici e organizzativi.  <\/p><p>Tuttavia, l&#8217;uso di questo tipo di accessori fa parte di un ambiente regolamentato legato alle apparecchiature mediche. In Svizzera, le informazioni generali di riferimento sono pubblicate dall&#8217;Ufficio Federale della Sanit\u00e0 Pubblica (UFSP) e dal Centro Svizzero di Informazione sulle Norme Tecniche (Switec). Questi enti forniscono il quadro normativo applicabile ai dispositivi e agli accessori utilizzati in ambito medico.  <br>\t\t<div data-elementor-type=\"widget\" data-elementor-id=\"60301\" class=\"elementor elementor-60301 elementor-60240 elementor-60240\" data-elementor-post-type=\"elementor_library\">\n\t\t\t\t\t\t<div class=\"elementor-element elementor-element-60240 elementor-widget elementor-widget-text-editor\" data-id=\"60240\" data-element_type=\"widget\" data-e-type=\"widget\" data-widget_type=\"text-editor.default\">\n\t\t\t\t\t\t\t\t\t<p>Per maggiori informazioni, consulta :<\/p><ul><li><a href=\"https:\/\/www.bag.admin.ch\" target=\"_blank\" rel=\"noopener\">Ufficio federale della sanit\u00e0 pubblica (UFSP)<\/a><\/li><li><a href=\"https:\/\/www.switec.info\" target=\"_blank\" rel=\"noopener\">Centro d&#8217;informazione svizzero per le norme tecniche (Switec)<\/a><\/li><\/ul><p><br>I nostri dispositivi medici hanno un rappresentante autorizzato in Svizzera (CH-REP), in conformit\u00e0 con l&#8217;attuale legislazione svizzera sui dispositivi medici.<\/p>\t\t\t\t\t\t\t\t<\/div>\n\t\t\t\t<\/div>\n\t\t<\/p>\t\t\t\t\t\t\t\t<\/div>\n\t\t\t\t<div class=\"elementor-element elementor-element-2117f30 elementor-widget elementor-widget-heading\" data-id=\"2117f30\" data-element_type=\"widget\" data-e-type=\"widget\" data-widget_type=\"heading.default\">\n\t\t\t\t\t<h2 class=\"elementor-heading-title elementor-size-default\">Contenuto<\/h2>\t\t\t\t<\/div>\n\t\t\t\t<div class=\"elementor-element elementor-element-9e7ea5c elementor-widget elementor-widget-text-editor\" data-id=\"9e7ea5c\" data-element_type=\"widget\" data-e-type=\"widget\" data-widget_type=\"text-editor.default\">\n\t\t\t\t\t\t\t\t\t<p>Questa borsa \u00e8 un accessorio per il trasporto progettato esclusivamente per i dispositivi Edan compatibili. Il suo unico scopo \u00e8 quello di fornire una protezione meccanica quando sei in viaggio o in deposito e non ha altre funzioni. <\/p><p>Contenuto della confezione :<\/p><ul><li>1 custodia per Edan SE-1201 \/ F2 \/ F3<\/li><li>1 tracolla integrata e regolabile<\/li><\/ul>\t\t\t\t\t\t\t\t<\/div>\n\t\t\t\t<\/div>\n\t\t\t\t<\/div>\n\t\t\t\t<\/div>\n\t\t","protected":false},"excerpt":{"rendered":"<p>La custodia Edan \u00e8 stata progettata per trasportare e conservare le fotocamere Edan SE-1201, F2 e F3. \u00c8 dotata di chiusura a clip, maniglia integrata e tracolla regolabile con chiusura a strappo. Grazie alle sue dimensioni compatte, \u00e8 facile da maneggiare e spostare per l&#8217;uso professionale della tua attrezzatura. \u00c8 un accessorio ideale per conservare e trasportare le apparecchiature Edan compatibili.   <\/p>\n","protected":false},"featured_media":62079,"template":"","meta":{"_acf_changed":false},"product_brand":[2082],"product_cat":[1197,1254,1113,966],"product_tag":[3402,3760,7870,7867,7825,7868,7873,7871,7874,7869],"class_list":{"0":"post-33596","1":"product","2":"type-product","3":"status-publish","4":"has-post-thumbnail","6":"product_brand-edan-it","7":"product_cat-accessori-elettrocardiografi","8":"product_cat-accessori-cardiotocografi","9":"product_cat-cardiotocografi","10":"product_cat-elettrocardiografi","11":"product_tag-accessori-medici","12":"product_tag-attrezzature-mediche","13":"product_tag-borsa-da-trasporto-2","14":"product_tag-borsa-per-il-trasporto-medico","15":"product_tag-compatibile-con-edan","16":"product_tag-custodia-per-ecg","17":"product_tag-custodia-per-il-trasporto-ctg","18":"product_tag-logistica-medica","19":"product_tag-protezione-dei-dispositivi-medici","20":"product_tag-trasporto-di-attrezzature-mediche","22":"first","23":"instock","24":"taxable","25":"shipping-taxable","26":"purchasable","27":"product-type-simple"},"acf":[],"yoast_head":"<!-- This site is optimized with the Yoast SEO Premium plugin v27.4 (Yoast SEO v27.4) - https:\/\/yoast.com\/product\/yoast-seo-premium-wordpress\/ -->\n<title>Custodia per Edan SE-1201 \/ F2 \/ F3 | % Swixed SA<\/title>\n<meta name=\"description\" content=\"Custodia da trasporto compatibile con Edan SE-1201, F2 e F3. Dimensioni compatte, chiusura sicura, tracolla e maniglia integrate.\" \/>\n<meta name=\"robots\" content=\"index, follow, max-snippet:-1, max-image-preview:large, max-video-preview:-1\" \/>\n<link rel=\"canonical\" href=\"https:\/\/swixed.ch\/it\/prodotto\/sed14008\/\" \/>\n<meta property=\"og:locale\" content=\"it_IT\" \/>\n<meta property=\"og:type\" content=\"article\" \/>\n<meta property=\"og:title\" content=\"Custodia per Edan SE-1201 \/ F2 \/ F3\" \/>\n<meta property=\"og:description\" content=\"Custodia da trasporto compatibile con Edan SE-1201, F2 e F3. Dimensioni compatte, chiusura sicura, tracolla e maniglia integrate.\" \/>\n<meta property=\"og:url\" content=\"https:\/\/swixed.ch\/it\/prodotto\/sed14008\/\" \/>\n<meta property=\"og:site_name\" content=\"Swixed SA\" \/>\n<meta property=\"article:publisher\" content=\"https:\/\/www.facebook.com\/swixed\" \/>\n<meta property=\"article:modified_time\" content=\"2026-02-05T06:20:47+00:00\" \/>\n<meta property=\"og:image\" content=\"https:\/\/swixed.ch\/wp-content\/uploads\/2026\/02\/SED14008-01.png\" \/>\n\t<meta property=\"og:image:width\" content=\"600\" \/>\n\t<meta property=\"og:image:height\" content=\"600\" \/>\n\t<meta property=\"og:image:type\" content=\"image\/png\" \/>\n<meta name=\"twitter:card\" content=\"summary_large_image\" \/>\n<meta name=\"twitter:label1\" content=\"Tempo di lettura stimato\" \/>\n\t<meta name=\"twitter:data1\" content=\"1 minuto\" \/>\n<script type=\"application\/ld+json\" class=\"yoast-schema-graph\">{\"@context\":\"https:\\\/\\\/schema.org\",\"@graph\":[{\"@type\":\"WebPage\",\"@id\":\"https:\\\/\\\/swixed.ch\\\/it\\\/prodotto\\\/sed14008\\\/\",\"url\":\"https:\\\/\\\/swixed.ch\\\/it\\\/prodotto\\\/sed14008\\\/\",\"name\":\"Custodia per Edan SE-1201 \\\/ F2 \\\/ F3 | % Swixed SA\",\"isPartOf\":{\"@id\":\"https:\\\/\\\/swixed.ch\\\/it\\\/#website\"},\"primaryImageOfPage\":{\"@id\":\"https:\\\/\\\/swixed.ch\\\/it\\\/prodotto\\\/sed14008\\\/#primaryimage\"},\"image\":{\"@id\":\"https:\\\/\\\/swixed.ch\\\/it\\\/prodotto\\\/sed14008\\\/#primaryimage\"},\"thumbnailUrl\":\"https:\\\/\\\/swixed.ch\\\/wp-content\\\/uploads\\\/2026\\\/02\\\/SED14008-01.png\",\"datePublished\":\"2021-04-28T08:27:42+00:00\",\"dateModified\":\"2026-02-05T06:20:47+00:00\",\"description\":\"Custodia da trasporto compatibile con Edan SE-1201, F2 e F3. Dimensioni compatte, chiusura sicura, tracolla e maniglia integrate.\",\"breadcrumb\":{\"@id\":\"https:\\\/\\\/swixed.ch\\\/it\\\/prodotto\\\/sed14008\\\/#breadcrumb\"},\"inLanguage\":\"it-IT\",\"potentialAction\":[{\"@type\":\"ReadAction\",\"target\":[\"https:\\\/\\\/swixed.ch\\\/it\\\/prodotto\\\/sed14008\\\/\"]}]},{\"@type\":\"ImageObject\",\"inLanguage\":\"it-IT\",\"@id\":\"https:\\\/\\\/swixed.ch\\\/it\\\/prodotto\\\/sed14008\\\/#primaryimage\",\"url\":\"https:\\\/\\\/swixed.ch\\\/wp-content\\\/uploads\\\/2026\\\/02\\\/SED14008-01.png\",\"contentUrl\":\"https:\\\/\\\/swixed.ch\\\/wp-content\\\/uploads\\\/2026\\\/02\\\/SED14008-01.png\",\"width\":600,\"height\":600,\"caption\":\"SED14008\"},{\"@type\":\"BreadcrumbList\",\"@id\":\"https:\\\/\\\/swixed.ch\\\/it\\\/prodotto\\\/sed14008\\\/#breadcrumb\",\"itemListElement\":[{\"@type\":\"ListItem\",\"position\":1,\"name\":\"Home\",\"item\":\"https:\\\/\\\/swixed.ch\\\/it\\\/home\\\/\"},{\"@type\":\"ListItem\",\"position\":2,\"name\":\"Negozio\",\"item\":\"https:\\\/\\\/swixed.ch\\\/it\\\/shop\\\/\"},{\"@type\":\"ListItem\",\"position\":3,\"name\":\"Custodia per Edan SE-1201 \\\/ F2 \\\/ F3\"}]},{\"@type\":\"WebSite\",\"@id\":\"https:\\\/\\\/swixed.ch\\\/it\\\/#website\",\"url\":\"https:\\\/\\\/swixed.ch\\\/it\\\/\",\"name\":\"Swixed SA\",\"description\":\"Dispositivi elettronici\",\"publisher\":{\"@id\":\"https:\\\/\\\/swixed.ch\\\/it\\\/#organization\"},\"potentialAction\":[{\"@type\":\"SearchAction\",\"target\":{\"@type\":\"EntryPoint\",\"urlTemplate\":\"https:\\\/\\\/swixed.ch\\\/it\\\/?s={search_term_string}\"},\"query-input\":{\"@type\":\"PropertyValueSpecification\",\"valueRequired\":true,\"valueName\":\"search_term_string\"}}],\"inLanguage\":\"it-IT\"},{\"@type\":\"Organization\",\"@id\":\"https:\\\/\\\/swixed.ch\\\/it\\\/#organization\",\"name\":\"Swixed SA\",\"url\":\"https:\\\/\\\/swixed.ch\\\/it\\\/\",\"logo\":{\"@type\":\"ImageObject\",\"inLanguage\":\"it-IT\",\"@id\":\"https:\\\/\\\/swixed.ch\\\/it\\\/#\\\/schema\\\/logo\\\/image\\\/\",\"url\":\"https:\\\/\\\/swixed.ch\\\/wp-content\\\/uploads\\\/logos\\\/swixed-logo-lite.png\",\"contentUrl\":\"https:\\\/\\\/swixed.ch\\\/wp-content\\\/uploads\\\/logos\\\/swixed-logo-lite.png\",\"width\":696,\"height\":696,\"caption\":\"Swixed SA\"},\"image\":{\"@id\":\"https:\\\/\\\/swixed.ch\\\/it\\\/#\\\/schema\\\/logo\\\/image\\\/\"},\"sameAs\":[\"https:\\\/\\\/www.facebook.com\\\/swixed\",\"https:\\\/\\\/www.linkedin.com\\\/company\\\/swixed\",\"https:\\\/\\\/www.youtube.com\\\/@swixedsa\"],\"description\":\"Swixed SA est une entreprise suisse bas\u00e9e \u00e0 Gen\u00e8ve, sp\u00e9cialis\u00e9e dans la vente, la location et la maintenance d\u2019appareils m\u00e9dicaux professionnels, tels que d\u00e9fibrillateurs AED, \u00e9lectrocardiographes, moniteurs patient et dispositifs de diagnostic.\",\"email\":\"infoshop@swixed.ch\",\"telephone\":\"+41 22 566 11 95\",\"legalName\":\"Swixed SA\",\"foundingDate\":\"2021-03-01\",\"numberOfEmployees\":{\"@type\":\"QuantitativeValue\",\"minValue\":\"1\",\"maxValue\":\"10\"}}]}<\/script>\n<!-- \/ Yoast SEO Premium plugin. -->","yoast_head_json":{"title":"Custodia per Edan SE-1201 \/ F2 \/ F3 | % Swixed SA","description":"Custodia da trasporto compatibile con Edan SE-1201, F2 e F3. Dimensioni compatte, chiusura sicura, tracolla e maniglia integrate.","robots":{"index":"index","follow":"follow","max-snippet":"max-snippet:-1","max-image-preview":"max-image-preview:large","max-video-preview":"max-video-preview:-1"},"canonical":"https:\/\/swixed.ch\/it\/prodotto\/sed14008\/","og_locale":"it_IT","og_type":"article","og_title":"Custodia per Edan SE-1201 \/ F2 \/ F3","og_description":"Custodia da trasporto compatibile con Edan SE-1201, F2 e F3. Dimensioni compatte, chiusura sicura, tracolla e maniglia integrate.","og_url":"https:\/\/swixed.ch\/it\/prodotto\/sed14008\/","og_site_name":"Swixed SA","article_publisher":"https:\/\/www.facebook.com\/swixed","article_modified_time":"2026-02-05T06:20:47+00:00","og_image":[{"width":600,"height":600,"url":"https:\/\/swixed.ch\/wp-content\/uploads\/2026\/02\/SED14008-01.png","type":"image\/png"}],"twitter_card":"summary_large_image","twitter_misc":{"Tempo di lettura stimato":"1 minuto"},"schema":{"@context":"https:\/\/schema.org","@graph":[{"@type":"WebPage","@id":"https:\/\/swixed.ch\/it\/prodotto\/sed14008\/","url":"https:\/\/swixed.ch\/it\/prodotto\/sed14008\/","name":"Custodia per Edan SE-1201 \/ F2 \/ F3 | % Swixed SA","isPartOf":{"@id":"https:\/\/swixed.ch\/it\/#website"},"primaryImageOfPage":{"@id":"https:\/\/swixed.ch\/it\/prodotto\/sed14008\/#primaryimage"},"image":{"@id":"https:\/\/swixed.ch\/it\/prodotto\/sed14008\/#primaryimage"},"thumbnailUrl":"https:\/\/swixed.ch\/wp-content\/uploads\/2026\/02\/SED14008-01.png","datePublished":"2021-04-28T08:27:42+00:00","dateModified":"2026-02-05T06:20:47+00:00","description":"Custodia da trasporto compatibile con Edan SE-1201, F2 e F3. Dimensioni compatte, chiusura sicura, tracolla e maniglia integrate.","breadcrumb":{"@id":"https:\/\/swixed.ch\/it\/prodotto\/sed14008\/#breadcrumb"},"inLanguage":"it-IT","potentialAction":[{"@type":"ReadAction","target":["https:\/\/swixed.ch\/it\/prodotto\/sed14008\/"]}]},{"@type":"ImageObject","inLanguage":"it-IT","@id":"https:\/\/swixed.ch\/it\/prodotto\/sed14008\/#primaryimage","url":"https:\/\/swixed.ch\/wp-content\/uploads\/2026\/02\/SED14008-01.png","contentUrl":"https:\/\/swixed.ch\/wp-content\/uploads\/2026\/02\/SED14008-01.png","width":600,"height":600,"caption":"SED14008"},{"@type":"BreadcrumbList","@id":"https:\/\/swixed.ch\/it\/prodotto\/sed14008\/#breadcrumb","itemListElement":[{"@type":"ListItem","position":1,"name":"Home","item":"https:\/\/swixed.ch\/it\/home\/"},{"@type":"ListItem","position":2,"name":"Negozio","item":"https:\/\/swixed.ch\/it\/shop\/"},{"@type":"ListItem","position":3,"name":"Custodia per Edan SE-1201 \/ F2 \/ F3"}]},{"@type":"WebSite","@id":"https:\/\/swixed.ch\/it\/#website","url":"https:\/\/swixed.ch\/it\/","name":"Swixed SA","description":"Dispositivi elettronici","publisher":{"@id":"https:\/\/swixed.ch\/it\/#organization"},"potentialAction":[{"@type":"SearchAction","target":{"@type":"EntryPoint","urlTemplate":"https:\/\/swixed.ch\/it\/?s={search_term_string}"},"query-input":{"@type":"PropertyValueSpecification","valueRequired":true,"valueName":"search_term_string"}}],"inLanguage":"it-IT"},{"@type":"Organization","@id":"https:\/\/swixed.ch\/it\/#organization","name":"Swixed SA","url":"https:\/\/swixed.ch\/it\/","logo":{"@type":"ImageObject","inLanguage":"it-IT","@id":"https:\/\/swixed.ch\/it\/#\/schema\/logo\/image\/","url":"https:\/\/swixed.ch\/wp-content\/uploads\/logos\/swixed-logo-lite.png","contentUrl":"https:\/\/swixed.ch\/wp-content\/uploads\/logos\/swixed-logo-lite.png","width":696,"height":696,"caption":"Swixed SA"},"image":{"@id":"https:\/\/swixed.ch\/it\/#\/schema\/logo\/image\/"},"sameAs":["https:\/\/www.facebook.com\/swixed","https:\/\/www.linkedin.com\/company\/swixed","https:\/\/www.youtube.com\/@swixedsa"],"description":"Swixed SA est une entreprise suisse bas\u00e9e \u00e0 Gen\u00e8ve, sp\u00e9cialis\u00e9e dans la vente, la location et la maintenance d\u2019appareils m\u00e9dicaux professionnels, tels que d\u00e9fibrillateurs AED, \u00e9lectrocardiographes, moniteurs patient et dispositifs de diagnostic.","email":"infoshop@swixed.ch","telephone":"+41 22 566 11 95","legalName":"Swixed SA","foundingDate":"2021-03-01","numberOfEmployees":{"@type":"QuantitativeValue","minValue":"1","maxValue":"10"}}]}},"_links":{"self":[{"href":"https:\/\/swixed.ch\/it\/wp-json\/wp\/v2\/product\/33596","targetHints":{"allow":["GET"]}}],"collection":[{"href":"https:\/\/swixed.ch\/it\/wp-json\/wp\/v2\/product"}],"about":[{"href":"https:\/\/swixed.ch\/it\/wp-json\/wp\/v2\/types\/product"}],"version-history":[{"count":0,"href":"https:\/\/swixed.ch\/it\/wp-json\/wp\/v2\/product\/33596\/revisions"}],"wp:featuredmedia":[{"embeddable":true,"href":"https:\/\/swixed.ch\/it\/wp-json\/wp\/v2\/media\/62079"}],"wp:attachment":[{"href":"https:\/\/swixed.ch\/it\/wp-json\/wp\/v2\/media?parent=33596"}],"wp:term":[{"taxonomy":"product_brand","embeddable":true,"href":"https:\/\/swixed.ch\/it\/wp-json\/wp\/v2\/product_brand?post=33596"},{"taxonomy":"product_cat","embeddable":true,"href":"https:\/\/swixed.ch\/it\/wp-json\/wp\/v2\/product_cat?post=33596"},{"taxonomy":"product_tag","embeddable":true,"href":"https:\/\/swixed.ch\/it\/wp-json\/wp\/v2\/product_tag?post=33596"}],"curies":[{"name":"wp","href":"https:\/\/api.w.org\/{rel}","templated":true}]}}