{"id":33648,"date":"2021-04-28T14:52:58","date_gmt":"2021-04-28T12:52:58","guid":{"rendered":"https:\/\/swixed.com\/produit\/ecg-da-sforzo-edan-se-1515-dp12-usb\/"},"modified":"2026-02-01T21:48:23","modified_gmt":"2026-02-01T20:48:23","slug":"sed12002","status":"publish","type":"product","link":"https:\/\/swixed.ch\/it\/prodotto\/sed12002\/","title":{"rendered":"Elettrocardiografo Edan SE-1515 DP12 ECG da sforzo"},"content":{"rendered":"\t\t<div data-elementor-type=\"product-post\" data-elementor-id=\"33648\" class=\"elementor elementor-33648 elementor-3342\" data-elementor-post-type=\"product\">\n\t\t\t\t<div class=\"elementor-element elementor-element-16680ae e-con-full e-flex e-con e-parent\" data-id=\"16680ae\" data-element_type=\"container\" data-e-type=\"container\">\n\t\t<div class=\"elementor-element elementor-element-f95cf85 e-con-full e-flex e-con e-child\" data-id=\"f95cf85\" data-element_type=\"container\" data-e-type=\"container\">\n\t\t\t\t<div class=\"elementor-element elementor-element-4edbe93 elementor-widget elementor-widget-heading\" data-id=\"4edbe93\" data-element_type=\"widget\" data-e-type=\"widget\" data-widget_type=\"heading.default\">\n\t\t\t\t\t<h2 class=\"elementor-heading-title elementor-size-default\">Presentazione generale<\/h2>\t\t\t\t<\/div>\n\t\t\t\t<div class=\"elementor-element elementor-element-c374423 elementor-widget elementor-widget-text-editor\" data-id=\"c374423\" data-element_type=\"widget\" data-e-type=\"widget\" data-widget_type=\"text-editor.default\">\n\t\t\t\t\t\t\t\t\t<p>L&#8217;ECG da sforzo Edan SE-1515 DP12 combina un modulo hardware compatto con un software dedicato all&#8217;esplorazione funzionale del cuore sotto sforzo. La connessione USB assicura una trasmissione stabile dei segnali ECG a un computer. Inoltre, l&#8217;acquisizione simultanea di tutte le 12 derivazioni garantisce una lettura completa durante le fasi di esercizio e di recupero.  <\/p><p>Inoltre, la soluzione supporta la visualizzazione in tempo reale, facilitando l&#8217;analisi immediata. Infine, l&#8217;alimentazione diretta via USB semplifica l&#8217;installazione quotidiana. <\/p><p>Caratteristiche principali :<\/p><ul><li>Acquisizione continua dell&#8217;ECG a 12 derivazioni<\/li><li>Collegamento diretto USB al computer<\/li><li>Visualizzazione in tempo reale sullo schermo del PC<\/li><li>Alimentazione tramite porta USB, senza bisogno di batterie<\/li><li>Formato compatto per le sale da stress<\/li><\/ul>\t\t\t\t\t\t\t\t<\/div>\n\t\t\t\t<div class=\"elementor-element elementor-element-dadd730 elementor-widget elementor-widget-heading\" data-id=\"dadd730\" data-element_type=\"widget\" data-e-type=\"widget\" data-widget_type=\"heading.default\">\n\t\t\t\t\t<h2 class=\"elementor-heading-title elementor-size-default\">Funzionamento e design tecnico<\/h2>\t\t\t\t<\/div>\n\t\t\t\t<div class=\"elementor-element elementor-element-2d137b9 elementor-widget elementor-widget-text-editor\" data-id=\"2d137b9\" data-element_type=\"widget\" data-e-type=\"widget\" data-widget_type=\"text-editor.default\">\n\t\t\t\t\t\t\t\t\t<p>Il software SE-1515 dedicato all&#8217;ECG da sforzo struttura l&#8217;esame in modo chiaro e progressivo. Innanzitutto, visualizza i segnali ECG durante l&#8217;esercizio. Poi controlla le apparecchiature esterne compatibili tramite un&#8217;interfaccia software. Inoltre, offre protocolli predefiniti, pur consentendo impostazioni personalizzate in base alle esigenze del reparto.   <\/p><p>L&#8217;applicazione facilita anche la gestione dei documenti dopo l&#8217;esame. Gli utenti possono esportare i referti in una serie di formati standard, che ne facilitano l&#8217;integrazione nella cartella clinica elettronica. <\/p><p>Funzioni principali:<\/p><ul><li>Controllo software di ergometri e tapis roulant compatibili<\/li><li>Protocolli di sforzo predefiniti o personalizzabili<\/li><li>Grafici e diagrammi di tendenza ST<\/li><li>Archiviazione strutturata degli esami<\/li><li>Esportazione di report in formato PDF, Word e JPEG<\/li><\/ul>\t\t\t\t\t\t\t\t<\/div>\n\t\t\t\t<div class=\"elementor-element elementor-element-ab539da elementor-widget elementor-widget-heading\" data-id=\"ab539da\" data-element_type=\"widget\" data-e-type=\"widget\" data-widget_type=\"heading.default\">\n\t\t\t\t\t<h2 class=\"elementor-heading-title elementor-size-default\">Utilizzo, conformit\u00e0 e raccomandazioni<\/h2>\t\t\t\t<\/div>\n\t\t\t\t<div class=\"elementor-element elementor-element-fb7b6f7 elementor-widget elementor-widget-text-editor\" data-id=\"fb7b6f7\" data-element_type=\"widget\" data-e-type=\"widget\" data-widget_type=\"text-editor.default\">\n\t\t\t\t\t\t\t\t\t<p>L&#8217;ECG da sforzo Edan SE-1515 DP12 viene utilizzato in ambito medico professionale, in particolare per esami funzionali sotto sforzo fisico. La sua integrazione \u00e8 quindi conforme al quadro normativo svizzero applicabile ai dispositivi medici. <\/p><p>In Svizzera, il monitoraggio e la supervisione sono di competenza dell&#8217;Ufficio Federale della Sanit\u00e0 Pubblica, mentre la conformit\u00e0 dei dispositivi medici dipende anche dai requisiti monitorati da Swissmedic. Inoltre, l&#8217;Ordinanza sui Dispositivi Medici (ODim) definisce le regole applicabili alla commercializzazione e all&#8217;utilizzo dei dispositivi medici. <\/p><p>Infine, \u00e8 possibile ottenere informazioni di riferimento su aspetti tecnici e norme presso il Centro Svizzero di Informazione sulle Norme Tecniche (Switec).<br>\t\t<div data-elementor-type=\"widget\" data-elementor-id=\"59086\" class=\"elementor elementor-59086 elementor-59083 elementor-59083\" data-elementor-post-type=\"elementor_library\">\n\t\t\t\t\t\t<div class=\"elementor-element elementor-element-59083 elementor-widget elementor-widget-text-editor\" data-id=\"59083\" data-element_type=\"widget\" data-e-type=\"widget\" data-widget_type=\"text-editor.default\">\n\t\t\t\t\t\t\t\t\t<p>Per maggiori informazioni, consulta :<\/p><ul><li><a href=\"https:\/\/www.swissmedic.ch\" target=\"_blank\" rel=\"noopener\">Swissmedic<\/a><\/li><li><a href=\"https:\/\/www.bag.admin.ch\" target=\"_blank\" rel=\"noopener\">Ufficio federale della sanit\u00e0 pubblica (UFSP)<\/a><\/li><li><a href=\"https:\/\/www.switec.info\" target=\"_blank\" rel=\"noopener\">Centro d&#8217;informazione svizzero per le norme tecniche (Switec)<\/a><\/li><li><a href=\"https:\/\/www.fedlex.admin.ch\/eli\/cc\/2020\/552\/\" target=\"_blank\" rel=\"noopener\">Ordinanza sui dispositivi medici (ODim o MedDO)<\/a><\/li><\/ul><p><br>I nostri dispositivi medici hanno un rappresentante autorizzato in Svizzera (CH-REP), in conformit\u00e0 con l&#8217;attuale legislazione svizzera sui dispositivi medici.<\/p>\t\t\t\t\t\t\t\t<\/div>\n\t\t\t\t<\/div>\n\t\t<br>Clicca qui per prenotare la <a href=\"\/produit\/sed94001\/\">manutenzione periodica<\/a>.<\/p>\t\t\t\t\t\t\t\t<\/div>\n\t\t\t\t<div class=\"elementor-element elementor-element-571592d elementor-widget elementor-widget-heading\" data-id=\"571592d\" data-element_type=\"widget\" data-e-type=\"widget\" data-widget_type=\"heading.default\">\n\t\t\t\t\t<h2 class=\"elementor-heading-title elementor-size-default\">Contenuto<\/h2>\t\t\t\t<\/div>\n\t\t\t\t<div class=\"elementor-element elementor-element-aa55b61 elementor-widget elementor-widget-text-editor\" data-id=\"aa55b61\" data-element_type=\"widget\" data-e-type=\"widget\" data-widget_type=\"text-editor.default\">\n\t\t\t\t\t\t\t\t\t<p>Il sistema ECG da sforzo Edan SE-1515 DP12 \u00e8 completo di tutti i componenti necessari per una rapida messa in funzione. Ogni componente pu\u00f2 essere integrato direttamente nel flusso di lavoro esistente. <\/p><p>Contenuto standard:<\/p><ul><li>Box ECG DP12 con cavo USB (2,90 m)<\/li><li>1 cavo paziente a 10 fili (2,90 m)<\/li><li>6 Elettrodi precordiali<\/li><li>4 Pinze per arti<\/li><li>CD-ROM del software SE-151515 compatibile con Windows<\/li><li>Chiave di licenza per l&#8217;opzione ECG da sforzo<\/li><li>Manuale d&#8217;uso<\/li><li>Custodia per il trasporto<\/li><\/ul>\t\t\t\t\t\t\t\t<\/div>\n\t\t\t\t<\/div>\n\t\t\t\t<\/div>\n\t\t\t\t<\/div>\n\t\t","protected":false},"excerpt":{"rendered":"<p>L&#8217;Edan SE-1515 DP12 \u00e8 un elettrocardiografo per ECG da sforzo progettato per acquisire segnali a 12 canali utilizzando un software dedicato. Collegato a un computer tramite un&#8217;interfaccia USB, il sistema consente la visualizzazione in tempo reale, la registrazione, l&#8217;archiviazione dei tracciati e l&#8217;esportazione dei dati in vari formati digitali. \u00c8 progettato per essere integrato in ambienti professionali computerizzati ed \u00e8 certificato CE in conformit\u00e0 ai requisiti applicabili.  <\/p>\n","protected":false},"featured_media":60697,"template":"","meta":{"_acf_changed":false},"product_brand":[2082],"product_cat":[1232,966],"product_tag":[7709,7704,7711,3554,7713,7708,7712,7705,3611,7716],"class_list":{"0":"post-33648","1":"product","2":"type-product","3":"status-publish","4":"has-post-thumbnail","6":"product_brand-edan-it","7":"product_cat-ecg-da-sforzo","8":"product_cat-elettrocardiografi","9":"product_tag-acquisizione-dellecg","10":"product_tag-ecg-12d","11":"product_tag-ecg-con-cavo","12":"product_tag-ecg-da-sforzo","13":"product_tag-ecg-diagnostico","14":"product_tag-ecg-pc","15":"product_tag-ecg-stazionario","16":"product_tag-ecg-usb","17":"product_tag-software-ecg-it","18":"product_tag-test-di-stress","20":"first","21":"instock","22":"taxable","23":"shipping-taxable","24":"purchasable","25":"product-type-simple"},"acf":[],"yoast_head":"<!-- This site is optimized with the Yoast SEO Premium plugin v27.4 (Yoast SEO v27.4) - https:\/\/yoast.com\/product\/yoast-seo-premium-wordpress\/ -->\n<title>ECG da sforzo Edan SE-1515 DP12 | Swixed SA<\/title>\n<meta name=\"description\" content=\"ECG da sforzo Edan SE-1515 DP12 con modulo DP12 e software dedicato. Compatibile con ergometri e tapis roulant, esportazione in PDF e Word.\" \/>\n<meta name=\"robots\" content=\"index, follow, max-snippet:-1, max-image-preview:large, max-video-preview:-1\" \/>\n<link rel=\"canonical\" href=\"https:\/\/swixed.ch\/it\/prodotto\/sed12002\/\" \/>\n<meta property=\"og:locale\" content=\"it_IT\" \/>\n<meta property=\"og:type\" content=\"article\" \/>\n<meta property=\"og:title\" content=\"Elettrocardiografo Edan SE-1515 DP12 ECG da sforzo\" \/>\n<meta property=\"og:description\" content=\"ECG da sforzo Edan SE-1515 DP12 con modulo DP12 e software dedicato. Compatibile con ergometri e tapis roulant, esportazione in PDF e Word.\" \/>\n<meta property=\"og:url\" content=\"https:\/\/swixed.ch\/it\/prodotto\/sed12002\/\" \/>\n<meta property=\"og:site_name\" content=\"Swixed SA\" \/>\n<meta property=\"article:publisher\" content=\"https:\/\/www.facebook.com\/swixed\" \/>\n<meta property=\"article:modified_time\" content=\"2026-02-01T20:48:23+00:00\" \/>\n<meta property=\"og:image\" content=\"https:\/\/swixed.ch\/wp-content\/uploads\/2026\/01\/SED12002-01.png\" \/>\n\t<meta property=\"og:image:width\" content=\"600\" \/>\n\t<meta property=\"og:image:height\" content=\"600\" \/>\n\t<meta property=\"og:image:type\" content=\"image\/png\" \/>\n<meta name=\"twitter:card\" content=\"summary_large_image\" \/>\n<meta name=\"twitter:label1\" content=\"Tempo di lettura stimato\" \/>\n\t<meta name=\"twitter:data1\" content=\"2 minuti\" \/>\n<script type=\"application\/ld+json\" class=\"yoast-schema-graph\">{\"@context\":\"https:\\\/\\\/schema.org\",\"@graph\":[{\"@type\":\"WebPage\",\"@id\":\"https:\\\/\\\/swixed.ch\\\/it\\\/prodotto\\\/sed12002\\\/\",\"url\":\"https:\\\/\\\/swixed.ch\\\/it\\\/prodotto\\\/sed12002\\\/\",\"name\":\"ECG da sforzo Edan SE-1515 DP12 | Swixed SA\",\"isPartOf\":{\"@id\":\"https:\\\/\\\/swixed.ch\\\/it\\\/#website\"},\"primaryImageOfPage\":{\"@id\":\"https:\\\/\\\/swixed.ch\\\/it\\\/prodotto\\\/sed12002\\\/#primaryimage\"},\"image\":{\"@id\":\"https:\\\/\\\/swixed.ch\\\/it\\\/prodotto\\\/sed12002\\\/#primaryimage\"},\"thumbnailUrl\":\"https:\\\/\\\/swixed.ch\\\/wp-content\\\/uploads\\\/2026\\\/01\\\/SED12002-01.png\",\"datePublished\":\"2021-04-28T12:52:58+00:00\",\"dateModified\":\"2026-02-01T20:48:23+00:00\",\"description\":\"ECG da sforzo Edan SE-1515 DP12 con modulo DP12 e software dedicato. Compatibile con ergometri e tapis roulant, esportazione in PDF e Word.\",\"breadcrumb\":{\"@id\":\"https:\\\/\\\/swixed.ch\\\/it\\\/prodotto\\\/sed12002\\\/#breadcrumb\"},\"inLanguage\":\"it-IT\",\"potentialAction\":[{\"@type\":\"ReadAction\",\"target\":[\"https:\\\/\\\/swixed.ch\\\/it\\\/prodotto\\\/sed12002\\\/\"]}]},{\"@type\":\"ImageObject\",\"inLanguage\":\"it-IT\",\"@id\":\"https:\\\/\\\/swixed.ch\\\/it\\\/prodotto\\\/sed12002\\\/#primaryimage\",\"url\":\"https:\\\/\\\/swixed.ch\\\/wp-content\\\/uploads\\\/2026\\\/01\\\/SED12002-01.png\",\"contentUrl\":\"https:\\\/\\\/swixed.ch\\\/wp-content\\\/uploads\\\/2026\\\/01\\\/SED12002-01.png\",\"width\":600,\"height\":600,\"caption\":\"SED12002, SED10007\"},{\"@type\":\"BreadcrumbList\",\"@id\":\"https:\\\/\\\/swixed.ch\\\/it\\\/prodotto\\\/sed12002\\\/#breadcrumb\",\"itemListElement\":[{\"@type\":\"ListItem\",\"position\":1,\"name\":\"Home\",\"item\":\"https:\\\/\\\/swixed.ch\\\/it\\\/home\\\/\"},{\"@type\":\"ListItem\",\"position\":2,\"name\":\"Negozio\",\"item\":\"https:\\\/\\\/swixed.ch\\\/it\\\/shop\\\/\"},{\"@type\":\"ListItem\",\"position\":3,\"name\":\"Elettrocardiografo Edan SE-1515 DP12 ECG da sforzo\"}]},{\"@type\":\"WebSite\",\"@id\":\"https:\\\/\\\/swixed.ch\\\/it\\\/#website\",\"url\":\"https:\\\/\\\/swixed.ch\\\/it\\\/\",\"name\":\"Swixed SA\",\"description\":\"Dispositivi elettronici\",\"publisher\":{\"@id\":\"https:\\\/\\\/swixed.ch\\\/it\\\/#organization\"},\"potentialAction\":[{\"@type\":\"SearchAction\",\"target\":{\"@type\":\"EntryPoint\",\"urlTemplate\":\"https:\\\/\\\/swixed.ch\\\/it\\\/?s={search_term_string}\"},\"query-input\":{\"@type\":\"PropertyValueSpecification\",\"valueRequired\":true,\"valueName\":\"search_term_string\"}}],\"inLanguage\":\"it-IT\"},{\"@type\":\"Organization\",\"@id\":\"https:\\\/\\\/swixed.ch\\\/it\\\/#organization\",\"name\":\"Swixed SA\",\"url\":\"https:\\\/\\\/swixed.ch\\\/it\\\/\",\"logo\":{\"@type\":\"ImageObject\",\"inLanguage\":\"it-IT\",\"@id\":\"https:\\\/\\\/swixed.ch\\\/it\\\/#\\\/schema\\\/logo\\\/image\\\/\",\"url\":\"https:\\\/\\\/swixed.ch\\\/wp-content\\\/uploads\\\/logos\\\/swixed-logo-lite.png\",\"contentUrl\":\"https:\\\/\\\/swixed.ch\\\/wp-content\\\/uploads\\\/logos\\\/swixed-logo-lite.png\",\"width\":696,\"height\":696,\"caption\":\"Swixed SA\"},\"image\":{\"@id\":\"https:\\\/\\\/swixed.ch\\\/it\\\/#\\\/schema\\\/logo\\\/image\\\/\"},\"sameAs\":[\"https:\\\/\\\/www.facebook.com\\\/swixed\",\"https:\\\/\\\/www.linkedin.com\\\/company\\\/swixed\",\"https:\\\/\\\/www.youtube.com\\\/@swixedsa\"],\"description\":\"Swixed SA est une entreprise suisse bas\u00e9e \u00e0 Gen\u00e8ve, sp\u00e9cialis\u00e9e dans la vente, la location et la maintenance d\u2019appareils m\u00e9dicaux professionnels, tels que d\u00e9fibrillateurs AED, \u00e9lectrocardiographes, moniteurs patient et dispositifs de diagnostic.\",\"email\":\"infoshop@swixed.ch\",\"telephone\":\"+41 22 566 11 95\",\"legalName\":\"Swixed SA\",\"foundingDate\":\"2021-03-01\",\"numberOfEmployees\":{\"@type\":\"QuantitativeValue\",\"minValue\":\"1\",\"maxValue\":\"10\"}}]}<\/script>\n<!-- \/ Yoast SEO Premium plugin. -->","yoast_head_json":{"title":"ECG da sforzo Edan SE-1515 DP12 | Swixed SA","description":"ECG da sforzo Edan SE-1515 DP12 con modulo DP12 e software dedicato. Compatibile con ergometri e tapis roulant, esportazione in PDF e Word.","robots":{"index":"index","follow":"follow","max-snippet":"max-snippet:-1","max-image-preview":"max-image-preview:large","max-video-preview":"max-video-preview:-1"},"canonical":"https:\/\/swixed.ch\/it\/prodotto\/sed12002\/","og_locale":"it_IT","og_type":"article","og_title":"Elettrocardiografo Edan SE-1515 DP12 ECG da sforzo","og_description":"ECG da sforzo Edan SE-1515 DP12 con modulo DP12 e software dedicato. Compatibile con ergometri e tapis roulant, esportazione in PDF e Word.","og_url":"https:\/\/swixed.ch\/it\/prodotto\/sed12002\/","og_site_name":"Swixed SA","article_publisher":"https:\/\/www.facebook.com\/swixed","article_modified_time":"2026-02-01T20:48:23+00:00","og_image":[{"width":600,"height":600,"url":"https:\/\/swixed.ch\/wp-content\/uploads\/2026\/01\/SED12002-01.png","type":"image\/png"}],"twitter_card":"summary_large_image","twitter_misc":{"Tempo di lettura stimato":"2 minuti"},"schema":{"@context":"https:\/\/schema.org","@graph":[{"@type":"WebPage","@id":"https:\/\/swixed.ch\/it\/prodotto\/sed12002\/","url":"https:\/\/swixed.ch\/it\/prodotto\/sed12002\/","name":"ECG da sforzo Edan SE-1515 DP12 | Swixed SA","isPartOf":{"@id":"https:\/\/swixed.ch\/it\/#website"},"primaryImageOfPage":{"@id":"https:\/\/swixed.ch\/it\/prodotto\/sed12002\/#primaryimage"},"image":{"@id":"https:\/\/swixed.ch\/it\/prodotto\/sed12002\/#primaryimage"},"thumbnailUrl":"https:\/\/swixed.ch\/wp-content\/uploads\/2026\/01\/SED12002-01.png","datePublished":"2021-04-28T12:52:58+00:00","dateModified":"2026-02-01T20:48:23+00:00","description":"ECG da sforzo Edan SE-1515 DP12 con modulo DP12 e software dedicato. Compatibile con ergometri e tapis roulant, esportazione in PDF e Word.","breadcrumb":{"@id":"https:\/\/swixed.ch\/it\/prodotto\/sed12002\/#breadcrumb"},"inLanguage":"it-IT","potentialAction":[{"@type":"ReadAction","target":["https:\/\/swixed.ch\/it\/prodotto\/sed12002\/"]}]},{"@type":"ImageObject","inLanguage":"it-IT","@id":"https:\/\/swixed.ch\/it\/prodotto\/sed12002\/#primaryimage","url":"https:\/\/swixed.ch\/wp-content\/uploads\/2026\/01\/SED12002-01.png","contentUrl":"https:\/\/swixed.ch\/wp-content\/uploads\/2026\/01\/SED12002-01.png","width":600,"height":600,"caption":"SED12002, SED10007"},{"@type":"BreadcrumbList","@id":"https:\/\/swixed.ch\/it\/prodotto\/sed12002\/#breadcrumb","itemListElement":[{"@type":"ListItem","position":1,"name":"Home","item":"https:\/\/swixed.ch\/it\/home\/"},{"@type":"ListItem","position":2,"name":"Negozio","item":"https:\/\/swixed.ch\/it\/shop\/"},{"@type":"ListItem","position":3,"name":"Elettrocardiografo Edan SE-1515 DP12 ECG da sforzo"}]},{"@type":"WebSite","@id":"https:\/\/swixed.ch\/it\/#website","url":"https:\/\/swixed.ch\/it\/","name":"Swixed SA","description":"Dispositivi elettronici","publisher":{"@id":"https:\/\/swixed.ch\/it\/#organization"},"potentialAction":[{"@type":"SearchAction","target":{"@type":"EntryPoint","urlTemplate":"https:\/\/swixed.ch\/it\/?s={search_term_string}"},"query-input":{"@type":"PropertyValueSpecification","valueRequired":true,"valueName":"search_term_string"}}],"inLanguage":"it-IT"},{"@type":"Organization","@id":"https:\/\/swixed.ch\/it\/#organization","name":"Swixed SA","url":"https:\/\/swixed.ch\/it\/","logo":{"@type":"ImageObject","inLanguage":"it-IT","@id":"https:\/\/swixed.ch\/it\/#\/schema\/logo\/image\/","url":"https:\/\/swixed.ch\/wp-content\/uploads\/logos\/swixed-logo-lite.png","contentUrl":"https:\/\/swixed.ch\/wp-content\/uploads\/logos\/swixed-logo-lite.png","width":696,"height":696,"caption":"Swixed SA"},"image":{"@id":"https:\/\/swixed.ch\/it\/#\/schema\/logo\/image\/"},"sameAs":["https:\/\/www.facebook.com\/swixed","https:\/\/www.linkedin.com\/company\/swixed","https:\/\/www.youtube.com\/@swixedsa"],"description":"Swixed SA est une entreprise suisse bas\u00e9e \u00e0 Gen\u00e8ve, sp\u00e9cialis\u00e9e dans la vente, la location et la maintenance d\u2019appareils m\u00e9dicaux professionnels, tels que d\u00e9fibrillateurs AED, \u00e9lectrocardiographes, moniteurs patient et dispositifs de diagnostic.","email":"infoshop@swixed.ch","telephone":"+41 22 566 11 95","legalName":"Swixed SA","foundingDate":"2021-03-01","numberOfEmployees":{"@type":"QuantitativeValue","minValue":"1","maxValue":"10"}}]}},"_links":{"self":[{"href":"https:\/\/swixed.ch\/it\/wp-json\/wp\/v2\/product\/33648","targetHints":{"allow":["GET"]}}],"collection":[{"href":"https:\/\/swixed.ch\/it\/wp-json\/wp\/v2\/product"}],"about":[{"href":"https:\/\/swixed.ch\/it\/wp-json\/wp\/v2\/types\/product"}],"version-history":[{"count":0,"href":"https:\/\/swixed.ch\/it\/wp-json\/wp\/v2\/product\/33648\/revisions"}],"wp:featuredmedia":[{"embeddable":true,"href":"https:\/\/swixed.ch\/it\/wp-json\/wp\/v2\/media\/60697"}],"wp:attachment":[{"href":"https:\/\/swixed.ch\/it\/wp-json\/wp\/v2\/media?parent=33648"}],"wp:term":[{"taxonomy":"product_brand","embeddable":true,"href":"https:\/\/swixed.ch\/it\/wp-json\/wp\/v2\/product_brand?post=33648"},{"taxonomy":"product_cat","embeddable":true,"href":"https:\/\/swixed.ch\/it\/wp-json\/wp\/v2\/product_cat?post=33648"},{"taxonomy":"product_tag","embeddable":true,"href":"https:\/\/swixed.ch\/it\/wp-json\/wp\/v2\/product_tag?post=33648"}],"curies":[{"name":"wp","href":"https:\/\/api.w.org\/{rel}","templated":true}]}}