{"id":33675,"date":"2021-04-28T13:47:46","date_gmt":"2021-04-28T11:47:46","guid":{"rendered":"https:\/\/swixed.com\/produit\/ecg-da-sforzo-edan-se-1515-dx12-bluetooth\/"},"modified":"2026-02-01T21:09:45","modified_gmt":"2026-02-01T20:09:45","slug":"sed12003","status":"publish","type":"product","link":"https:\/\/swixed.ch\/it\/prodotto\/sed12003\/","title":{"rendered":"Elettrocardiografo Edan SE-1515 DX12 ECG da sforzo"},"content":{"rendered":"\t\t<div data-elementor-type=\"product-post\" data-elementor-id=\"33675\" class=\"elementor elementor-33675 elementor-3335\" data-elementor-post-type=\"product\">\n\t\t\t\t<div class=\"elementor-element elementor-element-5db0970 e-con-full e-flex e-con e-parent\" data-id=\"5db0970\" data-element_type=\"container\" data-e-type=\"container\">\n\t\t<div class=\"elementor-element elementor-element-fc2589e e-con-full e-flex e-con e-child\" data-id=\"fc2589e\" data-element_type=\"container\" data-e-type=\"container\">\n\t\t\t\t<div class=\"elementor-element elementor-element-1cbb8fa elementor-widget elementor-widget-heading\" data-id=\"1cbb8fa\" data-element_type=\"widget\" data-e-type=\"widget\" data-widget_type=\"heading.default\">\n\t\t\t\t\t<h2 class=\"elementor-heading-title elementor-size-default\">Presentazione generale<\/h2>\t\t\t\t<\/div>\n\t\t\t\t<div class=\"elementor-element elementor-element-251750f elementor-widget elementor-widget-text-editor\" data-id=\"251750f\" data-element_type=\"widget\" data-e-type=\"widget\" data-widget_type=\"text-editor.default\">\n\t\t\t\t\t\t\t\t\t<p>L&#8217;elettrocardiografo Edan SE-1515 DX12 \u00e8 una piattaforma ECG da sforzo completamente computerizzata. Trasmette i segnali cardiaci a un computer per un&#8217;analisi avanzata tramite una connessione wireless Bluetooth. Inoltre, la visualizzazione simultanea di tutte le 12 derivazioni facilita la lettura dei tracciati durante le fasi di carico.<br>Inoltre, l&#8217;architettura modulare facilita l&#8217;integrazione in un ambiente clinico esistente. Infine, il sistema funziona con una licenza software specifica dedicata agli stress test.   <\/p><p>Specifiche tecniche principali:<\/p><ul><li>ECG a 12 derivazioni in tempo reale<\/li><li>Trasmissione dei dati al PC tramite connessione Bluetooth<\/li><li>Analisi assistita da un software dedicato<\/li><li>Compatibilit\u00e0 con le apparecchiature esterne per lo stress<\/li><li>Esportazione di rapporti (PDF, Word, JPG)<\/li><\/ul>\t\t\t\t\t\t\t\t<\/div>\n\t\t\t\t<div class=\"elementor-element elementor-element-6c06f59 elementor-widget elementor-widget-heading\" data-id=\"6c06f59\" data-element_type=\"widget\" data-e-type=\"widget\" data-widget_type=\"heading.default\">\n\t\t\t\t\t<h2 class=\"elementor-heading-title elementor-size-default\">Funzionamento e design tecnico<\/h2>\t\t\t\t<\/div>\n\t\t\t\t<div class=\"elementor-element elementor-element-afc9e10 elementor-widget elementor-widget-text-editor\" data-id=\"afc9e10\" data-element_type=\"widget\" data-e-type=\"widget\" data-widget_type=\"text-editor.default\">\n\t\t\t\t\t\t\t\t\t<p>A differenza dell&#8217;ECG a riposo, il SE-1515 DX12 ti permette di eseguire test da sforzo progressivi. Il software controlla direttamente ergometri e tapis roulant compatibili. Applica quindi protocolli predefiniti o personalizzati in base ai requisiti tecnici.<br>Inoltre, l&#8217;analisi dinamica dei segmenti ST e dei trend migliora la leggibilit\u00e0 dei risultati. Infine, il sistema genera automaticamente rapporti strutturati con grafici e tabelle.   <\/p><p>Funzioni chiave del software:<\/p><ul><li>Protocolli di sforzo configurabili<\/li><li>Controllo delle apparecchiature esterne<\/li><li>Analisi dinamica ST<\/li><li>Misure automatiche e calcoli integrati<\/li><li>Rapporti dettagliati sul post-test<\/li><\/ul>\t\t\t\t\t\t\t\t<\/div>\n\t\t\t\t<div class=\"elementor-element elementor-element-c59c831 elementor-widget elementor-widget-heading\" data-id=\"c59c831\" data-element_type=\"widget\" data-e-type=\"widget\" data-widget_type=\"heading.default\">\n\t\t\t\t\t<h2 class=\"elementor-heading-title elementor-size-default\">Utilizzo, conformit\u00e0 e raccomandazioni<\/h2>\t\t\t\t<\/div>\n\t\t\t\t<div class=\"elementor-element elementor-element-f98f60d elementor-widget elementor-widget-text-editor\" data-id=\"f98f60d\" data-element_type=\"widget\" data-e-type=\"widget\" data-widget_type=\"text-editor.default\">\n\t\t\t\t\t\t\t\t\t<p>L&#8217;elettrocardiografo Edan SE-1515 DX12 \u00e8 stato progettato per uso professionale in conformit\u00e0 ai requisiti svizzeri. Rientra quindi nell&#8217;ambito di applicazione delle normative sui dispositivi medici.<br>Di conseguenza, il suo utilizzo \u00e8 conforme alle raccomandazioni pubblicate dall&#8217;Ufficio Federale della Sanit\u00e0 Pubblica. Il dispositivo \u00e8 inoltre conforme ai requisiti dell&#8217;Ordinanza sui Dispositivi Medici (ODim \/ MedDO).  <br>Infine, la sorveglianza del mercato e la conformit\u00e0 tecnica si basano sui riferimenti di Swissmedic, l&#8217;autorit\u00e0 competente in Svizzera.<br>\t\t<div data-elementor-type=\"widget\" data-elementor-id=\"59086\" class=\"elementor elementor-59086 elementor-59083 elementor-59083\" data-elementor-post-type=\"elementor_library\">\n\t\t\t\t\t\t<div class=\"elementor-element elementor-element-59083 elementor-widget elementor-widget-text-editor\" data-id=\"59083\" data-element_type=\"widget\" data-e-type=\"widget\" data-widget_type=\"text-editor.default\">\n\t\t\t\t\t\t\t\t\t<p>Per maggiori informazioni, consulta :<\/p><ul><li><a href=\"https:\/\/www.swissmedic.ch\" target=\"_blank\" rel=\"noopener\">Swissmedic<\/a><\/li><li><a href=\"https:\/\/www.bag.admin.ch\" target=\"_blank\" rel=\"noopener\">Ufficio federale della sanit\u00e0 pubblica (UFSP)<\/a><\/li><li><a href=\"https:\/\/www.switec.info\" target=\"_blank\" rel=\"noopener\">Centro d&#8217;informazione svizzero per le norme tecniche (Switec)<\/a><\/li><li><a href=\"https:\/\/www.fedlex.admin.ch\/eli\/cc\/2020\/552\/\" target=\"_blank\" rel=\"noopener\">Ordinanza sui dispositivi medici (ODim o MedDO)<\/a><\/li><\/ul><p><br>I nostri dispositivi medici hanno un rappresentante autorizzato in Svizzera (CH-REP), in conformit\u00e0 con l&#8217;attuale legislazione svizzera sui dispositivi medici.<\/p>\t\t\t\t\t\t\t\t<\/div>\n\t\t\t\t<\/div>\n\t\t<br>Clicca qui per prenotare la <a href=\"https:\/\/swixed.ch\/it\/prodotto\/sed94001\/\">manutenzione periodica<\/a>.<\/p>\t\t\t\t\t\t\t\t<\/div>\n\t\t\t\t<div class=\"elementor-element elementor-element-7373758 elementor-widget elementor-widget-heading\" data-id=\"7373758\" data-element_type=\"widget\" data-e-type=\"widget\" data-widget_type=\"heading.default\">\n\t\t\t\t\t<h2 class=\"elementor-heading-title elementor-size-default\">Contenuto<\/h2>\t\t\t\t<\/div>\n\t\t\t\t<div class=\"elementor-element elementor-element-c474000 elementor-widget elementor-widget-text-editor\" data-id=\"c474000\" data-element_type=\"widget\" data-e-type=\"widget\" data-widget_type=\"text-editor.default\">\n\t\t\t\t\t\t\t\t\t<p>Il sistema viene consegnato con tutti i componenti necessari per la messa in funzione completa. L&#8217;installazione \u00e8 quindi rapida e strutturata. <\/p><p>Contenuto standard:<\/p><ul><li>1 scatola per trasmettitore ECG<\/li><li>1 scatola di ricezione ECG<\/li><li>1 cavo paziente a 10 conduttori<\/li><li>6 elettrodi precordiali<\/li><li>4 morsetti per arti<\/li><li>1 CD di installazione del software<\/li><li>1 chiave di licenza per l&#8217;ECG da sforzo<\/li><li>1 manuale d&#8217;uso<\/li><\/ul>\t\t\t\t\t\t\t\t<\/div>\n\t\t\t\t<\/div>\n\t\t\t\t<\/div>\n\t\t\t\t<\/div>\n\t\t","protected":false},"excerpt":{"rendered":"<p>L&#8217;Edan SE-1515 DX12 \u00e8 un elettrocardiografo per ECG da sforzo progettato per acquisire segnali a 12 canali tramite una connessione Bluetooth con un computer. Il sistema funziona con il software Edan SE-1515 e consente la visualizzazione, la registrazione e l&#8217;archiviazione dei tracciati in tempo reale, nonch\u00e9 l&#8217;esportazione dei report in formato digitale. Certificato CE e compatibile con gli ambienti Windows, \u00e8 progettato per essere utilizzato in ambienti professionali informatizzati.  <\/p>\n","protected":false},"featured_media":60747,"template":"","meta":{"_acf_changed":false},"product_brand":[2082],"product_cat":[1232,966],"product_tag":[7709,7704,7711,3554,7713,7717,7708,7712,3611,7716],"class_list":{"0":"post-33675","1":"product","2":"type-product","3":"status-publish","4":"has-post-thumbnail","6":"product_brand-edan-it","7":"product_cat-ecg-da-sforzo","8":"product_cat-elettrocardiografi","9":"product_tag-acquisizione-dellecg","10":"product_tag-ecg-12d","11":"product_tag-ecg-con-cavo","12":"product_tag-ecg-da-sforzo","13":"product_tag-ecg-diagnostico","14":"product_tag-ecg-dx12","15":"product_tag-ecg-pc","16":"product_tag-ecg-stazionario","17":"product_tag-software-ecg-it","18":"product_tag-test-di-stress","20":"first","21":"instock","22":"taxable","23":"shipping-taxable","24":"purchasable","25":"product-type-simple"},"acf":[],"yoast_head":"<!-- This site is optimized with the Yoast SEO Premium plugin v27.4 (Yoast SEO v27.4) - https:\/\/yoast.com\/product\/yoast-seo-premium-wordpress\/ -->\n<title>Elettrocardiografo ECG da sforzo Edan SE-1515 DX12 | Swixed SA<\/title>\n<meta name=\"description\" content=\"Scopri l&#039;elettrocardiografo Edan SE-1515 DX12, un ECG da sforzo Bluetooth con un software completo per un&#039;analisi accurata e una facile archiviazione.\" \/>\n<meta name=\"robots\" content=\"index, follow, max-snippet:-1, max-image-preview:large, max-video-preview:-1\" \/>\n<link rel=\"canonical\" href=\"https:\/\/swixed.ch\/it\/prodotto\/sed12003\/\" \/>\n<meta property=\"og:locale\" content=\"it_IT\" \/>\n<meta property=\"og:type\" content=\"article\" \/>\n<meta property=\"og:title\" content=\"Elettrocardiografo Edan SE-1515 DX12 ECG da sforzo\" \/>\n<meta property=\"og:description\" content=\"Scopri l&#039;elettrocardiografo Edan SE-1515 DX12, un ECG da sforzo Bluetooth con un software completo per un&#039;analisi accurata e una facile archiviazione.\" \/>\n<meta property=\"og:url\" content=\"https:\/\/swixed.ch\/it\/prodotto\/sed12003\/\" \/>\n<meta property=\"og:site_name\" content=\"Swixed SA\" \/>\n<meta property=\"article:publisher\" content=\"https:\/\/www.facebook.com\/swixed\" \/>\n<meta property=\"article:modified_time\" content=\"2026-02-01T20:09:45+00:00\" \/>\n<meta property=\"og:image\" content=\"https:\/\/swixed.ch\/wp-content\/uploads\/2026\/01\/SED12003-01.png\" \/>\n\t<meta property=\"og:image:width\" content=\"600\" \/>\n\t<meta property=\"og:image:height\" content=\"600\" \/>\n\t<meta property=\"og:image:type\" content=\"image\/png\" \/>\n<meta name=\"twitter:card\" content=\"summary_large_image\" \/>\n<meta name=\"twitter:label1\" content=\"Tempo di lettura stimato\" \/>\n\t<meta name=\"twitter:data1\" content=\"2 minuti\" \/>\n<script type=\"application\/ld+json\" class=\"yoast-schema-graph\">{\"@context\":\"https:\\\/\\\/schema.org\",\"@graph\":[{\"@type\":\"WebPage\",\"@id\":\"https:\\\/\\\/swixed.ch\\\/it\\\/prodotto\\\/sed12003\\\/\",\"url\":\"https:\\\/\\\/swixed.ch\\\/it\\\/prodotto\\\/sed12003\\\/\",\"name\":\"Elettrocardiografo ECG da sforzo Edan SE-1515 DX12 | Swixed SA\",\"isPartOf\":{\"@id\":\"https:\\\/\\\/swixed.ch\\\/it\\\/#website\"},\"primaryImageOfPage\":{\"@id\":\"https:\\\/\\\/swixed.ch\\\/it\\\/prodotto\\\/sed12003\\\/#primaryimage\"},\"image\":{\"@id\":\"https:\\\/\\\/swixed.ch\\\/it\\\/prodotto\\\/sed12003\\\/#primaryimage\"},\"thumbnailUrl\":\"https:\\\/\\\/swixed.ch\\\/wp-content\\\/uploads\\\/2026\\\/01\\\/SED12003-01.png\",\"datePublished\":\"2021-04-28T11:47:46+00:00\",\"dateModified\":\"2026-02-01T20:09:45+00:00\",\"description\":\"Scopri l'elettrocardiografo Edan SE-1515 DX12, un ECG da sforzo Bluetooth con un software completo per un'analisi accurata e una facile archiviazione.\",\"breadcrumb\":{\"@id\":\"https:\\\/\\\/swixed.ch\\\/it\\\/prodotto\\\/sed12003\\\/#breadcrumb\"},\"inLanguage\":\"it-IT\",\"potentialAction\":[{\"@type\":\"ReadAction\",\"target\":[\"https:\\\/\\\/swixed.ch\\\/it\\\/prodotto\\\/sed12003\\\/\"]}]},{\"@type\":\"ImageObject\",\"inLanguage\":\"it-IT\",\"@id\":\"https:\\\/\\\/swixed.ch\\\/it\\\/prodotto\\\/sed12003\\\/#primaryimage\",\"url\":\"https:\\\/\\\/swixed.ch\\\/wp-content\\\/uploads\\\/2026\\\/01\\\/SED12003-01.png\",\"contentUrl\":\"https:\\\/\\\/swixed.ch\\\/wp-content\\\/uploads\\\/2026\\\/01\\\/SED12003-01.png\",\"width\":600,\"height\":600,\"caption\":\"SED12003, SED10008\"},{\"@type\":\"BreadcrumbList\",\"@id\":\"https:\\\/\\\/swixed.ch\\\/it\\\/prodotto\\\/sed12003\\\/#breadcrumb\",\"itemListElement\":[{\"@type\":\"ListItem\",\"position\":1,\"name\":\"Home\",\"item\":\"https:\\\/\\\/swixed.ch\\\/it\\\/home\\\/\"},{\"@type\":\"ListItem\",\"position\":2,\"name\":\"Negozio\",\"item\":\"https:\\\/\\\/swixed.ch\\\/it\\\/shop\\\/\"},{\"@type\":\"ListItem\",\"position\":3,\"name\":\"Elettrocardiografo Edan SE-1515 DX12 ECG da sforzo\"}]},{\"@type\":\"WebSite\",\"@id\":\"https:\\\/\\\/swixed.ch\\\/it\\\/#website\",\"url\":\"https:\\\/\\\/swixed.ch\\\/it\\\/\",\"name\":\"Swixed SA\",\"description\":\"Dispositivi elettronici\",\"publisher\":{\"@id\":\"https:\\\/\\\/swixed.ch\\\/it\\\/#organization\"},\"potentialAction\":[{\"@type\":\"SearchAction\",\"target\":{\"@type\":\"EntryPoint\",\"urlTemplate\":\"https:\\\/\\\/swixed.ch\\\/it\\\/?s={search_term_string}\"},\"query-input\":{\"@type\":\"PropertyValueSpecification\",\"valueRequired\":true,\"valueName\":\"search_term_string\"}}],\"inLanguage\":\"it-IT\"},{\"@type\":\"Organization\",\"@id\":\"https:\\\/\\\/swixed.ch\\\/it\\\/#organization\",\"name\":\"Swixed SA\",\"url\":\"https:\\\/\\\/swixed.ch\\\/it\\\/\",\"logo\":{\"@type\":\"ImageObject\",\"inLanguage\":\"it-IT\",\"@id\":\"https:\\\/\\\/swixed.ch\\\/it\\\/#\\\/schema\\\/logo\\\/image\\\/\",\"url\":\"https:\\\/\\\/swixed.ch\\\/wp-content\\\/uploads\\\/logos\\\/swixed-logo-lite.png\",\"contentUrl\":\"https:\\\/\\\/swixed.ch\\\/wp-content\\\/uploads\\\/logos\\\/swixed-logo-lite.png\",\"width\":696,\"height\":696,\"caption\":\"Swixed SA\"},\"image\":{\"@id\":\"https:\\\/\\\/swixed.ch\\\/it\\\/#\\\/schema\\\/logo\\\/image\\\/\"},\"sameAs\":[\"https:\\\/\\\/www.facebook.com\\\/swixed\",\"https:\\\/\\\/www.linkedin.com\\\/company\\\/swixed\",\"https:\\\/\\\/www.youtube.com\\\/@swixedsa\"],\"description\":\"Swixed SA est une entreprise suisse bas\u00e9e \u00e0 Gen\u00e8ve, sp\u00e9cialis\u00e9e dans la vente, la location et la maintenance d\u2019appareils m\u00e9dicaux professionnels, tels que d\u00e9fibrillateurs AED, \u00e9lectrocardiographes, moniteurs patient et dispositifs de diagnostic.\",\"email\":\"infoshop@swixed.ch\",\"telephone\":\"+41 22 566 11 95\",\"legalName\":\"Swixed SA\",\"foundingDate\":\"2021-03-01\",\"numberOfEmployees\":{\"@type\":\"QuantitativeValue\",\"minValue\":\"1\",\"maxValue\":\"10\"}}]}<\/script>\n<!-- \/ Yoast SEO Premium plugin. -->","yoast_head_json":{"title":"Elettrocardiografo ECG da sforzo Edan SE-1515 DX12 | Swixed SA","description":"Scopri l'elettrocardiografo Edan SE-1515 DX12, un ECG da sforzo Bluetooth con un software completo per un'analisi accurata e una facile archiviazione.","robots":{"index":"index","follow":"follow","max-snippet":"max-snippet:-1","max-image-preview":"max-image-preview:large","max-video-preview":"max-video-preview:-1"},"canonical":"https:\/\/swixed.ch\/it\/prodotto\/sed12003\/","og_locale":"it_IT","og_type":"article","og_title":"Elettrocardiografo Edan SE-1515 DX12 ECG da sforzo","og_description":"Scopri l'elettrocardiografo Edan SE-1515 DX12, un ECG da sforzo Bluetooth con un software completo per un'analisi accurata e una facile archiviazione.","og_url":"https:\/\/swixed.ch\/it\/prodotto\/sed12003\/","og_site_name":"Swixed SA","article_publisher":"https:\/\/www.facebook.com\/swixed","article_modified_time":"2026-02-01T20:09:45+00:00","og_image":[{"width":600,"height":600,"url":"https:\/\/swixed.ch\/wp-content\/uploads\/2026\/01\/SED12003-01.png","type":"image\/png"}],"twitter_card":"summary_large_image","twitter_misc":{"Tempo di lettura stimato":"2 minuti"},"schema":{"@context":"https:\/\/schema.org","@graph":[{"@type":"WebPage","@id":"https:\/\/swixed.ch\/it\/prodotto\/sed12003\/","url":"https:\/\/swixed.ch\/it\/prodotto\/sed12003\/","name":"Elettrocardiografo ECG da sforzo Edan SE-1515 DX12 | Swixed SA","isPartOf":{"@id":"https:\/\/swixed.ch\/it\/#website"},"primaryImageOfPage":{"@id":"https:\/\/swixed.ch\/it\/prodotto\/sed12003\/#primaryimage"},"image":{"@id":"https:\/\/swixed.ch\/it\/prodotto\/sed12003\/#primaryimage"},"thumbnailUrl":"https:\/\/swixed.ch\/wp-content\/uploads\/2026\/01\/SED12003-01.png","datePublished":"2021-04-28T11:47:46+00:00","dateModified":"2026-02-01T20:09:45+00:00","description":"Scopri l'elettrocardiografo Edan SE-1515 DX12, un ECG da sforzo Bluetooth con un software completo per un'analisi accurata e una facile archiviazione.","breadcrumb":{"@id":"https:\/\/swixed.ch\/it\/prodotto\/sed12003\/#breadcrumb"},"inLanguage":"it-IT","potentialAction":[{"@type":"ReadAction","target":["https:\/\/swixed.ch\/it\/prodotto\/sed12003\/"]}]},{"@type":"ImageObject","inLanguage":"it-IT","@id":"https:\/\/swixed.ch\/it\/prodotto\/sed12003\/#primaryimage","url":"https:\/\/swixed.ch\/wp-content\/uploads\/2026\/01\/SED12003-01.png","contentUrl":"https:\/\/swixed.ch\/wp-content\/uploads\/2026\/01\/SED12003-01.png","width":600,"height":600,"caption":"SED12003, SED10008"},{"@type":"BreadcrumbList","@id":"https:\/\/swixed.ch\/it\/prodotto\/sed12003\/#breadcrumb","itemListElement":[{"@type":"ListItem","position":1,"name":"Home","item":"https:\/\/swixed.ch\/it\/home\/"},{"@type":"ListItem","position":2,"name":"Negozio","item":"https:\/\/swixed.ch\/it\/shop\/"},{"@type":"ListItem","position":3,"name":"Elettrocardiografo Edan SE-1515 DX12 ECG da sforzo"}]},{"@type":"WebSite","@id":"https:\/\/swixed.ch\/it\/#website","url":"https:\/\/swixed.ch\/it\/","name":"Swixed SA","description":"Dispositivi elettronici","publisher":{"@id":"https:\/\/swixed.ch\/it\/#organization"},"potentialAction":[{"@type":"SearchAction","target":{"@type":"EntryPoint","urlTemplate":"https:\/\/swixed.ch\/it\/?s={search_term_string}"},"query-input":{"@type":"PropertyValueSpecification","valueRequired":true,"valueName":"search_term_string"}}],"inLanguage":"it-IT"},{"@type":"Organization","@id":"https:\/\/swixed.ch\/it\/#organization","name":"Swixed SA","url":"https:\/\/swixed.ch\/it\/","logo":{"@type":"ImageObject","inLanguage":"it-IT","@id":"https:\/\/swixed.ch\/it\/#\/schema\/logo\/image\/","url":"https:\/\/swixed.ch\/wp-content\/uploads\/logos\/swixed-logo-lite.png","contentUrl":"https:\/\/swixed.ch\/wp-content\/uploads\/logos\/swixed-logo-lite.png","width":696,"height":696,"caption":"Swixed SA"},"image":{"@id":"https:\/\/swixed.ch\/it\/#\/schema\/logo\/image\/"},"sameAs":["https:\/\/www.facebook.com\/swixed","https:\/\/www.linkedin.com\/company\/swixed","https:\/\/www.youtube.com\/@swixedsa"],"description":"Swixed SA est une entreprise suisse bas\u00e9e \u00e0 Gen\u00e8ve, sp\u00e9cialis\u00e9e dans la vente, la location et la maintenance d\u2019appareils m\u00e9dicaux professionnels, tels que d\u00e9fibrillateurs AED, \u00e9lectrocardiographes, moniteurs patient et dispositifs de diagnostic.","email":"infoshop@swixed.ch","telephone":"+41 22 566 11 95","legalName":"Swixed SA","foundingDate":"2021-03-01","numberOfEmployees":{"@type":"QuantitativeValue","minValue":"1","maxValue":"10"}}]}},"_links":{"self":[{"href":"https:\/\/swixed.ch\/it\/wp-json\/wp\/v2\/product\/33675","targetHints":{"allow":["GET"]}}],"collection":[{"href":"https:\/\/swixed.ch\/it\/wp-json\/wp\/v2\/product"}],"about":[{"href":"https:\/\/swixed.ch\/it\/wp-json\/wp\/v2\/types\/product"}],"version-history":[{"count":0,"href":"https:\/\/swixed.ch\/it\/wp-json\/wp\/v2\/product\/33675\/revisions"}],"wp:featuredmedia":[{"embeddable":true,"href":"https:\/\/swixed.ch\/it\/wp-json\/wp\/v2\/media\/60747"}],"wp:attachment":[{"href":"https:\/\/swixed.ch\/it\/wp-json\/wp\/v2\/media?parent=33675"}],"wp:term":[{"taxonomy":"product_brand","embeddable":true,"href":"https:\/\/swixed.ch\/it\/wp-json\/wp\/v2\/product_brand?post=33675"},{"taxonomy":"product_cat","embeddable":true,"href":"https:\/\/swixed.ch\/it\/wp-json\/wp\/v2\/product_cat?post=33675"},{"taxonomy":"product_tag","embeddable":true,"href":"https:\/\/swixed.ch\/it\/wp-json\/wp\/v2\/product_tag?post=33675"}],"curies":[{"name":"wp","href":"https:\/\/api.w.org\/{rel}","templated":true}]}}