{"id":33678,"date":"2021-04-28T15:48:53","date_gmt":"2021-04-28T13:48:53","guid":{"rendered":"https:\/\/swixed.com\/produit\/sensore-riutilizzabile-per-adulti-per-edan-h100b\/"},"modified":"2025-12-28T21:10:19","modified_gmt":"2025-12-28T20:10:19","slug":"sed72004","status":"publish","type":"product","link":"https:\/\/swixed.ch\/it\/prodotto\/sed72004\/","title":{"rendered":"Sensore riutilizzabile per adulti per l&#8217;ossimetro Edan H100B"},"content":{"rendered":"\t\t<div data-elementor-type=\"product-post\" data-elementor-id=\"33678\" class=\"elementor elementor-33678 elementor-3374\" data-elementor-post-type=\"product\">\n\t\t\t\t\t\t<section class=\"elementor-section elementor-top-section elementor-element elementor-element-566dfe8 elementor-section-full_width elementor-section-height-default elementor-section-height-default\" data-id=\"566dfe8\" data-element_type=\"section\" data-e-type=\"section\">\n\t\t\t\t\t\t<div class=\"elementor-container elementor-column-gap-default\">\n\t\t\t\t\t<div class=\"elementor-column elementor-col-100 elementor-top-column elementor-element elementor-element-2c4618e\" data-id=\"2c4618e\" data-element_type=\"column\" data-e-type=\"column\">\n\t\t\t<div class=\"elementor-widget-wrap elementor-element-populated\">\n\t\t\t\t\t\t<div class=\"elementor-element elementor-element-57fea7d elementor-widget elementor-widget-heading\" data-id=\"57fea7d\" data-element_type=\"widget\" data-e-type=\"widget\" data-widget_type=\"heading.default\">\n\t\t\t\t\t<h2 class=\"elementor-heading-title elementor-size-default\">Descrizione<\/h2>\t\t\t\t<\/div>\n\t\t\t\t<div class=\"elementor-element elementor-element-e0a279c elementor-widget elementor-widget-text-editor\" data-id=\"e0a279c\" data-element_type=\"widget\" data-e-type=\"widget\" data-widget_type=\"text-editor.default\">\n\t\t\t\t\t\t\t\t\t<p>Il sensore riutilizzabile per adulti per il pulsossimetro Edan H100B \u00e8 un accessorio essenziale per monitorare la salute dei pazienti adulti. Progettato per misurare con precisione la saturazione dell&#8217;ossigeno al polso (SpO2) e la frequenza cardiaca, questo sensore a pinza si applica facilmente al polpastrello (indice, medio o anulare) di pazienti che pesano pi\u00f9 di 40 kg. <\/p><p>Questo sensore \u00e8 realizzato con materiali di alta qualit\u00e0 che ne garantiscono il comfort e la sicurezza d&#8217;uso. Grazie al suo design riutilizzabile, aiuta a ridurre i rifiuti medici mantenendo alti gli standard di igiene e sicurezza. <\/p>\t\t\t\t\t\t\t\t<\/div>\n\t\t\t\t<div class=\"elementor-element elementor-element-f4ba687 elementor-widget elementor-widget-heading\" data-id=\"f4ba687\" data-element_type=\"widget\" data-e-type=\"widget\" data-widget_type=\"heading.default\">\n\t\t\t\t\t<h2 class=\"elementor-heading-title elementor-size-default\">Caratteristiche principali<\/h2>\t\t\t\t<\/div>\n\t\t\t\t<div class=\"elementor-element elementor-element-ecd3042 elementor-widget elementor-widget-text-editor\" data-id=\"ecd3042\" data-element_type=\"widget\" data-e-type=\"widget\" data-widget_type=\"text-editor.default\">\n\t\t\t\t\t\t\t\t\t<ul><li><strong>Compatibilit\u00e0:<\/strong> Utilizzato con l&#8217;ossimetro Edan H100B<\/li><li><strong>Misurazioni:<\/strong> saturazione dell&#8217;ossigeno (SpO2) e frequenza cardiaca<\/li><li><strong>Adattamento:<\/strong> Clip per le dita (indice, medio e anulare)<\/li><li><strong>Peso del paziente:<\/strong> adatto a pazienti adulti di peso superiore a 40 kg<\/li><li><strong>Materiali:<\/strong> Costruzione di alta qualit\u00e0 per un comfort ottimale<\/li><\/ul>\t\t\t\t\t\t\t\t<\/div>\n\t\t\t\t<div class=\"elementor-element elementor-element-99d4cd3 elementor-widget elementor-widget-heading\" data-id=\"99d4cd3\" data-element_type=\"widget\" data-e-type=\"widget\" data-widget_type=\"heading.default\">\n\t\t\t\t\t<h2 class=\"elementor-heading-title elementor-size-default\">Contenuto<\/h2>\t\t\t\t<\/div>\n\t\t\t\t<div class=\"elementor-element elementor-element-c96327a elementor-widget elementor-widget-text-editor\" data-id=\"c96327a\" data-element_type=\"widget\" data-e-type=\"widget\" data-widget_type=\"text-editor.default\">\n\t\t\t\t\t\t\t\t\t<ul><li>1 sensore riutilizzabile per adulti<\/li><li>Manuale d&#8217;uso<\/li><\/ul><p><em><strong>Nota: <\/strong>questo sensore \u00e8 un dispositivo medico da utilizzare sotto la supervisione di un operatore sanitario. \u00c8 stato progettato per effettuare misurazioni affidabili e accurate, essenziali in ambito medico. <\/em><\/p>\t\t\t\t\t\t\t\t<\/div>\n\t\t\t\t\t<\/div>\n\t\t<\/div>\n\t\t\t\t\t<\/div>\n\t\t<\/section>\n\t\t\t\t<\/div>\n\t\t","protected":false},"excerpt":{"rendered":"<p>Sensore riutilizzabile per l&#8217;ossimetro Edan H100B, ideale per misurare la saturazione di ossigeno (SpO2) e la frequenza cardiaca in pazienti adulti di peso superiore a 40 kg.<\/p>\n","protected":false},"featured_media":27136,"template":"","meta":{"_acf_changed":false},"product_brand":[2082],"product_cat":[1260,1144],"product_tag":[3402,2739,5327,5332,3082,5328,5330,1675,1173,5329,3291,5331,5325,5326,1148],"class_list":{"0":"post-33678","1":"product","2":"type-product","3":"status-publish","4":"has-post-thumbnail","6":"product_brand-edan-it","7":"product_cat-accessori-pulsiossimetri","8":"product_cat-pulsossimetri","9":"product_tag-accessori-medici","10":"product_tag-dispositivi-medici","11":"product_tag-edan-h100b-it","12":"product_tag-fissaggio-delle-dita","13":"product_tag-frequenza-cardiaca","14":"product_tag-misurazione-della-saturazione","15":"product_tag-monitoraggio-medico","16":"product_tag-ossimetria","17":"product_tag-pulsossimetro","18":"product_tag-salute-del-paziente","19":"product_tag-saturazione-dellossigeno","20":"product_tag-sensore-di-impulsi","21":"product_tag-sensore-per-adulti","22":"product_tag-sensore-riutilizzabile","23":"product_tag-spo2-it","25":"first","26":"instock","27":"sale","28":"taxable","29":"shipping-taxable","30":"purchasable","31":"product-type-simple"},"acf":[],"yoast_head":"<!-- This site is optimized with the Yoast SEO Premium plugin v27.4 (Yoast SEO v27.4) - https:\/\/yoast.com\/product\/yoast-seo-premium-wordpress\/ -->\n<title>Sensore riutilizzabile per adulti per l&#039;ossimetro Edan H100B | Swixed SA<\/title>\n<meta name=\"description\" content=\"Sensore riutilizzabile per adulti per l&#039;ossimetro Edan H100B, per una misurazione accurata della saturazione di ossigeno (SpO2) e della frequenza cardiaca.\" \/>\n<meta name=\"robots\" content=\"index, follow, max-snippet:-1, max-image-preview:large, max-video-preview:-1\" \/>\n<link rel=\"canonical\" href=\"https:\/\/swixed.ch\/it\/prodotto\/sed72004\/\" \/>\n<meta property=\"og:locale\" content=\"it_IT\" \/>\n<meta property=\"og:type\" content=\"article\" \/>\n<meta property=\"og:title\" content=\"Sensore riutilizzabile per adulti per l&#039;ossimetro Edan H100B\" \/>\n<meta property=\"og:description\" content=\"Sensore riutilizzabile per adulti per l&#039;ossimetro Edan H100B, per una misurazione accurata della saturazione di ossigeno (SpO2) e della frequenza cardiaca.\" \/>\n<meta property=\"og:url\" content=\"https:\/\/swixed.ch\/it\/prodotto\/sed72004\/\" \/>\n<meta property=\"og:site_name\" content=\"Swixed SA\" \/>\n<meta property=\"article:publisher\" content=\"https:\/\/www.facebook.com\/swixed\" \/>\n<meta property=\"article:modified_time\" content=\"2025-12-28T20:10:19+00:00\" \/>\n<meta property=\"og:image\" content=\"https:\/\/swixed.ch\/wp-content\/uploads\/products\/edan-h100b-capteur-adulte-01.png\" \/>\n\t<meta property=\"og:image:width\" content=\"600\" \/>\n\t<meta property=\"og:image:height\" content=\"600\" \/>\n\t<meta property=\"og:image:type\" content=\"image\/png\" \/>\n<meta name=\"twitter:card\" content=\"summary_large_image\" \/>\n<meta name=\"twitter:label1\" content=\"Tempo di lettura stimato\" \/>\n\t<meta name=\"twitter:data1\" content=\"1 minuto\" \/>\n<script type=\"application\/ld+json\" class=\"yoast-schema-graph\">{\"@context\":\"https:\\\/\\\/schema.org\",\"@graph\":[{\"@type\":\"WebPage\",\"@id\":\"https:\\\/\\\/swixed.ch\\\/it\\\/prodotto\\\/sed72004\\\/\",\"url\":\"https:\\\/\\\/swixed.ch\\\/it\\\/prodotto\\\/sed72004\\\/\",\"name\":\"Sensore riutilizzabile per adulti per l'ossimetro Edan H100B | Swixed SA\",\"isPartOf\":{\"@id\":\"https:\\\/\\\/swixed.ch\\\/it\\\/#website\"},\"primaryImageOfPage\":{\"@id\":\"https:\\\/\\\/swixed.ch\\\/it\\\/prodotto\\\/sed72004\\\/#primaryimage\"},\"image\":{\"@id\":\"https:\\\/\\\/swixed.ch\\\/it\\\/prodotto\\\/sed72004\\\/#primaryimage\"},\"thumbnailUrl\":\"https:\\\/\\\/swixed.ch\\\/wp-content\\\/uploads\\\/products\\\/edan-h100b-capteur-adulte-01.png\",\"datePublished\":\"2021-04-28T13:48:53+00:00\",\"dateModified\":\"2025-12-28T20:10:19+00:00\",\"description\":\"Sensore riutilizzabile per adulti per l'ossimetro Edan H100B, per una misurazione accurata della saturazione di ossigeno (SpO2) e della frequenza cardiaca.\",\"breadcrumb\":{\"@id\":\"https:\\\/\\\/swixed.ch\\\/it\\\/prodotto\\\/sed72004\\\/#breadcrumb\"},\"inLanguage\":\"it-IT\",\"potentialAction\":[{\"@type\":\"ReadAction\",\"target\":[\"https:\\\/\\\/swixed.ch\\\/it\\\/prodotto\\\/sed72004\\\/\"]}]},{\"@type\":\"ImageObject\",\"inLanguage\":\"it-IT\",\"@id\":\"https:\\\/\\\/swixed.ch\\\/it\\\/prodotto\\\/sed72004\\\/#primaryimage\",\"url\":\"https:\\\/\\\/swixed.ch\\\/wp-content\\\/uploads\\\/products\\\/edan-h100b-capteur-adulte-01.png\",\"contentUrl\":\"https:\\\/\\\/swixed.ch\\\/wp-content\\\/uploads\\\/products\\\/edan-h100b-capteur-adulte-01.png\",\"width\":600,\"height\":600,\"caption\":\"edan-h100b-capteur-adulte-01\"},{\"@type\":\"BreadcrumbList\",\"@id\":\"https:\\\/\\\/swixed.ch\\\/it\\\/prodotto\\\/sed72004\\\/#breadcrumb\",\"itemListElement\":[{\"@type\":\"ListItem\",\"position\":1,\"name\":\"Home\",\"item\":\"https:\\\/\\\/swixed.ch\\\/it\\\/home\\\/\"},{\"@type\":\"ListItem\",\"position\":2,\"name\":\"Negozio\",\"item\":\"https:\\\/\\\/swixed.ch\\\/it\\\/shop\\\/\"},{\"@type\":\"ListItem\",\"position\":3,\"name\":\"Sensore riutilizzabile per adulti per l&#8217;ossimetro Edan H100B\"}]},{\"@type\":\"WebSite\",\"@id\":\"https:\\\/\\\/swixed.ch\\\/it\\\/#website\",\"url\":\"https:\\\/\\\/swixed.ch\\\/it\\\/\",\"name\":\"Swixed SA\",\"description\":\"Dispositivi elettronici\",\"publisher\":{\"@id\":\"https:\\\/\\\/swixed.ch\\\/it\\\/#organization\"},\"potentialAction\":[{\"@type\":\"SearchAction\",\"target\":{\"@type\":\"EntryPoint\",\"urlTemplate\":\"https:\\\/\\\/swixed.ch\\\/it\\\/?s={search_term_string}\"},\"query-input\":{\"@type\":\"PropertyValueSpecification\",\"valueRequired\":true,\"valueName\":\"search_term_string\"}}],\"inLanguage\":\"it-IT\"},{\"@type\":\"Organization\",\"@id\":\"https:\\\/\\\/swixed.ch\\\/it\\\/#organization\",\"name\":\"Swixed SA\",\"url\":\"https:\\\/\\\/swixed.ch\\\/it\\\/\",\"logo\":{\"@type\":\"ImageObject\",\"inLanguage\":\"it-IT\",\"@id\":\"https:\\\/\\\/swixed.ch\\\/it\\\/#\\\/schema\\\/logo\\\/image\\\/\",\"url\":\"https:\\\/\\\/swixed.ch\\\/wp-content\\\/uploads\\\/logos\\\/swixed-logo-lite.png\",\"contentUrl\":\"https:\\\/\\\/swixed.ch\\\/wp-content\\\/uploads\\\/logos\\\/swixed-logo-lite.png\",\"width\":696,\"height\":696,\"caption\":\"Swixed SA\"},\"image\":{\"@id\":\"https:\\\/\\\/swixed.ch\\\/it\\\/#\\\/schema\\\/logo\\\/image\\\/\"},\"sameAs\":[\"https:\\\/\\\/www.facebook.com\\\/swixed\",\"https:\\\/\\\/www.linkedin.com\\\/company\\\/swixed\",\"https:\\\/\\\/www.youtube.com\\\/@swixedsa\"],\"description\":\"Swixed SA est une entreprise suisse bas\u00e9e \u00e0 Gen\u00e8ve, sp\u00e9cialis\u00e9e dans la vente, la location et la maintenance d\u2019appareils m\u00e9dicaux professionnels, tels que d\u00e9fibrillateurs AED, \u00e9lectrocardiographes, moniteurs patient et dispositifs de diagnostic.\",\"email\":\"infoshop@swixed.ch\",\"telephone\":\"+41 22 566 11 95\",\"legalName\":\"Swixed SA\",\"foundingDate\":\"2021-03-01\",\"numberOfEmployees\":{\"@type\":\"QuantitativeValue\",\"minValue\":\"1\",\"maxValue\":\"10\"}}]}<\/script>\n<!-- \/ Yoast SEO Premium plugin. -->","yoast_head_json":{"title":"Sensore riutilizzabile per adulti per l'ossimetro Edan H100B | Swixed SA","description":"Sensore riutilizzabile per adulti per l'ossimetro Edan H100B, per una misurazione accurata della saturazione di ossigeno (SpO2) e della frequenza cardiaca.","robots":{"index":"index","follow":"follow","max-snippet":"max-snippet:-1","max-image-preview":"max-image-preview:large","max-video-preview":"max-video-preview:-1"},"canonical":"https:\/\/swixed.ch\/it\/prodotto\/sed72004\/","og_locale":"it_IT","og_type":"article","og_title":"Sensore riutilizzabile per adulti per l'ossimetro Edan H100B","og_description":"Sensore riutilizzabile per adulti per l'ossimetro Edan H100B, per una misurazione accurata della saturazione di ossigeno (SpO2) e della frequenza cardiaca.","og_url":"https:\/\/swixed.ch\/it\/prodotto\/sed72004\/","og_site_name":"Swixed SA","article_publisher":"https:\/\/www.facebook.com\/swixed","article_modified_time":"2025-12-28T20:10:19+00:00","og_image":[{"width":600,"height":600,"url":"https:\/\/swixed.ch\/wp-content\/uploads\/products\/edan-h100b-capteur-adulte-01.png","type":"image\/png"}],"twitter_card":"summary_large_image","twitter_misc":{"Tempo di lettura stimato":"1 minuto"},"schema":{"@context":"https:\/\/schema.org","@graph":[{"@type":"WebPage","@id":"https:\/\/swixed.ch\/it\/prodotto\/sed72004\/","url":"https:\/\/swixed.ch\/it\/prodotto\/sed72004\/","name":"Sensore riutilizzabile per adulti per l'ossimetro Edan H100B | Swixed SA","isPartOf":{"@id":"https:\/\/swixed.ch\/it\/#website"},"primaryImageOfPage":{"@id":"https:\/\/swixed.ch\/it\/prodotto\/sed72004\/#primaryimage"},"image":{"@id":"https:\/\/swixed.ch\/it\/prodotto\/sed72004\/#primaryimage"},"thumbnailUrl":"https:\/\/swixed.ch\/wp-content\/uploads\/products\/edan-h100b-capteur-adulte-01.png","datePublished":"2021-04-28T13:48:53+00:00","dateModified":"2025-12-28T20:10:19+00:00","description":"Sensore riutilizzabile per adulti per l'ossimetro Edan H100B, per una misurazione accurata della saturazione di ossigeno (SpO2) e della frequenza cardiaca.","breadcrumb":{"@id":"https:\/\/swixed.ch\/it\/prodotto\/sed72004\/#breadcrumb"},"inLanguage":"it-IT","potentialAction":[{"@type":"ReadAction","target":["https:\/\/swixed.ch\/it\/prodotto\/sed72004\/"]}]},{"@type":"ImageObject","inLanguage":"it-IT","@id":"https:\/\/swixed.ch\/it\/prodotto\/sed72004\/#primaryimage","url":"https:\/\/swixed.ch\/wp-content\/uploads\/products\/edan-h100b-capteur-adulte-01.png","contentUrl":"https:\/\/swixed.ch\/wp-content\/uploads\/products\/edan-h100b-capteur-adulte-01.png","width":600,"height":600,"caption":"edan-h100b-capteur-adulte-01"},{"@type":"BreadcrumbList","@id":"https:\/\/swixed.ch\/it\/prodotto\/sed72004\/#breadcrumb","itemListElement":[{"@type":"ListItem","position":1,"name":"Home","item":"https:\/\/swixed.ch\/it\/home\/"},{"@type":"ListItem","position":2,"name":"Negozio","item":"https:\/\/swixed.ch\/it\/shop\/"},{"@type":"ListItem","position":3,"name":"Sensore riutilizzabile per adulti per l&#8217;ossimetro Edan H100B"}]},{"@type":"WebSite","@id":"https:\/\/swixed.ch\/it\/#website","url":"https:\/\/swixed.ch\/it\/","name":"Swixed SA","description":"Dispositivi elettronici","publisher":{"@id":"https:\/\/swixed.ch\/it\/#organization"},"potentialAction":[{"@type":"SearchAction","target":{"@type":"EntryPoint","urlTemplate":"https:\/\/swixed.ch\/it\/?s={search_term_string}"},"query-input":{"@type":"PropertyValueSpecification","valueRequired":true,"valueName":"search_term_string"}}],"inLanguage":"it-IT"},{"@type":"Organization","@id":"https:\/\/swixed.ch\/it\/#organization","name":"Swixed SA","url":"https:\/\/swixed.ch\/it\/","logo":{"@type":"ImageObject","inLanguage":"it-IT","@id":"https:\/\/swixed.ch\/it\/#\/schema\/logo\/image\/","url":"https:\/\/swixed.ch\/wp-content\/uploads\/logos\/swixed-logo-lite.png","contentUrl":"https:\/\/swixed.ch\/wp-content\/uploads\/logos\/swixed-logo-lite.png","width":696,"height":696,"caption":"Swixed SA"},"image":{"@id":"https:\/\/swixed.ch\/it\/#\/schema\/logo\/image\/"},"sameAs":["https:\/\/www.facebook.com\/swixed","https:\/\/www.linkedin.com\/company\/swixed","https:\/\/www.youtube.com\/@swixedsa"],"description":"Swixed SA est une entreprise suisse bas\u00e9e \u00e0 Gen\u00e8ve, sp\u00e9cialis\u00e9e dans la vente, la location et la maintenance d\u2019appareils m\u00e9dicaux professionnels, tels que d\u00e9fibrillateurs AED, \u00e9lectrocardiographes, moniteurs patient et dispositifs de diagnostic.","email":"infoshop@swixed.ch","telephone":"+41 22 566 11 95","legalName":"Swixed SA","foundingDate":"2021-03-01","numberOfEmployees":{"@type":"QuantitativeValue","minValue":"1","maxValue":"10"}}]}},"_links":{"self":[{"href":"https:\/\/swixed.ch\/it\/wp-json\/wp\/v2\/product\/33678","targetHints":{"allow":["GET"]}}],"collection":[{"href":"https:\/\/swixed.ch\/it\/wp-json\/wp\/v2\/product"}],"about":[{"href":"https:\/\/swixed.ch\/it\/wp-json\/wp\/v2\/types\/product"}],"version-history":[{"count":0,"href":"https:\/\/swixed.ch\/it\/wp-json\/wp\/v2\/product\/33678\/revisions"}],"wp:featuredmedia":[{"embeddable":true,"href":"https:\/\/swixed.ch\/it\/wp-json\/wp\/v2\/media\/27136"}],"wp:attachment":[{"href":"https:\/\/swixed.ch\/it\/wp-json\/wp\/v2\/media?parent=33678"}],"wp:term":[{"taxonomy":"product_brand","embeddable":true,"href":"https:\/\/swixed.ch\/it\/wp-json\/wp\/v2\/product_brand?post=33678"},{"taxonomy":"product_cat","embeddable":true,"href":"https:\/\/swixed.ch\/it\/wp-json\/wp\/v2\/product_cat?post=33678"},{"taxonomy":"product_tag","embeddable":true,"href":"https:\/\/swixed.ch\/it\/wp-json\/wp\/v2\/product_tag?post=33678"}],"curies":[{"name":"wp","href":"https:\/\/api.w.org\/{rel}","templated":true}]}}