{"id":33698,"date":"2021-04-29T08:43:01","date_gmt":"2021-04-29T07:43:01","guid":{"rendered":"https:\/\/swixed.com\/produit\/sonde-per-edan-sonotrax\/"},"modified":"2026-04-20T20:00:40","modified_gmt":"2026-04-20T19:00:40","slug":"sed52001","status":"publish","type":"product","link":"https:\/\/swixed.ch\/it\/prodotto\/sed52001\/","title":{"rendered":"Sonde per Edan Sonotrax"},"content":{"rendered":"\t\t<div data-elementor-type=\"product-post\" data-elementor-id=\"33698\" class=\"elementor elementor-33698 elementor-3396\" data-elementor-post-type=\"product\">\n\t\t\t\t\t\t<section class=\"elementor-section elementor-top-section elementor-element elementor-element-566dfe8 elementor-section-full_width elementor-section-height-default elementor-section-height-default\" data-id=\"566dfe8\" data-element_type=\"section\" data-e-type=\"section\">\n\t\t\t\t\t\t<div class=\"elementor-container elementor-column-gap-default\">\n\t\t\t\t\t<div class=\"elementor-column elementor-col-100 elementor-top-column elementor-element elementor-element-2c4618e\" data-id=\"2c4618e\" data-element_type=\"column\" data-e-type=\"column\">\n\t\t\t<div class=\"elementor-widget-wrap elementor-element-populated\">\n\t\t\t\t\t\t<div class=\"elementor-element elementor-element-57fea7d elementor-widget elementor-widget-heading\" data-id=\"57fea7d\" data-element_type=\"widget\" data-e-type=\"widget\" data-widget_type=\"heading.default\">\n\t\t\t\t\t<h2 class=\"elementor-heading-title elementor-size-default\">Descrizione<\/h2>\t\t\t\t<\/div>\n\t\t\t\t<div class=\"elementor-element elementor-element-e0a279c elementor-widget elementor-widget-text-editor\" data-id=\"e0a279c\" data-element_type=\"widget\" data-e-type=\"widget\" data-widget_type=\"text-editor.default\">\n\t\t\t\t\t\t\t\t\t<p>Ottimizza le tue capacit\u00e0 di monitoraggio medico con le sonde Doppler Sonotrax di EDAN. Progettate per adattarsi perfettamente a tutti i macchinari Sonotrax, queste sonde consentono agli operatori sanitari di effettuare esami fetali o vascolari di precisione. <\/p><p>Utilizzando queste sonde, \u00e8 possibile trasformare un Doppler fetale Sonotrax in un Doppler vascolare, estendendone cos\u00ec l&#8217;utilizzo. Ogni sonda \u00e8 disponibile in diverse frequenze: 2, 3, 4,5 o 8 MHz, per adattarsi a diverse esigenze cliniche e situazioni mediche. <\/p><p>Sia per la valutazione fetale che per il monitoraggio del flusso sanguigno, le sonde Sonotrax di EDAN forniscono risultati affidabili e un&#8217;esperienza d&#8217;uso intuitiva, facilitando il lavoro degli operatori sanitari.<\/p>\t\t\t\t\t\t\t\t<\/div>\n\t\t\t\t<div class=\"elementor-element elementor-element-f180a20 elementor-widget elementor-widget-heading\" data-id=\"f180a20\" data-element_type=\"widget\" data-e-type=\"widget\" data-widget_type=\"heading.default\">\n\t\t\t\t\t<h2 class=\"elementor-heading-title elementor-size-default\">Contenuto<\/h2>\t\t\t\t<\/div>\n\t\t\t\t<div class=\"elementor-element elementor-element-ebd5fda elementor-widget elementor-widget-text-editor\" data-id=\"ebd5fda\" data-element_type=\"widget\" data-e-type=\"widget\" data-widget_type=\"text-editor.default\">\n\t\t\t\t\t\t\t\t\t<ul><li>Sonde Doppler Sonotrax (i modelli dipendono dalla frequenza selezionata)<\/li><li>Manuale d&#8217;uso<\/li><\/ul>\t\t\t\t\t\t\t\t<\/div>\n\t\t\t\t\t<\/div>\n\t\t<\/div>\n\t\t\t\t\t<\/div>\n\t\t<\/section>\n\t\t\t\t<\/div>\n\t\t","protected":false},"excerpt":{"rendered":"<p>Sonde Doppler Edan intercambiabili, compatibili con i dispositivi Sonotrax. Disponibili con frequenze di 2, 3, 4,5 e 8 MHz. Ogni modello \u00e8 certificato CE, dotato di un connettore appropriato e disponibile singolarmente.  <\/p>\n","protected":false},"featured_media":27248,"template":"","meta":{"_acf_changed":false},"product_brand":[2082],"product_cat":[1267,1235],"product_tag":[3808,3760,5145,3388,5140,4720,5141,5142,5143,5144,5146,5139,5147,5138,3758],"class_list":{"0":"post-33698","1":"product","2":"type-product","3":"status-publish","4":"has-post-thumbnail","6":"product_brand-edan-it","7":"product_cat-accessori-doppler","8":"product_cat-doppler-it","9":"product_tag-accessori-medici-it","10":"product_tag-attrezzature-mediche","11":"product_tag-diagnosi-prenatale","12":"product_tag-doppler-fetale","13":"product_tag-doppler-vascolare","14":"product_tag-edan-sonotrax-it","15":"product_tag-frequenza-2-mhz","16":"product_tag-frequenza-3-mhz","17":"product_tag-frequenza-45-mhz","18":"product_tag-frequenza-8-mhz","19":"product_tag-monitoraggio-fetale","20":"product_tag-monitoraggio-vascolare","21":"product_tag-sonda-a-ultrasuoni","22":"product_tag-sonde-doppler","23":"product_tag-sorveglianza-fetale","25":"first","26":"instock","27":"taxable","28":"shipping-taxable","29":"purchasable","30":"product-type-variable","31":"has-default-attributes"},"acf":[],"yoast_head":"<!-- This site is optimized with the Yoast SEO Premium plugin v27.4 (Yoast SEO v27.4) - https:\/\/yoast.com\/product\/yoast-seo-premium-wordpress\/ -->\n<title>Sonde per Edan Sonotrax | Swixed SA<\/title>\n<meta name=\"description\" content=\"Sonda compatibile con Edan Sonotrax per il monitoraggio fetale e vascolare. Frequenze disponibili: 2, 3, 4,5 e 8 MHz per una diagnosi accurata.\" \/>\n<meta name=\"robots\" content=\"index, follow, max-snippet:-1, max-image-preview:large, max-video-preview:-1\" \/>\n<link rel=\"canonical\" href=\"https:\/\/swixed.ch\/it\/prodotto\/sed52001\/\" \/>\n<meta property=\"og:locale\" content=\"it_IT\" \/>\n<meta property=\"og:type\" content=\"article\" \/>\n<meta property=\"og:title\" content=\"Sonde per Edan Sonotrax\" \/>\n<meta property=\"og:description\" content=\"Sonda compatibile con Edan Sonotrax per il monitoraggio fetale e vascolare. Frequenze disponibili: 2, 3, 4,5 e 8 MHz per una diagnosi accurata.\" \/>\n<meta property=\"og:url\" content=\"https:\/\/swixed.ch\/it\/prodotto\/sed52001\/\" \/>\n<meta property=\"og:site_name\" content=\"Swixed SA\" \/>\n<meta property=\"article:publisher\" content=\"https:\/\/www.facebook.com\/swixed\" \/>\n<meta property=\"article:modified_time\" content=\"2026-04-20T19:00:40+00:00\" \/>\n<meta property=\"og:image\" content=\"https:\/\/swixed.ch\/wp-content\/uploads\/products\/edan-sonde-pour-sonotrax-01.png\" \/>\n\t<meta property=\"og:image:width\" content=\"600\" \/>\n\t<meta property=\"og:image:height\" content=\"600\" \/>\n\t<meta property=\"og:image:type\" content=\"image\/png\" \/>\n<meta name=\"twitter:card\" content=\"summary_large_image\" \/>\n<meta name=\"twitter:label1\" content=\"Tempo di lettura stimato\" \/>\n\t<meta name=\"twitter:data1\" content=\"1 minuto\" \/>\n<script type=\"application\/ld+json\" class=\"yoast-schema-graph\">{\"@context\":\"https:\\\/\\\/schema.org\",\"@graph\":[{\"@type\":\"WebPage\",\"@id\":\"https:\\\/\\\/swixed.ch\\\/it\\\/prodotto\\\/sed52001\\\/\",\"url\":\"https:\\\/\\\/swixed.ch\\\/it\\\/prodotto\\\/sed52001\\\/\",\"name\":\"Sonde per Edan Sonotrax | Swixed SA\",\"isPartOf\":{\"@id\":\"https:\\\/\\\/swixed.ch\\\/it\\\/#website\"},\"primaryImageOfPage\":{\"@id\":\"https:\\\/\\\/swixed.ch\\\/it\\\/prodotto\\\/sed52001\\\/#primaryimage\"},\"image\":{\"@id\":\"https:\\\/\\\/swixed.ch\\\/it\\\/prodotto\\\/sed52001\\\/#primaryimage\"},\"thumbnailUrl\":\"https:\\\/\\\/swixed.ch\\\/wp-content\\\/uploads\\\/products\\\/edan-sonde-pour-sonotrax-01.png\",\"datePublished\":\"2021-04-29T07:43:01+00:00\",\"dateModified\":\"2026-04-20T19:00:40+00:00\",\"description\":\"Sonda compatibile con Edan Sonotrax per il monitoraggio fetale e vascolare. Frequenze disponibili: 2, 3, 4,5 e 8 MHz per una diagnosi accurata.\",\"breadcrumb\":{\"@id\":\"https:\\\/\\\/swixed.ch\\\/it\\\/prodotto\\\/sed52001\\\/#breadcrumb\"},\"inLanguage\":\"it-IT\",\"potentialAction\":[{\"@type\":\"ReadAction\",\"target\":[\"https:\\\/\\\/swixed.ch\\\/it\\\/prodotto\\\/sed52001\\\/\"]}]},{\"@type\":\"ImageObject\",\"inLanguage\":\"it-IT\",\"@id\":\"https:\\\/\\\/swixed.ch\\\/it\\\/prodotto\\\/sed52001\\\/#primaryimage\",\"url\":\"https:\\\/\\\/swixed.ch\\\/wp-content\\\/uploads\\\/products\\\/edan-sonde-pour-sonotrax-01.png\",\"contentUrl\":\"https:\\\/\\\/swixed.ch\\\/wp-content\\\/uploads\\\/products\\\/edan-sonde-pour-sonotrax-01.png\",\"width\":600,\"height\":600,\"caption\":\"edan-sonda-per-sonotrax-01\"},{\"@type\":\"BreadcrumbList\",\"@id\":\"https:\\\/\\\/swixed.ch\\\/it\\\/prodotto\\\/sed52001\\\/#breadcrumb\",\"itemListElement\":[{\"@type\":\"ListItem\",\"position\":1,\"name\":\"Home\",\"item\":\"https:\\\/\\\/swixed.ch\\\/it\\\/home\\\/\"},{\"@type\":\"ListItem\",\"position\":2,\"name\":\"Negozio\",\"item\":\"https:\\\/\\\/swixed.ch\\\/it\\\/shop\\\/\"},{\"@type\":\"ListItem\",\"position\":3,\"name\":\"Sonde per Edan Sonotrax\"}]},{\"@type\":\"WebSite\",\"@id\":\"https:\\\/\\\/swixed.ch\\\/it\\\/#website\",\"url\":\"https:\\\/\\\/swixed.ch\\\/it\\\/\",\"name\":\"Swixed SA\",\"description\":\"Dispositivi elettronici\",\"publisher\":{\"@id\":\"https:\\\/\\\/swixed.ch\\\/it\\\/#organization\"},\"potentialAction\":[{\"@type\":\"SearchAction\",\"target\":{\"@type\":\"EntryPoint\",\"urlTemplate\":\"https:\\\/\\\/swixed.ch\\\/it\\\/?s={search_term_string}\"},\"query-input\":{\"@type\":\"PropertyValueSpecification\",\"valueRequired\":true,\"valueName\":\"search_term_string\"}}],\"inLanguage\":\"it-IT\"},{\"@type\":\"Organization\",\"@id\":\"https:\\\/\\\/swixed.ch\\\/it\\\/#organization\",\"name\":\"Swixed SA\",\"url\":\"https:\\\/\\\/swixed.ch\\\/it\\\/\",\"logo\":{\"@type\":\"ImageObject\",\"inLanguage\":\"it-IT\",\"@id\":\"https:\\\/\\\/swixed.ch\\\/it\\\/#\\\/schema\\\/logo\\\/image\\\/\",\"url\":\"https:\\\/\\\/swixed.ch\\\/wp-content\\\/uploads\\\/logos\\\/swixed-logo-lite.png\",\"contentUrl\":\"https:\\\/\\\/swixed.ch\\\/wp-content\\\/uploads\\\/logos\\\/swixed-logo-lite.png\",\"width\":696,\"height\":696,\"caption\":\"Swixed SA\"},\"image\":{\"@id\":\"https:\\\/\\\/swixed.ch\\\/it\\\/#\\\/schema\\\/logo\\\/image\\\/\"},\"sameAs\":[\"https:\\\/\\\/www.facebook.com\\\/swixed\",\"https:\\\/\\\/www.linkedin.com\\\/company\\\/swixed\",\"https:\\\/\\\/www.youtube.com\\\/@swixedsa\"],\"description\":\"Swixed SA est une entreprise suisse bas\u00e9e \u00e0 Gen\u00e8ve, sp\u00e9cialis\u00e9e dans la vente, la location et la maintenance d\u2019appareils m\u00e9dicaux professionnels, tels que d\u00e9fibrillateurs AED, \u00e9lectrocardiographes, moniteurs patient et dispositifs de diagnostic.\",\"email\":\"infoshop@swixed.ch\",\"telephone\":\"+41 22 566 11 95\",\"legalName\":\"Swixed SA\",\"foundingDate\":\"2021-03-01\",\"numberOfEmployees\":{\"@type\":\"QuantitativeValue\",\"minValue\":\"1\",\"maxValue\":\"10\"}}]}<\/script>\n<!-- \/ Yoast SEO Premium plugin. -->","yoast_head_json":{"title":"Sonde per Edan Sonotrax | Swixed SA","description":"Sonda compatibile con Edan Sonotrax per il monitoraggio fetale e vascolare. Frequenze disponibili: 2, 3, 4,5 e 8 MHz per una diagnosi accurata.","robots":{"index":"index","follow":"follow","max-snippet":"max-snippet:-1","max-image-preview":"max-image-preview:large","max-video-preview":"max-video-preview:-1"},"canonical":"https:\/\/swixed.ch\/it\/prodotto\/sed52001\/","og_locale":"it_IT","og_type":"article","og_title":"Sonde per Edan Sonotrax","og_description":"Sonda compatibile con Edan Sonotrax per il monitoraggio fetale e vascolare. Frequenze disponibili: 2, 3, 4,5 e 8 MHz per una diagnosi accurata.","og_url":"https:\/\/swixed.ch\/it\/prodotto\/sed52001\/","og_site_name":"Swixed SA","article_publisher":"https:\/\/www.facebook.com\/swixed","article_modified_time":"2026-04-20T19:00:40+00:00","og_image":[{"width":600,"height":600,"url":"https:\/\/swixed.ch\/wp-content\/uploads\/products\/edan-sonde-pour-sonotrax-01.png","type":"image\/png"}],"twitter_card":"summary_large_image","twitter_misc":{"Tempo di lettura stimato":"1 minuto"},"schema":{"@context":"https:\/\/schema.org","@graph":[{"@type":"WebPage","@id":"https:\/\/swixed.ch\/it\/prodotto\/sed52001\/","url":"https:\/\/swixed.ch\/it\/prodotto\/sed52001\/","name":"Sonde per Edan Sonotrax | Swixed SA","isPartOf":{"@id":"https:\/\/swixed.ch\/it\/#website"},"primaryImageOfPage":{"@id":"https:\/\/swixed.ch\/it\/prodotto\/sed52001\/#primaryimage"},"image":{"@id":"https:\/\/swixed.ch\/it\/prodotto\/sed52001\/#primaryimage"},"thumbnailUrl":"https:\/\/swixed.ch\/wp-content\/uploads\/products\/edan-sonde-pour-sonotrax-01.png","datePublished":"2021-04-29T07:43:01+00:00","dateModified":"2026-04-20T19:00:40+00:00","description":"Sonda compatibile con Edan Sonotrax per il monitoraggio fetale e vascolare. Frequenze disponibili: 2, 3, 4,5 e 8 MHz per una diagnosi accurata.","breadcrumb":{"@id":"https:\/\/swixed.ch\/it\/prodotto\/sed52001\/#breadcrumb"},"inLanguage":"it-IT","potentialAction":[{"@type":"ReadAction","target":["https:\/\/swixed.ch\/it\/prodotto\/sed52001\/"]}]},{"@type":"ImageObject","inLanguage":"it-IT","@id":"https:\/\/swixed.ch\/it\/prodotto\/sed52001\/#primaryimage","url":"https:\/\/swixed.ch\/wp-content\/uploads\/products\/edan-sonde-pour-sonotrax-01.png","contentUrl":"https:\/\/swixed.ch\/wp-content\/uploads\/products\/edan-sonde-pour-sonotrax-01.png","width":600,"height":600,"caption":"edan-sonda-per-sonotrax-01"},{"@type":"BreadcrumbList","@id":"https:\/\/swixed.ch\/it\/prodotto\/sed52001\/#breadcrumb","itemListElement":[{"@type":"ListItem","position":1,"name":"Home","item":"https:\/\/swixed.ch\/it\/home\/"},{"@type":"ListItem","position":2,"name":"Negozio","item":"https:\/\/swixed.ch\/it\/shop\/"},{"@type":"ListItem","position":3,"name":"Sonde per Edan Sonotrax"}]},{"@type":"WebSite","@id":"https:\/\/swixed.ch\/it\/#website","url":"https:\/\/swixed.ch\/it\/","name":"Swixed SA","description":"Dispositivi elettronici","publisher":{"@id":"https:\/\/swixed.ch\/it\/#organization"},"potentialAction":[{"@type":"SearchAction","target":{"@type":"EntryPoint","urlTemplate":"https:\/\/swixed.ch\/it\/?s={search_term_string}"},"query-input":{"@type":"PropertyValueSpecification","valueRequired":true,"valueName":"search_term_string"}}],"inLanguage":"it-IT"},{"@type":"Organization","@id":"https:\/\/swixed.ch\/it\/#organization","name":"Swixed SA","url":"https:\/\/swixed.ch\/it\/","logo":{"@type":"ImageObject","inLanguage":"it-IT","@id":"https:\/\/swixed.ch\/it\/#\/schema\/logo\/image\/","url":"https:\/\/swixed.ch\/wp-content\/uploads\/logos\/swixed-logo-lite.png","contentUrl":"https:\/\/swixed.ch\/wp-content\/uploads\/logos\/swixed-logo-lite.png","width":696,"height":696,"caption":"Swixed SA"},"image":{"@id":"https:\/\/swixed.ch\/it\/#\/schema\/logo\/image\/"},"sameAs":["https:\/\/www.facebook.com\/swixed","https:\/\/www.linkedin.com\/company\/swixed","https:\/\/www.youtube.com\/@swixedsa"],"description":"Swixed SA est une entreprise suisse bas\u00e9e \u00e0 Gen\u00e8ve, sp\u00e9cialis\u00e9e dans la vente, la location et la maintenance d\u2019appareils m\u00e9dicaux professionnels, tels que d\u00e9fibrillateurs AED, \u00e9lectrocardiographes, moniteurs patient et dispositifs de diagnostic.","email":"infoshop@swixed.ch","telephone":"+41 22 566 11 95","legalName":"Swixed SA","foundingDate":"2021-03-01","numberOfEmployees":{"@type":"QuantitativeValue","minValue":"1","maxValue":"10"}}]}},"_links":{"self":[{"href":"https:\/\/swixed.ch\/it\/wp-json\/wp\/v2\/product\/33698","targetHints":{"allow":["GET"]}}],"collection":[{"href":"https:\/\/swixed.ch\/it\/wp-json\/wp\/v2\/product"}],"about":[{"href":"https:\/\/swixed.ch\/it\/wp-json\/wp\/v2\/types\/product"}],"version-history":[{"count":1,"href":"https:\/\/swixed.ch\/it\/wp-json\/wp\/v2\/product\/33698\/revisions"}],"predecessor-version":[{"id":62997,"href":"https:\/\/swixed.ch\/it\/wp-json\/wp\/v2\/product\/33698\/revisions\/62997"}],"wp:featuredmedia":[{"embeddable":true,"href":"https:\/\/swixed.ch\/it\/wp-json\/wp\/v2\/media\/27248"}],"wp:attachment":[{"href":"https:\/\/swixed.ch\/it\/wp-json\/wp\/v2\/media?parent=33698"}],"wp:term":[{"taxonomy":"product_brand","embeddable":true,"href":"https:\/\/swixed.ch\/it\/wp-json\/wp\/v2\/product_brand?post=33698"},{"taxonomy":"product_cat","embeddable":true,"href":"https:\/\/swixed.ch\/it\/wp-json\/wp\/v2\/product_cat?post=33698"},{"taxonomy":"product_tag","embeddable":true,"href":"https:\/\/swixed.ch\/it\/wp-json\/wp\/v2\/product_tag?post=33698"}],"curies":[{"name":"wp","href":"https:\/\/api.w.org\/{rel}","templated":true}]}}