{"id":33702,"date":"2021-04-28T12:02:16","date_gmt":"2021-04-28T10:02:16","guid":{"rendered":"https:\/\/swixed.com\/produit\/ecg-a-riposo-edan-se-1515-dx12-bluetooth\/"},"modified":"2026-03-17T01:07:10","modified_gmt":"2026-03-17T00:07:10","slug":"sed10008","status":"publish","type":"product","link":"https:\/\/swixed.ch\/it\/prodotto\/sed10008\/","title":{"rendered":"Elettrocardiografo ECG a riposo Edan SE-1515 DX12"},"content":{"rendered":"\t\t<div data-elementor-type=\"product-post\" data-elementor-id=\"33702\" class=\"elementor elementor-33702 elementor-3327\" data-elementor-post-type=\"product\">\n\t\t\t\t<div class=\"elementor-element elementor-element-802a913 e-con-full e-flex e-con e-parent\" data-id=\"802a913\" data-element_type=\"container\" data-e-type=\"container\">\n\t\t<div class=\"elementor-element elementor-element-5a3269e e-con-full e-flex e-con e-child\" data-id=\"5a3269e\" data-element_type=\"container\" data-e-type=\"container\">\n\t\t\t\t<div class=\"elementor-element elementor-element-6b4f673 elementor-widget elementor-widget-heading\" data-id=\"6b4f673\" data-element_type=\"widget\" data-e-type=\"widget\" data-widget_type=\"heading.default\">\n\t\t\t\t\t<h2 class=\"elementor-heading-title elementor-size-default\">Caratteristiche principali<\/h2>\t\t\t\t<\/div>\n\t\t\t\t<div class=\"elementor-element elementor-element-0616b68 elementor-widget elementor-widget-text-editor\" data-id=\"0616b68\" data-element_type=\"widget\" data-e-type=\"widget\" data-widget_type=\"text-editor.default\">\n\t\t\t\t\t\t\t\t\t<p>L&#8217;elettrocardiografo Edan SE-1515 DX12 \u00e8 una piattaforma ECG da sforzo completamente computerizzata. Trasmette i segnali cardiaci a un computer in modalit\u00e0 wireless, utilizzando una connessione Bluetooth dedicata. Inoltre, la visualizzazione simultanea di 12 derivazioni facilita la lettura dei tracciati durante le fasi di carico.<br>L&#8217;architettura modulare rende facile l&#8217;integrazione in un ambiente clinico esistente. Infine, il sistema funziona con una licenza software specifica dedicata agli stress test.   <\/p><p>Specifiche tecniche principali:<\/p><ul><li>ECG a 12 derivazioni in tempo reale<\/li><li>Trasmissione dati wireless via Bluetooth al PC<\/li><li>Analisi assistita da un software dedicato<\/li><li>Compatibilit\u00e0 con le apparecchiature esterne per lo stress<\/li><li>Esportazione di rapporti (PDF, Word, JPG)<\/li><\/ul>\t\t\t\t\t\t\t\t<\/div>\n\t\t\t\t<div class=\"elementor-element elementor-element-6067b60 elementor-widget elementor-widget-heading\" data-id=\"6067b60\" data-element_type=\"widget\" data-e-type=\"widget\" data-widget_type=\"heading.default\">\n\t\t\t\t\t<h2 class=\"elementor-heading-title elementor-size-default\">Funzionamento e design tecnico<\/h2>\t\t\t\t<\/div>\n\t\t\t\t<div class=\"elementor-element elementor-element-d506737 elementor-widget elementor-widget-text-editor\" data-id=\"d506737\" data-element_type=\"widget\" data-e-type=\"widget\" data-widget_type=\"text-editor.default\">\n\t\t\t\t\t\t\t\t\t<p>In secondo luogo, il software Edan SE-1515 offre una gestione chiara dei dati ECG. Gli utenti possono creare, consultare e organizzare i file dei pazienti direttamente dall&#8217;interfaccia del PC.<br>Inoltre, il software incorpora funzioni per la misurazione, il calcolo e l&#8217;interpretazione automatica del segnale, mantenendo una lettura visiva accurata. <\/p><p>Inoltre, i rapporti sono facili da produrre. Gli esami possono essere esportati in formato PDF, Word o immagine e poi stampati su carta A4 con una stampante collegata. Tuttavia, questa versione dell&#8217;ECG a riposo non pu\u00f2 essere utilizzata per monitorare ergometri, tapis roulant o altre apparecchiature di misurazione dell&#8217;esercizio fisico.  <\/p><p>\u26a0\ufe0f Questa versione dell&#8217;ECG a riposo non pu\u00f2 essere utilizzata per monitorare ergometri, tapis roulant o dispositivi di misurazione esterni. Questa funzionalit\u00e0 \u00e8 disponibile solo nella <a href=\"https:\/\/swixed.ch\/it\/prodotto\/sed12003\/\">versione ECG da sforzo<\/a>, che viene offerta separatamente. <\/p>\t\t\t\t\t\t\t\t<\/div>\n\t\t\t\t<div class=\"elementor-element elementor-element-a9dbd64 elementor-widget elementor-widget-heading\" data-id=\"a9dbd64\" data-element_type=\"widget\" data-e-type=\"widget\" data-widget_type=\"heading.default\">\n\t\t\t\t\t<h2 class=\"elementor-heading-title elementor-size-default\">Utilizzo, conformit\u00e0 e raccomandazioni<\/h2>\t\t\t\t<\/div>\n\t\t\t\t<div class=\"elementor-element elementor-element-9804ec9 elementor-widget elementor-widget-text-editor\" data-id=\"9804ec9\" data-element_type=\"widget\" data-e-type=\"widget\" data-widget_type=\"text-editor.default\">\n\t\t\t\t\t\t\t\t\t<p>Dal punto di vista normativo, l&#8217;elettrocardiografo Edan SE-1515 DX12 rientra nell&#8217;ambito dei dispositivi medici destinati alla registrazione dell&#8217;ECG a riposo. Il suo utilizzo \u00e8 quindi coperto dai requisiti applicabili alle apparecchiature mediche professionali in Svizzera. <\/p><p>Di conseguenza, i seguenti riferimenti sono fonti rilevanti per questo tipo di dispositivo. In ogni caso, l&#8217;operatore rimane responsabile dell&#8217;integrazione del dispositivo nelle sue procedure interne, in conformit\u00e0 con i requisiti legali in vigore. <br>\t\t<div data-elementor-type=\"widget\" data-elementor-id=\"59086\" class=\"elementor elementor-59086 elementor-59083 elementor-59083\" data-elementor-post-type=\"elementor_library\">\n\t\t\t\t\t\t<div class=\"elementor-element elementor-element-59083 elementor-widget elementor-widget-text-editor\" data-id=\"59083\" data-element_type=\"widget\" data-e-type=\"widget\" data-widget_type=\"text-editor.default\">\n\t\t\t\t\t\t\t\t\t<p>Per maggiori informazioni, consulta :<\/p><ul><li><a href=\"https:\/\/www.swissmedic.ch\" target=\"_blank\" rel=\"noopener\">Swissmedic<\/a><\/li><li><a href=\"https:\/\/www.bag.admin.ch\" target=\"_blank\" rel=\"noopener\">Ufficio federale della sanit\u00e0 pubblica (UFSP)<\/a><\/li><li><a href=\"https:\/\/www.switec.info\" target=\"_blank\" rel=\"noopener\">Centro d&#8217;informazione svizzero per le norme tecniche (Switec)<\/a><\/li><li><a href=\"https:\/\/www.fedlex.admin.ch\/eli\/cc\/2020\/552\/\" target=\"_blank\" rel=\"noopener\">Ordinanza sui dispositivi medici (ODim o MedDO)<\/a><\/li><\/ul><p><br>I nostri dispositivi medici hanno un rappresentante autorizzato in Svizzera (CH-REP), in conformit\u00e0 con l&#8217;attuale legislazione svizzera sui dispositivi medici.<\/p>\t\t\t\t\t\t\t\t<\/div>\n\t\t\t\t<\/div>\n\t\t<br>Clicca qui per prenotare la <a href=\"https:\/\/swixed.ch\/it\/prodotto\/sed94001\/\">manutenzione periodica<\/a>.<\/p>\t\t\t\t\t\t\t\t<\/div>\n\t\t\t\t<div class=\"elementor-element elementor-element-aecbb15 elementor-widget elementor-widget-heading\" data-id=\"aecbb15\" data-element_type=\"widget\" data-e-type=\"widget\" data-widget_type=\"heading.default\">\n\t\t\t\t\t<h2 class=\"elementor-heading-title elementor-size-default\">Contenuto<\/h2>\t\t\t\t<\/div>\n\t\t\t\t<div class=\"elementor-element elementor-element-e3bb1c1 elementor-widget elementor-widget-text-editor\" data-id=\"e3bb1c1\" data-element_type=\"widget\" data-e-type=\"widget\" data-widget_type=\"text-editor.default\">\n\t\t\t\t\t\t\t\t\t<p>Il pacchetto ECG a riposo Edan SE-1515 DX12 include tutto ci\u00f2 che ti serve per essere subito operativo:<\/p><ul><li>1 scatola per trasmettitore ECG<\/li><li>1 scatola di ricezione ECG<\/li><li>1 cavo paziente a 10 fili<\/li><li>6 elettrodi precordiali<\/li><li>4 morsetti per arti<\/li><li>1 supporto di installazione del software (Windows)<\/li><li>1 manuale d&#8217;uso<\/li><\/ul>\t\t\t\t\t\t\t\t<\/div>\n\t\t\t\t<\/div>\n\t\t\t\t<\/div>\n\t\t\t\t<\/div>\n\t\t","protected":false},"excerpt":{"rendered":"<p>L&#8217;Edan SE-1515 DX12 \u00e8 un elettrocardiografo per ECG a riposo progettato per acquisire segnali a 12 canali tramite una connessione Bluetooth con un computer. Il sistema funziona con il software Edan SE-1515 e consente la visualizzazione in tempo reale, la registrazione e l&#8217;archiviazione dei tracciati, oltre all&#8217;esportazione di report in vari formati digitali. Certificato CE e compatibile con gli ambienti Windows, \u00e8 progettato per essere utilizzato in ambienti professionali informatizzati.  <\/p>\n","protected":false},"featured_media":60747,"template":"","meta":{"_acf_changed":false},"product_brand":[2082],"product_cat":[975,966],"product_tag":[7709,7704,2364,7711,7713,7717,7708,7712,7714,3611],"class_list":{"0":"post-33702","1":"product","2":"type-product","3":"status-publish","4":"has-post-thumbnail","6":"product_brand-edan-it","7":"product_cat-ecg-da-riposo","8":"product_cat-elettrocardiografi","9":"product_tag-acquisizione-dellecg","10":"product_tag-ecg-12d","11":"product_tag-ecg-a-riposo","12":"product_tag-ecg-con-cavo","13":"product_tag-ecg-diagnostico","14":"product_tag-ecg-dx12","15":"product_tag-ecg-pc","16":"product_tag-ecg-stazionario","17":"product_tag-esame-ecg","18":"product_tag-software-ecg-it","20":"first","21":"instock","22":"sale","23":"taxable","24":"shipping-taxable","25":"purchasable","26":"product-type-simple"},"acf":[],"yoast_head":"<!-- This site is optimized with the Yoast SEO Premium plugin v27.4 (Yoast SEO v27.4) - https:\/\/yoast.com\/product\/yoast-seo-premium-wordpress\/ -->\n<title>Elettrocardiografo PC con ECG a riposo Edan SE-1515 DX12 | Swixed SA<\/title>\n<meta name=\"description\" content=\"Elettrocardiografo ECG a riposo Edan SE-1515 DX12 con software per PC, display a 12 canali, gestione del paziente e archiviazione sicura.\" \/>\n<meta name=\"robots\" content=\"index, follow, max-snippet:-1, max-image-preview:large, max-video-preview:-1\" \/>\n<link rel=\"canonical\" href=\"https:\/\/swixed.ch\/it\/prodotto\/sed10008\/\" \/>\n<meta property=\"og:locale\" content=\"it_IT\" \/>\n<meta property=\"og:type\" content=\"article\" \/>\n<meta property=\"og:title\" content=\"Elettrocardiografo ECG a riposo Edan SE-1515 DX12\" \/>\n<meta property=\"og:description\" content=\"Elettrocardiografo ECG a riposo Edan SE-1515 DX12 con software per PC, display a 12 canali, gestione del paziente e archiviazione sicura.\" \/>\n<meta property=\"og:url\" content=\"https:\/\/swixed.ch\/it\/prodotto\/sed10008\/\" \/>\n<meta property=\"og:site_name\" content=\"Swixed SA\" \/>\n<meta property=\"article:publisher\" content=\"https:\/\/www.facebook.com\/swixed\" \/>\n<meta property=\"article:modified_time\" content=\"2026-03-17T00:07:10+00:00\" \/>\n<meta property=\"og:image\" content=\"https:\/\/swixed.ch\/wp-content\/uploads\/2026\/01\/SED12003-01.png\" \/>\n\t<meta property=\"og:image:width\" content=\"600\" \/>\n\t<meta property=\"og:image:height\" content=\"600\" \/>\n\t<meta property=\"og:image:type\" content=\"image\/png\" \/>\n<meta name=\"twitter:card\" content=\"summary_large_image\" \/>\n<meta name=\"twitter:label1\" content=\"Tempo di lettura stimato\" \/>\n\t<meta name=\"twitter:data1\" content=\"2 minuti\" \/>\n<script type=\"application\/ld+json\" class=\"yoast-schema-graph\">{\"@context\":\"https:\\\/\\\/schema.org\",\"@graph\":[{\"@type\":\"WebPage\",\"@id\":\"https:\\\/\\\/swixed.ch\\\/it\\\/prodotto\\\/sed10008\\\/\",\"url\":\"https:\\\/\\\/swixed.ch\\\/it\\\/prodotto\\\/sed10008\\\/\",\"name\":\"Elettrocardiografo PC con ECG a riposo Edan SE-1515 DX12 | Swixed SA\",\"isPartOf\":{\"@id\":\"https:\\\/\\\/swixed.ch\\\/it\\\/#website\"},\"primaryImageOfPage\":{\"@id\":\"https:\\\/\\\/swixed.ch\\\/it\\\/prodotto\\\/sed10008\\\/#primaryimage\"},\"image\":{\"@id\":\"https:\\\/\\\/swixed.ch\\\/it\\\/prodotto\\\/sed10008\\\/#primaryimage\"},\"thumbnailUrl\":\"https:\\\/\\\/swixed.ch\\\/wp-content\\\/uploads\\\/2026\\\/01\\\/SED12003-01.png\",\"datePublished\":\"2021-04-28T10:02:16+00:00\",\"dateModified\":\"2026-03-17T00:07:10+00:00\",\"description\":\"Elettrocardiografo ECG a riposo Edan SE-1515 DX12 con software per PC, display a 12 canali, gestione del paziente e archiviazione sicura.\",\"breadcrumb\":{\"@id\":\"https:\\\/\\\/swixed.ch\\\/it\\\/prodotto\\\/sed10008\\\/#breadcrumb\"},\"inLanguage\":\"it-IT\",\"potentialAction\":[{\"@type\":\"ReadAction\",\"target\":[\"https:\\\/\\\/swixed.ch\\\/it\\\/prodotto\\\/sed10008\\\/\"]}]},{\"@type\":\"ImageObject\",\"inLanguage\":\"it-IT\",\"@id\":\"https:\\\/\\\/swixed.ch\\\/it\\\/prodotto\\\/sed10008\\\/#primaryimage\",\"url\":\"https:\\\/\\\/swixed.ch\\\/wp-content\\\/uploads\\\/2026\\\/01\\\/SED12003-01.png\",\"contentUrl\":\"https:\\\/\\\/swixed.ch\\\/wp-content\\\/uploads\\\/2026\\\/01\\\/SED12003-01.png\",\"width\":600,\"height\":600,\"caption\":\"SED12003, SED10008\"},{\"@type\":\"BreadcrumbList\",\"@id\":\"https:\\\/\\\/swixed.ch\\\/it\\\/prodotto\\\/sed10008\\\/#breadcrumb\",\"itemListElement\":[{\"@type\":\"ListItem\",\"position\":1,\"name\":\"Home\",\"item\":\"https:\\\/\\\/swixed.ch\\\/it\\\/home\\\/\"},{\"@type\":\"ListItem\",\"position\":2,\"name\":\"Negozio\",\"item\":\"https:\\\/\\\/swixed.ch\\\/it\\\/shop\\\/\"},{\"@type\":\"ListItem\",\"position\":3,\"name\":\"Elettrocardiografo ECG a riposo Edan SE-1515 DX12\"}]},{\"@type\":\"WebSite\",\"@id\":\"https:\\\/\\\/swixed.ch\\\/it\\\/#website\",\"url\":\"https:\\\/\\\/swixed.ch\\\/it\\\/\",\"name\":\"Swixed SA\",\"description\":\"Dispositivi elettronici\",\"publisher\":{\"@id\":\"https:\\\/\\\/swixed.ch\\\/it\\\/#organization\"},\"potentialAction\":[{\"@type\":\"SearchAction\",\"target\":{\"@type\":\"EntryPoint\",\"urlTemplate\":\"https:\\\/\\\/swixed.ch\\\/it\\\/?s={search_term_string}\"},\"query-input\":{\"@type\":\"PropertyValueSpecification\",\"valueRequired\":true,\"valueName\":\"search_term_string\"}}],\"inLanguage\":\"it-IT\"},{\"@type\":\"Organization\",\"@id\":\"https:\\\/\\\/swixed.ch\\\/it\\\/#organization\",\"name\":\"Swixed SA\",\"url\":\"https:\\\/\\\/swixed.ch\\\/it\\\/\",\"logo\":{\"@type\":\"ImageObject\",\"inLanguage\":\"it-IT\",\"@id\":\"https:\\\/\\\/swixed.ch\\\/it\\\/#\\\/schema\\\/logo\\\/image\\\/\",\"url\":\"https:\\\/\\\/swixed.ch\\\/wp-content\\\/uploads\\\/logos\\\/swixed-logo-lite.png\",\"contentUrl\":\"https:\\\/\\\/swixed.ch\\\/wp-content\\\/uploads\\\/logos\\\/swixed-logo-lite.png\",\"width\":696,\"height\":696,\"caption\":\"Swixed SA\"},\"image\":{\"@id\":\"https:\\\/\\\/swixed.ch\\\/it\\\/#\\\/schema\\\/logo\\\/image\\\/\"},\"sameAs\":[\"https:\\\/\\\/www.facebook.com\\\/swixed\",\"https:\\\/\\\/www.linkedin.com\\\/company\\\/swixed\",\"https:\\\/\\\/www.youtube.com\\\/@swixedsa\"],\"description\":\"Swixed SA est une entreprise suisse bas\u00e9e \u00e0 Gen\u00e8ve, sp\u00e9cialis\u00e9e dans la vente, la location et la maintenance d\u2019appareils m\u00e9dicaux professionnels, tels que d\u00e9fibrillateurs AED, \u00e9lectrocardiographes, moniteurs patient et dispositifs de diagnostic.\",\"email\":\"infoshop@swixed.ch\",\"telephone\":\"+41 22 566 11 95\",\"legalName\":\"Swixed SA\",\"foundingDate\":\"2021-03-01\",\"numberOfEmployees\":{\"@type\":\"QuantitativeValue\",\"minValue\":\"1\",\"maxValue\":\"10\"}}]}<\/script>\n<!-- \/ Yoast SEO Premium plugin. -->","yoast_head_json":{"title":"Elettrocardiografo PC con ECG a riposo Edan SE-1515 DX12 | Swixed SA","description":"Elettrocardiografo ECG a riposo Edan SE-1515 DX12 con software per PC, display a 12 canali, gestione del paziente e archiviazione sicura.","robots":{"index":"index","follow":"follow","max-snippet":"max-snippet:-1","max-image-preview":"max-image-preview:large","max-video-preview":"max-video-preview:-1"},"canonical":"https:\/\/swixed.ch\/it\/prodotto\/sed10008\/","og_locale":"it_IT","og_type":"article","og_title":"Elettrocardiografo ECG a riposo Edan SE-1515 DX12","og_description":"Elettrocardiografo ECG a riposo Edan SE-1515 DX12 con software per PC, display a 12 canali, gestione del paziente e archiviazione sicura.","og_url":"https:\/\/swixed.ch\/it\/prodotto\/sed10008\/","og_site_name":"Swixed SA","article_publisher":"https:\/\/www.facebook.com\/swixed","article_modified_time":"2026-03-17T00:07:10+00:00","og_image":[{"width":600,"height":600,"url":"https:\/\/swixed.ch\/wp-content\/uploads\/2026\/01\/SED12003-01.png","type":"image\/png"}],"twitter_card":"summary_large_image","twitter_misc":{"Tempo di lettura stimato":"2 minuti"},"schema":{"@context":"https:\/\/schema.org","@graph":[{"@type":"WebPage","@id":"https:\/\/swixed.ch\/it\/prodotto\/sed10008\/","url":"https:\/\/swixed.ch\/it\/prodotto\/sed10008\/","name":"Elettrocardiografo PC con ECG a riposo Edan SE-1515 DX12 | Swixed SA","isPartOf":{"@id":"https:\/\/swixed.ch\/it\/#website"},"primaryImageOfPage":{"@id":"https:\/\/swixed.ch\/it\/prodotto\/sed10008\/#primaryimage"},"image":{"@id":"https:\/\/swixed.ch\/it\/prodotto\/sed10008\/#primaryimage"},"thumbnailUrl":"https:\/\/swixed.ch\/wp-content\/uploads\/2026\/01\/SED12003-01.png","datePublished":"2021-04-28T10:02:16+00:00","dateModified":"2026-03-17T00:07:10+00:00","description":"Elettrocardiografo ECG a riposo Edan SE-1515 DX12 con software per PC, display a 12 canali, gestione del paziente e archiviazione sicura.","breadcrumb":{"@id":"https:\/\/swixed.ch\/it\/prodotto\/sed10008\/#breadcrumb"},"inLanguage":"it-IT","potentialAction":[{"@type":"ReadAction","target":["https:\/\/swixed.ch\/it\/prodotto\/sed10008\/"]}]},{"@type":"ImageObject","inLanguage":"it-IT","@id":"https:\/\/swixed.ch\/it\/prodotto\/sed10008\/#primaryimage","url":"https:\/\/swixed.ch\/wp-content\/uploads\/2026\/01\/SED12003-01.png","contentUrl":"https:\/\/swixed.ch\/wp-content\/uploads\/2026\/01\/SED12003-01.png","width":600,"height":600,"caption":"SED12003, SED10008"},{"@type":"BreadcrumbList","@id":"https:\/\/swixed.ch\/it\/prodotto\/sed10008\/#breadcrumb","itemListElement":[{"@type":"ListItem","position":1,"name":"Home","item":"https:\/\/swixed.ch\/it\/home\/"},{"@type":"ListItem","position":2,"name":"Negozio","item":"https:\/\/swixed.ch\/it\/shop\/"},{"@type":"ListItem","position":3,"name":"Elettrocardiografo ECG a riposo Edan SE-1515 DX12"}]},{"@type":"WebSite","@id":"https:\/\/swixed.ch\/it\/#website","url":"https:\/\/swixed.ch\/it\/","name":"Swixed SA","description":"Dispositivi elettronici","publisher":{"@id":"https:\/\/swixed.ch\/it\/#organization"},"potentialAction":[{"@type":"SearchAction","target":{"@type":"EntryPoint","urlTemplate":"https:\/\/swixed.ch\/it\/?s={search_term_string}"},"query-input":{"@type":"PropertyValueSpecification","valueRequired":true,"valueName":"search_term_string"}}],"inLanguage":"it-IT"},{"@type":"Organization","@id":"https:\/\/swixed.ch\/it\/#organization","name":"Swixed SA","url":"https:\/\/swixed.ch\/it\/","logo":{"@type":"ImageObject","inLanguage":"it-IT","@id":"https:\/\/swixed.ch\/it\/#\/schema\/logo\/image\/","url":"https:\/\/swixed.ch\/wp-content\/uploads\/logos\/swixed-logo-lite.png","contentUrl":"https:\/\/swixed.ch\/wp-content\/uploads\/logos\/swixed-logo-lite.png","width":696,"height":696,"caption":"Swixed SA"},"image":{"@id":"https:\/\/swixed.ch\/it\/#\/schema\/logo\/image\/"},"sameAs":["https:\/\/www.facebook.com\/swixed","https:\/\/www.linkedin.com\/company\/swixed","https:\/\/www.youtube.com\/@swixedsa"],"description":"Swixed SA est une entreprise suisse bas\u00e9e \u00e0 Gen\u00e8ve, sp\u00e9cialis\u00e9e dans la vente, la location et la maintenance d\u2019appareils m\u00e9dicaux professionnels, tels que d\u00e9fibrillateurs AED, \u00e9lectrocardiographes, moniteurs patient et dispositifs de diagnostic.","email":"infoshop@swixed.ch","telephone":"+41 22 566 11 95","legalName":"Swixed SA","foundingDate":"2021-03-01","numberOfEmployees":{"@type":"QuantitativeValue","minValue":"1","maxValue":"10"}}]}},"_links":{"self":[{"href":"https:\/\/swixed.ch\/it\/wp-json\/wp\/v2\/product\/33702","targetHints":{"allow":["GET"]}}],"collection":[{"href":"https:\/\/swixed.ch\/it\/wp-json\/wp\/v2\/product"}],"about":[{"href":"https:\/\/swixed.ch\/it\/wp-json\/wp\/v2\/types\/product"}],"version-history":[{"count":0,"href":"https:\/\/swixed.ch\/it\/wp-json\/wp\/v2\/product\/33702\/revisions"}],"wp:featuredmedia":[{"embeddable":true,"href":"https:\/\/swixed.ch\/it\/wp-json\/wp\/v2\/media\/60747"}],"wp:attachment":[{"href":"https:\/\/swixed.ch\/it\/wp-json\/wp\/v2\/media?parent=33702"}],"wp:term":[{"taxonomy":"product_brand","embeddable":true,"href":"https:\/\/swixed.ch\/it\/wp-json\/wp\/v2\/product_brand?post=33702"},{"taxonomy":"product_cat","embeddable":true,"href":"https:\/\/swixed.ch\/it\/wp-json\/wp\/v2\/product_cat?post=33702"},{"taxonomy":"product_tag","embeddable":true,"href":"https:\/\/swixed.ch\/it\/wp-json\/wp\/v2\/product_tag?post=33702"}],"curies":[{"name":"wp","href":"https:\/\/api.w.org\/{rel}","templated":true}]}}