{"id":33807,"date":"2021-04-29T10:26:17","date_gmt":"2021-04-29T08:26:17","guid":{"rendered":"https:\/\/swixed.com\/produit\/carta-ecg-edan-10-pezzi\/"},"modified":"2025-12-28T20:57:58","modified_gmt":"2025-12-28T19:57:58","slug":"sed17007","status":"publish","type":"product","link":"https:\/\/swixed.ch\/it\/prodotto\/sed17007\/","title":{"rendered":"Edan SE-3 \/ SE-301 \/ SE-601 \/ SE-1201 \/ SE-12 Express &#8211; Carta ECG (10 pezzi)"},"content":{"rendered":"\t\t<div data-elementor-type=\"product-post\" data-elementor-id=\"33807\" class=\"elementor elementor-33807 elementor-3407\" data-elementor-post-type=\"product\">\n\t\t\t\t\t\t<section class=\"elementor-section elementor-top-section elementor-element elementor-element-566dfe8 elementor-section-boxed elementor-section-height-default elementor-section-height-default\" data-id=\"566dfe8\" data-element_type=\"section\" data-e-type=\"section\">\n\t\t\t\t\t\t<div class=\"elementor-container elementor-column-gap-default\">\n\t\t\t\t\t<div class=\"elementor-column elementor-col-100 elementor-top-column elementor-element elementor-element-2c4618e\" data-id=\"2c4618e\" data-element_type=\"column\" data-e-type=\"column\">\n\t\t\t<div class=\"elementor-widget-wrap elementor-element-populated\">\n\t\t\t\t\t\t<div class=\"elementor-element elementor-element-57fea7d elementor-widget elementor-widget-heading\" data-id=\"57fea7d\" data-element_type=\"widget\" data-e-type=\"widget\" data-widget_type=\"heading.default\">\n\t\t\t\t\t<h2 class=\"elementor-heading-title elementor-size-default\">Descrizione<\/h2>\t\t\t\t<\/div>\n\t\t\t\t<div class=\"elementor-element elementor-element-e0a279c elementor-widget elementor-widget-text-editor\" data-id=\"e0a279c\" data-element_type=\"widget\" data-e-type=\"widget\" data-widget_type=\"text-editor.default\">\n\t\t\t\t\t\t\t\t\t<p>Questi set di carta per elettrocardiografi EDAN consentono la trascrizione grafica delle registrazioni della frequenza cardiaca mediante stampanti termiche.<\/p><p>Carta per ECG Edan <strong>SE-3 e 301<\/strong>, <strong>SE-601<\/strong>, <strong>SE-1201<\/strong>, <strong>SE-12 Express<\/strong><\/p>\t\t\t\t\t\t\t\t<\/div>\n\t\t\t\t\t<\/div>\n\t\t<\/div>\n\t\t\t\t\t<\/div>\n\t\t<\/section>\n\t\t\t\t<\/div>\n\t\t","protected":false},"excerpt":{"rendered":"<p>Questi pacchi di carta per elettrocardiografi Edan consentono la trascrizione grafica delle registrazioni del ritmo cardiaco tramite stampante termica. Carta per gli ECG Edan SE-3 e 301, SE-601, SE-1201, SE-12 Express. Venduto in confezioni da 10 pezzi.  <\/p>\n","protected":false},"featured_media":27512,"template":"","meta":{"_acf_changed":false},"product_brand":[2082],"product_cat":[966,1092],"product_tag":[985,1280],"class_list":{"0":"post-33807","1":"product","2":"type-product","3":"status-publish","4":"has-post-thumbnail","6":"product_brand-edan-it","7":"product_cat-elettrocardiografi","8":"product_cat-consumabili-elettrocardiografi","9":"product_tag-ecg-it","10":"product_tag-stampa","12":"first","13":"instock","14":"taxable","15":"shipping-taxable","16":"purchasable","17":"product-type-variable","18":"has-default-attributes"},"acf":[],"yoast_head":"<!-- This site is optimized with the Yoast SEO Premium plugin v27.4 (Yoast SEO v27.4) - https:\/\/yoast.com\/product\/yoast-seo-premium-wordpress\/ -->\n<title>Edan SE-3 \/ SE-301 \/ SE-601 \/ SE-1201 \/ SE-12 Express - Carta ECG (10 pezzi) | Swixed SA<\/title>\n<meta name=\"description\" content=\"Carta per ECG Edan SE-3 e 301, SE-601, SE-1201, SE-12 Express. Trascrizione grafica delle registrazioni. Stampanti termiche\" \/>\n<meta name=\"robots\" content=\"index, follow, max-snippet:-1, max-image-preview:large, max-video-preview:-1\" \/>\n<link rel=\"canonical\" href=\"https:\/\/swixed.ch\/it\/prodotto\/sed17007\/\" \/>\n<meta property=\"og:locale\" content=\"it_IT\" \/>\n<meta property=\"og:type\" content=\"article\" \/>\n<meta property=\"og:title\" content=\"Edan SE-3 \/ SE-301 \/ SE-601 \/ SE-1201 \/ SE-12 Express - Carta ECG (10 pezzi)\" \/>\n<meta property=\"og:description\" content=\"Carta per ECG Edan SE-3 e 301, SE-601, SE-1201, SE-12 Express. Trascrizione grafica delle registrazioni. Stampanti termiche\" \/>\n<meta property=\"og:url\" content=\"https:\/\/swixed.ch\/it\/prodotto\/sed17007\/\" \/>\n<meta property=\"og:site_name\" content=\"Swixed SA\" \/>\n<meta property=\"article:publisher\" content=\"https:\/\/www.facebook.com\/swixed\" \/>\n<meta property=\"article:modified_time\" content=\"2025-12-28T19:57:58+00:00\" \/>\n<meta property=\"og:image\" content=\"https:\/\/swixed.ch\/wp-content\/uploads\/products\/edan-papier-ecg-01.png\" \/>\n\t<meta property=\"og:image:width\" content=\"600\" \/>\n\t<meta property=\"og:image:height\" content=\"600\" \/>\n\t<meta property=\"og:image:type\" content=\"image\/png\" \/>\n<meta name=\"twitter:card\" content=\"summary_large_image\" \/>\n<script type=\"application\/ld+json\" class=\"yoast-schema-graph\">{\"@context\":\"https:\\\/\\\/schema.org\",\"@graph\":[{\"@type\":\"WebPage\",\"@id\":\"https:\\\/\\\/swixed.ch\\\/it\\\/prodotto\\\/sed17007\\\/\",\"url\":\"https:\\\/\\\/swixed.ch\\\/it\\\/prodotto\\\/sed17007\\\/\",\"name\":\"Edan SE-3 \\\/ SE-301 \\\/ SE-601 \\\/ SE-1201 \\\/ SE-12 Express - Carta ECG (10 pezzi) | Swixed SA\",\"isPartOf\":{\"@id\":\"https:\\\/\\\/swixed.ch\\\/it\\\/#website\"},\"primaryImageOfPage\":{\"@id\":\"https:\\\/\\\/swixed.ch\\\/it\\\/prodotto\\\/sed17007\\\/#primaryimage\"},\"image\":{\"@id\":\"https:\\\/\\\/swixed.ch\\\/it\\\/prodotto\\\/sed17007\\\/#primaryimage\"},\"thumbnailUrl\":\"https:\\\/\\\/swixed.ch\\\/wp-content\\\/uploads\\\/products\\\/edan-papier-ecg-01.png\",\"datePublished\":\"2021-04-29T08:26:17+00:00\",\"dateModified\":\"2025-12-28T19:57:58+00:00\",\"description\":\"Carta per ECG Edan SE-3 e 301, SE-601, SE-1201, SE-12 Express. Trascrizione grafica delle registrazioni. Stampanti termiche\",\"breadcrumb\":{\"@id\":\"https:\\\/\\\/swixed.ch\\\/it\\\/prodotto\\\/sed17007\\\/#breadcrumb\"},\"inLanguage\":\"it-IT\",\"potentialAction\":[{\"@type\":\"ReadAction\",\"target\":[\"https:\\\/\\\/swixed.ch\\\/it\\\/prodotto\\\/sed17007\\\/\"]}]},{\"@type\":\"ImageObject\",\"inLanguage\":\"it-IT\",\"@id\":\"https:\\\/\\\/swixed.ch\\\/it\\\/prodotto\\\/sed17007\\\/#primaryimage\",\"url\":\"https:\\\/\\\/swixed.ch\\\/wp-content\\\/uploads\\\/products\\\/edan-papier-ecg-01.png\",\"contentUrl\":\"https:\\\/\\\/swixed.ch\\\/wp-content\\\/uploads\\\/products\\\/edan-papier-ecg-01.png\",\"width\":600,\"height\":600,\"caption\":\"carta edan-ecg-01\"},{\"@type\":\"BreadcrumbList\",\"@id\":\"https:\\\/\\\/swixed.ch\\\/it\\\/prodotto\\\/sed17007\\\/#breadcrumb\",\"itemListElement\":[{\"@type\":\"ListItem\",\"position\":1,\"name\":\"Home\",\"item\":\"https:\\\/\\\/swixed.ch\\\/it\\\/home\\\/\"},{\"@type\":\"ListItem\",\"position\":2,\"name\":\"Negozio\",\"item\":\"https:\\\/\\\/swixed.ch\\\/it\\\/shop\\\/\"},{\"@type\":\"ListItem\",\"position\":3,\"name\":\"Edan SE-3 \\\/ SE-301 \\\/ SE-601 \\\/ SE-1201 \\\/ SE-12 Express &#8211; Carta ECG (10 pezzi)\"}]},{\"@type\":\"WebSite\",\"@id\":\"https:\\\/\\\/swixed.ch\\\/it\\\/#website\",\"url\":\"https:\\\/\\\/swixed.ch\\\/it\\\/\",\"name\":\"Swixed SA\",\"description\":\"Dispositivi elettronici\",\"publisher\":{\"@id\":\"https:\\\/\\\/swixed.ch\\\/it\\\/#organization\"},\"potentialAction\":[{\"@type\":\"SearchAction\",\"target\":{\"@type\":\"EntryPoint\",\"urlTemplate\":\"https:\\\/\\\/swixed.ch\\\/it\\\/?s={search_term_string}\"},\"query-input\":{\"@type\":\"PropertyValueSpecification\",\"valueRequired\":true,\"valueName\":\"search_term_string\"}}],\"inLanguage\":\"it-IT\"},{\"@type\":\"Organization\",\"@id\":\"https:\\\/\\\/swixed.ch\\\/it\\\/#organization\",\"name\":\"Swixed SA\",\"url\":\"https:\\\/\\\/swixed.ch\\\/it\\\/\",\"logo\":{\"@type\":\"ImageObject\",\"inLanguage\":\"it-IT\",\"@id\":\"https:\\\/\\\/swixed.ch\\\/it\\\/#\\\/schema\\\/logo\\\/image\\\/\",\"url\":\"https:\\\/\\\/swixed.ch\\\/wp-content\\\/uploads\\\/logos\\\/swixed-logo-lite.png\",\"contentUrl\":\"https:\\\/\\\/swixed.ch\\\/wp-content\\\/uploads\\\/logos\\\/swixed-logo-lite.png\",\"width\":696,\"height\":696,\"caption\":\"Swixed SA\"},\"image\":{\"@id\":\"https:\\\/\\\/swixed.ch\\\/it\\\/#\\\/schema\\\/logo\\\/image\\\/\"},\"sameAs\":[\"https:\\\/\\\/www.facebook.com\\\/swixed\",\"https:\\\/\\\/www.linkedin.com\\\/company\\\/swixed\",\"https:\\\/\\\/www.youtube.com\\\/@swixedsa\"],\"description\":\"Swixed SA est une entreprise suisse bas\u00e9e \u00e0 Gen\u00e8ve, sp\u00e9cialis\u00e9e dans la vente, la location et la maintenance d\u2019appareils m\u00e9dicaux professionnels, tels que d\u00e9fibrillateurs AED, \u00e9lectrocardiographes, moniteurs patient et dispositifs de diagnostic.\",\"email\":\"infoshop@swixed.ch\",\"telephone\":\"+41 22 566 11 95\",\"legalName\":\"Swixed SA\",\"foundingDate\":\"2021-03-01\",\"numberOfEmployees\":{\"@type\":\"QuantitativeValue\",\"minValue\":\"1\",\"maxValue\":\"10\"}}]}<\/script>\n<!-- \/ Yoast SEO Premium plugin. -->","yoast_head_json":{"title":"Edan SE-3 \/ SE-301 \/ SE-601 \/ SE-1201 \/ SE-12 Express - Carta ECG (10 pezzi) | Swixed SA","description":"Carta per ECG Edan SE-3 e 301, SE-601, SE-1201, SE-12 Express. Trascrizione grafica delle registrazioni. Stampanti termiche","robots":{"index":"index","follow":"follow","max-snippet":"max-snippet:-1","max-image-preview":"max-image-preview:large","max-video-preview":"max-video-preview:-1"},"canonical":"https:\/\/swixed.ch\/it\/prodotto\/sed17007\/","og_locale":"it_IT","og_type":"article","og_title":"Edan SE-3 \/ SE-301 \/ SE-601 \/ SE-1201 \/ SE-12 Express - Carta ECG (10 pezzi)","og_description":"Carta per ECG Edan SE-3 e 301, SE-601, SE-1201, SE-12 Express. Trascrizione grafica delle registrazioni. Stampanti termiche","og_url":"https:\/\/swixed.ch\/it\/prodotto\/sed17007\/","og_site_name":"Swixed SA","article_publisher":"https:\/\/www.facebook.com\/swixed","article_modified_time":"2025-12-28T19:57:58+00:00","og_image":[{"width":600,"height":600,"url":"https:\/\/swixed.ch\/wp-content\/uploads\/products\/edan-papier-ecg-01.png","type":"image\/png"}],"twitter_card":"summary_large_image","schema":{"@context":"https:\/\/schema.org","@graph":[{"@type":"WebPage","@id":"https:\/\/swixed.ch\/it\/prodotto\/sed17007\/","url":"https:\/\/swixed.ch\/it\/prodotto\/sed17007\/","name":"Edan SE-3 \/ SE-301 \/ SE-601 \/ SE-1201 \/ SE-12 Express - Carta ECG (10 pezzi) | Swixed SA","isPartOf":{"@id":"https:\/\/swixed.ch\/it\/#website"},"primaryImageOfPage":{"@id":"https:\/\/swixed.ch\/it\/prodotto\/sed17007\/#primaryimage"},"image":{"@id":"https:\/\/swixed.ch\/it\/prodotto\/sed17007\/#primaryimage"},"thumbnailUrl":"https:\/\/swixed.ch\/wp-content\/uploads\/products\/edan-papier-ecg-01.png","datePublished":"2021-04-29T08:26:17+00:00","dateModified":"2025-12-28T19:57:58+00:00","description":"Carta per ECG Edan SE-3 e 301, SE-601, SE-1201, SE-12 Express. Trascrizione grafica delle registrazioni. Stampanti termiche","breadcrumb":{"@id":"https:\/\/swixed.ch\/it\/prodotto\/sed17007\/#breadcrumb"},"inLanguage":"it-IT","potentialAction":[{"@type":"ReadAction","target":["https:\/\/swixed.ch\/it\/prodotto\/sed17007\/"]}]},{"@type":"ImageObject","inLanguage":"it-IT","@id":"https:\/\/swixed.ch\/it\/prodotto\/sed17007\/#primaryimage","url":"https:\/\/swixed.ch\/wp-content\/uploads\/products\/edan-papier-ecg-01.png","contentUrl":"https:\/\/swixed.ch\/wp-content\/uploads\/products\/edan-papier-ecg-01.png","width":600,"height":600,"caption":"carta edan-ecg-01"},{"@type":"BreadcrumbList","@id":"https:\/\/swixed.ch\/it\/prodotto\/sed17007\/#breadcrumb","itemListElement":[{"@type":"ListItem","position":1,"name":"Home","item":"https:\/\/swixed.ch\/it\/home\/"},{"@type":"ListItem","position":2,"name":"Negozio","item":"https:\/\/swixed.ch\/it\/shop\/"},{"@type":"ListItem","position":3,"name":"Edan SE-3 \/ SE-301 \/ SE-601 \/ SE-1201 \/ SE-12 Express &#8211; Carta ECG (10 pezzi)"}]},{"@type":"WebSite","@id":"https:\/\/swixed.ch\/it\/#website","url":"https:\/\/swixed.ch\/it\/","name":"Swixed SA","description":"Dispositivi elettronici","publisher":{"@id":"https:\/\/swixed.ch\/it\/#organization"},"potentialAction":[{"@type":"SearchAction","target":{"@type":"EntryPoint","urlTemplate":"https:\/\/swixed.ch\/it\/?s={search_term_string}"},"query-input":{"@type":"PropertyValueSpecification","valueRequired":true,"valueName":"search_term_string"}}],"inLanguage":"it-IT"},{"@type":"Organization","@id":"https:\/\/swixed.ch\/it\/#organization","name":"Swixed SA","url":"https:\/\/swixed.ch\/it\/","logo":{"@type":"ImageObject","inLanguage":"it-IT","@id":"https:\/\/swixed.ch\/it\/#\/schema\/logo\/image\/","url":"https:\/\/swixed.ch\/wp-content\/uploads\/logos\/swixed-logo-lite.png","contentUrl":"https:\/\/swixed.ch\/wp-content\/uploads\/logos\/swixed-logo-lite.png","width":696,"height":696,"caption":"Swixed SA"},"image":{"@id":"https:\/\/swixed.ch\/it\/#\/schema\/logo\/image\/"},"sameAs":["https:\/\/www.facebook.com\/swixed","https:\/\/www.linkedin.com\/company\/swixed","https:\/\/www.youtube.com\/@swixedsa"],"description":"Swixed SA est une entreprise suisse bas\u00e9e \u00e0 Gen\u00e8ve, sp\u00e9cialis\u00e9e dans la vente, la location et la maintenance d\u2019appareils m\u00e9dicaux professionnels, tels que d\u00e9fibrillateurs AED, \u00e9lectrocardiographes, moniteurs patient et dispositifs de diagnostic.","email":"infoshop@swixed.ch","telephone":"+41 22 566 11 95","legalName":"Swixed SA","foundingDate":"2021-03-01","numberOfEmployees":{"@type":"QuantitativeValue","minValue":"1","maxValue":"10"}}]}},"_links":{"self":[{"href":"https:\/\/swixed.ch\/it\/wp-json\/wp\/v2\/product\/33807","targetHints":{"allow":["GET"]}}],"collection":[{"href":"https:\/\/swixed.ch\/it\/wp-json\/wp\/v2\/product"}],"about":[{"href":"https:\/\/swixed.ch\/it\/wp-json\/wp\/v2\/types\/product"}],"version-history":[{"count":0,"href":"https:\/\/swixed.ch\/it\/wp-json\/wp\/v2\/product\/33807\/revisions"}],"wp:featuredmedia":[{"embeddable":true,"href":"https:\/\/swixed.ch\/it\/wp-json\/wp\/v2\/media\/27512"}],"wp:attachment":[{"href":"https:\/\/swixed.ch\/it\/wp-json\/wp\/v2\/media?parent=33807"}],"wp:term":[{"taxonomy":"product_brand","embeddable":true,"href":"https:\/\/swixed.ch\/it\/wp-json\/wp\/v2\/product_brand?post=33807"},{"taxonomy":"product_cat","embeddable":true,"href":"https:\/\/swixed.ch\/it\/wp-json\/wp\/v2\/product_cat?post=33807"},{"taxonomy":"product_tag","embeddable":true,"href":"https:\/\/swixed.ch\/it\/wp-json\/wp\/v2\/product_tag?post=33807"}],"curies":[{"name":"wp","href":"https:\/\/api.w.org\/{rel}","templated":true}]}}