{"id":33808,"date":"2021-04-29T22:47:59","date_gmt":"2021-04-29T20:47:59","guid":{"rendered":"https:\/\/swixed.com\/produit\/termometro-flessibile-digitale-swixed-flextherm-100\/"},"modified":"2025-07-13T17:53:20","modified_gmt":"2025-07-13T15:53:20","slug":"sed75100","status":"publish","type":"product","link":"https:\/\/swixed.ch\/it\/prodotto\/sed75100\/","title":{"rendered":"Swixed Flextherm 100 \u2013 Termometro digitale flessibile"},"content":{"rendered":"\t\t<div data-elementor-type=\"product-post\" data-elementor-id=\"33808\" class=\"elementor elementor-33808 elementor-3459\" data-elementor-post-type=\"product\">\n\t\t\t\t\t\t<section class=\"elementor-section elementor-top-section elementor-element elementor-element-a8f58ae elementor-section-full_width elementor-section-height-default elementor-section-height-default\" data-id=\"a8f58ae\" data-element_type=\"section\" data-e-type=\"section\">\n\t\t\t\t\t\t<div class=\"elementor-container elementor-column-gap-default\">\n\t\t\t\t\t<div class=\"elementor-column elementor-col-100 elementor-top-column elementor-element elementor-element-82d8ecf\" data-id=\"82d8ecf\" data-element_type=\"column\" data-e-type=\"column\">\n\t\t\t<div class=\"elementor-widget-wrap elementor-element-populated\">\n\t\t\t\t\t\t<div class=\"elementor-element elementor-element-3900a42 elementor-widget elementor-widget-heading\" data-id=\"3900a42\" data-element_type=\"widget\" data-e-type=\"widget\" data-widget_type=\"heading.default\">\n\t\t\t\t\t<h2 class=\"elementor-heading-title elementor-size-default\">Descrizione<\/h2>\t\t\t\t<\/div>\n\t\t\t\t<div class=\"elementor-element elementor-element-da841be elementor-widget elementor-widget-text-editor\" data-id=\"da841be\" data-element_type=\"widget\" data-e-type=\"widget\" data-widget_type=\"text-editor.default\">\n\t\t\t\t\t\t\t\t\t<p><em>Flextherm<\/em> 100 di Swixed \u00e8 un termometro digitale con una sonda flessibile che fornisce una lettura veloce e precisa della temperatura corporea. Il <em>Flextherm<\/em> 100 \u00e8 progettato per misurare la temperatura corporea tramite misurazione orale, rettale o ascellare.  Questo dispositivo pu\u00f2 essere utilizzato per uso clinico o domestico su persone di tutte le et\u00e0.<\/p><p>Il termometro <em>Flextherm<\/em> 100 misura la temperatura corporea in meno di 10 secondi. Dotato di un sensore di precisione, l&#8217;allarme acustico indica la fine della misurazione e il dispositivo si arresta automaticamente.<\/p><p>La punta del termometro <em>Flextherm<\/em> 100 \u00e8 resistente all&#8217;acqua, per cui \u00e8 facile pulire la sonda e garantire un&#8217;igiene perfetta.<\/p><p>Poich\u00e9 <strong>Flextherm<\/strong>100 ha una punta flessibile, non c&#8217;\u00e8 il rischio che ferisca i bambini piccoli, soprattutto durante la misurazione della temperatura orale, quando il bambino tiene il termometro in bocca.<\/p>\t\t\t\t\t\t\t\t<\/div>\n\t\t\t\t<section class=\"elementor-section elementor-inner-section elementor-element elementor-element-2528b60 elementor-section-full_width elementor-section-height-default elementor-section-height-default\" data-id=\"2528b60\" data-element_type=\"section\" data-e-type=\"section\">\n\t\t\t\t\t\t<div class=\"elementor-container elementor-column-gap-default\">\n\t\t\t\t\t<div class=\"elementor-column elementor-col-50 elementor-inner-column elementor-element elementor-element-b326ac8\" data-id=\"b326ac8\" data-element_type=\"column\" data-e-type=\"column\">\n\t\t\t<div class=\"elementor-widget-wrap elementor-element-populated\">\n\t\t\t\t\t\t<div class=\"elementor-element elementor-element-b5b1028 elementor-widget elementor-widget-heading\" data-id=\"b5b1028\" data-element_type=\"widget\" data-e-type=\"widget\" data-widget_type=\"heading.default\">\n\t\t\t\t\t<h3 class=\"elementor-heading-title elementor-size-default\">Caratteristiche principali<\/h3>\t\t\t\t<\/div>\n\t\t\t\t<div class=\"elementor-element elementor-element-2d8b747 elementor-widget elementor-widget-text-editor\" data-id=\"2d8b747\" data-element_type=\"widget\" data-e-type=\"widget\" data-widget_type=\"text-editor.default\">\n\t\t\t\t\t\t\t\t\t<ul><li>Misurazione della temperatura ascellare<\/li><li>Misurazione della temperatura orale<\/li><li>Misurazione della temperatura rettale<\/li><li>Misurazione in 10 secondi<\/li><li>Indicatore di temperatura<\/li><li>Risoluzione del display 0,1\u00b0C \/ 0,1\u00b0F<\/li><li>Grande schermo LCD<\/li><li>Progettato per un uso intensivo<\/li><\/ul>\t\t\t\t\t\t\t\t<\/div>\n\t\t\t\t\t<\/div>\n\t\t<\/div>\n\t\t\t\t<div class=\"elementor-column elementor-col-50 elementor-inner-column elementor-element elementor-element-93c9bbc\" data-id=\"93c9bbc\" data-element_type=\"column\" data-e-type=\"column\">\n\t\t\t<div class=\"elementor-widget-wrap elementor-element-populated\">\n\t\t\t\t\t\t<div class=\"elementor-element elementor-element-b75c89e elementor-widget elementor-widget-heading\" data-id=\"b75c89e\" data-element_type=\"widget\" data-e-type=\"widget\" data-widget_type=\"heading.default\">\n\t\t\t\t\t<h3 class=\"elementor-heading-title elementor-size-default\">Vantaggi<\/h3>\t\t\t\t<\/div>\n\t\t\t\t<div class=\"elementor-element elementor-element-9881c2c elementor-widget elementor-widget-text-editor\" data-id=\"9881c2c\" data-element_type=\"widget\" data-e-type=\"widget\" data-widget_type=\"text-editor.default\">\n\t\t\t\t\t\t\t\t\t<ul><li>Sensore ad alta precisione<\/li><li>Inserimento rapido della temperatura in 10 secondi<\/li><li>Fornisce una lettura molto accurata ed \u00e8 un metodo affidabile per determinare la temperatura.<\/li><li>Allarme febbre<\/li><li>Spegnimento automatico dopo 60 secondi.<\/li><li>Certificazioni: CE, ROHS, ISO13485<\/li><\/ul>\t\t\t\t\t\t\t\t<\/div>\n\t\t\t\t<div class=\"elementor-element elementor-element-c39ec39 elementor-widget elementor-widget-heading\" data-id=\"c39ec39\" data-element_type=\"widget\" data-e-type=\"widget\" data-widget_type=\"heading.default\">\n\t\t\t\t\t<h3 class=\"elementor-heading-title elementor-size-default\">Contenuto<\/h3>\t\t\t\t<\/div>\n\t\t\t\t<div class=\"elementor-element elementor-element-3b22b37 elementor-widget elementor-widget-text-editor\" data-id=\"3b22b37\" data-element_type=\"widget\" data-e-type=\"widget\" data-widget_type=\"text-editor.default\">\n\t\t\t\t\t\t\t\t\t<ul><li>Termometro digitale<\/li><li>Astuccio per la conservazione<\/li><li>Cella a bottone<\/li><li>Manuale d&#8217;uso multilingue EN \/ FR \/ IT \/ DE<\/li><\/ul>\t\t\t\t\t\t\t\t<\/div>\n\t\t\t\t\t<\/div>\n\t\t<\/div>\n\t\t\t\t\t<\/div>\n\t\t<\/section>\n\t\t\t\t\t<\/div>\n\t\t<\/div>\n\t\t\t\t\t<\/div>\n\t\t<\/section>\n\t\t\t\t<section class=\"elementor-section elementor-top-section elementor-element elementor-element-c174597 elementor-section-full_width elementor-section-height-default elementor-section-height-default\" data-id=\"c174597\" data-element_type=\"section\" data-e-type=\"section\">\n\t\t\t\t\t\t<div class=\"elementor-container elementor-column-gap-default\">\n\t\t\t\t\t<div class=\"elementor-column elementor-col-100 elementor-top-column elementor-element elementor-element-37da665\" data-id=\"37da665\" data-element_type=\"column\" data-e-type=\"column\">\n\t\t\t<div class=\"elementor-widget-wrap\">\n\t\t\t\t\t\t\t<\/div>\n\t\t<\/div>\n\t\t\t\t\t<\/div>\n\t\t<\/section>\n\t\t\t\t<\/div>\n\t\t","protected":false},"excerpt":{"rendered":"<p>Swixed Flextherm 100 \u00e8 un termometro digitale con sonda flessibile. Permette una misurazione rapida della temperatura corporea per via orale, rettale o ascellare. \u00c8 adatto per uso clinico o domestico su persone di tutte le et\u00e0. Il tempo di misurazione \u00e8 inferiore a 10 secondi. \u00c8 dotato di sensore di precisione, segnale acustico a fine misurazione, spegnimento automatico e punta impermeabile per una pulizia agevole.    <\/p>\n","protected":false},"featured_media":28944,"template":"","meta":{"_acf_changed":false},"product_brand":[2191],"product_cat":[1068,1069,1071,1073],"product_tag":[1291,1293,1292],"class_list":{"0":"post-33808","1":"product","2":"type-product","3":"status-publish","4":"has-post-thumbnail","6":"product_brand-swixed-it","7":"product_cat-prodotti-swixed","8":"product_cat-termometri","9":"product_cat-termometri-it","10":"product_cat-apparecchi-termometri","11":"product_tag-temperatura-ascellare","12":"product_tag-temperatura-orale","13":"product_tag-temperatura-rettale","14":"product_shipping_class-spedizione-a-tariffa-fissa","16":"first","17":"instock","18":"sale","19":"taxable","20":"shipping-taxable","21":"purchasable","22":"product-type-simple"},"acf":[],"yoast_head":"<!-- This site is optimized with the Yoast SEO Premium plugin v27.4 (Yoast SEO v27.4) - https:\/\/yoast.com\/product\/yoast-seo-premium-wordpress\/ -->\n<title>Swixed Flextherm 100 \u2013 Termometro digitale flessibile | Swixed SA - Flessibile<\/title>\n<meta name=\"description\" content=\"Flextherm 100 \u00e8 un termometro digitale con una sonda flessibile che fornisce una lettura rapida e accurata della temperatura corporea.\" \/>\n<meta name=\"robots\" content=\"index, follow, max-snippet:-1, max-image-preview:large, max-video-preview:-1\" \/>\n<link rel=\"canonical\" href=\"https:\/\/swixed.ch\/it\/prodotto\/sed75100\/\" \/>\n<meta property=\"og:locale\" content=\"it_IT\" \/>\n<meta property=\"og:type\" content=\"article\" \/>\n<meta property=\"og:title\" content=\"Swixed Flextherm 100 \u2013 Termometro digitale flessibile\" \/>\n<meta property=\"og:description\" content=\"Flextherm 100 \u00e8 un termometro digitale con una sonda flessibile che fornisce una lettura rapida e accurata della temperatura corporea.\" \/>\n<meta property=\"og:url\" content=\"https:\/\/swixed.ch\/it\/prodotto\/sed75100\/\" \/>\n<meta property=\"og:site_name\" content=\"Swixed SA\" \/>\n<meta property=\"article:publisher\" content=\"https:\/\/www.facebook.com\/swixed\" \/>\n<meta property=\"article:modified_time\" content=\"2025-07-13T15:53:20+00:00\" \/>\n<meta property=\"og:image\" content=\"https:\/\/swixed.ch\/wp-content\/uploads\/products\/swixed-flextherm-100-01b.png\" \/>\n\t<meta property=\"og:image:width\" content=\"600\" \/>\n\t<meta property=\"og:image:height\" content=\"600\" \/>\n\t<meta property=\"og:image:type\" content=\"image\/png\" \/>\n<meta name=\"twitter:card\" content=\"summary_large_image\" \/>\n<meta name=\"twitter:label1\" content=\"Tempo di lettura stimato\" \/>\n\t<meta name=\"twitter:data1\" content=\"1 minuto\" \/>\n<script type=\"application\/ld+json\" class=\"yoast-schema-graph\">{\"@context\":\"https:\\\/\\\/schema.org\",\"@graph\":[{\"@type\":\"WebPage\",\"@id\":\"https:\\\/\\\/swixed.ch\\\/it\\\/prodotto\\\/sed75100\\\/\",\"url\":\"https:\\\/\\\/swixed.ch\\\/it\\\/prodotto\\\/sed75100\\\/\",\"name\":\"Swixed Flextherm 100 \u2013 Termometro digitale flessibile | Swixed SA - Flessibile\",\"isPartOf\":{\"@id\":\"https:\\\/\\\/swixed.ch\\\/it\\\/#website\"},\"primaryImageOfPage\":{\"@id\":\"https:\\\/\\\/swixed.ch\\\/it\\\/prodotto\\\/sed75100\\\/#primaryimage\"},\"image\":{\"@id\":\"https:\\\/\\\/swixed.ch\\\/it\\\/prodotto\\\/sed75100\\\/#primaryimage\"},\"thumbnailUrl\":\"https:\\\/\\\/swixed.ch\\\/wp-content\\\/uploads\\\/products\\\/swixed-flextherm-100-01b.png\",\"datePublished\":\"2021-04-29T20:47:59+00:00\",\"dateModified\":\"2025-07-13T15:53:20+00:00\",\"description\":\"Flextherm 100 \u00e8 un termometro digitale con una sonda flessibile che fornisce una lettura rapida e accurata della temperatura corporea.\",\"breadcrumb\":{\"@id\":\"https:\\\/\\\/swixed.ch\\\/it\\\/prodotto\\\/sed75100\\\/#breadcrumb\"},\"inLanguage\":\"it-IT\",\"potentialAction\":[{\"@type\":\"ReadAction\",\"target\":[\"https:\\\/\\\/swixed.ch\\\/it\\\/prodotto\\\/sed75100\\\/\"]}]},{\"@type\":\"ImageObject\",\"inLanguage\":\"it-IT\",\"@id\":\"https:\\\/\\\/swixed.ch\\\/it\\\/prodotto\\\/sed75100\\\/#primaryimage\",\"url\":\"https:\\\/\\\/swixed.ch\\\/wp-content\\\/uploads\\\/products\\\/swixed-flextherm-100-01b.png\",\"contentUrl\":\"https:\\\/\\\/swixed.ch\\\/wp-content\\\/uploads\\\/products\\\/swixed-flextherm-100-01b.png\",\"width\":600,\"height\":600,\"caption\":\"swixed-flextherm-100-01b\"},{\"@type\":\"BreadcrumbList\",\"@id\":\"https:\\\/\\\/swixed.ch\\\/it\\\/prodotto\\\/sed75100\\\/#breadcrumb\",\"itemListElement\":[{\"@type\":\"ListItem\",\"position\":1,\"name\":\"Home\",\"item\":\"https:\\\/\\\/swixed.ch\\\/it\\\/home\\\/\"},{\"@type\":\"ListItem\",\"position\":2,\"name\":\"Negozio\",\"item\":\"https:\\\/\\\/swixed.ch\\\/it\\\/shop\\\/\"},{\"@type\":\"ListItem\",\"position\":3,\"name\":\"Swixed Flextherm 100 \u2013 Termometro digitale flessibile\"}]},{\"@type\":\"WebSite\",\"@id\":\"https:\\\/\\\/swixed.ch\\\/it\\\/#website\",\"url\":\"https:\\\/\\\/swixed.ch\\\/it\\\/\",\"name\":\"Swixed SA\",\"description\":\"Dispositivi elettronici\",\"publisher\":{\"@id\":\"https:\\\/\\\/swixed.ch\\\/it\\\/#organization\"},\"potentialAction\":[{\"@type\":\"SearchAction\",\"target\":{\"@type\":\"EntryPoint\",\"urlTemplate\":\"https:\\\/\\\/swixed.ch\\\/it\\\/?s={search_term_string}\"},\"query-input\":{\"@type\":\"PropertyValueSpecification\",\"valueRequired\":true,\"valueName\":\"search_term_string\"}}],\"inLanguage\":\"it-IT\"},{\"@type\":\"Organization\",\"@id\":\"https:\\\/\\\/swixed.ch\\\/it\\\/#organization\",\"name\":\"Swixed SA\",\"url\":\"https:\\\/\\\/swixed.ch\\\/it\\\/\",\"logo\":{\"@type\":\"ImageObject\",\"inLanguage\":\"it-IT\",\"@id\":\"https:\\\/\\\/swixed.ch\\\/it\\\/#\\\/schema\\\/logo\\\/image\\\/\",\"url\":\"https:\\\/\\\/swixed.ch\\\/wp-content\\\/uploads\\\/logos\\\/swixed-logo-lite.png\",\"contentUrl\":\"https:\\\/\\\/swixed.ch\\\/wp-content\\\/uploads\\\/logos\\\/swixed-logo-lite.png\",\"width\":696,\"height\":696,\"caption\":\"Swixed SA\"},\"image\":{\"@id\":\"https:\\\/\\\/swixed.ch\\\/it\\\/#\\\/schema\\\/logo\\\/image\\\/\"},\"sameAs\":[\"https:\\\/\\\/www.facebook.com\\\/swixed\",\"https:\\\/\\\/www.linkedin.com\\\/company\\\/swixed\",\"https:\\\/\\\/www.youtube.com\\\/@swixedsa\"],\"description\":\"Swixed SA est une entreprise suisse bas\u00e9e \u00e0 Gen\u00e8ve, sp\u00e9cialis\u00e9e dans la vente, la location et la maintenance d\u2019appareils m\u00e9dicaux professionnels, tels que d\u00e9fibrillateurs AED, \u00e9lectrocardiographes, moniteurs patient et dispositifs de diagnostic.\",\"email\":\"infoshop@swixed.ch\",\"telephone\":\"+41 22 566 11 95\",\"legalName\":\"Swixed SA\",\"foundingDate\":\"2021-03-01\",\"numberOfEmployees\":{\"@type\":\"QuantitativeValue\",\"minValue\":\"1\",\"maxValue\":\"10\"}}]}<\/script>\n<!-- \/ Yoast SEO Premium plugin. -->","yoast_head_json":{"title":"Swixed Flextherm 100 \u2013 Termometro digitale flessibile | Swixed SA - Flessibile","description":"Flextherm 100 \u00e8 un termometro digitale con una sonda flessibile che fornisce una lettura rapida e accurata della temperatura corporea.","robots":{"index":"index","follow":"follow","max-snippet":"max-snippet:-1","max-image-preview":"max-image-preview:large","max-video-preview":"max-video-preview:-1"},"canonical":"https:\/\/swixed.ch\/it\/prodotto\/sed75100\/","og_locale":"it_IT","og_type":"article","og_title":"Swixed Flextherm 100 \u2013 Termometro digitale flessibile","og_description":"Flextherm 100 \u00e8 un termometro digitale con una sonda flessibile che fornisce una lettura rapida e accurata della temperatura corporea.","og_url":"https:\/\/swixed.ch\/it\/prodotto\/sed75100\/","og_site_name":"Swixed SA","article_publisher":"https:\/\/www.facebook.com\/swixed","article_modified_time":"2025-07-13T15:53:20+00:00","og_image":[{"width":600,"height":600,"url":"https:\/\/swixed.ch\/wp-content\/uploads\/products\/swixed-flextherm-100-01b.png","type":"image\/png"}],"twitter_card":"summary_large_image","twitter_misc":{"Tempo di lettura stimato":"1 minuto"},"schema":{"@context":"https:\/\/schema.org","@graph":[{"@type":"WebPage","@id":"https:\/\/swixed.ch\/it\/prodotto\/sed75100\/","url":"https:\/\/swixed.ch\/it\/prodotto\/sed75100\/","name":"Swixed Flextherm 100 \u2013 Termometro digitale flessibile | Swixed SA - Flessibile","isPartOf":{"@id":"https:\/\/swixed.ch\/it\/#website"},"primaryImageOfPage":{"@id":"https:\/\/swixed.ch\/it\/prodotto\/sed75100\/#primaryimage"},"image":{"@id":"https:\/\/swixed.ch\/it\/prodotto\/sed75100\/#primaryimage"},"thumbnailUrl":"https:\/\/swixed.ch\/wp-content\/uploads\/products\/swixed-flextherm-100-01b.png","datePublished":"2021-04-29T20:47:59+00:00","dateModified":"2025-07-13T15:53:20+00:00","description":"Flextherm 100 \u00e8 un termometro digitale con una sonda flessibile che fornisce una lettura rapida e accurata della temperatura corporea.","breadcrumb":{"@id":"https:\/\/swixed.ch\/it\/prodotto\/sed75100\/#breadcrumb"},"inLanguage":"it-IT","potentialAction":[{"@type":"ReadAction","target":["https:\/\/swixed.ch\/it\/prodotto\/sed75100\/"]}]},{"@type":"ImageObject","inLanguage":"it-IT","@id":"https:\/\/swixed.ch\/it\/prodotto\/sed75100\/#primaryimage","url":"https:\/\/swixed.ch\/wp-content\/uploads\/products\/swixed-flextherm-100-01b.png","contentUrl":"https:\/\/swixed.ch\/wp-content\/uploads\/products\/swixed-flextherm-100-01b.png","width":600,"height":600,"caption":"swixed-flextherm-100-01b"},{"@type":"BreadcrumbList","@id":"https:\/\/swixed.ch\/it\/prodotto\/sed75100\/#breadcrumb","itemListElement":[{"@type":"ListItem","position":1,"name":"Home","item":"https:\/\/swixed.ch\/it\/home\/"},{"@type":"ListItem","position":2,"name":"Negozio","item":"https:\/\/swixed.ch\/it\/shop\/"},{"@type":"ListItem","position":3,"name":"Swixed Flextherm 100 \u2013 Termometro digitale flessibile"}]},{"@type":"WebSite","@id":"https:\/\/swixed.ch\/it\/#website","url":"https:\/\/swixed.ch\/it\/","name":"Swixed SA","description":"Dispositivi elettronici","publisher":{"@id":"https:\/\/swixed.ch\/it\/#organization"},"potentialAction":[{"@type":"SearchAction","target":{"@type":"EntryPoint","urlTemplate":"https:\/\/swixed.ch\/it\/?s={search_term_string}"},"query-input":{"@type":"PropertyValueSpecification","valueRequired":true,"valueName":"search_term_string"}}],"inLanguage":"it-IT"},{"@type":"Organization","@id":"https:\/\/swixed.ch\/it\/#organization","name":"Swixed SA","url":"https:\/\/swixed.ch\/it\/","logo":{"@type":"ImageObject","inLanguage":"it-IT","@id":"https:\/\/swixed.ch\/it\/#\/schema\/logo\/image\/","url":"https:\/\/swixed.ch\/wp-content\/uploads\/logos\/swixed-logo-lite.png","contentUrl":"https:\/\/swixed.ch\/wp-content\/uploads\/logos\/swixed-logo-lite.png","width":696,"height":696,"caption":"Swixed SA"},"image":{"@id":"https:\/\/swixed.ch\/it\/#\/schema\/logo\/image\/"},"sameAs":["https:\/\/www.facebook.com\/swixed","https:\/\/www.linkedin.com\/company\/swixed","https:\/\/www.youtube.com\/@swixedsa"],"description":"Swixed SA est une entreprise suisse bas\u00e9e \u00e0 Gen\u00e8ve, sp\u00e9cialis\u00e9e dans la vente, la location et la maintenance d\u2019appareils m\u00e9dicaux professionnels, tels que d\u00e9fibrillateurs AED, \u00e9lectrocardiographes, moniteurs patient et dispositifs de diagnostic.","email":"infoshop@swixed.ch","telephone":"+41 22 566 11 95","legalName":"Swixed SA","foundingDate":"2021-03-01","numberOfEmployees":{"@type":"QuantitativeValue","minValue":"1","maxValue":"10"}}]}},"_links":{"self":[{"href":"https:\/\/swixed.ch\/it\/wp-json\/wp\/v2\/product\/33808","targetHints":{"allow":["GET"]}}],"collection":[{"href":"https:\/\/swixed.ch\/it\/wp-json\/wp\/v2\/product"}],"about":[{"href":"https:\/\/swixed.ch\/it\/wp-json\/wp\/v2\/types\/product"}],"version-history":[{"count":0,"href":"https:\/\/swixed.ch\/it\/wp-json\/wp\/v2\/product\/33808\/revisions"}],"wp:featuredmedia":[{"embeddable":true,"href":"https:\/\/swixed.ch\/it\/wp-json\/wp\/v2\/media\/28944"}],"wp:attachment":[{"href":"https:\/\/swixed.ch\/it\/wp-json\/wp\/v2\/media?parent=33808"}],"wp:term":[{"taxonomy":"product_brand","embeddable":true,"href":"https:\/\/swixed.ch\/it\/wp-json\/wp\/v2\/product_brand?post=33808"},{"taxonomy":"product_cat","embeddable":true,"href":"https:\/\/swixed.ch\/it\/wp-json\/wp\/v2\/product_cat?post=33808"},{"taxonomy":"product_tag","embeddable":true,"href":"https:\/\/swixed.ch\/it\/wp-json\/wp\/v2\/product_tag?post=33808"}],"curies":[{"name":"wp","href":"https:\/\/api.w.org\/{rel}","templated":true}]}}