{"id":33846,"date":"2021-04-29T21:18:13","date_gmt":"2021-04-29T20:18:13","guid":{"rendered":"https:\/\/swixed.com\/produit\/bracciale-grande-boso-per-misuratori-di-pressione-manuali-a-2-tubi\/"},"modified":"2026-04-20T20:48:11","modified_gmt":"2026-04-20T19:48:11","slug":"sed60003","status":"publish","type":"product","link":"https:\/\/swixed.ch\/it\/prodotto\/sed60003\/","title":{"rendered":"Bracciale Boso taglia grande per sfigmomanometri manuali a doppio tubo"},"content":{"rendered":"\t\t<div data-elementor-type=\"product-post\" data-elementor-id=\"33846\" class=\"elementor elementor-33846 elementor-3444\" data-elementor-post-type=\"product\">\n\t\t\t\t\t\t<section class=\"elementor-section elementor-top-section elementor-element elementor-element-c0f3979 elementor-section-boxed elementor-section-height-default elementor-section-height-default\" data-id=\"c0f3979\" data-element_type=\"section\" data-e-type=\"section\">\n\t\t\t\t\t\t<div class=\"elementor-container elementor-column-gap-default\">\n\t\t\t\t\t<div class=\"elementor-column elementor-col-100 elementor-top-column elementor-element elementor-element-6e68e75\" data-id=\"6e68e75\" data-element_type=\"column\" data-e-type=\"column\">\n\t\t\t<div class=\"elementor-widget-wrap elementor-element-populated\">\n\t\t\t\t\t\t<div class=\"elementor-element elementor-element-0684e71 elementor-widget elementor-widget-heading\" data-id=\"0684e71\" data-element_type=\"widget\" data-e-type=\"widget\" data-widget_type=\"heading.default\">\n\t\t\t\t\t<h2 class=\"elementor-heading-title elementor-size-default\">Descrizione<\/h2>\t\t\t\t<\/div>\n\t\t\t\t<div class=\"elementor-element elementor-element-3376bb3 elementor-widget elementor-widget-text-editor\" data-id=\"3376bb3\" data-element_type=\"widget\" data-e-type=\"widget\" data-widget_type=\"text-editor.default\">\n\t\t\t\t\t\t\t\t\t<p>Il bracciale Boso grande \u00e8 progettato per adattarsi a pazienti con una circonferenza del braccio compresa tra 33 e 41 cm, garantendo una misurazione della pressione sanguigna accurata e confortevole. Compatibile con diversi misuratori di pressione manuali, tra cui il Boso Clinicus II, questo bracciale \u00e8 ideale per gli operatori sanitari che necessitano di un&#8217;attrezzatura affidabile per i pazienti con una circonferenza del braccio maggiore. <\/p>\n<p>Realizzato con materiali di alta qualit\u00e0, garantisce una durata eccezionale e un comfort ottimale durante l&#8217;uso. Questo bracciale \u00e8 dotato di due tubi per un collegamento facile e stabile ai misuratori di pressione manuali, assicurando misurazioni accurate e ripetibili. Adatto all&#8217;uso medico quotidiano o all&#8217;assistenza domiciliare.  <\/p>\n\t\t\t\t\t\t\t\t<\/div>\n\t\t\t\t<div class=\"elementor-element elementor-element-178ca3f elementor-widget elementor-widget-heading\" data-id=\"178ca3f\" data-element_type=\"widget\" data-e-type=\"widget\" data-widget_type=\"heading.default\">\n\t\t\t\t\t<h2 class=\"elementor-heading-title elementor-size-default\">Contenuto<\/h2>\t\t\t\t<\/div>\n\t\t\t\t<div class=\"elementor-element elementor-element-75e1dfa elementor-widget elementor-widget-text-editor\" data-id=\"75e1dfa\" data-element_type=\"widget\" data-e-type=\"widget\" data-widget_type=\"text-editor.default\">\n\t\t\t\t\t\t\t\t\t<ul>\n<li>1 bracciale Boso grande (33-41 cm)<\/li>\n<li>2 tubi flessibili integrati<\/li>\n<\/ul>\n<p><em>Nota: questo dispositivo medico \u00e8 destinato all&#8217;uso da parte di professionisti sanitari qualificati. In caso di dubbi sul suo utilizzo o sulle sue indicazioni, ti invitiamo a consultare uno specialista. <\/em><\/p>\n\t\t\t\t\t\t\t\t<\/div>\n\t\t\t\t\t<\/div>\n\t\t<\/div>\n\t\t\t\t\t<\/div>\n\t\t<\/section>\n\t\t\t\t<\/div>\n\t\t","protected":false},"excerpt":{"rendered":"<p>Bracciale Boso grande, compatibile con i monitor manuali a 2 tubi, adatto a braccia da 33 a 41 cm. Ideale per le persone con una circonferenza del braccio maggiore. <\/p>\n","protected":false},"featured_media":26988,"template":"","meta":{"_acf_changed":false},"product_brand":[2120],"product_cat":[1301,1101,1100],"product_tag":[4909,3760,4905,4910,4912,4911,4916,4908,4904,4913,4914,4915,4907,4906,4903],"class_list":{"0":"post-33846","1":"product","2":"type-product","3":"status-publish","4":"has-post-thumbnail","6":"product_brand-boso-it","7":"product_cat-accessori-tensiometri","8":"product_cat-sfigmomanometri-manuali","9":"product_cat-tensiometri","10":"product_tag-accessori-per-tensiometri","11":"product_tag-attrezzature-mediche","12":"product_tag-bracciale-manuale-per-la-pressione-sanguigna","13":"product_tag-bracciale-medico","14":"product_tag-bracciale-per-braccio-forte","15":"product_tag-bracciale-per-la-pressione-sanguigna","16":"product_tag-bracciale-per-la-pressione-sanguigna-it","17":"product_tag-circonferenza-del-braccio-33-41-cm","18":"product_tag-fascia-da-braccio-boso","19":"product_tag-fascia-da-braccio-compatibile-con-boso","20":"product_tag-fascia-da-braccio-per-operatori-sanitari","21":"product_tag-fascia-da-braccio-resistente","22":"product_tag-misuratore-di-pressione-boso-clinicus-ii","23":"product_tag-polsino-a-2-tubi","24":"product_tag-polsino-grande","26":"first","27":"instock","28":"taxable","29":"shipping-taxable","30":"purchasable","31":"product-type-simple"},"acf":[],"yoast_head":"<!-- This site is optimized with the Yoast SEO Premium plugin v27.4 (Yoast SEO v27.4) - https:\/\/yoast.com\/product\/yoast-seo-premium-wordpress\/ -->\n<title>Bracciale Boso taglia grande per sfigmomanometri manuali a doppio tubo | Swixed SA<\/title>\n<meta name=\"description\" content=\"Bracciale Boso di grandi dimensioni (33-41 cm) per misuratori di pressione manuali a 2 tubi, ideale per misurare con precisione la pressione sanguigna su braccia robuste.\" \/>\n<meta name=\"robots\" content=\"index, follow, max-snippet:-1, max-image-preview:large, max-video-preview:-1\" \/>\n<link rel=\"canonical\" href=\"https:\/\/swixed.ch\/it\/prodotto\/sed60003\/\" \/>\n<meta property=\"og:locale\" content=\"it_IT\" \/>\n<meta property=\"og:type\" content=\"article\" \/>\n<meta property=\"og:title\" content=\"Bracciale Boso taglia grande per sfigmomanometri manuali a doppio tubo\" \/>\n<meta property=\"og:description\" content=\"Bracciale Boso di grandi dimensioni (33-41 cm) per misuratori di pressione manuali a 2 tubi, ideale per misurare con precisione la pressione sanguigna su braccia robuste.\" \/>\n<meta property=\"og:url\" content=\"https:\/\/swixed.ch\/it\/prodotto\/sed60003\/\" \/>\n<meta property=\"og:site_name\" content=\"Swixed SA\" \/>\n<meta property=\"article:publisher\" content=\"https:\/\/www.facebook.com\/swixed\" \/>\n<meta property=\"article:modified_time\" content=\"2026-04-20T19:48:11+00:00\" \/>\n<meta property=\"og:image\" content=\"https:\/\/swixed.ch\/wp-content\/uploads\/products\/boso-brassard-grande-taille-02.png\" \/>\n\t<meta property=\"og:image:width\" content=\"600\" \/>\n\t<meta property=\"og:image:height\" content=\"600\" \/>\n\t<meta property=\"og:image:type\" content=\"image\/png\" \/>\n<meta name=\"twitter:card\" content=\"summary_large_image\" \/>\n<meta name=\"twitter:label1\" content=\"Tempo di lettura stimato\" \/>\n\t<meta name=\"twitter:data1\" content=\"1 minuto\" \/>\n<script type=\"application\/ld+json\" class=\"yoast-schema-graph\">{\"@context\":\"https:\\\/\\\/schema.org\",\"@graph\":[{\"@type\":\"WebPage\",\"@id\":\"https:\\\/\\\/swixed.ch\\\/it\\\/prodotto\\\/sed60003\\\/\",\"url\":\"https:\\\/\\\/swixed.ch\\\/it\\\/prodotto\\\/sed60003\\\/\",\"name\":\"Bracciale Boso taglia grande per sfigmomanometri manuali a doppio tubo | Swixed SA\",\"isPartOf\":{\"@id\":\"https:\\\/\\\/swixed.ch\\\/it\\\/#website\"},\"primaryImageOfPage\":{\"@id\":\"https:\\\/\\\/swixed.ch\\\/it\\\/prodotto\\\/sed60003\\\/#primaryimage\"},\"image\":{\"@id\":\"https:\\\/\\\/swixed.ch\\\/it\\\/prodotto\\\/sed60003\\\/#primaryimage\"},\"thumbnailUrl\":\"https:\\\/\\\/swixed.ch\\\/wp-content\\\/uploads\\\/products\\\/boso-brassard-grande-taille-02.png\",\"datePublished\":\"2021-04-29T20:18:13+00:00\",\"dateModified\":\"2026-04-20T19:48:11+00:00\",\"description\":\"Bracciale Boso di grandi dimensioni (33-41 cm) per misuratori di pressione manuali a 2 tubi, ideale per misurare con precisione la pressione sanguigna su braccia robuste.\",\"breadcrumb\":{\"@id\":\"https:\\\/\\\/swixed.ch\\\/it\\\/prodotto\\\/sed60003\\\/#breadcrumb\"},\"inLanguage\":\"it-IT\",\"potentialAction\":[{\"@type\":\"ReadAction\",\"target\":[\"https:\\\/\\\/swixed.ch\\\/it\\\/prodotto\\\/sed60003\\\/\"]}]},{\"@type\":\"ImageObject\",\"inLanguage\":\"it-IT\",\"@id\":\"https:\\\/\\\/swixed.ch\\\/it\\\/prodotto\\\/sed60003\\\/#primaryimage\",\"url\":\"https:\\\/\\\/swixed.ch\\\/wp-content\\\/uploads\\\/products\\\/boso-brassard-grande-taille-02.png\",\"contentUrl\":\"https:\\\/\\\/swixed.ch\\\/wp-content\\\/uploads\\\/products\\\/boso-brassard-grande-taille-02.png\",\"width\":600,\"height\":600,\"caption\":\"boso-brassardato-taglia grande-02\"},{\"@type\":\"BreadcrumbList\",\"@id\":\"https:\\\/\\\/swixed.ch\\\/it\\\/prodotto\\\/sed60003\\\/#breadcrumb\",\"itemListElement\":[{\"@type\":\"ListItem\",\"position\":1,\"name\":\"Home\",\"item\":\"https:\\\/\\\/swixed.ch\\\/it\\\/home\\\/\"},{\"@type\":\"ListItem\",\"position\":2,\"name\":\"Negozio\",\"item\":\"https:\\\/\\\/swixed.ch\\\/it\\\/shop\\\/\"},{\"@type\":\"ListItem\",\"position\":3,\"name\":\"Bracciale Boso taglia grande per sfigmomanometri manuali a doppio tubo\"}]},{\"@type\":\"WebSite\",\"@id\":\"https:\\\/\\\/swixed.ch\\\/it\\\/#website\",\"url\":\"https:\\\/\\\/swixed.ch\\\/it\\\/\",\"name\":\"Swixed SA\",\"description\":\"Dispositivi elettronici\",\"publisher\":{\"@id\":\"https:\\\/\\\/swixed.ch\\\/it\\\/#organization\"},\"potentialAction\":[{\"@type\":\"SearchAction\",\"target\":{\"@type\":\"EntryPoint\",\"urlTemplate\":\"https:\\\/\\\/swixed.ch\\\/it\\\/?s={search_term_string}\"},\"query-input\":{\"@type\":\"PropertyValueSpecification\",\"valueRequired\":true,\"valueName\":\"search_term_string\"}}],\"inLanguage\":\"it-IT\"},{\"@type\":\"Organization\",\"@id\":\"https:\\\/\\\/swixed.ch\\\/it\\\/#organization\",\"name\":\"Swixed SA\",\"url\":\"https:\\\/\\\/swixed.ch\\\/it\\\/\",\"logo\":{\"@type\":\"ImageObject\",\"inLanguage\":\"it-IT\",\"@id\":\"https:\\\/\\\/swixed.ch\\\/it\\\/#\\\/schema\\\/logo\\\/image\\\/\",\"url\":\"https:\\\/\\\/swixed.ch\\\/wp-content\\\/uploads\\\/logos\\\/swixed-logo-lite.png\",\"contentUrl\":\"https:\\\/\\\/swixed.ch\\\/wp-content\\\/uploads\\\/logos\\\/swixed-logo-lite.png\",\"width\":696,\"height\":696,\"caption\":\"Swixed SA\"},\"image\":{\"@id\":\"https:\\\/\\\/swixed.ch\\\/it\\\/#\\\/schema\\\/logo\\\/image\\\/\"},\"sameAs\":[\"https:\\\/\\\/www.facebook.com\\\/swixed\",\"https:\\\/\\\/www.linkedin.com\\\/company\\\/swixed\",\"https:\\\/\\\/www.youtube.com\\\/@swixedsa\"],\"description\":\"Swixed SA est une entreprise suisse bas\u00e9e \u00e0 Gen\u00e8ve, sp\u00e9cialis\u00e9e dans la vente, la location et la maintenance d\u2019appareils m\u00e9dicaux professionnels, tels que d\u00e9fibrillateurs AED, \u00e9lectrocardiographes, moniteurs patient et dispositifs de diagnostic.\",\"email\":\"infoshop@swixed.ch\",\"telephone\":\"+41 22 566 11 95\",\"legalName\":\"Swixed SA\",\"foundingDate\":\"2021-03-01\",\"numberOfEmployees\":{\"@type\":\"QuantitativeValue\",\"minValue\":\"1\",\"maxValue\":\"10\"}}]}<\/script>\n<!-- \/ Yoast SEO Premium plugin. -->","yoast_head_json":{"title":"Bracciale Boso taglia grande per sfigmomanometri manuali a doppio tubo | Swixed SA","description":"Bracciale Boso di grandi dimensioni (33-41 cm) per misuratori di pressione manuali a 2 tubi, ideale per misurare con precisione la pressione sanguigna su braccia robuste.","robots":{"index":"index","follow":"follow","max-snippet":"max-snippet:-1","max-image-preview":"max-image-preview:large","max-video-preview":"max-video-preview:-1"},"canonical":"https:\/\/swixed.ch\/it\/prodotto\/sed60003\/","og_locale":"it_IT","og_type":"article","og_title":"Bracciale Boso taglia grande per sfigmomanometri manuali a doppio tubo","og_description":"Bracciale Boso di grandi dimensioni (33-41 cm) per misuratori di pressione manuali a 2 tubi, ideale per misurare con precisione la pressione sanguigna su braccia robuste.","og_url":"https:\/\/swixed.ch\/it\/prodotto\/sed60003\/","og_site_name":"Swixed SA","article_publisher":"https:\/\/www.facebook.com\/swixed","article_modified_time":"2026-04-20T19:48:11+00:00","og_image":[{"width":600,"height":600,"url":"https:\/\/swixed.ch\/wp-content\/uploads\/products\/boso-brassard-grande-taille-02.png","type":"image\/png"}],"twitter_card":"summary_large_image","twitter_misc":{"Tempo di lettura stimato":"1 minuto"},"schema":{"@context":"https:\/\/schema.org","@graph":[{"@type":"WebPage","@id":"https:\/\/swixed.ch\/it\/prodotto\/sed60003\/","url":"https:\/\/swixed.ch\/it\/prodotto\/sed60003\/","name":"Bracciale Boso taglia grande per sfigmomanometri manuali a doppio tubo | Swixed SA","isPartOf":{"@id":"https:\/\/swixed.ch\/it\/#website"},"primaryImageOfPage":{"@id":"https:\/\/swixed.ch\/it\/prodotto\/sed60003\/#primaryimage"},"image":{"@id":"https:\/\/swixed.ch\/it\/prodotto\/sed60003\/#primaryimage"},"thumbnailUrl":"https:\/\/swixed.ch\/wp-content\/uploads\/products\/boso-brassard-grande-taille-02.png","datePublished":"2021-04-29T20:18:13+00:00","dateModified":"2026-04-20T19:48:11+00:00","description":"Bracciale Boso di grandi dimensioni (33-41 cm) per misuratori di pressione manuali a 2 tubi, ideale per misurare con precisione la pressione sanguigna su braccia robuste.","breadcrumb":{"@id":"https:\/\/swixed.ch\/it\/prodotto\/sed60003\/#breadcrumb"},"inLanguage":"it-IT","potentialAction":[{"@type":"ReadAction","target":["https:\/\/swixed.ch\/it\/prodotto\/sed60003\/"]}]},{"@type":"ImageObject","inLanguage":"it-IT","@id":"https:\/\/swixed.ch\/it\/prodotto\/sed60003\/#primaryimage","url":"https:\/\/swixed.ch\/wp-content\/uploads\/products\/boso-brassard-grande-taille-02.png","contentUrl":"https:\/\/swixed.ch\/wp-content\/uploads\/products\/boso-brassard-grande-taille-02.png","width":600,"height":600,"caption":"boso-brassardato-taglia grande-02"},{"@type":"BreadcrumbList","@id":"https:\/\/swixed.ch\/it\/prodotto\/sed60003\/#breadcrumb","itemListElement":[{"@type":"ListItem","position":1,"name":"Home","item":"https:\/\/swixed.ch\/it\/home\/"},{"@type":"ListItem","position":2,"name":"Negozio","item":"https:\/\/swixed.ch\/it\/shop\/"},{"@type":"ListItem","position":3,"name":"Bracciale Boso taglia grande per sfigmomanometri manuali a doppio tubo"}]},{"@type":"WebSite","@id":"https:\/\/swixed.ch\/it\/#website","url":"https:\/\/swixed.ch\/it\/","name":"Swixed SA","description":"Dispositivi elettronici","publisher":{"@id":"https:\/\/swixed.ch\/it\/#organization"},"potentialAction":[{"@type":"SearchAction","target":{"@type":"EntryPoint","urlTemplate":"https:\/\/swixed.ch\/it\/?s={search_term_string}"},"query-input":{"@type":"PropertyValueSpecification","valueRequired":true,"valueName":"search_term_string"}}],"inLanguage":"it-IT"},{"@type":"Organization","@id":"https:\/\/swixed.ch\/it\/#organization","name":"Swixed SA","url":"https:\/\/swixed.ch\/it\/","logo":{"@type":"ImageObject","inLanguage":"it-IT","@id":"https:\/\/swixed.ch\/it\/#\/schema\/logo\/image\/","url":"https:\/\/swixed.ch\/wp-content\/uploads\/logos\/swixed-logo-lite.png","contentUrl":"https:\/\/swixed.ch\/wp-content\/uploads\/logos\/swixed-logo-lite.png","width":696,"height":696,"caption":"Swixed SA"},"image":{"@id":"https:\/\/swixed.ch\/it\/#\/schema\/logo\/image\/"},"sameAs":["https:\/\/www.facebook.com\/swixed","https:\/\/www.linkedin.com\/company\/swixed","https:\/\/www.youtube.com\/@swixedsa"],"description":"Swixed SA est une entreprise suisse bas\u00e9e \u00e0 Gen\u00e8ve, sp\u00e9cialis\u00e9e dans la vente, la location et la maintenance d\u2019appareils m\u00e9dicaux professionnels, tels que d\u00e9fibrillateurs AED, \u00e9lectrocardiographes, moniteurs patient et dispositifs de diagnostic.","email":"infoshop@swixed.ch","telephone":"+41 22 566 11 95","legalName":"Swixed SA","foundingDate":"2021-03-01","numberOfEmployees":{"@type":"QuantitativeValue","minValue":"1","maxValue":"10"}}]}},"_links":{"self":[{"href":"https:\/\/swixed.ch\/it\/wp-json\/wp\/v2\/product\/33846","targetHints":{"allow":["GET"]}}],"collection":[{"href":"https:\/\/swixed.ch\/it\/wp-json\/wp\/v2\/product"}],"about":[{"href":"https:\/\/swixed.ch\/it\/wp-json\/wp\/v2\/types\/product"}],"version-history":[{"count":1,"href":"https:\/\/swixed.ch\/it\/wp-json\/wp\/v2\/product\/33846\/revisions"}],"predecessor-version":[{"id":63012,"href":"https:\/\/swixed.ch\/it\/wp-json\/wp\/v2\/product\/33846\/revisions\/63012"}],"wp:featuredmedia":[{"embeddable":true,"href":"https:\/\/swixed.ch\/it\/wp-json\/wp\/v2\/media\/26988"}],"wp:attachment":[{"href":"https:\/\/swixed.ch\/it\/wp-json\/wp\/v2\/media?parent=33846"}],"wp:term":[{"taxonomy":"product_brand","embeddable":true,"href":"https:\/\/swixed.ch\/it\/wp-json\/wp\/v2\/product_brand?post=33846"},{"taxonomy":"product_cat","embeddable":true,"href":"https:\/\/swixed.ch\/it\/wp-json\/wp\/v2\/product_cat?post=33846"},{"taxonomy":"product_tag","embeddable":true,"href":"https:\/\/swixed.ch\/it\/wp-json\/wp\/v2\/product_tag?post=33846"}],"curies":[{"name":"wp","href":"https:\/\/api.w.org\/{rel}","templated":true}]}}