{"id":33903,"date":"2021-04-29T22:12:53","date_gmt":"2021-04-29T21:12:53","guid":{"rendered":"https:\/\/swixed.com\/produit\/misuratore-di-pressione-heine-gamma-g5\/"},"modified":"2026-04-20T20:56:43","modified_gmt":"2026-04-20T19:56:43","slug":"sed60005","status":"publish","type":"product","link":"https:\/\/swixed.ch\/it\/prodotto\/sed60005\/","title":{"rendered":"Sfigmomanometro Heine Gamma G5"},"content":{"rendered":"\t\t<div data-elementor-type=\"product-post\" data-elementor-id=\"33903\" class=\"elementor elementor-33903 elementor-3530\" data-elementor-post-type=\"product\">\n\t\t\t\t\t\t<section class=\"elementor-section elementor-top-section elementor-element elementor-element-834d306 elementor-section-boxed elementor-section-height-default elementor-section-height-default\" data-id=\"834d306\" data-element_type=\"section\" data-e-type=\"section\">\n\t\t\t\t\t\t<div class=\"elementor-container elementor-column-gap-default\">\n\t\t\t\t\t<div class=\"elementor-column elementor-col-100 elementor-top-column elementor-element elementor-element-085465e\" data-id=\"085465e\" data-element_type=\"column\" data-e-type=\"column\">\n\t\t\t<div class=\"elementor-widget-wrap elementor-element-populated\">\n\t\t\t\t\t\t<div class=\"elementor-element elementor-element-0684e71 elementor-widget elementor-widget-heading\" data-id=\"0684e71\" data-element_type=\"widget\" data-e-type=\"widget\" data-widget_type=\"heading.default\">\n\t\t\t\t\t<h2 class=\"elementor-heading-title elementor-size-default\">Descrizione<\/h2>\t\t\t\t<\/div>\n\t\t\t\t\t<\/div>\n\t\t<\/div>\n\t\t\t\t\t<\/div>\n\t\t<\/section>\n\t\t\t\t<section class=\"elementor-section elementor-top-section elementor-element elementor-element-c0f3979 elementor-section-boxed elementor-section-height-default elementor-section-height-default\" data-id=\"c0f3979\" data-element_type=\"section\" data-e-type=\"section\">\n\t\t\t\t\t\t<div class=\"elementor-container elementor-column-gap-default\">\n\t\t\t\t\t<div class=\"elementor-column elementor-col-100 elementor-top-column elementor-element elementor-element-6e68e75\" data-id=\"6e68e75\" data-element_type=\"column\" data-e-type=\"column\">\n\t\t\t<div class=\"elementor-widget-wrap elementor-element-populated\">\n\t\t\t\t\t\t<div class=\"elementor-element elementor-element-3376bb3 elementor-widget elementor-widget-text-editor\" data-id=\"3376bb3\" data-element_type=\"widget\" data-e-type=\"widget\" data-widget_type=\"text-editor.default\">\n\t\t\t\t\t\t\t\t\t<p>Il <strong>misuratore di pressione aneroide Heine Gamma G5<\/strong> \u00e8 stato progettato per soddisfare le esigenze degli operatori sanitari, combinando robustezza e prestazioni. Realizzato con un involucro in poliammide termoplastica, questo misuratore \u00e8 resistente agli urti e all&#8217;uso intensivo, e rappresenta una scelta affidabile per medici e infermieri. <\/p><p>Il manometro \u00e8 protetto da un sistema anti-shock incorporato, che garantisce una lunga durata e precisione nella misurazione della pressione sanguigna. Il suo cucchiaio regolabile offre flessibilit\u00e0 d&#8217;uso sia per gli utenti mancini che per quelli destrorsi, assicurando un comfort ottimale durante gli esami. <\/p><p>Il <strong>bulbo<\/strong> \u00e8 caratterizzato da una tecnologia innovativa, con uno strato esterno in nylon e uno interno in PVC, che ne aumenta la durata e la resistenza all&#8217;usura. Inoltre, l&#8217;esclusiva valvola di rilascio dell&#8217;aria di Heine consente di regolare la pressione in modo preciso e affidabile, facilitando misurazioni rapide e accurate. <\/p><p>Che si tratti di uno studio medico, di un ospedale o di un&#8217;assistenza domiciliare, <strong>Heine Gamma G5<\/strong> \u00e8 la scelta giusta per tutti gli operatori sanitari che cercano un misuratore di pressione affidabile ed efficace.<\/p>\t\t\t\t\t\t\t\t<\/div>\n\t\t\t\t<div class=\"elementor-element elementor-element-9c783d5 elementor-widget elementor-widget-heading\" data-id=\"9c783d5\" data-element_type=\"widget\" data-e-type=\"widget\" data-widget_type=\"heading.default\">\n\t\t\t\t\t<h2 class=\"elementor-heading-title elementor-size-default\">Specifiche<\/h2>\t\t\t\t<\/div>\n\t\t\t\t<div class=\"elementor-element elementor-element-3766be1 elementor-widget elementor-widget-text-editor\" data-id=\"3766be1\" data-element_type=\"widget\" data-e-type=\"widget\" data-widget_type=\"text-editor.default\">\n\t\t\t\t\t\t\t\t\t<ul><li>Tipo: sfigmomanometro aneroide<\/li><li>Materiali: Poliammide termoplastica<\/li><li>Protezione: Sistema antiurto integrato<\/li><li>Pera: taglia grande, strato esterno in nylon, strato interno in PVC<\/li><li>Valvola : Esclusiva valvola di scarico aria Heine<\/li><li>Uso: adatto per utenti destri e mancini<\/li><\/ul>\t\t\t\t\t\t\t\t<\/div>\n\t\t\t\t\t<\/div>\n\t\t<\/div>\n\t\t\t\t\t<\/div>\n\t\t<\/section>\n\t\t\t\t<\/div>\n\t\t","protected":false},"excerpt":{"rendered":"<p>Il misuratore di pressione aneroide Heine Gamma G5 \u00e8 ideale per un uso professionale intensivo. Il suo robusto involucro in poliammide termoplastica e il manometro protetto dagli urti lo rendono uno strumento affidabile. Il suo resistente bulbo di gonfiaggio e l&#8217;esclusiva valvola di scarico garantiscono una precisione ottimale.  <\/p>\n","protected":false},"featured_media":28736,"template":"","meta":{"_acf_changed":false},"product_brand":[2148],"product_cat":[1101,1100],"product_tag":[4117,4122,4123,3760,1668,4121,4116,4118,955,3008,4125,4120,4119,4124,4115],"class_list":{"0":"post-33903","1":"product","2":"type-product","3":"status-publish","4":"has-post-thumbnail","6":"product_brand-heine-it","7":"product_cat-sfigmomanometri-manuali","8":"product_cat-tensiometri","9":"product_tag-aneroide-it","10":"product_tag-assistenza-sanitaria","11":"product_tag-attrezzature-mediche-it","12":"product_tag-attrezzature-mediche","13":"product_tag-eina","14":"product_tag-ergonomico-it","15":"product_tag-gamma-g5-it","16":"product_tag-manopoire-it","17":"product_tag-medico","18":"product_tag-misurazione-della-pressione-sanguigna","19":"product_tag-precisione","20":"product_tag-professionale","21":"product_tag-robusto-it","22":"product_tag-sostenibilita","23":"product_tag-tensiometro-it","25":"first","26":"instock","27":"taxable","28":"shipping-taxable","29":"purchasable","30":"product-type-variable","31":"has-default-attributes"},"acf":[],"yoast_head":"<!-- This site is optimized with the Yoast SEO Premium plugin v27.4 (Yoast SEO v27.4) - https:\/\/yoast.com\/product\/yoast-seo-premium-wordpress\/ -->\n<title>Sfigmomanometro Heine Gamma G5 | Swixed SA<\/title>\n<meta name=\"description\" content=\"Sfigmomanometro aneroide Heine Gamma G5, robusto ed ergonomico, ideale per l&#039;uso professionale. Accuratezza e durata garantite.\" \/>\n<meta name=\"robots\" content=\"index, follow, max-snippet:-1, max-image-preview:large, max-video-preview:-1\" \/>\n<link rel=\"canonical\" href=\"https:\/\/swixed.ch\/it\/prodotto\/sed60005\/\" \/>\n<meta property=\"og:locale\" content=\"it_IT\" \/>\n<meta property=\"og:type\" content=\"article\" \/>\n<meta property=\"og:title\" content=\"Sfigmomanometro Heine Gamma G5\" \/>\n<meta property=\"og:description\" content=\"Sfigmomanometro aneroide Heine Gamma G5, robusto ed ergonomico, ideale per l&#039;uso professionale. Accuratezza e durata garantite.\" \/>\n<meta property=\"og:url\" content=\"https:\/\/swixed.ch\/it\/prodotto\/sed60005\/\" \/>\n<meta property=\"og:site_name\" content=\"Swixed SA\" \/>\n<meta property=\"article:publisher\" content=\"https:\/\/www.facebook.com\/swixed\" \/>\n<meta property=\"article:modified_time\" content=\"2026-04-20T19:56:43+00:00\" \/>\n<meta property=\"og:image\" content=\"https:\/\/swixed.ch\/wp-content\/uploads\/products\/heine-gamma-g5-03a.png\" \/>\n\t<meta property=\"og:image:width\" content=\"600\" \/>\n\t<meta property=\"og:image:height\" content=\"600\" \/>\n\t<meta property=\"og:image:type\" content=\"image\/png\" \/>\n<meta name=\"twitter:card\" content=\"summary_large_image\" \/>\n<meta name=\"twitter:label1\" content=\"Tempo di lettura stimato\" \/>\n\t<meta name=\"twitter:data1\" content=\"1 minuto\" \/>\n<script type=\"application\/ld+json\" class=\"yoast-schema-graph\">{\"@context\":\"https:\\\/\\\/schema.org\",\"@graph\":[{\"@type\":\"WebPage\",\"@id\":\"https:\\\/\\\/swixed.ch\\\/it\\\/prodotto\\\/sed60005\\\/\",\"url\":\"https:\\\/\\\/swixed.ch\\\/it\\\/prodotto\\\/sed60005\\\/\",\"name\":\"Sfigmomanometro Heine Gamma G5 | Swixed SA\",\"isPartOf\":{\"@id\":\"https:\\\/\\\/swixed.ch\\\/it\\\/#website\"},\"primaryImageOfPage\":{\"@id\":\"https:\\\/\\\/swixed.ch\\\/it\\\/prodotto\\\/sed60005\\\/#primaryimage\"},\"image\":{\"@id\":\"https:\\\/\\\/swixed.ch\\\/it\\\/prodotto\\\/sed60005\\\/#primaryimage\"},\"thumbnailUrl\":\"https:\\\/\\\/swixed.ch\\\/wp-content\\\/uploads\\\/products\\\/heine-gamma-g5-03a.png\",\"datePublished\":\"2021-04-29T21:12:53+00:00\",\"dateModified\":\"2026-04-20T19:56:43+00:00\",\"description\":\"Sfigmomanometro aneroide Heine Gamma G5, robusto ed ergonomico, ideale per l'uso professionale. Accuratezza e durata garantite.\",\"breadcrumb\":{\"@id\":\"https:\\\/\\\/swixed.ch\\\/it\\\/prodotto\\\/sed60005\\\/#breadcrumb\"},\"inLanguage\":\"it-IT\",\"potentialAction\":[{\"@type\":\"ReadAction\",\"target\":[\"https:\\\/\\\/swixed.ch\\\/it\\\/prodotto\\\/sed60005\\\/\"]}]},{\"@type\":\"ImageObject\",\"inLanguage\":\"it-IT\",\"@id\":\"https:\\\/\\\/swixed.ch\\\/it\\\/prodotto\\\/sed60005\\\/#primaryimage\",\"url\":\"https:\\\/\\\/swixed.ch\\\/wp-content\\\/uploads\\\/products\\\/heine-gamma-g5-03a.png\",\"contentUrl\":\"https:\\\/\\\/swixed.ch\\\/wp-content\\\/uploads\\\/products\\\/heine-gamma-g5-03a.png\",\"width\":600,\"height\":600,\"caption\":\"Eno-gamma-g5-03a\"},{\"@type\":\"BreadcrumbList\",\"@id\":\"https:\\\/\\\/swixed.ch\\\/it\\\/prodotto\\\/sed60005\\\/#breadcrumb\",\"itemListElement\":[{\"@type\":\"ListItem\",\"position\":1,\"name\":\"Home\",\"item\":\"https:\\\/\\\/swixed.ch\\\/it\\\/home\\\/\"},{\"@type\":\"ListItem\",\"position\":2,\"name\":\"Negozio\",\"item\":\"https:\\\/\\\/swixed.ch\\\/it\\\/shop\\\/\"},{\"@type\":\"ListItem\",\"position\":3,\"name\":\"Sfigmomanometro Heine Gamma G5\"}]},{\"@type\":\"WebSite\",\"@id\":\"https:\\\/\\\/swixed.ch\\\/it\\\/#website\",\"url\":\"https:\\\/\\\/swixed.ch\\\/it\\\/\",\"name\":\"Swixed SA\",\"description\":\"Dispositivi elettronici\",\"publisher\":{\"@id\":\"https:\\\/\\\/swixed.ch\\\/it\\\/#organization\"},\"potentialAction\":[{\"@type\":\"SearchAction\",\"target\":{\"@type\":\"EntryPoint\",\"urlTemplate\":\"https:\\\/\\\/swixed.ch\\\/it\\\/?s={search_term_string}\"},\"query-input\":{\"@type\":\"PropertyValueSpecification\",\"valueRequired\":true,\"valueName\":\"search_term_string\"}}],\"inLanguage\":\"it-IT\"},{\"@type\":\"Organization\",\"@id\":\"https:\\\/\\\/swixed.ch\\\/it\\\/#organization\",\"name\":\"Swixed SA\",\"url\":\"https:\\\/\\\/swixed.ch\\\/it\\\/\",\"logo\":{\"@type\":\"ImageObject\",\"inLanguage\":\"it-IT\",\"@id\":\"https:\\\/\\\/swixed.ch\\\/it\\\/#\\\/schema\\\/logo\\\/image\\\/\",\"url\":\"https:\\\/\\\/swixed.ch\\\/wp-content\\\/uploads\\\/logos\\\/swixed-logo-lite.png\",\"contentUrl\":\"https:\\\/\\\/swixed.ch\\\/wp-content\\\/uploads\\\/logos\\\/swixed-logo-lite.png\",\"width\":696,\"height\":696,\"caption\":\"Swixed SA\"},\"image\":{\"@id\":\"https:\\\/\\\/swixed.ch\\\/it\\\/#\\\/schema\\\/logo\\\/image\\\/\"},\"sameAs\":[\"https:\\\/\\\/www.facebook.com\\\/swixed\",\"https:\\\/\\\/www.linkedin.com\\\/company\\\/swixed\",\"https:\\\/\\\/www.youtube.com\\\/@swixedsa\"],\"description\":\"Swixed SA est une entreprise suisse bas\u00e9e \u00e0 Gen\u00e8ve, sp\u00e9cialis\u00e9e dans la vente, la location et la maintenance d\u2019appareils m\u00e9dicaux professionnels, tels que d\u00e9fibrillateurs AED, \u00e9lectrocardiographes, moniteurs patient et dispositifs de diagnostic.\",\"email\":\"infoshop@swixed.ch\",\"telephone\":\"+41 22 566 11 95\",\"legalName\":\"Swixed SA\",\"foundingDate\":\"2021-03-01\",\"numberOfEmployees\":{\"@type\":\"QuantitativeValue\",\"minValue\":\"1\",\"maxValue\":\"10\"}}]}<\/script>\n<!-- \/ Yoast SEO Premium plugin. -->","yoast_head_json":{"title":"Sfigmomanometro Heine Gamma G5 | Swixed SA","description":"Sfigmomanometro aneroide Heine Gamma G5, robusto ed ergonomico, ideale per l'uso professionale. Accuratezza e durata garantite.","robots":{"index":"index","follow":"follow","max-snippet":"max-snippet:-1","max-image-preview":"max-image-preview:large","max-video-preview":"max-video-preview:-1"},"canonical":"https:\/\/swixed.ch\/it\/prodotto\/sed60005\/","og_locale":"it_IT","og_type":"article","og_title":"Sfigmomanometro Heine Gamma G5","og_description":"Sfigmomanometro aneroide Heine Gamma G5, robusto ed ergonomico, ideale per l'uso professionale. Accuratezza e durata garantite.","og_url":"https:\/\/swixed.ch\/it\/prodotto\/sed60005\/","og_site_name":"Swixed SA","article_publisher":"https:\/\/www.facebook.com\/swixed","article_modified_time":"2026-04-20T19:56:43+00:00","og_image":[{"width":600,"height":600,"url":"https:\/\/swixed.ch\/wp-content\/uploads\/products\/heine-gamma-g5-03a.png","type":"image\/png"}],"twitter_card":"summary_large_image","twitter_misc":{"Tempo di lettura stimato":"1 minuto"},"schema":{"@context":"https:\/\/schema.org","@graph":[{"@type":"WebPage","@id":"https:\/\/swixed.ch\/it\/prodotto\/sed60005\/","url":"https:\/\/swixed.ch\/it\/prodotto\/sed60005\/","name":"Sfigmomanometro Heine Gamma G5 | Swixed SA","isPartOf":{"@id":"https:\/\/swixed.ch\/it\/#website"},"primaryImageOfPage":{"@id":"https:\/\/swixed.ch\/it\/prodotto\/sed60005\/#primaryimage"},"image":{"@id":"https:\/\/swixed.ch\/it\/prodotto\/sed60005\/#primaryimage"},"thumbnailUrl":"https:\/\/swixed.ch\/wp-content\/uploads\/products\/heine-gamma-g5-03a.png","datePublished":"2021-04-29T21:12:53+00:00","dateModified":"2026-04-20T19:56:43+00:00","description":"Sfigmomanometro aneroide Heine Gamma G5, robusto ed ergonomico, ideale per l'uso professionale. Accuratezza e durata garantite.","breadcrumb":{"@id":"https:\/\/swixed.ch\/it\/prodotto\/sed60005\/#breadcrumb"},"inLanguage":"it-IT","potentialAction":[{"@type":"ReadAction","target":["https:\/\/swixed.ch\/it\/prodotto\/sed60005\/"]}]},{"@type":"ImageObject","inLanguage":"it-IT","@id":"https:\/\/swixed.ch\/it\/prodotto\/sed60005\/#primaryimage","url":"https:\/\/swixed.ch\/wp-content\/uploads\/products\/heine-gamma-g5-03a.png","contentUrl":"https:\/\/swixed.ch\/wp-content\/uploads\/products\/heine-gamma-g5-03a.png","width":600,"height":600,"caption":"Eno-gamma-g5-03a"},{"@type":"BreadcrumbList","@id":"https:\/\/swixed.ch\/it\/prodotto\/sed60005\/#breadcrumb","itemListElement":[{"@type":"ListItem","position":1,"name":"Home","item":"https:\/\/swixed.ch\/it\/home\/"},{"@type":"ListItem","position":2,"name":"Negozio","item":"https:\/\/swixed.ch\/it\/shop\/"},{"@type":"ListItem","position":3,"name":"Sfigmomanometro Heine Gamma G5"}]},{"@type":"WebSite","@id":"https:\/\/swixed.ch\/it\/#website","url":"https:\/\/swixed.ch\/it\/","name":"Swixed SA","description":"Dispositivi elettronici","publisher":{"@id":"https:\/\/swixed.ch\/it\/#organization"},"potentialAction":[{"@type":"SearchAction","target":{"@type":"EntryPoint","urlTemplate":"https:\/\/swixed.ch\/it\/?s={search_term_string}"},"query-input":{"@type":"PropertyValueSpecification","valueRequired":true,"valueName":"search_term_string"}}],"inLanguage":"it-IT"},{"@type":"Organization","@id":"https:\/\/swixed.ch\/it\/#organization","name":"Swixed SA","url":"https:\/\/swixed.ch\/it\/","logo":{"@type":"ImageObject","inLanguage":"it-IT","@id":"https:\/\/swixed.ch\/it\/#\/schema\/logo\/image\/","url":"https:\/\/swixed.ch\/wp-content\/uploads\/logos\/swixed-logo-lite.png","contentUrl":"https:\/\/swixed.ch\/wp-content\/uploads\/logos\/swixed-logo-lite.png","width":696,"height":696,"caption":"Swixed SA"},"image":{"@id":"https:\/\/swixed.ch\/it\/#\/schema\/logo\/image\/"},"sameAs":["https:\/\/www.facebook.com\/swixed","https:\/\/www.linkedin.com\/company\/swixed","https:\/\/www.youtube.com\/@swixedsa"],"description":"Swixed SA est une entreprise suisse bas\u00e9e \u00e0 Gen\u00e8ve, sp\u00e9cialis\u00e9e dans la vente, la location et la maintenance d\u2019appareils m\u00e9dicaux professionnels, tels que d\u00e9fibrillateurs AED, \u00e9lectrocardiographes, moniteurs patient et dispositifs de diagnostic.","email":"infoshop@swixed.ch","telephone":"+41 22 566 11 95","legalName":"Swixed SA","foundingDate":"2021-03-01","numberOfEmployees":{"@type":"QuantitativeValue","minValue":"1","maxValue":"10"}}]}},"_links":{"self":[{"href":"https:\/\/swixed.ch\/it\/wp-json\/wp\/v2\/product\/33903","targetHints":{"allow":["GET"]}}],"collection":[{"href":"https:\/\/swixed.ch\/it\/wp-json\/wp\/v2\/product"}],"about":[{"href":"https:\/\/swixed.ch\/it\/wp-json\/wp\/v2\/types\/product"}],"version-history":[{"count":1,"href":"https:\/\/swixed.ch\/it\/wp-json\/wp\/v2\/product\/33903\/revisions"}],"predecessor-version":[{"id":63017,"href":"https:\/\/swixed.ch\/it\/wp-json\/wp\/v2\/product\/33903\/revisions\/63017"}],"wp:featuredmedia":[{"embeddable":true,"href":"https:\/\/swixed.ch\/it\/wp-json\/wp\/v2\/media\/28736"}],"wp:attachment":[{"href":"https:\/\/swixed.ch\/it\/wp-json\/wp\/v2\/media?parent=33903"}],"wp:term":[{"taxonomy":"product_brand","embeddable":true,"href":"https:\/\/swixed.ch\/it\/wp-json\/wp\/v2\/product_brand?post=33903"},{"taxonomy":"product_cat","embeddable":true,"href":"https:\/\/swixed.ch\/it\/wp-json\/wp\/v2\/product_cat?post=33903"},{"taxonomy":"product_tag","embeddable":true,"href":"https:\/\/swixed.ch\/it\/wp-json\/wp\/v2\/product_tag?post=33903"}],"curies":[{"name":"wp","href":"https:\/\/api.w.org\/{rel}","templated":true}]}}