{"id":34028,"date":"2021-04-30T14:53:03","date_gmt":"2021-04-30T12:53:03","guid":{"rendered":"https:\/\/swixed.com\/produit\/carrello-medico-su-ruote-edan-mt-801\/"},"modified":"2026-02-03T22:17:36","modified_gmt":"2026-02-03T21:17:36","slug":"sed14010","status":"publish","type":"product","link":"https:\/\/swixed.ch\/it\/prodotto\/sed14010\/","title":{"rendered":"Carrello per ECG su ruote Edan MT-801"},"content":{"rendered":"\t\t<div data-elementor-type=\"product-post\" data-elementor-id=\"34028\" class=\"elementor elementor-34028 elementor-3569\" data-elementor-post-type=\"product\">\n\t\t\t\t<div class=\"elementor-element elementor-element-00d57ef e-con-full e-flex e-con e-parent\" data-id=\"00d57ef\" data-element_type=\"container\" data-e-type=\"container\">\n\t\t<div class=\"elementor-element elementor-element-9b8bd86 e-con-full e-flex e-con e-child\" data-id=\"9b8bd86\" data-element_type=\"container\" data-e-type=\"container\">\n\t\t\t\t<div class=\"elementor-element elementor-element-161caef elementor-widget elementor-widget-heading\" data-id=\"161caef\" data-element_type=\"widget\" data-e-type=\"widget\" data-widget_type=\"heading.default\">\n\t\t\t\t\t<h2 class=\"elementor-heading-title elementor-size-default\">Caratteristiche principali<\/h2>\t\t\t\t<\/div>\n\t\t\t\t<div class=\"elementor-element elementor-element-b6e68b5 elementor-widget elementor-widget-text-editor\" data-id=\"b6e68b5\" data-element_type=\"widget\" data-e-type=\"widget\" data-widget_type=\"text-editor.default\">\n\t\t\t\t\t\t\t\t\t<p>In primo luogo, il carrello Edan MT-801 \u00e8 stato progettato per ospitare gli elettrocardiografi della gamma Edan SE, compresi i modelli SE-12 Express, SE-601, SE-1200 Express e SE-18. In secondo luogo, \u00e8 stato progettato per garantire stabilit\u00e0 e durata in un ambiente professionale. Inoltre, la combinazione di plastica ABS rinforzata e acciaio inossidabile garantisce una struttura affidabile per un uso continuo. Infine, il suo peso aiuta a mantenere l&#8217;attrezzatura stabile durante l&#8217;uso.   <\/p><ul><li>Struttura in plastica ABS rinforzata<\/li><li>Telaio e ripiano in acciaio inox<\/li><li>Cassetto integrato per gli accessori ECG<\/li><li>Due maniglie di spinta<\/li><li>Ripiano secondario per le periferiche<\/li><li>Peso circa 19,5 kg<\/li><\/ul><p><br>Questo carrello risponde quindi alle esigenze di organizzazione e sostenibilit\u00e0 degli ambienti medici.<\/p>\t\t\t\t\t\t\t\t<\/div>\n\t\t\t\t<div class=\"elementor-element elementor-element-59e0941 elementor-widget elementor-widget-heading\" data-id=\"59e0941\" data-element_type=\"widget\" data-e-type=\"widget\" data-widget_type=\"heading.default\">\n\t\t\t\t\t<h2 class=\"elementor-heading-title elementor-size-default\">Caratteristiche<\/h2>\t\t\t\t<\/div>\n\t\t\t\t<div class=\"elementor-element elementor-element-0d1d17f elementor-widget elementor-widget-text-editor\" data-id=\"0d1d17f\" data-element_type=\"widget\" data-e-type=\"widget\" data-widget_type=\"text-editor.default\">\n\t\t\t\t\t\t\t\t\t<p>Il carrello Edan MT-801 consente di spostare facilmente gli elettrocardiografi tra le postazioni di lavoro. Inoltre, le sue maniglie lo rendono facile da manovrare durante gli spostamenti. Inoltre, il cassetto integrato aiuta a riporre gli accessori essenziali come i cavi o la carta per ECG. Infine, il ripiano inferiore offre spazio extra per installare una periferica compatibile.   <\/p><ul><li>Facile da spostare grazie alle maniglie<\/li><li>Cassetto porta-accessori<\/li><li>Installazione di una stampante o di un dispositivo aggiuntivo<\/li><li>Compatibile con il braccio portacavi opzionale<\/li><\/ul><p><br>Di conseguenza, l&#8217;organizzazione della postazione ECG diventa pi\u00f9 chiara ed efficiente.<\/p>\t\t\t\t\t\t\t\t<\/div>\n\t\t\t\t<div class=\"elementor-element elementor-element-7161018 elementor-widget elementor-widget-heading\" data-id=\"7161018\" data-element_type=\"widget\" data-e-type=\"widget\" data-widget_type=\"heading.default\">\n\t\t\t\t\t<h2 class=\"elementor-heading-title elementor-size-default\">Utilizzo, conformit\u00e0 e raccomandazioni<\/h2>\t\t\t\t<\/div>\n\t\t\t\t<div class=\"elementor-element elementor-element-8709b32 elementor-widget elementor-widget-text-editor\" data-id=\"8709b32\" data-element_type=\"widget\" data-e-type=\"widget\" data-widget_type=\"text-editor.default\">\n\t\t\t\t\t\t\t\t\t<p>In Svizzera, il carrello su ruote Edan MT-801 viene utilizzato come accessorio di supporto per le apparecchiature mediche. Non svolge alcuna funzione di misurazione o diagnostica. Il suo utilizzo rientra quindi nel campo di applicazione generale dei dispositivi medici e dei loro accessori. Inoltre, i requisiti applicabili sono regolati dalla normativa svizzera vigente.   <\/p><p>In Svizzera, gli accessori per ECG rientrano nel quadro normativo definito dall&#8217;Ufficio Federale della Sanit\u00e0 Pubblica, che pubblica informazioni generali sul loro utilizzo. Infine, il Centro Svizzero di Informazione sui Regolamenti Tecnici fornisce utili risorse tecniche per i professionisti. <br>\t\t<div data-elementor-type=\"widget\" data-elementor-id=\"60301\" class=\"elementor elementor-60301 elementor-60240 elementor-60240\" data-elementor-post-type=\"elementor_library\">\n\t\t\t\t\t\t<div class=\"elementor-element elementor-element-60240 elementor-widget elementor-widget-text-editor\" data-id=\"60240\" data-element_type=\"widget\" data-e-type=\"widget\" data-widget_type=\"text-editor.default\">\n\t\t\t\t\t\t\t\t\t<p>Per maggiori informazioni, consulta :<\/p><ul><li><a href=\"https:\/\/www.bag.admin.ch\" target=\"_blank\" rel=\"noopener\">Ufficio federale della sanit\u00e0 pubblica (UFSP)<\/a><\/li><li><a href=\"https:\/\/www.switec.info\" target=\"_blank\" rel=\"noopener\">Centro d&#8217;informazione svizzero per le norme tecniche (Switec)<\/a><\/li><\/ul><p><br>I nostri dispositivi medici hanno un rappresentante autorizzato in Svizzera (CH-REP), in conformit\u00e0 con l&#8217;attuale legislazione svizzera sui dispositivi medici.<\/p>\t\t\t\t\t\t\t\t<\/div>\n\t\t\t\t<\/div>\n\t\t<\/p>\t\t\t\t\t\t\t\t<\/div>\n\t\t\t\t<div class=\"elementor-element elementor-element-43c6c5e elementor-widget elementor-widget-heading\" data-id=\"43c6c5e\" data-element_type=\"widget\" data-e-type=\"widget\" data-widget_type=\"heading.default\">\n\t\t\t\t\t<h2 class=\"elementor-heading-title elementor-size-default\">Contenuto<\/h2>\t\t\t\t<\/div>\n\t\t\t\t<div class=\"elementor-element elementor-element-a7e7595 elementor-widget elementor-widget-text-editor\" data-id=\"a7e7595\" data-element_type=\"widget\" data-e-type=\"widget\" data-widget_type=\"text-editor.default\">\n\t\t\t\t\t\t\t\t\t<p>Infine, il carrello Edan MT-801 viene fornito come supporto mobile pronto per essere assemblato e utilizzato con elettrocardiografi compatibili. Pu\u00f2 quindi essere utilizzato per strutturare una postazione ECG in un ambiente professionale, senza aggiungere alcuna funzione tecnica propria. <\/p><p>Contenuto della confezione :<\/p><ul><li>1 carrello a ruote Edan MT-801<\/li><li>1 cassetto portaoggetti integrato<\/li><li>1 ripiano principale<\/li><li>1 ripiano secondario<\/li><li>Elementi strutturali e maniglie di spinta<\/li><li>Braccio di supporto del cavo (opzionale)<\/li><\/ul>\t\t\t\t\t\t\t\t<\/div>\n\t\t\t\t<\/div>\n\t\t\t\t<\/div>\n\t\t\t\t<\/div>\n\t\t","protected":false},"excerpt":{"rendered":"<p>Il carrello su ruote Edan MT-801 \u00e8 un supporto mobile progettato per gli elettrocardiografi Edan SE-12 Express, SE-601, SE-1200 Express e SE-18. La sua struttura in plastica ABS rinforzata, combinata con componenti in acciaio inossidabile, garantisce stabilit\u00e0 per un uso professionale continuo. Inoltre, il carrello incorpora un cassetto portaoggetti, due maniglie di spinta e un ripiano secondario, rendendo pi\u00f9 facile l&#8217;organizzazione degli accessori e il posizionamento delle apparecchiature ECG negli ambienti medici.  <\/p>\n","protected":false},"featured_media":61877,"template":"","meta":{"_acf_changed":false},"product_brand":[2082],"product_cat":[1197,1254,1113,966],"product_tag":[4490,3760,5184,4428,4424,7825,7839,6743,7838,7837],"class_list":{"0":"post-34028","1":"product","2":"type-product","3":"status-publish","4":"has-post-thumbnail","6":"product_brand-edan-it","7":"product_cat-accessori-elettrocardiografi","8":"product_cat-accessori-cardiotocografi","9":"product_cat-cardiotocografi","10":"product_cat-elettrocardiografi","11":"product_tag-accessorio-ecg","12":"product_tag-attrezzature-mediche","13":"product_tag-carrello-a-ruote","14":"product_tag-carrello-medico","15":"product_tag-carrello-per-ecg","16":"product_tag-compatibile-con-edan","17":"product_tag-installazione-dellecg","18":"product_tag-manutenzione-dellecg","19":"product_tag-mobili-medici","20":"product_tag-supporto-ecg","22":"first","23":"instock","24":"taxable","25":"shipping-taxable","26":"purchasable","27":"product-type-variable","28":"has-default-attributes"},"acf":[],"yoast_head":"<!-- This site is optimized with the Yoast SEO Premium plugin v27.4 (Yoast SEO v27.4) - https:\/\/yoast.com\/product\/yoast-seo-premium-wordpress\/ -->\n<title>Carrello Edan MT-801 per elettrocardiografi ECG | Swixed SA su ruote<\/title>\n<meta name=\"description\" content=\"Carrello Edan MT-801 per gli elettrocardiografi SE-12 Express, SE-601, SE-1200 Express e SE-18, struttura robusta in ABS e acciaio inossidabile.\" \/>\n<meta name=\"robots\" content=\"index, follow, max-snippet:-1, max-image-preview:large, max-video-preview:-1\" \/>\n<link rel=\"canonical\" href=\"https:\/\/swixed.ch\/it\/prodotto\/sed14010\/\" \/>\n<meta property=\"og:locale\" content=\"it_IT\" \/>\n<meta property=\"og:type\" content=\"article\" \/>\n<meta property=\"og:title\" content=\"Carrello per ECG su ruote Edan MT-801\" \/>\n<meta property=\"og:description\" content=\"Carrello Edan MT-801 per gli elettrocardiografi SE-12 Express, SE-601, SE-1200 Express e SE-18, struttura robusta in ABS e acciaio inossidabile.\" \/>\n<meta property=\"og:url\" content=\"https:\/\/swixed.ch\/it\/prodotto\/sed14010\/\" \/>\n<meta property=\"og:site_name\" content=\"Swixed SA\" \/>\n<meta property=\"article:publisher\" content=\"https:\/\/www.facebook.com\/swixed\" \/>\n<meta property=\"article:modified_time\" content=\"2026-02-03T21:17:36+00:00\" \/>\n<meta property=\"og:image\" content=\"https:\/\/swixed.ch\/wp-content\/uploads\/2026\/02\/SED14010-01.png\" \/>\n\t<meta property=\"og:image:width\" content=\"600\" \/>\n\t<meta property=\"og:image:height\" content=\"600\" \/>\n\t<meta property=\"og:image:type\" content=\"image\/png\" \/>\n<meta name=\"twitter:card\" content=\"summary_large_image\" \/>\n<meta name=\"twitter:label1\" content=\"Tempo di lettura stimato\" \/>\n\t<meta name=\"twitter:data1\" content=\"2 minuti\" \/>\n<script type=\"application\/ld+json\" class=\"yoast-schema-graph\">{\"@context\":\"https:\\\/\\\/schema.org\",\"@graph\":[{\"@type\":\"WebPage\",\"@id\":\"https:\\\/\\\/swixed.ch\\\/it\\\/prodotto\\\/sed14010\\\/\",\"url\":\"https:\\\/\\\/swixed.ch\\\/it\\\/prodotto\\\/sed14010\\\/\",\"name\":\"Carrello Edan MT-801 per elettrocardiografi ECG | Swixed SA su ruote\",\"isPartOf\":{\"@id\":\"https:\\\/\\\/swixed.ch\\\/it\\\/#website\"},\"primaryImageOfPage\":{\"@id\":\"https:\\\/\\\/swixed.ch\\\/it\\\/prodotto\\\/sed14010\\\/#primaryimage\"},\"image\":{\"@id\":\"https:\\\/\\\/swixed.ch\\\/it\\\/prodotto\\\/sed14010\\\/#primaryimage\"},\"thumbnailUrl\":\"https:\\\/\\\/swixed.ch\\\/wp-content\\\/uploads\\\/2026\\\/02\\\/SED14010-01.png\",\"datePublished\":\"2021-04-30T12:53:03+00:00\",\"dateModified\":\"2026-02-03T21:17:36+00:00\",\"description\":\"Carrello Edan MT-801 per gli elettrocardiografi SE-12 Express, SE-601, SE-1200 Express e SE-18, struttura robusta in ABS e acciaio inossidabile.\",\"breadcrumb\":{\"@id\":\"https:\\\/\\\/swixed.ch\\\/it\\\/prodotto\\\/sed14010\\\/#breadcrumb\"},\"inLanguage\":\"it-IT\",\"potentialAction\":[{\"@type\":\"ReadAction\",\"target\":[\"https:\\\/\\\/swixed.ch\\\/it\\\/prodotto\\\/sed14010\\\/\"]}]},{\"@type\":\"ImageObject\",\"inLanguage\":\"it-IT\",\"@id\":\"https:\\\/\\\/swixed.ch\\\/it\\\/prodotto\\\/sed14010\\\/#primaryimage\",\"url\":\"https:\\\/\\\/swixed.ch\\\/wp-content\\\/uploads\\\/2026\\\/02\\\/SED14010-01.png\",\"contentUrl\":\"https:\\\/\\\/swixed.ch\\\/wp-content\\\/uploads\\\/2026\\\/02\\\/SED14010-01.png\",\"width\":600,\"height\":600,\"caption\":\"SED14010\"},{\"@type\":\"BreadcrumbList\",\"@id\":\"https:\\\/\\\/swixed.ch\\\/it\\\/prodotto\\\/sed14010\\\/#breadcrumb\",\"itemListElement\":[{\"@type\":\"ListItem\",\"position\":1,\"name\":\"Home\",\"item\":\"https:\\\/\\\/swixed.ch\\\/it\\\/home\\\/\"},{\"@type\":\"ListItem\",\"position\":2,\"name\":\"Negozio\",\"item\":\"https:\\\/\\\/swixed.ch\\\/it\\\/shop\\\/\"},{\"@type\":\"ListItem\",\"position\":3,\"name\":\"Carrello per ECG su ruote Edan MT-801\"}]},{\"@type\":\"WebSite\",\"@id\":\"https:\\\/\\\/swixed.ch\\\/it\\\/#website\",\"url\":\"https:\\\/\\\/swixed.ch\\\/it\\\/\",\"name\":\"Swixed SA\",\"description\":\"Dispositivi elettronici\",\"publisher\":{\"@id\":\"https:\\\/\\\/swixed.ch\\\/it\\\/#organization\"},\"potentialAction\":[{\"@type\":\"SearchAction\",\"target\":{\"@type\":\"EntryPoint\",\"urlTemplate\":\"https:\\\/\\\/swixed.ch\\\/it\\\/?s={search_term_string}\"},\"query-input\":{\"@type\":\"PropertyValueSpecification\",\"valueRequired\":true,\"valueName\":\"search_term_string\"}}],\"inLanguage\":\"it-IT\"},{\"@type\":\"Organization\",\"@id\":\"https:\\\/\\\/swixed.ch\\\/it\\\/#organization\",\"name\":\"Swixed SA\",\"url\":\"https:\\\/\\\/swixed.ch\\\/it\\\/\",\"logo\":{\"@type\":\"ImageObject\",\"inLanguage\":\"it-IT\",\"@id\":\"https:\\\/\\\/swixed.ch\\\/it\\\/#\\\/schema\\\/logo\\\/image\\\/\",\"url\":\"https:\\\/\\\/swixed.ch\\\/wp-content\\\/uploads\\\/logos\\\/swixed-logo-lite.png\",\"contentUrl\":\"https:\\\/\\\/swixed.ch\\\/wp-content\\\/uploads\\\/logos\\\/swixed-logo-lite.png\",\"width\":696,\"height\":696,\"caption\":\"Swixed SA\"},\"image\":{\"@id\":\"https:\\\/\\\/swixed.ch\\\/it\\\/#\\\/schema\\\/logo\\\/image\\\/\"},\"sameAs\":[\"https:\\\/\\\/www.facebook.com\\\/swixed\",\"https:\\\/\\\/www.linkedin.com\\\/company\\\/swixed\",\"https:\\\/\\\/www.youtube.com\\\/@swixedsa\"],\"description\":\"Swixed SA est une entreprise suisse bas\u00e9e \u00e0 Gen\u00e8ve, sp\u00e9cialis\u00e9e dans la vente, la location et la maintenance d\u2019appareils m\u00e9dicaux professionnels, tels que d\u00e9fibrillateurs AED, \u00e9lectrocardiographes, moniteurs patient et dispositifs de diagnostic.\",\"email\":\"infoshop@swixed.ch\",\"telephone\":\"+41 22 566 11 95\",\"legalName\":\"Swixed SA\",\"foundingDate\":\"2021-03-01\",\"numberOfEmployees\":{\"@type\":\"QuantitativeValue\",\"minValue\":\"1\",\"maxValue\":\"10\"}}]}<\/script>\n<!-- \/ Yoast SEO Premium plugin. -->","yoast_head_json":{"title":"Carrello Edan MT-801 per elettrocardiografi ECG | Swixed SA su ruote","description":"Carrello Edan MT-801 per gli elettrocardiografi SE-12 Express, SE-601, SE-1200 Express e SE-18, struttura robusta in ABS e acciaio inossidabile.","robots":{"index":"index","follow":"follow","max-snippet":"max-snippet:-1","max-image-preview":"max-image-preview:large","max-video-preview":"max-video-preview:-1"},"canonical":"https:\/\/swixed.ch\/it\/prodotto\/sed14010\/","og_locale":"it_IT","og_type":"article","og_title":"Carrello per ECG su ruote Edan MT-801","og_description":"Carrello Edan MT-801 per gli elettrocardiografi SE-12 Express, SE-601, SE-1200 Express e SE-18, struttura robusta in ABS e acciaio inossidabile.","og_url":"https:\/\/swixed.ch\/it\/prodotto\/sed14010\/","og_site_name":"Swixed SA","article_publisher":"https:\/\/www.facebook.com\/swixed","article_modified_time":"2026-02-03T21:17:36+00:00","og_image":[{"width":600,"height":600,"url":"https:\/\/swixed.ch\/wp-content\/uploads\/2026\/02\/SED14010-01.png","type":"image\/png"}],"twitter_card":"summary_large_image","twitter_misc":{"Tempo di lettura stimato":"2 minuti"},"schema":{"@context":"https:\/\/schema.org","@graph":[{"@type":"WebPage","@id":"https:\/\/swixed.ch\/it\/prodotto\/sed14010\/","url":"https:\/\/swixed.ch\/it\/prodotto\/sed14010\/","name":"Carrello Edan MT-801 per elettrocardiografi ECG | Swixed SA su ruote","isPartOf":{"@id":"https:\/\/swixed.ch\/it\/#website"},"primaryImageOfPage":{"@id":"https:\/\/swixed.ch\/it\/prodotto\/sed14010\/#primaryimage"},"image":{"@id":"https:\/\/swixed.ch\/it\/prodotto\/sed14010\/#primaryimage"},"thumbnailUrl":"https:\/\/swixed.ch\/wp-content\/uploads\/2026\/02\/SED14010-01.png","datePublished":"2021-04-30T12:53:03+00:00","dateModified":"2026-02-03T21:17:36+00:00","description":"Carrello Edan MT-801 per gli elettrocardiografi SE-12 Express, SE-601, SE-1200 Express e SE-18, struttura robusta in ABS e acciaio inossidabile.","breadcrumb":{"@id":"https:\/\/swixed.ch\/it\/prodotto\/sed14010\/#breadcrumb"},"inLanguage":"it-IT","potentialAction":[{"@type":"ReadAction","target":["https:\/\/swixed.ch\/it\/prodotto\/sed14010\/"]}]},{"@type":"ImageObject","inLanguage":"it-IT","@id":"https:\/\/swixed.ch\/it\/prodotto\/sed14010\/#primaryimage","url":"https:\/\/swixed.ch\/wp-content\/uploads\/2026\/02\/SED14010-01.png","contentUrl":"https:\/\/swixed.ch\/wp-content\/uploads\/2026\/02\/SED14010-01.png","width":600,"height":600,"caption":"SED14010"},{"@type":"BreadcrumbList","@id":"https:\/\/swixed.ch\/it\/prodotto\/sed14010\/#breadcrumb","itemListElement":[{"@type":"ListItem","position":1,"name":"Home","item":"https:\/\/swixed.ch\/it\/home\/"},{"@type":"ListItem","position":2,"name":"Negozio","item":"https:\/\/swixed.ch\/it\/shop\/"},{"@type":"ListItem","position":3,"name":"Carrello per ECG su ruote Edan MT-801"}]},{"@type":"WebSite","@id":"https:\/\/swixed.ch\/it\/#website","url":"https:\/\/swixed.ch\/it\/","name":"Swixed SA","description":"Dispositivi elettronici","publisher":{"@id":"https:\/\/swixed.ch\/it\/#organization"},"potentialAction":[{"@type":"SearchAction","target":{"@type":"EntryPoint","urlTemplate":"https:\/\/swixed.ch\/it\/?s={search_term_string}"},"query-input":{"@type":"PropertyValueSpecification","valueRequired":true,"valueName":"search_term_string"}}],"inLanguage":"it-IT"},{"@type":"Organization","@id":"https:\/\/swixed.ch\/it\/#organization","name":"Swixed SA","url":"https:\/\/swixed.ch\/it\/","logo":{"@type":"ImageObject","inLanguage":"it-IT","@id":"https:\/\/swixed.ch\/it\/#\/schema\/logo\/image\/","url":"https:\/\/swixed.ch\/wp-content\/uploads\/logos\/swixed-logo-lite.png","contentUrl":"https:\/\/swixed.ch\/wp-content\/uploads\/logos\/swixed-logo-lite.png","width":696,"height":696,"caption":"Swixed SA"},"image":{"@id":"https:\/\/swixed.ch\/it\/#\/schema\/logo\/image\/"},"sameAs":["https:\/\/www.facebook.com\/swixed","https:\/\/www.linkedin.com\/company\/swixed","https:\/\/www.youtube.com\/@swixedsa"],"description":"Swixed SA est une entreprise suisse bas\u00e9e \u00e0 Gen\u00e8ve, sp\u00e9cialis\u00e9e dans la vente, la location et la maintenance d\u2019appareils m\u00e9dicaux professionnels, tels que d\u00e9fibrillateurs AED, \u00e9lectrocardiographes, moniteurs patient et dispositifs de diagnostic.","email":"infoshop@swixed.ch","telephone":"+41 22 566 11 95","legalName":"Swixed SA","foundingDate":"2021-03-01","numberOfEmployees":{"@type":"QuantitativeValue","minValue":"1","maxValue":"10"}}]}},"_links":{"self":[{"href":"https:\/\/swixed.ch\/it\/wp-json\/wp\/v2\/product\/34028","targetHints":{"allow":["GET"]}}],"collection":[{"href":"https:\/\/swixed.ch\/it\/wp-json\/wp\/v2\/product"}],"about":[{"href":"https:\/\/swixed.ch\/it\/wp-json\/wp\/v2\/types\/product"}],"version-history":[{"count":0,"href":"https:\/\/swixed.ch\/it\/wp-json\/wp\/v2\/product\/34028\/revisions"}],"wp:featuredmedia":[{"embeddable":true,"href":"https:\/\/swixed.ch\/it\/wp-json\/wp\/v2\/media\/61877"}],"wp:attachment":[{"href":"https:\/\/swixed.ch\/it\/wp-json\/wp\/v2\/media?parent=34028"}],"wp:term":[{"taxonomy":"product_brand","embeddable":true,"href":"https:\/\/swixed.ch\/it\/wp-json\/wp\/v2\/product_brand?post=34028"},{"taxonomy":"product_cat","embeddable":true,"href":"https:\/\/swixed.ch\/it\/wp-json\/wp\/v2\/product_cat?post=34028"},{"taxonomy":"product_tag","embeddable":true,"href":"https:\/\/swixed.ch\/it\/wp-json\/wp\/v2\/product_tag?post=34028"}],"curies":[{"name":"wp","href":"https:\/\/api.w.org\/{rel}","templated":true}]}}