{"id":34054,"date":"2021-04-30T14:09:03","date_gmt":"2021-04-30T12:09:03","guid":{"rendered":"https:\/\/swixed.com\/produit\/stativo-per-ecg-edan-mt-201-su-rotelle\/"},"modified":"2026-02-03T22:17:35","modified_gmt":"2026-02-03T21:17:35","slug":"sed14009","status":"publish","type":"product","link":"https:\/\/swixed.ch\/it\/prodotto\/sed14009\/","title":{"rendered":"Carrello per ECG su ruote Edan MT-201"},"content":{"rendered":"\t\t<div data-elementor-type=\"product-post\" data-elementor-id=\"34054\" class=\"elementor elementor-34054 elementor-3562\" data-elementor-post-type=\"product\">\n\t\t\t\t<div class=\"elementor-element elementor-element-51336d2 e-con-full e-flex e-con e-parent\" data-id=\"51336d2\" data-element_type=\"container\" data-e-type=\"container\">\n\t\t<div class=\"elementor-element elementor-element-40a7b4e e-con-full e-flex e-con e-child\" data-id=\"40a7b4e\" data-element_type=\"container\" data-e-type=\"container\">\n\t\t\t\t<div class=\"elementor-element elementor-element-02c8255 elementor-widget elementor-widget-heading\" data-id=\"02c8255\" data-element_type=\"widget\" data-e-type=\"widget\" data-widget_type=\"heading.default\">\n\t\t\t\t\t<h2 class=\"elementor-heading-title elementor-size-default\">Caratteristiche principali<\/h2>\t\t\t\t<\/div>\n\t\t\t\t<div class=\"elementor-element elementor-element-39d39dc elementor-widget elementor-widget-text-editor\" data-id=\"39d39dc\" data-element_type=\"widget\" data-e-type=\"widget\" data-widget_type=\"text-editor.default\">\n\t\t\t\t\t\t\t\t\t<p>Il carrello per ECG Edan MT-201 \u00e8 progettato per gli ambienti medici che utilizzano elettrocardiografi Edan compatibili. In primo luogo, \u00e8 progettato per una mobilit\u00e0 controllata. In secondo luogo, la sua struttura garantisce una buona stabilit\u00e0 durante i movimenti interni. Inoltre, i cestini integrati consentono di riporre facilmente gli accessori.   <\/p><p>Caratteristiche principali:<\/p><ul><li>Compatibilit\u00e0 con i modelli Edan SE-3, SE-301, SE-601 e SE-1201<\/li><li>Cinque ruote, due con freni<\/li><li>Altezza regolabile da 58 a 109 cm<\/li><li>L&#8217;unit\u00e0 pu\u00f2 essere inclinata fino a 15\u00b0.<\/li><li>Due cestini portaoggetti integrati<\/li><\/ul><p><br>Questo accessorio migliora l&#8217;organizzazione della postazione di lavoro senza modificare l&#8217;attrezzatura principale.<\/p>\t\t\t\t\t\t\t\t<\/div>\n\t\t\t\t<div class=\"elementor-element elementor-element-2829cf8 elementor-widget elementor-widget-heading\" data-id=\"2829cf8\" data-element_type=\"widget\" data-e-type=\"widget\" data-widget_type=\"heading.default\">\n\t\t\t\t\t<h2 class=\"elementor-heading-title elementor-size-default\">Caratteristiche<\/h2>\t\t\t\t<\/div>\n\t\t\t\t<div class=\"elementor-element elementor-element-db4f713 elementor-widget elementor-widget-text-editor\" data-id=\"db4f713\" data-element_type=\"widget\" data-e-type=\"widget\" data-widget_type=\"text-editor.default\">\n\t\t\t\t\t\t\t\t\t<p>Questo carrello con ruote facilita l&#8217;uso quotidiano dell&#8217;elettrocardiografo. Ti permette di spostare l&#8217;apparecchiatura senza sollevarla. Inoltre, la regolazione dell&#8217;altezza aiuta ad adattare l&#8217;installazione alla posizione di lavoro. Di conseguenza, il dispositivo rimane accessibile durante gli esami.   <\/p><p>Caratteristiche integrate:<\/p><ul><li>Movimento fluido grazie alle ruote multidirezionali<\/li><li>Stabilizzato da freni integrati<\/li><li>Conserva i cavi e i materiali di consumo nei cestini<\/li><li>Opzione braccio aggiuntivo per la gestione dei cavi<\/li><\/ul><p><br>In questo modo, il carrello ottimizza l&#8217;organizzazione dello spazio mantenendo l&#8217;attrezzatura accessibile.<\/p>\t\t\t\t\t\t\t\t<\/div>\n\t\t\t\t<div class=\"elementor-element elementor-element-c2d71f9 elementor-widget elementor-widget-heading\" data-id=\"c2d71f9\" data-element_type=\"widget\" data-e-type=\"widget\" data-widget_type=\"heading.default\">\n\t\t\t\t\t<h2 class=\"elementor-heading-title elementor-size-default\">Utilizzo, conformit\u00e0 e raccomandazioni<\/h2>\t\t\t\t<\/div>\n\t\t\t\t<div class=\"elementor-element elementor-element-3d294ed elementor-widget elementor-widget-text-editor\" data-id=\"3d294ed\" data-element_type=\"widget\" data-e-type=\"widget\" data-widget_type=\"text-editor.default\">\n\t\t\t\t\t\t\t\t\t<p>Il carrello su ruote Edan MT-201 \u00e8 progettato per l&#8217;uso professionale nelle strutture sanitarie svizzere. \u00c8 conforme al quadro normativo applicabile agli accessori per dispositivi medici. <\/p><p>In Svizzera, gli accessori per ECG rientrano nel quadro normativo definito dall&#8217;Ufficio Federale della Sanit\u00e0 Pubblica, che pubblica informazioni generali sul loro utilizzo. Infine, il Centro Svizzero di Informazione sui Regolamenti Tecnici fornisce utili risorse tecniche per i professionisti. <br>\t\t<div data-elementor-type=\"widget\" data-elementor-id=\"60301\" class=\"elementor elementor-60301 elementor-60240 elementor-60240\" data-elementor-post-type=\"elementor_library\">\n\t\t\t\t\t\t<div class=\"elementor-element elementor-element-60240 elementor-widget elementor-widget-text-editor\" data-id=\"60240\" data-element_type=\"widget\" data-e-type=\"widget\" data-widget_type=\"text-editor.default\">\n\t\t\t\t\t\t\t\t\t<p>Per maggiori informazioni, consulta :<\/p><ul><li><a href=\"https:\/\/www.bag.admin.ch\" target=\"_blank\" rel=\"noopener\">Ufficio federale della sanit\u00e0 pubblica (UFSP)<\/a><\/li><li><a href=\"https:\/\/www.switec.info\" target=\"_blank\" rel=\"noopener\">Centro d&#8217;informazione svizzero per le norme tecniche (Switec)<\/a><\/li><\/ul><p><br>I nostri dispositivi medici hanno un rappresentante autorizzato in Svizzera (CH-REP), in conformit\u00e0 con l&#8217;attuale legislazione svizzera sui dispositivi medici.<\/p>\t\t\t\t\t\t\t\t<\/div>\n\t\t\t\t<\/div>\n\t\t<\/p>\t\t\t\t\t\t\t\t<\/div>\n\t\t\t\t<div class=\"elementor-element elementor-element-779265a elementor-widget elementor-widget-heading\" data-id=\"779265a\" data-element_type=\"widget\" data-e-type=\"widget\" data-widget_type=\"heading.default\">\n\t\t\t\t\t<h2 class=\"elementor-heading-title elementor-size-default\">Contenuto<\/h2>\t\t\t\t<\/div>\n\t\t\t\t<div class=\"elementor-element elementor-element-59500e5 elementor-widget elementor-widget-text-editor\" data-id=\"59500e5\" data-element_type=\"widget\" data-e-type=\"widget\" data-widget_type=\"text-editor.default\">\n\t\t\t\t\t\t\t\t\t<p>Il carrello su ruote Edan MT-201 viene fornito come accessorio per gli elettrocardiografi Edan compatibili. Permette un&#8217;installazione mobile e strutturata del dispositivo in ambienti professionali. <\/p><p>Contenuto della confezione :<\/p><ul><li>1 carrello Edan MT-201<\/li><li>2 cestini per gli accessori medici<\/li><li>Braccio di supporto del cavo (opzionale)<\/li><\/ul>\t\t\t\t\t\t\t\t<\/div>\n\t\t\t\t<\/div>\n\t\t\t\t<\/div>\n\t\t\t\t<\/div>\n\t\t","protected":false},"excerpt":{"rendered":"<p>Il carrello su ruote Edan MT-201 \u00e8 un accessorio per gli elettrocardiografi della serie Edan SE, come Edan SE-3, SE-301, SE-601 e SE-1201. Facilita il posizionamento e lo spostamento del dispositivo in ambienti medici. La sua struttura \u00e8 sostenuta da cinque ruote, due delle quali dotate di freni, e incorpora due cestini portaoggetti. Inoltre, l&#8217;altezza pu\u00f2 essere regolata per adattarsi in modo ergonomico a diverse postazioni di lavoro. \u00c8 disponibile anche l&#8217;opzione braccio a cavo.    <\/p>\n","protected":false},"featured_media":61886,"template":"","meta":{"_acf_changed":false},"product_brand":[2082],"product_cat":[1197,966],"product_tag":[4490,3760,5184,4428,4424,7825,7839,6743,7838,7837],"class_list":{"0":"post-34054","1":"product","2":"type-product","3":"status-publish","4":"has-post-thumbnail","6":"product_brand-edan-it","7":"product_cat-accessori-elettrocardiografi","8":"product_cat-elettrocardiografi","9":"product_tag-accessorio-ecg","10":"product_tag-attrezzature-mediche","11":"product_tag-carrello-a-ruote","12":"product_tag-carrello-medico","13":"product_tag-carrello-per-ecg","14":"product_tag-compatibile-con-edan","15":"product_tag-installazione-dellecg","16":"product_tag-manutenzione-dellecg","17":"product_tag-mobili-medici","18":"product_tag-supporto-ecg","20":"first","21":"instock","22":"taxable","23":"shipping-taxable","24":"purchasable","25":"product-type-variable","26":"has-default-attributes"},"acf":[],"yoast_head":"<!-- This site is optimized with the Yoast SEO Premium plugin v27.4 (Yoast SEO v27.4) - https:\/\/yoast.com\/product\/yoast-seo-premium-wordpress\/ -->\n<title>Carrello su ruote Edan MT-201 per elettrocardiografo Edan | Swixed SA<\/title>\n<meta name=\"description\" content=\"Carrello Edan MT-201 compatibile con l&#039;ECG Edan SE. Struttura stabile, altezza regolabile, cestini integrati, braccio portacavi opzionale.\" \/>\n<meta name=\"robots\" content=\"index, follow, max-snippet:-1, max-image-preview:large, max-video-preview:-1\" \/>\n<link rel=\"canonical\" href=\"https:\/\/swixed.ch\/it\/prodotto\/sed14009\/\" \/>\n<meta property=\"og:locale\" content=\"it_IT\" \/>\n<meta property=\"og:type\" content=\"article\" \/>\n<meta property=\"og:title\" content=\"Carrello per ECG su ruote Edan MT-201\" \/>\n<meta property=\"og:description\" content=\"Carrello Edan MT-201 compatibile con l&#039;ECG Edan SE. Struttura stabile, altezza regolabile, cestini integrati, braccio portacavi opzionale.\" \/>\n<meta property=\"og:url\" content=\"https:\/\/swixed.ch\/it\/prodotto\/sed14009\/\" \/>\n<meta property=\"og:site_name\" content=\"Swixed SA\" \/>\n<meta property=\"article:publisher\" content=\"https:\/\/www.facebook.com\/swixed\" \/>\n<meta property=\"article:modified_time\" content=\"2026-02-03T21:17:35+00:00\" \/>\n<meta property=\"og:image\" content=\"https:\/\/swixed.ch\/wp-content\/uploads\/2026\/02\/SED14009-01.png\" \/>\n\t<meta property=\"og:image:width\" content=\"600\" \/>\n\t<meta property=\"og:image:height\" content=\"600\" \/>\n\t<meta property=\"og:image:type\" content=\"image\/png\" \/>\n<meta name=\"twitter:card\" content=\"summary_large_image\" \/>\n<meta name=\"twitter:label1\" content=\"Tempo di lettura stimato\" \/>\n\t<meta name=\"twitter:data1\" content=\"1 minuto\" \/>\n<script type=\"application\/ld+json\" class=\"yoast-schema-graph\">{\"@context\":\"https:\\\/\\\/schema.org\",\"@graph\":[{\"@type\":\"WebPage\",\"@id\":\"https:\\\/\\\/swixed.ch\\\/it\\\/prodotto\\\/sed14009\\\/\",\"url\":\"https:\\\/\\\/swixed.ch\\\/it\\\/prodotto\\\/sed14009\\\/\",\"name\":\"Carrello su ruote Edan MT-201 per elettrocardiografo Edan | Swixed SA\",\"isPartOf\":{\"@id\":\"https:\\\/\\\/swixed.ch\\\/it\\\/#website\"},\"primaryImageOfPage\":{\"@id\":\"https:\\\/\\\/swixed.ch\\\/it\\\/prodotto\\\/sed14009\\\/#primaryimage\"},\"image\":{\"@id\":\"https:\\\/\\\/swixed.ch\\\/it\\\/prodotto\\\/sed14009\\\/#primaryimage\"},\"thumbnailUrl\":\"https:\\\/\\\/swixed.ch\\\/wp-content\\\/uploads\\\/2026\\\/02\\\/SED14009-01.png\",\"datePublished\":\"2021-04-30T12:09:03+00:00\",\"dateModified\":\"2026-02-03T21:17:35+00:00\",\"description\":\"Carrello Edan MT-201 compatibile con l'ECG Edan SE. Struttura stabile, altezza regolabile, cestini integrati, braccio portacavi opzionale.\",\"breadcrumb\":{\"@id\":\"https:\\\/\\\/swixed.ch\\\/it\\\/prodotto\\\/sed14009\\\/#breadcrumb\"},\"inLanguage\":\"it-IT\",\"potentialAction\":[{\"@type\":\"ReadAction\",\"target\":[\"https:\\\/\\\/swixed.ch\\\/it\\\/prodotto\\\/sed14009\\\/\"]}]},{\"@type\":\"ImageObject\",\"inLanguage\":\"it-IT\",\"@id\":\"https:\\\/\\\/swixed.ch\\\/it\\\/prodotto\\\/sed14009\\\/#primaryimage\",\"url\":\"https:\\\/\\\/swixed.ch\\\/wp-content\\\/uploads\\\/2026\\\/02\\\/SED14009-01.png\",\"contentUrl\":\"https:\\\/\\\/swixed.ch\\\/wp-content\\\/uploads\\\/2026\\\/02\\\/SED14009-01.png\",\"width\":600,\"height\":600,\"caption\":\"SED14009\"},{\"@type\":\"BreadcrumbList\",\"@id\":\"https:\\\/\\\/swixed.ch\\\/it\\\/prodotto\\\/sed14009\\\/#breadcrumb\",\"itemListElement\":[{\"@type\":\"ListItem\",\"position\":1,\"name\":\"Home\",\"item\":\"https:\\\/\\\/swixed.ch\\\/it\\\/home\\\/\"},{\"@type\":\"ListItem\",\"position\":2,\"name\":\"Negozio\",\"item\":\"https:\\\/\\\/swixed.ch\\\/it\\\/shop\\\/\"},{\"@type\":\"ListItem\",\"position\":3,\"name\":\"Carrello per ECG su ruote Edan MT-201\"}]},{\"@type\":\"WebSite\",\"@id\":\"https:\\\/\\\/swixed.ch\\\/it\\\/#website\",\"url\":\"https:\\\/\\\/swixed.ch\\\/it\\\/\",\"name\":\"Swixed SA\",\"description\":\"Dispositivi elettronici\",\"publisher\":{\"@id\":\"https:\\\/\\\/swixed.ch\\\/it\\\/#organization\"},\"potentialAction\":[{\"@type\":\"SearchAction\",\"target\":{\"@type\":\"EntryPoint\",\"urlTemplate\":\"https:\\\/\\\/swixed.ch\\\/it\\\/?s={search_term_string}\"},\"query-input\":{\"@type\":\"PropertyValueSpecification\",\"valueRequired\":true,\"valueName\":\"search_term_string\"}}],\"inLanguage\":\"it-IT\"},{\"@type\":\"Organization\",\"@id\":\"https:\\\/\\\/swixed.ch\\\/it\\\/#organization\",\"name\":\"Swixed SA\",\"url\":\"https:\\\/\\\/swixed.ch\\\/it\\\/\",\"logo\":{\"@type\":\"ImageObject\",\"inLanguage\":\"it-IT\",\"@id\":\"https:\\\/\\\/swixed.ch\\\/it\\\/#\\\/schema\\\/logo\\\/image\\\/\",\"url\":\"https:\\\/\\\/swixed.ch\\\/wp-content\\\/uploads\\\/logos\\\/swixed-logo-lite.png\",\"contentUrl\":\"https:\\\/\\\/swixed.ch\\\/wp-content\\\/uploads\\\/logos\\\/swixed-logo-lite.png\",\"width\":696,\"height\":696,\"caption\":\"Swixed SA\"},\"image\":{\"@id\":\"https:\\\/\\\/swixed.ch\\\/it\\\/#\\\/schema\\\/logo\\\/image\\\/\"},\"sameAs\":[\"https:\\\/\\\/www.facebook.com\\\/swixed\",\"https:\\\/\\\/www.linkedin.com\\\/company\\\/swixed\",\"https:\\\/\\\/www.youtube.com\\\/@swixedsa\"],\"description\":\"Swixed SA est une entreprise suisse bas\u00e9e \u00e0 Gen\u00e8ve, sp\u00e9cialis\u00e9e dans la vente, la location et la maintenance d\u2019appareils m\u00e9dicaux professionnels, tels que d\u00e9fibrillateurs AED, \u00e9lectrocardiographes, moniteurs patient et dispositifs de diagnostic.\",\"email\":\"infoshop@swixed.ch\",\"telephone\":\"+41 22 566 11 95\",\"legalName\":\"Swixed SA\",\"foundingDate\":\"2021-03-01\",\"numberOfEmployees\":{\"@type\":\"QuantitativeValue\",\"minValue\":\"1\",\"maxValue\":\"10\"}}]}<\/script>\n<!-- \/ Yoast SEO Premium plugin. -->","yoast_head_json":{"title":"Carrello su ruote Edan MT-201 per elettrocardiografo Edan | Swixed SA","description":"Carrello Edan MT-201 compatibile con l'ECG Edan SE. Struttura stabile, altezza regolabile, cestini integrati, braccio portacavi opzionale.","robots":{"index":"index","follow":"follow","max-snippet":"max-snippet:-1","max-image-preview":"max-image-preview:large","max-video-preview":"max-video-preview:-1"},"canonical":"https:\/\/swixed.ch\/it\/prodotto\/sed14009\/","og_locale":"it_IT","og_type":"article","og_title":"Carrello per ECG su ruote Edan MT-201","og_description":"Carrello Edan MT-201 compatibile con l'ECG Edan SE. Struttura stabile, altezza regolabile, cestini integrati, braccio portacavi opzionale.","og_url":"https:\/\/swixed.ch\/it\/prodotto\/sed14009\/","og_site_name":"Swixed SA","article_publisher":"https:\/\/www.facebook.com\/swixed","article_modified_time":"2026-02-03T21:17:35+00:00","og_image":[{"width":600,"height":600,"url":"https:\/\/swixed.ch\/wp-content\/uploads\/2026\/02\/SED14009-01.png","type":"image\/png"}],"twitter_card":"summary_large_image","twitter_misc":{"Tempo di lettura stimato":"1 minuto"},"schema":{"@context":"https:\/\/schema.org","@graph":[{"@type":"WebPage","@id":"https:\/\/swixed.ch\/it\/prodotto\/sed14009\/","url":"https:\/\/swixed.ch\/it\/prodotto\/sed14009\/","name":"Carrello su ruote Edan MT-201 per elettrocardiografo Edan | Swixed SA","isPartOf":{"@id":"https:\/\/swixed.ch\/it\/#website"},"primaryImageOfPage":{"@id":"https:\/\/swixed.ch\/it\/prodotto\/sed14009\/#primaryimage"},"image":{"@id":"https:\/\/swixed.ch\/it\/prodotto\/sed14009\/#primaryimage"},"thumbnailUrl":"https:\/\/swixed.ch\/wp-content\/uploads\/2026\/02\/SED14009-01.png","datePublished":"2021-04-30T12:09:03+00:00","dateModified":"2026-02-03T21:17:35+00:00","description":"Carrello Edan MT-201 compatibile con l'ECG Edan SE. Struttura stabile, altezza regolabile, cestini integrati, braccio portacavi opzionale.","breadcrumb":{"@id":"https:\/\/swixed.ch\/it\/prodotto\/sed14009\/#breadcrumb"},"inLanguage":"it-IT","potentialAction":[{"@type":"ReadAction","target":["https:\/\/swixed.ch\/it\/prodotto\/sed14009\/"]}]},{"@type":"ImageObject","inLanguage":"it-IT","@id":"https:\/\/swixed.ch\/it\/prodotto\/sed14009\/#primaryimage","url":"https:\/\/swixed.ch\/wp-content\/uploads\/2026\/02\/SED14009-01.png","contentUrl":"https:\/\/swixed.ch\/wp-content\/uploads\/2026\/02\/SED14009-01.png","width":600,"height":600,"caption":"SED14009"},{"@type":"BreadcrumbList","@id":"https:\/\/swixed.ch\/it\/prodotto\/sed14009\/#breadcrumb","itemListElement":[{"@type":"ListItem","position":1,"name":"Home","item":"https:\/\/swixed.ch\/it\/home\/"},{"@type":"ListItem","position":2,"name":"Negozio","item":"https:\/\/swixed.ch\/it\/shop\/"},{"@type":"ListItem","position":3,"name":"Carrello per ECG su ruote Edan MT-201"}]},{"@type":"WebSite","@id":"https:\/\/swixed.ch\/it\/#website","url":"https:\/\/swixed.ch\/it\/","name":"Swixed SA","description":"Dispositivi elettronici","publisher":{"@id":"https:\/\/swixed.ch\/it\/#organization"},"potentialAction":[{"@type":"SearchAction","target":{"@type":"EntryPoint","urlTemplate":"https:\/\/swixed.ch\/it\/?s={search_term_string}"},"query-input":{"@type":"PropertyValueSpecification","valueRequired":true,"valueName":"search_term_string"}}],"inLanguage":"it-IT"},{"@type":"Organization","@id":"https:\/\/swixed.ch\/it\/#organization","name":"Swixed SA","url":"https:\/\/swixed.ch\/it\/","logo":{"@type":"ImageObject","inLanguage":"it-IT","@id":"https:\/\/swixed.ch\/it\/#\/schema\/logo\/image\/","url":"https:\/\/swixed.ch\/wp-content\/uploads\/logos\/swixed-logo-lite.png","contentUrl":"https:\/\/swixed.ch\/wp-content\/uploads\/logos\/swixed-logo-lite.png","width":696,"height":696,"caption":"Swixed SA"},"image":{"@id":"https:\/\/swixed.ch\/it\/#\/schema\/logo\/image\/"},"sameAs":["https:\/\/www.facebook.com\/swixed","https:\/\/www.linkedin.com\/company\/swixed","https:\/\/www.youtube.com\/@swixedsa"],"description":"Swixed SA est une entreprise suisse bas\u00e9e \u00e0 Gen\u00e8ve, sp\u00e9cialis\u00e9e dans la vente, la location et la maintenance d\u2019appareils m\u00e9dicaux professionnels, tels que d\u00e9fibrillateurs AED, \u00e9lectrocardiographes, moniteurs patient et dispositifs de diagnostic.","email":"infoshop@swixed.ch","telephone":"+41 22 566 11 95","legalName":"Swixed SA","foundingDate":"2021-03-01","numberOfEmployees":{"@type":"QuantitativeValue","minValue":"1","maxValue":"10"}}]}},"_links":{"self":[{"href":"https:\/\/swixed.ch\/it\/wp-json\/wp\/v2\/product\/34054","targetHints":{"allow":["GET"]}}],"collection":[{"href":"https:\/\/swixed.ch\/it\/wp-json\/wp\/v2\/product"}],"about":[{"href":"https:\/\/swixed.ch\/it\/wp-json\/wp\/v2\/types\/product"}],"version-history":[{"count":0,"href":"https:\/\/swixed.ch\/it\/wp-json\/wp\/v2\/product\/34054\/revisions"}],"wp:featuredmedia":[{"embeddable":true,"href":"https:\/\/swixed.ch\/it\/wp-json\/wp\/v2\/media\/61886"}],"wp:attachment":[{"href":"https:\/\/swixed.ch\/it\/wp-json\/wp\/v2\/media?parent=34054"}],"wp:term":[{"taxonomy":"product_brand","embeddable":true,"href":"https:\/\/swixed.ch\/it\/wp-json\/wp\/v2\/product_brand?post=34054"},{"taxonomy":"product_cat","embeddable":true,"href":"https:\/\/swixed.ch\/it\/wp-json\/wp\/v2\/product_cat?post=34054"},{"taxonomy":"product_tag","embeddable":true,"href":"https:\/\/swixed.ch\/it\/wp-json\/wp\/v2\/product_tag?post=34054"}],"curies":[{"name":"wp","href":"https:\/\/api.w.org\/{rel}","templated":true}]}}