{"id":34122,"date":"2021-05-04T14:39:57","date_gmt":"2021-05-04T12:39:57","guid":{"rendered":"https:\/\/swixed.com\/produit\/oftalmoscopio-heine-mini-3000-25-v\/"},"modified":"2025-11-29T23:23:09","modified_gmt":"2025-11-29T22:23:09","slug":"sed82001","status":"publish","type":"product","link":"https:\/\/swixed.ch\/it\/prodotto\/sed82001\/","title":{"rendered":"Oftalmoscopio Heine Mini 3000 2,5V"},"content":{"rendered":"\t\t<div data-elementor-type=\"product-post\" data-elementor-id=\"34122\" class=\"elementor elementor-34122 elementor-3946\" data-elementor-post-type=\"product\">\n\t\t\t\t\t\t<section class=\"elementor-section elementor-top-section elementor-element elementor-element-c0f3979 elementor-section-full_width elementor-section-height-default elementor-section-height-default\" data-id=\"c0f3979\" data-element_type=\"section\" data-e-type=\"section\">\n\t\t\t\t\t\t<div class=\"elementor-container elementor-column-gap-default\">\n\t\t\t\t\t<div class=\"elementor-column elementor-col-100 elementor-top-column elementor-element elementor-element-6e68e75\" data-id=\"6e68e75\" data-element_type=\"column\" data-e-type=\"column\">\n\t\t\t<div class=\"elementor-widget-wrap elementor-element-populated\">\n\t\t\t\t\t\t<div class=\"elementor-element elementor-element-0684e71 elementor-widget elementor-widget-heading\" data-id=\"0684e71\" data-element_type=\"widget\" data-e-type=\"widget\" data-widget_type=\"heading.default\">\n\t\t\t\t\t<h2 class=\"elementor-heading-title elementor-size-default\">Descrizione<\/h2>\t\t\t\t<\/div>\n\t\t\t\t<div class=\"elementor-element elementor-element-3376bb3 elementor-widget elementor-widget-text-editor\" data-id=\"3376bb3\" data-element_type=\"widget\" data-e-type=\"widget\" data-widget_type=\"text-editor.default\">\n\t\t\t\t\t\t\t\t\t<p>L&#8217;oftalmoscopio Heine Mini 3000 da 2,5 V fa parte della gamma Mini 3000, che si distingue per il design compatto e la maneggevolezza. Questo strumento di alta qualit\u00e0 \u00e8 stato progettato appositamente per gli esami oculistici e offre caratteristiche innovative come lo spegnimento automatico e la maggiore stabilit\u00e0 dei componenti interni. <\/p><p>Questo modello \u00e8 dotato di tecnologia XHL (Xenon Halogen), che proietta una luce bianca intensa e omogenea, garantendo un&#8217;illuminazione ottimale della parte posteriore dell&#8217;occhio. Le sue ottiche di precisione in un formato ridotto lo rendono ideale per i professionisti in movimento. <\/p><p>L&#8217;oftalmoscopio Mini 3000 offre cinque diversi diaframmi: spot grande, spot piccolo, stella di fissazione (centrata e decentrata), mezza luna e filtro verde. Questo permette agli utenti di adattare le impostazioni in base alle esigenze dell&#8217;esame. <\/p>\t\t\t\t\t\t\t\t<\/div>\n\t\t\t\t<div class=\"elementor-element elementor-element-287050e elementor-widget elementor-widget-heading\" data-id=\"287050e\" data-element_type=\"widget\" data-e-type=\"widget\" data-widget_type=\"heading.default\">\n\t\t\t\t\t<h2 class=\"elementor-heading-title elementor-size-default\">Caratteristiche<\/h2>\t\t\t\t<\/div>\n\t\t\t\t<div class=\"elementor-element elementor-element-1d4f7c1 elementor-widget elementor-widget-text-editor\" data-id=\"1d4f7c1\" data-element_type=\"widget\" data-e-type=\"widget\" data-widget_type=\"text-editor.default\">\n\t\t\t\t\t\t\t\t\t<ul><li>Impugnatura e testa indipendenti per una migliore ergonomia<\/li><li>Superficie antiscivolo sul manico per una presa sicura<\/li><li>Include due batterie AA per un funzionamento immediato<\/li><li>Compatibile con l&#8217;intera gamma Mini 3000<\/li><\/ul>\t\t\t\t\t\t\t\t<\/div>\n\t\t\t\t<div class=\"elementor-element elementor-element-e828e10 elementor-widget elementor-widget-heading\" data-id=\"e828e10\" data-element_type=\"widget\" data-e-type=\"widget\" data-widget_type=\"heading.default\">\n\t\t\t\t\t<h2 class=\"elementor-heading-title elementor-size-default\">Opzione LED<\/h2>\t\t\t\t<\/div>\n\t\t\t\t<div class=\"elementor-element elementor-element-fb2e28e elementor-widget elementor-widget-text-editor\" data-id=\"fb2e28e\" data-element_type=\"widget\" data-e-type=\"widget\" data-widget_type=\"text-editor.default\">\n\t\t\t\t\t\t\t\t\t<p>Per una luminosit\u00e0 superiore, l&#8217;opzione LED del Mini 3000 offre un&#8217;illuminazione senza riflessi e senza abbagliamento, due volte pi\u00f9 luminosa delle lampade alogene tradizionali. Questo sistema offre una resa cromatica eccezionale e facilita una diagnostica accurata. Inoltre, l&#8217;illuminazione a LED non richiede manutenzione e non \u00e8 necessario sostituire la lampadina.  <\/p>\t\t\t\t\t\t\t\t<\/div>\n\t\t\t\t<div class=\"elementor-element elementor-element-406abcb elementor-widget elementor-widget-heading\" data-id=\"406abcb\" data-element_type=\"widget\" data-e-type=\"widget\" data-widget_type=\"heading.default\">\n\t\t\t\t\t<h2 class=\"elementor-heading-title elementor-size-default\">Contenuto<\/h2>\t\t\t\t<\/div>\n\t\t\t\t<div class=\"elementor-element elementor-element-0193456 elementor-widget elementor-widget-text-editor\" data-id=\"0193456\" data-element_type=\"widget\" data-e-type=\"widget\" data-widget_type=\"text-editor.default\">\n\t\t\t\t\t\t\t\t\t<ul><li>1 testina per oftalmoscopio Heine Mini 3000<\/li><li>1 lampadina XHL<\/li><li>1 Manico della batteria<\/li><li>2 batterie AA (non ricaricabili)<\/li><\/ul><p><em><strong>Nota: <\/strong>l&#8217;oftalmoscopio Heine Mini 3000 \u00e8 un dispositivo medico destinato all&#8217;uso professionale. Segui le istruzioni per l&#8217;uso per garantire esami oftalmici sicuri ed efficaci. <\/em><\/p>\t\t\t\t\t\t\t\t<\/div>\n\t\t\t\t\t<\/div>\n\t\t<\/div>\n\t\t\t\t\t<\/div>\n\t\t<\/section>\n\t\t\t\t<\/div>\n\t\t","protected":false},"excerpt":{"rendered":"<p>Scopri l&#8217;oftalmoscopio Heine Mini 3000, un dispositivo compatto e leggero per l&#8217;esame della vista con luce alogena XHL per una visibilit\u00e0 ottimale.<\/p>\n","protected":false},"featured_media":27356,"template":"","meta":{"_acf_changed":false},"product_brand":[2148],"product_cat":[1338,1344],"product_tag":[4122,3760,3512,969,5377,2739,1668,5372,5374,5370,5376,5369,5373,5375,5371,5378],"class_list":{"0":"post-34122","1":"product","2":"type-product","3":"status-publish","4":"has-post-thumbnail","6":"product_brand-heine-it","7":"product_cat-oftalmoscopi","8":"product_cat-apparecchi-oftalmoscopi","9":"product_tag-assistenza-sanitaria","10":"product_tag-attrezzature-mediche","11":"product_tag-computer-portatile","12":"product_tag-diagnostica","13":"product_tag-dispositivi-medici-it","14":"product_tag-dispositivi-medici","15":"product_tag-eina","16":"product_tag-luce-alogena","17":"product_tag-medicina-it","18":"product_tag-mini-3000-it","19":"product_tag-oftalmologia-it","20":"product_tag-oftalmoscopio-it","21":"product_tag-ottica","22":"product_tag-strumenti-per-la-salute","23":"product_tag-visita-oculistica","24":"product_tag-visita-oculistica-it","26":"first","27":"instock","28":"taxable","29":"shipping-taxable","30":"purchasable","31":"product-type-variable","32":"has-default-attributes"},"acf":[],"yoast_head":"<!-- This site is optimized with the Yoast SEO Premium plugin v27.4 (Yoast SEO v27.4) - https:\/\/yoast.com\/product\/yoast-seo-premium-wordpress\/ -->\n<title>Oftalmoscopio Heine Mini 3000 2,5V | Swixed SA<\/title>\n<meta name=\"description\" content=\"Scopri l&#039;oftalmoscopio Heine Mini 3000 2.5V, compatto e performante, per esami oculistici accurati. Ideale per i professionisti della salute.\" \/>\n<meta name=\"robots\" content=\"index, follow, max-snippet:-1, max-image-preview:large, max-video-preview:-1\" \/>\n<link rel=\"canonical\" href=\"https:\/\/swixed.ch\/it\/prodotto\/sed82001\/\" \/>\n<meta property=\"og:locale\" content=\"it_IT\" \/>\n<meta property=\"og:type\" content=\"article\" \/>\n<meta property=\"og:title\" content=\"Oftalmoscopio Heine Mini 3000 2,5V\" \/>\n<meta property=\"og:description\" content=\"Scopri l&#039;oftalmoscopio Heine Mini 3000 2.5V, compatto e performante, per esami oculistici accurati. Ideale per i professionisti della salute.\" \/>\n<meta property=\"og:url\" content=\"https:\/\/swixed.ch\/it\/prodotto\/sed82001\/\" \/>\n<meta property=\"og:site_name\" content=\"Swixed SA\" \/>\n<meta property=\"article:publisher\" content=\"https:\/\/www.facebook.com\/swixed\" \/>\n<meta property=\"article:modified_time\" content=\"2025-11-29T22:23:09+00:00\" \/>\n<meta property=\"og:image\" content=\"https:\/\/swixed.ch\/wp-content\/uploads\/products\/heine-mini-3000-ophtalmoscope-01.png\" \/>\n\t<meta property=\"og:image:width\" content=\"600\" \/>\n\t<meta property=\"og:image:height\" content=\"600\" \/>\n\t<meta property=\"og:image:type\" content=\"image\/png\" \/>\n<meta name=\"twitter:card\" content=\"summary_large_image\" \/>\n<meta name=\"twitter:label1\" content=\"Tempo di lettura stimato\" \/>\n\t<meta name=\"twitter:data1\" content=\"1 minuto\" \/>\n<script type=\"application\/ld+json\" class=\"yoast-schema-graph\">{\"@context\":\"https:\\\/\\\/schema.org\",\"@graph\":[{\"@type\":\"WebPage\",\"@id\":\"https:\\\/\\\/swixed.ch\\\/it\\\/prodotto\\\/sed82001\\\/\",\"url\":\"https:\\\/\\\/swixed.ch\\\/it\\\/prodotto\\\/sed82001\\\/\",\"name\":\"Oftalmoscopio Heine Mini 3000 2,5V | Swixed SA\",\"isPartOf\":{\"@id\":\"https:\\\/\\\/swixed.ch\\\/it\\\/#website\"},\"primaryImageOfPage\":{\"@id\":\"https:\\\/\\\/swixed.ch\\\/it\\\/prodotto\\\/sed82001\\\/#primaryimage\"},\"image\":{\"@id\":\"https:\\\/\\\/swixed.ch\\\/it\\\/prodotto\\\/sed82001\\\/#primaryimage\"},\"thumbnailUrl\":\"https:\\\/\\\/swixed.ch\\\/wp-content\\\/uploads\\\/products\\\/heine-mini-3000-ophtalmoscope-01.png\",\"datePublished\":\"2021-05-04T12:39:57+00:00\",\"dateModified\":\"2025-11-29T22:23:09+00:00\",\"description\":\"Scopri l'oftalmoscopio Heine Mini 3000 2.5V, compatto e performante, per esami oculistici accurati. Ideale per i professionisti della salute.\",\"breadcrumb\":{\"@id\":\"https:\\\/\\\/swixed.ch\\\/it\\\/prodotto\\\/sed82001\\\/#breadcrumb\"},\"inLanguage\":\"it-IT\",\"potentialAction\":[{\"@type\":\"ReadAction\",\"target\":[\"https:\\\/\\\/swixed.ch\\\/it\\\/prodotto\\\/sed82001\\\/\"]}]},{\"@type\":\"ImageObject\",\"inLanguage\":\"it-IT\",\"@id\":\"https:\\\/\\\/swixed.ch\\\/it\\\/prodotto\\\/sed82001\\\/#primaryimage\",\"url\":\"https:\\\/\\\/swixed.ch\\\/wp-content\\\/uploads\\\/products\\\/heine-mini-3000-ophtalmoscope-01.png\",\"contentUrl\":\"https:\\\/\\\/swixed.ch\\\/wp-content\\\/uploads\\\/products\\\/heine-mini-3000-ophtalmoscope-01.png\",\"width\":600,\"height\":600,\"caption\":\"Oftalmoscopio Heine mini 3000 2,5 V\"},{\"@type\":\"BreadcrumbList\",\"@id\":\"https:\\\/\\\/swixed.ch\\\/it\\\/prodotto\\\/sed82001\\\/#breadcrumb\",\"itemListElement\":[{\"@type\":\"ListItem\",\"position\":1,\"name\":\"Home\",\"item\":\"https:\\\/\\\/swixed.ch\\\/it\\\/home\\\/\"},{\"@type\":\"ListItem\",\"position\":2,\"name\":\"Negozio\",\"item\":\"https:\\\/\\\/swixed.ch\\\/it\\\/shop\\\/\"},{\"@type\":\"ListItem\",\"position\":3,\"name\":\"Oftalmoscopio Heine Mini 3000 2,5V\"}]},{\"@type\":\"WebSite\",\"@id\":\"https:\\\/\\\/swixed.ch\\\/it\\\/#website\",\"url\":\"https:\\\/\\\/swixed.ch\\\/it\\\/\",\"name\":\"Swixed SA\",\"description\":\"Dispositivi elettronici\",\"publisher\":{\"@id\":\"https:\\\/\\\/swixed.ch\\\/it\\\/#organization\"},\"potentialAction\":[{\"@type\":\"SearchAction\",\"target\":{\"@type\":\"EntryPoint\",\"urlTemplate\":\"https:\\\/\\\/swixed.ch\\\/it\\\/?s={search_term_string}\"},\"query-input\":{\"@type\":\"PropertyValueSpecification\",\"valueRequired\":true,\"valueName\":\"search_term_string\"}}],\"inLanguage\":\"it-IT\"},{\"@type\":\"Organization\",\"@id\":\"https:\\\/\\\/swixed.ch\\\/it\\\/#organization\",\"name\":\"Swixed SA\",\"url\":\"https:\\\/\\\/swixed.ch\\\/it\\\/\",\"logo\":{\"@type\":\"ImageObject\",\"inLanguage\":\"it-IT\",\"@id\":\"https:\\\/\\\/swixed.ch\\\/it\\\/#\\\/schema\\\/logo\\\/image\\\/\",\"url\":\"https:\\\/\\\/swixed.ch\\\/wp-content\\\/uploads\\\/logos\\\/swixed-logo-lite.png\",\"contentUrl\":\"https:\\\/\\\/swixed.ch\\\/wp-content\\\/uploads\\\/logos\\\/swixed-logo-lite.png\",\"width\":696,\"height\":696,\"caption\":\"Swixed SA\"},\"image\":{\"@id\":\"https:\\\/\\\/swixed.ch\\\/it\\\/#\\\/schema\\\/logo\\\/image\\\/\"},\"sameAs\":[\"https:\\\/\\\/www.facebook.com\\\/swixed\",\"https:\\\/\\\/www.linkedin.com\\\/company\\\/swixed\",\"https:\\\/\\\/www.youtube.com\\\/@swixedsa\"],\"description\":\"Swixed SA est une entreprise suisse bas\u00e9e \u00e0 Gen\u00e8ve, sp\u00e9cialis\u00e9e dans la vente, la location et la maintenance d\u2019appareils m\u00e9dicaux professionnels, tels que d\u00e9fibrillateurs AED, \u00e9lectrocardiographes, moniteurs patient et dispositifs de diagnostic.\",\"email\":\"infoshop@swixed.ch\",\"telephone\":\"+41 22 566 11 95\",\"legalName\":\"Swixed SA\",\"foundingDate\":\"2021-03-01\",\"numberOfEmployees\":{\"@type\":\"QuantitativeValue\",\"minValue\":\"1\",\"maxValue\":\"10\"}}]}<\/script>\n<!-- \/ Yoast SEO Premium plugin. -->","yoast_head_json":{"title":"Oftalmoscopio Heine Mini 3000 2,5V | Swixed SA","description":"Scopri l'oftalmoscopio Heine Mini 3000 2.5V, compatto e performante, per esami oculistici accurati. Ideale per i professionisti della salute.","robots":{"index":"index","follow":"follow","max-snippet":"max-snippet:-1","max-image-preview":"max-image-preview:large","max-video-preview":"max-video-preview:-1"},"canonical":"https:\/\/swixed.ch\/it\/prodotto\/sed82001\/","og_locale":"it_IT","og_type":"article","og_title":"Oftalmoscopio Heine Mini 3000 2,5V","og_description":"Scopri l'oftalmoscopio Heine Mini 3000 2.5V, compatto e performante, per esami oculistici accurati. Ideale per i professionisti della salute.","og_url":"https:\/\/swixed.ch\/it\/prodotto\/sed82001\/","og_site_name":"Swixed SA","article_publisher":"https:\/\/www.facebook.com\/swixed","article_modified_time":"2025-11-29T22:23:09+00:00","og_image":[{"width":600,"height":600,"url":"https:\/\/swixed.ch\/wp-content\/uploads\/products\/heine-mini-3000-ophtalmoscope-01.png","type":"image\/png"}],"twitter_card":"summary_large_image","twitter_misc":{"Tempo di lettura stimato":"1 minuto"},"schema":{"@context":"https:\/\/schema.org","@graph":[{"@type":"WebPage","@id":"https:\/\/swixed.ch\/it\/prodotto\/sed82001\/","url":"https:\/\/swixed.ch\/it\/prodotto\/sed82001\/","name":"Oftalmoscopio Heine Mini 3000 2,5V | Swixed SA","isPartOf":{"@id":"https:\/\/swixed.ch\/it\/#website"},"primaryImageOfPage":{"@id":"https:\/\/swixed.ch\/it\/prodotto\/sed82001\/#primaryimage"},"image":{"@id":"https:\/\/swixed.ch\/it\/prodotto\/sed82001\/#primaryimage"},"thumbnailUrl":"https:\/\/swixed.ch\/wp-content\/uploads\/products\/heine-mini-3000-ophtalmoscope-01.png","datePublished":"2021-05-04T12:39:57+00:00","dateModified":"2025-11-29T22:23:09+00:00","description":"Scopri l'oftalmoscopio Heine Mini 3000 2.5V, compatto e performante, per esami oculistici accurati. Ideale per i professionisti della salute.","breadcrumb":{"@id":"https:\/\/swixed.ch\/it\/prodotto\/sed82001\/#breadcrumb"},"inLanguage":"it-IT","potentialAction":[{"@type":"ReadAction","target":["https:\/\/swixed.ch\/it\/prodotto\/sed82001\/"]}]},{"@type":"ImageObject","inLanguage":"it-IT","@id":"https:\/\/swixed.ch\/it\/prodotto\/sed82001\/#primaryimage","url":"https:\/\/swixed.ch\/wp-content\/uploads\/products\/heine-mini-3000-ophtalmoscope-01.png","contentUrl":"https:\/\/swixed.ch\/wp-content\/uploads\/products\/heine-mini-3000-ophtalmoscope-01.png","width":600,"height":600,"caption":"Oftalmoscopio Heine mini 3000 2,5 V"},{"@type":"BreadcrumbList","@id":"https:\/\/swixed.ch\/it\/prodotto\/sed82001\/#breadcrumb","itemListElement":[{"@type":"ListItem","position":1,"name":"Home","item":"https:\/\/swixed.ch\/it\/home\/"},{"@type":"ListItem","position":2,"name":"Negozio","item":"https:\/\/swixed.ch\/it\/shop\/"},{"@type":"ListItem","position":3,"name":"Oftalmoscopio Heine Mini 3000 2,5V"}]},{"@type":"WebSite","@id":"https:\/\/swixed.ch\/it\/#website","url":"https:\/\/swixed.ch\/it\/","name":"Swixed SA","description":"Dispositivi elettronici","publisher":{"@id":"https:\/\/swixed.ch\/it\/#organization"},"potentialAction":[{"@type":"SearchAction","target":{"@type":"EntryPoint","urlTemplate":"https:\/\/swixed.ch\/it\/?s={search_term_string}"},"query-input":{"@type":"PropertyValueSpecification","valueRequired":true,"valueName":"search_term_string"}}],"inLanguage":"it-IT"},{"@type":"Organization","@id":"https:\/\/swixed.ch\/it\/#organization","name":"Swixed SA","url":"https:\/\/swixed.ch\/it\/","logo":{"@type":"ImageObject","inLanguage":"it-IT","@id":"https:\/\/swixed.ch\/it\/#\/schema\/logo\/image\/","url":"https:\/\/swixed.ch\/wp-content\/uploads\/logos\/swixed-logo-lite.png","contentUrl":"https:\/\/swixed.ch\/wp-content\/uploads\/logos\/swixed-logo-lite.png","width":696,"height":696,"caption":"Swixed SA"},"image":{"@id":"https:\/\/swixed.ch\/it\/#\/schema\/logo\/image\/"},"sameAs":["https:\/\/www.facebook.com\/swixed","https:\/\/www.linkedin.com\/company\/swixed","https:\/\/www.youtube.com\/@swixedsa"],"description":"Swixed SA est une entreprise suisse bas\u00e9e \u00e0 Gen\u00e8ve, sp\u00e9cialis\u00e9e dans la vente, la location et la maintenance d\u2019appareils m\u00e9dicaux professionnels, tels que d\u00e9fibrillateurs AED, \u00e9lectrocardiographes, moniteurs patient et dispositifs de diagnostic.","email":"infoshop@swixed.ch","telephone":"+41 22 566 11 95","legalName":"Swixed SA","foundingDate":"2021-03-01","numberOfEmployees":{"@type":"QuantitativeValue","minValue":"1","maxValue":"10"}}]}},"_links":{"self":[{"href":"https:\/\/swixed.ch\/it\/wp-json\/wp\/v2\/product\/34122","targetHints":{"allow":["GET"]}}],"collection":[{"href":"https:\/\/swixed.ch\/it\/wp-json\/wp\/v2\/product"}],"about":[{"href":"https:\/\/swixed.ch\/it\/wp-json\/wp\/v2\/types\/product"}],"version-history":[{"count":0,"href":"https:\/\/swixed.ch\/it\/wp-json\/wp\/v2\/product\/34122\/revisions"}],"wp:featuredmedia":[{"embeddable":true,"href":"https:\/\/swixed.ch\/it\/wp-json\/wp\/v2\/media\/27356"}],"wp:attachment":[{"href":"https:\/\/swixed.ch\/it\/wp-json\/wp\/v2\/media?parent=34122"}],"wp:term":[{"taxonomy":"product_brand","embeddable":true,"href":"https:\/\/swixed.ch\/it\/wp-json\/wp\/v2\/product_brand?post=34122"},{"taxonomy":"product_cat","embeddable":true,"href":"https:\/\/swixed.ch\/it\/wp-json\/wp\/v2\/product_cat?post=34122"},{"taxonomy":"product_tag","embeddable":true,"href":"https:\/\/swixed.ch\/it\/wp-json\/wp\/v2\/product_tag?post=34122"}],"curies":[{"name":"wp","href":"https:\/\/api.w.org\/{rel}","templated":true}]}}