{"id":34160,"date":"2021-05-04T11:41:35","date_gmt":"2021-05-04T09:41:35","guid":{"rendered":"https:\/\/swixed.com\/produit\/otoscopio-a-fibre-ottiche-heine-beta-200\/"},"modified":"2025-11-29T23:23:09","modified_gmt":"2025-11-29T22:23:09","slug":"sed80002","status":"publish","type":"product","link":"https:\/\/swixed.ch\/it\/prodotto\/sed80002\/","title":{"rendered":"Otoscopio a fibre ottiche Heine Beta 200"},"content":{"rendered":"\t\t<div data-elementor-type=\"product-post\" data-elementor-id=\"34160\" class=\"elementor elementor-34160 elementor-3931\" data-elementor-post-type=\"product\">\n\t\t\t\t\t\t<section class=\"elementor-section elementor-top-section elementor-element elementor-element-834d306 elementor-section-boxed elementor-section-height-default elementor-section-height-default\" data-id=\"834d306\" data-element_type=\"section\" data-e-type=\"section\">\n\t\t\t\t\t\t<div class=\"elementor-container elementor-column-gap-default\">\n\t\t\t\t\t<div class=\"elementor-column elementor-col-100 elementor-top-column elementor-element elementor-element-085465e\" data-id=\"085465e\" data-element_type=\"column\" data-e-type=\"column\">\n\t\t\t<div class=\"elementor-widget-wrap elementor-element-populated\">\n\t\t\t\t\t\t<div class=\"elementor-element elementor-element-0684e71 elementor-widget elementor-widget-heading\" data-id=\"0684e71\" data-element_type=\"widget\" data-e-type=\"widget\" data-widget_type=\"heading.default\">\n\t\t\t\t\t<h2 class=\"elementor-heading-title elementor-size-default\">Descrizione<\/h2>\t\t\t\t<\/div>\n\t\t\t\t\t<\/div>\n\t\t<\/div>\n\t\t\t\t\t<\/div>\n\t\t<\/section>\n\t\t\t\t<section class=\"elementor-section elementor-top-section elementor-element elementor-element-c0f3979 elementor-section-boxed elementor-section-height-default elementor-section-height-default\" data-id=\"c0f3979\" data-element_type=\"section\" data-e-type=\"section\">\n\t\t\t\t\t\t<div class=\"elementor-container elementor-column-gap-default\">\n\t\t\t\t\t<div class=\"elementor-column elementor-col-100 elementor-top-column elementor-element elementor-element-6e68e75\" data-id=\"6e68e75\" data-element_type=\"column\" data-e-type=\"column\">\n\t\t\t<div class=\"elementor-widget-wrap elementor-element-populated\">\n\t\t\t\t\t\t<div class=\"elementor-element elementor-element-3376bb3 elementor-widget elementor-widget-text-editor\" data-id=\"3376bb3\" data-element_type=\"widget\" data-e-type=\"widget\" data-widget_type=\"text-editor.default\">\n\t\t\t\t\t\t\t\t\t<p>L&#8217;otoscopio Heine Beta 200 \u00e8 uno strumento medico di alta precisione progettato per fornire una visione chiara e senza ostacoli del condotto uditivo grazie all&#8217;illuminazione a fibre ottiche. L&#8217;illuminazione distale senza ombre garantisce un&#8217;illuminazione uniforme per un&#8217;osservazione ottimale. La finestra di visualizzazione antigraffio con ingrandimento x3 fornisce un&#8217;immagine nitida e priva di distorsioni, anche ai bordi, per una diagnosi accurata.  <\/p><p>Realizzato con un involucro in metallo cromato opaco, l&#8217;otoscopio \u00e8 robusto e facile da pulire. Il suo interno nero opaco elimina i fastidiosi riflessi, ottimizzando la qualit\u00e0 dell&#8217;immagine. Questo dispositivo \u00e8 stato progettato principalmente per esaminare il condotto uditivo, ma pu\u00f2 essere utilizzato anche per illuminare altre superfici per esami non invasivi, come la cavit\u00e0 orale o la pelle.  <\/p><p><strong>Opzione LED<\/strong>: l&#8217;otoscopio Heine Beta 200 pu\u00f2 essere dotato di un&#8217;illuminazione a LED, due volte pi\u00f9 luminosa di quella alogena tradizionale, che offre una resa cromatica eccezionale per diagnosi ancora pi\u00f9 accurate.<\/p>\t\t\t\t\t\t\t\t<\/div>\n\t\t\t\t<div class=\"elementor-element elementor-element-39a42da elementor-widget elementor-widget-text-editor\" data-id=\"39a42da\" data-element_type=\"widget\" data-e-type=\"widget\" data-widget_type=\"text-editor.default\">\n\t\t\t\t\t\t\t\t\t<p><em><strong>Nota: <\/strong>l&#8217;otoscopio Heine Beta 200 \u00e8 un dispositivo medico destinato all&#8217;uso da parte di operatori sanitari. Deve essere utilizzato da personale qualificato per garantire una diagnosi affidabile e un utilizzo corretto per evitare errori medici. <\/em><\/p>\t\t\t\t\t\t\t\t<\/div>\n\t\t\t\t<div class=\"elementor-element elementor-element-129b88b elementor-widget elementor-widget-heading\" data-id=\"129b88b\" data-element_type=\"widget\" data-e-type=\"widget\" data-widget_type=\"heading.default\">\n\t\t\t\t\t<h2 class=\"elementor-heading-title elementor-size-default\">Otoscopio a fibre ottiche Heine Beta 200 versione 2,5 V XHL<\/h2>\t\t\t\t<\/div>\n\t\t\t\t<div class=\"elementor-element elementor-element-29e3acb elementor-widget elementor-widget-text-editor\" data-id=\"29e3acb\" data-element_type=\"widget\" data-e-type=\"widget\" data-widget_type=\"text-editor.default\">\n\t\t\t\t\t\t\t\t\t<p><strong>Ref. SED80002-01 <\/strong>Con manico a batteria.<\/p><ul><li>Otoscopio diagnostico a fibre ottiche BETA 200 2,5 V XHL.<\/li><li>Impugnatura a batteria (batterie non incluse)<\/li><li>Set di 4 specule Heine riutilizzabili in Sanalon (autoclavabili).<\/li><li>10 Specula monouso di Heine.<\/li><li>1 lampadina di ricambio.<\/li><li>Custodia rigida.<\/li><\/ul>\t\t\t\t\t\t\t\t<\/div>\n\t\t\t\t<div class=\"elementor-element elementor-element-32cac10 elementor-widget elementor-widget-heading\" data-id=\"32cac10\" data-element_type=\"widget\" data-e-type=\"widget\" data-widget_type=\"heading.default\">\n\t\t\t\t\t<h2 class=\"elementor-heading-title elementor-size-default\">Otoscopio a fibre ottiche Heine Beta 200 versione 3.5V XHL (a seconda del modello scelto)<\/h2>\t\t\t\t<\/div>\n\t\t\t\t<div class=\"elementor-element elementor-element-1061015 elementor-widget elementor-widget-text-editor\" data-id=\"1061015\" data-element_type=\"widget\" data-e-type=\"widget\" data-widget_type=\"text-editor.default\">\n\t\t\t\t\t\t\t\t\t<p><strong>Rif. SED80002-02 <\/strong>Con impugnatura BETA4 (Li-ION) e caricatore USB<\/p><ul><li>Testa dell&#8217;otoscopio a fibre ottiche BETA 200 3,5 V.<\/li><li>Impugnatura ricaricabile BETA4 (batterie Li-ION)<\/li><li>Set di 4 specule Heine riutilizzabili in Sanalon (autoclavabili).<\/li><li>10 Specula monouso di Heine.<\/li><li>1 lampadina di ricambio.<\/li><li>Custodia rigida.<\/li><li>Caricatore USB (cavo + alimentatore).<\/li><\/ul><p><strong>Rif. SED80002-03 <\/strong>Con impugnatura BETA4 (Li-ION) e caricatore NT 4<\/p><ul><li>Testa dell&#8217;otoscopio a fibre ottiche BETA 200 3,5 V.<\/li><li>Impugnatura ricaricabile BETA4 (batterie Li-ION)<\/li><li>Set di 4 specule Heine riutilizzabili in Sanalon (autoclavabili).<\/li><li>10 Specula monouso di Heine.<\/li><li>1 lampadina di ricambio.<\/li><li>Custodia rigida.<\/li><li>Caricatore di tabelle NT4.<\/li><\/ul>\t\t\t\t\t\t\t\t<\/div>\n\t\t\t\t<div class=\"elementor-element elementor-element-96abbb7 elementor-widget elementor-widget-heading\" data-id=\"96abbb7\" data-element_type=\"widget\" data-e-type=\"widget\" data-widget_type=\"heading.default\">\n\t\t\t\t\t<h2 class=\"elementor-heading-title elementor-size-default\">Otoscopio a fibre ottiche Heine Beta 200, versione LED (a seconda del modello scelto)<\/h2>\t\t\t\t<\/div>\n\t\t\t\t<div class=\"elementor-element elementor-element-133f076 elementor-widget elementor-widget-text-editor\" data-id=\"133f076\" data-element_type=\"widget\" data-e-type=\"widget\" data-widget_type=\"text-editor.default\">\n\t\t\t\t\t\t\t\t\t<p><strong>Rif. SED80002-04 <\/strong>Con impugnatura BETA4 (Li-ION) e caricatore USB<\/p><ul><li>Testa dell&#8217;otoscopio a fibre ottiche BETA 200 LED.<\/li><li>Impugnatura ricaricabile BETA4 (batterie Li-ION)<\/li><li>Set di 4 specule Heine riutilizzabili in Sanalon (autoclavabili).<\/li><li>10 Specula monouso di Heine.<\/li><li>Custodia rigida.<\/li><li>Caricatore USB (cavo + alimentatore).<\/li><\/ul><p><strong>Rif. SED80002-05 <\/strong>Con impugnatura BETA4 (Li-ION) e caricatore NT 4<\/p><ul><li>Testa dell&#8217;otoscopio a fibre ottiche BETA 200 LED.<\/li><li>Impugnatura ricaricabile BETA4 (batterie Li-ION)<\/li><li>Set di 4 specule Heine riutilizzabili in Sanalon (autoclavabili).<\/li><li>10 Specula monouso di Heine.<\/li><li>Custodia rigida.<\/li><li>Caricatore di tabelle NT4.<\/li><\/ul>\t\t\t\t\t\t\t\t<\/div>\n\t\t\t\t\t<\/div>\n\t\t<\/div>\n\t\t\t\t\t<\/div>\n\t\t<\/section>\n\t\t\t\t<\/div>\n\t\t","protected":false},"excerpt":{"rendered":"<p>L&#8217;otoscopio Heine Beta 200 con illuminazione a fibre ottiche offre un&#8217;osservazione chiara e priva di riflessi grazie all&#8217;ingrandimento x3 e all&#8217;illuminazione uniforme. Progettato per un uso professionale, \u00e8 dotato di una robusta custodia in metallo e di una finestra antigraffio. L&#8217;interno nero opaco elimina i riflessi indesiderati, garantendo una visione chiara del condotto uditivo. Adatto ad altri esami non invasivi, questo dispositivo \u00e8 ideale per una diagnosi affidabile e precisa.   <\/p>\n","protected":false},"featured_media":27656,"template":"","meta":{"_acf_changed":false},"product_brand":[2148],"product_cat":[1357,1406],"product_tag":[6103,6102,6107,6108,6099,6104,6105,6110,6106,6098,6101,6112,6100,6111,6109],"class_list":{"0":"post-34160","1":"product","2":"type-product","3":"status-publish","4":"has-post-thumbnail","6":"product_brand-heine-it","7":"product_cat-apparecchi-otoscopi","8":"product_cat-otoscopi","9":"product_tag-attrezzatura-per-otoscopia","10":"product_tag-diagnosi-delludito","11":"product_tag-esame-dellorecchio-con-otoscopio","12":"product_tag-heine-beta-200-f-o-it","13":"product_tag-otoscopio-a-fibre-ottiche-it","14":"product_tag-otoscopio-a-led","15":"product_tag-otoscopio-alogeno","16":"product_tag-otoscopio-con-illuminazione-distale","17":"product_tag-otoscopio-con-ingrandimento","18":"product_tag-otoscopio-heine-beta-200-it","19":"product_tag-otoscopio-medico-it","20":"product_tag-otoscopio-per-medici","21":"product_tag-otoscopio-professionale","22":"product_tag-otoscopio-robusto-it","23":"product_tag-strumenti-medici-otoscopio","25":"first","26":"instock","27":"taxable","28":"shipping-taxable","29":"purchasable","30":"product-type-variable","31":"has-default-attributes"},"acf":[],"yoast_head":"<!-- This site is optimized with the Yoast SEO Premium plugin v27.4 (Yoast SEO v27.4) - https:\/\/yoast.com\/product\/yoast-seo-premium-wordpress\/ -->\n<title>Otoscopio a fibre ottiche Heine Beta 200 | Swixed SA<\/title>\n<meta name=\"description\" content=\"Otoscopio a fibre ottiche Heine Beta 200 con illuminazione distale per esami dell&#039;udito accurati, robusto, non abbagliante, ingrandimento 3x.\" \/>\n<meta name=\"robots\" content=\"index, follow, max-snippet:-1, max-image-preview:large, max-video-preview:-1\" \/>\n<link rel=\"canonical\" href=\"https:\/\/swixed.ch\/it\/prodotto\/sed80002\/\" \/>\n<meta property=\"og:locale\" content=\"it_IT\" \/>\n<meta property=\"og:type\" content=\"article\" \/>\n<meta property=\"og:title\" content=\"Otoscopio a fibre ottiche Heine Beta 200\" \/>\n<meta property=\"og:description\" content=\"Otoscopio a fibre ottiche Heine Beta 200 con illuminazione distale per esami dell&#039;udito accurati, robusto, non abbagliante, ingrandimento 3x.\" \/>\n<meta property=\"og:url\" content=\"https:\/\/swixed.ch\/it\/prodotto\/sed80002\/\" \/>\n<meta property=\"og:site_name\" content=\"Swixed SA\" \/>\n<meta property=\"article:publisher\" content=\"https:\/\/www.facebook.com\/swixed\" \/>\n<meta property=\"article:modified_time\" content=\"2025-11-29T22:23:09+00:00\" \/>\n<meta property=\"og:image\" content=\"https:\/\/swixed.ch\/wp-content\/uploads\/products\/heine-beta-200-01.png\" \/>\n\t<meta property=\"og:image:width\" content=\"600\" \/>\n\t<meta property=\"og:image:height\" content=\"600\" \/>\n\t<meta property=\"og:image:type\" content=\"image\/png\" \/>\n<meta name=\"twitter:card\" content=\"summary_large_image\" \/>\n<meta name=\"twitter:label1\" content=\"Tempo di lettura stimato\" \/>\n\t<meta name=\"twitter:data1\" content=\"2 minuti\" \/>\n<script type=\"application\/ld+json\" class=\"yoast-schema-graph\">{\"@context\":\"https:\\\/\\\/schema.org\",\"@graph\":[{\"@type\":\"WebPage\",\"@id\":\"https:\\\/\\\/swixed.ch\\\/it\\\/prodotto\\\/sed80002\\\/\",\"url\":\"https:\\\/\\\/swixed.ch\\\/it\\\/prodotto\\\/sed80002\\\/\",\"name\":\"Otoscopio a fibre ottiche Heine Beta 200 | Swixed SA\",\"isPartOf\":{\"@id\":\"https:\\\/\\\/swixed.ch\\\/it\\\/#website\"},\"primaryImageOfPage\":{\"@id\":\"https:\\\/\\\/swixed.ch\\\/it\\\/prodotto\\\/sed80002\\\/#primaryimage\"},\"image\":{\"@id\":\"https:\\\/\\\/swixed.ch\\\/it\\\/prodotto\\\/sed80002\\\/#primaryimage\"},\"thumbnailUrl\":\"https:\\\/\\\/swixed.ch\\\/wp-content\\\/uploads\\\/products\\\/heine-beta-200-01.png\",\"datePublished\":\"2021-05-04T09:41:35+00:00\",\"dateModified\":\"2025-11-29T22:23:09+00:00\",\"description\":\"Otoscopio a fibre ottiche Heine Beta 200 con illuminazione distale per esami dell'udito accurati, robusto, non abbagliante, ingrandimento 3x.\",\"breadcrumb\":{\"@id\":\"https:\\\/\\\/swixed.ch\\\/it\\\/prodotto\\\/sed80002\\\/#breadcrumb\"},\"inLanguage\":\"it-IT\",\"potentialAction\":[{\"@type\":\"ReadAction\",\"target\":[\"https:\\\/\\\/swixed.ch\\\/it\\\/prodotto\\\/sed80002\\\/\"]}]},{\"@type\":\"ImageObject\",\"inLanguage\":\"it-IT\",\"@id\":\"https:\\\/\\\/swixed.ch\\\/it\\\/prodotto\\\/sed80002\\\/#primaryimage\",\"url\":\"https:\\\/\\\/swixed.ch\\\/wp-content\\\/uploads\\\/products\\\/heine-beta-200-01.png\",\"contentUrl\":\"https:\\\/\\\/swixed.ch\\\/wp-content\\\/uploads\\\/products\\\/heine-beta-200-01.png\",\"width\":600,\"height\":600,\"caption\":\"Otoscopio a fibre ottiche Heine Beta 200\"},{\"@type\":\"BreadcrumbList\",\"@id\":\"https:\\\/\\\/swixed.ch\\\/it\\\/prodotto\\\/sed80002\\\/#breadcrumb\",\"itemListElement\":[{\"@type\":\"ListItem\",\"position\":1,\"name\":\"Home\",\"item\":\"https:\\\/\\\/swixed.ch\\\/it\\\/home\\\/\"},{\"@type\":\"ListItem\",\"position\":2,\"name\":\"Negozio\",\"item\":\"https:\\\/\\\/swixed.ch\\\/it\\\/shop\\\/\"},{\"@type\":\"ListItem\",\"position\":3,\"name\":\"Otoscopio a fibre ottiche Heine Beta 200\"}]},{\"@type\":\"WebSite\",\"@id\":\"https:\\\/\\\/swixed.ch\\\/it\\\/#website\",\"url\":\"https:\\\/\\\/swixed.ch\\\/it\\\/\",\"name\":\"Swixed SA\",\"description\":\"Dispositivi elettronici\",\"publisher\":{\"@id\":\"https:\\\/\\\/swixed.ch\\\/it\\\/#organization\"},\"potentialAction\":[{\"@type\":\"SearchAction\",\"target\":{\"@type\":\"EntryPoint\",\"urlTemplate\":\"https:\\\/\\\/swixed.ch\\\/it\\\/?s={search_term_string}\"},\"query-input\":{\"@type\":\"PropertyValueSpecification\",\"valueRequired\":true,\"valueName\":\"search_term_string\"}}],\"inLanguage\":\"it-IT\"},{\"@type\":\"Organization\",\"@id\":\"https:\\\/\\\/swixed.ch\\\/it\\\/#organization\",\"name\":\"Swixed SA\",\"url\":\"https:\\\/\\\/swixed.ch\\\/it\\\/\",\"logo\":{\"@type\":\"ImageObject\",\"inLanguage\":\"it-IT\",\"@id\":\"https:\\\/\\\/swixed.ch\\\/it\\\/#\\\/schema\\\/logo\\\/image\\\/\",\"url\":\"https:\\\/\\\/swixed.ch\\\/wp-content\\\/uploads\\\/logos\\\/swixed-logo-lite.png\",\"contentUrl\":\"https:\\\/\\\/swixed.ch\\\/wp-content\\\/uploads\\\/logos\\\/swixed-logo-lite.png\",\"width\":696,\"height\":696,\"caption\":\"Swixed SA\"},\"image\":{\"@id\":\"https:\\\/\\\/swixed.ch\\\/it\\\/#\\\/schema\\\/logo\\\/image\\\/\"},\"sameAs\":[\"https:\\\/\\\/www.facebook.com\\\/swixed\",\"https:\\\/\\\/www.linkedin.com\\\/company\\\/swixed\",\"https:\\\/\\\/www.youtube.com\\\/@swixedsa\"],\"description\":\"Swixed SA est une entreprise suisse bas\u00e9e \u00e0 Gen\u00e8ve, sp\u00e9cialis\u00e9e dans la vente, la location et la maintenance d\u2019appareils m\u00e9dicaux professionnels, tels que d\u00e9fibrillateurs AED, \u00e9lectrocardiographes, moniteurs patient et dispositifs de diagnostic.\",\"email\":\"infoshop@swixed.ch\",\"telephone\":\"+41 22 566 11 95\",\"legalName\":\"Swixed SA\",\"foundingDate\":\"2021-03-01\",\"numberOfEmployees\":{\"@type\":\"QuantitativeValue\",\"minValue\":\"1\",\"maxValue\":\"10\"}}]}<\/script>\n<!-- \/ Yoast SEO Premium plugin. -->","yoast_head_json":{"title":"Otoscopio a fibre ottiche Heine Beta 200 | Swixed SA","description":"Otoscopio a fibre ottiche Heine Beta 200 con illuminazione distale per esami dell'udito accurati, robusto, non abbagliante, ingrandimento 3x.","robots":{"index":"index","follow":"follow","max-snippet":"max-snippet:-1","max-image-preview":"max-image-preview:large","max-video-preview":"max-video-preview:-1"},"canonical":"https:\/\/swixed.ch\/it\/prodotto\/sed80002\/","og_locale":"it_IT","og_type":"article","og_title":"Otoscopio a fibre ottiche Heine Beta 200","og_description":"Otoscopio a fibre ottiche Heine Beta 200 con illuminazione distale per esami dell'udito accurati, robusto, non abbagliante, ingrandimento 3x.","og_url":"https:\/\/swixed.ch\/it\/prodotto\/sed80002\/","og_site_name":"Swixed SA","article_publisher":"https:\/\/www.facebook.com\/swixed","article_modified_time":"2025-11-29T22:23:09+00:00","og_image":[{"width":600,"height":600,"url":"https:\/\/swixed.ch\/wp-content\/uploads\/products\/heine-beta-200-01.png","type":"image\/png"}],"twitter_card":"summary_large_image","twitter_misc":{"Tempo di lettura stimato":"2 minuti"},"schema":{"@context":"https:\/\/schema.org","@graph":[{"@type":"WebPage","@id":"https:\/\/swixed.ch\/it\/prodotto\/sed80002\/","url":"https:\/\/swixed.ch\/it\/prodotto\/sed80002\/","name":"Otoscopio a fibre ottiche Heine Beta 200 | Swixed SA","isPartOf":{"@id":"https:\/\/swixed.ch\/it\/#website"},"primaryImageOfPage":{"@id":"https:\/\/swixed.ch\/it\/prodotto\/sed80002\/#primaryimage"},"image":{"@id":"https:\/\/swixed.ch\/it\/prodotto\/sed80002\/#primaryimage"},"thumbnailUrl":"https:\/\/swixed.ch\/wp-content\/uploads\/products\/heine-beta-200-01.png","datePublished":"2021-05-04T09:41:35+00:00","dateModified":"2025-11-29T22:23:09+00:00","description":"Otoscopio a fibre ottiche Heine Beta 200 con illuminazione distale per esami dell'udito accurati, robusto, non abbagliante, ingrandimento 3x.","breadcrumb":{"@id":"https:\/\/swixed.ch\/it\/prodotto\/sed80002\/#breadcrumb"},"inLanguage":"it-IT","potentialAction":[{"@type":"ReadAction","target":["https:\/\/swixed.ch\/it\/prodotto\/sed80002\/"]}]},{"@type":"ImageObject","inLanguage":"it-IT","@id":"https:\/\/swixed.ch\/it\/prodotto\/sed80002\/#primaryimage","url":"https:\/\/swixed.ch\/wp-content\/uploads\/products\/heine-beta-200-01.png","contentUrl":"https:\/\/swixed.ch\/wp-content\/uploads\/products\/heine-beta-200-01.png","width":600,"height":600,"caption":"Otoscopio a fibre ottiche Heine Beta 200"},{"@type":"BreadcrumbList","@id":"https:\/\/swixed.ch\/it\/prodotto\/sed80002\/#breadcrumb","itemListElement":[{"@type":"ListItem","position":1,"name":"Home","item":"https:\/\/swixed.ch\/it\/home\/"},{"@type":"ListItem","position":2,"name":"Negozio","item":"https:\/\/swixed.ch\/it\/shop\/"},{"@type":"ListItem","position":3,"name":"Otoscopio a fibre ottiche Heine Beta 200"}]},{"@type":"WebSite","@id":"https:\/\/swixed.ch\/it\/#website","url":"https:\/\/swixed.ch\/it\/","name":"Swixed SA","description":"Dispositivi elettronici","publisher":{"@id":"https:\/\/swixed.ch\/it\/#organization"},"potentialAction":[{"@type":"SearchAction","target":{"@type":"EntryPoint","urlTemplate":"https:\/\/swixed.ch\/it\/?s={search_term_string}"},"query-input":{"@type":"PropertyValueSpecification","valueRequired":true,"valueName":"search_term_string"}}],"inLanguage":"it-IT"},{"@type":"Organization","@id":"https:\/\/swixed.ch\/it\/#organization","name":"Swixed SA","url":"https:\/\/swixed.ch\/it\/","logo":{"@type":"ImageObject","inLanguage":"it-IT","@id":"https:\/\/swixed.ch\/it\/#\/schema\/logo\/image\/","url":"https:\/\/swixed.ch\/wp-content\/uploads\/logos\/swixed-logo-lite.png","contentUrl":"https:\/\/swixed.ch\/wp-content\/uploads\/logos\/swixed-logo-lite.png","width":696,"height":696,"caption":"Swixed SA"},"image":{"@id":"https:\/\/swixed.ch\/it\/#\/schema\/logo\/image\/"},"sameAs":["https:\/\/www.facebook.com\/swixed","https:\/\/www.linkedin.com\/company\/swixed","https:\/\/www.youtube.com\/@swixedsa"],"description":"Swixed SA est une entreprise suisse bas\u00e9e \u00e0 Gen\u00e8ve, sp\u00e9cialis\u00e9e dans la vente, la location et la maintenance d\u2019appareils m\u00e9dicaux professionnels, tels que d\u00e9fibrillateurs AED, \u00e9lectrocardiographes, moniteurs patient et dispositifs de diagnostic.","email":"infoshop@swixed.ch","telephone":"+41 22 566 11 95","legalName":"Swixed SA","foundingDate":"2021-03-01","numberOfEmployees":{"@type":"QuantitativeValue","minValue":"1","maxValue":"10"}}]}},"_links":{"self":[{"href":"https:\/\/swixed.ch\/it\/wp-json\/wp\/v2\/product\/34160","targetHints":{"allow":["GET"]}}],"collection":[{"href":"https:\/\/swixed.ch\/it\/wp-json\/wp\/v2\/product"}],"about":[{"href":"https:\/\/swixed.ch\/it\/wp-json\/wp\/v2\/types\/product"}],"version-history":[{"count":0,"href":"https:\/\/swixed.ch\/it\/wp-json\/wp\/v2\/product\/34160\/revisions"}],"wp:featuredmedia":[{"embeddable":true,"href":"https:\/\/swixed.ch\/it\/wp-json\/wp\/v2\/media\/27656"}],"wp:attachment":[{"href":"https:\/\/swixed.ch\/it\/wp-json\/wp\/v2\/media?parent=34160"}],"wp:term":[{"taxonomy":"product_brand","embeddable":true,"href":"https:\/\/swixed.ch\/it\/wp-json\/wp\/v2\/product_brand?post=34160"},{"taxonomy":"product_cat","embeddable":true,"href":"https:\/\/swixed.ch\/it\/wp-json\/wp\/v2\/product_cat?post=34160"},{"taxonomy":"product_tag","embeddable":true,"href":"https:\/\/swixed.ch\/it\/wp-json\/wp\/v2\/product_tag?post=34160"}],"curies":[{"name":"wp","href":"https:\/\/api.w.org\/{rel}","templated":true}]}}