{"id":34205,"date":"2021-05-04T10:17:16","date_gmt":"2021-05-04T08:17:16","guid":{"rendered":"https:\/\/swixed.com\/produit\/otoscopio-a-fibre-ottiche-heine-mini-3000-25-v\/"},"modified":"2025-12-28T20:58:33","modified_gmt":"2025-12-28T19:58:33","slug":"sed80001","status":"publish","type":"product","link":"https:\/\/swixed.ch\/it\/prodotto\/sed80001\/","title":{"rendered":"Heine Mini 3000 &#8211; Otoscopio a fibre ottiche da 2,5 V"},"content":{"rendered":"\t\t<div data-elementor-type=\"product-post\" data-elementor-id=\"34205\" class=\"elementor elementor-34205 elementor-3915\" data-elementor-post-type=\"product\">\n\t\t\t\t\t\t<section class=\"elementor-section elementor-top-section elementor-element elementor-element-834d306 elementor-section-boxed elementor-section-height-default elementor-section-height-default\" data-id=\"834d306\" data-element_type=\"section\" data-e-type=\"section\">\n\t\t\t\t\t\t<div class=\"elementor-container elementor-column-gap-default\">\n\t\t\t\t\t<div class=\"elementor-column elementor-col-100 elementor-top-column elementor-element elementor-element-085465e\" data-id=\"085465e\" data-element_type=\"column\" data-e-type=\"column\">\n\t\t\t<div class=\"elementor-widget-wrap elementor-element-populated\">\n\t\t\t\t\t\t<div class=\"elementor-element elementor-element-0684e71 elementor-widget elementor-widget-heading\" data-id=\"0684e71\" data-element_type=\"widget\" data-e-type=\"widget\" data-widget_type=\"heading.default\">\n\t\t\t\t\t<h2 class=\"elementor-heading-title elementor-size-default\">Descrizione<\/h2>\t\t\t\t<\/div>\n\t\t\t\t\t<\/div>\n\t\t<\/div>\n\t\t\t\t\t<\/div>\n\t\t<\/section>\n\t\t\t\t<section class=\"elementor-section elementor-top-section elementor-element elementor-element-c0f3979 elementor-section-boxed elementor-section-height-default elementor-section-height-default\" data-id=\"c0f3979\" data-element_type=\"section\" data-e-type=\"section\">\n\t\t\t\t\t\t<div class=\"elementor-container elementor-column-gap-default\">\n\t\t\t\t\t<div class=\"elementor-column elementor-col-100 elementor-top-column elementor-element elementor-element-6e68e75\" data-id=\"6e68e75\" data-element_type=\"column\" data-e-type=\"column\">\n\t\t\t<div class=\"elementor-widget-wrap elementor-element-populated\">\n\t\t\t\t\t\t<div class=\"elementor-element elementor-element-3376bb3 elementor-widget elementor-widget-text-editor\" data-id=\"3376bb3\" data-element_type=\"widget\" data-e-type=\"widget\" data-widget_type=\"text-editor.default\">\n\t\t\t\t\t\t\t\t\t<p>L&#8217;otoscopio<strong> a fibre ottiche HEINE Mini 3000<\/strong> \u00e8 un otoscopio tascabile compatto dal design moderno e di alta qualit\u00e0. Come tutti gli strumenti della nuova gamma Mini 3000 di Heine, presenta funzioni innovative come lo spegnimento automatico e una maggiore stabilit\u00e0 dei componenti interni dello strumento. <br>La sua finestra di osservazione offre un <strong>ingrandimento x3<\/strong> senza distorsione dell&#8217;immagine. <br>\u00c8 alimentato da due batterie AA da 1,5 V.<br>Pratico! La clip di fissaggio con interruttore integrato spegne automaticamente l&#8217;otoscopio quando lo si ripone in tasca.<\/p><p><strong>Opzione LED<\/strong><br>L&#8217;otoscopio mini 3000 F.O. a LED offre un&#8217;illuminazione priva di abbagliamento e due volte pi\u00f9 luminosa rispetto agli strumenti alogeni. Offre inoltre una resa cromatica eccezionale e una diagnostica molto precisa.<\/p><p>L&#8217;otoscopio Heine Mini 3000 FO 2,5 V e la sua versione a LED sono forniti con un manico a batteria, 4 specula riutilizzabili (2,4 mm, 3 mm, 4 mm, 5 mm), 10 specula monouso da 2,5 e 4 mm (5 ciascuno) e 2 batterie AA.<\/p><p>Come opzione \u00e8 disponibile una <strong>custodia rigida<\/strong>.<\/p>\t\t\t\t\t\t\t\t<\/div>\n\t\t\t\t\t<\/div>\n\t\t<\/div>\n\t\t\t\t\t<\/div>\n\t\t<\/section>\n\t\t\t\t<\/div>\n\t\t","protected":false},"excerpt":{"rendered":"<p>L\u2019Heine Mini 3000 \u00e8 un otoscopio compatto con illuminazione a fibre ottiche. Fa parte della serie Mini 3000 di Heine ed \u00e8 dotato di spegnimento automatico e corpo resistente. Funziona con due batterie AA da 1,5 V e include una clip di fissaggio con interruttore integrato. Dispositivo certificato CE, conforme alle specifiche del produttore.   <\/p>\n","protected":false},"featured_media":28720,"template":"","meta":{"_acf_changed":false},"product_brand":[2148],"product_cat":[1406,1357],"product_tag":[969,1104,1348,1359,1358],"class_list":{"0":"post-34205","1":"product","2":"type-product","3":"status-publish","4":"has-post-thumbnail","6":"product_brand-heine-it","7":"product_cat-otoscopi","8":"product_cat-apparecchi-otoscopi","9":"product_tag-diagnostica","10":"product_tag-medicina-generale","11":"product_tag-orl-it","12":"product_tag-speculum-it","13":"product_tag-uditivo","15":"first","16":"instock","17":"taxable","18":"shipping-taxable","19":"purchasable","20":"product-type-variable","21":"has-default-attributes"},"acf":[],"yoast_head":"<!-- This site is optimized with the Yoast SEO Premium plugin v27.4 (Yoast SEO v27.4) - https:\/\/yoast.com\/product\/yoast-seo-premium-wordpress\/ -->\n<title>Heine Mini 3000 - Otoscopio a fibre ottiche da 2,5 V | Swixed SA<\/title>\n<meta name=\"description\" content=\"Otoscopio tascabile compatto dal design moderno e di alta qualit\u00e0. Spegnimento automatico e alta stabilit\u00e0 dei componenti\" \/>\n<meta name=\"robots\" content=\"index, follow, max-snippet:-1, max-image-preview:large, max-video-preview:-1\" \/>\n<link rel=\"canonical\" href=\"https:\/\/swixed.ch\/it\/prodotto\/sed80001\/\" \/>\n<meta property=\"og:locale\" content=\"it_IT\" \/>\n<meta property=\"og:type\" content=\"article\" \/>\n<meta property=\"og:title\" content=\"Heine Mini 3000 - Otoscopio a fibre ottiche da 2,5 V\" \/>\n<meta property=\"og:description\" content=\"Otoscopio tascabile compatto dal design moderno e di alta qualit\u00e0. Spegnimento automatico e alta stabilit\u00e0 dei componenti\" \/>\n<meta property=\"og:url\" content=\"https:\/\/swixed.ch\/it\/prodotto\/sed80001\/\" \/>\n<meta property=\"og:site_name\" content=\"Swixed SA\" \/>\n<meta property=\"article:publisher\" content=\"https:\/\/www.facebook.com\/swixed\" \/>\n<meta property=\"article:modified_time\" content=\"2025-12-28T19:58:33+00:00\" \/>\n<meta property=\"og:image\" content=\"https:\/\/swixed.ch\/wp-content\/uploads\/products\/heine-mini-3000-otoscope-01a.png\" \/>\n\t<meta property=\"og:image:width\" content=\"600\" \/>\n\t<meta property=\"og:image:height\" content=\"600\" \/>\n\t<meta property=\"og:image:type\" content=\"image\/png\" \/>\n<meta name=\"twitter:card\" content=\"summary_large_image\" \/>\n<meta name=\"twitter:label1\" content=\"Tempo di lettura stimato\" \/>\n\t<meta name=\"twitter:data1\" content=\"1 minuto\" \/>\n<script type=\"application\/ld+json\" class=\"yoast-schema-graph\">{\"@context\":\"https:\\\/\\\/schema.org\",\"@graph\":[{\"@type\":\"WebPage\",\"@id\":\"https:\\\/\\\/swixed.ch\\\/it\\\/prodotto\\\/sed80001\\\/\",\"url\":\"https:\\\/\\\/swixed.ch\\\/it\\\/prodotto\\\/sed80001\\\/\",\"name\":\"Heine Mini 3000 - Otoscopio a fibre ottiche da 2,5 V | Swixed SA\",\"isPartOf\":{\"@id\":\"https:\\\/\\\/swixed.ch\\\/it\\\/#website\"},\"primaryImageOfPage\":{\"@id\":\"https:\\\/\\\/swixed.ch\\\/it\\\/prodotto\\\/sed80001\\\/#primaryimage\"},\"image\":{\"@id\":\"https:\\\/\\\/swixed.ch\\\/it\\\/prodotto\\\/sed80001\\\/#primaryimage\"},\"thumbnailUrl\":\"https:\\\/\\\/swixed.ch\\\/wp-content\\\/uploads\\\/products\\\/heine-mini-3000-otoscope-01a.png\",\"datePublished\":\"2021-05-04T08:17:16+00:00\",\"dateModified\":\"2025-12-28T19:58:33+00:00\",\"description\":\"Otoscopio tascabile compatto dal design moderno e di alta qualit\u00e0. Spegnimento automatico e alta stabilit\u00e0 dei componenti\",\"breadcrumb\":{\"@id\":\"https:\\\/\\\/swixed.ch\\\/it\\\/prodotto\\\/sed80001\\\/#breadcrumb\"},\"inLanguage\":\"it-IT\",\"potentialAction\":[{\"@type\":\"ReadAction\",\"target\":[\"https:\\\/\\\/swixed.ch\\\/it\\\/prodotto\\\/sed80001\\\/\"]}]},{\"@type\":\"ImageObject\",\"inLanguage\":\"it-IT\",\"@id\":\"https:\\\/\\\/swixed.ch\\\/it\\\/prodotto\\\/sed80001\\\/#primaryimage\",\"url\":\"https:\\\/\\\/swixed.ch\\\/wp-content\\\/uploads\\\/products\\\/heine-mini-3000-otoscope-01a.png\",\"contentUrl\":\"https:\\\/\\\/swixed.ch\\\/wp-content\\\/uploads\\\/products\\\/heine-mini-3000-otoscope-01a.png\",\"width\":600,\"height\":600,\"caption\":\"heine-mini-3000-otoscope-01a\"},{\"@type\":\"BreadcrumbList\",\"@id\":\"https:\\\/\\\/swixed.ch\\\/it\\\/prodotto\\\/sed80001\\\/#breadcrumb\",\"itemListElement\":[{\"@type\":\"ListItem\",\"position\":1,\"name\":\"Home\",\"item\":\"https:\\\/\\\/swixed.ch\\\/it\\\/home\\\/\"},{\"@type\":\"ListItem\",\"position\":2,\"name\":\"Negozio\",\"item\":\"https:\\\/\\\/swixed.ch\\\/it\\\/shop\\\/\"},{\"@type\":\"ListItem\",\"position\":3,\"name\":\"Heine Mini 3000 &#8211; Otoscopio a fibre ottiche da 2,5 V\"}]},{\"@type\":\"WebSite\",\"@id\":\"https:\\\/\\\/swixed.ch\\\/it\\\/#website\",\"url\":\"https:\\\/\\\/swixed.ch\\\/it\\\/\",\"name\":\"Swixed SA\",\"description\":\"Dispositivi elettronici\",\"publisher\":{\"@id\":\"https:\\\/\\\/swixed.ch\\\/it\\\/#organization\"},\"potentialAction\":[{\"@type\":\"SearchAction\",\"target\":{\"@type\":\"EntryPoint\",\"urlTemplate\":\"https:\\\/\\\/swixed.ch\\\/it\\\/?s={search_term_string}\"},\"query-input\":{\"@type\":\"PropertyValueSpecification\",\"valueRequired\":true,\"valueName\":\"search_term_string\"}}],\"inLanguage\":\"it-IT\"},{\"@type\":\"Organization\",\"@id\":\"https:\\\/\\\/swixed.ch\\\/it\\\/#organization\",\"name\":\"Swixed SA\",\"url\":\"https:\\\/\\\/swixed.ch\\\/it\\\/\",\"logo\":{\"@type\":\"ImageObject\",\"inLanguage\":\"it-IT\",\"@id\":\"https:\\\/\\\/swixed.ch\\\/it\\\/#\\\/schema\\\/logo\\\/image\\\/\",\"url\":\"https:\\\/\\\/swixed.ch\\\/wp-content\\\/uploads\\\/logos\\\/swixed-logo-lite.png\",\"contentUrl\":\"https:\\\/\\\/swixed.ch\\\/wp-content\\\/uploads\\\/logos\\\/swixed-logo-lite.png\",\"width\":696,\"height\":696,\"caption\":\"Swixed SA\"},\"image\":{\"@id\":\"https:\\\/\\\/swixed.ch\\\/it\\\/#\\\/schema\\\/logo\\\/image\\\/\"},\"sameAs\":[\"https:\\\/\\\/www.facebook.com\\\/swixed\",\"https:\\\/\\\/www.linkedin.com\\\/company\\\/swixed\",\"https:\\\/\\\/www.youtube.com\\\/@swixedsa\"],\"description\":\"Swixed SA est une entreprise suisse bas\u00e9e \u00e0 Gen\u00e8ve, sp\u00e9cialis\u00e9e dans la vente, la location et la maintenance d\u2019appareils m\u00e9dicaux professionnels, tels que d\u00e9fibrillateurs AED, \u00e9lectrocardiographes, moniteurs patient et dispositifs de diagnostic.\",\"email\":\"infoshop@swixed.ch\",\"telephone\":\"+41 22 566 11 95\",\"legalName\":\"Swixed SA\",\"foundingDate\":\"2021-03-01\",\"numberOfEmployees\":{\"@type\":\"QuantitativeValue\",\"minValue\":\"1\",\"maxValue\":\"10\"}}]}<\/script>\n<!-- \/ Yoast SEO Premium plugin. -->","yoast_head_json":{"title":"Heine Mini 3000 - Otoscopio a fibre ottiche da 2,5 V | Swixed SA","description":"Otoscopio tascabile compatto dal design moderno e di alta qualit\u00e0. Spegnimento automatico e alta stabilit\u00e0 dei componenti","robots":{"index":"index","follow":"follow","max-snippet":"max-snippet:-1","max-image-preview":"max-image-preview:large","max-video-preview":"max-video-preview:-1"},"canonical":"https:\/\/swixed.ch\/it\/prodotto\/sed80001\/","og_locale":"it_IT","og_type":"article","og_title":"Heine Mini 3000 - Otoscopio a fibre ottiche da 2,5 V","og_description":"Otoscopio tascabile compatto dal design moderno e di alta qualit\u00e0. Spegnimento automatico e alta stabilit\u00e0 dei componenti","og_url":"https:\/\/swixed.ch\/it\/prodotto\/sed80001\/","og_site_name":"Swixed SA","article_publisher":"https:\/\/www.facebook.com\/swixed","article_modified_time":"2025-12-28T19:58:33+00:00","og_image":[{"width":600,"height":600,"url":"https:\/\/swixed.ch\/wp-content\/uploads\/products\/heine-mini-3000-otoscope-01a.png","type":"image\/png"}],"twitter_card":"summary_large_image","twitter_misc":{"Tempo di lettura stimato":"1 minuto"},"schema":{"@context":"https:\/\/schema.org","@graph":[{"@type":"WebPage","@id":"https:\/\/swixed.ch\/it\/prodotto\/sed80001\/","url":"https:\/\/swixed.ch\/it\/prodotto\/sed80001\/","name":"Heine Mini 3000 - Otoscopio a fibre ottiche da 2,5 V | Swixed SA","isPartOf":{"@id":"https:\/\/swixed.ch\/it\/#website"},"primaryImageOfPage":{"@id":"https:\/\/swixed.ch\/it\/prodotto\/sed80001\/#primaryimage"},"image":{"@id":"https:\/\/swixed.ch\/it\/prodotto\/sed80001\/#primaryimage"},"thumbnailUrl":"https:\/\/swixed.ch\/wp-content\/uploads\/products\/heine-mini-3000-otoscope-01a.png","datePublished":"2021-05-04T08:17:16+00:00","dateModified":"2025-12-28T19:58:33+00:00","description":"Otoscopio tascabile compatto dal design moderno e di alta qualit\u00e0. Spegnimento automatico e alta stabilit\u00e0 dei componenti","breadcrumb":{"@id":"https:\/\/swixed.ch\/it\/prodotto\/sed80001\/#breadcrumb"},"inLanguage":"it-IT","potentialAction":[{"@type":"ReadAction","target":["https:\/\/swixed.ch\/it\/prodotto\/sed80001\/"]}]},{"@type":"ImageObject","inLanguage":"it-IT","@id":"https:\/\/swixed.ch\/it\/prodotto\/sed80001\/#primaryimage","url":"https:\/\/swixed.ch\/wp-content\/uploads\/products\/heine-mini-3000-otoscope-01a.png","contentUrl":"https:\/\/swixed.ch\/wp-content\/uploads\/products\/heine-mini-3000-otoscope-01a.png","width":600,"height":600,"caption":"heine-mini-3000-otoscope-01a"},{"@type":"BreadcrumbList","@id":"https:\/\/swixed.ch\/it\/prodotto\/sed80001\/#breadcrumb","itemListElement":[{"@type":"ListItem","position":1,"name":"Home","item":"https:\/\/swixed.ch\/it\/home\/"},{"@type":"ListItem","position":2,"name":"Negozio","item":"https:\/\/swixed.ch\/it\/shop\/"},{"@type":"ListItem","position":3,"name":"Heine Mini 3000 &#8211; Otoscopio a fibre ottiche da 2,5 V"}]},{"@type":"WebSite","@id":"https:\/\/swixed.ch\/it\/#website","url":"https:\/\/swixed.ch\/it\/","name":"Swixed SA","description":"Dispositivi elettronici","publisher":{"@id":"https:\/\/swixed.ch\/it\/#organization"},"potentialAction":[{"@type":"SearchAction","target":{"@type":"EntryPoint","urlTemplate":"https:\/\/swixed.ch\/it\/?s={search_term_string}"},"query-input":{"@type":"PropertyValueSpecification","valueRequired":true,"valueName":"search_term_string"}}],"inLanguage":"it-IT"},{"@type":"Organization","@id":"https:\/\/swixed.ch\/it\/#organization","name":"Swixed SA","url":"https:\/\/swixed.ch\/it\/","logo":{"@type":"ImageObject","inLanguage":"it-IT","@id":"https:\/\/swixed.ch\/it\/#\/schema\/logo\/image\/","url":"https:\/\/swixed.ch\/wp-content\/uploads\/logos\/swixed-logo-lite.png","contentUrl":"https:\/\/swixed.ch\/wp-content\/uploads\/logos\/swixed-logo-lite.png","width":696,"height":696,"caption":"Swixed SA"},"image":{"@id":"https:\/\/swixed.ch\/it\/#\/schema\/logo\/image\/"},"sameAs":["https:\/\/www.facebook.com\/swixed","https:\/\/www.linkedin.com\/company\/swixed","https:\/\/www.youtube.com\/@swixedsa"],"description":"Swixed SA est une entreprise suisse bas\u00e9e \u00e0 Gen\u00e8ve, sp\u00e9cialis\u00e9e dans la vente, la location et la maintenance d\u2019appareils m\u00e9dicaux professionnels, tels que d\u00e9fibrillateurs AED, \u00e9lectrocardiographes, moniteurs patient et dispositifs de diagnostic.","email":"infoshop@swixed.ch","telephone":"+41 22 566 11 95","legalName":"Swixed SA","foundingDate":"2021-03-01","numberOfEmployees":{"@type":"QuantitativeValue","minValue":"1","maxValue":"10"}}]}},"_links":{"self":[{"href":"https:\/\/swixed.ch\/it\/wp-json\/wp\/v2\/product\/34205","targetHints":{"allow":["GET"]}}],"collection":[{"href":"https:\/\/swixed.ch\/it\/wp-json\/wp\/v2\/product"}],"about":[{"href":"https:\/\/swixed.ch\/it\/wp-json\/wp\/v2\/types\/product"}],"version-history":[{"count":0,"href":"https:\/\/swixed.ch\/it\/wp-json\/wp\/v2\/product\/34205\/revisions"}],"wp:featuredmedia":[{"embeddable":true,"href":"https:\/\/swixed.ch\/it\/wp-json\/wp\/v2\/media\/28720"}],"wp:attachment":[{"href":"https:\/\/swixed.ch\/it\/wp-json\/wp\/v2\/media?parent=34205"}],"wp:term":[{"taxonomy":"product_brand","embeddable":true,"href":"https:\/\/swixed.ch\/it\/wp-json\/wp\/v2\/product_brand?post=34205"},{"taxonomy":"product_cat","embeddable":true,"href":"https:\/\/swixed.ch\/it\/wp-json\/wp\/v2\/product_cat?post=34205"},{"taxonomy":"product_tag","embeddable":true,"href":"https:\/\/swixed.ch\/it\/wp-json\/wp\/v2\/product_tag?post=34205"}],"curies":[{"name":"wp","href":"https:\/\/api.w.org\/{rel}","templated":true}]}}