{"id":34240,"date":"2021-05-05T09:31:29","date_gmt":"2021-05-05T07:31:29","guid":{"rendered":"https:\/\/swixed.com\/produit\/monitor-dei-segni-vitali-edan-im3\/"},"modified":"2026-03-25T19:29:51","modified_gmt":"2026-03-25T18:29:51","slug":"sed20001","status":"publish","type":"product","link":"https:\/\/swixed.ch\/it\/prodotto\/sed20001\/","title":{"rendered":"Monitor dei segni vitali Edan IM3"},"content":{"rendered":"\t\t<div data-elementor-type=\"product-post\" data-elementor-id=\"34240\" class=\"elementor elementor-34240 elementor-3989\" data-elementor-post-type=\"product\">\n\t\t\t\t\t\t<section class=\"elementor-section elementor-top-section elementor-element elementor-element-566dfe8 elementor-section-full_width elementor-section-height-default elementor-section-height-default\" data-id=\"566dfe8\" data-element_type=\"section\" data-e-type=\"section\">\n\t\t\t\t\t\t<div class=\"elementor-container elementor-column-gap-default\">\n\t\t\t\t\t<div class=\"elementor-column elementor-col-100 elementor-top-column elementor-element elementor-element-2c4618e\" data-id=\"2c4618e\" data-element_type=\"column\" data-e-type=\"column\">\n\t\t\t<div class=\"elementor-widget-wrap elementor-element-populated\">\n\t\t\t\t\t\t<div class=\"elementor-element elementor-element-57fea7d elementor-widget elementor-widget-heading\" data-id=\"57fea7d\" data-element_type=\"widget\" data-e-type=\"widget\" data-widget_type=\"heading.default\">\n\t\t\t\t\t<h2 class=\"elementor-heading-title elementor-size-default\">Descrizione<\/h2>\t\t\t\t<\/div>\n\t\t\t\t<div class=\"elementor-element elementor-element-e0a279c elementor-widget elementor-widget-text-editor\" data-id=\"e0a279c\" data-element_type=\"widget\" data-e-type=\"widget\" data-widget_type=\"text-editor.default\">\n\t\t\t\t\t\t\t\t\t<p>Il <strong>monitor per segni vitali Edan IM3<\/strong> \u00e8 un dispositivo moderno, compatto ed ergonomico, ideale per l&#8217;uso clinico e domestico.\nDotato di uno <strong>schermo touch screen da 8 pollici<\/strong>, questo monitor leggero (2,5 kg con batteria inclusa) permette di misurare facilmente <strong>segni vitali<\/strong> come <strong>SpO2<\/strong>, <strong>pressione sanguigna non invasiva (NIBP<\/strong>), <strong>frequenza cardiaca<\/strong> e <strong>temperatura corporea<\/strong> (opzionale). <\/p><p>Grazie al suo design ergonomico, ha <strong>pulsanti di grandi dimensioni<\/strong>, una <strong>maniglia integrata<\/strong> per un facile trasporto e un sistema di avvolgimento del cavo per una maggiore comodit\u00e0 quando non viene utilizzato.<\/p><p>Il monitor IM3 offre tre modalit\u00e0 di lavoro:<\/p><ul><li><strong>Modalit\u00e0 ospedale<\/strong>: consente di monitorare i pazienti con dati in tempo reale, allarmi regolabili e la possibilit\u00e0 di caricare facilmente gli elenchi dei pazienti tramite USB.<\/li><li><strong>Modalit\u00e0 di monitoraggio<\/strong>: monitoraggio continuo con allarmi in tempo reale e trend storici.<\/li><li><strong>Modalit\u00e0 diagnostica<\/strong>: per controlli a campione con visualizzazione delle funzioni vitali senza allarmi.<\/li><\/ul><p><strong>Gli avvisi visivi e sonori<\/strong> regolabili garantiscono un monitoraggio efficace.\nQuesto monitor \u00e8 una scelta affidabile per le consultazioni a domicilio, le emergenze e l&#8217;assistenza ospedaliera. <\/p>\t\t\t\t\t\t\t\t<\/div>\n\t\t\t\t<div class=\"elementor-element elementor-element-458e0a8 elementor-widget elementor-widget-heading\" data-id=\"458e0a8\" data-element_type=\"widget\" data-e-type=\"widget\" data-widget_type=\"heading.default\">\n\t\t\t\t\t<h3 class=\"elementor-heading-title elementor-size-default\">Punti chiave<\/h3>\t\t\t\t<\/div>\n\t\t\t\t<div class=\"elementor-element elementor-element-a94c173 elementor-widget elementor-widget-text-editor\" data-id=\"a94c173\" data-element_type=\"widget\" data-e-type=\"widget\" data-widget_type=\"text-editor.default\">\n\t\t\t\t\t\t\t\t\t<ul><li><strong>Touch screen da 8&#8243;<\/strong> per un&#8217;interfaccia intuitiva<\/li><li><strong>Leggero, 2,5 kg<\/strong>, per una facile mobilit\u00e0<\/li><li><strong>Misurazione precisa dei<\/strong> segni vitali (SpO2, NIBP, frequenza cardiaca, temperatura)<\/li><li>Tre modalit\u00e0 operative: ospedaliera, di sorveglianza e diagnostica<\/li><li>Allarmi visivi e acustici regolabili<\/li><\/ul>\t\t\t\t\t\t\t\t<\/div>\n\t\t\t\t<div class=\"elementor-element elementor-element-4de509a elementor-widget elementor-widget-heading\" data-id=\"4de509a\" data-element_type=\"widget\" data-e-type=\"widget\" data-widget_type=\"heading.default\">\n\t\t\t\t\t<h3 class=\"elementor-heading-title elementor-size-default\">Video Edan IM3<\/h3>\t\t\t\t<\/div>\n\t\t\t\t<section class=\"elementor-section elementor-inner-section elementor-element elementor-element-b83312d elementor-section-full_width elementor-section-height-default elementor-section-height-default\" data-id=\"b83312d\" data-element_type=\"section\" data-e-type=\"section\">\n\t\t\t\t\t\t<div class=\"elementor-container elementor-column-gap-default\">\n\t\t\t\t\t<div class=\"elementor-column elementor-col-50 elementor-inner-column elementor-element elementor-element-60860cf\" data-id=\"60860cf\" data-element_type=\"column\" data-e-type=\"column\">\n\t\t\t<div class=\"elementor-widget-wrap\">\n\t\t\t\t\t\t\t<\/div>\n\t\t<\/div>\n\t\t\t\t<div class=\"elementor-column elementor-col-50 elementor-inner-column elementor-element elementor-element-5735927\" data-id=\"5735927\" data-element_type=\"column\" data-e-type=\"column\">\n\t\t\t<div class=\"elementor-widget-wrap\">\n\t\t\t\t\t\t\t<\/div>\n\t\t<\/div>\n\t\t\t\t\t<\/div>\n\t\t<\/section>\n\t\t\t\t<div class=\"elementor-element elementor-element-45fdddf elementor-widget elementor-widget-heading\" data-id=\"45fdddf\" data-element_type=\"widget\" data-e-type=\"widget\" data-widget_type=\"heading.default\">\n\t\t\t\t\t<h2 class=\"elementor-heading-title elementor-size-default\">Contenuto di Edan IM3<\/h2>\t\t\t\t<\/div>\n\t\t\t\t<div class=\"elementor-element elementor-element-9c8a9d7 elementor-widget elementor-widget-text-editor\" data-id=\"9c8a9d7\" data-element_type=\"widget\" data-e-type=\"widget\" data-widget_type=\"text-editor.default\">\n\t\t\t\t\t\t\t\t\t<ul><li>Monitor Edan IM3 con touch screen<\/li><li>Batteria ricaricabile<\/li><li>Cavo di alimentazione<\/li><li>Polsino adulto 27-35 cm<\/li><li>Sensore SpO2 per adulti<\/li><li>Cavo adattatore (ossimetria)<\/li><li>Termometro auricolare (opzionale)<\/li><li>200 coprisonda monouso<\/li><\/ul>\t\t\t\t\t\t\t\t<\/div>\n\t\t\t\t\t<\/div>\n\t\t<\/div>\n\t\t\t\t\t<\/div>\n\t\t<\/section>\n\t\t\t\t<\/div>\n\t\t","protected":false},"excerpt":{"rendered":"<p>Il monitor per segni vitali Edan IM3 con touch screen da 8 pollici \u00e8 leggero (2,5 kg), ergonomico e versatile. Misura SpO2, pressione sanguigna, frequenza cardiaca e temperatura (opzionale). <\/p>\n","protected":false},"featured_media":27360,"template":"","meta":{"_acf_changed":false},"product_brand":[2082],"product_cat":[1367,1093],"product_tag":[7649,3708,1371,7648,7647,7651,3703,1148,7646,7652],"class_list":{"0":"post-34240","1":"product","2":"type-product","3":"status-publish","4":"has-post-thumbnail","6":"product_brand-edan-it","7":"product_cat-apparecchi-monitor-pazienti","8":"product_cat-monitor-pazienti","9":"product_tag-memoria-del-paziente","10":"product_tag-monitor-portatile","11":"product_tag-nibp-it","12":"product_tag-oscillometrico","13":"product_tag-pr","14":"product_tag-pulsossimetria","15":"product_tag-schermo-a-colori","16":"product_tag-spo2-it","17":"product_tag-temp","18":"product_tag-termometria-dellorecchio","19":"product_shipping_class-spedizione-gratuita","21":"first","22":"instock","23":"sale","24":"taxable","25":"shipping-taxable","26":"purchasable","27":"product-type-variable","28":"has-default-attributes"},"acf":[],"yoast_head":"<!-- This site is optimized with the Yoast SEO Premium plugin v27.4 (Yoast SEO v27.4) - https:\/\/yoast.com\/product\/yoast-seo-premium-wordpress\/ -->\n<title>Monitor dei segni vitali Edan IM3 | Swixed SA<\/title>\n<meta name=\"description\" content=\"Il monitor dei segni vitali Edan IM3, touch screen da 8&quot;, leggero e portatile, misura SpO2, NIBP, frequenza cardiaca e temperatura per un monitoraggio efficace.\" \/>\n<meta name=\"robots\" content=\"index, follow, max-snippet:-1, max-image-preview:large, max-video-preview:-1\" \/>\n<link rel=\"canonical\" href=\"https:\/\/swixed.ch\/it\/prodotto\/sed20001\/\" \/>\n<meta property=\"og:locale\" content=\"it_IT\" \/>\n<meta property=\"og:type\" content=\"article\" \/>\n<meta property=\"og:title\" content=\"Monitor dei segni vitali Edan IM3\" \/>\n<meta property=\"og:description\" content=\"Il monitor dei segni vitali Edan IM3, touch screen da 8&quot;, leggero e portatile, misura SpO2, NIBP, frequenza cardiaca e temperatura per un monitoraggio efficace.\" \/>\n<meta property=\"og:url\" content=\"https:\/\/swixed.ch\/it\/prodotto\/sed20001\/\" \/>\n<meta property=\"og:site_name\" content=\"Swixed SA\" \/>\n<meta property=\"article:publisher\" content=\"https:\/\/www.facebook.com\/swixed\" \/>\n<meta property=\"article:modified_time\" content=\"2026-03-25T18:29:51+00:00\" \/>\n<meta property=\"og:image\" content=\"https:\/\/swixed.ch\/wp-content\/uploads\/products\/edan-im3-03.png\" \/>\n\t<meta property=\"og:image:width\" content=\"600\" \/>\n\t<meta property=\"og:image:height\" content=\"600\" \/>\n\t<meta property=\"og:image:type\" content=\"image\/png\" \/>\n<meta name=\"twitter:card\" content=\"summary_large_image\" \/>\n<meta name=\"twitter:label1\" content=\"Tempo di lettura stimato\" \/>\n\t<meta name=\"twitter:data1\" content=\"1 minuto\" \/>\n<script type=\"application\/ld+json\" class=\"yoast-schema-graph\">{\"@context\":\"https:\\\/\\\/schema.org\",\"@graph\":[{\"@type\":\"WebPage\",\"@id\":\"https:\\\/\\\/swixed.ch\\\/it\\\/prodotto\\\/sed20001\\\/\",\"url\":\"https:\\\/\\\/swixed.ch\\\/it\\\/prodotto\\\/sed20001\\\/\",\"name\":\"Monitor dei segni vitali Edan IM3 | Swixed SA\",\"isPartOf\":{\"@id\":\"https:\\\/\\\/swixed.ch\\\/it\\\/#website\"},\"primaryImageOfPage\":{\"@id\":\"https:\\\/\\\/swixed.ch\\\/it\\\/prodotto\\\/sed20001\\\/#primaryimage\"},\"image\":{\"@id\":\"https:\\\/\\\/swixed.ch\\\/it\\\/prodotto\\\/sed20001\\\/#primaryimage\"},\"thumbnailUrl\":\"https:\\\/\\\/swixed.ch\\\/wp-content\\\/uploads\\\/products\\\/edan-im3-03.png\",\"datePublished\":\"2021-05-05T07:31:29+00:00\",\"dateModified\":\"2026-03-25T18:29:51+00:00\",\"description\":\"Il monitor dei segni vitali Edan IM3, touch screen da 8\\\", leggero e portatile, misura SpO2, NIBP, frequenza cardiaca e temperatura per un monitoraggio efficace.\",\"breadcrumb\":{\"@id\":\"https:\\\/\\\/swixed.ch\\\/it\\\/prodotto\\\/sed20001\\\/#breadcrumb\"},\"inLanguage\":\"it-IT\",\"potentialAction\":[{\"@type\":\"ReadAction\",\"target\":[\"https:\\\/\\\/swixed.ch\\\/it\\\/prodotto\\\/sed20001\\\/\"]}]},{\"@type\":\"ImageObject\",\"inLanguage\":\"it-IT\",\"@id\":\"https:\\\/\\\/swixed.ch\\\/it\\\/prodotto\\\/sed20001\\\/#primaryimage\",\"url\":\"https:\\\/\\\/swixed.ch\\\/wp-content\\\/uploads\\\/products\\\/edan-im3-03.png\",\"contentUrl\":\"https:\\\/\\\/swixed.ch\\\/wp-content\\\/uploads\\\/products\\\/edan-im3-03.png\",\"width\":600,\"height\":600,\"caption\":\"Monitor dei segni vitali Edan IM3\"},{\"@type\":\"BreadcrumbList\",\"@id\":\"https:\\\/\\\/swixed.ch\\\/it\\\/prodotto\\\/sed20001\\\/#breadcrumb\",\"itemListElement\":[{\"@type\":\"ListItem\",\"position\":1,\"name\":\"Home\",\"item\":\"https:\\\/\\\/swixed.ch\\\/it\\\/home\\\/\"},{\"@type\":\"ListItem\",\"position\":2,\"name\":\"Negozio\",\"item\":\"https:\\\/\\\/swixed.ch\\\/it\\\/shop\\\/\"},{\"@type\":\"ListItem\",\"position\":3,\"name\":\"Monitor dei segni vitali Edan IM3\"}]},{\"@type\":\"WebSite\",\"@id\":\"https:\\\/\\\/swixed.ch\\\/it\\\/#website\",\"url\":\"https:\\\/\\\/swixed.ch\\\/it\\\/\",\"name\":\"Swixed SA\",\"description\":\"Dispositivi elettronici\",\"publisher\":{\"@id\":\"https:\\\/\\\/swixed.ch\\\/it\\\/#organization\"},\"potentialAction\":[{\"@type\":\"SearchAction\",\"target\":{\"@type\":\"EntryPoint\",\"urlTemplate\":\"https:\\\/\\\/swixed.ch\\\/it\\\/?s={search_term_string}\"},\"query-input\":{\"@type\":\"PropertyValueSpecification\",\"valueRequired\":true,\"valueName\":\"search_term_string\"}}],\"inLanguage\":\"it-IT\"},{\"@type\":\"Organization\",\"@id\":\"https:\\\/\\\/swixed.ch\\\/it\\\/#organization\",\"name\":\"Swixed SA\",\"url\":\"https:\\\/\\\/swixed.ch\\\/it\\\/\",\"logo\":{\"@type\":\"ImageObject\",\"inLanguage\":\"it-IT\",\"@id\":\"https:\\\/\\\/swixed.ch\\\/it\\\/#\\\/schema\\\/logo\\\/image\\\/\",\"url\":\"https:\\\/\\\/swixed.ch\\\/wp-content\\\/uploads\\\/logos\\\/swixed-logo-lite.png\",\"contentUrl\":\"https:\\\/\\\/swixed.ch\\\/wp-content\\\/uploads\\\/logos\\\/swixed-logo-lite.png\",\"width\":696,\"height\":696,\"caption\":\"Swixed SA\"},\"image\":{\"@id\":\"https:\\\/\\\/swixed.ch\\\/it\\\/#\\\/schema\\\/logo\\\/image\\\/\"},\"sameAs\":[\"https:\\\/\\\/www.facebook.com\\\/swixed\",\"https:\\\/\\\/www.linkedin.com\\\/company\\\/swixed\",\"https:\\\/\\\/www.youtube.com\\\/@swixedsa\"],\"description\":\"Swixed SA est une entreprise suisse bas\u00e9e \u00e0 Gen\u00e8ve, sp\u00e9cialis\u00e9e dans la vente, la location et la maintenance d\u2019appareils m\u00e9dicaux professionnels, tels que d\u00e9fibrillateurs AED, \u00e9lectrocardiographes, moniteurs patient et dispositifs de diagnostic.\",\"email\":\"infoshop@swixed.ch\",\"telephone\":\"+41 22 566 11 95\",\"legalName\":\"Swixed SA\",\"foundingDate\":\"2021-03-01\",\"numberOfEmployees\":{\"@type\":\"QuantitativeValue\",\"minValue\":\"1\",\"maxValue\":\"10\"}}]}<\/script>\n<!-- \/ Yoast SEO Premium plugin. -->","yoast_head_json":{"title":"Monitor dei segni vitali Edan IM3 | Swixed SA","description":"Il monitor dei segni vitali Edan IM3, touch screen da 8\", leggero e portatile, misura SpO2, NIBP, frequenza cardiaca e temperatura per un monitoraggio efficace.","robots":{"index":"index","follow":"follow","max-snippet":"max-snippet:-1","max-image-preview":"max-image-preview:large","max-video-preview":"max-video-preview:-1"},"canonical":"https:\/\/swixed.ch\/it\/prodotto\/sed20001\/","og_locale":"it_IT","og_type":"article","og_title":"Monitor dei segni vitali Edan IM3","og_description":"Il monitor dei segni vitali Edan IM3, touch screen da 8\", leggero e portatile, misura SpO2, NIBP, frequenza cardiaca e temperatura per un monitoraggio efficace.","og_url":"https:\/\/swixed.ch\/it\/prodotto\/sed20001\/","og_site_name":"Swixed SA","article_publisher":"https:\/\/www.facebook.com\/swixed","article_modified_time":"2026-03-25T18:29:51+00:00","og_image":[{"width":600,"height":600,"url":"https:\/\/swixed.ch\/wp-content\/uploads\/products\/edan-im3-03.png","type":"image\/png"}],"twitter_card":"summary_large_image","twitter_misc":{"Tempo di lettura stimato":"1 minuto"},"schema":{"@context":"https:\/\/schema.org","@graph":[{"@type":"WebPage","@id":"https:\/\/swixed.ch\/it\/prodotto\/sed20001\/","url":"https:\/\/swixed.ch\/it\/prodotto\/sed20001\/","name":"Monitor dei segni vitali Edan IM3 | Swixed SA","isPartOf":{"@id":"https:\/\/swixed.ch\/it\/#website"},"primaryImageOfPage":{"@id":"https:\/\/swixed.ch\/it\/prodotto\/sed20001\/#primaryimage"},"image":{"@id":"https:\/\/swixed.ch\/it\/prodotto\/sed20001\/#primaryimage"},"thumbnailUrl":"https:\/\/swixed.ch\/wp-content\/uploads\/products\/edan-im3-03.png","datePublished":"2021-05-05T07:31:29+00:00","dateModified":"2026-03-25T18:29:51+00:00","description":"Il monitor dei segni vitali Edan IM3, touch screen da 8\", leggero e portatile, misura SpO2, NIBP, frequenza cardiaca e temperatura per un monitoraggio efficace.","breadcrumb":{"@id":"https:\/\/swixed.ch\/it\/prodotto\/sed20001\/#breadcrumb"},"inLanguage":"it-IT","potentialAction":[{"@type":"ReadAction","target":["https:\/\/swixed.ch\/it\/prodotto\/sed20001\/"]}]},{"@type":"ImageObject","inLanguage":"it-IT","@id":"https:\/\/swixed.ch\/it\/prodotto\/sed20001\/#primaryimage","url":"https:\/\/swixed.ch\/wp-content\/uploads\/products\/edan-im3-03.png","contentUrl":"https:\/\/swixed.ch\/wp-content\/uploads\/products\/edan-im3-03.png","width":600,"height":600,"caption":"Monitor dei segni vitali Edan IM3"},{"@type":"BreadcrumbList","@id":"https:\/\/swixed.ch\/it\/prodotto\/sed20001\/#breadcrumb","itemListElement":[{"@type":"ListItem","position":1,"name":"Home","item":"https:\/\/swixed.ch\/it\/home\/"},{"@type":"ListItem","position":2,"name":"Negozio","item":"https:\/\/swixed.ch\/it\/shop\/"},{"@type":"ListItem","position":3,"name":"Monitor dei segni vitali Edan IM3"}]},{"@type":"WebSite","@id":"https:\/\/swixed.ch\/it\/#website","url":"https:\/\/swixed.ch\/it\/","name":"Swixed SA","description":"Dispositivi elettronici","publisher":{"@id":"https:\/\/swixed.ch\/it\/#organization"},"potentialAction":[{"@type":"SearchAction","target":{"@type":"EntryPoint","urlTemplate":"https:\/\/swixed.ch\/it\/?s={search_term_string}"},"query-input":{"@type":"PropertyValueSpecification","valueRequired":true,"valueName":"search_term_string"}}],"inLanguage":"it-IT"},{"@type":"Organization","@id":"https:\/\/swixed.ch\/it\/#organization","name":"Swixed SA","url":"https:\/\/swixed.ch\/it\/","logo":{"@type":"ImageObject","inLanguage":"it-IT","@id":"https:\/\/swixed.ch\/it\/#\/schema\/logo\/image\/","url":"https:\/\/swixed.ch\/wp-content\/uploads\/logos\/swixed-logo-lite.png","contentUrl":"https:\/\/swixed.ch\/wp-content\/uploads\/logos\/swixed-logo-lite.png","width":696,"height":696,"caption":"Swixed SA"},"image":{"@id":"https:\/\/swixed.ch\/it\/#\/schema\/logo\/image\/"},"sameAs":["https:\/\/www.facebook.com\/swixed","https:\/\/www.linkedin.com\/company\/swixed","https:\/\/www.youtube.com\/@swixedsa"],"description":"Swixed SA est une entreprise suisse bas\u00e9e \u00e0 Gen\u00e8ve, sp\u00e9cialis\u00e9e dans la vente, la location et la maintenance d\u2019appareils m\u00e9dicaux professionnels, tels que d\u00e9fibrillateurs AED, \u00e9lectrocardiographes, moniteurs patient et dispositifs de diagnostic.","email":"infoshop@swixed.ch","telephone":"+41 22 566 11 95","legalName":"Swixed SA","foundingDate":"2021-03-01","numberOfEmployees":{"@type":"QuantitativeValue","minValue":"1","maxValue":"10"}}]}},"_links":{"self":[{"href":"https:\/\/swixed.ch\/it\/wp-json\/wp\/v2\/product\/34240","targetHints":{"allow":["GET"]}}],"collection":[{"href":"https:\/\/swixed.ch\/it\/wp-json\/wp\/v2\/product"}],"about":[{"href":"https:\/\/swixed.ch\/it\/wp-json\/wp\/v2\/types\/product"}],"version-history":[{"count":0,"href":"https:\/\/swixed.ch\/it\/wp-json\/wp\/v2\/product\/34240\/revisions"}],"wp:featuredmedia":[{"embeddable":true,"href":"https:\/\/swixed.ch\/it\/wp-json\/wp\/v2\/media\/27360"}],"wp:attachment":[{"href":"https:\/\/swixed.ch\/it\/wp-json\/wp\/v2\/media?parent=34240"}],"wp:term":[{"taxonomy":"product_brand","embeddable":true,"href":"https:\/\/swixed.ch\/it\/wp-json\/wp\/v2\/product_brand?post=34240"},{"taxonomy":"product_cat","embeddable":true,"href":"https:\/\/swixed.ch\/it\/wp-json\/wp\/v2\/product_cat?post=34240"},{"taxonomy":"product_tag","embeddable":true,"href":"https:\/\/swixed.ch\/it\/wp-json\/wp\/v2\/product_tag?post=34240"}],"curies":[{"name":"wp","href":"https:\/\/api.w.org\/{rel}","templated":true}]}}