{"id":34262,"date":"2021-05-04T17:57:28","date_gmt":"2021-05-04T15:57:28","guid":{"rendered":"https:\/\/swixed.com\/produit\/copri-sonda-per-tympatherm-200\/"},"modified":"2026-01-31T19:40:32","modified_gmt":"2026-01-31T18:40:32","slug":"sed75201","status":"publish","type":"product","link":"https:\/\/swixed.ch\/it\/prodotto\/sed75201\/","title":{"rendered":"Swixed Probetherm 201 &#8211; Copri sonda per Tympatherm 200"},"content":{"rendered":"\t\t<div data-elementor-type=\"product-post\" data-elementor-id=\"34262\" class=\"elementor elementor-34262 elementor-3980\" data-elementor-post-type=\"product\">\n\t\t\t\t\t\t<section class=\"elementor-section elementor-top-section elementor-element elementor-element-b792d8a elementor-section-full_width elementor-section-height-default elementor-section-height-default\" data-id=\"b792d8a\" data-element_type=\"section\" data-e-type=\"section\">\n\t\t\t\t\t\t<div class=\"elementor-container elementor-column-gap-default\">\n\t\t\t\t\t<div class=\"elementor-column elementor-col-100 elementor-top-column elementor-element elementor-element-71d094a\" data-id=\"71d094a\" data-element_type=\"column\" data-e-type=\"column\">\n\t\t\t<div class=\"elementor-widget-wrap elementor-element-populated\">\n\t\t\t\t\t\t<div class=\"elementor-element elementor-element-92f4c46 elementor-widget elementor-widget-heading\" data-id=\"92f4c46\" data-element_type=\"widget\" data-e-type=\"widget\" data-widget_type=\"heading.default\">\n\t\t\t\t\t<h2 class=\"elementor-heading-title elementor-size-default\">Descrizione<\/h2>\t\t\t\t<\/div>\n\t\t\t\t<div class=\"elementor-element elementor-element-a16f24c elementor-widget elementor-widget-text-editor\" data-id=\"a16f24c\" data-element_type=\"widget\" data-e-type=\"widget\" data-widget_type=\"text-editor.default\">\n\t\t\t\t\t\t\t\t\t<p>I coprisonda <em>Probetherm <\/em>201 sono stati progettati appositamente per il <a href=\"\/shop\/sed75200\/\"><em>Tympatherm<\/em> 200<\/a> e offrono una protezione efficace contro l&#8217;accumulo di sporco e cerume sulla sonda di temperatura. Questi accessori medici hanno una duplice funzione: mantenere l&#8217;igiene e proteggere il catetere, riducendo il rischio di trasferire infezioni tra i pazienti.<\/p><p>Facili da usare, le coperture delle sonde si staccano automaticamente dopo ogni misurazione, riducendo al minimo il contatto manuale e garantendo un utilizzo pratico. Sono monouso e devono essere sostituiti dopo ogni utilizzo per garantire misurazioni sicure e accurate. <\/p>\t\t\t\t\t\t\t\t<\/div>\n\t\t\t\t<div class=\"elementor-element elementor-element-b4d8cd9 elementor-widget elementor-widget-heading\" data-id=\"b4d8cd9\" data-element_type=\"widget\" data-e-type=\"widget\" data-widget_type=\"heading.default\">\n\t\t\t\t\t<h2 class=\"elementor-heading-title elementor-size-default\">Contenuto<\/h2>\t\t\t\t<\/div>\n\t\t\t\t<div class=\"elementor-element elementor-element-595b248 elementor-widget elementor-widget-text-editor\" data-id=\"595b248\" data-element_type=\"widget\" data-e-type=\"widget\" data-widget_type=\"text-editor.default\">\n\t\t\t\t\t\t\t\t\t<ul><li>Confezione da 15 coprisonda Probetherm 201<\/li><\/ul><p><em><strong>Nota: <\/strong>questi coprisonda sono prodotti medici essenziali per garantire un&#8217;igiene ottimale durante le misurazioni della temperatura e il loro uso singolo contribuisce alla sicurezza del paziente.<\/em><\/p>\t\t\t\t\t\t\t\t<\/div>\n\t\t\t\t\t<\/div>\n\t\t<\/div>\n\t\t\t\t\t<\/div>\n\t\t<\/section>\n\t\t\t\t<\/div>\n\t\t","protected":false},"excerpt":{"rendered":"<p>I coprisonda Swixed Probetherm 201 proteggono la sonda del termometro auricolare Tympatherm 200 da impurit\u00e0 e cerume. Progettati per uso singolo, garantiscono un\u2019igiene ottimale e aiutano a prevenire contaminazioni incrociate. Il sistema di espulsione automatica ne facilita la rimozione dopo ogni misurazione.  <\/p>\n","protected":false},"featured_media":28940,"template":"","meta":{"_acf_changed":false},"product_brand":[2191],"product_cat":[1397,1068,1069,1071],"product_tag":[3808,5929,4123,5926,5919,5099,5928,5924,1400,5923,5920,5927,5922,5925,5921],"class_list":{"0":"post-34262","1":"product","2":"type-product","3":"status-publish","4":"has-post-thumbnail","6":"product_brand-swixed-it","7":"product_cat-consumabili-termometri","8":"product_cat-prodotti-swixed","9":"product_cat-termometri","10":"product_cat-termometri-it","11":"product_tag-accessori-medici-it","12":"product_tag-assistenza-al-paziente-it","13":"product_tag-attrezzature-mediche-it","14":"product_tag-copertura-della-sonda-monouso","15":"product_tag-coperture-per-sonde","16":"product_tag-igiene-medica","17":"product_tag-materiali-di-consumo-medicali","18":"product_tag-misurazione-della-temperatura","19":"product_tag-monouso","20":"product_tag-prevenzione-delle-infezioni","21":"product_tag-probetherm-201-it","22":"product_tag-protezione-della-salute","23":"product_tag-protezione-della-sonda","24":"product_tag-sensore-di-temperatura","25":"product_tag-tympatherm-200-it","27":"first","28":"instock","29":"sale","30":"taxable","31":"shipping-taxable","32":"purchasable","33":"product-type-simple"},"acf":[],"yoast_head":"<!-- This site is optimized with the Yoast SEO Premium plugin v27.4 (Yoast SEO v27.4) - https:\/\/yoast.com\/product\/yoast-seo-premium-wordpress\/ -->\n<title>Swixed Probetherm 201 - Copri sonda per Tympatherm 200 | Swixed SA<\/title>\n<meta name=\"description\" content=\"I coprisonda Probetherm 201 per Tympatherm 200 garantiscono igiene e protezione. Monouso, confezionati in 15 pezzi per ogni misurazione.\" \/>\n<meta name=\"robots\" content=\"index, follow, max-snippet:-1, max-image-preview:large, max-video-preview:-1\" \/>\n<link rel=\"canonical\" href=\"https:\/\/swixed.ch\/it\/prodotto\/sed75201\/\" \/>\n<meta property=\"og:locale\" content=\"it_IT\" \/>\n<meta property=\"og:type\" content=\"article\" \/>\n<meta property=\"og:title\" content=\"Swixed Probetherm 201 - Copri sonda per Tympatherm 200\" \/>\n<meta property=\"og:description\" content=\"I coprisonda Probetherm 201 per Tympatherm 200 garantiscono igiene e protezione. Monouso, confezionati in 15 pezzi per ogni misurazione.\" \/>\n<meta property=\"og:url\" content=\"https:\/\/swixed.ch\/it\/prodotto\/sed75201\/\" \/>\n<meta property=\"og:site_name\" content=\"Swixed SA\" \/>\n<meta property=\"article:publisher\" content=\"https:\/\/www.facebook.com\/swixed\" \/>\n<meta property=\"article:modified_time\" content=\"2026-01-31T18:40:32+00:00\" \/>\n<meta property=\"og:image\" content=\"https:\/\/swixed.ch\/wp-content\/uploads\/products\/swixed-probecover-201-01b.png\" \/>\n\t<meta property=\"og:image:width\" content=\"600\" \/>\n\t<meta property=\"og:image:height\" content=\"600\" \/>\n\t<meta property=\"og:image:type\" content=\"image\/png\" \/>\n<meta name=\"twitter:card\" content=\"summary_large_image\" \/>\n<meta name=\"twitter:label1\" content=\"Tempo di lettura stimato\" \/>\n\t<meta name=\"twitter:data1\" content=\"1 minuto\" \/>\n<script type=\"application\/ld+json\" class=\"yoast-schema-graph\">{\"@context\":\"https:\\\/\\\/schema.org\",\"@graph\":[{\"@type\":\"WebPage\",\"@id\":\"https:\\\/\\\/swixed.ch\\\/it\\\/prodotto\\\/sed75201\\\/\",\"url\":\"https:\\\/\\\/swixed.ch\\\/it\\\/prodotto\\\/sed75201\\\/\",\"name\":\"Swixed Probetherm 201 - Copri sonda per Tympatherm 200 | Swixed SA\",\"isPartOf\":{\"@id\":\"https:\\\/\\\/swixed.ch\\\/it\\\/#website\"},\"primaryImageOfPage\":{\"@id\":\"https:\\\/\\\/swixed.ch\\\/it\\\/prodotto\\\/sed75201\\\/#primaryimage\"},\"image\":{\"@id\":\"https:\\\/\\\/swixed.ch\\\/it\\\/prodotto\\\/sed75201\\\/#primaryimage\"},\"thumbnailUrl\":\"https:\\\/\\\/swixed.ch\\\/wp-content\\\/uploads\\\/products\\\/swixed-probecover-201-01b.png\",\"datePublished\":\"2021-05-04T15:57:28+00:00\",\"dateModified\":\"2026-01-31T18:40:32+00:00\",\"description\":\"I coprisonda Probetherm 201 per Tympatherm 200 garantiscono igiene e protezione. Monouso, confezionati in 15 pezzi per ogni misurazione.\",\"breadcrumb\":{\"@id\":\"https:\\\/\\\/swixed.ch\\\/it\\\/prodotto\\\/sed75201\\\/#breadcrumb\"},\"inLanguage\":\"it-IT\",\"potentialAction\":[{\"@type\":\"ReadAction\",\"target\":[\"https:\\\/\\\/swixed.ch\\\/it\\\/prodotto\\\/sed75201\\\/\"]}]},{\"@type\":\"ImageObject\",\"inLanguage\":\"it-IT\",\"@id\":\"https:\\\/\\\/swixed.ch\\\/it\\\/prodotto\\\/sed75201\\\/#primaryimage\",\"url\":\"https:\\\/\\\/swixed.ch\\\/wp-content\\\/uploads\\\/products\\\/swixed-probecover-201-01b.png\",\"contentUrl\":\"https:\\\/\\\/swixed.ch\\\/wp-content\\\/uploads\\\/products\\\/swixed-probecover-201-01b.png\",\"width\":600,\"height\":600,\"caption\":\"swixed-probecover-201-01b\"},{\"@type\":\"BreadcrumbList\",\"@id\":\"https:\\\/\\\/swixed.ch\\\/it\\\/prodotto\\\/sed75201\\\/#breadcrumb\",\"itemListElement\":[{\"@type\":\"ListItem\",\"position\":1,\"name\":\"Home\",\"item\":\"https:\\\/\\\/swixed.ch\\\/it\\\/home\\\/\"},{\"@type\":\"ListItem\",\"position\":2,\"name\":\"Negozio\",\"item\":\"https:\\\/\\\/swixed.ch\\\/it\\\/shop\\\/\"},{\"@type\":\"ListItem\",\"position\":3,\"name\":\"Swixed Probetherm 201 &#8211; Copri sonda per Tympatherm 200\"}]},{\"@type\":\"WebSite\",\"@id\":\"https:\\\/\\\/swixed.ch\\\/it\\\/#website\",\"url\":\"https:\\\/\\\/swixed.ch\\\/it\\\/\",\"name\":\"Swixed SA\",\"description\":\"Dispositivi elettronici\",\"publisher\":{\"@id\":\"https:\\\/\\\/swixed.ch\\\/it\\\/#organization\"},\"potentialAction\":[{\"@type\":\"SearchAction\",\"target\":{\"@type\":\"EntryPoint\",\"urlTemplate\":\"https:\\\/\\\/swixed.ch\\\/it\\\/?s={search_term_string}\"},\"query-input\":{\"@type\":\"PropertyValueSpecification\",\"valueRequired\":true,\"valueName\":\"search_term_string\"}}],\"inLanguage\":\"it-IT\"},{\"@type\":\"Organization\",\"@id\":\"https:\\\/\\\/swixed.ch\\\/it\\\/#organization\",\"name\":\"Swixed SA\",\"url\":\"https:\\\/\\\/swixed.ch\\\/it\\\/\",\"logo\":{\"@type\":\"ImageObject\",\"inLanguage\":\"it-IT\",\"@id\":\"https:\\\/\\\/swixed.ch\\\/it\\\/#\\\/schema\\\/logo\\\/image\\\/\",\"url\":\"https:\\\/\\\/swixed.ch\\\/wp-content\\\/uploads\\\/logos\\\/swixed-logo-lite.png\",\"contentUrl\":\"https:\\\/\\\/swixed.ch\\\/wp-content\\\/uploads\\\/logos\\\/swixed-logo-lite.png\",\"width\":696,\"height\":696,\"caption\":\"Swixed SA\"},\"image\":{\"@id\":\"https:\\\/\\\/swixed.ch\\\/it\\\/#\\\/schema\\\/logo\\\/image\\\/\"},\"sameAs\":[\"https:\\\/\\\/www.facebook.com\\\/swixed\",\"https:\\\/\\\/www.linkedin.com\\\/company\\\/swixed\",\"https:\\\/\\\/www.youtube.com\\\/@swixedsa\"],\"description\":\"Swixed SA est une entreprise suisse bas\u00e9e \u00e0 Gen\u00e8ve, sp\u00e9cialis\u00e9e dans la vente, la location et la maintenance d\u2019appareils m\u00e9dicaux professionnels, tels que d\u00e9fibrillateurs AED, \u00e9lectrocardiographes, moniteurs patient et dispositifs de diagnostic.\",\"email\":\"infoshop@swixed.ch\",\"telephone\":\"+41 22 566 11 95\",\"legalName\":\"Swixed SA\",\"foundingDate\":\"2021-03-01\",\"numberOfEmployees\":{\"@type\":\"QuantitativeValue\",\"minValue\":\"1\",\"maxValue\":\"10\"}}]}<\/script>\n<!-- \/ Yoast SEO Premium plugin. -->","yoast_head_json":{"title":"Swixed Probetherm 201 - Copri sonda per Tympatherm 200 | Swixed SA","description":"I coprisonda Probetherm 201 per Tympatherm 200 garantiscono igiene e protezione. Monouso, confezionati in 15 pezzi per ogni misurazione.","robots":{"index":"index","follow":"follow","max-snippet":"max-snippet:-1","max-image-preview":"max-image-preview:large","max-video-preview":"max-video-preview:-1"},"canonical":"https:\/\/swixed.ch\/it\/prodotto\/sed75201\/","og_locale":"it_IT","og_type":"article","og_title":"Swixed Probetherm 201 - Copri sonda per Tympatherm 200","og_description":"I coprisonda Probetherm 201 per Tympatherm 200 garantiscono igiene e protezione. Monouso, confezionati in 15 pezzi per ogni misurazione.","og_url":"https:\/\/swixed.ch\/it\/prodotto\/sed75201\/","og_site_name":"Swixed SA","article_publisher":"https:\/\/www.facebook.com\/swixed","article_modified_time":"2026-01-31T18:40:32+00:00","og_image":[{"width":600,"height":600,"url":"https:\/\/swixed.ch\/wp-content\/uploads\/products\/swixed-probecover-201-01b.png","type":"image\/png"}],"twitter_card":"summary_large_image","twitter_misc":{"Tempo di lettura stimato":"1 minuto"},"schema":{"@context":"https:\/\/schema.org","@graph":[{"@type":"WebPage","@id":"https:\/\/swixed.ch\/it\/prodotto\/sed75201\/","url":"https:\/\/swixed.ch\/it\/prodotto\/sed75201\/","name":"Swixed Probetherm 201 - Copri sonda per Tympatherm 200 | Swixed SA","isPartOf":{"@id":"https:\/\/swixed.ch\/it\/#website"},"primaryImageOfPage":{"@id":"https:\/\/swixed.ch\/it\/prodotto\/sed75201\/#primaryimage"},"image":{"@id":"https:\/\/swixed.ch\/it\/prodotto\/sed75201\/#primaryimage"},"thumbnailUrl":"https:\/\/swixed.ch\/wp-content\/uploads\/products\/swixed-probecover-201-01b.png","datePublished":"2021-05-04T15:57:28+00:00","dateModified":"2026-01-31T18:40:32+00:00","description":"I coprisonda Probetherm 201 per Tympatherm 200 garantiscono igiene e protezione. Monouso, confezionati in 15 pezzi per ogni misurazione.","breadcrumb":{"@id":"https:\/\/swixed.ch\/it\/prodotto\/sed75201\/#breadcrumb"},"inLanguage":"it-IT","potentialAction":[{"@type":"ReadAction","target":["https:\/\/swixed.ch\/it\/prodotto\/sed75201\/"]}]},{"@type":"ImageObject","inLanguage":"it-IT","@id":"https:\/\/swixed.ch\/it\/prodotto\/sed75201\/#primaryimage","url":"https:\/\/swixed.ch\/wp-content\/uploads\/products\/swixed-probecover-201-01b.png","contentUrl":"https:\/\/swixed.ch\/wp-content\/uploads\/products\/swixed-probecover-201-01b.png","width":600,"height":600,"caption":"swixed-probecover-201-01b"},{"@type":"BreadcrumbList","@id":"https:\/\/swixed.ch\/it\/prodotto\/sed75201\/#breadcrumb","itemListElement":[{"@type":"ListItem","position":1,"name":"Home","item":"https:\/\/swixed.ch\/it\/home\/"},{"@type":"ListItem","position":2,"name":"Negozio","item":"https:\/\/swixed.ch\/it\/shop\/"},{"@type":"ListItem","position":3,"name":"Swixed Probetherm 201 &#8211; Copri sonda per Tympatherm 200"}]},{"@type":"WebSite","@id":"https:\/\/swixed.ch\/it\/#website","url":"https:\/\/swixed.ch\/it\/","name":"Swixed SA","description":"Dispositivi elettronici","publisher":{"@id":"https:\/\/swixed.ch\/it\/#organization"},"potentialAction":[{"@type":"SearchAction","target":{"@type":"EntryPoint","urlTemplate":"https:\/\/swixed.ch\/it\/?s={search_term_string}"},"query-input":{"@type":"PropertyValueSpecification","valueRequired":true,"valueName":"search_term_string"}}],"inLanguage":"it-IT"},{"@type":"Organization","@id":"https:\/\/swixed.ch\/it\/#organization","name":"Swixed SA","url":"https:\/\/swixed.ch\/it\/","logo":{"@type":"ImageObject","inLanguage":"it-IT","@id":"https:\/\/swixed.ch\/it\/#\/schema\/logo\/image\/","url":"https:\/\/swixed.ch\/wp-content\/uploads\/logos\/swixed-logo-lite.png","contentUrl":"https:\/\/swixed.ch\/wp-content\/uploads\/logos\/swixed-logo-lite.png","width":696,"height":696,"caption":"Swixed SA"},"image":{"@id":"https:\/\/swixed.ch\/it\/#\/schema\/logo\/image\/"},"sameAs":["https:\/\/www.facebook.com\/swixed","https:\/\/www.linkedin.com\/company\/swixed","https:\/\/www.youtube.com\/@swixedsa"],"description":"Swixed SA est une entreprise suisse bas\u00e9e \u00e0 Gen\u00e8ve, sp\u00e9cialis\u00e9e dans la vente, la location et la maintenance d\u2019appareils m\u00e9dicaux professionnels, tels que d\u00e9fibrillateurs AED, \u00e9lectrocardiographes, moniteurs patient et dispositifs de diagnostic.","email":"infoshop@swixed.ch","telephone":"+41 22 566 11 95","legalName":"Swixed SA","foundingDate":"2021-03-01","numberOfEmployees":{"@type":"QuantitativeValue","minValue":"1","maxValue":"10"}}]}},"_links":{"self":[{"href":"https:\/\/swixed.ch\/it\/wp-json\/wp\/v2\/product\/34262","targetHints":{"allow":["GET"]}}],"collection":[{"href":"https:\/\/swixed.ch\/it\/wp-json\/wp\/v2\/product"}],"about":[{"href":"https:\/\/swixed.ch\/it\/wp-json\/wp\/v2\/types\/product"}],"version-history":[{"count":0,"href":"https:\/\/swixed.ch\/it\/wp-json\/wp\/v2\/product\/34262\/revisions"}],"wp:featuredmedia":[{"embeddable":true,"href":"https:\/\/swixed.ch\/it\/wp-json\/wp\/v2\/media\/28940"}],"wp:attachment":[{"href":"https:\/\/swixed.ch\/it\/wp-json\/wp\/v2\/media?parent=34262"}],"wp:term":[{"taxonomy":"product_brand","embeddable":true,"href":"https:\/\/swixed.ch\/it\/wp-json\/wp\/v2\/product_brand?post=34262"},{"taxonomy":"product_cat","embeddable":true,"href":"https:\/\/swixed.ch\/it\/wp-json\/wp\/v2\/product_cat?post=34262"},{"taxonomy":"product_tag","embeddable":true,"href":"https:\/\/swixed.ch\/it\/wp-json\/wp\/v2\/product_tag?post=34262"}],"curies":[{"name":"wp","href":"https:\/\/api.w.org\/{rel}","templated":true}]}}