{"id":34486,"date":"2021-06-30T10:28:26","date_gmt":"2021-06-30T09:28:26","guid":{"rendered":"https:\/\/swixed.com\/produit\/boso-tm2450-monitor-della-pressione-sanguigna-24-ore-su-24\/"},"modified":"2026-04-21T06:26:54","modified_gmt":"2026-04-21T05:26:54","slug":"sed63004","status":"publish","type":"product","link":"https:\/\/swixed.ch\/it\/prodotto\/sed63004\/","title":{"rendered":"Sfigmomanometro Boso TM2450 Remler 24 ore"},"content":{"rendered":"\t\t<div data-elementor-type=\"product-post\" data-elementor-id=\"34486\" class=\"elementor elementor-34486 elementor-5585\" data-elementor-post-type=\"product\">\n\t\t\t\t\t\t<section class=\"elementor-section elementor-top-section elementor-element elementor-element-834d306 elementor-section-boxed elementor-section-height-default elementor-section-height-default\" data-id=\"834d306\" data-element_type=\"section\" data-e-type=\"section\">\n\t\t\t\t\t\t<div class=\"elementor-container elementor-column-gap-default\">\n\t\t\t\t\t<div class=\"elementor-column elementor-col-100 elementor-top-column elementor-element elementor-element-085465e\" data-id=\"085465e\" data-element_type=\"column\" data-e-type=\"column\">\n\t\t\t<div class=\"elementor-widget-wrap elementor-element-populated\">\n\t\t\t\t\t\t<div class=\"elementor-element elementor-element-0684e71 elementor-widget elementor-widget-heading\" data-id=\"0684e71\" data-element_type=\"widget\" data-e-type=\"widget\" data-widget_type=\"heading.default\">\n\t\t\t\t\t<h2 class=\"elementor-heading-title elementor-size-default\">Descrizione<\/h2>\t\t\t\t<\/div>\n\t\t\t\t\t<\/div>\n\t\t<\/div>\n\t\t\t\t\t<\/div>\n\t\t<\/section>\n\t\t\t\t<section class=\"elementor-section elementor-top-section elementor-element elementor-element-c0f3979 elementor-section-boxed elementor-section-height-default elementor-section-height-default\" data-id=\"c0f3979\" data-element_type=\"section\" data-e-type=\"section\">\n\t\t\t\t\t\t<div class=\"elementor-container elementor-column-gap-default\">\n\t\t\t\t\t<div class=\"elementor-column elementor-col-100 elementor-top-column elementor-element elementor-element-6e68e75\" data-id=\"6e68e75\" data-element_type=\"column\" data-e-type=\"column\">\n\t\t\t<div class=\"elementor-widget-wrap elementor-element-populated\">\n\t\t\t\t\t\t<div class=\"elementor-element elementor-element-3376bb3 elementor-widget elementor-widget-text-editor\" data-id=\"3376bb3\" data-element_type=\"widget\" data-e-type=\"widget\" data-widget_type=\"text-editor.default\">\n\t\t\t\t\t\t\t\t\t<p>Il <strong>misuratore di pressione sanguigna<\/strong> Boso TM 2450 <strong>24 ore<\/strong> \u00e8 un misuratore facile da usare che consente misurazioni precise e una rapida valutazione dei risultati grazie al suo <strong>intuitivo software per PC.<\/strong><\/p><p>Con dimensioni di 2,5 x 9,5 x 6,6 cm, il TM2450 <strong>\u00e8 estremamente compatto<\/strong> e facile da riporre e trasportare. Per trasportarlo comodamente, viene fornito con una custodia che pu\u00f2 essere utilizzata sia con una cintura che con una tracolla.<br>La memoria interna del remler TM2450 <strong>pu\u00f2 contenere fino a 600 risultati di misurazione.<\/strong> <\/p><p>\u00c8 <strong>possibile definire singoli intervalli di tempo per la misurazione<\/strong>, nonch\u00e9 gli orari di inizio e fine della modalit\u00e0 giorno e notte. Inoltre, \u00e8 disponibile un programma automatico standard preimpostato. Questo permette di registrare direttamente la pressione sanguigna e la frequenza cardiaca.  <\/p>\t\t\t\t\t\t\t\t<\/div>\n\t\t\t\t<div class=\"elementor-element elementor-element-4799974 elementor-widget elementor-widget-heading\" data-id=\"4799974\" data-element_type=\"widget\" data-e-type=\"widget\" data-widget_type=\"heading.default\">\n\t\t\t\t\t<h2 class=\"elementor-heading-title elementor-size-default\">Contenuto<\/h2>\t\t\t\t<\/div>\n\t\t\t\t<div class=\"elementor-element elementor-element-f8350d3 elementor-widget elementor-widget-text-editor\" data-id=\"f8350d3\" data-element_type=\"widget\" data-e-type=\"widget\" data-widget_type=\"text-editor.default\">\n\t\t\t\t\t\t\t\t\t<p>Contenuto della scatola di Boso TM2450 :<\/p><ul><li>Sfigmomanometro Boso TM 2450 remler 24 ore<\/li><li>Software di valutazione per sistemi operativi Windows (Boso profil-manager XD)<\/li><li>Cavo di connessione USB<\/li><li>1 caricabatterie<\/li><li>2 set di batterie (corrispondenti a 4 batterie ricaricabili)<\/li><li>Tasca a banana con cinturino<\/li><li>Polsino per circonferenza braccio 22 &#8211; 32 cm<\/li><\/ul>\t\t\t\t\t\t\t\t<\/div>\n\t\t\t\t\t<\/div>\n\t\t<\/div>\n\t\t\t\t\t<\/div>\n\t\t<\/section>\n\t\t\t\t<\/div>\n\t\t","protected":false},"excerpt":{"rendered":"<p>Il Boso TM-2450 \u00e8 un misuratore elettronico di pressione sanguigna progettato per effettuare misurazioni nell&#8217;arco di 24 ore. Compatto (2,5 x 9,5 x 6,6 cm) e leggero, pu\u00f2 essere utilizzato con un software per PC dedicato all&#8217;esportazione e all&#8217;analisi dei dati. Il dispositivo viene fornito con una custodia per il trasporto che pu\u00f2 essere utilizzata alla cintura o a tracolla. La memoria interna pu\u00f2 memorizzare fino a 600 misurazioni. Modello certificato CE, compatibile con i bracciali Boso per adulti.    <\/p>\n","protected":false},"featured_media":62663,"template":"","meta":{"_acf_changed":false},"product_brand":[2120],"product_cat":[1110,1100],"product_tag":[969,1419,1420,1418,1104,1103,1417,1102],"class_list":{"0":"post-34486","1":"product","2":"type-product","3":"status-publish","4":"has-post-thumbnail","6":"product_brand-boso-it","7":"product_cat-sfigmomanometri-elettronici","8":"product_cat-tensiometri","9":"product_tag-diagnostica","10":"product_tag-holter-it","11":"product_tag-holter-pressorio","12":"product_tag-mapa-it","13":"product_tag-medicina-generale","14":"product_tag-mmhg-it","15":"product_tag-remler-it","16":"product_tag-tensione","17":"product_shipping_class-spedizione-gratuita","19":"first","20":"instock","21":"sale","22":"taxable","23":"shipping-taxable","24":"purchasable","25":"product-type-simple"},"acf":[],"yoast_head":"<!-- This site is optimized with the Yoast SEO Premium plugin v27.4 (Yoast SEO v27.4) - https:\/\/yoast.com\/product\/yoast-seo-premium-wordpress\/ -->\n<title>Sfigmomanometro Boso TM2450 Remler 24 ore | Swixed SA<\/title>\n<meta name=\"description\" content=\"Il Boso TM-2450 24h remler \u00e8 un dispositivo facile da usare che consente misurazioni precise e una rapida valutazione dei risultati.\" \/>\n<meta name=\"robots\" content=\"index, follow, max-snippet:-1, max-image-preview:large, max-video-preview:-1\" \/>\n<link rel=\"canonical\" href=\"https:\/\/swixed.ch\/it\/prodotto\/sed63004\/\" \/>\n<meta property=\"og:locale\" content=\"it_IT\" \/>\n<meta property=\"og:type\" content=\"article\" \/>\n<meta property=\"og:title\" content=\"Sfigmomanometro Boso TM2450 Remler 24 ore\" \/>\n<meta property=\"og:description\" content=\"Il Boso TM-2450 24h remler \u00e8 un dispositivo facile da usare che consente misurazioni precise e una rapida valutazione dei risultati.\" \/>\n<meta property=\"og:url\" content=\"https:\/\/swixed.ch\/it\/prodotto\/sed63004\/\" \/>\n<meta property=\"og:site_name\" content=\"Swixed SA\" \/>\n<meta property=\"article:publisher\" content=\"https:\/\/www.facebook.com\/swixed\" \/>\n<meta property=\"article:modified_time\" content=\"2026-04-21T05:26:54+00:00\" \/>\n<meta property=\"og:image\" content=\"https:\/\/swixed.ch\/wp-content\/uploads\/products\/boso-tm2450-01a-1.png\" \/>\n\t<meta property=\"og:image:width\" content=\"600\" \/>\n\t<meta property=\"og:image:height\" content=\"600\" \/>\n\t<meta property=\"og:image:type\" content=\"image\/png\" \/>\n<meta name=\"twitter:card\" content=\"summary_large_image\" \/>\n<meta name=\"twitter:label1\" content=\"Tempo di lettura stimato\" \/>\n\t<meta name=\"twitter:data1\" content=\"1 minuto\" \/>\n<script type=\"application\/ld+json\" class=\"yoast-schema-graph\">{\"@context\":\"https:\\\/\\\/schema.org\",\"@graph\":[{\"@type\":\"WebPage\",\"@id\":\"https:\\\/\\\/swixed.ch\\\/it\\\/prodotto\\\/sed63004\\\/\",\"url\":\"https:\\\/\\\/swixed.ch\\\/it\\\/prodotto\\\/sed63004\\\/\",\"name\":\"Sfigmomanometro Boso TM2450 Remler 24 ore | Swixed SA\",\"isPartOf\":{\"@id\":\"https:\\\/\\\/swixed.ch\\\/it\\\/#website\"},\"primaryImageOfPage\":{\"@id\":\"https:\\\/\\\/swixed.ch\\\/it\\\/prodotto\\\/sed63004\\\/#primaryimage\"},\"image\":{\"@id\":\"https:\\\/\\\/swixed.ch\\\/it\\\/prodotto\\\/sed63004\\\/#primaryimage\"},\"thumbnailUrl\":\"https:\\\/\\\/swixed.ch\\\/wp-content\\\/uploads\\\/products\\\/boso-tm2450-01a-1.png\",\"datePublished\":\"2021-06-30T09:28:26+00:00\",\"dateModified\":\"2026-04-21T05:26:54+00:00\",\"description\":\"Il Boso TM-2450 24h remler \u00e8 un dispositivo facile da usare che consente misurazioni precise e una rapida valutazione dei risultati.\",\"breadcrumb\":{\"@id\":\"https:\\\/\\\/swixed.ch\\\/it\\\/prodotto\\\/sed63004\\\/#breadcrumb\"},\"inLanguage\":\"it-IT\",\"potentialAction\":[{\"@type\":\"ReadAction\",\"target\":[\"https:\\\/\\\/swixed.ch\\\/it\\\/prodotto\\\/sed63004\\\/\"]}]},{\"@type\":\"ImageObject\",\"inLanguage\":\"it-IT\",\"@id\":\"https:\\\/\\\/swixed.ch\\\/it\\\/prodotto\\\/sed63004\\\/#primaryimage\",\"url\":\"https:\\\/\\\/swixed.ch\\\/wp-content\\\/uploads\\\/products\\\/boso-tm2450-01a-1.png\",\"contentUrl\":\"https:\\\/\\\/swixed.ch\\\/wp-content\\\/uploads\\\/products\\\/boso-tm2450-01a-1.png\",\"width\":600,\"height\":600,\"caption\":\"boso tm2450 01a 1\"},{\"@type\":\"BreadcrumbList\",\"@id\":\"https:\\\/\\\/swixed.ch\\\/it\\\/prodotto\\\/sed63004\\\/#breadcrumb\",\"itemListElement\":[{\"@type\":\"ListItem\",\"position\":1,\"name\":\"Home\",\"item\":\"https:\\\/\\\/swixed.ch\\\/it\\\/home\\\/\"},{\"@type\":\"ListItem\",\"position\":2,\"name\":\"Negozio\",\"item\":\"https:\\\/\\\/swixed.ch\\\/it\\\/shop\\\/\"},{\"@type\":\"ListItem\",\"position\":3,\"name\":\"Sfigmomanometro Boso TM2450 Remler 24 ore\"}]},{\"@type\":\"WebSite\",\"@id\":\"https:\\\/\\\/swixed.ch\\\/it\\\/#website\",\"url\":\"https:\\\/\\\/swixed.ch\\\/it\\\/\",\"name\":\"Swixed SA\",\"description\":\"Dispositivi elettronici\",\"publisher\":{\"@id\":\"https:\\\/\\\/swixed.ch\\\/it\\\/#organization\"},\"potentialAction\":[{\"@type\":\"SearchAction\",\"target\":{\"@type\":\"EntryPoint\",\"urlTemplate\":\"https:\\\/\\\/swixed.ch\\\/it\\\/?s={search_term_string}\"},\"query-input\":{\"@type\":\"PropertyValueSpecification\",\"valueRequired\":true,\"valueName\":\"search_term_string\"}}],\"inLanguage\":\"it-IT\"},{\"@type\":\"Organization\",\"@id\":\"https:\\\/\\\/swixed.ch\\\/it\\\/#organization\",\"name\":\"Swixed SA\",\"url\":\"https:\\\/\\\/swixed.ch\\\/it\\\/\",\"logo\":{\"@type\":\"ImageObject\",\"inLanguage\":\"it-IT\",\"@id\":\"https:\\\/\\\/swixed.ch\\\/it\\\/#\\\/schema\\\/logo\\\/image\\\/\",\"url\":\"https:\\\/\\\/swixed.ch\\\/wp-content\\\/uploads\\\/logos\\\/swixed-logo-lite.png\",\"contentUrl\":\"https:\\\/\\\/swixed.ch\\\/wp-content\\\/uploads\\\/logos\\\/swixed-logo-lite.png\",\"width\":696,\"height\":696,\"caption\":\"Swixed SA\"},\"image\":{\"@id\":\"https:\\\/\\\/swixed.ch\\\/it\\\/#\\\/schema\\\/logo\\\/image\\\/\"},\"sameAs\":[\"https:\\\/\\\/www.facebook.com\\\/swixed\",\"https:\\\/\\\/www.linkedin.com\\\/company\\\/swixed\",\"https:\\\/\\\/www.youtube.com\\\/@swixedsa\"],\"description\":\"Swixed SA est une entreprise suisse bas\u00e9e \u00e0 Gen\u00e8ve, sp\u00e9cialis\u00e9e dans la vente, la location et la maintenance d\u2019appareils m\u00e9dicaux professionnels, tels que d\u00e9fibrillateurs AED, \u00e9lectrocardiographes, moniteurs patient et dispositifs de diagnostic.\",\"email\":\"infoshop@swixed.ch\",\"telephone\":\"+41 22 566 11 95\",\"legalName\":\"Swixed SA\",\"foundingDate\":\"2021-03-01\",\"numberOfEmployees\":{\"@type\":\"QuantitativeValue\",\"minValue\":\"1\",\"maxValue\":\"10\"}}]}<\/script>\n<!-- \/ Yoast SEO Premium plugin. -->","yoast_head_json":{"title":"Sfigmomanometro Boso TM2450 Remler 24 ore | Swixed SA","description":"Il Boso TM-2450 24h remler \u00e8 un dispositivo facile da usare che consente misurazioni precise e una rapida valutazione dei risultati.","robots":{"index":"index","follow":"follow","max-snippet":"max-snippet:-1","max-image-preview":"max-image-preview:large","max-video-preview":"max-video-preview:-1"},"canonical":"https:\/\/swixed.ch\/it\/prodotto\/sed63004\/","og_locale":"it_IT","og_type":"article","og_title":"Sfigmomanometro Boso TM2450 Remler 24 ore","og_description":"Il Boso TM-2450 24h remler \u00e8 un dispositivo facile da usare che consente misurazioni precise e una rapida valutazione dei risultati.","og_url":"https:\/\/swixed.ch\/it\/prodotto\/sed63004\/","og_site_name":"Swixed SA","article_publisher":"https:\/\/www.facebook.com\/swixed","article_modified_time":"2026-04-21T05:26:54+00:00","og_image":[{"width":600,"height":600,"url":"https:\/\/swixed.ch\/wp-content\/uploads\/products\/boso-tm2450-01a-1.png","type":"image\/png"}],"twitter_card":"summary_large_image","twitter_misc":{"Tempo di lettura stimato":"1 minuto"},"schema":{"@context":"https:\/\/schema.org","@graph":[{"@type":"WebPage","@id":"https:\/\/swixed.ch\/it\/prodotto\/sed63004\/","url":"https:\/\/swixed.ch\/it\/prodotto\/sed63004\/","name":"Sfigmomanometro Boso TM2450 Remler 24 ore | Swixed SA","isPartOf":{"@id":"https:\/\/swixed.ch\/it\/#website"},"primaryImageOfPage":{"@id":"https:\/\/swixed.ch\/it\/prodotto\/sed63004\/#primaryimage"},"image":{"@id":"https:\/\/swixed.ch\/it\/prodotto\/sed63004\/#primaryimage"},"thumbnailUrl":"https:\/\/swixed.ch\/wp-content\/uploads\/products\/boso-tm2450-01a-1.png","datePublished":"2021-06-30T09:28:26+00:00","dateModified":"2026-04-21T05:26:54+00:00","description":"Il Boso TM-2450 24h remler \u00e8 un dispositivo facile da usare che consente misurazioni precise e una rapida valutazione dei risultati.","breadcrumb":{"@id":"https:\/\/swixed.ch\/it\/prodotto\/sed63004\/#breadcrumb"},"inLanguage":"it-IT","potentialAction":[{"@type":"ReadAction","target":["https:\/\/swixed.ch\/it\/prodotto\/sed63004\/"]}]},{"@type":"ImageObject","inLanguage":"it-IT","@id":"https:\/\/swixed.ch\/it\/prodotto\/sed63004\/#primaryimage","url":"https:\/\/swixed.ch\/wp-content\/uploads\/products\/boso-tm2450-01a-1.png","contentUrl":"https:\/\/swixed.ch\/wp-content\/uploads\/products\/boso-tm2450-01a-1.png","width":600,"height":600,"caption":"boso tm2450 01a 1"},{"@type":"BreadcrumbList","@id":"https:\/\/swixed.ch\/it\/prodotto\/sed63004\/#breadcrumb","itemListElement":[{"@type":"ListItem","position":1,"name":"Home","item":"https:\/\/swixed.ch\/it\/home\/"},{"@type":"ListItem","position":2,"name":"Negozio","item":"https:\/\/swixed.ch\/it\/shop\/"},{"@type":"ListItem","position":3,"name":"Sfigmomanometro Boso TM2450 Remler 24 ore"}]},{"@type":"WebSite","@id":"https:\/\/swixed.ch\/it\/#website","url":"https:\/\/swixed.ch\/it\/","name":"Swixed SA","description":"Dispositivi elettronici","publisher":{"@id":"https:\/\/swixed.ch\/it\/#organization"},"potentialAction":[{"@type":"SearchAction","target":{"@type":"EntryPoint","urlTemplate":"https:\/\/swixed.ch\/it\/?s={search_term_string}"},"query-input":{"@type":"PropertyValueSpecification","valueRequired":true,"valueName":"search_term_string"}}],"inLanguage":"it-IT"},{"@type":"Organization","@id":"https:\/\/swixed.ch\/it\/#organization","name":"Swixed SA","url":"https:\/\/swixed.ch\/it\/","logo":{"@type":"ImageObject","inLanguage":"it-IT","@id":"https:\/\/swixed.ch\/it\/#\/schema\/logo\/image\/","url":"https:\/\/swixed.ch\/wp-content\/uploads\/logos\/swixed-logo-lite.png","contentUrl":"https:\/\/swixed.ch\/wp-content\/uploads\/logos\/swixed-logo-lite.png","width":696,"height":696,"caption":"Swixed SA"},"image":{"@id":"https:\/\/swixed.ch\/it\/#\/schema\/logo\/image\/"},"sameAs":["https:\/\/www.facebook.com\/swixed","https:\/\/www.linkedin.com\/company\/swixed","https:\/\/www.youtube.com\/@swixedsa"],"description":"Swixed SA est une entreprise suisse bas\u00e9e \u00e0 Gen\u00e8ve, sp\u00e9cialis\u00e9e dans la vente, la location et la maintenance d\u2019appareils m\u00e9dicaux professionnels, tels que d\u00e9fibrillateurs AED, \u00e9lectrocardiographes, moniteurs patient et dispositifs de diagnostic.","email":"infoshop@swixed.ch","telephone":"+41 22 566 11 95","legalName":"Swixed SA","foundingDate":"2021-03-01","numberOfEmployees":{"@type":"QuantitativeValue","minValue":"1","maxValue":"10"}}]}},"_links":{"self":[{"href":"https:\/\/swixed.ch\/it\/wp-json\/wp\/v2\/product\/34486","targetHints":{"allow":["GET"]}}],"collection":[{"href":"https:\/\/swixed.ch\/it\/wp-json\/wp\/v2\/product"}],"about":[{"href":"https:\/\/swixed.ch\/it\/wp-json\/wp\/v2\/types\/product"}],"version-history":[{"count":1,"href":"https:\/\/swixed.ch\/it\/wp-json\/wp\/v2\/product\/34486\/revisions"}],"predecessor-version":[{"id":63041,"href":"https:\/\/swixed.ch\/it\/wp-json\/wp\/v2\/product\/34486\/revisions\/63041"}],"wp:featuredmedia":[{"embeddable":true,"href":"https:\/\/swixed.ch\/it\/wp-json\/wp\/v2\/media\/62663"}],"wp:attachment":[{"href":"https:\/\/swixed.ch\/it\/wp-json\/wp\/v2\/media?parent=34486"}],"wp:term":[{"taxonomy":"product_brand","embeddable":true,"href":"https:\/\/swixed.ch\/it\/wp-json\/wp\/v2\/product_brand?post=34486"},{"taxonomy":"product_cat","embeddable":true,"href":"https:\/\/swixed.ch\/it\/wp-json\/wp\/v2\/product_cat?post=34486"},{"taxonomy":"product_tag","embeddable":true,"href":"https:\/\/swixed.ch\/it\/wp-json\/wp\/v2\/product_tag?post=34486"}],"curies":[{"name":"wp","href":"https:\/\/api.w.org\/{rel}","templated":true}]}}