{"id":34522,"date":"2021-05-18T10:23:30","date_gmt":"2021-05-18T08:23:30","guid":{"rendered":"https:\/\/swixed.com\/produit\/oftalmoscopio-heine-beta-200\/"},"modified":"2025-12-28T20:59:10","modified_gmt":"2025-12-28T19:59:10","slug":"sed82002","status":"publish","type":"product","link":"https:\/\/swixed.ch\/it\/prodotto\/sed82002\/","title":{"rendered":"Heine Beta 200 &#8211; Oftalmoscopio antipolvere con ottica asferica"},"content":{"rendered":"\t\t<div data-elementor-type=\"product-post\" data-elementor-id=\"34522\" class=\"elementor elementor-34522 elementor-4709\" data-elementor-post-type=\"product\">\n\t\t\t\t\t\t<section class=\"elementor-section elementor-top-section elementor-element elementor-element-c0f3979 elementor-section-boxed elementor-section-height-default elementor-section-height-default\" data-id=\"c0f3979\" data-element_type=\"section\" data-e-type=\"section\">\n\t\t\t\t\t\t<div class=\"elementor-container elementor-column-gap-default\">\n\t\t\t\t\t<div class=\"elementor-column elementor-col-100 elementor-top-column elementor-element elementor-element-6e68e75\" data-id=\"6e68e75\" data-element_type=\"column\" data-e-type=\"column\">\n\t\t\t<div class=\"elementor-widget-wrap elementor-element-populated\">\n\t\t\t\t\t\t<div class=\"elementor-element elementor-element-0684e71 elementor-widget elementor-widget-heading\" data-id=\"0684e71\" data-element_type=\"widget\" data-e-type=\"widget\" data-widget_type=\"heading.default\">\n\t\t\t\t\t<h2 class=\"elementor-heading-title elementor-size-default\">Descrizione<\/h2>\t\t\t\t<\/div>\n\t\t\t\t<div class=\"elementor-element elementor-element-3376bb3 elementor-widget elementor-widget-text-editor\" data-id=\"3376bb3\" data-element_type=\"widget\" data-e-type=\"widget\" data-widget_type=\"text-editor.default\">\n\t\t\t\t\t\t\t\t\t<p>L&#8217;<strong>oftalmoscopio Heine Beta 200<\/strong> \u00e8 un modello di alta qualit\u00e0, <strong>resistente alla polvere<\/strong> e particolarmente robusto. \u00c8 dotato di ottiche asferiche all&#8217;avanguardia, brevettate da Heine, che (applicando il principio di Gullstrand) riducono i riflessi della cornea e dell&#8217;iride per garantire un&#8217;immagine estremamente nitida e chiara della parte posteriore dell&#8217;occhio.<\/p><p>L&#8217;<strong>oftalmoscopio Heine Beta 200<\/strong> si avvale della tecnologia migliorata della lampada alogena XHL Xenon, che fornisce una luce bianca concentrata e omogenea adatta agli esami oftalmologici dei mezzi dell&#8217;occhio (cornea, umor acqueo, cristallino, corpo vitreo) e della retina.<\/p><p>Pu\u00f2 anche essere dotato della <strong>tecnologia HQ LED di Heine<\/strong>, che fornisce un&#8217;illuminazione priva di riflessi e abbagliamenti, due volte pi\u00f9 luminosa rispetto agli strumenti con illuminazione alogena. Offre inoltre un&#8217;eccezionale resa cromatica e consente una diagnosi estremamente accurata.<\/p><p>Dotato di una finestra di osservazione in vetro ottico speciale con una rientranza, in modo che la luce ambientale non interferisca. Grazie alla sua forma ergonomica, si adatta comodamente alla cavit\u00e0 oculare e isola l&#8217;occhio dalla luce ambientale. Il suo supporto orbitale flessibile protegge gli occhiali indossati dall&#8217;osservatore.<\/p><p>L&#8217;ampio intervallo di correzione (da -35 D a +40 D) consente di ottenere immagini nitide anche con livelli elevati di ametropia.<\/p><p>L&#8217;oftalmoscopio HEINE Beta 200 \u00e8 adatto a pupille strette o dilatate e pu\u00f2 essere utilizzato per l&#8217;oftalmoscopia a fessura e a fluorescenza e per i test di fissazione. Dispone di<strong> 6 diversi diaframmi<\/strong> e di un filtro di interferenza verde (che elimina il rosso) con un interruttore separato (utilizzabile con tutti i diaframmi).<\/p><p>L&#8217;oftalmoscopio BETA 200 \u00e8 disponibile in diverse versioni. Tutti i set includono una valigetta e una testina per oftalmoscopio Heine BETA 200. Si differenziano per l&#8217;alimentazione (manici a batteria da 2,5 V o manici a batteria da 3,5 V con caricatore) e per la modalit\u00e0 di illuminazione (XHL o LED).<\/p>\t\t\t\t\t\t\t\t<\/div>\n\t\t\t\t<div class=\"elementor-element elementor-element-af04992 elementor-widget elementor-widget-heading\" data-id=\"af04992\" data-element_type=\"widget\" data-e-type=\"widget\" data-widget_type=\"heading.default\">\n\t\t\t\t\t<h3 class=\"elementor-heading-title elementor-size-default\">Oftalmoscopio Heine Beta 200 versione 2,5 V XHL<\/h3>\t\t\t\t<\/div>\n\t\t\t\t<div class=\"elementor-element elementor-element-8a6eb4c elementor-widget elementor-widget-text-editor\" data-id=\"8a6eb4c\" data-element_type=\"widget\" data-e-type=\"widget\" data-widget_type=\"text-editor.default\">\n\t\t\t\t\t\t\t\t\t<p><strong>Rif. SED82002 Con impugnatura a batteria.<\/strong><\/p><ul><li>1 testa per oftalmoscopio diagnostico BETA 200 2,5 V XHL.<\/li><li>1 maniglia a batteria (batterie non incluse)<\/li><li>1 lampadina di ricambio.<\/li><li>1 custodia rigida.<\/li><\/ul>\t\t\t\t\t\t\t\t<\/div>\n\t\t\t\t<div class=\"elementor-element elementor-element-aacf333 elementor-widget elementor-widget-heading\" data-id=\"aacf333\" data-element_type=\"widget\" data-e-type=\"widget\" data-widget_type=\"heading.default\">\n\t\t\t\t\t<h3 class=\"elementor-heading-title elementor-size-default\">Oftalmoscopio Heine Beta 200 3,5 V XHL (a seconda del modello scelto)<\/h3>\t\t\t\t<\/div>\n\t\t\t\t<div class=\"elementor-element elementor-element-ad8baa7 elementor-widget elementor-widget-text-editor\" data-id=\"ad8baa7\" data-element_type=\"widget\" data-e-type=\"widget\" data-widget_type=\"text-editor.default\">\n\t\t\t\t\t\t\t\t\t<p><strong>Rif. SED82002-01 Con impugnatura BETA4 (Li-ION) e caricatore USB<\/strong><\/p><ul><li>1 testa per oftalmoscopio BETA 200 3,5 V.<\/li><li>1 impugnatura ricaricabile BETA4 (batterie Li-ION)<\/li><li>1 lampadina di ricambio.<\/li><li>1 custodia rigida.<\/li><li>1 caricatore USB (cavo + alimentatore).<\/li><\/ul><p><strong>Rif. SED82002-03 Con impugnatura BETA4 (Li-ION) e caricatore NT 4<\/strong><\/p><ul><li>1 testa per oftalmoscopio BETA 200 3,5 V.<\/li><li>1 impugnatura ricaricabile BETA4 (batterie Li-ION)<\/li><li>1 lampadina di ricambio.<\/li><li>1 custodia rigida.<\/li><li>1 caricatore da tavolo NT4.<\/li><\/ul>\t\t\t\t\t\t\t\t<\/div>\n\t\t\t\t<div class=\"elementor-element elementor-element-899fb87 elementor-widget elementor-widget-heading\" data-id=\"899fb87\" data-element_type=\"widget\" data-e-type=\"widget\" data-widget_type=\"heading.default\">\n\t\t\t\t\t<h3 class=\"elementor-heading-title elementor-size-default\">Oftalmoscopio Heine Beta 200 LED (a seconda del modello scelto)<\/h3>\t\t\t\t<\/div>\n\t\t\t\t<div class=\"elementor-element elementor-element-c2cdaa0 elementor-widget elementor-widget-text-editor\" data-id=\"c2cdaa0\" data-element_type=\"widget\" data-e-type=\"widget\" data-widget_type=\"text-editor.default\">\n\t\t\t\t\t\t\t\t\t<p><strong>Rif. SED82002-02 Con impugnatura BETA4 (Li-ION) e caricatore USB<\/strong><\/p><ul><li>1 testa per oftalmoscopio BETA 200 LED.<\/li><li>1 impugnatura ricaricabile BETA4 (batterie Li-ION)<\/li><li>1 custodia rigida.<\/li><li>1 caricatore USB (cavo + alimentatore).<\/li><\/ul><p><strong>Rif. SED82002-04 Con impugnatura BETA4 (Li-ION) e caricatore NT 4<\/strong><\/p><ul><li>1 testa per oftalmoscopio a fibre ottiche BETA 200 LED.<\/li><li>1 impugnatura ricaricabile BETA4 (batterie Li-ION)<\/li><li>1 custodia rigida.<\/li><li>1 caricatore da tavolo NT4.<\/li><\/ul>\t\t\t\t\t\t\t\t<\/div>\n\t\t\t\t\t<\/div>\n\t\t<\/div>\n\t\t\t\t\t<\/div>\n\t\t<\/section>\n\t\t\t\t<\/div>\n\t\t","protected":false},"excerpt":{"rendered":"<p>L&#8217;Heine Beta 200 \u00e8 un oftalmoscopio con una custodia robusta e un design antipolvere. Incorpora l&#8217;ottica asferica brevettata da Heine basata sul principio di Gullstrand. \u00c8 disponibile in diverse configurazioni: manico a batteria da 2,5 V, manico ricaricabile da 3,5 V con caricatore, illuminazione XHL o LED. Ogni kit comprende una testina per oftalmoscopio Beta 200 e una custodia. Prodotto certificato CE, adatto all&#8217;uso professionale.    <\/p>\n","protected":false},"featured_media":27836,"template":"","meta":{"_acf_changed":false},"product_brand":[2148],"product_cat":[1344,1338],"product_tag":[1352,969,1104,1350,1348],"class_list":{"0":"post-34522","1":"product","2":"type-product","3":"status-publish","4":"has-post-thumbnail","6":"product_brand-heine-it","7":"product_cat-apparecchi-oftalmoscopi","8":"product_cat-oftalmoscopi","9":"product_tag-diaframma","10":"product_tag-diagnostica","11":"product_tag-medicina-generale","12":"product_tag-oculare","13":"product_tag-orl-it","15":"first","16":"instock","17":"taxable","18":"shipping-taxable","19":"purchasable","20":"product-type-variable","21":"has-default-attributes"},"acf":[],"yoast_head":"<!-- This site is optimized with the Yoast SEO Premium plugin v27.4 (Yoast SEO v27.4) - https:\/\/yoast.com\/product\/yoast-seo-premium-wordpress\/ -->\n<title>Heine Beta 200 - Oftalmoscopio antipolvere con ottica asferica | Swixed SA<\/title>\n<meta name=\"description\" content=\"Modello di alta qualit\u00e0. Ha un&#039;ottica asferica avanzata che riduce i riflessi della cornea e dell&#039;iride (principio di Gullstrand).\" \/>\n<meta name=\"robots\" content=\"index, follow, max-snippet:-1, max-image-preview:large, max-video-preview:-1\" \/>\n<link rel=\"canonical\" href=\"https:\/\/swixed.ch\/it\/prodotto\/sed82002\/\" \/>\n<meta property=\"og:locale\" content=\"it_IT\" \/>\n<meta property=\"og:type\" content=\"article\" \/>\n<meta property=\"og:title\" content=\"Heine Beta 200 - Oftalmoscopio antipolvere con ottica asferica\" \/>\n<meta property=\"og:description\" content=\"Modello di alta qualit\u00e0. Ha un&#039;ottica asferica avanzata che riduce i riflessi della cornea e dell&#039;iride (principio di Gullstrand).\" \/>\n<meta property=\"og:url\" content=\"https:\/\/swixed.ch\/it\/prodotto\/sed82002\/\" \/>\n<meta property=\"og:site_name\" content=\"Swixed SA\" \/>\n<meta property=\"article:publisher\" content=\"https:\/\/www.facebook.com\/swixed\" \/>\n<meta property=\"article:modified_time\" content=\"2025-12-28T19:59:10+00:00\" \/>\n<meta property=\"og:image\" content=\"https:\/\/swixed.ch\/wp-content\/uploads\/products\/heine-beta-200-ophtalmoscope-01.png\" \/>\n\t<meta property=\"og:image:width\" content=\"600\" \/>\n\t<meta property=\"og:image:height\" content=\"600\" \/>\n\t<meta property=\"og:image:type\" content=\"image\/png\" \/>\n<meta name=\"twitter:card\" content=\"summary_large_image\" \/>\n<meta name=\"twitter:label1\" content=\"Tempo di lettura stimato\" \/>\n\t<meta name=\"twitter:data1\" content=\"2 minuti\" \/>\n<script type=\"application\/ld+json\" class=\"yoast-schema-graph\">{\"@context\":\"https:\\\/\\\/schema.org\",\"@graph\":[{\"@type\":\"WebPage\",\"@id\":\"https:\\\/\\\/swixed.ch\\\/it\\\/prodotto\\\/sed82002\\\/\",\"url\":\"https:\\\/\\\/swixed.ch\\\/it\\\/prodotto\\\/sed82002\\\/\",\"name\":\"Heine Beta 200 - Oftalmoscopio antipolvere con ottica asferica | Swixed SA\",\"isPartOf\":{\"@id\":\"https:\\\/\\\/swixed.ch\\\/it\\\/#website\"},\"primaryImageOfPage\":{\"@id\":\"https:\\\/\\\/swixed.ch\\\/it\\\/prodotto\\\/sed82002\\\/#primaryimage\"},\"image\":{\"@id\":\"https:\\\/\\\/swixed.ch\\\/it\\\/prodotto\\\/sed82002\\\/#primaryimage\"},\"thumbnailUrl\":\"https:\\\/\\\/swixed.ch\\\/wp-content\\\/uploads\\\/products\\\/heine-beta-200-ophtalmoscope-01.png\",\"datePublished\":\"2021-05-18T08:23:30+00:00\",\"dateModified\":\"2025-12-28T19:59:10+00:00\",\"description\":\"Modello di alta qualit\u00e0. Ha un'ottica asferica avanzata che riduce i riflessi della cornea e dell'iride (principio di Gullstrand).\",\"breadcrumb\":{\"@id\":\"https:\\\/\\\/swixed.ch\\\/it\\\/prodotto\\\/sed82002\\\/#breadcrumb\"},\"inLanguage\":\"it-IT\",\"potentialAction\":[{\"@type\":\"ReadAction\",\"target\":[\"https:\\\/\\\/swixed.ch\\\/it\\\/prodotto\\\/sed82002\\\/\"]}]},{\"@type\":\"ImageObject\",\"inLanguage\":\"it-IT\",\"@id\":\"https:\\\/\\\/swixed.ch\\\/it\\\/prodotto\\\/sed82002\\\/#primaryimage\",\"url\":\"https:\\\/\\\/swixed.ch\\\/wp-content\\\/uploads\\\/products\\\/heine-beta-200-ophtalmoscope-01.png\",\"contentUrl\":\"https:\\\/\\\/swixed.ch\\\/wp-content\\\/uploads\\\/products\\\/heine-beta-200-ophtalmoscope-01.png\",\"width\":600,\"height\":600,\"caption\":\"heine-beta-200-ophtalmoscope-01\"},{\"@type\":\"BreadcrumbList\",\"@id\":\"https:\\\/\\\/swixed.ch\\\/it\\\/prodotto\\\/sed82002\\\/#breadcrumb\",\"itemListElement\":[{\"@type\":\"ListItem\",\"position\":1,\"name\":\"Home\",\"item\":\"https:\\\/\\\/swixed.ch\\\/it\\\/home\\\/\"},{\"@type\":\"ListItem\",\"position\":2,\"name\":\"Negozio\",\"item\":\"https:\\\/\\\/swixed.ch\\\/it\\\/shop\\\/\"},{\"@type\":\"ListItem\",\"position\":3,\"name\":\"Heine Beta 200 &#8211; Oftalmoscopio antipolvere con ottica asferica\"}]},{\"@type\":\"WebSite\",\"@id\":\"https:\\\/\\\/swixed.ch\\\/it\\\/#website\",\"url\":\"https:\\\/\\\/swixed.ch\\\/it\\\/\",\"name\":\"Swixed SA\",\"description\":\"Dispositivi elettronici\",\"publisher\":{\"@id\":\"https:\\\/\\\/swixed.ch\\\/it\\\/#organization\"},\"potentialAction\":[{\"@type\":\"SearchAction\",\"target\":{\"@type\":\"EntryPoint\",\"urlTemplate\":\"https:\\\/\\\/swixed.ch\\\/it\\\/?s={search_term_string}\"},\"query-input\":{\"@type\":\"PropertyValueSpecification\",\"valueRequired\":true,\"valueName\":\"search_term_string\"}}],\"inLanguage\":\"it-IT\"},{\"@type\":\"Organization\",\"@id\":\"https:\\\/\\\/swixed.ch\\\/it\\\/#organization\",\"name\":\"Swixed SA\",\"url\":\"https:\\\/\\\/swixed.ch\\\/it\\\/\",\"logo\":{\"@type\":\"ImageObject\",\"inLanguage\":\"it-IT\",\"@id\":\"https:\\\/\\\/swixed.ch\\\/it\\\/#\\\/schema\\\/logo\\\/image\\\/\",\"url\":\"https:\\\/\\\/swixed.ch\\\/wp-content\\\/uploads\\\/logos\\\/swixed-logo-lite.png\",\"contentUrl\":\"https:\\\/\\\/swixed.ch\\\/wp-content\\\/uploads\\\/logos\\\/swixed-logo-lite.png\",\"width\":696,\"height\":696,\"caption\":\"Swixed SA\"},\"image\":{\"@id\":\"https:\\\/\\\/swixed.ch\\\/it\\\/#\\\/schema\\\/logo\\\/image\\\/\"},\"sameAs\":[\"https:\\\/\\\/www.facebook.com\\\/swixed\",\"https:\\\/\\\/www.linkedin.com\\\/company\\\/swixed\",\"https:\\\/\\\/www.youtube.com\\\/@swixedsa\"],\"description\":\"Swixed SA est une entreprise suisse bas\u00e9e \u00e0 Gen\u00e8ve, sp\u00e9cialis\u00e9e dans la vente, la location et la maintenance d\u2019appareils m\u00e9dicaux professionnels, tels que d\u00e9fibrillateurs AED, \u00e9lectrocardiographes, moniteurs patient et dispositifs de diagnostic.\",\"email\":\"infoshop@swixed.ch\",\"telephone\":\"+41 22 566 11 95\",\"legalName\":\"Swixed SA\",\"foundingDate\":\"2021-03-01\",\"numberOfEmployees\":{\"@type\":\"QuantitativeValue\",\"minValue\":\"1\",\"maxValue\":\"10\"}}]}<\/script>\n<!-- \/ Yoast SEO Premium plugin. -->","yoast_head_json":{"title":"Heine Beta 200 - Oftalmoscopio antipolvere con ottica asferica | Swixed SA","description":"Modello di alta qualit\u00e0. Ha un'ottica asferica avanzata che riduce i riflessi della cornea e dell'iride (principio di Gullstrand).","robots":{"index":"index","follow":"follow","max-snippet":"max-snippet:-1","max-image-preview":"max-image-preview:large","max-video-preview":"max-video-preview:-1"},"canonical":"https:\/\/swixed.ch\/it\/prodotto\/sed82002\/","og_locale":"it_IT","og_type":"article","og_title":"Heine Beta 200 - Oftalmoscopio antipolvere con ottica asferica","og_description":"Modello di alta qualit\u00e0. Ha un'ottica asferica avanzata che riduce i riflessi della cornea e dell'iride (principio di Gullstrand).","og_url":"https:\/\/swixed.ch\/it\/prodotto\/sed82002\/","og_site_name":"Swixed SA","article_publisher":"https:\/\/www.facebook.com\/swixed","article_modified_time":"2025-12-28T19:59:10+00:00","og_image":[{"width":600,"height":600,"url":"https:\/\/swixed.ch\/wp-content\/uploads\/products\/heine-beta-200-ophtalmoscope-01.png","type":"image\/png"}],"twitter_card":"summary_large_image","twitter_misc":{"Tempo di lettura stimato":"2 minuti"},"schema":{"@context":"https:\/\/schema.org","@graph":[{"@type":"WebPage","@id":"https:\/\/swixed.ch\/it\/prodotto\/sed82002\/","url":"https:\/\/swixed.ch\/it\/prodotto\/sed82002\/","name":"Heine Beta 200 - Oftalmoscopio antipolvere con ottica asferica | Swixed SA","isPartOf":{"@id":"https:\/\/swixed.ch\/it\/#website"},"primaryImageOfPage":{"@id":"https:\/\/swixed.ch\/it\/prodotto\/sed82002\/#primaryimage"},"image":{"@id":"https:\/\/swixed.ch\/it\/prodotto\/sed82002\/#primaryimage"},"thumbnailUrl":"https:\/\/swixed.ch\/wp-content\/uploads\/products\/heine-beta-200-ophtalmoscope-01.png","datePublished":"2021-05-18T08:23:30+00:00","dateModified":"2025-12-28T19:59:10+00:00","description":"Modello di alta qualit\u00e0. Ha un'ottica asferica avanzata che riduce i riflessi della cornea e dell'iride (principio di Gullstrand).","breadcrumb":{"@id":"https:\/\/swixed.ch\/it\/prodotto\/sed82002\/#breadcrumb"},"inLanguage":"it-IT","potentialAction":[{"@type":"ReadAction","target":["https:\/\/swixed.ch\/it\/prodotto\/sed82002\/"]}]},{"@type":"ImageObject","inLanguage":"it-IT","@id":"https:\/\/swixed.ch\/it\/prodotto\/sed82002\/#primaryimage","url":"https:\/\/swixed.ch\/wp-content\/uploads\/products\/heine-beta-200-ophtalmoscope-01.png","contentUrl":"https:\/\/swixed.ch\/wp-content\/uploads\/products\/heine-beta-200-ophtalmoscope-01.png","width":600,"height":600,"caption":"heine-beta-200-ophtalmoscope-01"},{"@type":"BreadcrumbList","@id":"https:\/\/swixed.ch\/it\/prodotto\/sed82002\/#breadcrumb","itemListElement":[{"@type":"ListItem","position":1,"name":"Home","item":"https:\/\/swixed.ch\/it\/home\/"},{"@type":"ListItem","position":2,"name":"Negozio","item":"https:\/\/swixed.ch\/it\/shop\/"},{"@type":"ListItem","position":3,"name":"Heine Beta 200 &#8211; Oftalmoscopio antipolvere con ottica asferica"}]},{"@type":"WebSite","@id":"https:\/\/swixed.ch\/it\/#website","url":"https:\/\/swixed.ch\/it\/","name":"Swixed SA","description":"Dispositivi elettronici","publisher":{"@id":"https:\/\/swixed.ch\/it\/#organization"},"potentialAction":[{"@type":"SearchAction","target":{"@type":"EntryPoint","urlTemplate":"https:\/\/swixed.ch\/it\/?s={search_term_string}"},"query-input":{"@type":"PropertyValueSpecification","valueRequired":true,"valueName":"search_term_string"}}],"inLanguage":"it-IT"},{"@type":"Organization","@id":"https:\/\/swixed.ch\/it\/#organization","name":"Swixed SA","url":"https:\/\/swixed.ch\/it\/","logo":{"@type":"ImageObject","inLanguage":"it-IT","@id":"https:\/\/swixed.ch\/it\/#\/schema\/logo\/image\/","url":"https:\/\/swixed.ch\/wp-content\/uploads\/logos\/swixed-logo-lite.png","contentUrl":"https:\/\/swixed.ch\/wp-content\/uploads\/logos\/swixed-logo-lite.png","width":696,"height":696,"caption":"Swixed SA"},"image":{"@id":"https:\/\/swixed.ch\/it\/#\/schema\/logo\/image\/"},"sameAs":["https:\/\/www.facebook.com\/swixed","https:\/\/www.linkedin.com\/company\/swixed","https:\/\/www.youtube.com\/@swixedsa"],"description":"Swixed SA est une entreprise suisse bas\u00e9e \u00e0 Gen\u00e8ve, sp\u00e9cialis\u00e9e dans la vente, la location et la maintenance d\u2019appareils m\u00e9dicaux professionnels, tels que d\u00e9fibrillateurs AED, \u00e9lectrocardiographes, moniteurs patient et dispositifs de diagnostic.","email":"infoshop@swixed.ch","telephone":"+41 22 566 11 95","legalName":"Swixed SA","foundingDate":"2021-03-01","numberOfEmployees":{"@type":"QuantitativeValue","minValue":"1","maxValue":"10"}}]}},"_links":{"self":[{"href":"https:\/\/swixed.ch\/it\/wp-json\/wp\/v2\/product\/34522","targetHints":{"allow":["GET"]}}],"collection":[{"href":"https:\/\/swixed.ch\/it\/wp-json\/wp\/v2\/product"}],"about":[{"href":"https:\/\/swixed.ch\/it\/wp-json\/wp\/v2\/types\/product"}],"version-history":[{"count":0,"href":"https:\/\/swixed.ch\/it\/wp-json\/wp\/v2\/product\/34522\/revisions"}],"wp:featuredmedia":[{"embeddable":true,"href":"https:\/\/swixed.ch\/it\/wp-json\/wp\/v2\/media\/27836"}],"wp:attachment":[{"href":"https:\/\/swixed.ch\/it\/wp-json\/wp\/v2\/media?parent=34522"}],"wp:term":[{"taxonomy":"product_brand","embeddable":true,"href":"https:\/\/swixed.ch\/it\/wp-json\/wp\/v2\/product_brand?post=34522"},{"taxonomy":"product_cat","embeddable":true,"href":"https:\/\/swixed.ch\/it\/wp-json\/wp\/v2\/product_cat?post=34522"},{"taxonomy":"product_tag","embeddable":true,"href":"https:\/\/swixed.ch\/it\/wp-json\/wp\/v2\/product_tag?post=34522"}],"curies":[{"name":"wp","href":"https:\/\/api.w.org\/{rel}","templated":true}]}}