{"id":34536,"date":"2021-05-12T10:07:30","date_gmt":"2021-05-12T08:07:30","guid":{"rendered":"https:\/\/swixed.com\/produit\/monitor-dei-segni-vitali-edan-x8\/"},"modified":"2026-01-13T22:39:22","modified_gmt":"2026-01-13T21:39:22","slug":"sed20003","status":"publish","type":"product","link":"https:\/\/swixed.ch\/it\/prodotto\/sed20003\/","title":{"rendered":"Monitor dei segni vitali Edan X8"},"content":{"rendered":"\t\t<div data-elementor-type=\"product-post\" data-elementor-id=\"34536\" class=\"elementor elementor-34536 elementor-4602\" data-elementor-post-type=\"product\">\n\t\t\t\t\t\t<section class=\"elementor-section elementor-top-section elementor-element elementor-element-566dfe8 elementor-section-full_width elementor-section-height-default elementor-section-height-default\" data-id=\"566dfe8\" data-element_type=\"section\" data-e-type=\"section\">\n\t\t\t\t\t\t<div class=\"elementor-container elementor-column-gap-default\">\n\t\t\t\t\t<div class=\"elementor-column elementor-col-100 elementor-top-column elementor-element elementor-element-2c4618e\" data-id=\"2c4618e\" data-element_type=\"column\" data-e-type=\"column\">\n\t\t\t<div class=\"elementor-widget-wrap elementor-element-populated\">\n\t\t\t\t\t\t<div class=\"elementor-element elementor-element-57fea7d elementor-widget elementor-widget-heading\" data-id=\"57fea7d\" data-element_type=\"widget\" data-e-type=\"widget\" data-widget_type=\"heading.default\">\n\t\t\t\t\t<h2 class=\"elementor-heading-title elementor-size-default\">Descrizione<\/h2>\t\t\t\t<\/div>\n\t\t\t\t<div class=\"elementor-element elementor-element-e0a279c elementor-widget elementor-widget-text-editor\" data-id=\"e0a279c\" data-element_type=\"widget\" data-e-type=\"widget\" data-widget_type=\"text-editor.default\">\n\t\t\t\t\t\t\t\t\t<p>Il monitor dei segni vitali Edan X8 combina un design moderno con una tecnologia all&#8217;avanguardia, offrendo una soluzione di monitoraggio efficace per pazienti di tutte le et\u00e0. Leggero e silenzioso (non ha un&#8217;elica di raffreddamento), \u00e8 facile da usare e rappresenta una scelta sicura ed economica per ospedali, dipartimenti di emergenza e studi medici. <\/p><p>Il suo touch screen da 8 pollici permette agli utenti di scegliere tra 5 modalit\u00e0 di visualizzazione per adattarsi alle esigenze cliniche. Come opzione, \u00e8 possibile integrare una piccola stampante termica per stampare i trend su carta. L&#8217;Edan X8 \u00e8 inoltre dotato di una porta Ethernet per una stampante esterna e di una porta VGA per il collegamento a un secondo monitor.  <\/p><p>Con 8 GB di memoria interna, espandibile via USB, l&#8217;Edan X8 memorizza i dati dei pazienti in modo efficiente.<\/p>\t\t\t\t\t\t\t\t<\/div>\n\t\t\t\t<div class=\"elementor-element elementor-element-37c5692 elementor-widget elementor-widget-heading\" data-id=\"37c5692\" data-element_type=\"widget\" data-e-type=\"widget\" data-widget_type=\"heading.default\">\n\t\t\t\t\t<h2 class=\"elementor-heading-title elementor-size-default\">Funzioni principali<\/h2>\t\t\t\t<\/div>\n\t\t\t\t<div class=\"elementor-element elementor-element-cb9e22a elementor-widget elementor-widget-text-editor\" data-id=\"cb9e22a\" data-element_type=\"widget\" data-e-type=\"widget\" data-widget_type=\"text-editor.default\">\n\t\t\t\t\t\t\t\t\t<ul><li><strong>ECG:<\/strong> monitoraggio da 3 a 5 derivazioni (sono disponibili opzioni per 6 o 12 derivazioni).<\/li><li><strong>Respirazione:<\/strong> monitoraggio della frequenza respiratoria.<\/li><li><strong>Pressione sanguigna:<\/strong> misurazione precisa della pressione sanguigna.<\/li><li><strong>Saturazione dell&#8217;ossigeno:<\/strong> monitoraggio della saturazione dell&#8217;ossigeno.<\/li><li><strong>Temperatura:<\/strong> misurazione della temperatura (orale, rettale o ascellare).<\/li><\/ul><p>Questo monitor ha diverse soglie di allarme regolabili, essenziali per il monitoraggio a lungo termine:<\/p><ul><li>Tre livelli di allarme con tono e frequenza personalizzabili.<\/li><li>La funzione Modified Early Warning Score (MEWS) comprende 6 parametri: et\u00e0, pressione sanguigna, polso, frequenza respiratoria, temperatura e livello di coscienza.<\/li><\/ul>\t\t\t\t\t\t\t\t<\/div>\n\t\t\t\t<div class=\"elementor-element elementor-element-d29fce3 elementor-widget elementor-widget-heading\" data-id=\"d29fce3\" data-element_type=\"widget\" data-e-type=\"widget\" data-widget_type=\"heading.default\">\n\t\t\t\t\t<h2 class=\"elementor-heading-title elementor-size-default\">Opzioni aggiuntive disponibili<\/h2>\t\t\t\t<\/div>\n\t\t\t\t<div class=\"elementor-element elementor-element-633d310 elementor-widget elementor-widget-text-editor\" data-id=\"633d310\" data-element_type=\"widget\" data-e-type=\"widget\" data-widget_type=\"text-editor.default\">\n\t\t\t\t\t\t\t\t\t<ul><li>Schermo completamente sensibile al tocco (prezzo su richiesta).<\/li><li>Modulo di trasmissione Wi-Fi (prezzo su richiesta).<\/li><li>Modulo Edan G2 per la capnografia a CO2 (prezzo su richiesta).<\/li><\/ul>\t\t\t\t\t\t\t\t<\/div>\n\t\t\t\t<div class=\"elementor-element elementor-element-eea7652 elementor-widget elementor-widget-heading\" data-id=\"eea7652\" data-element_type=\"widget\" data-e-type=\"widget\" data-widget_type=\"heading.default\">\n\t\t\t\t\t<h2 class=\"elementor-heading-title elementor-size-default\">Contenuto<\/h2>\t\t\t\t<\/div>\n\t\t\t\t<div class=\"elementor-element elementor-element-9929a73 elementor-widget elementor-widget-text-editor\" data-id=\"9929a73\" data-element_type=\"widget\" data-e-type=\"widget\" data-widget_type=\"text-editor.default\">\n\t\t\t\t\t\t\t\t\t<ul><li>1 monitor Edan X8<\/li><li>1 cavo di alimentazione<\/li><li>1 manuale d&#8217;uso<\/li><\/ul><p><em><strong>Nota: <\/strong>questo prodotto \u00e8 un dispositivo medico. Deve essere utilizzato da personale sanitario qualificato in conformit\u00e0 alle istruzioni del produttore e alle normative vigenti. <\/em><\/p>\t\t\t\t\t\t\t\t<\/div>\n\t\t\t\t<div class=\"elementor-element elementor-element-3e52aa1 elementor-widget elementor-widget-template\" data-id=\"3e52aa1\" data-element_type=\"widget\" data-e-type=\"widget\" data-widget_type=\"template.default\">\n\t\t\t\t<div class=\"elementor-widget-container\">\n\t\t\t\t\t\t\t<div class=\"elementor-template\">\n\t\t\t\t\t<div data-elementor-type=\"section\" data-elementor-id=\"32549\" class=\"elementor elementor-32549 elementor-14210 elementor-14210\" data-elementor-post-type=\"elementor_library\">\n\t\t\t\t\t<section class=\"elementor-section elementor-top-section elementor-element elementor-element-73df4e3f elementor-section-full_width elementor-section-height-default elementor-section-height-default\" data-id=\"73df4e3f\" data-element_type=\"section\" data-e-type=\"section\">\n\t\t\t\t\t\t<div class=\"elementor-container elementor-column-gap-default\">\n\t\t\t\t\t<div class=\"elementor-column elementor-col-100 elementor-top-column elementor-element elementor-element-697d7c6\" data-id=\"697d7c6\" data-element_type=\"column\" data-e-type=\"column\">\n\t\t\t<div class=\"elementor-widget-wrap elementor-element-populated\">\n\t\t\t\t\t\t<div class=\"elementor-element elementor-element-5c0b3841 elementor-widget elementor-widget-heading\" data-id=\"5c0b3841\" data-element_type=\"widget\" data-e-type=\"widget\" data-widget_type=\"heading.default\">\n\t\t\t\t\t<h2 class=\"elementor-heading-title elementor-size-default\">Confronta le caratteristiche della linea Edan X<\/h2>\t\t\t\t<\/div>\n\t\t\t\t<section class=\"elementor-section elementor-inner-section elementor-element elementor-element-44ad3359 elementor-section-boxed elementor-section-height-default elementor-section-height-default\" data-id=\"44ad3359\" data-element_type=\"section\" data-e-type=\"section\">\n\t\t\t\t\t\t<div class=\"elementor-container elementor-column-gap-default\">\n\t\t\t\t\t<div class=\"elementor-column elementor-col-33 elementor-inner-column elementor-element elementor-element-377107d1\" data-id=\"377107d1\" data-element_type=\"column\" data-e-type=\"column\">\n\t\t\t<div class=\"elementor-widget-wrap elementor-element-populated\">\n\t\t\t\t\t\t<div class=\"elementor-element elementor-element-1046d628 elementor-widget elementor-widget-image\" data-id=\"1046d628\" data-element_type=\"widget\" data-e-type=\"widget\" data-widget_type=\"image.default\">\n\t\t\t\t\t\t\t\t\t\t\t\t\t\t\t<img fetchpriority=\"high\" decoding=\"async\" width=\"600\" height=\"600\" src=\"https:\/\/swixed.ch\/wp-content\/uploads\/products\/edan-x8-01.png\" class=\"attachment-full size-full wp-image-27768\" alt=\"Edan x8\" srcset=\"https:\/\/swixed.ch\/wp-content\/uploads\/products\/edan-x8-01.png 600w, https:\/\/swixed.ch\/wp-content\/uploads\/products\/edan-x8-01-100x100.png 100w, https:\/\/swixed.ch\/wp-content\/uploads\/products\/edan-x8-01-64x64.png 64w, https:\/\/swixed.ch\/wp-content\/uploads\/products\/edan-x8-01-300x300.png 300w, https:\/\/swixed.ch\/wp-content\/uploads\/products\/edan-x8-01-150x150.png 150w\" sizes=\"(max-width: 600px) 100vw, 600px\" \/>\t\t\t\t\t\t\t\t\t\t\t\t\t\t\t<\/div>\n\t\t\t\t\t<\/div>\n\t\t<\/div>\n\t\t\t\t<div class=\"elementor-column elementor-col-33 elementor-inner-column elementor-element elementor-element-7c42b32\" data-id=\"7c42b32\" data-element_type=\"column\" data-e-type=\"column\">\n\t\t\t<div class=\"elementor-widget-wrap elementor-element-populated\">\n\t\t\t\t\t\t<div class=\"elementor-element elementor-element-289b81b elementor-widget elementor-widget-image\" data-id=\"289b81b\" data-element_type=\"widget\" data-e-type=\"widget\" data-widget_type=\"image.default\">\n\t\t\t\t\t\t\t\t\t\t\t\t\t\t\t<img decoding=\"async\" width=\"600\" height=\"600\" src=\"https:\/\/swixed.ch\/wp-content\/uploads\/products\/edan-x10-01.png\" class=\"attachment-full size-full wp-image-29604\" alt=\"Monitor dei segni vitali Edan X10\" srcset=\"https:\/\/swixed.ch\/wp-content\/uploads\/products\/edan-x10-01.png 600w, https:\/\/swixed.ch\/wp-content\/uploads\/products\/edan-x10-01-100x100.png 100w, https:\/\/swixed.ch\/wp-content\/uploads\/products\/edan-x10-01-64x64.png 64w, https:\/\/swixed.ch\/wp-content\/uploads\/products\/edan-x10-01-300x300.png 300w, https:\/\/swixed.ch\/wp-content\/uploads\/products\/edan-x10-01-150x150.png 150w\" sizes=\"(max-width: 600px) 100vw, 600px\" \/>\t\t\t\t\t\t\t\t\t\t\t\t\t\t\t<\/div>\n\t\t\t\t\t<\/div>\n\t\t<\/div>\n\t\t\t\t<div class=\"elementor-column elementor-col-33 elementor-inner-column elementor-element elementor-element-6a9a393\" data-id=\"6a9a393\" data-element_type=\"column\" data-e-type=\"column\">\n\t\t\t<div class=\"elementor-widget-wrap elementor-element-populated\">\n\t\t\t\t\t\t<div class=\"elementor-element elementor-element-08dbf28 elementor-widget elementor-widget-image\" data-id=\"08dbf28\" data-element_type=\"widget\" data-e-type=\"widget\" data-widget_type=\"image.default\">\n\t\t\t\t\t\t\t\t\t\t\t\t\t\t\t<img decoding=\"async\" width=\"600\" height=\"600\" src=\"https:\/\/swixed.ch\/wp-content\/uploads\/products\/edan-x12-01.png\" class=\"attachment-full size-full wp-image-27788\" alt=\"edan-x12-01\" srcset=\"https:\/\/swixed.ch\/wp-content\/uploads\/products\/edan-x12-01.png 600w, https:\/\/swixed.ch\/wp-content\/uploads\/products\/edan-x12-01-100x100.png 100w, https:\/\/swixed.ch\/wp-content\/uploads\/products\/edan-x12-01-64x64.png 64w, https:\/\/swixed.ch\/wp-content\/uploads\/products\/edan-x12-01-300x300.png 300w, https:\/\/swixed.ch\/wp-content\/uploads\/products\/edan-x12-01-150x150.png 150w\" sizes=\"(max-width: 600px) 100vw, 600px\" \/>\t\t\t\t\t\t\t\t\t\t\t\t\t\t\t<\/div>\n\t\t\t\t\t<\/div>\n\t\t<\/div>\n\t\t\t\t\t<\/div>\n\t\t<\/section>\n\t\t\t\t\t<\/div>\n\t\t<\/div>\n\t\t\t\t\t<\/div>\n\t\t<\/section>\n\t\t\t\t<\/div>\n\t\t\t\t<\/div>\n\t\t\t\t\t\t<\/div>\n\t\t\t\t<\/div>\n\t\t\t\t<div class=\"elementor-element elementor-element-29d33c5 elementor-widget elementor-widget-heading\" data-id=\"29d33c5\" data-element_type=\"widget\" data-e-type=\"widget\" data-widget_type=\"heading.default\">\n\t\t\t\t\t<h2 class=\"elementor-heading-title elementor-size-default\">Contenuto dell'Edan X8<\/h2>\t\t\t\t<\/div>\n\t\t\t\t<div class=\"elementor-element elementor-element-18f775c elementor-widget elementor-widget-text-editor\" data-id=\"18f775c\" data-element_type=\"widget\" data-e-type=\"widget\" data-widget_type=\"text-editor.default\">\n\t\t\t\t\t\t\t\t\t<ul><li>Cavo ECG a 3 fili<\/li><li>Tubo NIBP da 3 metri,<\/li><li>Polsino per adulti (27-35 cm)<\/li><li>Cavo adattatore SP02 da 2 metri<\/li><li>Sensore SPO2 in silicone da 1 metro<\/li><li>Sonda di temperatura cutanea (per la misurazione ascellare)<\/li><li>Batteria ricaricabile<\/li><li>Caricabatterie<\/li><\/ul>\t\t\t\t\t\t\t\t<\/div>\n\t\t\t\t\t<\/div>\n\t\t<\/div>\n\t\t\t\t\t<\/div>\n\t\t<\/section>\n\t\t\t\t<\/div>\n\t\t","protected":false},"excerpt":{"rendered":"<p>Il monitor Edan X8 \u00e8 un dispositivo di monitoraggio compatto e ad alte prestazioni, ideale per ospedali e studi medici. Il suo touch screen da 8 pollici offre 5 modalit\u00e0 di visualizzazione per un utilizzo intuitivo. Dotato di funzioni avanzate, garantisce un monitoraggio accurato e continuo di pazienti di tutte le et\u00e0.  <\/p>\n","protected":false},"featured_media":27768,"template":"","meta":{"_acf_changed":false},"product_brand":[2082],"product_cat":[1367,1093],"product_tag":[7650,985,7654,7653,1371,7647,1611,3703,1148,7646],"class_list":{"0":"post-34536","1":"product","2":"type-product","3":"status-publish","4":"has-post-thumbnail","6":"product_brand-edan-it","7":"product_cat-apparecchi-monitor-pazienti","8":"product_cat-monitor-pazienti","9":"product_tag-allarmi-fisiologici","10":"product_tag-ecg-it","11":"product_tag-etco2","12":"product_tag-ibp","13":"product_tag-nibp-it","14":"product_tag-pr","15":"product_tag-risp","16":"product_tag-schermo-a-colori","17":"product_tag-spo2-it","18":"product_tag-temp","19":"product_shipping_class-spedizione-gratuita","21":"first","22":"instock","23":"taxable","24":"shipping-taxable","25":"purchasable","26":"product-type-variable","27":"has-default-attributes"},"acf":[],"yoast_head":"<!-- This site is optimized with the Yoast SEO Premium plugin v27.4 (Yoast SEO v27.4) - https:\/\/yoast.com\/product\/yoast-seo-premium-wordpress\/ -->\n<title>Monitor dei segni vitali Edan X8 | Swixed SA Tattile e ultracompatto<\/title>\n<meta name=\"description\" content=\"Il monitor dei segni vitali Edan X8, compatto, leggero e silenzioso, offre un monitoraggio avanzato per pazienti di tutte le et\u00e0 in una variet\u00e0 di ambienti.\" \/>\n<meta name=\"robots\" content=\"index, follow, max-snippet:-1, max-image-preview:large, max-video-preview:-1\" \/>\n<link rel=\"canonical\" href=\"https:\/\/swixed.ch\/it\/prodotto\/sed20003\/\" \/>\n<meta property=\"og:locale\" content=\"it_IT\" \/>\n<meta property=\"og:type\" content=\"article\" \/>\n<meta property=\"og:title\" content=\"Monitor dei segni vitali Edan X8\" \/>\n<meta property=\"og:description\" content=\"Il monitor dei segni vitali Edan X8, compatto, leggero e silenzioso, offre un monitoraggio avanzato per pazienti di tutte le et\u00e0 in una variet\u00e0 di ambienti.\" \/>\n<meta property=\"og:url\" content=\"https:\/\/swixed.ch\/it\/prodotto\/sed20003\/\" \/>\n<meta property=\"og:site_name\" content=\"Swixed SA\" \/>\n<meta property=\"article:publisher\" content=\"https:\/\/www.facebook.com\/swixed\" \/>\n<meta property=\"article:modified_time\" content=\"2026-01-13T21:39:22+00:00\" \/>\n<meta property=\"og:image\" content=\"https:\/\/swixed.ch\/wp-content\/uploads\/products\/edan-x8-01.png\" \/>\n\t<meta property=\"og:image:width\" content=\"600\" \/>\n\t<meta property=\"og:image:height\" content=\"600\" \/>\n\t<meta property=\"og:image:type\" content=\"image\/png\" \/>\n<meta name=\"twitter:card\" content=\"summary_large_image\" \/>\n<meta name=\"twitter:label1\" content=\"Tempo di lettura stimato\" \/>\n\t<meta name=\"twitter:data1\" content=\"2 minuti\" \/>\n<script type=\"application\/ld+json\" class=\"yoast-schema-graph\">{\"@context\":\"https:\\\/\\\/schema.org\",\"@graph\":[{\"@type\":\"WebPage\",\"@id\":\"https:\\\/\\\/swixed.ch\\\/it\\\/prodotto\\\/sed20003\\\/\",\"url\":\"https:\\\/\\\/swixed.ch\\\/it\\\/prodotto\\\/sed20003\\\/\",\"name\":\"Monitor dei segni vitali Edan X8 | Swixed SA Tattile e ultracompatto\",\"isPartOf\":{\"@id\":\"https:\\\/\\\/swixed.ch\\\/it\\\/#website\"},\"primaryImageOfPage\":{\"@id\":\"https:\\\/\\\/swixed.ch\\\/it\\\/prodotto\\\/sed20003\\\/#primaryimage\"},\"image\":{\"@id\":\"https:\\\/\\\/swixed.ch\\\/it\\\/prodotto\\\/sed20003\\\/#primaryimage\"},\"thumbnailUrl\":\"https:\\\/\\\/swixed.ch\\\/wp-content\\\/uploads\\\/products\\\/edan-x8-01.png\",\"datePublished\":\"2021-05-12T08:07:30+00:00\",\"dateModified\":\"2026-01-13T21:39:22+00:00\",\"description\":\"Il monitor dei segni vitali Edan X8, compatto, leggero e silenzioso, offre un monitoraggio avanzato per pazienti di tutte le et\u00e0 in una variet\u00e0 di ambienti.\",\"breadcrumb\":{\"@id\":\"https:\\\/\\\/swixed.ch\\\/it\\\/prodotto\\\/sed20003\\\/#breadcrumb\"},\"inLanguage\":\"it-IT\",\"potentialAction\":[{\"@type\":\"ReadAction\",\"target\":[\"https:\\\/\\\/swixed.ch\\\/it\\\/prodotto\\\/sed20003\\\/\"]}]},{\"@type\":\"ImageObject\",\"inLanguage\":\"it-IT\",\"@id\":\"https:\\\/\\\/swixed.ch\\\/it\\\/prodotto\\\/sed20003\\\/#primaryimage\",\"url\":\"https:\\\/\\\/swixed.ch\\\/wp-content\\\/uploads\\\/products\\\/edan-x8-01.png\",\"contentUrl\":\"https:\\\/\\\/swixed.ch\\\/wp-content\\\/uploads\\\/products\\\/edan-x8-01.png\",\"width\":600,\"height\":600,\"caption\":\"Edan x8\"},{\"@type\":\"BreadcrumbList\",\"@id\":\"https:\\\/\\\/swixed.ch\\\/it\\\/prodotto\\\/sed20003\\\/#breadcrumb\",\"itemListElement\":[{\"@type\":\"ListItem\",\"position\":1,\"name\":\"Home\",\"item\":\"https:\\\/\\\/swixed.ch\\\/it\\\/home\\\/\"},{\"@type\":\"ListItem\",\"position\":2,\"name\":\"Negozio\",\"item\":\"https:\\\/\\\/swixed.ch\\\/it\\\/shop\\\/\"},{\"@type\":\"ListItem\",\"position\":3,\"name\":\"monitor paziente\"}]},{\"@type\":\"WebSite\",\"@id\":\"https:\\\/\\\/swixed.ch\\\/it\\\/#website\",\"url\":\"https:\\\/\\\/swixed.ch\\\/it\\\/\",\"name\":\"Swixed SA\",\"description\":\"Dispositivi elettronici\",\"publisher\":{\"@id\":\"https:\\\/\\\/swixed.ch\\\/it\\\/#organization\"},\"potentialAction\":[{\"@type\":\"SearchAction\",\"target\":{\"@type\":\"EntryPoint\",\"urlTemplate\":\"https:\\\/\\\/swixed.ch\\\/it\\\/?s={search_term_string}\"},\"query-input\":{\"@type\":\"PropertyValueSpecification\",\"valueRequired\":true,\"valueName\":\"search_term_string\"}}],\"inLanguage\":\"it-IT\"},{\"@type\":\"Organization\",\"@id\":\"https:\\\/\\\/swixed.ch\\\/it\\\/#organization\",\"name\":\"Swixed SA\",\"url\":\"https:\\\/\\\/swixed.ch\\\/it\\\/\",\"logo\":{\"@type\":\"ImageObject\",\"inLanguage\":\"it-IT\",\"@id\":\"https:\\\/\\\/swixed.ch\\\/it\\\/#\\\/schema\\\/logo\\\/image\\\/\",\"url\":\"https:\\\/\\\/swixed.ch\\\/wp-content\\\/uploads\\\/logos\\\/swixed-logo-lite.png\",\"contentUrl\":\"https:\\\/\\\/swixed.ch\\\/wp-content\\\/uploads\\\/logos\\\/swixed-logo-lite.png\",\"width\":696,\"height\":696,\"caption\":\"Swixed SA\"},\"image\":{\"@id\":\"https:\\\/\\\/swixed.ch\\\/it\\\/#\\\/schema\\\/logo\\\/image\\\/\"},\"sameAs\":[\"https:\\\/\\\/www.facebook.com\\\/swixed\",\"https:\\\/\\\/www.linkedin.com\\\/company\\\/swixed\",\"https:\\\/\\\/www.youtube.com\\\/@swixedsa\"],\"description\":\"Swixed SA est une entreprise suisse bas\u00e9e \u00e0 Gen\u00e8ve, sp\u00e9cialis\u00e9e dans la vente, la location et la maintenance d\u2019appareils m\u00e9dicaux professionnels, tels que d\u00e9fibrillateurs AED, \u00e9lectrocardiographes, moniteurs patient et dispositifs de diagnostic.\",\"email\":\"infoshop@swixed.ch\",\"telephone\":\"+41 22 566 11 95\",\"legalName\":\"Swixed SA\",\"foundingDate\":\"2021-03-01\",\"numberOfEmployees\":{\"@type\":\"QuantitativeValue\",\"minValue\":\"1\",\"maxValue\":\"10\"}}]}<\/script>\n<!-- \/ Yoast SEO Premium plugin. -->","yoast_head_json":{"title":"Monitor dei segni vitali Edan X8 | Swixed SA Tattile e ultracompatto","description":"Il monitor dei segni vitali Edan X8, compatto, leggero e silenzioso, offre un monitoraggio avanzato per pazienti di tutte le et\u00e0 in una variet\u00e0 di ambienti.","robots":{"index":"index","follow":"follow","max-snippet":"max-snippet:-1","max-image-preview":"max-image-preview:large","max-video-preview":"max-video-preview:-1"},"canonical":"https:\/\/swixed.ch\/it\/prodotto\/sed20003\/","og_locale":"it_IT","og_type":"article","og_title":"Monitor dei segni vitali Edan X8","og_description":"Il monitor dei segni vitali Edan X8, compatto, leggero e silenzioso, offre un monitoraggio avanzato per pazienti di tutte le et\u00e0 in una variet\u00e0 di ambienti.","og_url":"https:\/\/swixed.ch\/it\/prodotto\/sed20003\/","og_site_name":"Swixed SA","article_publisher":"https:\/\/www.facebook.com\/swixed","article_modified_time":"2026-01-13T21:39:22+00:00","og_image":[{"width":600,"height":600,"url":"https:\/\/swixed.ch\/wp-content\/uploads\/products\/edan-x8-01.png","type":"image\/png"}],"twitter_card":"summary_large_image","twitter_misc":{"Tempo di lettura stimato":"2 minuti"},"schema":{"@context":"https:\/\/schema.org","@graph":[{"@type":"WebPage","@id":"https:\/\/swixed.ch\/it\/prodotto\/sed20003\/","url":"https:\/\/swixed.ch\/it\/prodotto\/sed20003\/","name":"Monitor dei segni vitali Edan X8 | Swixed SA Tattile e ultracompatto","isPartOf":{"@id":"https:\/\/swixed.ch\/it\/#website"},"primaryImageOfPage":{"@id":"https:\/\/swixed.ch\/it\/prodotto\/sed20003\/#primaryimage"},"image":{"@id":"https:\/\/swixed.ch\/it\/prodotto\/sed20003\/#primaryimage"},"thumbnailUrl":"https:\/\/swixed.ch\/wp-content\/uploads\/products\/edan-x8-01.png","datePublished":"2021-05-12T08:07:30+00:00","dateModified":"2026-01-13T21:39:22+00:00","description":"Il monitor dei segni vitali Edan X8, compatto, leggero e silenzioso, offre un monitoraggio avanzato per pazienti di tutte le et\u00e0 in una variet\u00e0 di ambienti.","breadcrumb":{"@id":"https:\/\/swixed.ch\/it\/prodotto\/sed20003\/#breadcrumb"},"inLanguage":"it-IT","potentialAction":[{"@type":"ReadAction","target":["https:\/\/swixed.ch\/it\/prodotto\/sed20003\/"]}]},{"@type":"ImageObject","inLanguage":"it-IT","@id":"https:\/\/swixed.ch\/it\/prodotto\/sed20003\/#primaryimage","url":"https:\/\/swixed.ch\/wp-content\/uploads\/products\/edan-x8-01.png","contentUrl":"https:\/\/swixed.ch\/wp-content\/uploads\/products\/edan-x8-01.png","width":600,"height":600,"caption":"Edan x8"},{"@type":"BreadcrumbList","@id":"https:\/\/swixed.ch\/it\/prodotto\/sed20003\/#breadcrumb","itemListElement":[{"@type":"ListItem","position":1,"name":"Home","item":"https:\/\/swixed.ch\/it\/home\/"},{"@type":"ListItem","position":2,"name":"Negozio","item":"https:\/\/swixed.ch\/it\/shop\/"},{"@type":"ListItem","position":3,"name":"monitor paziente"}]},{"@type":"WebSite","@id":"https:\/\/swixed.ch\/it\/#website","url":"https:\/\/swixed.ch\/it\/","name":"Swixed SA","description":"Dispositivi elettronici","publisher":{"@id":"https:\/\/swixed.ch\/it\/#organization"},"potentialAction":[{"@type":"SearchAction","target":{"@type":"EntryPoint","urlTemplate":"https:\/\/swixed.ch\/it\/?s={search_term_string}"},"query-input":{"@type":"PropertyValueSpecification","valueRequired":true,"valueName":"search_term_string"}}],"inLanguage":"it-IT"},{"@type":"Organization","@id":"https:\/\/swixed.ch\/it\/#organization","name":"Swixed SA","url":"https:\/\/swixed.ch\/it\/","logo":{"@type":"ImageObject","inLanguage":"it-IT","@id":"https:\/\/swixed.ch\/it\/#\/schema\/logo\/image\/","url":"https:\/\/swixed.ch\/wp-content\/uploads\/logos\/swixed-logo-lite.png","contentUrl":"https:\/\/swixed.ch\/wp-content\/uploads\/logos\/swixed-logo-lite.png","width":696,"height":696,"caption":"Swixed SA"},"image":{"@id":"https:\/\/swixed.ch\/it\/#\/schema\/logo\/image\/"},"sameAs":["https:\/\/www.facebook.com\/swixed","https:\/\/www.linkedin.com\/company\/swixed","https:\/\/www.youtube.com\/@swixedsa"],"description":"Swixed SA est une entreprise suisse bas\u00e9e \u00e0 Gen\u00e8ve, sp\u00e9cialis\u00e9e dans la vente, la location et la maintenance d\u2019appareils m\u00e9dicaux professionnels, tels que d\u00e9fibrillateurs AED, \u00e9lectrocardiographes, moniteurs patient et dispositifs de diagnostic.","email":"infoshop@swixed.ch","telephone":"+41 22 566 11 95","legalName":"Swixed SA","foundingDate":"2021-03-01","numberOfEmployees":{"@type":"QuantitativeValue","minValue":"1","maxValue":"10"}}]}},"_links":{"self":[{"href":"https:\/\/swixed.ch\/it\/wp-json\/wp\/v2\/product\/34536","targetHints":{"allow":["GET"]}}],"collection":[{"href":"https:\/\/swixed.ch\/it\/wp-json\/wp\/v2\/product"}],"about":[{"href":"https:\/\/swixed.ch\/it\/wp-json\/wp\/v2\/types\/product"}],"version-history":[{"count":0,"href":"https:\/\/swixed.ch\/it\/wp-json\/wp\/v2\/product\/34536\/revisions"}],"wp:featuredmedia":[{"embeddable":true,"href":"https:\/\/swixed.ch\/it\/wp-json\/wp\/v2\/media\/27768"}],"wp:attachment":[{"href":"https:\/\/swixed.ch\/it\/wp-json\/wp\/v2\/media?parent=34536"}],"wp:term":[{"taxonomy":"product_brand","embeddable":true,"href":"https:\/\/swixed.ch\/it\/wp-json\/wp\/v2\/product_brand?post=34536"},{"taxonomy":"product_cat","embeddable":true,"href":"https:\/\/swixed.ch\/it\/wp-json\/wp\/v2\/product_cat?post=34536"},{"taxonomy":"product_tag","embeddable":true,"href":"https:\/\/swixed.ch\/it\/wp-json\/wp\/v2\/product_tag?post=34536"}],"curies":[{"name":"wp","href":"https:\/\/api.w.org\/{rel}","templated":true}]}}