{"id":34563,"date":"2021-05-17T12:56:14","date_gmt":"2021-05-17T10:56:14","guid":{"rendered":"https:\/\/swixed.com\/produit\/kit-otoscopio-e-oftalmoscopio-heine-beta-200-f-o\/"},"modified":"2025-12-28T20:58:37","modified_gmt":"2025-12-28T19:58:37","slug":"sed80003","status":"publish","type":"product","link":"https:\/\/swixed.ch\/it\/prodotto\/sed80003\/","title":{"rendered":"Heine Beta 200 &#8211; Otoscopio F.O e kit oftalmoscopio diagnostico"},"content":{"rendered":"\t\t<div data-elementor-type=\"product-post\" data-elementor-id=\"34563\" class=\"elementor elementor-34563 elementor-4661\" data-elementor-post-type=\"product\">\n\t\t\t\t\t\t<section class=\"elementor-section elementor-top-section elementor-element elementor-element-c0f3979 elementor-section-boxed elementor-section-height-default elementor-section-height-default\" data-id=\"c0f3979\" data-element_type=\"section\" data-e-type=\"section\">\n\t\t\t\t\t\t<div class=\"elementor-container elementor-column-gap-default\">\n\t\t\t\t\t<div class=\"elementor-column elementor-col-100 elementor-top-column elementor-element elementor-element-6e68e75\" data-id=\"6e68e75\" data-element_type=\"column\" data-e-type=\"column\">\n\t\t\t<div class=\"elementor-widget-wrap elementor-element-populated\">\n\t\t\t\t\t\t<div class=\"elementor-element elementor-element-0684e71 elementor-widget elementor-widget-heading\" data-id=\"0684e71\" data-element_type=\"widget\" data-e-type=\"widget\" data-widget_type=\"heading.default\">\n\t\t\t\t\t<h2 class=\"elementor-heading-title elementor-size-default\">Descrizione<\/h2>\t\t\t\t<\/div>\n\t\t\t\t<div class=\"elementor-element elementor-element-3376bb3 elementor-widget elementor-widget-text-editor\" data-id=\"3376bb3\" data-element_type=\"widget\" data-e-type=\"widget\" data-widget_type=\"text-editor.default\">\n\t\t\t\t\t\t\t\t\t<p>Il kit Heine Beta 200 \u00e8 stato progettato per soddisfare le esigenze dei professionisti della sanit\u00e0 in termini di precisione e durata. L&#8217;otoscopio Beta 200 utilizza la tecnologia a fibre ottiche (F.O.) per fornire un&#8217;illuminazione uniforme e priva di ombre del condotto uditivo, facilitando diagnosi affidabili e precise. L&#8217;oftalmoscopio Beta 200 offre una visione chiara della parte posteriore dell&#8217;occhio, riducendo l&#8217;abbagliamento e ottimizzando la qualit\u00e0 visiva grazie a un sistema di lenti di alta qualit\u00e0.  <\/p><p>Grazie al suo design ergonomico, il kit assicura un comfort ottimale durante l&#8217;uso prolungato, mentre i manici ricaricabili (a seconda del modello scelto) garantiscono un&#8217;autonomia prolungata. Il kit \u00e8 disponibile in diverse versioni, tra cui le opzioni a batteria o ricaricabili (NiMH o Li-ION), e viene fornito con una serie di accessori per un utilizzo immediato. <\/p>\t\t\t\t\t\t\t\t<\/div>\n\t\t\t\t<div class=\"elementor-element elementor-element-e48619a elementor-widget elementor-widget-heading\" data-id=\"e48619a\" data-element_type=\"widget\" data-e-type=\"widget\" data-widget_type=\"heading.default\">\n\t\t\t\t\t<h2 class=\"elementor-heading-title elementor-size-default\">Contenuto del kit di batterie da 2,5 V<\/h2>\t\t\t\t<\/div>\n\t\t\t\t<div class=\"elementor-element elementor-element-bdcff96 elementor-widget elementor-widget-text-editor\" data-id=\"bdcff96\" data-element_type=\"widget\" data-e-type=\"widget\" data-widget_type=\"text-editor.default\">\n\t\t\t\t\t\t\t\t\t<p><strong>Riferimento SED80003<\/strong><\/p><ul><li>Un otoscopio a fibre ottiche BETA 200.<\/li><li>Un oftalmoscopio BETA 200.<\/li><li>Impugnatura con batteria BETA da 2,5 Volt.<\/li><li>1 set di 4 specole riutilizzabili.<\/li><li>10 specole monouso AllSpec.<\/li><li>Una lampadina di ricambio per ogni apparecchio<\/li><li>Una custodia rigida<\/li><\/ul>\t\t\t\t\t\t\t\t<\/div>\n\t\t\t\t<div class=\"elementor-element elementor-element-764c45f elementor-widget elementor-widget-heading\" data-id=\"764c45f\" data-element_type=\"widget\" data-e-type=\"widget\" data-widget_type=\"heading.default\">\n\t\t\t\t\t<h2 class=\"elementor-heading-title elementor-size-default\">Contenuto del kit XHL da 3,5 V (a seconda del modello scelto)<\/h2>\t\t\t\t<\/div>\n\t\t\t\t<div class=\"elementor-element elementor-element-da18fab elementor-widget elementor-widget-text-editor\" data-id=\"da18fab\" data-element_type=\"widget\" data-e-type=\"widget\" data-widget_type=\"text-editor.default\">\n\t\t\t\t\t\t\t\t\t<p><strong>Riferimento SED80003-01<\/strong><\/p><p>Con impugnatura e caricatore USB BETA4<\/p><ul><li>Un otoscopio a fibre ottiche BETA 200.<\/li><li>Un oftalmoscopio BETA 200.<\/li><li>Un&#8217;impugnatura BETA4 ricaricabile (NiMH) da 3,5 Volt.<\/li><li>Un caricatore USB.<\/li><li>1 set di 4 specole riutilizzabili.<\/li><li>10 specole monouso AllSpec.<\/li><li>Una lampadina di ricambio per ogni dispositivo.<\/li><li>Una custodia rigida.<\/li><\/ul><p><strong>Riferimento SED80003-03<\/strong><\/p><p>Con impugnature BETA4 (Li-ION) e caricatore da tavolo NT4<\/p><ul><li>Un otoscopio a fibre ottiche BETA 200.<\/li><li>Un oftalmoscopio BETA 200.<\/li><li>2 impugnature BETA4 ricaricabili (Li-ION) da 3,5 Volt.<\/li><li>Caricatore NT4.<\/li><li>1 set di 4 specole riutilizzabili.<\/li><li>10 specole monouso AllSpec.<\/li><li>Una lampadina di ricambio per ogni dispositivo.<\/li><\/ul>\t\t\t\t\t\t\t\t<\/div>\n\t\t\t\t<div class=\"elementor-element elementor-element-d1ef9b4 elementor-widget elementor-widget-heading\" data-id=\"d1ef9b4\" data-element_type=\"widget\" data-e-type=\"widget\" data-widget_type=\"heading.default\">\n\t\t\t\t\t<h2 class=\"elementor-heading-title elementor-size-default\">Contenuto del kit LED 3,5 V (a seconda del modello scelto)<\/h2>\t\t\t\t<\/div>\n\t\t\t\t<div class=\"elementor-element elementor-element-9718f58 elementor-widget elementor-widget-text-editor\" data-id=\"9718f58\" data-element_type=\"widget\" data-e-type=\"widget\" data-widget_type=\"text-editor.default\">\n\t\t\t\t\t\t\t\t\t<p><strong>Riferimento SED80003-02<\/strong><\/p><p>Con impugnatura e caricatore USB BETA4<\/p><ul><li>Un otoscopio a fibre ottiche BETA 200.<\/li><li>Un oftalmoscopio BETA 200.<\/li><li>Un&#8217;impugnatura BETA4 ricaricabile (NiMH) da 3,5 Volt.<\/li><li>Un caricatore USB.<\/li><li>1 set di 4 specole riutilizzabili.<\/li><li>10 specole monouso AllSpec.<\/li><li>Una custodia rigida.<\/li><\/ul><p><strong>Riferimento SED80003-04<\/strong><\/p><ul><li>Con impugnature BETA4 (Li-ION) e caricatore da tavolo NT4<\/li><li>Un otoscopio a fibre ottiche BETA 200.<\/li><li>Un oftalmoscopio BETA 200.<\/li><li>2 impugnature BETA4 ricaricabili (Li-ION) da 3,5 Volt.<\/li><li>Caricatore NT4.<\/li><li>1 set di 4 specole riutilizzabili.<\/li><li>10 specole monouso AllSpec.<\/li><\/ul>\t\t\t\t\t\t\t\t<\/div>\n\t\t\t\t<div class=\"elementor-element elementor-element-7f0a952 elementor-widget elementor-widget-text-editor\" data-id=\"7f0a952\" data-element_type=\"widget\" data-e-type=\"widget\" data-widget_type=\"text-editor.default\">\n\t\t\t\t\t\t\t\t\t<p><em><strong>Nota<\/strong>: questo kit \u00e8 destinato all&#8217;uso medico professionale per la diagnosi dell&#8217;udito e della vista. La sua precisione e qualit\u00e0 soddisfano i requisiti degli esami medici. <\/em><\/p>\t\t\t\t\t\t\t\t<\/div>\n\t\t\t\t\t<\/div>\n\t\t<\/div>\n\t\t\t\t\t<\/div>\n\t\t<\/section>\n\t\t\t\t<\/div>\n\t\t","protected":false},"excerpt":{"rendered":"<p>Il kit diagnostico Heine Beta 200 include un otoscopio a fibre ottiche (F.O) e un oftalmoscopio professionale. Grazie all\u2019illuminazione potente e alla costruzione solida, consente esami clinici affidabili e privi di riflessi. Ideale per l\u2019uso frequente in ambito ambulatoriale. <\/p>\n","protected":false},"featured_media":27840,"template":"","meta":{"_acf_changed":false},"product_brand":[2148],"product_cat":[1338,1344,1357,1406],"product_tag":[3760,6314,6102,6309,6108,6315,5988,5985,6310,6316,6312,6308,5986,6311,6313],"class_list":{"0":"post-34563","1":"product","2":"type-product","3":"status-publish","4":"has-post-thumbnail","6":"product_brand-heine-it","7":"product_cat-oftalmoscopi","8":"product_cat-apparecchi-oftalmoscopi","9":"product_cat-apparecchi-otoscopi","10":"product_cat-otoscopi","11":"product_tag-attrezzature-mediche","12":"product_tag-diagnosi-dellorecchio-e-dellocchio","13":"product_tag-diagnosi-delludito","14":"product_tag-esame-oftalmologico","15":"product_tag-heine-beta-200-f-o-it","16":"product_tag-illuminazione-a-fibre-ottiche","17":"product_tag-kit-diagnostico-heine","18":"product_tag-kit-heine-beta-200-it","19":"product_tag-kit-medico-heine","20":"product_tag-kit-otoscopio-oftalmoscopio","21":"product_tag-oftalmoscopio-diagnostico","22":"product_tag-oftalmoscopio-heine","23":"product_tag-otoscopio-a-fibre-ottiche","24":"product_tag-otoscopio-ad-alta-precisione","25":"product_tag-otoscopio-e-oftalmoscopio","27":"first","28":"instock","29":"taxable","30":"shipping-taxable","31":"purchasable","32":"product-type-variable","33":"has-default-attributes"},"acf":[],"yoast_head":"<!-- This site is optimized with the Yoast SEO Premium plugin v27.4 (Yoast SEO v27.4) - https:\/\/yoast.com\/product\/yoast-seo-premium-wordpress\/ -->\n<title>Heine Beta 200 - Otoscopio F.O e kit oftalmoscopio diagnostico | Swixed SA<\/title>\n<meta name=\"description\" content=\"Kit Heine Beta 200 con otoscopio e oftalmoscopio F.O. per una precisa diagnostica uditiva e visiva, un&#039;illuminazione ottimale e un&#039;eccezionale durata.\" \/>\n<meta name=\"robots\" content=\"index, follow, max-snippet:-1, max-image-preview:large, max-video-preview:-1\" \/>\n<link rel=\"canonical\" href=\"https:\/\/swixed.ch\/it\/prodotto\/sed80003\/\" \/>\n<meta property=\"og:locale\" content=\"it_IT\" \/>\n<meta property=\"og:type\" content=\"article\" \/>\n<meta property=\"og:title\" content=\"Heine Beta 200 - Otoscopio F.O e kit oftalmoscopio diagnostico\" \/>\n<meta property=\"og:description\" content=\"Kit Heine Beta 200 con otoscopio e oftalmoscopio F.O. per una precisa diagnostica uditiva e visiva, un&#039;illuminazione ottimale e un&#039;eccezionale durata.\" \/>\n<meta property=\"og:url\" content=\"https:\/\/swixed.ch\/it\/prodotto\/sed80003\/\" \/>\n<meta property=\"og:site_name\" content=\"Swixed SA\" \/>\n<meta property=\"article:publisher\" content=\"https:\/\/www.facebook.com\/swixed\" \/>\n<meta property=\"article:modified_time\" content=\"2025-12-28T19:58:37+00:00\" \/>\n<meta property=\"og:image\" content=\"https:\/\/swixed.ch\/wp-content\/uploads\/products\/heine-beta-200-kit-02.png\" \/>\n\t<meta property=\"og:image:width\" content=\"600\" \/>\n\t<meta property=\"og:image:height\" content=\"600\" \/>\n\t<meta property=\"og:image:type\" content=\"image\/png\" \/>\n<meta name=\"twitter:card\" content=\"summary_large_image\" \/>\n<meta name=\"twitter:label1\" content=\"Tempo di lettura stimato\" \/>\n\t<meta name=\"twitter:data1\" content=\"2 minuti\" \/>\n<script type=\"application\/ld+json\" class=\"yoast-schema-graph\">{\"@context\":\"https:\\\/\\\/schema.org\",\"@graph\":[{\"@type\":\"WebPage\",\"@id\":\"https:\\\/\\\/swixed.ch\\\/it\\\/prodotto\\\/sed80003\\\/\",\"url\":\"https:\\\/\\\/swixed.ch\\\/it\\\/prodotto\\\/sed80003\\\/\",\"name\":\"Heine Beta 200 - Otoscopio F.O e kit oftalmoscopio diagnostico | Swixed SA\",\"isPartOf\":{\"@id\":\"https:\\\/\\\/swixed.ch\\\/it\\\/#website\"},\"primaryImageOfPage\":{\"@id\":\"https:\\\/\\\/swixed.ch\\\/it\\\/prodotto\\\/sed80003\\\/#primaryimage\"},\"image\":{\"@id\":\"https:\\\/\\\/swixed.ch\\\/it\\\/prodotto\\\/sed80003\\\/#primaryimage\"},\"thumbnailUrl\":\"https:\\\/\\\/swixed.ch\\\/wp-content\\\/uploads\\\/products\\\/heine-beta-200-kit-02.png\",\"datePublished\":\"2021-05-17T10:56:14+00:00\",\"dateModified\":\"2025-12-28T19:58:37+00:00\",\"description\":\"Kit Heine Beta 200 con otoscopio e oftalmoscopio F.O. per una precisa diagnostica uditiva e visiva, un'illuminazione ottimale e un'eccezionale durata.\",\"breadcrumb\":{\"@id\":\"https:\\\/\\\/swixed.ch\\\/it\\\/prodotto\\\/sed80003\\\/#breadcrumb\"},\"inLanguage\":\"it-IT\",\"potentialAction\":[{\"@type\":\"ReadAction\",\"target\":[\"https:\\\/\\\/swixed.ch\\\/it\\\/prodotto\\\/sed80003\\\/\"]}]},{\"@type\":\"ImageObject\",\"inLanguage\":\"it-IT\",\"@id\":\"https:\\\/\\\/swixed.ch\\\/it\\\/prodotto\\\/sed80003\\\/#primaryimage\",\"url\":\"https:\\\/\\\/swixed.ch\\\/wp-content\\\/uploads\\\/products\\\/heine-beta-200-kit-02.png\",\"contentUrl\":\"https:\\\/\\\/swixed.ch\\\/wp-content\\\/uploads\\\/products\\\/heine-beta-200-kit-02.png\",\"width\":600,\"height\":600,\"caption\":\"heine-beta-200-kit-02\"},{\"@type\":\"BreadcrumbList\",\"@id\":\"https:\\\/\\\/swixed.ch\\\/it\\\/prodotto\\\/sed80003\\\/#breadcrumb\",\"itemListElement\":[{\"@type\":\"ListItem\",\"position\":1,\"name\":\"Home\",\"item\":\"https:\\\/\\\/swixed.ch\\\/it\\\/home\\\/\"},{\"@type\":\"ListItem\",\"position\":2,\"name\":\"Negozio\",\"item\":\"https:\\\/\\\/swixed.ch\\\/it\\\/shop\\\/\"},{\"@type\":\"ListItem\",\"position\":3,\"name\":\"Heine Beta 200 &#8211; Otoscopio F.O e kit oftalmoscopio diagnostico\"}]},{\"@type\":\"WebSite\",\"@id\":\"https:\\\/\\\/swixed.ch\\\/it\\\/#website\",\"url\":\"https:\\\/\\\/swixed.ch\\\/it\\\/\",\"name\":\"Swixed SA\",\"description\":\"Dispositivi elettronici\",\"publisher\":{\"@id\":\"https:\\\/\\\/swixed.ch\\\/it\\\/#organization\"},\"potentialAction\":[{\"@type\":\"SearchAction\",\"target\":{\"@type\":\"EntryPoint\",\"urlTemplate\":\"https:\\\/\\\/swixed.ch\\\/it\\\/?s={search_term_string}\"},\"query-input\":{\"@type\":\"PropertyValueSpecification\",\"valueRequired\":true,\"valueName\":\"search_term_string\"}}],\"inLanguage\":\"it-IT\"},{\"@type\":\"Organization\",\"@id\":\"https:\\\/\\\/swixed.ch\\\/it\\\/#organization\",\"name\":\"Swixed SA\",\"url\":\"https:\\\/\\\/swixed.ch\\\/it\\\/\",\"logo\":{\"@type\":\"ImageObject\",\"inLanguage\":\"it-IT\",\"@id\":\"https:\\\/\\\/swixed.ch\\\/it\\\/#\\\/schema\\\/logo\\\/image\\\/\",\"url\":\"https:\\\/\\\/swixed.ch\\\/wp-content\\\/uploads\\\/logos\\\/swixed-logo-lite.png\",\"contentUrl\":\"https:\\\/\\\/swixed.ch\\\/wp-content\\\/uploads\\\/logos\\\/swixed-logo-lite.png\",\"width\":696,\"height\":696,\"caption\":\"Swixed SA\"},\"image\":{\"@id\":\"https:\\\/\\\/swixed.ch\\\/it\\\/#\\\/schema\\\/logo\\\/image\\\/\"},\"sameAs\":[\"https:\\\/\\\/www.facebook.com\\\/swixed\",\"https:\\\/\\\/www.linkedin.com\\\/company\\\/swixed\",\"https:\\\/\\\/www.youtube.com\\\/@swixedsa\"],\"description\":\"Swixed SA est une entreprise suisse bas\u00e9e \u00e0 Gen\u00e8ve, sp\u00e9cialis\u00e9e dans la vente, la location et la maintenance d\u2019appareils m\u00e9dicaux professionnels, tels que d\u00e9fibrillateurs AED, \u00e9lectrocardiographes, moniteurs patient et dispositifs de diagnostic.\",\"email\":\"infoshop@swixed.ch\",\"telephone\":\"+41 22 566 11 95\",\"legalName\":\"Swixed SA\",\"foundingDate\":\"2021-03-01\",\"numberOfEmployees\":{\"@type\":\"QuantitativeValue\",\"minValue\":\"1\",\"maxValue\":\"10\"}}]}<\/script>\n<!-- \/ Yoast SEO Premium plugin. -->","yoast_head_json":{"title":"Heine Beta 200 - Otoscopio F.O e kit oftalmoscopio diagnostico | Swixed SA","description":"Kit Heine Beta 200 con otoscopio e oftalmoscopio F.O. per una precisa diagnostica uditiva e visiva, un'illuminazione ottimale e un'eccezionale durata.","robots":{"index":"index","follow":"follow","max-snippet":"max-snippet:-1","max-image-preview":"max-image-preview:large","max-video-preview":"max-video-preview:-1"},"canonical":"https:\/\/swixed.ch\/it\/prodotto\/sed80003\/","og_locale":"it_IT","og_type":"article","og_title":"Heine Beta 200 - Otoscopio F.O e kit oftalmoscopio diagnostico","og_description":"Kit Heine Beta 200 con otoscopio e oftalmoscopio F.O. per una precisa diagnostica uditiva e visiva, un'illuminazione ottimale e un'eccezionale durata.","og_url":"https:\/\/swixed.ch\/it\/prodotto\/sed80003\/","og_site_name":"Swixed SA","article_publisher":"https:\/\/www.facebook.com\/swixed","article_modified_time":"2025-12-28T19:58:37+00:00","og_image":[{"width":600,"height":600,"url":"https:\/\/swixed.ch\/wp-content\/uploads\/products\/heine-beta-200-kit-02.png","type":"image\/png"}],"twitter_card":"summary_large_image","twitter_misc":{"Tempo di lettura stimato":"2 minuti"},"schema":{"@context":"https:\/\/schema.org","@graph":[{"@type":"WebPage","@id":"https:\/\/swixed.ch\/it\/prodotto\/sed80003\/","url":"https:\/\/swixed.ch\/it\/prodotto\/sed80003\/","name":"Heine Beta 200 - Otoscopio F.O e kit oftalmoscopio diagnostico | Swixed SA","isPartOf":{"@id":"https:\/\/swixed.ch\/it\/#website"},"primaryImageOfPage":{"@id":"https:\/\/swixed.ch\/it\/prodotto\/sed80003\/#primaryimage"},"image":{"@id":"https:\/\/swixed.ch\/it\/prodotto\/sed80003\/#primaryimage"},"thumbnailUrl":"https:\/\/swixed.ch\/wp-content\/uploads\/products\/heine-beta-200-kit-02.png","datePublished":"2021-05-17T10:56:14+00:00","dateModified":"2025-12-28T19:58:37+00:00","description":"Kit Heine Beta 200 con otoscopio e oftalmoscopio F.O. per una precisa diagnostica uditiva e visiva, un'illuminazione ottimale e un'eccezionale durata.","breadcrumb":{"@id":"https:\/\/swixed.ch\/it\/prodotto\/sed80003\/#breadcrumb"},"inLanguage":"it-IT","potentialAction":[{"@type":"ReadAction","target":["https:\/\/swixed.ch\/it\/prodotto\/sed80003\/"]}]},{"@type":"ImageObject","inLanguage":"it-IT","@id":"https:\/\/swixed.ch\/it\/prodotto\/sed80003\/#primaryimage","url":"https:\/\/swixed.ch\/wp-content\/uploads\/products\/heine-beta-200-kit-02.png","contentUrl":"https:\/\/swixed.ch\/wp-content\/uploads\/products\/heine-beta-200-kit-02.png","width":600,"height":600,"caption":"heine-beta-200-kit-02"},{"@type":"BreadcrumbList","@id":"https:\/\/swixed.ch\/it\/prodotto\/sed80003\/#breadcrumb","itemListElement":[{"@type":"ListItem","position":1,"name":"Home","item":"https:\/\/swixed.ch\/it\/home\/"},{"@type":"ListItem","position":2,"name":"Negozio","item":"https:\/\/swixed.ch\/it\/shop\/"},{"@type":"ListItem","position":3,"name":"Heine Beta 200 &#8211; Otoscopio F.O e kit oftalmoscopio diagnostico"}]},{"@type":"WebSite","@id":"https:\/\/swixed.ch\/it\/#website","url":"https:\/\/swixed.ch\/it\/","name":"Swixed SA","description":"Dispositivi elettronici","publisher":{"@id":"https:\/\/swixed.ch\/it\/#organization"},"potentialAction":[{"@type":"SearchAction","target":{"@type":"EntryPoint","urlTemplate":"https:\/\/swixed.ch\/it\/?s={search_term_string}"},"query-input":{"@type":"PropertyValueSpecification","valueRequired":true,"valueName":"search_term_string"}}],"inLanguage":"it-IT"},{"@type":"Organization","@id":"https:\/\/swixed.ch\/it\/#organization","name":"Swixed SA","url":"https:\/\/swixed.ch\/it\/","logo":{"@type":"ImageObject","inLanguage":"it-IT","@id":"https:\/\/swixed.ch\/it\/#\/schema\/logo\/image\/","url":"https:\/\/swixed.ch\/wp-content\/uploads\/logos\/swixed-logo-lite.png","contentUrl":"https:\/\/swixed.ch\/wp-content\/uploads\/logos\/swixed-logo-lite.png","width":696,"height":696,"caption":"Swixed SA"},"image":{"@id":"https:\/\/swixed.ch\/it\/#\/schema\/logo\/image\/"},"sameAs":["https:\/\/www.facebook.com\/swixed","https:\/\/www.linkedin.com\/company\/swixed","https:\/\/www.youtube.com\/@swixedsa"],"description":"Swixed SA est une entreprise suisse bas\u00e9e \u00e0 Gen\u00e8ve, sp\u00e9cialis\u00e9e dans la vente, la location et la maintenance d\u2019appareils m\u00e9dicaux professionnels, tels que d\u00e9fibrillateurs AED, \u00e9lectrocardiographes, moniteurs patient et dispositifs de diagnostic.","email":"infoshop@swixed.ch","telephone":"+41 22 566 11 95","legalName":"Swixed SA","foundingDate":"2021-03-01","numberOfEmployees":{"@type":"QuantitativeValue","minValue":"1","maxValue":"10"}}]}},"_links":{"self":[{"href":"https:\/\/swixed.ch\/it\/wp-json\/wp\/v2\/product\/34563","targetHints":{"allow":["GET"]}}],"collection":[{"href":"https:\/\/swixed.ch\/it\/wp-json\/wp\/v2\/product"}],"about":[{"href":"https:\/\/swixed.ch\/it\/wp-json\/wp\/v2\/types\/product"}],"version-history":[{"count":0,"href":"https:\/\/swixed.ch\/it\/wp-json\/wp\/v2\/product\/34563\/revisions"}],"wp:featuredmedia":[{"embeddable":true,"href":"https:\/\/swixed.ch\/it\/wp-json\/wp\/v2\/media\/27840"}],"wp:attachment":[{"href":"https:\/\/swixed.ch\/it\/wp-json\/wp\/v2\/media?parent=34563"}],"wp:term":[{"taxonomy":"product_brand","embeddable":true,"href":"https:\/\/swixed.ch\/it\/wp-json\/wp\/v2\/product_brand?post=34563"},{"taxonomy":"product_cat","embeddable":true,"href":"https:\/\/swixed.ch\/it\/wp-json\/wp\/v2\/product_cat?post=34563"},{"taxonomy":"product_tag","embeddable":true,"href":"https:\/\/swixed.ch\/it\/wp-json\/wp\/v2\/product_tag?post=34563"}],"curies":[{"name":"wp","href":"https:\/\/api.w.org\/{rel}","templated":true}]}}