{"id":34830,"date":"2021-07-19T23:14:16","date_gmt":"2021-07-19T22:14:16","guid":{"rendered":"https:\/\/swixed.com\/produit\/elettrodi-per-adulti-per-schiller-fred-easy-e-fred-easy-life\/"},"modified":"2026-04-20T08:08:27","modified_gmt":"2026-04-20T07:08:27","slug":"sed34005","status":"publish","type":"product","link":"https:\/\/swixed.ch\/it\/prodotto\/sed34005\/","title":{"rendered":"Elettrodi per adulti per defibrillatori Schiller Fred \/ Schiller Fred Easy \/ Skity"},"content":{"rendered":"\t\t<div data-elementor-type=\"product-post\" data-elementor-id=\"34830\" class=\"elementor elementor-34830 elementor-5759\" data-elementor-post-type=\"product\">\n\t\t\t\t\t\t<section class=\"elementor-section elementor-top-section elementor-element elementor-element-566dfe8 elementor-section-boxed elementor-section-height-default elementor-section-height-default\" data-id=\"566dfe8\" data-element_type=\"section\" data-e-type=\"section\">\n\t\t\t\t\t\t<div class=\"elementor-container elementor-column-gap-default\">\n\t\t\t\t\t<div class=\"elementor-column elementor-col-100 elementor-top-column elementor-element elementor-element-2c4618e\" data-id=\"2c4618e\" data-element_type=\"column\" data-e-type=\"column\">\n\t\t\t<div class=\"elementor-widget-wrap elementor-element-populated\">\n\t\t\t\t\t\t<div class=\"elementor-element elementor-element-57fea7d elementor-widget elementor-widget-heading\" data-id=\"57fea7d\" data-element_type=\"widget\" data-e-type=\"widget\" data-widget_type=\"heading.default\">\n\t\t\t\t\t<h2 class=\"elementor-heading-title elementor-size-default\">Descrizione<\/h2>\t\t\t\t<\/div>\n\t\t\t\t<div class=\"elementor-element elementor-element-e0a279c elementor-widget elementor-widget-text-editor\" data-id=\"e0a279c\" data-element_type=\"widget\" data-e-type=\"widget\" data-widget_type=\"text-editor.default\">\n\t\t\t\t\t\t\t\t\t<p>Elettrodi di defibrillazione per adulti precollegati, adesivi, per Schiller <strong>FRED Easy<\/strong> e Schiller <strong>FRED Easy Life<\/strong>.<\/p><p>Solo per uso singolo.<\/p><p>Pittogramma di posizionamento sulla sacca e su ciascun elettrodo. Dispositivo medico utilizzato con un defibrillatore per la rianimazione cardiaca. <\/p><ul><li>Elettrodi di defibrillazione (adulti)<\/li><li>Vita utile: 2 &#8211; 2,5 anni<\/li><li>Imballaggio: Coppia<\/li><\/ul>\t\t\t\t\t\t\t\t<\/div>\n\t\t\t\t\t<\/div>\n\t\t<\/div>\n\t\t\t\t\t<\/div>\n\t\t<\/section>\n\t\t\t\t<\/div>\n\t\t","protected":false},"excerpt":{"rendered":"<p>Elettrodi adesivi di ricambio compatibili con i defibrillatori Schiller FRED Easy e FRED Easy Life. Forniti in bustine singole, sono precollegati, monouso e certificati CE secondo le specifiche del produttore. <\/p>\n","protected":false},"featured_media":28236,"template":"","meta":{"_acf_changed":false},"product_brand":[2180],"product_cat":[1470,1487],"product_tag":[1473,1476,1475,1472],"class_list":{"0":"post-34830","1":"product","2":"type-product","3":"status-publish","4":"has-post-thumbnail","6":"product_brand-schiller-it","7":"product_cat-defibrillatori","8":"product_cat-consumabili-defibrillatori","9":"product_tag-defibrillazione","10":"product_tag-massaggio-cardiaco","11":"product_tag-rcp-it","12":"product_tag-rianimazione","14":"first","15":"instock","16":"sale","17":"taxable","18":"shipping-taxable","19":"purchasable","20":"product-type-simple"},"acf":[],"yoast_head":"<!-- This site is optimized with the Yoast SEO Premium plugin v27.4 (Yoast SEO v27.4) - https:\/\/yoast.com\/product\/yoast-seo-premium-wordpress\/ -->\n<title>Elettrodi per adulti per defibrillatori Schiller Fred \/ Schiller Fred Easy \/ Skity | Swixed SA<\/title>\n<meta name=\"description\" content=\"Elettrodi di defibrillazione per adulti per i defibrillatori Schiller FRED Easy e Schiller FRED Easy Life. Vita utile: 2 - 2,5 anni.\" \/>\n<meta name=\"robots\" content=\"index, follow, max-snippet:-1, max-image-preview:large, max-video-preview:-1\" \/>\n<link rel=\"canonical\" href=\"https:\/\/swixed.ch\/it\/prodotto\/sed34005\/\" \/>\n<meta property=\"og:locale\" content=\"it_IT\" \/>\n<meta property=\"og:type\" content=\"article\" \/>\n<meta property=\"og:title\" content=\"Elettrodi per adulti per defibrillatori Schiller Fred \/ Schiller Fred Easy \/ Skity\" \/>\n<meta property=\"og:description\" content=\"Elettrodi di defibrillazione per adulti per i defibrillatori Schiller FRED Easy e Schiller FRED Easy Life. Vita utile: 2 - 2,5 anni.\" \/>\n<meta property=\"og:url\" content=\"https:\/\/swixed.ch\/it\/prodotto\/sed34005\/\" \/>\n<meta property=\"og:site_name\" content=\"Swixed SA\" \/>\n<meta property=\"article:publisher\" content=\"https:\/\/www.facebook.com\/swixed\" \/>\n<meta property=\"article:modified_time\" content=\"2026-04-20T07:08:27+00:00\" \/>\n<meta property=\"og:image\" content=\"https:\/\/swixed.ch\/wp-content\/uploads\/products\/schiller-fredeasy-electrodes-01.png\" \/>\n\t<meta property=\"og:image:width\" content=\"600\" \/>\n\t<meta property=\"og:image:height\" content=\"600\" \/>\n\t<meta property=\"og:image:type\" content=\"image\/png\" \/>\n<meta name=\"twitter:card\" content=\"summary_large_image\" \/>\n<script type=\"application\/ld+json\" class=\"yoast-schema-graph\">{\"@context\":\"https:\\\/\\\/schema.org\",\"@graph\":[{\"@type\":\"WebPage\",\"@id\":\"https:\\\/\\\/swixed.ch\\\/it\\\/prodotto\\\/sed34005\\\/\",\"url\":\"https:\\\/\\\/swixed.ch\\\/it\\\/prodotto\\\/sed34005\\\/\",\"name\":\"Elettrodi per adulti per defibrillatori Schiller Fred \\\/ Schiller Fred Easy \\\/ Skity | Swixed SA\",\"isPartOf\":{\"@id\":\"https:\\\/\\\/swixed.ch\\\/it\\\/#website\"},\"primaryImageOfPage\":{\"@id\":\"https:\\\/\\\/swixed.ch\\\/it\\\/prodotto\\\/sed34005\\\/#primaryimage\"},\"image\":{\"@id\":\"https:\\\/\\\/swixed.ch\\\/it\\\/prodotto\\\/sed34005\\\/#primaryimage\"},\"thumbnailUrl\":\"https:\\\/\\\/swixed.ch\\\/wp-content\\\/uploads\\\/products\\\/schiller-fredeasy-electrodes-01.png\",\"datePublished\":\"2021-07-19T22:14:16+00:00\",\"dateModified\":\"2026-04-20T07:08:27+00:00\",\"description\":\"Elettrodi di defibrillazione per adulti per i defibrillatori Schiller FRED Easy e Schiller FRED Easy Life. Vita utile: 2 - 2,5 anni.\",\"breadcrumb\":{\"@id\":\"https:\\\/\\\/swixed.ch\\\/it\\\/prodotto\\\/sed34005\\\/#breadcrumb\"},\"inLanguage\":\"it-IT\",\"potentialAction\":[{\"@type\":\"ReadAction\",\"target\":[\"https:\\\/\\\/swixed.ch\\\/it\\\/prodotto\\\/sed34005\\\/\"]}]},{\"@type\":\"ImageObject\",\"inLanguage\":\"it-IT\",\"@id\":\"https:\\\/\\\/swixed.ch\\\/it\\\/prodotto\\\/sed34005\\\/#primaryimage\",\"url\":\"https:\\\/\\\/swixed.ch\\\/wp-content\\\/uploads\\\/products\\\/schiller-fredeasy-electrodes-01.png\",\"contentUrl\":\"https:\\\/\\\/swixed.ch\\\/wp-content\\\/uploads\\\/products\\\/schiller-fredeasy-electrodes-01.png\",\"width\":600,\"height\":600,\"caption\":\"schiller-fredeasy-elettrodi-01\"},{\"@type\":\"BreadcrumbList\",\"@id\":\"https:\\\/\\\/swixed.ch\\\/it\\\/prodotto\\\/sed34005\\\/#breadcrumb\",\"itemListElement\":[{\"@type\":\"ListItem\",\"position\":1,\"name\":\"Home\",\"item\":\"https:\\\/\\\/swixed.ch\\\/it\\\/home\\\/\"},{\"@type\":\"ListItem\",\"position\":2,\"name\":\"Negozio\",\"item\":\"https:\\\/\\\/swixed.ch\\\/it\\\/shop\\\/\"},{\"@type\":\"ListItem\",\"position\":3,\"name\":\"Elettrodi per adulti per defibrillatori Schiller Fred \\\/ Schiller Fred Easy \\\/ Skity\"}]},{\"@type\":\"WebSite\",\"@id\":\"https:\\\/\\\/swixed.ch\\\/it\\\/#website\",\"url\":\"https:\\\/\\\/swixed.ch\\\/it\\\/\",\"name\":\"Swixed SA\",\"description\":\"Dispositivi elettronici\",\"publisher\":{\"@id\":\"https:\\\/\\\/swixed.ch\\\/it\\\/#organization\"},\"potentialAction\":[{\"@type\":\"SearchAction\",\"target\":{\"@type\":\"EntryPoint\",\"urlTemplate\":\"https:\\\/\\\/swixed.ch\\\/it\\\/?s={search_term_string}\"},\"query-input\":{\"@type\":\"PropertyValueSpecification\",\"valueRequired\":true,\"valueName\":\"search_term_string\"}}],\"inLanguage\":\"it-IT\"},{\"@type\":\"Organization\",\"@id\":\"https:\\\/\\\/swixed.ch\\\/it\\\/#organization\",\"name\":\"Swixed SA\",\"url\":\"https:\\\/\\\/swixed.ch\\\/it\\\/\",\"logo\":{\"@type\":\"ImageObject\",\"inLanguage\":\"it-IT\",\"@id\":\"https:\\\/\\\/swixed.ch\\\/it\\\/#\\\/schema\\\/logo\\\/image\\\/\",\"url\":\"https:\\\/\\\/swixed.ch\\\/wp-content\\\/uploads\\\/logos\\\/swixed-logo-lite.png\",\"contentUrl\":\"https:\\\/\\\/swixed.ch\\\/wp-content\\\/uploads\\\/logos\\\/swixed-logo-lite.png\",\"width\":696,\"height\":696,\"caption\":\"Swixed SA\"},\"image\":{\"@id\":\"https:\\\/\\\/swixed.ch\\\/it\\\/#\\\/schema\\\/logo\\\/image\\\/\"},\"sameAs\":[\"https:\\\/\\\/www.facebook.com\\\/swixed\",\"https:\\\/\\\/www.linkedin.com\\\/company\\\/swixed\",\"https:\\\/\\\/www.youtube.com\\\/@swixedsa\"],\"description\":\"Swixed SA est une entreprise suisse bas\u00e9e \u00e0 Gen\u00e8ve, sp\u00e9cialis\u00e9e dans la vente, la location et la maintenance d\u2019appareils m\u00e9dicaux professionnels, tels que d\u00e9fibrillateurs AED, \u00e9lectrocardiographes, moniteurs patient et dispositifs de diagnostic.\",\"email\":\"infoshop@swixed.ch\",\"telephone\":\"+41 22 566 11 95\",\"legalName\":\"Swixed SA\",\"foundingDate\":\"2021-03-01\",\"numberOfEmployees\":{\"@type\":\"QuantitativeValue\",\"minValue\":\"1\",\"maxValue\":\"10\"}}]}<\/script>\n<!-- \/ Yoast SEO Premium plugin. -->","yoast_head_json":{"title":"Elettrodi per adulti per defibrillatori Schiller Fred \/ Schiller Fred Easy \/ Skity | Swixed SA","description":"Elettrodi di defibrillazione per adulti per i defibrillatori Schiller FRED Easy e Schiller FRED Easy Life. Vita utile: 2 - 2,5 anni.","robots":{"index":"index","follow":"follow","max-snippet":"max-snippet:-1","max-image-preview":"max-image-preview:large","max-video-preview":"max-video-preview:-1"},"canonical":"https:\/\/swixed.ch\/it\/prodotto\/sed34005\/","og_locale":"it_IT","og_type":"article","og_title":"Elettrodi per adulti per defibrillatori Schiller Fred \/ Schiller Fred Easy \/ Skity","og_description":"Elettrodi di defibrillazione per adulti per i defibrillatori Schiller FRED Easy e Schiller FRED Easy Life. Vita utile: 2 - 2,5 anni.","og_url":"https:\/\/swixed.ch\/it\/prodotto\/sed34005\/","og_site_name":"Swixed SA","article_publisher":"https:\/\/www.facebook.com\/swixed","article_modified_time":"2026-04-20T07:08:27+00:00","og_image":[{"width":600,"height":600,"url":"https:\/\/swixed.ch\/wp-content\/uploads\/products\/schiller-fredeasy-electrodes-01.png","type":"image\/png"}],"twitter_card":"summary_large_image","schema":{"@context":"https:\/\/schema.org","@graph":[{"@type":"WebPage","@id":"https:\/\/swixed.ch\/it\/prodotto\/sed34005\/","url":"https:\/\/swixed.ch\/it\/prodotto\/sed34005\/","name":"Elettrodi per adulti per defibrillatori Schiller Fred \/ Schiller Fred Easy \/ Skity | Swixed SA","isPartOf":{"@id":"https:\/\/swixed.ch\/it\/#website"},"primaryImageOfPage":{"@id":"https:\/\/swixed.ch\/it\/prodotto\/sed34005\/#primaryimage"},"image":{"@id":"https:\/\/swixed.ch\/it\/prodotto\/sed34005\/#primaryimage"},"thumbnailUrl":"https:\/\/swixed.ch\/wp-content\/uploads\/products\/schiller-fredeasy-electrodes-01.png","datePublished":"2021-07-19T22:14:16+00:00","dateModified":"2026-04-20T07:08:27+00:00","description":"Elettrodi di defibrillazione per adulti per i defibrillatori Schiller FRED Easy e Schiller FRED Easy Life. Vita utile: 2 - 2,5 anni.","breadcrumb":{"@id":"https:\/\/swixed.ch\/it\/prodotto\/sed34005\/#breadcrumb"},"inLanguage":"it-IT","potentialAction":[{"@type":"ReadAction","target":["https:\/\/swixed.ch\/it\/prodotto\/sed34005\/"]}]},{"@type":"ImageObject","inLanguage":"it-IT","@id":"https:\/\/swixed.ch\/it\/prodotto\/sed34005\/#primaryimage","url":"https:\/\/swixed.ch\/wp-content\/uploads\/products\/schiller-fredeasy-electrodes-01.png","contentUrl":"https:\/\/swixed.ch\/wp-content\/uploads\/products\/schiller-fredeasy-electrodes-01.png","width":600,"height":600,"caption":"schiller-fredeasy-elettrodi-01"},{"@type":"BreadcrumbList","@id":"https:\/\/swixed.ch\/it\/prodotto\/sed34005\/#breadcrumb","itemListElement":[{"@type":"ListItem","position":1,"name":"Home","item":"https:\/\/swixed.ch\/it\/home\/"},{"@type":"ListItem","position":2,"name":"Negozio","item":"https:\/\/swixed.ch\/it\/shop\/"},{"@type":"ListItem","position":3,"name":"Elettrodi per adulti per defibrillatori Schiller Fred \/ Schiller Fred Easy \/ Skity"}]},{"@type":"WebSite","@id":"https:\/\/swixed.ch\/it\/#website","url":"https:\/\/swixed.ch\/it\/","name":"Swixed SA","description":"Dispositivi elettronici","publisher":{"@id":"https:\/\/swixed.ch\/it\/#organization"},"potentialAction":[{"@type":"SearchAction","target":{"@type":"EntryPoint","urlTemplate":"https:\/\/swixed.ch\/it\/?s={search_term_string}"},"query-input":{"@type":"PropertyValueSpecification","valueRequired":true,"valueName":"search_term_string"}}],"inLanguage":"it-IT"},{"@type":"Organization","@id":"https:\/\/swixed.ch\/it\/#organization","name":"Swixed SA","url":"https:\/\/swixed.ch\/it\/","logo":{"@type":"ImageObject","inLanguage":"it-IT","@id":"https:\/\/swixed.ch\/it\/#\/schema\/logo\/image\/","url":"https:\/\/swixed.ch\/wp-content\/uploads\/logos\/swixed-logo-lite.png","contentUrl":"https:\/\/swixed.ch\/wp-content\/uploads\/logos\/swixed-logo-lite.png","width":696,"height":696,"caption":"Swixed SA"},"image":{"@id":"https:\/\/swixed.ch\/it\/#\/schema\/logo\/image\/"},"sameAs":["https:\/\/www.facebook.com\/swixed","https:\/\/www.linkedin.com\/company\/swixed","https:\/\/www.youtube.com\/@swixedsa"],"description":"Swixed SA est une entreprise suisse bas\u00e9e \u00e0 Gen\u00e8ve, sp\u00e9cialis\u00e9e dans la vente, la location et la maintenance d\u2019appareils m\u00e9dicaux professionnels, tels que d\u00e9fibrillateurs AED, \u00e9lectrocardiographes, moniteurs patient et dispositifs de diagnostic.","email":"infoshop@swixed.ch","telephone":"+41 22 566 11 95","legalName":"Swixed SA","foundingDate":"2021-03-01","numberOfEmployees":{"@type":"QuantitativeValue","minValue":"1","maxValue":"10"}}]}},"_links":{"self":[{"href":"https:\/\/swixed.ch\/it\/wp-json\/wp\/v2\/product\/34830","targetHints":{"allow":["GET"]}}],"collection":[{"href":"https:\/\/swixed.ch\/it\/wp-json\/wp\/v2\/product"}],"about":[{"href":"https:\/\/swixed.ch\/it\/wp-json\/wp\/v2\/types\/product"}],"version-history":[{"count":1,"href":"https:\/\/swixed.ch\/it\/wp-json\/wp\/v2\/product\/34830\/revisions"}],"predecessor-version":[{"id":62927,"href":"https:\/\/swixed.ch\/it\/wp-json\/wp\/v2\/product\/34830\/revisions\/62927"}],"wp:featuredmedia":[{"embeddable":true,"href":"https:\/\/swixed.ch\/it\/wp-json\/wp\/v2\/media\/28236"}],"wp:attachment":[{"href":"https:\/\/swixed.ch\/it\/wp-json\/wp\/v2\/media?parent=34830"}],"wp:term":[{"taxonomy":"product_brand","embeddable":true,"href":"https:\/\/swixed.ch\/it\/wp-json\/wp\/v2\/product_brand?post=34830"},{"taxonomy":"product_cat","embeddable":true,"href":"https:\/\/swixed.ch\/it\/wp-json\/wp\/v2\/product_cat?post=34830"},{"taxonomy":"product_tag","embeddable":true,"href":"https:\/\/swixed.ch\/it\/wp-json\/wp\/v2\/product_tag?post=34830"}],"curies":[{"name":"wp","href":"https:\/\/api.w.org\/{rel}","templated":true}]}}