{"id":34923,"date":"2021-07-23T10:06:57","date_gmt":"2021-07-23T08:06:57","guid":{"rendered":"https:\/\/swixed.com\/produit\/lampadina-per-oftalmoscopio-heine-mini-3000-25v\/"},"modified":"2025-09-03T19:26:55","modified_gmt":"2025-09-03T17:26:55","slug":"sed82004","status":"publish","type":"product","link":"https:\/\/swixed.ch\/it\/prodotto\/sed82004\/","title":{"rendered":"Lampadina 2,5 V per Heine Mini 3000 oftalmoscopio"},"content":{"rendered":"\t\t<div data-elementor-type=\"product-post\" data-elementor-id=\"34923\" class=\"elementor elementor-34923 elementor-5836\" data-elementor-post-type=\"product\">\n\t\t\t\t\t\t<section class=\"elementor-section elementor-top-section elementor-element elementor-element-834d306 elementor-section-boxed elementor-section-height-default elementor-section-height-default\" data-id=\"834d306\" data-element_type=\"section\" data-e-type=\"section\">\n\t\t\t\t\t\t<div class=\"elementor-container elementor-column-gap-default\">\n\t\t\t\t\t<div class=\"elementor-column elementor-col-100 elementor-top-column elementor-element elementor-element-085465e\" data-id=\"085465e\" data-element_type=\"column\" data-e-type=\"column\">\n\t\t\t<div class=\"elementor-widget-wrap elementor-element-populated\">\n\t\t\t\t\t\t<div class=\"elementor-element elementor-element-0684e71 elementor-widget elementor-widget-heading\" data-id=\"0684e71\" data-element_type=\"widget\" data-e-type=\"widget\" data-widget_type=\"heading.default\">\n\t\t\t\t\t<h2 class=\"elementor-heading-title elementor-size-default\">Descrizione<\/h2>\t\t\t\t<\/div>\n\t\t\t\t\t<\/div>\n\t\t<\/div>\n\t\t\t\t\t<\/div>\n\t\t<\/section>\n\t\t\t\t<section class=\"elementor-section elementor-top-section elementor-element elementor-element-c0f3979 elementor-section-boxed elementor-section-height-default elementor-section-height-default\" data-id=\"c0f3979\" data-element_type=\"section\" data-e-type=\"section\">\n\t\t\t\t\t\t<div class=\"elementor-container elementor-column-gap-default\">\n\t\t\t\t\t<div class=\"elementor-column elementor-col-100 elementor-top-column elementor-element elementor-element-6e68e75\" data-id=\"6e68e75\" data-element_type=\"column\" data-e-type=\"column\">\n\t\t\t<div class=\"elementor-widget-wrap elementor-element-populated\">\n\t\t\t\t\t\t<div class=\"elementor-element elementor-element-3376bb3 elementor-widget elementor-widget-text-editor\" data-id=\"3376bb3\" data-element_type=\"widget\" data-e-type=\"widget\" data-widget_type=\"text-editor.default\">\n\t\t\t\t\t\t\t\t\t<p>Lampadina <strong>da 2,5 V<\/strong> per l&#8217;oftalmoscopio <strong>Heine Mini 3000<\/strong>.<br>Ogni lampadina HEINE \u00e8 progettata specificamente per lo strumento che alimenta. Assicuratevi di scegliere la lampadina giusta per il vostro strumento Heine e la giusta tensione (2,5 V o 3,5 V).<\/p><p>Riferimento lampadina Heine 2,5 V: # 106<\/p>\t\t\t\t\t\t\t\t<\/div>\n\t\t\t\t\t<\/div>\n\t\t<\/div>\n\t\t\t\t\t<\/div>\n\t\t<\/section>\n\t\t\t\t<\/div>\n\t\t","protected":false},"excerpt":{"rendered":"<p>Lampadina di ricambio da 2,5 V compatibile con l\u2019oftalmoscopio Heine Mini 3000. Accessorio CE conforme alle specifiche del produttore. Riferimento lampadina Heine 2,5 V: #106.  <\/p>\n","protected":false},"featured_media":27936,"template":"","meta":{"_acf_changed":false},"product_brand":[2148],"product_cat":[1499,1338],"product_tag":[969,1104,1500],"class_list":{"0":"post-34923","1":"product","2":"type-product","3":"status-publish","4":"has-post-thumbnail","6":"product_brand-heine-it","7":"product_cat-consumabili-oftalmoscopi","8":"product_cat-oftalmoscopi","9":"product_tag-diagnostica","10":"product_tag-medicina-generale","11":"product_tag-xhl-it","13":"first","14":"instock","15":"taxable","16":"shipping-taxable","17":"purchasable","18":"product-type-simple"},"acf":[],"yoast_head":"<!-- This site is optimized with the Yoast SEO Premium plugin v27.4 (Yoast SEO v27.4) - https:\/\/yoast.com\/product\/yoast-seo-premium-wordpress\/ -->\n<title>Lampadina 2,5 V per Heine Mini 3000 oftalmoscopio | Swixed SA<\/title>\n<meta name=\"description\" content=\"Lampadina da 2,5 V per l&#039;oftalmoscopio Heine Mini 3000. Ogni lampadina HEINE \u00e8 progettata specificamente per lo strumento che alimenta.\" \/>\n<meta name=\"robots\" content=\"index, follow, max-snippet:-1, max-image-preview:large, max-video-preview:-1\" \/>\n<link rel=\"canonical\" href=\"https:\/\/swixed.ch\/it\/prodotto\/sed82004\/\" \/>\n<meta property=\"og:locale\" content=\"it_IT\" \/>\n<meta property=\"og:type\" content=\"article\" \/>\n<meta property=\"og:title\" content=\"Lampadina 2,5 V per Heine Mini 3000 oftalmoscopio\" \/>\n<meta property=\"og:description\" content=\"Lampadina da 2,5 V per l&#039;oftalmoscopio Heine Mini 3000. Ogni lampadina HEINE \u00e8 progettata specificamente per lo strumento che alimenta.\" \/>\n<meta property=\"og:url\" content=\"https:\/\/swixed.ch\/it\/prodotto\/sed82004\/\" \/>\n<meta property=\"og:site_name\" content=\"Swixed SA\" \/>\n<meta property=\"article:publisher\" content=\"https:\/\/www.facebook.com\/swixed\" \/>\n<meta property=\"article:modified_time\" content=\"2025-09-03T17:26:55+00:00\" \/>\n<meta property=\"og:image\" content=\"https:\/\/swixed.ch\/wp-content\/uploads\/products\/heine-mini-3000-ophtalmoscope-ampoule-01.png\" \/>\n\t<meta property=\"og:image:width\" content=\"600\" \/>\n\t<meta property=\"og:image:height\" content=\"600\" \/>\n\t<meta property=\"og:image:type\" content=\"image\/png\" \/>\n<meta name=\"twitter:card\" content=\"summary_large_image\" \/>\n<script type=\"application\/ld+json\" class=\"yoast-schema-graph\">{\"@context\":\"https:\\\/\\\/schema.org\",\"@graph\":[{\"@type\":\"WebPage\",\"@id\":\"https:\\\/\\\/swixed.ch\\\/it\\\/prodotto\\\/sed82004\\\/\",\"url\":\"https:\\\/\\\/swixed.ch\\\/it\\\/prodotto\\\/sed82004\\\/\",\"name\":\"Lampadina 2,5 V per Heine Mini 3000 oftalmoscopio | Swixed SA\",\"isPartOf\":{\"@id\":\"https:\\\/\\\/swixed.ch\\\/it\\\/#website\"},\"primaryImageOfPage\":{\"@id\":\"https:\\\/\\\/swixed.ch\\\/it\\\/prodotto\\\/sed82004\\\/#primaryimage\"},\"image\":{\"@id\":\"https:\\\/\\\/swixed.ch\\\/it\\\/prodotto\\\/sed82004\\\/#primaryimage\"},\"thumbnailUrl\":\"https:\\\/\\\/swixed.ch\\\/wp-content\\\/uploads\\\/products\\\/heine-mini-3000-ophtalmoscope-ampoule-01.png\",\"datePublished\":\"2021-07-23T08:06:57+00:00\",\"dateModified\":\"2025-09-03T17:26:55+00:00\",\"description\":\"Lampadina da 2,5 V per l'oftalmoscopio Heine Mini 3000. Ogni lampadina HEINE \u00e8 progettata specificamente per lo strumento che alimenta.\",\"breadcrumb\":{\"@id\":\"https:\\\/\\\/swixed.ch\\\/it\\\/prodotto\\\/sed82004\\\/#breadcrumb\"},\"inLanguage\":\"it-IT\",\"potentialAction\":[{\"@type\":\"ReadAction\",\"target\":[\"https:\\\/\\\/swixed.ch\\\/it\\\/prodotto\\\/sed82004\\\/\"]}]},{\"@type\":\"ImageObject\",\"inLanguage\":\"it-IT\",\"@id\":\"https:\\\/\\\/swixed.ch\\\/it\\\/prodotto\\\/sed82004\\\/#primaryimage\",\"url\":\"https:\\\/\\\/swixed.ch\\\/wp-content\\\/uploads\\\/products\\\/heine-mini-3000-ophtalmoscope-ampoule-01.png\",\"contentUrl\":\"https:\\\/\\\/swixed.ch\\\/wp-content\\\/uploads\\\/products\\\/heine-mini-3000-ophtalmoscope-ampoule-01.png\",\"width\":600,\"height\":600,\"caption\":\"heine-mini-3000-oftalmoscopio-ampoule-01\"},{\"@type\":\"BreadcrumbList\",\"@id\":\"https:\\\/\\\/swixed.ch\\\/it\\\/prodotto\\\/sed82004\\\/#breadcrumb\",\"itemListElement\":[{\"@type\":\"ListItem\",\"position\":1,\"name\":\"Home\",\"item\":\"https:\\\/\\\/swixed.ch\\\/it\\\/home\\\/\"},{\"@type\":\"ListItem\",\"position\":2,\"name\":\"Negozio\",\"item\":\"https:\\\/\\\/swixed.ch\\\/it\\\/shop\\\/\"},{\"@type\":\"ListItem\",\"position\":3,\"name\":\"Lampadina 2,5 V per Heine Mini 3000 oftalmoscopio\"}]},{\"@type\":\"WebSite\",\"@id\":\"https:\\\/\\\/swixed.ch\\\/it\\\/#website\",\"url\":\"https:\\\/\\\/swixed.ch\\\/it\\\/\",\"name\":\"Swixed SA\",\"description\":\"Dispositivi elettronici\",\"publisher\":{\"@id\":\"https:\\\/\\\/swixed.ch\\\/it\\\/#organization\"},\"potentialAction\":[{\"@type\":\"SearchAction\",\"target\":{\"@type\":\"EntryPoint\",\"urlTemplate\":\"https:\\\/\\\/swixed.ch\\\/it\\\/?s={search_term_string}\"},\"query-input\":{\"@type\":\"PropertyValueSpecification\",\"valueRequired\":true,\"valueName\":\"search_term_string\"}}],\"inLanguage\":\"it-IT\"},{\"@type\":\"Organization\",\"@id\":\"https:\\\/\\\/swixed.ch\\\/it\\\/#organization\",\"name\":\"Swixed SA\",\"url\":\"https:\\\/\\\/swixed.ch\\\/it\\\/\",\"logo\":{\"@type\":\"ImageObject\",\"inLanguage\":\"it-IT\",\"@id\":\"https:\\\/\\\/swixed.ch\\\/it\\\/#\\\/schema\\\/logo\\\/image\\\/\",\"url\":\"https:\\\/\\\/swixed.ch\\\/wp-content\\\/uploads\\\/logos\\\/swixed-logo-lite.png\",\"contentUrl\":\"https:\\\/\\\/swixed.ch\\\/wp-content\\\/uploads\\\/logos\\\/swixed-logo-lite.png\",\"width\":696,\"height\":696,\"caption\":\"Swixed SA\"},\"image\":{\"@id\":\"https:\\\/\\\/swixed.ch\\\/it\\\/#\\\/schema\\\/logo\\\/image\\\/\"},\"sameAs\":[\"https:\\\/\\\/www.facebook.com\\\/swixed\",\"https:\\\/\\\/www.linkedin.com\\\/company\\\/swixed\",\"https:\\\/\\\/www.youtube.com\\\/@swixedsa\"],\"description\":\"Swixed SA est une entreprise suisse bas\u00e9e \u00e0 Gen\u00e8ve, sp\u00e9cialis\u00e9e dans la vente, la location et la maintenance d\u2019appareils m\u00e9dicaux professionnels, tels que d\u00e9fibrillateurs AED, \u00e9lectrocardiographes, moniteurs patient et dispositifs de diagnostic.\",\"email\":\"infoshop@swixed.ch\",\"telephone\":\"+41 22 566 11 95\",\"legalName\":\"Swixed SA\",\"foundingDate\":\"2021-03-01\",\"numberOfEmployees\":{\"@type\":\"QuantitativeValue\",\"minValue\":\"1\",\"maxValue\":\"10\"}}]}<\/script>\n<!-- \/ Yoast SEO Premium plugin. -->","yoast_head_json":{"title":"Lampadina 2,5 V per Heine Mini 3000 oftalmoscopio | Swixed SA","description":"Lampadina da 2,5 V per l'oftalmoscopio Heine Mini 3000. Ogni lampadina HEINE \u00e8 progettata specificamente per lo strumento che alimenta.","robots":{"index":"index","follow":"follow","max-snippet":"max-snippet:-1","max-image-preview":"max-image-preview:large","max-video-preview":"max-video-preview:-1"},"canonical":"https:\/\/swixed.ch\/it\/prodotto\/sed82004\/","og_locale":"it_IT","og_type":"article","og_title":"Lampadina 2,5 V per Heine Mini 3000 oftalmoscopio","og_description":"Lampadina da 2,5 V per l'oftalmoscopio Heine Mini 3000. Ogni lampadina HEINE \u00e8 progettata specificamente per lo strumento che alimenta.","og_url":"https:\/\/swixed.ch\/it\/prodotto\/sed82004\/","og_site_name":"Swixed SA","article_publisher":"https:\/\/www.facebook.com\/swixed","article_modified_time":"2025-09-03T17:26:55+00:00","og_image":[{"width":600,"height":600,"url":"https:\/\/swixed.ch\/wp-content\/uploads\/products\/heine-mini-3000-ophtalmoscope-ampoule-01.png","type":"image\/png"}],"twitter_card":"summary_large_image","schema":{"@context":"https:\/\/schema.org","@graph":[{"@type":"WebPage","@id":"https:\/\/swixed.ch\/it\/prodotto\/sed82004\/","url":"https:\/\/swixed.ch\/it\/prodotto\/sed82004\/","name":"Lampadina 2,5 V per Heine Mini 3000 oftalmoscopio | Swixed SA","isPartOf":{"@id":"https:\/\/swixed.ch\/it\/#website"},"primaryImageOfPage":{"@id":"https:\/\/swixed.ch\/it\/prodotto\/sed82004\/#primaryimage"},"image":{"@id":"https:\/\/swixed.ch\/it\/prodotto\/sed82004\/#primaryimage"},"thumbnailUrl":"https:\/\/swixed.ch\/wp-content\/uploads\/products\/heine-mini-3000-ophtalmoscope-ampoule-01.png","datePublished":"2021-07-23T08:06:57+00:00","dateModified":"2025-09-03T17:26:55+00:00","description":"Lampadina da 2,5 V per l'oftalmoscopio Heine Mini 3000. Ogni lampadina HEINE \u00e8 progettata specificamente per lo strumento che alimenta.","breadcrumb":{"@id":"https:\/\/swixed.ch\/it\/prodotto\/sed82004\/#breadcrumb"},"inLanguage":"it-IT","potentialAction":[{"@type":"ReadAction","target":["https:\/\/swixed.ch\/it\/prodotto\/sed82004\/"]}]},{"@type":"ImageObject","inLanguage":"it-IT","@id":"https:\/\/swixed.ch\/it\/prodotto\/sed82004\/#primaryimage","url":"https:\/\/swixed.ch\/wp-content\/uploads\/products\/heine-mini-3000-ophtalmoscope-ampoule-01.png","contentUrl":"https:\/\/swixed.ch\/wp-content\/uploads\/products\/heine-mini-3000-ophtalmoscope-ampoule-01.png","width":600,"height":600,"caption":"heine-mini-3000-oftalmoscopio-ampoule-01"},{"@type":"BreadcrumbList","@id":"https:\/\/swixed.ch\/it\/prodotto\/sed82004\/#breadcrumb","itemListElement":[{"@type":"ListItem","position":1,"name":"Home","item":"https:\/\/swixed.ch\/it\/home\/"},{"@type":"ListItem","position":2,"name":"Negozio","item":"https:\/\/swixed.ch\/it\/shop\/"},{"@type":"ListItem","position":3,"name":"Lampadina 2,5 V per Heine Mini 3000 oftalmoscopio"}]},{"@type":"WebSite","@id":"https:\/\/swixed.ch\/it\/#website","url":"https:\/\/swixed.ch\/it\/","name":"Swixed SA","description":"Dispositivi elettronici","publisher":{"@id":"https:\/\/swixed.ch\/it\/#organization"},"potentialAction":[{"@type":"SearchAction","target":{"@type":"EntryPoint","urlTemplate":"https:\/\/swixed.ch\/it\/?s={search_term_string}"},"query-input":{"@type":"PropertyValueSpecification","valueRequired":true,"valueName":"search_term_string"}}],"inLanguage":"it-IT"},{"@type":"Organization","@id":"https:\/\/swixed.ch\/it\/#organization","name":"Swixed SA","url":"https:\/\/swixed.ch\/it\/","logo":{"@type":"ImageObject","inLanguage":"it-IT","@id":"https:\/\/swixed.ch\/it\/#\/schema\/logo\/image\/","url":"https:\/\/swixed.ch\/wp-content\/uploads\/logos\/swixed-logo-lite.png","contentUrl":"https:\/\/swixed.ch\/wp-content\/uploads\/logos\/swixed-logo-lite.png","width":696,"height":696,"caption":"Swixed SA"},"image":{"@id":"https:\/\/swixed.ch\/it\/#\/schema\/logo\/image\/"},"sameAs":["https:\/\/www.facebook.com\/swixed","https:\/\/www.linkedin.com\/company\/swixed","https:\/\/www.youtube.com\/@swixedsa"],"description":"Swixed SA est une entreprise suisse bas\u00e9e \u00e0 Gen\u00e8ve, sp\u00e9cialis\u00e9e dans la vente, la location et la maintenance d\u2019appareils m\u00e9dicaux professionnels, tels que d\u00e9fibrillateurs AED, \u00e9lectrocardiographes, moniteurs patient et dispositifs de diagnostic.","email":"infoshop@swixed.ch","telephone":"+41 22 566 11 95","legalName":"Swixed SA","foundingDate":"2021-03-01","numberOfEmployees":{"@type":"QuantitativeValue","minValue":"1","maxValue":"10"}}]}},"_links":{"self":[{"href":"https:\/\/swixed.ch\/it\/wp-json\/wp\/v2\/product\/34923","targetHints":{"allow":["GET"]}}],"collection":[{"href":"https:\/\/swixed.ch\/it\/wp-json\/wp\/v2\/product"}],"about":[{"href":"https:\/\/swixed.ch\/it\/wp-json\/wp\/v2\/types\/product"}],"version-history":[{"count":0,"href":"https:\/\/swixed.ch\/it\/wp-json\/wp\/v2\/product\/34923\/revisions"}],"wp:featuredmedia":[{"embeddable":true,"href":"https:\/\/swixed.ch\/it\/wp-json\/wp\/v2\/media\/27936"}],"wp:attachment":[{"href":"https:\/\/swixed.ch\/it\/wp-json\/wp\/v2\/media?parent=34923"}],"wp:term":[{"taxonomy":"product_brand","embeddable":true,"href":"https:\/\/swixed.ch\/it\/wp-json\/wp\/v2\/product_brand?post=34923"},{"taxonomy":"product_cat","embeddable":true,"href":"https:\/\/swixed.ch\/it\/wp-json\/wp\/v2\/product_cat?post=34923"},{"taxonomy":"product_tag","embeddable":true,"href":"https:\/\/swixed.ch\/it\/wp-json\/wp\/v2\/product_tag?post=34923"}],"curies":[{"name":"wp","href":"https:\/\/api.w.org\/{rel}","templated":true}]}}