{"id":35068,"date":"2021-07-30T11:22:12","date_gmt":"2021-07-30T10:22:12","guid":{"rendered":"https:\/\/swixed.com\/produit\/elettrodi-smart-pads-ii-per-philips-heartstart-frx\/"},"modified":"2026-04-20T08:58:09","modified_gmt":"2026-04-20T07:58:09","slug":"sed34010","status":"publish","type":"product","link":"https:\/\/swixed.ch\/it\/prodotto\/sed34010\/","title":{"rendered":"Elettrodi per adulti Smart Pads II per Philips Heartstart FRx"},"content":{"rendered":"\t\t<div data-elementor-type=\"product-post\" data-elementor-id=\"35068\" class=\"elementor elementor-35068 elementor-6045\" data-elementor-post-type=\"product\">\n\t\t\t\t\t\t<section class=\"elementor-section elementor-top-section elementor-element elementor-element-566dfe8 elementor-section-boxed elementor-section-height-default elementor-section-height-default\" data-id=\"566dfe8\" data-element_type=\"section\" data-e-type=\"section\">\n\t\t\t\t\t\t<div class=\"elementor-container elementor-column-gap-default\">\n\t\t\t\t\t<div class=\"elementor-column elementor-col-100 elementor-top-column elementor-element elementor-element-2c4618e\" data-id=\"2c4618e\" data-element_type=\"column\" data-e-type=\"column\">\n\t\t\t<div class=\"elementor-widget-wrap elementor-element-populated\">\n\t\t\t\t\t\t<div class=\"elementor-element elementor-element-57fea7d elementor-widget elementor-widget-heading\" data-id=\"57fea7d\" data-element_type=\"widget\" data-e-type=\"widget\" data-widget_type=\"heading.default\">\n\t\t\t\t\t<h2 class=\"elementor-heading-title elementor-size-default\">Descrizione<\/h2>\t\t\t\t<\/div>\n\t\t\t\t<div class=\"elementor-element elementor-element-e0a279c elementor-widget elementor-widget-text-editor\" data-id=\"e0a279c\" data-element_type=\"widget\" data-e-type=\"widget\" data-widget_type=\"text-editor.default\">\n\t\t\t\t\t\t\t\t\t<p>Gli elettrodi Smart Pads II, appositamente progettati per il defibrillatore Philips Heartstart FRx, garantiscono un utilizzo efficace in caso di emergenza. Questi elettrodi versatili sono adatti a pazienti adulti, ma possono essere utilizzati anche per bambini e neonati grazie alla chiave per bambini\/neonati inclusa. <\/p><p>Progettati per un collegamento facile e veloce, gli Smart Pad II garantiscono un trasferimento ottimale dell&#8217;energia durante la defibrillazione, fondamentale per aumentare le possibilit\u00e0 di sopravvivenza. Sono dotate di una tecnologia avanzata che garantisce un&#8217;adesione sicura alla pelle e un rilevamento accurato dei segnali vitali. Gli elettrodi sono precollegati, quindi il defibrillatore pu\u00f2 essere attivato rapidamente, riducendo al minimo i tempi di risposta in situazioni critiche.  <\/p>\t\t\t\t\t\t\t\t<\/div>\n\t\t\t\t<div class=\"elementor-element elementor-element-32139f9 elementor-widget elementor-widget-heading\" data-id=\"32139f9\" data-element_type=\"widget\" data-e-type=\"widget\" data-widget_type=\"heading.default\">\n\t\t\t\t\t<h2 class=\"elementor-heading-title elementor-size-default\">Caratteristiche<\/h2>\t\t\t\t<\/div>\n\t\t\t\t<div class=\"elementor-element elementor-element-c796b36 elementor-widget elementor-widget-text-editor\" data-id=\"c796b36\" data-element_type=\"widget\" data-e-type=\"widget\" data-widget_type=\"text-editor.default\">\n\t\t\t\t\t\t\t\t\t<ul><li>Utilizzo per adulti, bambini e neonati<\/li><li>Compatibile con Philips Heartstart FRx<\/li><li>Chiave per bambini\/neonati inclusa<\/li><li>Tecnologia di adesione avanzata<\/li><li>Precollegato per una rapida attivazione<\/li><\/ul>\t\t\t\t\t\t\t\t<\/div>\n\t\t\t\t<div class=\"elementor-element elementor-element-5aac30a elementor-widget elementor-widget-heading\" data-id=\"5aac30a\" data-element_type=\"widget\" data-e-type=\"widget\" data-widget_type=\"heading.default\">\n\t\t\t\t\t<h2 class=\"elementor-heading-title elementor-size-default\">Contenuto<\/h2>\t\t\t\t<\/div>\n\t\t\t\t<div class=\"elementor-element elementor-element-7b9729e elementor-widget elementor-widget-text-editor\" data-id=\"7b9729e\" data-element_type=\"widget\" data-e-type=\"widget\" data-widget_type=\"text-editor.default\">\n\t\t\t\t\t\t\t\t\t<ul><li>1 coppia di elettrodi Smart Pads II per il defibrillatore Philips Heartstart FRx<\/li><li>Chiave per bambini\/neonati<\/li><\/ul>\t\t\t\t\t\t\t\t<\/div>\n\t\t\t\t\t<\/div>\n\t\t<\/div>\n\t\t\t\t\t<\/div>\n\t\t<\/section>\n\t\t\t\t<\/div>\n\t\t","protected":false},"excerpt":{"rendered":"<p>Versione per adulti degli elettrodi Smart Pads II di Philips, progettata per l\u2019uso con il defibrillatore HeartStart FRx. Forniti in una cassetta rigida, si collegano direttamente al dispositivo tramite l\u2019ingresso dedicato. Accessorio certificato CE, compatibile con il modello FRx e con alcune funzioni opzionali in base agli accessori utilizzati.  <\/p>\n","protected":false},"featured_media":28392,"template":"","meta":{"_acf_changed":false},"product_brand":[2172],"product_cat":[1470,1487],"product_tag":[4123,2745,5249,1473,2739,5248,5254,5250,5246,4009,5251,4000,5253,5247,5252],"class_list":{"0":"post-35068","1":"product","2":"type-product","3":"status-publish","4":"has-post-thumbnail","6":"product_brand-philips-it","7":"product_cat-defibrillatori","8":"product_cat-consumabili-defibrillatori","9":"product_tag-attrezzature-mediche-it","10":"product_tag-attrezzature-per-la-rianimazione-it","11":"product_tag-chiave-bambino-neonato","12":"product_tag-defibrillazione","13":"product_tag-dispositivi-medici","14":"product_tag-elettrodi-adulti-bambini","15":"product_tag-elettrodi-cardio","16":"product_tag-elettrodi-di-emergenza","17":"product_tag-elettrodi-per-defibrillatori","18":"product_tag-elettrodi-riutilizzabili","19":"product_tag-emergenza-sanitaria","20":"product_tag-philips-heartstart-frx-it","21":"product_tag-protezione-del-paziente","22":"product_tag-tappetini-intelligenti-ii","23":"product_tag-terapia-intensiva","25":"first","26":"instock","27":"sale","28":"taxable","29":"shipping-taxable","30":"purchasable","31":"product-type-simple"},"acf":[],"yoast_head":"<!-- This site is optimized with the Yoast SEO Premium plugin v27.4 (Yoast SEO v27.4) - https:\/\/yoast.com\/product\/yoast-seo-premium-wordpress\/ -->\n<title>Elettrodi per adulti Smart Pads II per Philips Heartstart FRx | Swixed SA<\/title>\n<meta name=\"description\" content=\"Elettrodi Smart Pads II per Philips Heartstart FRx, adatti per adulti, bambini e neonati con chiave specifica. Proteggi le tue procedure.\" \/>\n<meta name=\"robots\" content=\"index, follow, max-snippet:-1, max-image-preview:large, max-video-preview:-1\" \/>\n<link rel=\"canonical\" href=\"https:\/\/swixed.ch\/it\/prodotto\/sed34010\/\" \/>\n<meta property=\"og:locale\" content=\"it_IT\" \/>\n<meta property=\"og:type\" content=\"article\" \/>\n<meta property=\"og:title\" content=\"Elettrodi per adulti Smart Pads II per Philips Heartstart FRx\" \/>\n<meta property=\"og:description\" content=\"Elettrodi Smart Pads II per Philips Heartstart FRx, adatti per adulti, bambini e neonati con chiave specifica. Proteggi le tue procedure.\" \/>\n<meta property=\"og:url\" content=\"https:\/\/swixed.ch\/it\/prodotto\/sed34010\/\" \/>\n<meta property=\"og:site_name\" content=\"Swixed SA\" \/>\n<meta property=\"article:publisher\" content=\"https:\/\/www.facebook.com\/swixed\" \/>\n<meta property=\"article:modified_time\" content=\"2026-04-20T07:58:09+00:00\" \/>\n<meta property=\"og:image\" content=\"https:\/\/swixed.ch\/wp-content\/uploads\/products\/philips-heartstar-frx-electrodes-01.png\" \/>\n\t<meta property=\"og:image:width\" content=\"600\" \/>\n\t<meta property=\"og:image:height\" content=\"600\" \/>\n\t<meta property=\"og:image:type\" content=\"image\/png\" \/>\n<meta name=\"twitter:card\" content=\"summary_large_image\" \/>\n<meta name=\"twitter:label1\" content=\"Tempo di lettura stimato\" \/>\n\t<meta name=\"twitter:data1\" content=\"1 minuto\" \/>\n<script type=\"application\/ld+json\" class=\"yoast-schema-graph\">{\"@context\":\"https:\\\/\\\/schema.org\",\"@graph\":[{\"@type\":\"WebPage\",\"@id\":\"https:\\\/\\\/swixed.ch\\\/it\\\/prodotto\\\/sed34010\\\/\",\"url\":\"https:\\\/\\\/swixed.ch\\\/it\\\/prodotto\\\/sed34010\\\/\",\"name\":\"Elettrodi per adulti Smart Pads II per Philips Heartstart FRx | Swixed SA\",\"isPartOf\":{\"@id\":\"https:\\\/\\\/swixed.ch\\\/it\\\/#website\"},\"primaryImageOfPage\":{\"@id\":\"https:\\\/\\\/swixed.ch\\\/it\\\/prodotto\\\/sed34010\\\/#primaryimage\"},\"image\":{\"@id\":\"https:\\\/\\\/swixed.ch\\\/it\\\/prodotto\\\/sed34010\\\/#primaryimage\"},\"thumbnailUrl\":\"https:\\\/\\\/swixed.ch\\\/wp-content\\\/uploads\\\/products\\\/philips-heartstar-frx-electrodes-01.png\",\"datePublished\":\"2021-07-30T10:22:12+00:00\",\"dateModified\":\"2026-04-20T07:58:09+00:00\",\"description\":\"Elettrodi Smart Pads II per Philips Heartstart FRx, adatti per adulti, bambini e neonati con chiave specifica. Proteggi le tue procedure.\",\"breadcrumb\":{\"@id\":\"https:\\\/\\\/swixed.ch\\\/it\\\/prodotto\\\/sed34010\\\/#breadcrumb\"},\"inLanguage\":\"it-IT\",\"potentialAction\":[{\"@type\":\"ReadAction\",\"target\":[\"https:\\\/\\\/swixed.ch\\\/it\\\/prodotto\\\/sed34010\\\/\"]}]},{\"@type\":\"ImageObject\",\"inLanguage\":\"it-IT\",\"@id\":\"https:\\\/\\\/swixed.ch\\\/it\\\/prodotto\\\/sed34010\\\/#primaryimage\",\"url\":\"https:\\\/\\\/swixed.ch\\\/wp-content\\\/uploads\\\/products\\\/philips-heartstar-frx-electrodes-01.png\",\"contentUrl\":\"https:\\\/\\\/swixed.ch\\\/wp-content\\\/uploads\\\/products\\\/philips-heartstar-frx-electrodes-01.png\",\"width\":600,\"height\":600,\"caption\":\"philips-heartstar-frx-elettrodi-01\"},{\"@type\":\"BreadcrumbList\",\"@id\":\"https:\\\/\\\/swixed.ch\\\/it\\\/prodotto\\\/sed34010\\\/#breadcrumb\",\"itemListElement\":[{\"@type\":\"ListItem\",\"position\":1,\"name\":\"Home\",\"item\":\"https:\\\/\\\/swixed.ch\\\/it\\\/home\\\/\"},{\"@type\":\"ListItem\",\"position\":2,\"name\":\"Negozio\",\"item\":\"https:\\\/\\\/swixed.ch\\\/it\\\/shop\\\/\"},{\"@type\":\"ListItem\",\"position\":3,\"name\":\"Elettrodi per adulti Smart Pads II per Philips Heartstart FRx\"}]},{\"@type\":\"WebSite\",\"@id\":\"https:\\\/\\\/swixed.ch\\\/it\\\/#website\",\"url\":\"https:\\\/\\\/swixed.ch\\\/it\\\/\",\"name\":\"Swixed SA\",\"description\":\"Dispositivi elettronici\",\"publisher\":{\"@id\":\"https:\\\/\\\/swixed.ch\\\/it\\\/#organization\"},\"potentialAction\":[{\"@type\":\"SearchAction\",\"target\":{\"@type\":\"EntryPoint\",\"urlTemplate\":\"https:\\\/\\\/swixed.ch\\\/it\\\/?s={search_term_string}\"},\"query-input\":{\"@type\":\"PropertyValueSpecification\",\"valueRequired\":true,\"valueName\":\"search_term_string\"}}],\"inLanguage\":\"it-IT\"},{\"@type\":\"Organization\",\"@id\":\"https:\\\/\\\/swixed.ch\\\/it\\\/#organization\",\"name\":\"Swixed SA\",\"url\":\"https:\\\/\\\/swixed.ch\\\/it\\\/\",\"logo\":{\"@type\":\"ImageObject\",\"inLanguage\":\"it-IT\",\"@id\":\"https:\\\/\\\/swixed.ch\\\/it\\\/#\\\/schema\\\/logo\\\/image\\\/\",\"url\":\"https:\\\/\\\/swixed.ch\\\/wp-content\\\/uploads\\\/logos\\\/swixed-logo-lite.png\",\"contentUrl\":\"https:\\\/\\\/swixed.ch\\\/wp-content\\\/uploads\\\/logos\\\/swixed-logo-lite.png\",\"width\":696,\"height\":696,\"caption\":\"Swixed SA\"},\"image\":{\"@id\":\"https:\\\/\\\/swixed.ch\\\/it\\\/#\\\/schema\\\/logo\\\/image\\\/\"},\"sameAs\":[\"https:\\\/\\\/www.facebook.com\\\/swixed\",\"https:\\\/\\\/www.linkedin.com\\\/company\\\/swixed\",\"https:\\\/\\\/www.youtube.com\\\/@swixedsa\"],\"description\":\"Swixed SA est une entreprise suisse bas\u00e9e \u00e0 Gen\u00e8ve, sp\u00e9cialis\u00e9e dans la vente, la location et la maintenance d\u2019appareils m\u00e9dicaux professionnels, tels que d\u00e9fibrillateurs AED, \u00e9lectrocardiographes, moniteurs patient et dispositifs de diagnostic.\",\"email\":\"infoshop@swixed.ch\",\"telephone\":\"+41 22 566 11 95\",\"legalName\":\"Swixed SA\",\"foundingDate\":\"2021-03-01\",\"numberOfEmployees\":{\"@type\":\"QuantitativeValue\",\"minValue\":\"1\",\"maxValue\":\"10\"}}]}<\/script>\n<!-- \/ Yoast SEO Premium plugin. -->","yoast_head_json":{"title":"Elettrodi per adulti Smart Pads II per Philips Heartstart FRx | Swixed SA","description":"Elettrodi Smart Pads II per Philips Heartstart FRx, adatti per adulti, bambini e neonati con chiave specifica. Proteggi le tue procedure.","robots":{"index":"index","follow":"follow","max-snippet":"max-snippet:-1","max-image-preview":"max-image-preview:large","max-video-preview":"max-video-preview:-1"},"canonical":"https:\/\/swixed.ch\/it\/prodotto\/sed34010\/","og_locale":"it_IT","og_type":"article","og_title":"Elettrodi per adulti Smart Pads II per Philips Heartstart FRx","og_description":"Elettrodi Smart Pads II per Philips Heartstart FRx, adatti per adulti, bambini e neonati con chiave specifica. Proteggi le tue procedure.","og_url":"https:\/\/swixed.ch\/it\/prodotto\/sed34010\/","og_site_name":"Swixed SA","article_publisher":"https:\/\/www.facebook.com\/swixed","article_modified_time":"2026-04-20T07:58:09+00:00","og_image":[{"width":600,"height":600,"url":"https:\/\/swixed.ch\/wp-content\/uploads\/products\/philips-heartstar-frx-electrodes-01.png","type":"image\/png"}],"twitter_card":"summary_large_image","twitter_misc":{"Tempo di lettura stimato":"1 minuto"},"schema":{"@context":"https:\/\/schema.org","@graph":[{"@type":"WebPage","@id":"https:\/\/swixed.ch\/it\/prodotto\/sed34010\/","url":"https:\/\/swixed.ch\/it\/prodotto\/sed34010\/","name":"Elettrodi per adulti Smart Pads II per Philips Heartstart FRx | Swixed SA","isPartOf":{"@id":"https:\/\/swixed.ch\/it\/#website"},"primaryImageOfPage":{"@id":"https:\/\/swixed.ch\/it\/prodotto\/sed34010\/#primaryimage"},"image":{"@id":"https:\/\/swixed.ch\/it\/prodotto\/sed34010\/#primaryimage"},"thumbnailUrl":"https:\/\/swixed.ch\/wp-content\/uploads\/products\/philips-heartstar-frx-electrodes-01.png","datePublished":"2021-07-30T10:22:12+00:00","dateModified":"2026-04-20T07:58:09+00:00","description":"Elettrodi Smart Pads II per Philips Heartstart FRx, adatti per adulti, bambini e neonati con chiave specifica. Proteggi le tue procedure.","breadcrumb":{"@id":"https:\/\/swixed.ch\/it\/prodotto\/sed34010\/#breadcrumb"},"inLanguage":"it-IT","potentialAction":[{"@type":"ReadAction","target":["https:\/\/swixed.ch\/it\/prodotto\/sed34010\/"]}]},{"@type":"ImageObject","inLanguage":"it-IT","@id":"https:\/\/swixed.ch\/it\/prodotto\/sed34010\/#primaryimage","url":"https:\/\/swixed.ch\/wp-content\/uploads\/products\/philips-heartstar-frx-electrodes-01.png","contentUrl":"https:\/\/swixed.ch\/wp-content\/uploads\/products\/philips-heartstar-frx-electrodes-01.png","width":600,"height":600,"caption":"philips-heartstar-frx-elettrodi-01"},{"@type":"BreadcrumbList","@id":"https:\/\/swixed.ch\/it\/prodotto\/sed34010\/#breadcrumb","itemListElement":[{"@type":"ListItem","position":1,"name":"Home","item":"https:\/\/swixed.ch\/it\/home\/"},{"@type":"ListItem","position":2,"name":"Negozio","item":"https:\/\/swixed.ch\/it\/shop\/"},{"@type":"ListItem","position":3,"name":"Elettrodi per adulti Smart Pads II per Philips Heartstart FRx"}]},{"@type":"WebSite","@id":"https:\/\/swixed.ch\/it\/#website","url":"https:\/\/swixed.ch\/it\/","name":"Swixed SA","description":"Dispositivi elettronici","publisher":{"@id":"https:\/\/swixed.ch\/it\/#organization"},"potentialAction":[{"@type":"SearchAction","target":{"@type":"EntryPoint","urlTemplate":"https:\/\/swixed.ch\/it\/?s={search_term_string}"},"query-input":{"@type":"PropertyValueSpecification","valueRequired":true,"valueName":"search_term_string"}}],"inLanguage":"it-IT"},{"@type":"Organization","@id":"https:\/\/swixed.ch\/it\/#organization","name":"Swixed SA","url":"https:\/\/swixed.ch\/it\/","logo":{"@type":"ImageObject","inLanguage":"it-IT","@id":"https:\/\/swixed.ch\/it\/#\/schema\/logo\/image\/","url":"https:\/\/swixed.ch\/wp-content\/uploads\/logos\/swixed-logo-lite.png","contentUrl":"https:\/\/swixed.ch\/wp-content\/uploads\/logos\/swixed-logo-lite.png","width":696,"height":696,"caption":"Swixed SA"},"image":{"@id":"https:\/\/swixed.ch\/it\/#\/schema\/logo\/image\/"},"sameAs":["https:\/\/www.facebook.com\/swixed","https:\/\/www.linkedin.com\/company\/swixed","https:\/\/www.youtube.com\/@swixedsa"],"description":"Swixed SA est une entreprise suisse bas\u00e9e \u00e0 Gen\u00e8ve, sp\u00e9cialis\u00e9e dans la vente, la location et la maintenance d\u2019appareils m\u00e9dicaux professionnels, tels que d\u00e9fibrillateurs AED, \u00e9lectrocardiographes, moniteurs patient et dispositifs de diagnostic.","email":"infoshop@swixed.ch","telephone":"+41 22 566 11 95","legalName":"Swixed SA","foundingDate":"2021-03-01","numberOfEmployees":{"@type":"QuantitativeValue","minValue":"1","maxValue":"10"}}]}},"_links":{"self":[{"href":"https:\/\/swixed.ch\/it\/wp-json\/wp\/v2\/product\/35068","targetHints":{"allow":["GET"]}}],"collection":[{"href":"https:\/\/swixed.ch\/it\/wp-json\/wp\/v2\/product"}],"about":[{"href":"https:\/\/swixed.ch\/it\/wp-json\/wp\/v2\/types\/product"}],"version-history":[{"count":1,"href":"https:\/\/swixed.ch\/it\/wp-json\/wp\/v2\/product\/35068\/revisions"}],"predecessor-version":[{"id":62942,"href":"https:\/\/swixed.ch\/it\/wp-json\/wp\/v2\/product\/35068\/revisions\/62942"}],"wp:featuredmedia":[{"embeddable":true,"href":"https:\/\/swixed.ch\/it\/wp-json\/wp\/v2\/media\/28392"}],"wp:attachment":[{"href":"https:\/\/swixed.ch\/it\/wp-json\/wp\/v2\/media?parent=35068"}],"wp:term":[{"taxonomy":"product_brand","embeddable":true,"href":"https:\/\/swixed.ch\/it\/wp-json\/wp\/v2\/product_brand?post=35068"},{"taxonomy":"product_cat","embeddable":true,"href":"https:\/\/swixed.ch\/it\/wp-json\/wp\/v2\/product_cat?post=35068"},{"taxonomy":"product_tag","embeddable":true,"href":"https:\/\/swixed.ch\/it\/wp-json\/wp\/v2\/product_tag?post=35068"}],"curies":[{"name":"wp","href":"https:\/\/api.w.org\/{rel}","templated":true}]}}