{"id":35077,"date":"2021-07-29T13:57:44","date_gmt":"2021-07-29T12:57:44","guid":{"rendered":"https:\/\/swixed.com\/produit\/defisign-aivia-200-scatola-da-parete-per-esterni-con-allarme\/"},"modified":"2026-04-19T19:55:06","modified_gmt":"2026-04-19T18:55:06","slug":"sed32003","status":"publish","type":"product","link":"https:\/\/swixed.ch\/it\/prodotto\/sed32003\/","title":{"rendered":"Cassetta da parete per esterni Defisign \/ Aivia 200 con allarme"},"content":{"rendered":"\t\t<div data-elementor-type=\"product-post\" data-elementor-id=\"35077\" class=\"elementor elementor-35077 elementor-5969\" data-elementor-post-type=\"product\">\n\t\t\t\t\t\t<section class=\"elementor-section elementor-top-section elementor-element elementor-element-566dfe8 elementor-section-boxed elementor-section-height-default elementor-section-height-default\" data-id=\"566dfe8\" data-element_type=\"section\" data-e-type=\"section\">\n\t\t\t\t\t\t<div class=\"elementor-container elementor-column-gap-default\">\n\t\t\t\t\t<div class=\"elementor-column elementor-col-100 elementor-top-column elementor-element elementor-element-2c4618e\" data-id=\"2c4618e\" data-element_type=\"column\" data-e-type=\"column\">\n\t\t\t<div class=\"elementor-widget-wrap elementor-element-populated\">\n\t\t\t\t\t\t<div class=\"elementor-element elementor-element-57fea7d elementor-widget elementor-widget-heading\" data-id=\"57fea7d\" data-element_type=\"widget\" data-e-type=\"widget\" data-widget_type=\"heading.default\">\n\t\t\t\t\t<h2 class=\"elementor-heading-title elementor-size-default\">Descrizione<\/h2>\t\t\t\t<\/div>\n\t\t\t\t<div class=\"elementor-element elementor-element-e0a279c elementor-widget elementor-widget-text-editor\" data-id=\"e0a279c\" data-element_type=\"widget\" data-e-type=\"widget\" data-widget_type=\"text-editor.default\">\n\t\t\t\t\t\t\t\t\t<p>Questa <strong>cassetta da parete<\/strong> verde <strong>per esterni<\/strong> \u00e8 <strong>robusta ma leggera<\/strong>. \u00c8 composta da due parti: una base in ABS e un coperchio in policarbonato. Il coperchio in policarbonato presenta<strong>un&#8217;illustrazione della catena di sopravvivenza e tre pittogrammi che spiegano cosa fare in caso di utilizzo.<\/strong><br>Grazie al <strong>sistema di riscaldamento integrato<\/strong>, questo box pu\u00f2 essere<strong> utilizzato all&#8217;aperto. <\/strong>Questa \u00e8 la grande differenza con il modello Defisign Aivia 100, che ha le stesse caratteristiche fisiche.  <\/p><p>Questo sistema di <strong>riscaldamento integrato<\/strong> utilizza un sensore che si <strong>attiva automaticamente se viene raggiunta la soglia minima.<\/strong> In questo modo il defibrillatore viene mantenuto alla giusta temperatura anche quando fa freddo. Al contrario, l&#8217;unit\u00e0 a parete \u00e8 <strong>dotata di un sistema di ventilazione<\/strong> che riduce le temperature eccessive. Di conseguenza, puoi essere sicuro che <strong>gli elettrodi e la batteria del DAE siano operativi. E che la loro durata sia preservata.<\/strong>  <\/p><p>L&#8217;accesso al DAE \u00e8 protetto da sigilli di apertura. L&#8217;apertura del coperchio della scatola da parete attiva automaticamente un <strong>allarme visivo e un allarme acustico da 105 decibel<\/strong>. Inoltre, \u00e8 dotato di un&#8217;<strong>illuminazione permanente a LED per il tuo DAE<\/strong>. Grazie a un sensore, i LED si accendono non appena il DAE viene inserito nel box.   <\/p><p><strong>Questa scatola da parete richiede un collegamento elettrico<\/strong>. L&#8217;installazione deve essere effettuata da una <strong>persona qualificata<\/strong>. <\/p>\t\t\t\t\t\t\t\t<\/div>\n\t\t\t\t\t<\/div>\n\t\t<\/div>\n\t\t\t\t\t<\/div>\n\t\t<\/section>\n\t\t\t\t<\/div>\n\t\t","protected":false},"excerpt":{"rendered":"<p>Scatola da parete per esterni progettata per proteggere un defibrillatore in condizioni esterne. Struttura in due parti: staffa da parete in ABS e coperchio in policarbonato trasparente con pittogrammi esplicativi. Dotata di un sistema di riscaldamento integrato e di un allarme quando viene aperta. Resistente, leggera e facile da installare.   <\/p>\n","protected":false},"featured_media":28952,"template":"","meta":{"_acf_changed":false},"product_brand":[2112,2144],"product_cat":[1525,1470],"product_tag":[1527,1531,1526,1473,1476,1533,1475,1472],"class_list":{"0":"post-35077","1":"product","2":"type-product","3":"status-publish","4":"has-post-thumbnail","6":"product_brand-aivia-it","7":"product_brand-defisign-it","8":"product_cat-accessori-defibrillatori","9":"product_cat-defibrillatori","10":"product_tag-aed-it","11":"product_tag-dea-it","12":"product_tag-defibrillatore","13":"product_tag-defibrillazione","14":"product_tag-massaggio-cardiaco","15":"product_tag-mobile-it-2","16":"product_tag-rcp-it","17":"product_tag-rianimazione","19":"first","20":"instock","21":"sale","22":"taxable","23":"shipping-taxable","24":"purchasable","25":"product-type-simple"},"acf":[],"yoast_head":"<!-- This site is optimized with the Yoast SEO Premium plugin v27.4 (Yoast SEO v27.4) - https:\/\/yoast.com\/product\/yoast-seo-premium-wordpress\/ -->\n<title>Cassetta da parete per esterni Defisign \/ Aivia 200 con allarme | Swixed SA<\/title>\n<meta name=\"description\" content=\"Questa cassetta da parete verde per esterni \u00e8 robusta ma leggera. Ha una base in ABS e un coperchio in policarbonato.\" \/>\n<meta name=\"robots\" content=\"index, follow, max-snippet:-1, max-image-preview:large, max-video-preview:-1\" \/>\n<link rel=\"canonical\" href=\"https:\/\/swixed.ch\/it\/prodotto\/sed32003\/\" \/>\n<meta property=\"og:locale\" content=\"it_IT\" \/>\n<meta property=\"og:type\" content=\"article\" \/>\n<meta property=\"og:title\" content=\"Cassetta da parete per esterni Defisign \/ Aivia 200 con allarme\" \/>\n<meta property=\"og:description\" content=\"Questa cassetta da parete verde per esterni \u00e8 robusta ma leggera. Ha una base in ABS e un coperchio in policarbonato.\" \/>\n<meta property=\"og:url\" content=\"https:\/\/swixed.ch\/it\/prodotto\/sed32003\/\" \/>\n<meta property=\"og:site_name\" content=\"Swixed SA\" \/>\n<meta property=\"article:publisher\" content=\"https:\/\/www.facebook.com\/swixed\" \/>\n<meta property=\"article:modified_time\" content=\"2026-04-19T18:55:06+00:00\" \/>\n<meta property=\"og:image\" content=\"https:\/\/swixed.ch\/wp-content\/uploads\/products\/aivia-200-armoire-defibrillateurs-01a.png\" \/>\n\t<meta property=\"og:image:width\" content=\"600\" \/>\n\t<meta property=\"og:image:height\" content=\"600\" \/>\n\t<meta property=\"og:image:type\" content=\"image\/png\" \/>\n<meta name=\"twitter:card\" content=\"summary_large_image\" \/>\n<meta name=\"twitter:label1\" content=\"Tempo di lettura stimato\" \/>\n\t<meta name=\"twitter:data1\" content=\"1 minuto\" \/>\n<script type=\"application\/ld+json\" class=\"yoast-schema-graph\">{\"@context\":\"https:\\\/\\\/schema.org\",\"@graph\":[{\"@type\":\"WebPage\",\"@id\":\"https:\\\/\\\/swixed.ch\\\/it\\\/prodotto\\\/sed32003\\\/\",\"url\":\"https:\\\/\\\/swixed.ch\\\/it\\\/prodotto\\\/sed32003\\\/\",\"name\":\"Cassetta da parete per esterni Defisign \\\/ Aivia 200 con allarme | Swixed SA\",\"isPartOf\":{\"@id\":\"https:\\\/\\\/swixed.ch\\\/it\\\/#website\"},\"primaryImageOfPage\":{\"@id\":\"https:\\\/\\\/swixed.ch\\\/it\\\/prodotto\\\/sed32003\\\/#primaryimage\"},\"image\":{\"@id\":\"https:\\\/\\\/swixed.ch\\\/it\\\/prodotto\\\/sed32003\\\/#primaryimage\"},\"thumbnailUrl\":\"https:\\\/\\\/swixed.ch\\\/wp-content\\\/uploads\\\/products\\\/aivia-200-armoire-defibrillateurs-01a.png\",\"datePublished\":\"2021-07-29T12:57:44+00:00\",\"dateModified\":\"2026-04-19T18:55:06+00:00\",\"description\":\"Questa cassetta da parete verde per esterni \u00e8 robusta ma leggera. Ha una base in ABS e un coperchio in policarbonato.\",\"breadcrumb\":{\"@id\":\"https:\\\/\\\/swixed.ch\\\/it\\\/prodotto\\\/sed32003\\\/#breadcrumb\"},\"inLanguage\":\"it-IT\",\"potentialAction\":[{\"@type\":\"ReadAction\",\"target\":[\"https:\\\/\\\/swixed.ch\\\/it\\\/prodotto\\\/sed32003\\\/\"]}]},{\"@type\":\"ImageObject\",\"inLanguage\":\"it-IT\",\"@id\":\"https:\\\/\\\/swixed.ch\\\/it\\\/prodotto\\\/sed32003\\\/#primaryimage\",\"url\":\"https:\\\/\\\/swixed.ch\\\/wp-content\\\/uploads\\\/products\\\/aivia-200-armoire-defibrillateurs-01a.png\",\"contentUrl\":\"https:\\\/\\\/swixed.ch\\\/wp-content\\\/uploads\\\/products\\\/aivia-200-armoire-defibrillateurs-01a.png\",\"width\":600,\"height\":600,\"caption\":\"aivia-200-fibrillatore-armadio-01a\"},{\"@type\":\"BreadcrumbList\",\"@id\":\"https:\\\/\\\/swixed.ch\\\/it\\\/prodotto\\\/sed32003\\\/#breadcrumb\",\"itemListElement\":[{\"@type\":\"ListItem\",\"position\":1,\"name\":\"Home\",\"item\":\"https:\\\/\\\/swixed.ch\\\/it\\\/home\\\/\"},{\"@type\":\"ListItem\",\"position\":2,\"name\":\"Negozio\",\"item\":\"https:\\\/\\\/swixed.ch\\\/it\\\/shop\\\/\"},{\"@type\":\"ListItem\",\"position\":3,\"name\":\"Cassetta da parete per esterni Defisign \\\/ Aivia 200 con allarme\"}]},{\"@type\":\"WebSite\",\"@id\":\"https:\\\/\\\/swixed.ch\\\/it\\\/#website\",\"url\":\"https:\\\/\\\/swixed.ch\\\/it\\\/\",\"name\":\"Swixed SA\",\"description\":\"Dispositivi elettronici\",\"publisher\":{\"@id\":\"https:\\\/\\\/swixed.ch\\\/it\\\/#organization\"},\"potentialAction\":[{\"@type\":\"SearchAction\",\"target\":{\"@type\":\"EntryPoint\",\"urlTemplate\":\"https:\\\/\\\/swixed.ch\\\/it\\\/?s={search_term_string}\"},\"query-input\":{\"@type\":\"PropertyValueSpecification\",\"valueRequired\":true,\"valueName\":\"search_term_string\"}}],\"inLanguage\":\"it-IT\"},{\"@type\":\"Organization\",\"@id\":\"https:\\\/\\\/swixed.ch\\\/it\\\/#organization\",\"name\":\"Swixed SA\",\"url\":\"https:\\\/\\\/swixed.ch\\\/it\\\/\",\"logo\":{\"@type\":\"ImageObject\",\"inLanguage\":\"it-IT\",\"@id\":\"https:\\\/\\\/swixed.ch\\\/it\\\/#\\\/schema\\\/logo\\\/image\\\/\",\"url\":\"https:\\\/\\\/swixed.ch\\\/wp-content\\\/uploads\\\/logos\\\/swixed-logo-lite.png\",\"contentUrl\":\"https:\\\/\\\/swixed.ch\\\/wp-content\\\/uploads\\\/logos\\\/swixed-logo-lite.png\",\"width\":696,\"height\":696,\"caption\":\"Swixed SA\"},\"image\":{\"@id\":\"https:\\\/\\\/swixed.ch\\\/it\\\/#\\\/schema\\\/logo\\\/image\\\/\"},\"sameAs\":[\"https:\\\/\\\/www.facebook.com\\\/swixed\",\"https:\\\/\\\/www.linkedin.com\\\/company\\\/swixed\",\"https:\\\/\\\/www.youtube.com\\\/@swixedsa\"],\"description\":\"Swixed SA est une entreprise suisse bas\u00e9e \u00e0 Gen\u00e8ve, sp\u00e9cialis\u00e9e dans la vente, la location et la maintenance d\u2019appareils m\u00e9dicaux professionnels, tels que d\u00e9fibrillateurs AED, \u00e9lectrocardiographes, moniteurs patient et dispositifs de diagnostic.\",\"email\":\"infoshop@swixed.ch\",\"telephone\":\"+41 22 566 11 95\",\"legalName\":\"Swixed SA\",\"foundingDate\":\"2021-03-01\",\"numberOfEmployees\":{\"@type\":\"QuantitativeValue\",\"minValue\":\"1\",\"maxValue\":\"10\"}}]}<\/script>\n<!-- \/ Yoast SEO Premium plugin. -->","yoast_head_json":{"title":"Cassetta da parete per esterni Defisign \/ Aivia 200 con allarme | Swixed SA","description":"Questa cassetta da parete verde per esterni \u00e8 robusta ma leggera. Ha una base in ABS e un coperchio in policarbonato.","robots":{"index":"index","follow":"follow","max-snippet":"max-snippet:-1","max-image-preview":"max-image-preview:large","max-video-preview":"max-video-preview:-1"},"canonical":"https:\/\/swixed.ch\/it\/prodotto\/sed32003\/","og_locale":"it_IT","og_type":"article","og_title":"Cassetta da parete per esterni Defisign \/ Aivia 200 con allarme","og_description":"Questa cassetta da parete verde per esterni \u00e8 robusta ma leggera. Ha una base in ABS e un coperchio in policarbonato.","og_url":"https:\/\/swixed.ch\/it\/prodotto\/sed32003\/","og_site_name":"Swixed SA","article_publisher":"https:\/\/www.facebook.com\/swixed","article_modified_time":"2026-04-19T18:55:06+00:00","og_image":[{"width":600,"height":600,"url":"https:\/\/swixed.ch\/wp-content\/uploads\/products\/aivia-200-armoire-defibrillateurs-01a.png","type":"image\/png"}],"twitter_card":"summary_large_image","twitter_misc":{"Tempo di lettura stimato":"1 minuto"},"schema":{"@context":"https:\/\/schema.org","@graph":[{"@type":"WebPage","@id":"https:\/\/swixed.ch\/it\/prodotto\/sed32003\/","url":"https:\/\/swixed.ch\/it\/prodotto\/sed32003\/","name":"Cassetta da parete per esterni Defisign \/ Aivia 200 con allarme | Swixed SA","isPartOf":{"@id":"https:\/\/swixed.ch\/it\/#website"},"primaryImageOfPage":{"@id":"https:\/\/swixed.ch\/it\/prodotto\/sed32003\/#primaryimage"},"image":{"@id":"https:\/\/swixed.ch\/it\/prodotto\/sed32003\/#primaryimage"},"thumbnailUrl":"https:\/\/swixed.ch\/wp-content\/uploads\/products\/aivia-200-armoire-defibrillateurs-01a.png","datePublished":"2021-07-29T12:57:44+00:00","dateModified":"2026-04-19T18:55:06+00:00","description":"Questa cassetta da parete verde per esterni \u00e8 robusta ma leggera. Ha una base in ABS e un coperchio in policarbonato.","breadcrumb":{"@id":"https:\/\/swixed.ch\/it\/prodotto\/sed32003\/#breadcrumb"},"inLanguage":"it-IT","potentialAction":[{"@type":"ReadAction","target":["https:\/\/swixed.ch\/it\/prodotto\/sed32003\/"]}]},{"@type":"ImageObject","inLanguage":"it-IT","@id":"https:\/\/swixed.ch\/it\/prodotto\/sed32003\/#primaryimage","url":"https:\/\/swixed.ch\/wp-content\/uploads\/products\/aivia-200-armoire-defibrillateurs-01a.png","contentUrl":"https:\/\/swixed.ch\/wp-content\/uploads\/products\/aivia-200-armoire-defibrillateurs-01a.png","width":600,"height":600,"caption":"aivia-200-fibrillatore-armadio-01a"},{"@type":"BreadcrumbList","@id":"https:\/\/swixed.ch\/it\/prodotto\/sed32003\/#breadcrumb","itemListElement":[{"@type":"ListItem","position":1,"name":"Home","item":"https:\/\/swixed.ch\/it\/home\/"},{"@type":"ListItem","position":2,"name":"Negozio","item":"https:\/\/swixed.ch\/it\/shop\/"},{"@type":"ListItem","position":3,"name":"Cassetta da parete per esterni Defisign \/ Aivia 200 con allarme"}]},{"@type":"WebSite","@id":"https:\/\/swixed.ch\/it\/#website","url":"https:\/\/swixed.ch\/it\/","name":"Swixed SA","description":"Dispositivi elettronici","publisher":{"@id":"https:\/\/swixed.ch\/it\/#organization"},"potentialAction":[{"@type":"SearchAction","target":{"@type":"EntryPoint","urlTemplate":"https:\/\/swixed.ch\/it\/?s={search_term_string}"},"query-input":{"@type":"PropertyValueSpecification","valueRequired":true,"valueName":"search_term_string"}}],"inLanguage":"it-IT"},{"@type":"Organization","@id":"https:\/\/swixed.ch\/it\/#organization","name":"Swixed SA","url":"https:\/\/swixed.ch\/it\/","logo":{"@type":"ImageObject","inLanguage":"it-IT","@id":"https:\/\/swixed.ch\/it\/#\/schema\/logo\/image\/","url":"https:\/\/swixed.ch\/wp-content\/uploads\/logos\/swixed-logo-lite.png","contentUrl":"https:\/\/swixed.ch\/wp-content\/uploads\/logos\/swixed-logo-lite.png","width":696,"height":696,"caption":"Swixed SA"},"image":{"@id":"https:\/\/swixed.ch\/it\/#\/schema\/logo\/image\/"},"sameAs":["https:\/\/www.facebook.com\/swixed","https:\/\/www.linkedin.com\/company\/swixed","https:\/\/www.youtube.com\/@swixedsa"],"description":"Swixed SA est une entreprise suisse bas\u00e9e \u00e0 Gen\u00e8ve, sp\u00e9cialis\u00e9e dans la vente, la location et la maintenance d\u2019appareils m\u00e9dicaux professionnels, tels que d\u00e9fibrillateurs AED, \u00e9lectrocardiographes, moniteurs patient et dispositifs de diagnostic.","email":"infoshop@swixed.ch","telephone":"+41 22 566 11 95","legalName":"Swixed SA","foundingDate":"2021-03-01","numberOfEmployees":{"@type":"QuantitativeValue","minValue":"1","maxValue":"10"}}]}},"_links":{"self":[{"href":"https:\/\/swixed.ch\/it\/wp-json\/wp\/v2\/product\/35077","targetHints":{"allow":["GET"]}}],"collection":[{"href":"https:\/\/swixed.ch\/it\/wp-json\/wp\/v2\/product"}],"about":[{"href":"https:\/\/swixed.ch\/it\/wp-json\/wp\/v2\/types\/product"}],"version-history":[{"count":1,"href":"https:\/\/swixed.ch\/it\/wp-json\/wp\/v2\/product\/35077\/revisions"}],"predecessor-version":[{"id":62906,"href":"https:\/\/swixed.ch\/it\/wp-json\/wp\/v2\/product\/35077\/revisions\/62906"}],"wp:featuredmedia":[{"embeddable":true,"href":"https:\/\/swixed.ch\/it\/wp-json\/wp\/v2\/media\/28952"}],"wp:attachment":[{"href":"https:\/\/swixed.ch\/it\/wp-json\/wp\/v2\/media?parent=35077"}],"wp:term":[{"taxonomy":"product_brand","embeddable":true,"href":"https:\/\/swixed.ch\/it\/wp-json\/wp\/v2\/product_brand?post=35077"},{"taxonomy":"product_cat","embeddable":true,"href":"https:\/\/swixed.ch\/it\/wp-json\/wp\/v2\/product_cat?post=35077"},{"taxonomy":"product_tag","embeddable":true,"href":"https:\/\/swixed.ch\/it\/wp-json\/wp\/v2\/product_tag?post=35077"}],"curies":[{"name":"wp","href":"https:\/\/api.w.org\/{rel}","templated":true}]}}