{"id":35314,"date":"2022-07-07T12:14:40","date_gmt":"2022-07-07T11:14:40","guid":{"rendered":"https:\/\/swixed.com\/produit\/elettrodi-per-adulti-per-il-defibrillatore-cu-medical-i-pad-sp1\/"},"modified":"2026-04-20T09:07:19","modified_gmt":"2026-04-20T08:07:19","slug":"sed34015","status":"publish","type":"product","link":"https:\/\/swixed.ch\/it\/prodotto\/sed34015\/","title":{"rendered":"Elettrodi per adulti per defibrillatore CU Medical I-PAD SP1"},"content":{"rendered":"\t\t<div data-elementor-type=\"product-post\" data-elementor-id=\"35314\" class=\"elementor elementor-35314 elementor-13025\" data-elementor-post-type=\"product\">\n\t\t\t\t\t\t<section class=\"elementor-section elementor-top-section elementor-element elementor-element-566dfe8 elementor-section-boxed elementor-section-height-default elementor-section-height-default\" data-id=\"566dfe8\" data-element_type=\"section\" data-e-type=\"section\">\n\t\t\t\t\t\t<div class=\"elementor-container elementor-column-gap-default\">\n\t\t\t\t\t<div class=\"elementor-column elementor-col-100 elementor-top-column elementor-element elementor-element-2c4618e\" data-id=\"2c4618e\" data-element_type=\"column\" data-e-type=\"column\">\n\t\t\t<div class=\"elementor-widget-wrap elementor-element-populated\">\n\t\t\t\t\t\t<div class=\"elementor-element elementor-element-57fea7d elementor-widget elementor-widget-heading\" data-id=\"57fea7d\" data-element_type=\"widget\" data-e-type=\"widget\" data-widget_type=\"heading.default\">\n\t\t\t\t\t<h2 class=\"elementor-heading-title elementor-size-default\">Descrizione<\/h2>\t\t\t\t<\/div>\n\t\t\t\t<div class=\"elementor-element elementor-element-e0a279c elementor-widget elementor-widget-text-editor\" data-id=\"e0a279c\" data-element_type=\"widget\" data-e-type=\"widget\" data-widget_type=\"text-editor.default\">\n\t\t\t\t\t\t\t\t\t<p>Gli <strong>elettrodi per adulti<\/strong> del defibrillatore<strong> CU Medical i-PAD SP1 sono precollegati<\/strong>, quindi possono essere collegati al defibrillatore in anticipo per risparmiare tempo prezioso per il soccorso. \u00c8 previsto uno spazio per riporre correttamente gli elettrodi nel defibrillatore.<\/p><p>Gli elettrodi per adulti dell&#8217;i-PAD SP1<strong> possono essere utilizzati anche sui bambini<\/strong>. Tuttavia, il protocollo di rianimazione cardiaca si avvia quando viene attivata la modalit\u00e0 pediatrica del defibrillatore. La<strong> potenza delle scosse sar\u00e0 poi ridotta a 50 joule<\/strong> per adattarsi alla vittima.<\/p>\t\t\t\t\t\t\t\t<\/div>\n\t\t\t\t<div class=\"elementor-element elementor-element-268eb65 elementor-widget elementor-widget-heading\" data-id=\"268eb65\" data-element_type=\"widget\" data-e-type=\"widget\" data-widget_type=\"heading.default\">\n\t\t\t\t\t<h3 class=\"elementor-heading-title elementor-size-default\">Durata di vita degli elettrodi per CU Medical I-PAD SP1<\/h3>\t\t\t\t<\/div>\n\t\t\t\t<div class=\"elementor-element elementor-element-845bc69 elementor-widget elementor-widget-text-editor\" data-id=\"845bc69\" data-element_type=\"widget\" data-e-type=\"widget\" data-widget_type=\"text-editor.default\">\n\t\t\t\t\t\t\t\t\t<p>Gli elettrodi i-PAD SP1 hanno una durata di conservazione di <strong>24-28 mesi<\/strong>. La data di scadenza \u00e8 riportata sull&#8217;adesivo posto sul retro della confezione.<\/p><p>Gli elettrodi hanno una data di scadenza a causa del gel conduttivo che contengono. Questo gel pu\u00f2 seccarsi con il tempo. Una volta scaduti, gli elettrodi non possono pi\u00f9 essere utilizzati. Per questo motivo \u00e8 importante avere sempre un nuovo set di elettrodi con una data di scadenza non superata.<\/p>\t\t\t\t\t\t\t\t<\/div>\n\t\t\t\t<div class=\"elementor-element elementor-element-3fcdb97 elementor-widget elementor-widget-heading\" data-id=\"3fcdb97\" data-element_type=\"widget\" data-e-type=\"widget\" data-widget_type=\"heading.default\">\n\t\t\t\t\t<h3 class=\"elementor-heading-title elementor-size-default\">Posizionamento degli elettrodi su un bambino<\/h3>\t\t\t\t<\/div>\n\t\t\t\t<div class=\"elementor-element elementor-element-35c9ed3 elementor-widget elementor-widget-text-editor\" data-id=\"35c9ed3\" data-element_type=\"widget\" data-e-type=\"widget\" data-widget_type=\"text-editor.default\">\n\t\t\t\t\t\t\t\t\t<p>Il <strong>posizionamento degli elettrodi su un bambino \u00e8 diverso da quello su un adulto<\/strong>. Posizionare un elettrodo sul petto e l&#8217;altro tra le scapole. Sebbene gli elettrodi per adulti siano adatti alla rianimazione dei bambini, \u00e8 preferibile utilizzare elettrodi pediatrici, che si adattano meglio alla morfologia dei bambini pi\u00f9 piccoli.<\/p>\t\t\t\t\t\t\t\t<\/div>\n\t\t\t\t<div class=\"elementor-element elementor-element-bdb98e0 elementor-widget elementor-widget-heading\" data-id=\"bdb98e0\" data-element_type=\"widget\" data-e-type=\"widget\" data-widget_type=\"heading.default\">\n\t\t\t\t\t<h3 class=\"elementor-heading-title elementor-size-default\">Posizionamento degli elettrodi su un adulto<\/h3>\t\t\t\t<\/div>\n\t\t\t\t<div class=\"elementor-element elementor-element-b752072 elementor-widget elementor-widget-image\" data-id=\"b752072\" data-element_type=\"widget\" data-e-type=\"widget\" data-widget_type=\"image.default\">\n\t\t\t\t\t\t\t\t\t\t\t\t\t\t\t<img decoding=\"async\" width=\"284\" height=\"142\" src=\"https:\/\/swixed.ch\/wp-content\/uploads\/other\/defibrillator-installation-scheme.png\" class=\"attachment-large size-large wp-image-30884\" alt=\"schema di installazione dei defibrillatori\" srcset=\"https:\/\/swixed.ch\/wp-content\/uploads\/other\/defibrillator-installation-scheme.png 284w, https:\/\/swixed.ch\/wp-content\/uploads\/other\/defibrillator-installation-scheme-64x32.png 64w\" sizes=\"(max-width: 284px) 100vw, 284px\" \/>\t\t\t\t\t\t\t\t\t\t\t\t\t\t\t<\/div>\n\t\t\t\t<div class=\"elementor-element elementor-element-48d62c2 elementor-widget elementor-widget-heading\" data-id=\"48d62c2\" data-element_type=\"widget\" data-e-type=\"widget\" data-widget_type=\"heading.default\">\n\t\t\t\t\t<h3 class=\"elementor-heading-title elementor-size-default\">Compatibile con i defibrillatori<\/h3>\t\t\t\t<\/div>\n\t\t\t\t<div class=\"elementor-element elementor-element-1fb0716 elementor-widget elementor-widget-text-editor\" data-id=\"1fb0716\" data-element_type=\"widget\" data-e-type=\"widget\" data-widget_type=\"text-editor.default\">\n\t\t\t\t\t\t\t\t\t<ul><li>CU Medical i-PAD SP1<\/li><li>CU Medical i-PAD SP1 Plus<\/li><li>CU Medical i-PAD SP1 AUTO<\/li><li>CU Medical i-PAD SP2<\/li><li>Colson DEF-NSI<\/li><\/ul>\t\t\t\t\t\t\t\t<\/div>\n\t\t\t\t\t<\/div>\n\t\t<\/div>\n\t\t\t\t\t<\/div>\n\t\t<\/section>\n\t\t\t\t<\/div>\n\t\t","protected":false},"excerpt":{"rendered":"<p>Elettrodi di ricambio compatibili con i defibrillatori CU Medical I-PAD SP1, SP1 Plus, SP1 AUTO, SP2 e Colson DEF-NSI. Forniti in cartuccia rigida, pre-collegati, monouso e certificati CE in conformit\u00e0 alle specifiche del produttore. <\/p>\n","protected":false},"featured_media":29460,"template":"","meta":{"_acf_changed":false},"product_brand":[2078],"product_cat":[1470,1487],"product_tag":[1527,1473,1549,1475,1472],"class_list":{"0":"post-35314","1":"product","2":"type-product","3":"status-publish","4":"has-post-thumbnail","6":"product_brand-cu-medical-systems-it","7":"product_cat-defibrillatori","8":"product_cat-consumabili-defibrillatori","9":"product_tag-aed-it","10":"product_tag-defibrillazione","11":"product_tag-elctrodi","12":"product_tag-rcp-it","13":"product_tag-rianimazione","15":"first","16":"instock","17":"taxable","18":"shipping-taxable","19":"purchasable","20":"product-type-simple"},"acf":[],"yoast_head":"<!-- This site is optimized with the Yoast SEO Premium plugin v27.4 (Yoast SEO v27.4) - https:\/\/yoast.com\/product\/yoast-seo-premium-wordpress\/ -->\n<title>Elettrodi per adulti per defibrillatore CU Medical I-PAD SP1 | Swixed SA<\/title>\n<meta name=\"description\" content=\"Batteria per defibrillatori Schiller Fred easy e Schiller Fred easy Life. Batteria non ricaricabile, durata circa 5 anni.\" \/>\n<meta name=\"robots\" content=\"index, follow, max-snippet:-1, max-image-preview:large, max-video-preview:-1\" \/>\n<link rel=\"canonical\" href=\"https:\/\/swixed.ch\/it\/prodotto\/sed34015\/\" \/>\n<meta property=\"og:locale\" content=\"it_IT\" \/>\n<meta property=\"og:type\" content=\"article\" \/>\n<meta property=\"og:title\" content=\"Elettrodi per adulti per defibrillatore CU Medical I-PAD SP1\" \/>\n<meta property=\"og:description\" content=\"Batteria per defibrillatori Schiller Fred easy e Schiller Fred easy Life. Batteria non ricaricabile, durata circa 5 anni.\" \/>\n<meta property=\"og:url\" content=\"https:\/\/swixed.ch\/it\/prodotto\/sed34015\/\" \/>\n<meta property=\"og:site_name\" content=\"Swixed SA\" \/>\n<meta property=\"article:publisher\" content=\"https:\/\/www.facebook.com\/swixed\" \/>\n<meta property=\"article:modified_time\" content=\"2026-04-20T08:07:19+00:00\" \/>\n<meta property=\"og:image\" content=\"https:\/\/swixed.ch\/wp-content\/uploads\/products\/cu-system-ipad-cu-sp1-electrodes-adultes-02.png\" \/>\n\t<meta property=\"og:image:width\" content=\"600\" \/>\n\t<meta property=\"og:image:height\" content=\"600\" \/>\n\t<meta property=\"og:image:type\" content=\"image\/png\" \/>\n<meta name=\"twitter:card\" content=\"summary_large_image\" \/>\n<meta name=\"twitter:label1\" content=\"Tempo di lettura stimato\" \/>\n\t<meta name=\"twitter:data1\" content=\"1 minuto\" \/>\n<script type=\"application\/ld+json\" class=\"yoast-schema-graph\">{\"@context\":\"https:\\\/\\\/schema.org\",\"@graph\":[{\"@type\":\"WebPage\",\"@id\":\"https:\\\/\\\/swixed.ch\\\/it\\\/prodotto\\\/sed34015\\\/\",\"url\":\"https:\\\/\\\/swixed.ch\\\/it\\\/prodotto\\\/sed34015\\\/\",\"name\":\"Elettrodi per adulti per defibrillatore CU Medical I-PAD SP1 | Swixed SA\",\"isPartOf\":{\"@id\":\"https:\\\/\\\/swixed.ch\\\/it\\\/#website\"},\"primaryImageOfPage\":{\"@id\":\"https:\\\/\\\/swixed.ch\\\/it\\\/prodotto\\\/sed34015\\\/#primaryimage\"},\"image\":{\"@id\":\"https:\\\/\\\/swixed.ch\\\/it\\\/prodotto\\\/sed34015\\\/#primaryimage\"},\"thumbnailUrl\":\"https:\\\/\\\/swixed.ch\\\/wp-content\\\/uploads\\\/products\\\/cu-system-ipad-cu-sp1-electrodes-adultes-02.png\",\"datePublished\":\"2022-07-07T11:14:40+00:00\",\"dateModified\":\"2026-04-20T08:07:19+00:00\",\"description\":\"Batteria per defibrillatori Schiller Fred easy e Schiller Fred easy Life. Batteria non ricaricabile, durata circa 5 anni.\",\"breadcrumb\":{\"@id\":\"https:\\\/\\\/swixed.ch\\\/it\\\/prodotto\\\/sed34015\\\/#breadcrumb\"},\"inLanguage\":\"it-IT\",\"potentialAction\":[{\"@type\":\"ReadAction\",\"target\":[\"https:\\\/\\\/swixed.ch\\\/it\\\/prodotto\\\/sed34015\\\/\"]}]},{\"@type\":\"ImageObject\",\"inLanguage\":\"it-IT\",\"@id\":\"https:\\\/\\\/swixed.ch\\\/it\\\/prodotto\\\/sed34015\\\/#primaryimage\",\"url\":\"https:\\\/\\\/swixed.ch\\\/wp-content\\\/uploads\\\/products\\\/cu-system-ipad-cu-sp1-electrodes-adultes-02.png\",\"contentUrl\":\"https:\\\/\\\/swixed.ch\\\/wp-content\\\/uploads\\\/products\\\/cu-system-ipad-cu-sp1-electrodes-adultes-02.png\",\"width\":600,\"height\":600,\"caption\":\"Elettrodi per adulti per il defibrillatore CU Medical I-PAD SP1\"},{\"@type\":\"BreadcrumbList\",\"@id\":\"https:\\\/\\\/swixed.ch\\\/it\\\/prodotto\\\/sed34015\\\/#breadcrumb\",\"itemListElement\":[{\"@type\":\"ListItem\",\"position\":1,\"name\":\"Home\",\"item\":\"https:\\\/\\\/swixed.ch\\\/it\\\/home\\\/\"},{\"@type\":\"ListItem\",\"position\":2,\"name\":\"Negozio\",\"item\":\"https:\\\/\\\/swixed.ch\\\/it\\\/shop\\\/\"},{\"@type\":\"ListItem\",\"position\":3,\"name\":\"Elettrodi per adulti per defibrillatore CU Medical I-PAD SP1\"}]},{\"@type\":\"WebSite\",\"@id\":\"https:\\\/\\\/swixed.ch\\\/it\\\/#website\",\"url\":\"https:\\\/\\\/swixed.ch\\\/it\\\/\",\"name\":\"Swixed SA\",\"description\":\"Dispositivi elettronici\",\"publisher\":{\"@id\":\"https:\\\/\\\/swixed.ch\\\/it\\\/#organization\"},\"potentialAction\":[{\"@type\":\"SearchAction\",\"target\":{\"@type\":\"EntryPoint\",\"urlTemplate\":\"https:\\\/\\\/swixed.ch\\\/it\\\/?s={search_term_string}\"},\"query-input\":{\"@type\":\"PropertyValueSpecification\",\"valueRequired\":true,\"valueName\":\"search_term_string\"}}],\"inLanguage\":\"it-IT\"},{\"@type\":\"Organization\",\"@id\":\"https:\\\/\\\/swixed.ch\\\/it\\\/#organization\",\"name\":\"Swixed SA\",\"url\":\"https:\\\/\\\/swixed.ch\\\/it\\\/\",\"logo\":{\"@type\":\"ImageObject\",\"inLanguage\":\"it-IT\",\"@id\":\"https:\\\/\\\/swixed.ch\\\/it\\\/#\\\/schema\\\/logo\\\/image\\\/\",\"url\":\"https:\\\/\\\/swixed.ch\\\/wp-content\\\/uploads\\\/logos\\\/swixed-logo-lite.png\",\"contentUrl\":\"https:\\\/\\\/swixed.ch\\\/wp-content\\\/uploads\\\/logos\\\/swixed-logo-lite.png\",\"width\":696,\"height\":696,\"caption\":\"Swixed SA\"},\"image\":{\"@id\":\"https:\\\/\\\/swixed.ch\\\/it\\\/#\\\/schema\\\/logo\\\/image\\\/\"},\"sameAs\":[\"https:\\\/\\\/www.facebook.com\\\/swixed\",\"https:\\\/\\\/www.linkedin.com\\\/company\\\/swixed\",\"https:\\\/\\\/www.youtube.com\\\/@swixedsa\"],\"description\":\"Swixed SA est une entreprise suisse bas\u00e9e \u00e0 Gen\u00e8ve, sp\u00e9cialis\u00e9e dans la vente, la location et la maintenance d\u2019appareils m\u00e9dicaux professionnels, tels que d\u00e9fibrillateurs AED, \u00e9lectrocardiographes, moniteurs patient et dispositifs de diagnostic.\",\"email\":\"infoshop@swixed.ch\",\"telephone\":\"+41 22 566 11 95\",\"legalName\":\"Swixed SA\",\"foundingDate\":\"2021-03-01\",\"numberOfEmployees\":{\"@type\":\"QuantitativeValue\",\"minValue\":\"1\",\"maxValue\":\"10\"}}]}<\/script>\n<!-- \/ Yoast SEO Premium plugin. -->","yoast_head_json":{"title":"Elettrodi per adulti per defibrillatore CU Medical I-PAD SP1 | Swixed SA","description":"Batteria per defibrillatori Schiller Fred easy e Schiller Fred easy Life. Batteria non ricaricabile, durata circa 5 anni.","robots":{"index":"index","follow":"follow","max-snippet":"max-snippet:-1","max-image-preview":"max-image-preview:large","max-video-preview":"max-video-preview:-1"},"canonical":"https:\/\/swixed.ch\/it\/prodotto\/sed34015\/","og_locale":"it_IT","og_type":"article","og_title":"Elettrodi per adulti per defibrillatore CU Medical I-PAD SP1","og_description":"Batteria per defibrillatori Schiller Fred easy e Schiller Fred easy Life. Batteria non ricaricabile, durata circa 5 anni.","og_url":"https:\/\/swixed.ch\/it\/prodotto\/sed34015\/","og_site_name":"Swixed SA","article_publisher":"https:\/\/www.facebook.com\/swixed","article_modified_time":"2026-04-20T08:07:19+00:00","og_image":[{"width":600,"height":600,"url":"https:\/\/swixed.ch\/wp-content\/uploads\/products\/cu-system-ipad-cu-sp1-electrodes-adultes-02.png","type":"image\/png"}],"twitter_card":"summary_large_image","twitter_misc":{"Tempo di lettura stimato":"1 minuto"},"schema":{"@context":"https:\/\/schema.org","@graph":[{"@type":"WebPage","@id":"https:\/\/swixed.ch\/it\/prodotto\/sed34015\/","url":"https:\/\/swixed.ch\/it\/prodotto\/sed34015\/","name":"Elettrodi per adulti per defibrillatore CU Medical I-PAD SP1 | Swixed SA","isPartOf":{"@id":"https:\/\/swixed.ch\/it\/#website"},"primaryImageOfPage":{"@id":"https:\/\/swixed.ch\/it\/prodotto\/sed34015\/#primaryimage"},"image":{"@id":"https:\/\/swixed.ch\/it\/prodotto\/sed34015\/#primaryimage"},"thumbnailUrl":"https:\/\/swixed.ch\/wp-content\/uploads\/products\/cu-system-ipad-cu-sp1-electrodes-adultes-02.png","datePublished":"2022-07-07T11:14:40+00:00","dateModified":"2026-04-20T08:07:19+00:00","description":"Batteria per defibrillatori Schiller Fred easy e Schiller Fred easy Life. Batteria non ricaricabile, durata circa 5 anni.","breadcrumb":{"@id":"https:\/\/swixed.ch\/it\/prodotto\/sed34015\/#breadcrumb"},"inLanguage":"it-IT","potentialAction":[{"@type":"ReadAction","target":["https:\/\/swixed.ch\/it\/prodotto\/sed34015\/"]}]},{"@type":"ImageObject","inLanguage":"it-IT","@id":"https:\/\/swixed.ch\/it\/prodotto\/sed34015\/#primaryimage","url":"https:\/\/swixed.ch\/wp-content\/uploads\/products\/cu-system-ipad-cu-sp1-electrodes-adultes-02.png","contentUrl":"https:\/\/swixed.ch\/wp-content\/uploads\/products\/cu-system-ipad-cu-sp1-electrodes-adultes-02.png","width":600,"height":600,"caption":"Elettrodi per adulti per il defibrillatore CU Medical I-PAD SP1"},{"@type":"BreadcrumbList","@id":"https:\/\/swixed.ch\/it\/prodotto\/sed34015\/#breadcrumb","itemListElement":[{"@type":"ListItem","position":1,"name":"Home","item":"https:\/\/swixed.ch\/it\/home\/"},{"@type":"ListItem","position":2,"name":"Negozio","item":"https:\/\/swixed.ch\/it\/shop\/"},{"@type":"ListItem","position":3,"name":"Elettrodi per adulti per defibrillatore CU Medical I-PAD SP1"}]},{"@type":"WebSite","@id":"https:\/\/swixed.ch\/it\/#website","url":"https:\/\/swixed.ch\/it\/","name":"Swixed SA","description":"Dispositivi elettronici","publisher":{"@id":"https:\/\/swixed.ch\/it\/#organization"},"potentialAction":[{"@type":"SearchAction","target":{"@type":"EntryPoint","urlTemplate":"https:\/\/swixed.ch\/it\/?s={search_term_string}"},"query-input":{"@type":"PropertyValueSpecification","valueRequired":true,"valueName":"search_term_string"}}],"inLanguage":"it-IT"},{"@type":"Organization","@id":"https:\/\/swixed.ch\/it\/#organization","name":"Swixed SA","url":"https:\/\/swixed.ch\/it\/","logo":{"@type":"ImageObject","inLanguage":"it-IT","@id":"https:\/\/swixed.ch\/it\/#\/schema\/logo\/image\/","url":"https:\/\/swixed.ch\/wp-content\/uploads\/logos\/swixed-logo-lite.png","contentUrl":"https:\/\/swixed.ch\/wp-content\/uploads\/logos\/swixed-logo-lite.png","width":696,"height":696,"caption":"Swixed SA"},"image":{"@id":"https:\/\/swixed.ch\/it\/#\/schema\/logo\/image\/"},"sameAs":["https:\/\/www.facebook.com\/swixed","https:\/\/www.linkedin.com\/company\/swixed","https:\/\/www.youtube.com\/@swixedsa"],"description":"Swixed SA est une entreprise suisse bas\u00e9e \u00e0 Gen\u00e8ve, sp\u00e9cialis\u00e9e dans la vente, la location et la maintenance d\u2019appareils m\u00e9dicaux professionnels, tels que d\u00e9fibrillateurs AED, \u00e9lectrocardiographes, moniteurs patient et dispositifs de diagnostic.","email":"infoshop@swixed.ch","telephone":"+41 22 566 11 95","legalName":"Swixed SA","foundingDate":"2021-03-01","numberOfEmployees":{"@type":"QuantitativeValue","minValue":"1","maxValue":"10"}}]}},"_links":{"self":[{"href":"https:\/\/swixed.ch\/it\/wp-json\/wp\/v2\/product\/35314","targetHints":{"allow":["GET"]}}],"collection":[{"href":"https:\/\/swixed.ch\/it\/wp-json\/wp\/v2\/product"}],"about":[{"href":"https:\/\/swixed.ch\/it\/wp-json\/wp\/v2\/types\/product"}],"version-history":[{"count":1,"href":"https:\/\/swixed.ch\/it\/wp-json\/wp\/v2\/product\/35314\/revisions"}],"predecessor-version":[{"id":62954,"href":"https:\/\/swixed.ch\/it\/wp-json\/wp\/v2\/product\/35314\/revisions\/62954"}],"wp:featuredmedia":[{"embeddable":true,"href":"https:\/\/swixed.ch\/it\/wp-json\/wp\/v2\/media\/29460"}],"wp:attachment":[{"href":"https:\/\/swixed.ch\/it\/wp-json\/wp\/v2\/media?parent=35314"}],"wp:term":[{"taxonomy":"product_brand","embeddable":true,"href":"https:\/\/swixed.ch\/it\/wp-json\/wp\/v2\/product_brand?post=35314"},{"taxonomy":"product_cat","embeddable":true,"href":"https:\/\/swixed.ch\/it\/wp-json\/wp\/v2\/product_cat?post=35314"},{"taxonomy":"product_tag","embeddable":true,"href":"https:\/\/swixed.ch\/it\/wp-json\/wp\/v2\/product_tag?post=35314"}],"curies":[{"name":"wp","href":"https:\/\/api.w.org\/{rel}","templated":true}]}}